{"id":36708,"date":"2023-12-11T13:43:55","date_gmt":"2023-12-11T12:43:55","guid":{"rendered":"https:\/\/audibax.com\/product\/at2020-producer-pack-black-and-silver-2\/"},"modified":"2023-12-27T11:58:27","modified_gmt":"2023-12-27T10:58:27","slug":"at2020-producer-pack-black-and-silver-2","status":"publish","type":"product","link":"https:\/\/audibax.com\/fr\/produit\/at2020-producer-pack-black-and-silver-2\/","title":{"rendered":"AT2020 Producer Pack Black and Silver"},"content":{"rendered":"<\/p>\n<p><strong>Audibax AT2020 Producer Pack Professional Studio Condenser Microphone<\/strong><\/strong><\/p>\n<p>L&rsquo;Audibax AT2020 est un microphone \u00e0 directivit\u00e9 cardio\u00efde id\u00e9al pour une utilisation \u00e0 domicile ;L&rsquo;Audibax AT2020 est un microphone \u00e0 directivit\u00e9 cardio\u00efde id\u00e9al pour une utilisation \u00e0 domicile, que ce soit pour l&rsquo;enregistrement de voix et d&rsquo;instruments dans le home studio, le podcasting, le jeu vid\u00e9o ou la vid\u00e9oconf\u00e9rence.<\/p>\n<p><strong>Caract\u00e9ristiques du microphone Audibax AT2020 :<\/strong><\/p>\n<ul>\n<li>C&aacute;psula : transducteur de 16 mm<\/li>\n<li>Polarisation : Cardio\u00efde<\/li>\n<li>R\u00e9ponse en fr\u00e9quence : 50Hz-20kHz<\/li>\n<li>Sensibilit\u00e9 : -43dB &#038;plusmn ; 3dB (0dB = 1V \/ Pa \u00e0 1kHz)<\/li>\n<li>Imp\u00e9dance de sortie : &lt;2.2 K&#038;Omega ; (\u00e0 1 kHz)<\/li>\n<li>Tension de fonctionnement : 1-10 V<\/li>\n<li>Max. SPL : 120dB (\u00e0 1kHz &#038;le ; 1% T.H.D)<\/li>\n<li>Rapport S\/N : 66dB<\/li>\n<li>Courant \u00e9lectrique : 3 mA<\/li>\n<li>S\u00e9rie : Producer Pack<\/li>\n<li>Finition : Noir<br \/> &nbsp;<\/li>\n<\/ul>\n<p><strong>Audibax AT2020 Producer Pack Contents :<\/strong><\/p>\n<ul>\n<ul>\n<li>1 Microphone Audibax AT2020<\/li>\n<li>1 Bonnette anti-vent en mousse<\/li>\n<li>1 Support de microphone<\/li>\n<li>1 Support de microphone<\/li>\n<li>1 Support de microphone<\/li>\n<li>Audibax AT2020.\n<li>1 Support de bureau<\/li>\n<li>1 Support anti-vibration (Spider)<\/li>\n<li>1 C\u00e2ble XLR-XLR (2.5m)<\/li>\n<li>1 Flight Case<\/li>\n<\/ul>\n<p>&nbsp;<\/p>\n<p>.<\/p>\n","protected":false},"excerpt":{"rendered":"<ul>\n<li>S\u00e9rie : Producer Pack<\/li>\n<li>Finition : Noir<\/li>\n<li>C&aacute;psula : Transducteur de 16 mm<\/li>\n<li>Polarisation : Cardio\u00efde<\/li>\n<li>R\u00e9ponse en fr\u00e9quence : 50Hz-20kHz<\/li>\n<li>Sensibilit\u00e9 : -43dB &#038;plusmn ; 3dB (0dB = 1V \/ Pa \u00e0 1kHz)<\/li>\n<li>Kit compos\u00e9 de : 1 microphone Audibax AT2020, 1 bonnette anti-vent en mousse, 1 pied de bureau, 1 pied anti-vibration (Ara&ntilde;a), 1 c\u00e2ble XLR-XLR (2.5m), 1 Flight Case<\/li>\n<\/ul>\n<\/ul>\n","protected":false},"featured_media":16484,"comment_status":"open","ping_status":"closed","template":"","meta":{"_acf_changed":false},"product_cat":[383],"product_tag":[],"class_list":{"0":"post-36708","1":"product","2":"type-product","3":"status-publish","4":"has-post-thumbnail","6":"product_cat-micros-de-studio","8":"first","9":"instock","10":"shipping-taxable","11":"product-type-simple"},"acf":[],"yoast_head":"<!-- This site is optimized with the Yoast SEO plugin v27.0 - https:\/\/yoast.com\/product\/yoast-seo-wordpress\/ -->\n<title>AT2020 Producer Pack Black and Silver - Audibax<\/title>\n<meta name=\"robots\" content=\"index, follow, max-snippet:-1, max-image-preview:large, max-video-preview:-1\" \/>\n<link rel=\"canonical\" href=\"https:\/\/audibax.com\/fr\/produit\/at2020-producer-pack-black-and-silver-2\/\" \/>\n<meta property=\"og:locale\" content=\"fr_FR\" \/>\n<meta property=\"og:type\" content=\"article\" \/>\n<meta property=\"og:title\" content=\"AT2020 Producer Pack Black and Silver - Audibax\" \/>\n<meta property=\"og:description\" content=\"S\u00e9rie : Producer Pack Finition : Noir C&aacute;psula : Transducteur de 16 mm Polarisation : Cardio\u00efde R\u00e9ponse en fr\u00e9quence : 50Hz-20kHz Sensibilit\u00e9 : -43dB &amp;plusmn ; 3dB (0dB = 1V \/ Pa \u00e0 1kHz) Kit compos\u00e9 de : 1 microphone Audibax AT2020, 1 bonnette anti-vent en mousse, 1 pied de bureau, 1 pied anti-vibration (Ara&ntilde;a), 1 c\u00e2ble XLR-XLR (2.5m), 1 Flight Case\" \/>\n<meta property=\"og:url\" content=\"https:\/\/audibax.com\/fr\/produit\/at2020-producer-pack-black-and-silver-2\/\" \/>\n<meta property=\"og:site_name\" content=\"Audibax\" \/>\n<meta property=\"article:modified_time\" content=\"2023-12-27T10:58:27+00:00\" \/>\n<meta name=\"twitter:card\" content=\"summary_large_image\" \/>\n<meta name=\"twitter:label1\" content=\"Dur\u00e9e de lecture estim\u00e9e\" \/>\n\t<meta name=\"twitter:data1\" content=\"1 minute\" \/>\n<script type=\"application\/ld+json\" class=\"yoast-schema-graph\">{\"@context\":\"https:\/\/schema.org\",\"@graph\":[{\"@type\":\"WebPage\",\"@id\":\"https:\/\/audibax.com\/fr\/produit\/at2020-producer-pack-black-and-silver-2\/\",\"url\":\"https:\/\/audibax.com\/fr\/produit\/at2020-producer-pack-black-and-silver-2\/\",\"name\":\"AT2020 Producer Pack Black and Silver - Audibax\",\"isPartOf\":{\"@id\":\"https:\/\/audibax.com\/fr\/#website\"},\"primaryImageOfPage\":{\"@id\":\"https:\/\/audibax.com\/fr\/produit\/at2020-producer-pack-black-and-silver-2\/#primaryimage\"},\"image\":{\"@id\":\"https:\/\/audibax.com\/fr\/produit\/at2020-producer-pack-black-and-silver-2\/#primaryimage\"},\"thumbnailUrl\":\"https:\/\/audibax.com\/wp-content\/uploads\/2023\/12\/at2020_producer_pack_audibax_oferta.png\",\"datePublished\":\"2023-12-11T12:43:55+00:00\",\"dateModified\":\"2023-12-27T10:58:27+00:00\",\"breadcrumb\":{\"@id\":\"https:\/\/audibax.com\/fr\/produit\/at2020-producer-pack-black-and-silver-2\/#breadcrumb\"},\"inLanguage\":\"fr-FR\",\"potentialAction\":[{\"@type\":\"ReadAction\",\"target\":[\"https:\/\/audibax.com\/fr\/produit\/at2020-producer-pack-black-and-silver-2\/\"]}]},{\"@type\":\"ImageObject\",\"inLanguage\":\"fr-FR\",\"@id\":\"https:\/\/audibax.com\/fr\/produit\/at2020-producer-pack-black-and-silver-2\/#primaryimage\",\"url\":\"https:\/\/audibax.com\/wp-content\/uploads\/2023\/12\/at2020_producer_pack_audibax_oferta.png\",\"contentUrl\":\"https:\/\/audibax.com\/wp-content\/uploads\/2023\/12\/at2020_producer_pack_audibax_oferta.png\",\"width\":1500,\"height\":1231},{\"@type\":\"BreadcrumbList\",\"@id\":\"https:\/\/audibax.com\/fr\/produit\/at2020-producer-pack-black-and-silver-2\/#breadcrumb\",\"itemListElement\":[{\"@type\":\"ListItem\",\"position\":1,\"name\":\"Portada\",\"item\":\"https:\/\/audibax.com\/fr\/\"},{\"@type\":\"ListItem\",\"position\":2,\"name\":\"Produits\",\"item\":\"https:\/\/audibax.com\/fr\/shop\/\"},{\"@type\":\"ListItem\",\"position\":3,\"name\":\"AT2020 Producer Pack Black and Silver\"}]},{\"@type\":\"WebSite\",\"@id\":\"https:\/\/audibax.com\/fr\/#website\",\"url\":\"https:\/\/audibax.com\/fr\/\",\"name\":\"Audibax\",\"description\":\"\",\"publisher\":{\"@id\":\"https:\/\/audibax.com\/fr\/#organization\"},\"potentialAction\":[{\"@type\":\"SearchAction\",\"target\":{\"@type\":\"EntryPoint\",\"urlTemplate\":\"https:\/\/audibax.com\/fr\/?s={search_term_string}\"},\"query-input\":{\"@type\":\"PropertyValueSpecification\",\"valueRequired\":true,\"valueName\":\"search_term_string\"}}],\"inLanguage\":\"fr-FR\"},{\"@type\":\"Organization\",\"@id\":\"https:\/\/audibax.com\/fr\/#organization\",\"name\":\"Audibax\",\"url\":\"https:\/\/audibax.com\/fr\/\",\"logo\":{\"@type\":\"ImageObject\",\"inLanguage\":\"fr-FR\",\"@id\":\"https:\/\/audibax.com\/fr\/#\/schema\/logo\/image\/\",\"url\":\"https:\/\/audibax.com\/wp-content\/uploads\/2023\/09\/logo-Audibax-BLANCO-SVG-1.svg\",\"contentUrl\":\"https:\/\/audibax.com\/wp-content\/uploads\/2023\/09\/logo-Audibax-BLANCO-SVG-1.svg\",\"caption\":\"Audibax\"},\"image\":{\"@id\":\"https:\/\/audibax.com\/fr\/#\/schema\/logo\/image\/\"}}]}<\/script>\n<!-- \/ Yoast SEO plugin. -->","yoast_head_json":{"title":"AT2020 Producer Pack Black and Silver - Audibax","robots":{"index":"index","follow":"follow","max-snippet":"max-snippet:-1","max-image-preview":"max-image-preview:large","max-video-preview":"max-video-preview:-1"},"canonical":"https:\/\/audibax.com\/fr\/produit\/at2020-producer-pack-black-and-silver-2\/","og_locale":"fr_FR","og_type":"article","og_title":"AT2020 Producer Pack Black and Silver - Audibax","og_description":"S\u00e9rie : Producer Pack Finition : Noir C&aacute;psula : Transducteur de 16 mm Polarisation : Cardio\u00efde R\u00e9ponse en fr\u00e9quence : 50Hz-20kHz Sensibilit\u00e9 : -43dB &plusmn ; 3dB (0dB = 1V \/ Pa \u00e0 1kHz) Kit compos\u00e9 de : 1 microphone Audibax AT2020, 1 bonnette anti-vent en mousse, 1 pied de bureau, 1 pied anti-vibration (Ara&ntilde;a), 1 c\u00e2ble XLR-XLR (2.5m), 1 Flight Case","og_url":"https:\/\/audibax.com\/fr\/produit\/at2020-producer-pack-black-and-silver-2\/","og_site_name":"Audibax","article_modified_time":"2023-12-27T10:58:27+00:00","twitter_card":"summary_large_image","twitter_misc":{"Dur\u00e9e de lecture estim\u00e9e":"1 minute"},"schema":{"@context":"https:\/\/schema.org","@graph":[{"@type":"WebPage","@id":"https:\/\/audibax.com\/fr\/produit\/at2020-producer-pack-black-and-silver-2\/","url":"https:\/\/audibax.com\/fr\/produit\/at2020-producer-pack-black-and-silver-2\/","name":"AT2020 Producer Pack Black and Silver - Audibax","isPartOf":{"@id":"https:\/\/audibax.com\/fr\/#website"},"primaryImageOfPage":{"@id":"https:\/\/audibax.com\/fr\/produit\/at2020-producer-pack-black-and-silver-2\/#primaryimage"},"image":{"@id":"https:\/\/audibax.com\/fr\/produit\/at2020-producer-pack-black-and-silver-2\/#primaryimage"},"thumbnailUrl":"https:\/\/audibax.com\/wp-content\/uploads\/2023\/12\/at2020_producer_pack_audibax_oferta.png","datePublished":"2023-12-11T12:43:55+00:00","dateModified":"2023-12-27T10:58:27+00:00","breadcrumb":{"@id":"https:\/\/audibax.com\/fr\/produit\/at2020-producer-pack-black-and-silver-2\/#breadcrumb"},"inLanguage":"fr-FR","potentialAction":[{"@type":"ReadAction","target":["https:\/\/audibax.com\/fr\/produit\/at2020-producer-pack-black-and-silver-2\/"]}]},{"@type":"ImageObject","inLanguage":"fr-FR","@id":"https:\/\/audibax.com\/fr\/produit\/at2020-producer-pack-black-and-silver-2\/#primaryimage","url":"https:\/\/audibax.com\/wp-content\/uploads\/2023\/12\/at2020_producer_pack_audibax_oferta.png","contentUrl":"https:\/\/audibax.com\/wp-content\/uploads\/2023\/12\/at2020_producer_pack_audibax_oferta.png","width":1500,"height":1231},{"@type":"BreadcrumbList","@id":"https:\/\/audibax.com\/fr\/produit\/at2020-producer-pack-black-and-silver-2\/#breadcrumb","itemListElement":[{"@type":"ListItem","position":1,"name":"Portada","item":"https:\/\/audibax.com\/fr\/"},{"@type":"ListItem","position":2,"name":"Produits","item":"https:\/\/audibax.com\/fr\/shop\/"},{"@type":"ListItem","position":3,"name":"AT2020 Producer Pack Black and Silver"}]},{"@type":"WebSite","@id":"https:\/\/audibax.com\/fr\/#website","url":"https:\/\/audibax.com\/fr\/","name":"Audibax","description":"","publisher":{"@id":"https:\/\/audibax.com\/fr\/#organization"},"potentialAction":[{"@type":"SearchAction","target":{"@type":"EntryPoint","urlTemplate":"https:\/\/audibax.com\/fr\/?s={search_term_string}"},"query-input":{"@type":"PropertyValueSpecification","valueRequired":true,"valueName":"search_term_string"}}],"inLanguage":"fr-FR"},{"@type":"Organization","@id":"https:\/\/audibax.com\/fr\/#organization","name":"Audibax","url":"https:\/\/audibax.com\/fr\/","logo":{"@type":"ImageObject","inLanguage":"fr-FR","@id":"https:\/\/audibax.com\/fr\/#\/schema\/logo\/image\/","url":"https:\/\/audibax.com\/wp-content\/uploads\/2023\/09\/logo-Audibax-BLANCO-SVG-1.svg","contentUrl":"https:\/\/audibax.com\/wp-content\/uploads\/2023\/09\/logo-Audibax-BLANCO-SVG-1.svg","caption":"Audibax"},"image":{"@id":"https:\/\/audibax.com\/fr\/#\/schema\/logo\/image\/"}}]}},"_links":{"self":[{"href":"https:\/\/audibax.com\/fr\/wp-json\/wp\/v2\/product\/36708","targetHints":{"allow":["GET"]}}],"collection":[{"href":"https:\/\/audibax.com\/fr\/wp-json\/wp\/v2\/product"}],"about":[{"href":"https:\/\/audibax.com\/fr\/wp-json\/wp\/v2\/types\/product"}],"replies":[{"embeddable":true,"href":"https:\/\/audibax.com\/fr\/wp-json\/wp\/v2\/comments?post=36708"}],"wp:featuredmedia":[{"embeddable":true,"href":"https:\/\/audibax.com\/fr\/wp-json\/wp\/v2\/media\/16484"}],"wp:attachment":[{"href":"https:\/\/audibax.com\/fr\/wp-json\/wp\/v2\/media?parent=36708"}],"wp:term":[{"taxonomy":"product_cat","embeddable":true,"href":"https:\/\/audibax.com\/fr\/wp-json\/wp\/v2\/product_cat?post=36708"},{"taxonomy":"product_tag","embeddable":true,"href":"https:\/\/audibax.com\/fr\/wp-json\/wp\/v2\/product_tag?post=36708"}],"curies":[{"name":"wp","href":"https:\/\/api.w.org\/{rel}","templated":true}]}}