{"id":36703,"date":"2023-12-27T11:58:22","date_gmt":"2023-12-27T10:58:22","guid":{"rendered":"https:\/\/audibax.com\/product\/the-shield-black-2\/"},"modified":"2023-12-27T11:58:22","modified_gmt":"2023-12-27T10:58:22","slug":"the-shield-black-2","status":"publish","type":"product","link":"https:\/\/audibax.com\/fr\/produit\/the-shield-black-2\/","title":{"rendered":"The Shield Black"},"content":{"rendered":"<p><Le <strong>Audibax The Shield<\/strong> est un micro anti-pop pour les microphones dynamiques et \u00e0 condensateur. Gr\u00e2ce \u00e0 sa conception unique de bouclier, en plus d&rsquo;\u00e9viter les sons explosifs dans nos enregistrements, il r\u00e9duit \u00e9galement les r\u00e9flexions qui peuvent venir des c\u00f4t\u00e9s, ce qui permet d&rsquo;obtenir des enregistrements plus propres et plus nets pour faciliter l&rsquo;\u00e9dition par la suite. <\/p>\n<p>Le <strong>Audibax The Shield<\/strong> s&rsquo;installe facilement sur n&rsquo;importe quel pied de micro ou sur une surface plane telle qu&rsquo;une table gr\u00e2ce \u00e0 sa pince, qui dispose d&rsquo;un caoutchouc de protection pour \u00e9viter de rayer la surface o\u00f9 il est install\u00e9.<\/p>\n<p>Le flexo nous permet de placer l&rsquo;antipop dans presque toutes les positions imaginables.<\/p>\n<p>Le <strong>Audibax The Shield<\/strong> donnera \u00e0 votre studio un look moderne et exclusif tout en faisant progresser vos enregistrements de mani\u00e8re exponentielle. <\/p>\n<p>Id\u00e9al pour les studios d&rsquo;enregistrement et de podcast.<\/p>\n<p>Sp\u00e9cifications :<\/p>\n<ul>\n<li>Filtre anti-pop<\/li>\n<li>V&aacute;lido pour microphones \u00e0 condensateur ou dynamiques<\/li>\n<li>Finition noire<\/li>\n<li>Finition noire<\/li>\n<li>Finition noire<\/li>\n<li>Tout autour de la finition noire<\/li>\n<li>Finition noire<\/li>\n<li>Noir.li>Finition noire<\/li>\n<li>Petite taille<\/li>\n<li>Conception exclusive en forme de bouclier<\/li>\n<li>Protection frontale et lat\u00e9rale<\/li>\n<li>Petite taille<\/li>\n<li>Petite taille<\/li>\n<li>Petite taille<\/li>\n<li>Petite taille<\/li>\n<li>Protection frontale et lat\u00e9raleProtection frontale et lat\u00e9rale<\/li>\n<li>Flexible et facile \u00e0 installer<\/li>\n<li>Clip avec protection en caoutchouc<\/li>\n<li>Flexible et facile \u00e0 installer<\/li>\n<li>Flexible et facile \u00e0 installer<\/li>\n<li>Flexible et facile \u00e0 installer<\/li>\n<li>Flexible et facile \u00e0 installer<\/li>\n<li>Clip avec protection en caoutchouc<\/li>\n<li>Flexible et facile \u00e0 installer<\/li>\n<li>Flexible et facile \u00e0 installer<\/li>\n<li>Flexible et facile \u00e0 installer<\/li>\n<li>Flexible et facile \u00e0 installer\n<li>S&rsquo;installe sur pratiquement n&rsquo;importe quelle surface<\/li>\n<li>Id\u00e9al pour les studios d&rsquo;enregistrement et de baladodiffusion<\/li>\n<\/ul>\n<li>Id\u00e9al pour les studios d&rsquo;enregistrement et de baladodiffusion<\/li>\n<\/ul>\n<\/ul>\n","protected":false},"excerpt":{"rendered":"<ul>\n<li>Filtre anti-pop<\/li>\n<li>V&aacute;lido pour microphones \u00e0 condensateur ou dynamiques<\/li>\n<li>Finition noire<\/li>\n<li>Petite taille ;\n<li>Petite taille<\/li>\n<li>Conception exclusive du bouclier<\/li>\n<li>Protection frontale et lat\u00e9rale<\/li>\n<li>Flexible et facile \u00e0 installer<\/li>\n<\/ul>\n<\/ul>\n","protected":false},"featured_media":17849,"comment_status":"open","ping_status":"closed","template":"","meta":{"_acf_changed":false},"product_cat":[383,243],"product_tag":[],"class_list":{"0":"post-36703","1":"product","2":"type-product","3":"status-publish","4":"has-post-thumbnail","6":"product_cat-micros-de-studio","7":"product_cat-uncategorized","9":"first","10":"instock","11":"shipping-taxable","12":"product-type-simple"},"acf":[],"yoast_head":"<!-- This site is optimized with the Yoast SEO plugin v27.0 - https:\/\/yoast.com\/product\/yoast-seo-wordpress\/ -->\n<title>The Shield Black - Audibax<\/title>\n<meta name=\"robots\" content=\"index, follow, max-snippet:-1, max-image-preview:large, max-video-preview:-1\" \/>\n<link rel=\"canonical\" href=\"https:\/\/audibax.com\/fr\/produit\/the-shield-black-2\/\" \/>\n<meta property=\"og:locale\" content=\"fr_FR\" \/>\n<meta property=\"og:type\" content=\"article\" \/>\n<meta property=\"og:title\" content=\"The Shield Black - Audibax\" \/>\n<meta property=\"og:description\" content=\"Filtre anti-pop V&aacute;lido pour microphones \u00e0 condensateur ou dynamiques Finition noire Petite taille ;Petite taille Conception exclusive du bouclier Protection frontale et lat\u00e9rale Flexible et facile \u00e0 installer\" \/>\n<meta property=\"og:url\" content=\"https:\/\/audibax.com\/fr\/produit\/the-shield-black-2\/\" \/>\n<meta property=\"og:site_name\" content=\"Audibax\" \/>\n<meta name=\"twitter:card\" content=\"summary_large_image\" \/>\n<script type=\"application\/ld+json\" class=\"yoast-schema-graph\">{\"@context\":\"https:\/\/schema.org\",\"@graph\":[{\"@type\":\"WebPage\",\"@id\":\"https:\/\/audibax.com\/fr\/produit\/the-shield-black-2\/\",\"url\":\"https:\/\/audibax.com\/fr\/produit\/the-shield-black-2\/\",\"name\":\"The Shield Black - Audibax\",\"isPartOf\":{\"@id\":\"https:\/\/audibax.com\/fr\/#website\"},\"primaryImageOfPage\":{\"@id\":\"https:\/\/audibax.com\/fr\/produit\/the-shield-black-2\/#primaryimage\"},\"image\":{\"@id\":\"https:\/\/audibax.com\/fr\/produit\/the-shield-black-2\/#primaryimage\"},\"thumbnailUrl\":\"https:\/\/audibax.com\/wp-content\/uploads\/2023\/12\/audibax-the-shield-filtro-antipop-studio.jpg\",\"datePublished\":\"2023-12-27T10:58:22+00:00\",\"breadcrumb\":{\"@id\":\"https:\/\/audibax.com\/fr\/produit\/the-shield-black-2\/#breadcrumb\"},\"inLanguage\":\"fr-FR\",\"potentialAction\":[{\"@type\":\"ReadAction\",\"target\":[\"https:\/\/audibax.com\/fr\/produit\/the-shield-black-2\/\"]}]},{\"@type\":\"ImageObject\",\"inLanguage\":\"fr-FR\",\"@id\":\"https:\/\/audibax.com\/fr\/produit\/the-shield-black-2\/#primaryimage\",\"url\":\"https:\/\/audibax.com\/wp-content\/uploads\/2023\/12\/audibax-the-shield-filtro-antipop-studio.jpg\",\"contentUrl\":\"https:\/\/audibax.com\/wp-content\/uploads\/2023\/12\/audibax-the-shield-filtro-antipop-studio.jpg\",\"width\":1833,\"height\":2500},{\"@type\":\"BreadcrumbList\",\"@id\":\"https:\/\/audibax.com\/fr\/produit\/the-shield-black-2\/#breadcrumb\",\"itemListElement\":[{\"@type\":\"ListItem\",\"position\":1,\"name\":\"Portada\",\"item\":\"https:\/\/audibax.com\/fr\/\"},{\"@type\":\"ListItem\",\"position\":2,\"name\":\"Produits\",\"item\":\"https:\/\/audibax.com\/fr\/shop\/\"},{\"@type\":\"ListItem\",\"position\":3,\"name\":\"The Shield Black\"}]},{\"@type\":\"WebSite\",\"@id\":\"https:\/\/audibax.com\/fr\/#website\",\"url\":\"https:\/\/audibax.com\/fr\/\",\"name\":\"Audibax\",\"description\":\"\",\"publisher\":{\"@id\":\"https:\/\/audibax.com\/fr\/#organization\"},\"potentialAction\":[{\"@type\":\"SearchAction\",\"target\":{\"@type\":\"EntryPoint\",\"urlTemplate\":\"https:\/\/audibax.com\/fr\/?s={search_term_string}\"},\"query-input\":{\"@type\":\"PropertyValueSpecification\",\"valueRequired\":true,\"valueName\":\"search_term_string\"}}],\"inLanguage\":\"fr-FR\"},{\"@type\":\"Organization\",\"@id\":\"https:\/\/audibax.com\/fr\/#organization\",\"name\":\"Audibax\",\"url\":\"https:\/\/audibax.com\/fr\/\",\"logo\":{\"@type\":\"ImageObject\",\"inLanguage\":\"fr-FR\",\"@id\":\"https:\/\/audibax.com\/fr\/#\/schema\/logo\/image\/\",\"url\":\"https:\/\/audibax.com\/wp-content\/uploads\/2023\/09\/logo-Audibax-BLANCO-SVG-1.svg\",\"contentUrl\":\"https:\/\/audibax.com\/wp-content\/uploads\/2023\/09\/logo-Audibax-BLANCO-SVG-1.svg\",\"caption\":\"Audibax\"},\"image\":{\"@id\":\"https:\/\/audibax.com\/fr\/#\/schema\/logo\/image\/\"}}]}<\/script>\n<!-- \/ Yoast SEO plugin. -->","yoast_head_json":{"title":"The Shield Black - Audibax","robots":{"index":"index","follow":"follow","max-snippet":"max-snippet:-1","max-image-preview":"max-image-preview:large","max-video-preview":"max-video-preview:-1"},"canonical":"https:\/\/audibax.com\/fr\/produit\/the-shield-black-2\/","og_locale":"fr_FR","og_type":"article","og_title":"The Shield Black - Audibax","og_description":"Filtre anti-pop V&aacute;lido pour microphones \u00e0 condensateur ou dynamiques Finition noire Petite taille ;Petite taille Conception exclusive du bouclier Protection frontale et lat\u00e9rale Flexible et facile \u00e0 installer","og_url":"https:\/\/audibax.com\/fr\/produit\/the-shield-black-2\/","og_site_name":"Audibax","twitter_card":"summary_large_image","schema":{"@context":"https:\/\/schema.org","@graph":[{"@type":"WebPage","@id":"https:\/\/audibax.com\/fr\/produit\/the-shield-black-2\/","url":"https:\/\/audibax.com\/fr\/produit\/the-shield-black-2\/","name":"The Shield Black - Audibax","isPartOf":{"@id":"https:\/\/audibax.com\/fr\/#website"},"primaryImageOfPage":{"@id":"https:\/\/audibax.com\/fr\/produit\/the-shield-black-2\/#primaryimage"},"image":{"@id":"https:\/\/audibax.com\/fr\/produit\/the-shield-black-2\/#primaryimage"},"thumbnailUrl":"https:\/\/audibax.com\/wp-content\/uploads\/2023\/12\/audibax-the-shield-filtro-antipop-studio.jpg","datePublished":"2023-12-27T10:58:22+00:00","breadcrumb":{"@id":"https:\/\/audibax.com\/fr\/produit\/the-shield-black-2\/#breadcrumb"},"inLanguage":"fr-FR","potentialAction":[{"@type":"ReadAction","target":["https:\/\/audibax.com\/fr\/produit\/the-shield-black-2\/"]}]},{"@type":"ImageObject","inLanguage":"fr-FR","@id":"https:\/\/audibax.com\/fr\/produit\/the-shield-black-2\/#primaryimage","url":"https:\/\/audibax.com\/wp-content\/uploads\/2023\/12\/audibax-the-shield-filtro-antipop-studio.jpg","contentUrl":"https:\/\/audibax.com\/wp-content\/uploads\/2023\/12\/audibax-the-shield-filtro-antipop-studio.jpg","width":1833,"height":2500},{"@type":"BreadcrumbList","@id":"https:\/\/audibax.com\/fr\/produit\/the-shield-black-2\/#breadcrumb","itemListElement":[{"@type":"ListItem","position":1,"name":"Portada","item":"https:\/\/audibax.com\/fr\/"},{"@type":"ListItem","position":2,"name":"Produits","item":"https:\/\/audibax.com\/fr\/shop\/"},{"@type":"ListItem","position":3,"name":"The Shield Black"}]},{"@type":"WebSite","@id":"https:\/\/audibax.com\/fr\/#website","url":"https:\/\/audibax.com\/fr\/","name":"Audibax","description":"","publisher":{"@id":"https:\/\/audibax.com\/fr\/#organization"},"potentialAction":[{"@type":"SearchAction","target":{"@type":"EntryPoint","urlTemplate":"https:\/\/audibax.com\/fr\/?s={search_term_string}"},"query-input":{"@type":"PropertyValueSpecification","valueRequired":true,"valueName":"search_term_string"}}],"inLanguage":"fr-FR"},{"@type":"Organization","@id":"https:\/\/audibax.com\/fr\/#organization","name":"Audibax","url":"https:\/\/audibax.com\/fr\/","logo":{"@type":"ImageObject","inLanguage":"fr-FR","@id":"https:\/\/audibax.com\/fr\/#\/schema\/logo\/image\/","url":"https:\/\/audibax.com\/wp-content\/uploads\/2023\/09\/logo-Audibax-BLANCO-SVG-1.svg","contentUrl":"https:\/\/audibax.com\/wp-content\/uploads\/2023\/09\/logo-Audibax-BLANCO-SVG-1.svg","caption":"Audibax"},"image":{"@id":"https:\/\/audibax.com\/fr\/#\/schema\/logo\/image\/"}}]}},"_links":{"self":[{"href":"https:\/\/audibax.com\/fr\/wp-json\/wp\/v2\/product\/36703","targetHints":{"allow":["GET"]}}],"collection":[{"href":"https:\/\/audibax.com\/fr\/wp-json\/wp\/v2\/product"}],"about":[{"href":"https:\/\/audibax.com\/fr\/wp-json\/wp\/v2\/types\/product"}],"replies":[{"embeddable":true,"href":"https:\/\/audibax.com\/fr\/wp-json\/wp\/v2\/comments?post=36703"}],"wp:featuredmedia":[{"embeddable":true,"href":"https:\/\/audibax.com\/fr\/wp-json\/wp\/v2\/media\/17849"}],"wp:attachment":[{"href":"https:\/\/audibax.com\/fr\/wp-json\/wp\/v2\/media?parent=36703"}],"wp:term":[{"taxonomy":"product_cat","embeddable":true,"href":"https:\/\/audibax.com\/fr\/wp-json\/wp\/v2\/product_cat?post=36703"},{"taxonomy":"product_tag","embeddable":true,"href":"https:\/\/audibax.com\/fr\/wp-json\/wp\/v2\/product_tag?post=36703"}],"curies":[{"name":"wp","href":"https:\/\/api.w.org\/{rel}","templated":true}]}}