{"id":36700,"date":"2023-12-11T13:43:22","date_gmt":"2023-12-11T12:43:22","guid":{"rendered":"https:\/\/audibax.com\/product\/mic-900-black-2\/"},"modified":"2023-12-27T11:58:19","modified_gmt":"2023-12-27T10:58:19","slug":"mic-900-black-2","status":"publish","type":"product","link":"https:\/\/audibax.com\/fr\/produit\/mic-900-black-2\/","title":{"rendered":"Mic 900 Black"},"content":{"rendered":"<\/p>\n<p><strong>Audibax MIC900 Studio Microphone Pack with carrying case<\/strong><\/strong><\/p>\n<p>Le <strong>MIC900 Black<\/strong> est l&rsquo;alli\u00e9 parfait pour tout sc\u00e9nario d&rsquo;enregistrement ! Ce microphone \u00e0 condensateur de qualit\u00e9 professionnelle est con\u00e7u pour capturer les sons avec beaucoup de r\u00e9alisme, de sensibilit\u00e9 et de pr\u00e9cision.<\/p>\n<p>En raison de sa r\u00e9ponse en fr\u00e9quence \u00e9tendue et de sa configuration cardio\u00efde, le microphone MIC900 Black est capable de capturer beaucoup plus de d\u00e9tails que n&rsquo;importe quel autre microphone, ainsi que de capturer le son de votre source sonore pr\u00e9f\u00e9r\u00e9e ; Il capture \u00e9galement le signal de la source principale tout en rejetant et en \u00e9liminant tout son hors axe, ce qui permet une transmission sans bruit et fournit le son le plus transparent et le plus ouvert.<\/Il est \u00e9galement id\u00e9al pour la diffusion et le renforcement du son. Gr\u00e2ce \u00e0 son corps robuste en m\u00e9tal moul\u00e9 sous pression, il est capable de r\u00e9sister aux rigueurs de tous vos marathons d'enregistrement.Il est livr\u00e9 avec un pied araign\u00e9e robuste, une bonnette et une mallette de transport pour garantir que votre microphone voyage toujours de la mani\u00e8re la plus s\u00fbre possible. Le MIC900 Black est un choix abordable, de haute qualit\u00e9 et polyvalent pour les applications live et d'enregistrement, et il est s\u00fbr de devenir votre micro de studio pr\u00e9f\u00e9r\u00e9, alors n'h\u00e9sitez pas et achetez le v\u00f4tre !<\/p>\n<p>&nbsp;<\/p>\n<h2>Caract\u00e9ristiques techniques<\/h2>\n<p>&nbsp;<\/p>\n<ul>\n<li>Type : Microphone \u00e0 condensateur FET haute performance<\/li>\n<li>Dimensions du micro : 5cm (profondeur) x 4.5cm (largeur) x 15cm (hauteur)<\/li>\n<li>C&aacute;psula : Grands diaphragmes dor\u00e9s de 32mm<\/li>\n<li>Polarisation : cardio\u00efde<\/li>\n<li>Gamme de fr\u00e9quences : 20HZ-20KHZ<\/li>\n<li>Sensibilit\u00e9:-36dB<span style=\"colour:rgb(34, 34, 34, 34) ; font-family :arial,sans-serif ; font-size:16px\">&plusmn;<\/span>2dB<\/li>\n<li>Imp\u00e9dance de sortie : <span style=\"colour :rgb(34, 34, 34, 34) ; font-family:arial,sans-serif ; font-size:14px\">&le;<\/span>200Ohm<\/li>\n<li>Niveau de bruit \u00e9quivalent : 20dB<\/li>\n<li>M&aacute;ximum SPL : 125dB<\/li>\n<li>Connecteur : XLR 3 broches<\/li>\n<li>Alimentation requise : Alimentation fant\u00f4me 48V<\/li>\n<\/ul>\n<p>&nbsp;<\/p>\n<h2>Contenu du pack<\/h2>\n<ul>\n<li>1 Mic&#038;oacute ;fono Estudio Condensador Cardioide<\/li>\n<li>Suspenseur<\/li>\n<li>\u00c9cran anti-vent<\/li>\n<li>Adaptateur pour pied<\/li>\n<li>\u00c9tui renforc\u00e9<\/li>\n<\/ul>\n","protected":false},"excerpt":{"rendered":"<ul>\n<li>1 Microphone de studio \u00e0 condensateur cardio\u00efde<\/li>\n<li>Suspension<\/li>\n<li>Bouclier<\/li>\n<li>Adaptateur de pied<\/li>\n<li>Bo\u00eetier de transport renforc\u00e9<\/li>\n<\/ul>\n<li>Bo\u00eetier de transport renforc\u00e9\n<li>Bouclier<\/li>\n<li>Adaptateur de pied<\/li>\n<li>Bo\u00eetier de transport renforc\u00e9<\/li>\n<\/ul>\n<\/ul>\n","protected":false},"featured_media":17321,"comment_status":"open","ping_status":"closed","template":"","meta":{"_acf_changed":false},"product_cat":[383],"product_tag":[],"class_list":{"0":"post-36700","1":"product","2":"type-product","3":"status-publish","4":"has-post-thumbnail","6":"product_cat-micros-de-studio","8":"first","9":"instock","10":"shipping-taxable","11":"product-type-simple"},"acf":[],"yoast_head":"<!-- This site is optimized with the Yoast SEO plugin v27.0 - https:\/\/yoast.com\/product\/yoast-seo-wordpress\/ -->\n<title>Mic 900 Black - Audibax<\/title>\n<meta name=\"robots\" content=\"index, follow, max-snippet:-1, max-image-preview:large, max-video-preview:-1\" \/>\n<link rel=\"canonical\" href=\"https:\/\/audibax.com\/fr\/produit\/mic-900-black-2\/\" \/>\n<meta property=\"og:locale\" content=\"fr_FR\" \/>\n<meta property=\"og:type\" content=\"article\" \/>\n<meta property=\"og:title\" content=\"Mic 900 Black - Audibax\" \/>\n<meta property=\"og:description\" content=\"1 Microphone de studio \u00e0 condensateur cardio\u00efde Suspension Bouclier Adaptateur de pied Bo\u00eetier de transport renforc\u00e9 Bo\u00eetier de transport renforc\u00e9 Bouclier Adaptateur de pied Bo\u00eetier de transport renforc\u00e9\" \/>\n<meta property=\"og:url\" content=\"https:\/\/audibax.com\/fr\/produit\/mic-900-black-2\/\" \/>\n<meta property=\"og:site_name\" content=\"Audibax\" \/>\n<meta property=\"article:modified_time\" content=\"2023-12-27T10:58:19+00:00\" \/>\n<meta name=\"twitter:card\" content=\"summary_large_image\" \/>\n<meta name=\"twitter:label1\" content=\"Dur\u00e9e de lecture estim\u00e9e\" \/>\n\t<meta name=\"twitter:data1\" content=\"1 minute\" \/>\n<script type=\"application\/ld+json\" class=\"yoast-schema-graph\">{\"@context\":\"https:\/\/schema.org\",\"@graph\":[{\"@type\":\"WebPage\",\"@id\":\"https:\/\/audibax.com\/fr\/produit\/mic-900-black-2\/\",\"url\":\"https:\/\/audibax.com\/fr\/produit\/mic-900-black-2\/\",\"name\":\"Mic 900 Black - Audibax\",\"isPartOf\":{\"@id\":\"https:\/\/audibax.com\/fr\/#website\"},\"primaryImageOfPage\":{\"@id\":\"https:\/\/audibax.com\/fr\/produit\/mic-900-black-2\/#primaryimage\"},\"image\":{\"@id\":\"https:\/\/audibax.com\/fr\/produit\/mic-900-black-2\/#primaryimage\"},\"thumbnailUrl\":\"https:\/\/audibax.com\/wp-content\/uploads\/2023\/12\/audibax-mic900-black-comprar.png\",\"datePublished\":\"2023-12-11T12:43:22+00:00\",\"dateModified\":\"2023-12-27T10:58:19+00:00\",\"breadcrumb\":{\"@id\":\"https:\/\/audibax.com\/fr\/produit\/mic-900-black-2\/#breadcrumb\"},\"inLanguage\":\"fr-FR\",\"potentialAction\":[{\"@type\":\"ReadAction\",\"target\":[\"https:\/\/audibax.com\/fr\/produit\/mic-900-black-2\/\"]}]},{\"@type\":\"ImageObject\",\"inLanguage\":\"fr-FR\",\"@id\":\"https:\/\/audibax.com\/fr\/produit\/mic-900-black-2\/#primaryimage\",\"url\":\"https:\/\/audibax.com\/wp-content\/uploads\/2023\/12\/audibax-mic900-black-comprar.png\",\"contentUrl\":\"https:\/\/audibax.com\/wp-content\/uploads\/2023\/12\/audibax-mic900-black-comprar.png\",\"width\":1500,\"height\":1026},{\"@type\":\"BreadcrumbList\",\"@id\":\"https:\/\/audibax.com\/fr\/produit\/mic-900-black-2\/#breadcrumb\",\"itemListElement\":[{\"@type\":\"ListItem\",\"position\":1,\"name\":\"Portada\",\"item\":\"https:\/\/audibax.com\/fr\/\"},{\"@type\":\"ListItem\",\"position\":2,\"name\":\"Produits\",\"item\":\"https:\/\/audibax.com\/fr\/shop\/\"},{\"@type\":\"ListItem\",\"position\":3,\"name\":\"Mic 900 Black\"}]},{\"@type\":\"WebSite\",\"@id\":\"https:\/\/audibax.com\/fr\/#website\",\"url\":\"https:\/\/audibax.com\/fr\/\",\"name\":\"Audibax\",\"description\":\"\",\"publisher\":{\"@id\":\"https:\/\/audibax.com\/fr\/#organization\"},\"potentialAction\":[{\"@type\":\"SearchAction\",\"target\":{\"@type\":\"EntryPoint\",\"urlTemplate\":\"https:\/\/audibax.com\/fr\/?s={search_term_string}\"},\"query-input\":{\"@type\":\"PropertyValueSpecification\",\"valueRequired\":true,\"valueName\":\"search_term_string\"}}],\"inLanguage\":\"fr-FR\"},{\"@type\":\"Organization\",\"@id\":\"https:\/\/audibax.com\/fr\/#organization\",\"name\":\"Audibax\",\"url\":\"https:\/\/audibax.com\/fr\/\",\"logo\":{\"@type\":\"ImageObject\",\"inLanguage\":\"fr-FR\",\"@id\":\"https:\/\/audibax.com\/fr\/#\/schema\/logo\/image\/\",\"url\":\"https:\/\/audibax.com\/wp-content\/uploads\/2023\/09\/logo-Audibax-BLANCO-SVG-1.svg\",\"contentUrl\":\"https:\/\/audibax.com\/wp-content\/uploads\/2023\/09\/logo-Audibax-BLANCO-SVG-1.svg\",\"caption\":\"Audibax\"},\"image\":{\"@id\":\"https:\/\/audibax.com\/fr\/#\/schema\/logo\/image\/\"}}]}<\/script>\n<!-- \/ Yoast SEO plugin. -->","yoast_head_json":{"title":"Mic 900 Black - Audibax","robots":{"index":"index","follow":"follow","max-snippet":"max-snippet:-1","max-image-preview":"max-image-preview:large","max-video-preview":"max-video-preview:-1"},"canonical":"https:\/\/audibax.com\/fr\/produit\/mic-900-black-2\/","og_locale":"fr_FR","og_type":"article","og_title":"Mic 900 Black - Audibax","og_description":"1 Microphone de studio \u00e0 condensateur cardio\u00efde Suspension Bouclier Adaptateur de pied Bo\u00eetier de transport renforc\u00e9 Bo\u00eetier de transport renforc\u00e9 Bouclier Adaptateur de pied Bo\u00eetier de transport renforc\u00e9","og_url":"https:\/\/audibax.com\/fr\/produit\/mic-900-black-2\/","og_site_name":"Audibax","article_modified_time":"2023-12-27T10:58:19+00:00","twitter_card":"summary_large_image","twitter_misc":{"Dur\u00e9e de lecture estim\u00e9e":"1 minute"},"schema":{"@context":"https:\/\/schema.org","@graph":[{"@type":"WebPage","@id":"https:\/\/audibax.com\/fr\/produit\/mic-900-black-2\/","url":"https:\/\/audibax.com\/fr\/produit\/mic-900-black-2\/","name":"Mic 900 Black - Audibax","isPartOf":{"@id":"https:\/\/audibax.com\/fr\/#website"},"primaryImageOfPage":{"@id":"https:\/\/audibax.com\/fr\/produit\/mic-900-black-2\/#primaryimage"},"image":{"@id":"https:\/\/audibax.com\/fr\/produit\/mic-900-black-2\/#primaryimage"},"thumbnailUrl":"https:\/\/audibax.com\/wp-content\/uploads\/2023\/12\/audibax-mic900-black-comprar.png","datePublished":"2023-12-11T12:43:22+00:00","dateModified":"2023-12-27T10:58:19+00:00","breadcrumb":{"@id":"https:\/\/audibax.com\/fr\/produit\/mic-900-black-2\/#breadcrumb"},"inLanguage":"fr-FR","potentialAction":[{"@type":"ReadAction","target":["https:\/\/audibax.com\/fr\/produit\/mic-900-black-2\/"]}]},{"@type":"ImageObject","inLanguage":"fr-FR","@id":"https:\/\/audibax.com\/fr\/produit\/mic-900-black-2\/#primaryimage","url":"https:\/\/audibax.com\/wp-content\/uploads\/2023\/12\/audibax-mic900-black-comprar.png","contentUrl":"https:\/\/audibax.com\/wp-content\/uploads\/2023\/12\/audibax-mic900-black-comprar.png","width":1500,"height":1026},{"@type":"BreadcrumbList","@id":"https:\/\/audibax.com\/fr\/produit\/mic-900-black-2\/#breadcrumb","itemListElement":[{"@type":"ListItem","position":1,"name":"Portada","item":"https:\/\/audibax.com\/fr\/"},{"@type":"ListItem","position":2,"name":"Produits","item":"https:\/\/audibax.com\/fr\/shop\/"},{"@type":"ListItem","position":3,"name":"Mic 900 Black"}]},{"@type":"WebSite","@id":"https:\/\/audibax.com\/fr\/#website","url":"https:\/\/audibax.com\/fr\/","name":"Audibax","description":"","publisher":{"@id":"https:\/\/audibax.com\/fr\/#organization"},"potentialAction":[{"@type":"SearchAction","target":{"@type":"EntryPoint","urlTemplate":"https:\/\/audibax.com\/fr\/?s={search_term_string}"},"query-input":{"@type":"PropertyValueSpecification","valueRequired":true,"valueName":"search_term_string"}}],"inLanguage":"fr-FR"},{"@type":"Organization","@id":"https:\/\/audibax.com\/fr\/#organization","name":"Audibax","url":"https:\/\/audibax.com\/fr\/","logo":{"@type":"ImageObject","inLanguage":"fr-FR","@id":"https:\/\/audibax.com\/fr\/#\/schema\/logo\/image\/","url":"https:\/\/audibax.com\/wp-content\/uploads\/2023\/09\/logo-Audibax-BLANCO-SVG-1.svg","contentUrl":"https:\/\/audibax.com\/wp-content\/uploads\/2023\/09\/logo-Audibax-BLANCO-SVG-1.svg","caption":"Audibax"},"image":{"@id":"https:\/\/audibax.com\/fr\/#\/schema\/logo\/image\/"}}]}},"_links":{"self":[{"href":"https:\/\/audibax.com\/fr\/wp-json\/wp\/v2\/product\/36700","targetHints":{"allow":["GET"]}}],"collection":[{"href":"https:\/\/audibax.com\/fr\/wp-json\/wp\/v2\/product"}],"about":[{"href":"https:\/\/audibax.com\/fr\/wp-json\/wp\/v2\/types\/product"}],"replies":[{"embeddable":true,"href":"https:\/\/audibax.com\/fr\/wp-json\/wp\/v2\/comments?post=36700"}],"wp:featuredmedia":[{"embeddable":true,"href":"https:\/\/audibax.com\/fr\/wp-json\/wp\/v2\/media\/17321"}],"wp:attachment":[{"href":"https:\/\/audibax.com\/fr\/wp-json\/wp\/v2\/media?parent=36700"}],"wp:term":[{"taxonomy":"product_cat","embeddable":true,"href":"https:\/\/audibax.com\/fr\/wp-json\/wp\/v2\/product_cat?post=36700"},{"taxonomy":"product_tag","embeddable":true,"href":"https:\/\/audibax.com\/fr\/wp-json\/wp\/v2\/product_tag?post=36700"}],"curies":[{"name":"wp","href":"https:\/\/api.w.org\/{rel}","templated":true}]}}