{"id":36685,"date":"2023-12-11T13:42:34","date_gmt":"2023-12-11T12:42:34","guid":{"rendered":"https:\/\/audibax.com\/product\/sidney-conference-1000-black-2\/"},"modified":"2025-06-02T17:09:36","modified_gmt":"2025-06-02T15:09:36","slug":"sidney-conference-1000-black-2","status":"publish","type":"product","link":"https:\/\/audibax.com\/fr\/produit\/sidney-conference-1000-black-2\/","title":{"rendered":"Sidney Conference 1000 Black"},"content":{"rendered":"<ul>\n<li>Syst\u00e8me de conf\u00e9rence sans fil UHF \u00e0 4 canaux<\/li>\n<li>Possibilit\u00e9 de mettre 5 unit\u00e9s simultan\u00e9es pour un maximum de 20 microphones<\/li>\n<li>Gamme de fr\u00e9quences : 610 &#8211; 670MHz<\/li>\n<li>Modulation : FM<\/li>\n<li>Largeur de bande : 50MHz<\/li>\n<li>Nombre de canaux : 200<\/li>\n<li>Gamme de canaux : 300KHz<\/li>\n<li>Stabilit\u00e9 de fr\u00e9quence : &amp;plusmn ; 0.005%<\/li>\n<li>Dynamique : 100dB<\/li>\n<li>R\u00e9ponse en fr\u00e9quence : 80Hz-18KHz (+- 3dB)<\/li>\n<li>Ratio S \/ R : &amp;gt ; 105dB<\/li>\n<li>T.H.D : &lt;-0.5%<\/li>\n<li>Alimentation de l&rsquo;\u00e9metteur : deux piles AA de 1,5 V.<\/li>\n<\/ul>\n<h2>Caract\u00e9ristiques du r\u00e9cepteur<\/h2>\n<ul>\n<li>Mode du r\u00e9cepteur : Conversion de fr\u00e9quence secondaire Superh\u00e9t\u00e9rodyne<\/li>\n<li>IF-FRE : Premier : 110MHz, Deuxi\u00e8me : 10.7MHz<\/li>\n<li>Connecteur sans fil : BNC \/ 50\u03a9<\/li>\n<li>Sensibilit\u00e9 : 12dB uV (80dBS \/ N)<\/li>\n<li>Plage de sensibilit\u00e9 r\u00e9glable : 12-32dBuV<\/li>\n<li>Niveau de sortie maximum : + 10dBV<\/li>\n<li>Puissance de travail : 12V 1000mA<\/li>\n<li>Temp\u00e9rature de travail : -10 &amp;deg ; C \/ + 40 &amp;deg ; C<\/li>\n<\/ul>\n<p>&nbsp;<\/p>\n<p style=\"text-align: right;\"><img decoding=\"async\" style=\"float: left; height: 204px; width: 354px;\" src=\"\/crm\/documents\/fckeditor\/image\/menu-1-sidney-conference.jpg\" alt=\"\" \/><\/p>\n<h2 style=\"text-align: right;\">Men&amp;uacute ; Infrared Sync<\/h2>\n<p style=\"text-align: right;\">Appuyez sur le bouton \u00ab\u00a0SET&amp;quot ;, il affiche le statut \u00ab\u00a0&#8212;&#8212;-&amp;quot ;, le r\u00e9cepteur transmettra&amp;quot ; le canal<\/p>\n<p style=\"text-align: right;\">Les donn\u00e9es de synchronisation IR, placez la face IR de la fen\u00eatre de l&rsquo;\u00e9metteur dans la fen\u00eatre IR du r\u00e9cepteur et maintenez-la en ligne droite, la distance entre les deux ne doit pas \u00eatre sup\u00e9rieure \u00e0 30 CM. Si la synchronisation est correcte, le r\u00e9cepteur et l&rsquo;\u00e9metteur auront la m\u00eame fr\u00e9quence et le syst\u00e8me commencera \u00e0 fonctionner.<\/p>\n<p style=\"text-align: center;\"><img decoding=\"async\" style=\"float: right; height: 204px; width: 354px;\" src=\"\/crm\/documents\/fckeditor\/image\/menu2-sidney-conference.jpg\" alt=\"\" \/><\/p>\n<h2>Men&amp;uacute ; Fr\u00e9quence de modulation manuelle<\/h2>\n<p>Appuyez sur le bouton %u25B2 ou %u25BC pour r\u00e9gler la fr\u00e9quence. Chaque \u00e9metteur dispose de 50 canaux<\/p>\n<p>Il est possible de la r\u00e9gler. Le pas de chaque canal est de 300 kHz. Apr\u00e8s avoir termin\u00e9 la modulation, le syst\u00e8me verrouille la fr\u00e9quence en 3 secondes, puis il peut commencer la synchronisation infrarouge.<\/p>\n<p style=\"text-align: center;\"><img decoding=\"async\" style=\"float: left; height: 203px; width: 351px;\" src=\"\/crm\/documents\/fckeditor\/image\/menu3-sidney-conference.jpg\" alt=\"\" \/><\/p>\n<h2 style=\"text-align: right;\">Men&amp;uacute ; Bouton de verrouillage du syst\u00e8me<\/h2>\n<p style=\"text-align: right;\">Appuyez sur le bouton Set pendant 3 secondes, l&rsquo;\u00e9cran affiche&amp;aacute ; lock on, le syst\u00e8me verrouille ce canal et vous ne pouvez pas r\u00e9gler la fr\u00e9quence. Appuyez \u00e0 nouveau sur le bouton \u00ab\u00a0SET&amp;quot ; 3 secondes, le syst\u00e8me se d\u00e9verrouille&amp;aacute ;.<\/p>\n<p style=\"text-align: center;\"><img decoding=\"async\" style=\"float: right; height: 204px; width: 352px;\" src=\"\/crm\/documents\/fckeditor\/image\/menu4-sidney-conference.jpg\" alt=\"\" \/><\/p>\n<h2>Men&amp;uacute ; Groups<\/h2>\n<p>Cette touche GROUP ne peut \u00eatre utilis\u00e9e que si 4 r\u00e9cepteurs sont utilis\u00e9s en m\u00eame temps et au m\u00eame endroit ; la fr\u00e9quence GROUP int\u00e9gr\u00e9e permet d&rsquo;\u00e9viter les interf\u00e9rences entre les r\u00e9cepteurs. Si vous n&rsquo;utilisez qu&rsquo;un seul r\u00e9cepteur, il n&rsquo;est pas n\u00e9cessaire d&rsquo;appuyer sur cette touche. S&rsquo;il y a deux ensembles de fr\u00e9quences, la synchronisation IR est n\u00e9cessaire apr\u00e8s avoir appuy\u00e9 sur ce bouton GROUP.<\/p>\n<h2><img decoding=\"async\" style=\"font-size: 13px;\" src=\"\/crm\/documents\/fckeditor\/image\/Capture%2520of%2520screen%25202018-11%2520a%2520las%252011_33_23.png\" alt=\"\" \/><\/h2>\n<p>&nbsp;<\/p>\n<p>&nbsp;<\/p>\n<p>&nbsp;<\/p>\n<p>.p&gt;<img decoding=\"async\" style=\"height: 316px; width: 675px;\" src=\"\/crm\/documents\/fckeditor\/image\/11111\/audibax-sidney-conference-1000-system-inalambric-microphones.jpg\" alt=\"\" \/><\/p>\n<p><img decoding=\"async\" style=\"height: 591px; width: 675px;\" src=\"\/crm\/documents\/fckeditor\/image\/11111\/audibax-sidney-conference-1000-microphone-uhf.jpg\" alt=\"\" \/><\/p>\n<p>&nbsp;<\/p>\n<p>.<\/p>\n","protected":false},"excerpt":{"rendered":"<ul>\n<li>Syst\u00e8me de conf\u00e9rence sans fil UHF \u00e0 4 canaux<\/li>\n<li>Possibilit\u00e9 de mettre 5 unit\u00e9s simultan\u00e9es pour un maximum de 20 microphones<\/li>\n<li>Gamme de fr\u00e9quences : 610 &#8211; 670MHz<\/li>\n<li>Modulation : FM<\/li>\n<li>Largeur de bande : 50MHz<\/li>\n<li>Nombre de canaux : 200<\/li>\n<\/ul>\n","protected":false},"featured_media":17667,"comment_status":"open","ping_status":"closed","template":"","meta":{"_acf_changed":false},"product_cat":[371,387,701],"product_tag":[],"class_list":{"0":"post-36685","1":"product","2":"type-product","3":"status-publish","4":"has-post-thumbnail","6":"product_cat-microphones-fr","7":"product_cat-microphones-sans-fil","8":"product_cat-micros-de-conference-sans-fil","10":"first","11":"instock","12":"shipping-taxable","13":"product-type-simple"},"acf":[],"yoast_head":"<!-- This site is optimized with the Yoast SEO plugin v27.0 - https:\/\/yoast.com\/product\/yoast-seo-wordpress\/ -->\n<title>Sidney Conference 1000 Black - Audibax<\/title>\n<meta name=\"robots\" content=\"index, follow, max-snippet:-1, max-image-preview:large, max-video-preview:-1\" \/>\n<link rel=\"canonical\" href=\"https:\/\/audibax.com\/fr\/produit\/sidney-conference-1000-black-2\/\" \/>\n<meta property=\"og:locale\" content=\"fr_FR\" \/>\n<meta property=\"og:type\" content=\"article\" \/>\n<meta property=\"og:title\" content=\"Sidney Conference 1000 Black - Audibax\" \/>\n<meta property=\"og:description\" content=\"Syst\u00e8me de conf\u00e9rence sans fil UHF \u00e0 4 canaux  Possibilit\u00e9 de mettre 5 unit\u00e9s simultan\u00e9es pour un maximum de 20 microphones  Gamme de fr\u00e9quences : 610 - 670MHz  Modulation : FM  Largeur de bande : 50MHz  Nombre de canaux : 200\" \/>\n<meta property=\"og:url\" content=\"https:\/\/audibax.com\/fr\/produit\/sidney-conference-1000-black-2\/\" \/>\n<meta property=\"og:site_name\" content=\"Audibax\" \/>\n<meta property=\"article:modified_time\" content=\"2025-06-02T15:09:36+00:00\" \/>\n<meta property=\"og:image\" content=\"https:\/\/audibax.com\/wp-content\/uploads\/2023\/12\/audibax-sidney-conference-1000.jpg\" \/>\n\t<meta property=\"og:image:width\" content=\"1000\" \/>\n\t<meta property=\"og:image:height\" content=\"500\" \/>\n\t<meta property=\"og:image:type\" content=\"image\/jpeg\" \/>\n<meta name=\"twitter:card\" content=\"summary_large_image\" \/>\n<meta name=\"twitter:label1\" content=\"Dur\u00e9e de lecture estim\u00e9e\" \/>\n\t<meta name=\"twitter:data1\" content=\"4 minutes\" \/>\n<script type=\"application\/ld+json\" class=\"yoast-schema-graph\">{\"@context\":\"https:\/\/schema.org\",\"@graph\":[{\"@type\":\"WebPage\",\"@id\":\"https:\/\/audibax.com\/fr\/produit\/sidney-conference-1000-black-2\/\",\"url\":\"https:\/\/audibax.com\/fr\/produit\/sidney-conference-1000-black-2\/\",\"name\":\"Sidney Conference 1000 Black - Audibax\",\"isPartOf\":{\"@id\":\"https:\/\/audibax.com\/fr\/#website\"},\"primaryImageOfPage\":{\"@id\":\"https:\/\/audibax.com\/fr\/produit\/sidney-conference-1000-black-2\/#primaryimage\"},\"image\":{\"@id\":\"https:\/\/audibax.com\/fr\/produit\/sidney-conference-1000-black-2\/#primaryimage\"},\"thumbnailUrl\":\"https:\/\/audibax.com\/wp-content\/uploads\/2023\/12\/audibax-sidney-conference-1000.jpg\",\"datePublished\":\"2023-12-11T12:42:34+00:00\",\"dateModified\":\"2025-06-02T15:09:36+00:00\",\"breadcrumb\":{\"@id\":\"https:\/\/audibax.com\/fr\/produit\/sidney-conference-1000-black-2\/#breadcrumb\"},\"inLanguage\":\"fr-FR\",\"potentialAction\":[{\"@type\":\"ReadAction\",\"target\":[\"https:\/\/audibax.com\/fr\/produit\/sidney-conference-1000-black-2\/\"]}]},{\"@type\":\"ImageObject\",\"inLanguage\":\"fr-FR\",\"@id\":\"https:\/\/audibax.com\/fr\/produit\/sidney-conference-1000-black-2\/#primaryimage\",\"url\":\"https:\/\/audibax.com\/wp-content\/uploads\/2023\/12\/audibax-sidney-conference-1000.jpg\",\"contentUrl\":\"https:\/\/audibax.com\/wp-content\/uploads\/2023\/12\/audibax-sidney-conference-1000.jpg\",\"width\":1000,\"height\":500},{\"@type\":\"BreadcrumbList\",\"@id\":\"https:\/\/audibax.com\/fr\/produit\/sidney-conference-1000-black-2\/#breadcrumb\",\"itemListElement\":[{\"@type\":\"ListItem\",\"position\":1,\"name\":\"Portada\",\"item\":\"https:\/\/audibax.com\/fr\/\"},{\"@type\":\"ListItem\",\"position\":2,\"name\":\"Produits\",\"item\":\"https:\/\/audibax.com\/fr\/shop\/\"},{\"@type\":\"ListItem\",\"position\":3,\"name\":\"Sidney Conference 1000 Black\"}]},{\"@type\":\"WebSite\",\"@id\":\"https:\/\/audibax.com\/fr\/#website\",\"url\":\"https:\/\/audibax.com\/fr\/\",\"name\":\"Audibax\",\"description\":\"\",\"publisher\":{\"@id\":\"https:\/\/audibax.com\/fr\/#organization\"},\"potentialAction\":[{\"@type\":\"SearchAction\",\"target\":{\"@type\":\"EntryPoint\",\"urlTemplate\":\"https:\/\/audibax.com\/fr\/?s={search_term_string}\"},\"query-input\":{\"@type\":\"PropertyValueSpecification\",\"valueRequired\":true,\"valueName\":\"search_term_string\"}}],\"inLanguage\":\"fr-FR\"},{\"@type\":\"Organization\",\"@id\":\"https:\/\/audibax.com\/fr\/#organization\",\"name\":\"Audibax\",\"url\":\"https:\/\/audibax.com\/fr\/\",\"logo\":{\"@type\":\"ImageObject\",\"inLanguage\":\"fr-FR\",\"@id\":\"https:\/\/audibax.com\/fr\/#\/schema\/logo\/image\/\",\"url\":\"https:\/\/audibax.com\/wp-content\/uploads\/2023\/09\/logo-Audibax-BLANCO-SVG-1.svg\",\"contentUrl\":\"https:\/\/audibax.com\/wp-content\/uploads\/2023\/09\/logo-Audibax-BLANCO-SVG-1.svg\",\"caption\":\"Audibax\"},\"image\":{\"@id\":\"https:\/\/audibax.com\/fr\/#\/schema\/logo\/image\/\"}}]}<\/script>\n<!-- \/ Yoast SEO plugin. -->","yoast_head_json":{"title":"Sidney Conference 1000 Black - Audibax","robots":{"index":"index","follow":"follow","max-snippet":"max-snippet:-1","max-image-preview":"max-image-preview:large","max-video-preview":"max-video-preview:-1"},"canonical":"https:\/\/audibax.com\/fr\/produit\/sidney-conference-1000-black-2\/","og_locale":"fr_FR","og_type":"article","og_title":"Sidney Conference 1000 Black - Audibax","og_description":"Syst\u00e8me de conf\u00e9rence sans fil UHF \u00e0 4 canaux  Possibilit\u00e9 de mettre 5 unit\u00e9s simultan\u00e9es pour un maximum de 20 microphones  Gamme de fr\u00e9quences : 610 - 670MHz  Modulation : FM  Largeur de bande : 50MHz  Nombre de canaux : 200","og_url":"https:\/\/audibax.com\/fr\/produit\/sidney-conference-1000-black-2\/","og_site_name":"Audibax","article_modified_time":"2025-06-02T15:09:36+00:00","og_image":[{"width":1000,"height":500,"url":"https:\/\/audibax.com\/wp-content\/uploads\/2023\/12\/audibax-sidney-conference-1000.jpg","type":"image\/jpeg"}],"twitter_card":"summary_large_image","twitter_misc":{"Dur\u00e9e de lecture estim\u00e9e":"4 minutes"},"schema":{"@context":"https:\/\/schema.org","@graph":[{"@type":"WebPage","@id":"https:\/\/audibax.com\/fr\/produit\/sidney-conference-1000-black-2\/","url":"https:\/\/audibax.com\/fr\/produit\/sidney-conference-1000-black-2\/","name":"Sidney Conference 1000 Black - Audibax","isPartOf":{"@id":"https:\/\/audibax.com\/fr\/#website"},"primaryImageOfPage":{"@id":"https:\/\/audibax.com\/fr\/produit\/sidney-conference-1000-black-2\/#primaryimage"},"image":{"@id":"https:\/\/audibax.com\/fr\/produit\/sidney-conference-1000-black-2\/#primaryimage"},"thumbnailUrl":"https:\/\/audibax.com\/wp-content\/uploads\/2023\/12\/audibax-sidney-conference-1000.jpg","datePublished":"2023-12-11T12:42:34+00:00","dateModified":"2025-06-02T15:09:36+00:00","breadcrumb":{"@id":"https:\/\/audibax.com\/fr\/produit\/sidney-conference-1000-black-2\/#breadcrumb"},"inLanguage":"fr-FR","potentialAction":[{"@type":"ReadAction","target":["https:\/\/audibax.com\/fr\/produit\/sidney-conference-1000-black-2\/"]}]},{"@type":"ImageObject","inLanguage":"fr-FR","@id":"https:\/\/audibax.com\/fr\/produit\/sidney-conference-1000-black-2\/#primaryimage","url":"https:\/\/audibax.com\/wp-content\/uploads\/2023\/12\/audibax-sidney-conference-1000.jpg","contentUrl":"https:\/\/audibax.com\/wp-content\/uploads\/2023\/12\/audibax-sidney-conference-1000.jpg","width":1000,"height":500},{"@type":"BreadcrumbList","@id":"https:\/\/audibax.com\/fr\/produit\/sidney-conference-1000-black-2\/#breadcrumb","itemListElement":[{"@type":"ListItem","position":1,"name":"Portada","item":"https:\/\/audibax.com\/fr\/"},{"@type":"ListItem","position":2,"name":"Produits","item":"https:\/\/audibax.com\/fr\/shop\/"},{"@type":"ListItem","position":3,"name":"Sidney Conference 1000 Black"}]},{"@type":"WebSite","@id":"https:\/\/audibax.com\/fr\/#website","url":"https:\/\/audibax.com\/fr\/","name":"Audibax","description":"","publisher":{"@id":"https:\/\/audibax.com\/fr\/#organization"},"potentialAction":[{"@type":"SearchAction","target":{"@type":"EntryPoint","urlTemplate":"https:\/\/audibax.com\/fr\/?s={search_term_string}"},"query-input":{"@type":"PropertyValueSpecification","valueRequired":true,"valueName":"search_term_string"}}],"inLanguage":"fr-FR"},{"@type":"Organization","@id":"https:\/\/audibax.com\/fr\/#organization","name":"Audibax","url":"https:\/\/audibax.com\/fr\/","logo":{"@type":"ImageObject","inLanguage":"fr-FR","@id":"https:\/\/audibax.com\/fr\/#\/schema\/logo\/image\/","url":"https:\/\/audibax.com\/wp-content\/uploads\/2023\/09\/logo-Audibax-BLANCO-SVG-1.svg","contentUrl":"https:\/\/audibax.com\/wp-content\/uploads\/2023\/09\/logo-Audibax-BLANCO-SVG-1.svg","caption":"Audibax"},"image":{"@id":"https:\/\/audibax.com\/fr\/#\/schema\/logo\/image\/"}}]}},"_links":{"self":[{"href":"https:\/\/audibax.com\/fr\/wp-json\/wp\/v2\/product\/36685","targetHints":{"allow":["GET"]}}],"collection":[{"href":"https:\/\/audibax.com\/fr\/wp-json\/wp\/v2\/product"}],"about":[{"href":"https:\/\/audibax.com\/fr\/wp-json\/wp\/v2\/types\/product"}],"replies":[{"embeddable":true,"href":"https:\/\/audibax.com\/fr\/wp-json\/wp\/v2\/comments?post=36685"}],"wp:featuredmedia":[{"embeddable":true,"href":"https:\/\/audibax.com\/fr\/wp-json\/wp\/v2\/media\/17667"}],"wp:attachment":[{"href":"https:\/\/audibax.com\/fr\/wp-json\/wp\/v2\/media?parent=36685"}],"wp:term":[{"taxonomy":"product_cat","embeddable":true,"href":"https:\/\/audibax.com\/fr\/wp-json\/wp\/v2\/product_cat?post=36685"},{"taxonomy":"product_tag","embeddable":true,"href":"https:\/\/audibax.com\/fr\/wp-json\/wp\/v2\/product_tag?post=36685"}],"curies":[{"name":"wp","href":"https:\/\/api.w.org\/{rel}","templated":true}]}}