{"id":36683,"date":"2023-12-11T13:42:30","date_gmt":"2023-12-11T12:42:30","guid":{"rendered":"https:\/\/audibax.com\/product\/missouri-free-head-dual-uhf-black-2\/"},"modified":"2023-12-27T11:58:05","modified_gmt":"2023-12-27T10:58:05","slug":"missouri-free-head-dual-uhf-black-2","status":"publish","type":"product","link":"https:\/\/audibax.com\/fr\/produit\/missouri-free-head-dual-uhf-black-2\/","title":{"rendered":"Missouri Free Head Dual UHF Black"},"content":{"rendered":"<\/p>\n<p><strong>Audibax Missouri Free Headset Dual UHF Microphone System with Rechargeable Receiver<\/strong><\/p>\n<p><strong>Le <strong>Audibax Missouri Free Head Dual<\/strong><\/p>\n<p>Audibax Missouri Free Head Dual<\/strong><\/p>\n<p>Le <strong>Audibax Missouri Free Head Dual<\/strong> est un syst\u00e8me sans fil \u00e0 double casque con\u00e7u avec la technologie sans fil.<Le syst\u00e8me de microphones sans fil pour casque Missouri Free Headset Dual<\/strong> est con\u00e7u avec la technologie de transmission num\u00e9rique sans fil la plus avanc\u00e9e. La transmission du signal est grandement am\u00e9lior\u00e9e par la num\u00e9risation du signal RF et la transmission du signal audio num\u00e9rique, ce qui assure une grande stabilit\u00e9, minimise les fuites de signal et fournit un son clair et sans interf\u00e9rence.<\/p>\n<p>La port\u00e9e est de 30 \u00e0 50 m\u00e8tres, ce qui vous permet de vous d\u00e9placer librement pendant les repr\u00e9sentations. Il est parfait et tr\u00e8s polyvalent, car il peut \u00eatre utilis\u00e9 dans un nombre infini d&rsquo;applications, \u00e0 la fois pour les activit\u00e9s int\u00e9rieures et ext\u00e9rieures, telles que les salles d&rsquo;enseignement, les salles de r\u00e9union, le karaok\u00e9 \u00e0 domicile, les mariages, les performances dans les petites salles, etc&#8230;, obtenant un grand avantage par rapport \u00e0 d&rsquo;autres microphones sans fil car il ne n\u00e9cessite pas d&rsquo;alimentation. Le r\u00e9cepteur est aliment\u00e9 par une batterie au lithium qui peut \u00eatre recharg\u00e9e \u00e0 l&rsquo;aide d&rsquo;un c\u00e2ble USB fourni et chaque pochette de r\u00e9cepteur utilise deux piles AA. Il est \u00e9galement livr\u00e9 avec un c\u00e2ble permettant de l&rsquo;alimenter via un Power Bank<\/p>\n<p>Si vous disposez d&rsquo;un haut-parleur portable avec batterie et que vous recherchez un double microphone sans fil, sans perdre l&rsquo;avantage de la portabilit\u00e9, c&rsquo;est l&rsquo;accessoire qu&rsquo;il vous faut.<\/p>\n<p>Il est vraiment simple \u00e0 utiliser, connectez le r\u00e9cepteur \u00e0 votre \u00e9quipement via le jack 6,35 mm, puis allumez le microphone et appairez l&rsquo;\u00e9metteur avec le r\u00e9cepteur et vous \u00eates pr\u00eat \u00e0 partir, c&rsquo;est aussi simple que \u00e7a.<\/p>\n<h3>Caract\u00e9ristiques techniques Audibax Missouri Free Head Dual :<\/h3>\n<ul>\n<li>Syst\u00e8me de microphones dynamiques doubles sans fil<\/li>\n<li>Compos\u00e9 de 2 x microphones dynamiques doubles<\/li>\n<li>Syst\u00e8me de microphones dynamiques doubles<\/li>\n<li>Compos\u00e9 de 2 x microphones dynamiques doubles<\/li>\n<li>Syst\u00e8me de microphones dynamiques doubles<\/li>\n<li>Syst\u00e8me de microphones.microphones de casque avec bodypack et 1 x r\u00e9cepteur<\/li>\n<li>Gamme de fr\u00e9quences 676-697Mhz<\/li>\n<li>Conversion num\u00e9rique 24bit\/24bit<\/li>\n<li>Gamme de fr\u00e9quences 676-697Mhz<\/li>\n<li>Gamme de fr\u00e9quences 676-697Mhz<\/li>\n<li>Conversion num\u00e9rique.Conversion num\u00e9rique 24bit\/48Khz<\/li>\n<li>R\u00e9cepteur avec 6-8 heures d&rsquo;autonomie<\/li>\n<li>Transmetteur avec jusqu&rsquo;\u00e0 30 heures d&rsquo;autonomie<\/li>\n<li>R\u00e9cepteur avec jusqu&rsquo;\u00e0 30 heures d&rsquo;autonomie<\/li>\n<li>R\u00e9cepteur avec jusqu&rsquo;\u00e0 30 heures d&rsquo;autonomie<\/li>\n<li>R\u00e9cepteur avec jusqu&rsquo;\u00e0 30 heures d&rsquo;autonomiejusqu&rsquo;\u00e0 30 heures avec des piles alcalines AA<\/li>\n<li>Microphone ultra-r\u00e9sistant<\/li>\n<li>R\u00e9cepteur sans fil avec batterie<\/li>\n<li>R\u00e9cepteur sans fil avec batterie<\/li>\n<li>R\u00e9cepteur tout-en-un avec batterie<\/li>\n<li>R\u00e9cepteur tout-en-un avec batterie<\/li>\n<li>R\u00e9cepteur tout-en-un avec batterie\n<li>\n<li>Port\u00e9e entre 30m et 50m<\/li>\n<li>Affichage LED indiquant la fr\u00e9quence s\u00e9lectionn\u00e9e<\/li>\n<li>Excellente stabilit\u00e9 du signal<\/li>\n<li>Superbe stabilit\u00e9 du signal\n<li>\n<li>Port\u00e9e simultan\u00e9e.Excellente stabilit\u00e9 du signal<\/li>\n<li>Son clair et sans interf\u00e9rence<\/li>\n<li>Interrupteur marche\/arr\u00eat sur l&rsquo;\u00e9metteur<\/li>\n<li>Indicateur de piles<\/li>\n<li>R\u00e9glage de l&rsquo;indicateur de piles<\/li>\n<li>R\u00e9glage de l&rsquo;autonomie des piles<\/li>\n<li>R\u00e9glage de l&rsquo;autonomie des piles.Indicateur de batterie faible sur l&rsquo;\u00e9metteur<\/li>\n<li>Protection contre la surcharge<\/li>\n<li>Dimensions de l&rsquo;\u00e9metteur : 92mm x 65mm<\/li>\n<li>Dimensions du r\u00e9cepteur : 64mm x 31mm x 15mm<\/li>\n<li>Couleur : Argent<\/li>\n<li>Poids : 0.5 kgs<\/li>\n<\/ul>\n<\/ul>\n","protected":false},"excerpt":{"rendered":"<ul>\n<li>Syst\u00e8me de microphone dynamique double sans fil<\/li>\n<li>Compos\u00e9 de 2 x microphones de casque avec bodypack et 1 x r\u00e9cepteur\n<li>\n<li>Gamme de fr\u00e9quences 676-697Mhz<\/li>\n<li>Conversion num\u00e9rique 24bit\/48Khz<\/li>\n<li>Conversion num\u00e9rique 24bit\/48Khz<\/li>\n<li>Conversion num\u00e9rique 24bit\/48Khz<\/li>\n<li>Conversion num\u00e9rique\n<li>\n<li>Gamme de fr\u00e9quences 676-697Mhz<\/li>\n<li>Conversion num\u00e9rique 24bit\/48Khz<\/li>\n<li>R\u00e9cepteur avec 6 \u00e0 8 heures d&rsquo;autonomie<\/li>\n<\/ul>\n<li>R\u00e9cepteur avec 6 \u00e0 8 heures d&rsquo;autonomie<\/li>\n<\/ul>\n<li>R\u00e9cepteur avec 6 \u00e0 8 heures d&rsquo;autonomie<\/li>\n<\/ul>\n<li>Conversion num\u00e9rique<br \/>\n","protected":false},"featured_media":17348,"comment_status":"open","ping_status":"closed","template":"","meta":{"_acf_changed":false},"product_cat":[387],"product_tag":[],"class_list":{"0":"post-36683","1":"product","2":"type-product","3":"status-publish","4":"has-post-thumbnail","6":"product_cat-microphones-sans-fil","8":"first","9":"instock","10":"shipping-taxable","11":"product-type-simple"},"acf":[],"yoast_head":"<!-- This site is optimized with the Yoast SEO plugin v27.0 - https:\/\/yoast.com\/product\/yoast-seo-wordpress\/ -->\n<title>Missouri Free Head Dual UHF Black - Audibax<\/title>\n<meta name=\"robots\" content=\"index, follow, max-snippet:-1, max-image-preview:large, max-video-preview:-1\" \/>\n<link rel=\"canonical\" href=\"https:\/\/audibax.com\/fr\/produit\/missouri-free-head-dual-uhf-black-2\/\" \/>\n<meta property=\"og:locale\" content=\"fr_FR\" \/>\n<meta property=\"og:type\" content=\"article\" \/>\n<meta property=\"og:title\" content=\"Missouri Free Head Dual UHF Black - Audibax\" \/>\n<meta property=\"og:description\" content=\"Syst\u00e8me de microphone dynamique double sans fil Compos\u00e9 de 2 x microphones de casque avec bodypack et 1 x r\u00e9cepteur Gamme de fr\u00e9quences 676-697Mhz Conversion num\u00e9rique 24bit\/48Khz Conversion num\u00e9rique 24bit\/48Khz Conversion num\u00e9rique 24bit\/48Khz Conversion num\u00e9rique Gamme de fr\u00e9quences 676-697Mhz Conversion num\u00e9rique 24bit\/48Khz R\u00e9cepteur avec 6 \u00e0 8 heures d&#039;autonomie R\u00e9cepteur avec 6 \u00e0 8 heures d&#039;autonomie R\u00e9cepteur avec 6 \u00e0 8 heures d&#039;autonomie Conversion num\u00e9rique\" \/>\n<meta property=\"og:url\" content=\"https:\/\/audibax.com\/fr\/produit\/missouri-free-head-dual-uhf-black-2\/\" \/>\n<meta property=\"og:site_name\" content=\"Audibax\" \/>\n<meta property=\"article:modified_time\" content=\"2023-12-27T10:58:05+00:00\" \/>\n<meta name=\"twitter:card\" content=\"summary_large_image\" \/>\n<script type=\"application\/ld+json\" class=\"yoast-schema-graph\">{\"@context\":\"https:\/\/schema.org\",\"@graph\":[{\"@type\":\"WebPage\",\"@id\":\"https:\/\/audibax.com\/fr\/produit\/missouri-free-head-dual-uhf-black-2\/\",\"url\":\"https:\/\/audibax.com\/fr\/produit\/missouri-free-head-dual-uhf-black-2\/\",\"name\":\"Missouri Free Head Dual UHF Black - Audibax\",\"isPartOf\":{\"@id\":\"https:\/\/audibax.com\/fr\/#website\"},\"primaryImageOfPage\":{\"@id\":\"https:\/\/audibax.com\/fr\/produit\/missouri-free-head-dual-uhf-black-2\/#primaryimage\"},\"image\":{\"@id\":\"https:\/\/audibax.com\/fr\/produit\/missouri-free-head-dual-uhf-black-2\/#primaryimage\"},\"thumbnailUrl\":\"https:\/\/audibax.com\/wp-content\/uploads\/2023\/12\/audibax-missouri-Free-Head-Dual-UHF-micros-inamabricos-comprar.jpg\",\"datePublished\":\"2023-12-11T12:42:30+00:00\",\"dateModified\":\"2023-12-27T10:58:05+00:00\",\"breadcrumb\":{\"@id\":\"https:\/\/audibax.com\/fr\/produit\/missouri-free-head-dual-uhf-black-2\/#breadcrumb\"},\"inLanguage\":\"fr-FR\",\"potentialAction\":[{\"@type\":\"ReadAction\",\"target\":[\"https:\/\/audibax.com\/fr\/produit\/missouri-free-head-dual-uhf-black-2\/\"]}]},{\"@type\":\"ImageObject\",\"inLanguage\":\"fr-FR\",\"@id\":\"https:\/\/audibax.com\/fr\/produit\/missouri-free-head-dual-uhf-black-2\/#primaryimage\",\"url\":\"https:\/\/audibax.com\/wp-content\/uploads\/2023\/12\/audibax-missouri-Free-Head-Dual-UHF-micros-inamabricos-comprar.jpg\",\"contentUrl\":\"https:\/\/audibax.com\/wp-content\/uploads\/2023\/12\/audibax-missouri-Free-Head-Dual-UHF-micros-inamabricos-comprar.jpg\",\"width\":1500,\"height\":1061},{\"@type\":\"BreadcrumbList\",\"@id\":\"https:\/\/audibax.com\/fr\/produit\/missouri-free-head-dual-uhf-black-2\/#breadcrumb\",\"itemListElement\":[{\"@type\":\"ListItem\",\"position\":1,\"name\":\"Portada\",\"item\":\"https:\/\/audibax.com\/fr\/\"},{\"@type\":\"ListItem\",\"position\":2,\"name\":\"Produits\",\"item\":\"https:\/\/audibax.com\/fr\/shop\/\"},{\"@type\":\"ListItem\",\"position\":3,\"name\":\"Missouri Free Head Dual UHF Black\"}]},{\"@type\":\"WebSite\",\"@id\":\"https:\/\/audibax.com\/fr\/#website\",\"url\":\"https:\/\/audibax.com\/fr\/\",\"name\":\"Audibax\",\"description\":\"\",\"publisher\":{\"@id\":\"https:\/\/audibax.com\/fr\/#organization\"},\"potentialAction\":[{\"@type\":\"SearchAction\",\"target\":{\"@type\":\"EntryPoint\",\"urlTemplate\":\"https:\/\/audibax.com\/fr\/?s={search_term_string}\"},\"query-input\":{\"@type\":\"PropertyValueSpecification\",\"valueRequired\":true,\"valueName\":\"search_term_string\"}}],\"inLanguage\":\"fr-FR\"},{\"@type\":\"Organization\",\"@id\":\"https:\/\/audibax.com\/fr\/#organization\",\"name\":\"Audibax\",\"url\":\"https:\/\/audibax.com\/fr\/\",\"logo\":{\"@type\":\"ImageObject\",\"inLanguage\":\"fr-FR\",\"@id\":\"https:\/\/audibax.com\/fr\/#\/schema\/logo\/image\/\",\"url\":\"https:\/\/audibax.com\/wp-content\/uploads\/2023\/09\/logo-Audibax-BLANCO-SVG-1.svg\",\"contentUrl\":\"https:\/\/audibax.com\/wp-content\/uploads\/2023\/09\/logo-Audibax-BLANCO-SVG-1.svg\",\"caption\":\"Audibax\"},\"image\":{\"@id\":\"https:\/\/audibax.com\/fr\/#\/schema\/logo\/image\/\"}}]}<\/script>\n<!-- \/ Yoast SEO plugin. -->","yoast_head_json":{"title":"Missouri Free Head Dual UHF Black - Audibax","robots":{"index":"index","follow":"follow","max-snippet":"max-snippet:-1","max-image-preview":"max-image-preview:large","max-video-preview":"max-video-preview:-1"},"canonical":"https:\/\/audibax.com\/fr\/produit\/missouri-free-head-dual-uhf-black-2\/","og_locale":"fr_FR","og_type":"article","og_title":"Missouri Free Head Dual UHF Black - Audibax","og_description":"Syst\u00e8me de microphone dynamique double sans fil Compos\u00e9 de 2 x microphones de casque avec bodypack et 1 x r\u00e9cepteur Gamme de fr\u00e9quences 676-697Mhz Conversion num\u00e9rique 24bit\/48Khz Conversion num\u00e9rique 24bit\/48Khz Conversion num\u00e9rique 24bit\/48Khz Conversion num\u00e9rique Gamme de fr\u00e9quences 676-697Mhz Conversion num\u00e9rique 24bit\/48Khz R\u00e9cepteur avec 6 \u00e0 8 heures d'autonomie R\u00e9cepteur avec 6 \u00e0 8 heures d'autonomie R\u00e9cepteur avec 6 \u00e0 8 heures d'autonomie Conversion num\u00e9rique","og_url":"https:\/\/audibax.com\/fr\/produit\/missouri-free-head-dual-uhf-black-2\/","og_site_name":"Audibax","article_modified_time":"2023-12-27T10:58:05+00:00","twitter_card":"summary_large_image","schema":{"@context":"https:\/\/schema.org","@graph":[{"@type":"WebPage","@id":"https:\/\/audibax.com\/fr\/produit\/missouri-free-head-dual-uhf-black-2\/","url":"https:\/\/audibax.com\/fr\/produit\/missouri-free-head-dual-uhf-black-2\/","name":"Missouri Free Head Dual UHF Black - Audibax","isPartOf":{"@id":"https:\/\/audibax.com\/fr\/#website"},"primaryImageOfPage":{"@id":"https:\/\/audibax.com\/fr\/produit\/missouri-free-head-dual-uhf-black-2\/#primaryimage"},"image":{"@id":"https:\/\/audibax.com\/fr\/produit\/missouri-free-head-dual-uhf-black-2\/#primaryimage"},"thumbnailUrl":"https:\/\/audibax.com\/wp-content\/uploads\/2023\/12\/audibax-missouri-Free-Head-Dual-UHF-micros-inamabricos-comprar.jpg","datePublished":"2023-12-11T12:42:30+00:00","dateModified":"2023-12-27T10:58:05+00:00","breadcrumb":{"@id":"https:\/\/audibax.com\/fr\/produit\/missouri-free-head-dual-uhf-black-2\/#breadcrumb"},"inLanguage":"fr-FR","potentialAction":[{"@type":"ReadAction","target":["https:\/\/audibax.com\/fr\/produit\/missouri-free-head-dual-uhf-black-2\/"]}]},{"@type":"ImageObject","inLanguage":"fr-FR","@id":"https:\/\/audibax.com\/fr\/produit\/missouri-free-head-dual-uhf-black-2\/#primaryimage","url":"https:\/\/audibax.com\/wp-content\/uploads\/2023\/12\/audibax-missouri-Free-Head-Dual-UHF-micros-inamabricos-comprar.jpg","contentUrl":"https:\/\/audibax.com\/wp-content\/uploads\/2023\/12\/audibax-missouri-Free-Head-Dual-UHF-micros-inamabricos-comprar.jpg","width":1500,"height":1061},{"@type":"BreadcrumbList","@id":"https:\/\/audibax.com\/fr\/produit\/missouri-free-head-dual-uhf-black-2\/#breadcrumb","itemListElement":[{"@type":"ListItem","position":1,"name":"Portada","item":"https:\/\/audibax.com\/fr\/"},{"@type":"ListItem","position":2,"name":"Produits","item":"https:\/\/audibax.com\/fr\/shop\/"},{"@type":"ListItem","position":3,"name":"Missouri Free Head Dual UHF Black"}]},{"@type":"WebSite","@id":"https:\/\/audibax.com\/fr\/#website","url":"https:\/\/audibax.com\/fr\/","name":"Audibax","description":"","publisher":{"@id":"https:\/\/audibax.com\/fr\/#organization"},"potentialAction":[{"@type":"SearchAction","target":{"@type":"EntryPoint","urlTemplate":"https:\/\/audibax.com\/fr\/?s={search_term_string}"},"query-input":{"@type":"PropertyValueSpecification","valueRequired":true,"valueName":"search_term_string"}}],"inLanguage":"fr-FR"},{"@type":"Organization","@id":"https:\/\/audibax.com\/fr\/#organization","name":"Audibax","url":"https:\/\/audibax.com\/fr\/","logo":{"@type":"ImageObject","inLanguage":"fr-FR","@id":"https:\/\/audibax.com\/fr\/#\/schema\/logo\/image\/","url":"https:\/\/audibax.com\/wp-content\/uploads\/2023\/09\/logo-Audibax-BLANCO-SVG-1.svg","contentUrl":"https:\/\/audibax.com\/wp-content\/uploads\/2023\/09\/logo-Audibax-BLANCO-SVG-1.svg","caption":"Audibax"},"image":{"@id":"https:\/\/audibax.com\/fr\/#\/schema\/logo\/image\/"}}]}},"_links":{"self":[{"href":"https:\/\/audibax.com\/fr\/wp-json\/wp\/v2\/product\/36683","targetHints":{"allow":["GET"]}}],"collection":[{"href":"https:\/\/audibax.com\/fr\/wp-json\/wp\/v2\/product"}],"about":[{"href":"https:\/\/audibax.com\/fr\/wp-json\/wp\/v2\/types\/product"}],"replies":[{"embeddable":true,"href":"https:\/\/audibax.com\/fr\/wp-json\/wp\/v2\/comments?post=36683"}],"wp:featuredmedia":[{"embeddable":true,"href":"https:\/\/audibax.com\/fr\/wp-json\/wp\/v2\/media\/17348"}],"wp:attachment":[{"href":"https:\/\/audibax.com\/fr\/wp-json\/wp\/v2\/media?parent=36683"}],"wp:term":[{"taxonomy":"product_cat","embeddable":true,"href":"https:\/\/audibax.com\/fr\/wp-json\/wp\/v2\/product_cat?post=36683"},{"taxonomy":"product_tag","embeddable":true,"href":"https:\/\/audibax.com\/fr\/wp-json\/wp\/v2\/product_tag?post=36683"}],"curies":[{"name":"wp","href":"https:\/\/api.w.org\/{rel}","templated":true}]}}