{"id":36682,"date":"2023-12-11T13:42:27","date_gmt":"2023-12-11T12:42:27","guid":{"rendered":"https:\/\/audibax.com\/product\/missouri-free-hand-dual-uhf-black-and-silver-2\/"},"modified":"2023-12-27T11:58:03","modified_gmt":"2023-12-27T10:58:03","slug":"missouri-free-hand-dual-uhf-black-and-silver-2","status":"publish","type":"product","link":"https:\/\/audibax.com\/fr\/produit\/missouri-free-hand-dual-uhf-black-and-silver-2\/","title":{"rendered":"Missouri Free Hand Dual UHF Black and Silver"},"content":{"rendered":"<p><strong>Audibax Missouri Free Hand Dual Wireless Microphone System<\/strong> est un syst\u00e8me de microphone dynamique sans fil double con\u00e7u avec la technologie de transmission sans fil num\u00e9rique la plus avanc\u00e9e. La transmission du signal est grandement am\u00e9lior\u00e9e par la num\u00e9risation du signal RF et la transmission du signal audio num\u00e9rique, ce qui assure une grande stabilit\u00e9, minimise les fuites de signal et fournit un son clair et sans interf\u00e9rence.<\/p>\n<p>La port\u00e9e est de 30 \u00e0 50 m\u00e8tres, ce qui vous permet de vous d\u00e9placer librement pendant les repr\u00e9sentations. Il est parfait et tr\u00e8s polyvalent, car il peut \u00eatre utilis\u00e9 dans un nombre infini d&rsquo;applications, \u00e0 la fois pour les activit\u00e9s int\u00e9rieures et ext\u00e9rieures, telles que les salles d&rsquo;enseignement, les salles de r\u00e9union, le karaok\u00e9 \u00e0 domicile, les mariages, les performances dans les petites salles, etc&#8230;, obtenant un grand avantage par rapport \u00e0 d&rsquo;autres microphones sans fil car il ne n\u00e9cessite pas d&rsquo;alimentation. Le r\u00e9cepteur est aliment\u00e9 par une batterie au lithium qui peut \u00eatre recharg\u00e9e \u00e0 l&rsquo;aide d&rsquo;un c\u00e2ble USB fourni et le microphone utilise deux piles AA. Il est \u00e9galement livr\u00e9 avec un c\u00e2ble permettant de l&rsquo;alimenter via un Power Bank<\/p>\n<p>Si vous disposez d&rsquo;un haut-parleur portable avec batterie et que vous recherchez un double microphone sans fil, sans perdre l&rsquo;avantage de la portabilit\u00e9, c&rsquo;est l&rsquo;accessoire qu&rsquo;il vous faut.<\/p>\n<p>Il est vraiment simple \u00e0 utiliser, connectez le r\u00e9cepteur \u00e0 votre \u00e9quipement via le jack 6,35 mm, puis allumez le microphone et appairez l&rsquo;\u00e9metteur avec le r\u00e9cepteur et vous \u00eates pr\u00eat \u00e0 partir, c&rsquo;est aussi simple que \u00e7a.<\/p>\n<h3>Caract\u00e9ristiques techniques Audibax Missouri Free Hand Dual :<\/h3>\n<ul>\n<li>Syst\u00e8me de microphone sans fil dynamique double<\/li>\n<li>Compos\u00e9 de 2 x microphones \u00e0 main et 1 x r\u00e9cepteur<\/li>\n<li>Syst\u00e8me de microphone sans fil dynamique double<\/li>\n<li>Compos\u00e9 de 2 x microphones \u00e0 main et 1 x r\u00e9cepteur<\/li>\n<li>Syst\u00e8me de microphone sans fil dynamique double<\/li>\n<li>Compos\u00e9 de 2 x microphones \u00e0 main et 1 x r\u00e9cepteur ;R\u00e9cepteur avec une autonomie de 6 \u00e0 8 heures<\/li>\n<li>R\u00e9cepteur (micro \u00e0 main) avec une autonomie jusqu&rsquo;\u00e0 30 heures sur piles alcalines AA<\/li>\n<li>R\u00e9cepteur micro-ondes avec une autonomie jusqu&rsquo;\u00e0 30 heures sur piles alcalines AA<\/li>\n<li>R\u00e9cepteur micro-ondes (micro \u00e0 main) avec une autonomie jusqu&rsquo;\u00e0 30 heures sur piles alcalines AA<\/li>\n<li>R\u00e9cepteur micro-ondes.\n<li>\n<li>R\u00e9cepteur sans fil avec batterie lithium rechargeable via c\u00e2ble USB<\/li>\n<li>Jusqu&rsquo;\u00e0 30 postes simultan\u00e9ment<\/li>\n<li>Jusqu&rsquo;\u00e0 30 postes simultan\u00e9ment<\/li>\n<li>Jusqu&rsquo;\u00e0 30 postes simultan\u00e9ment<\/li>\n<li>R\u00e9cepteur sans fil avec batterie lithium rechargeable<\/li>\n<li>Jusqu&rsquo;\u00e0 30 postes simultan\u00e9ment<\/li>\n<li>Jusqu&rsquo;\u00e0 30 postes simultan\u00e9ment.simultan\u00e9ment avec une fr\u00e9quence diff\u00e9rente<\/li>\n<li>Distance entre 30m et 50m<\/li>\n<li>Affichage LED indiquant la fr\u00e9quence s\u00e9lectionn\u00e9e<\/li>\n<li>Stabilit\u00e9 de r\u00e9glage<\/li>\n<li>Stabilit\u00e9 de r\u00e9glage avec une fr\u00e9quence diff\u00e9rente<\/li>\n<li>Stabilit\u00e9 de r\u00e9glage\n<li>Excellente stabilit\u00e9 du signal<\/li>\n<li>Son clair et sans interf\u00e9rences<\/li>\n<li>Interrupteur marche\/arr\u00eat sur l&rsquo;\u00e9metteur<\/li>\n<li>Indicateur\n<li>\n<li>Indicateur de piles faibles sur l&rsquo;\u00e9metteur<\/li>\n<li>Protection contre les surcharges<\/li>\n<li>Dimensions \u00c9metteur : 260mm x 40mm x 50mm<\/li>\n<li>Dimensions du r\u00e9cepteur : 64mm x 31mm x 15mm<\/li>\n<li>Couleur : Argent<\/li>\n<li>Poids : 0,9 kgs<\/li>\n<\/ul>\n<\/ul>\n<li>Couleur : Argent<\/li>\n<li>Couleur : Argent<\/li>\n<li>Poids : 0,9 kgs<\/li>\n<\/ul>\n<\/ul>\n","protected":false},"excerpt":{"rendered":"<ul>\n<li>Syst\u00e8me de microphone sans fil dynamique double<\/li>\n<li>Compos\u00e9 de 2 x microphones \u00e0 main et 1 x r\u00e9cepteur<\/li>\n<li>Gamme de fr\u00e9quences 676-697Mhz<\/li>\n<li>Conversion num\u00e9rique 24bit\/48Khz<\/li>\n<li>Conversion num\u00e9rique 24bit\/48Khz<\/li>\n<li>Conversion num\u00e9rique 24bit\/48Khz<\/li>\n<li>Conversion num\u00e9rique\n<li>Gamme de fr\u00e9quences 676-697Mhz<\/li>\n<li>Conversion num\u00e9rique 24bit\/48Khz<\/li>\n<li>R\u00e9cepteur avec 6 \u00e0 8 heures d&rsquo;autonomie<\/li>\n<\/ul>\n<li>R\u00e9cepteur avec 6 \u00e0 8 heures d&rsquo;autonomie<\/li>\n<\/ul>\n<li>R\u00e9cepteur avec 6 \u00e0 8 heures d&rsquo;autonomie<\/li>\n<\/ul>\n<ul>\n<li>Conversion num\u00e9rique<br \/>\n","protected":false},"featured_media":17184,"comment_status":"open","ping_status":"closed","template":"","meta":{"_acf_changed":false},"product_cat":[371,387,702],"product_tag":[],"class_list":{"0":"post-36682","1":"product","2":"type-product","3":"status-publish","4":"has-post-thumbnail","6":"product_cat-microphones-fr","7":"product_cat-microphones-sans-fil","8":"product_cat-microphones-sans-fil-a-main","10":"first","11":"instock","12":"shipping-taxable","13":"product-type-simple"},"acf":[],"yoast_head":"<!-- This site is optimized with the Yoast SEO plugin v27.0 - https:\/\/yoast.com\/product\/yoast-seo-wordpress\/ -->\n<title>Missouri Free Hand Dual UHF Black and Silver - Audibax<\/title>\n<meta name=\"robots\" content=\"index, follow, max-snippet:-1, max-image-preview:large, max-video-preview:-1\" \/>\n<link rel=\"canonical\" href=\"https:\/\/audibax.com\/fr\/produit\/missouri-free-hand-dual-uhf-black-and-silver-2\/\" \/>\n<meta property=\"og:locale\" content=\"fr_FR\" \/>\n<meta property=\"og:type\" content=\"article\" \/>\n<meta property=\"og:title\" content=\"Missouri Free Hand Dual UHF Black and Silver - Audibax\" \/>\n<meta property=\"og:description\" content=\"Syst\u00e8me de microphone sans fil dynamique double Compos\u00e9 de 2 x microphones \u00e0 main et 1 x r\u00e9cepteur Gamme de fr\u00e9quences 676-697Mhz Conversion num\u00e9rique 24bit\/48Khz Conversion num\u00e9rique 24bit\/48Khz Conversion num\u00e9rique 24bit\/48Khz Conversion num\u00e9rique Gamme de fr\u00e9quences 676-697Mhz Conversion num\u00e9rique 24bit\/48Khz R\u00e9cepteur avec 6 \u00e0 8 heures d&#039;autonomie R\u00e9cepteur avec 6 \u00e0 8 heures d&#039;autonomie R\u00e9cepteur avec 6 \u00e0 8 heures d&#039;autonomie  Conversion num\u00e9rique\" \/>\n<meta property=\"og:url\" content=\"https:\/\/audibax.com\/fr\/produit\/missouri-free-hand-dual-uhf-black-and-silver-2\/\" \/>\n<meta property=\"og:site_name\" content=\"Audibax\" \/>\n<meta property=\"article:modified_time\" content=\"2023-12-27T10:58:03+00:00\" \/>\n<meta property=\"og:image\" content=\"https:\/\/audibax.com\/wp-content\/uploads\/2023\/12\/Audibax-Free-Hand-Dual-UHF-microfonos-oferta.jpg\" \/>\n\t<meta property=\"og:image:width\" content=\"1000\" \/>\n\t<meta property=\"og:image:height\" content=\"500\" \/>\n\t<meta property=\"og:image:type\" content=\"image\/jpeg\" \/>\n<meta name=\"twitter:card\" content=\"summary_large_image\" \/>\n<meta name=\"twitter:label1\" content=\"Dur\u00e9e de lecture estim\u00e9e\" \/>\n\t<meta name=\"twitter:data1\" content=\"3 minutes\" \/>\n<script type=\"application\/ld+json\" class=\"yoast-schema-graph\">{\"@context\":\"https:\/\/schema.org\",\"@graph\":[{\"@type\":\"WebPage\",\"@id\":\"https:\/\/audibax.com\/fr\/produit\/missouri-free-hand-dual-uhf-black-and-silver-2\/\",\"url\":\"https:\/\/audibax.com\/fr\/produit\/missouri-free-hand-dual-uhf-black-and-silver-2\/\",\"name\":\"Missouri Free Hand Dual UHF Black and Silver - Audibax\",\"isPartOf\":{\"@id\":\"https:\/\/audibax.com\/fr\/#website\"},\"primaryImageOfPage\":{\"@id\":\"https:\/\/audibax.com\/fr\/produit\/missouri-free-hand-dual-uhf-black-and-silver-2\/#primaryimage\"},\"image\":{\"@id\":\"https:\/\/audibax.com\/fr\/produit\/missouri-free-hand-dual-uhf-black-and-silver-2\/#primaryimage\"},\"thumbnailUrl\":\"https:\/\/audibax.com\/wp-content\/uploads\/2023\/12\/Audibax-Free-Hand-Dual-UHF-microfonos-oferta.jpg\",\"datePublished\":\"2023-12-11T12:42:27+00:00\",\"dateModified\":\"2023-12-27T10:58:03+00:00\",\"breadcrumb\":{\"@id\":\"https:\/\/audibax.com\/fr\/produit\/missouri-free-hand-dual-uhf-black-and-silver-2\/#breadcrumb\"},\"inLanguage\":\"fr-FR\",\"potentialAction\":[{\"@type\":\"ReadAction\",\"target\":[\"https:\/\/audibax.com\/fr\/produit\/missouri-free-hand-dual-uhf-black-and-silver-2\/\"]}]},{\"@type\":\"ImageObject\",\"inLanguage\":\"fr-FR\",\"@id\":\"https:\/\/audibax.com\/fr\/produit\/missouri-free-hand-dual-uhf-black-and-silver-2\/#primaryimage\",\"url\":\"https:\/\/audibax.com\/wp-content\/uploads\/2023\/12\/Audibax-Free-Hand-Dual-UHF-microfonos-oferta.jpg\",\"contentUrl\":\"https:\/\/audibax.com\/wp-content\/uploads\/2023\/12\/Audibax-Free-Hand-Dual-UHF-microfonos-oferta.jpg\",\"width\":1000,\"height\":500},{\"@type\":\"BreadcrumbList\",\"@id\":\"https:\/\/audibax.com\/fr\/produit\/missouri-free-hand-dual-uhf-black-and-silver-2\/#breadcrumb\",\"itemListElement\":[{\"@type\":\"ListItem\",\"position\":1,\"name\":\"Portada\",\"item\":\"https:\/\/audibax.com\/fr\/\"},{\"@type\":\"ListItem\",\"position\":2,\"name\":\"Produits\",\"item\":\"https:\/\/audibax.com\/fr\/shop\/\"},{\"@type\":\"ListItem\",\"position\":3,\"name\":\"Missouri Free Hand Dual UHF Black and Silver\"}]},{\"@type\":\"WebSite\",\"@id\":\"https:\/\/audibax.com\/fr\/#website\",\"url\":\"https:\/\/audibax.com\/fr\/\",\"name\":\"Audibax\",\"description\":\"\",\"publisher\":{\"@id\":\"https:\/\/audibax.com\/fr\/#organization\"},\"potentialAction\":[{\"@type\":\"SearchAction\",\"target\":{\"@type\":\"EntryPoint\",\"urlTemplate\":\"https:\/\/audibax.com\/fr\/?s={search_term_string}\"},\"query-input\":{\"@type\":\"PropertyValueSpecification\",\"valueRequired\":true,\"valueName\":\"search_term_string\"}}],\"inLanguage\":\"fr-FR\"},{\"@type\":\"Organization\",\"@id\":\"https:\/\/audibax.com\/fr\/#organization\",\"name\":\"Audibax\",\"url\":\"https:\/\/audibax.com\/fr\/\",\"logo\":{\"@type\":\"ImageObject\",\"inLanguage\":\"fr-FR\",\"@id\":\"https:\/\/audibax.com\/fr\/#\/schema\/logo\/image\/\",\"url\":\"https:\/\/audibax.com\/wp-content\/uploads\/2023\/09\/logo-Audibax-BLANCO-SVG-1.svg\",\"contentUrl\":\"https:\/\/audibax.com\/wp-content\/uploads\/2023\/09\/logo-Audibax-BLANCO-SVG-1.svg\",\"caption\":\"Audibax\"},\"image\":{\"@id\":\"https:\/\/audibax.com\/fr\/#\/schema\/logo\/image\/\"}}]}<\/script>\n<!-- \/ Yoast SEO plugin. -->","yoast_head_json":{"title":"Missouri Free Hand Dual UHF Black and Silver - Audibax","robots":{"index":"index","follow":"follow","max-snippet":"max-snippet:-1","max-image-preview":"max-image-preview:large","max-video-preview":"max-video-preview:-1"},"canonical":"https:\/\/audibax.com\/fr\/produit\/missouri-free-hand-dual-uhf-black-and-silver-2\/","og_locale":"fr_FR","og_type":"article","og_title":"Missouri Free Hand Dual UHF Black and Silver - Audibax","og_description":"Syst\u00e8me de microphone sans fil dynamique double Compos\u00e9 de 2 x microphones \u00e0 main et 1 x r\u00e9cepteur Gamme de fr\u00e9quences 676-697Mhz Conversion num\u00e9rique 24bit\/48Khz Conversion num\u00e9rique 24bit\/48Khz Conversion num\u00e9rique 24bit\/48Khz Conversion num\u00e9rique Gamme de fr\u00e9quences 676-697Mhz Conversion num\u00e9rique 24bit\/48Khz R\u00e9cepteur avec 6 \u00e0 8 heures d'autonomie R\u00e9cepteur avec 6 \u00e0 8 heures d'autonomie R\u00e9cepteur avec 6 \u00e0 8 heures d'autonomie  Conversion num\u00e9rique","og_url":"https:\/\/audibax.com\/fr\/produit\/missouri-free-hand-dual-uhf-black-and-silver-2\/","og_site_name":"Audibax","article_modified_time":"2023-12-27T10:58:03+00:00","og_image":[{"width":1000,"height":500,"url":"https:\/\/audibax.com\/wp-content\/uploads\/2023\/12\/Audibax-Free-Hand-Dual-UHF-microfonos-oferta.jpg","type":"image\/jpeg"}],"twitter_card":"summary_large_image","twitter_misc":{"Dur\u00e9e de lecture estim\u00e9e":"3 minutes"},"schema":{"@context":"https:\/\/schema.org","@graph":[{"@type":"WebPage","@id":"https:\/\/audibax.com\/fr\/produit\/missouri-free-hand-dual-uhf-black-and-silver-2\/","url":"https:\/\/audibax.com\/fr\/produit\/missouri-free-hand-dual-uhf-black-and-silver-2\/","name":"Missouri Free Hand Dual UHF Black and Silver - Audibax","isPartOf":{"@id":"https:\/\/audibax.com\/fr\/#website"},"primaryImageOfPage":{"@id":"https:\/\/audibax.com\/fr\/produit\/missouri-free-hand-dual-uhf-black-and-silver-2\/#primaryimage"},"image":{"@id":"https:\/\/audibax.com\/fr\/produit\/missouri-free-hand-dual-uhf-black-and-silver-2\/#primaryimage"},"thumbnailUrl":"https:\/\/audibax.com\/wp-content\/uploads\/2023\/12\/Audibax-Free-Hand-Dual-UHF-microfonos-oferta.jpg","datePublished":"2023-12-11T12:42:27+00:00","dateModified":"2023-12-27T10:58:03+00:00","breadcrumb":{"@id":"https:\/\/audibax.com\/fr\/produit\/missouri-free-hand-dual-uhf-black-and-silver-2\/#breadcrumb"},"inLanguage":"fr-FR","potentialAction":[{"@type":"ReadAction","target":["https:\/\/audibax.com\/fr\/produit\/missouri-free-hand-dual-uhf-black-and-silver-2\/"]}]},{"@type":"ImageObject","inLanguage":"fr-FR","@id":"https:\/\/audibax.com\/fr\/produit\/missouri-free-hand-dual-uhf-black-and-silver-2\/#primaryimage","url":"https:\/\/audibax.com\/wp-content\/uploads\/2023\/12\/Audibax-Free-Hand-Dual-UHF-microfonos-oferta.jpg","contentUrl":"https:\/\/audibax.com\/wp-content\/uploads\/2023\/12\/Audibax-Free-Hand-Dual-UHF-microfonos-oferta.jpg","width":1000,"height":500},{"@type":"BreadcrumbList","@id":"https:\/\/audibax.com\/fr\/produit\/missouri-free-hand-dual-uhf-black-and-silver-2\/#breadcrumb","itemListElement":[{"@type":"ListItem","position":1,"name":"Portada","item":"https:\/\/audibax.com\/fr\/"},{"@type":"ListItem","position":2,"name":"Produits","item":"https:\/\/audibax.com\/fr\/shop\/"},{"@type":"ListItem","position":3,"name":"Missouri Free Hand Dual UHF Black and Silver"}]},{"@type":"WebSite","@id":"https:\/\/audibax.com\/fr\/#website","url":"https:\/\/audibax.com\/fr\/","name":"Audibax","description":"","publisher":{"@id":"https:\/\/audibax.com\/fr\/#organization"},"potentialAction":[{"@type":"SearchAction","target":{"@type":"EntryPoint","urlTemplate":"https:\/\/audibax.com\/fr\/?s={search_term_string}"},"query-input":{"@type":"PropertyValueSpecification","valueRequired":true,"valueName":"search_term_string"}}],"inLanguage":"fr-FR"},{"@type":"Organization","@id":"https:\/\/audibax.com\/fr\/#organization","name":"Audibax","url":"https:\/\/audibax.com\/fr\/","logo":{"@type":"ImageObject","inLanguage":"fr-FR","@id":"https:\/\/audibax.com\/fr\/#\/schema\/logo\/image\/","url":"https:\/\/audibax.com\/wp-content\/uploads\/2023\/09\/logo-Audibax-BLANCO-SVG-1.svg","contentUrl":"https:\/\/audibax.com\/wp-content\/uploads\/2023\/09\/logo-Audibax-BLANCO-SVG-1.svg","caption":"Audibax"},"image":{"@id":"https:\/\/audibax.com\/fr\/#\/schema\/logo\/image\/"}}]}},"_links":{"self":[{"href":"https:\/\/audibax.com\/fr\/wp-json\/wp\/v2\/product\/36682","targetHints":{"allow":["GET"]}}],"collection":[{"href":"https:\/\/audibax.com\/fr\/wp-json\/wp\/v2\/product"}],"about":[{"href":"https:\/\/audibax.com\/fr\/wp-json\/wp\/v2\/types\/product"}],"replies":[{"embeddable":true,"href":"https:\/\/audibax.com\/fr\/wp-json\/wp\/v2\/comments?post=36682"}],"wp:featuredmedia":[{"embeddable":true,"href":"https:\/\/audibax.com\/fr\/wp-json\/wp\/v2\/media\/17184"}],"wp:attachment":[{"href":"https:\/\/audibax.com\/fr\/wp-json\/wp\/v2\/media?parent=36682"}],"wp:term":[{"taxonomy":"product_cat","embeddable":true,"href":"https:\/\/audibax.com\/fr\/wp-json\/wp\/v2\/product_cat?post=36682"},{"taxonomy":"product_tag","embeddable":true,"href":"https:\/\/audibax.com\/fr\/wp-json\/wp\/v2\/product_tag?post=36682"}],"curies":[{"name":"wp","href":"https:\/\/api.w.org\/{rel}","templated":true}]}}