{"id":36678,"date":"2023-12-11T13:42:19","date_gmt":"2023-12-11T12:42:19","guid":{"rendered":"https:\/\/audibax.com\/product\/missouri-2500-b-black-2\/"},"modified":"2023-12-27T11:58:00","modified_gmt":"2023-12-27T10:58:00","slug":"missouri-2500-b-black-2","status":"publish","type":"product","link":"https:\/\/audibax.com\/fr\/produit\/missouri-2500-b-black-2\/","title":{"rendered":"Missouri 2500 B Black"},"content":{"rendered":"<\/p>\n<p><strong>Audibax MISSOURI 2500-1 Microphone sans fil professionnel double Lavalier \/ Madona Freq. B<\/strong><\/p>\n<p><strong>Audibax Missouri 2500<\/strong> Fr\u00e9quence B est un syst\u00e8me de microphone sans fil VHF double comprenant 2 microphones Lavalier et 2 microphones Headworn.<br \/> Avec Audibax Missouri 2500 vous aurez une grande qualit\u00e9 de son et une couverture jusqu&rsquo;\u00e0 80 m\u00e8tres sans interf\u00e9rence gr\u00e2ce au <strong>Syst\u00e8me d&rsquo;Antenne Diversit\u00e9<\/strong><br \/>.<\/strong><\/strong><\/p>\n<p>Les bo\u00eetiers Pettec fonctionnent avec diff\u00e9rentes fr\u00e9quences <strong>185.500 Mhz\/ 191.900 Mhz<\/strong>, disposent \u00e9galement<br \/> d&rsquo;un interrupteur marche\/arr\u00eat et d&rsquo;un r\u00e9glage de sourdine et de gain pour les microphones, son alimentation se fait par 2 piles<br \/> de type AA qui assurent une grande autonomie d&rsquo;utilisation.<\/p>\n<p> Les microphones lavalier et casque montent une capsule microphonique dynamique cardio\u00efde<\/p>\n<p> <strong>Caract\u00e9ristiques techniques Audibax 2500<\/strong><br \/> <strong>Audibax 2500 Caract\u00e9ristiques techniques<\/strong><br \/> <strong><br \/>Audibax 2500 Caract\u00e9ristiques techniques<\/strong><br \/> <strong><br \/> <strong><br \/> <strong><br \/> <strong>Audibax 2500 Caract\u00e9ristiques techniques<\/strong><\/p>\n<p>.<\/p>\n<ul>\n<ul>\n<li>Syst\u00e8me de microphones de poche VHF double avec 2 microphones de poche lavalier et madone<\/li>\n<li>2 pochettes de microphones \u00e0 gain ind\u00e9pendant.<\/li>\n<li>2 microphones de type lavalier<\/li>\n<li>2 microphones de type madonna<\/li>\n<li>Pochettes avec interrupteur marche\/arr\u00eat et sourdine.<\/li>\n<li>Capsule cardio\u00efde dynamique<\/li>\n<li>1 r\u00e9cepteur double avec indicateur d&rsquo;affichage.<\/li>\n<li>Indicateurs RF\/AF<\/li>\n<li>Antennes de diversit\u00e9 pour une meilleure r\u00e9ception du signal<\/li>\n<li>Volumes ind\u00e9pendants ;Canaux ind\u00e9pendants pour chaque canal sur le R\u00e9cepteur uniquement<\/li>\n<li>Commande \u00e0 quartz pour une stabilit\u00e9 \u00e0 haute fr\u00e9quence<\/li>\n<li>Connecteurs de sortie XLR \/ Aux (6.35mm)<\/li>\n<li>Fr\u00e9quence de fonctionnement <strong>185.500 Mhz\/ 191.900 Mhz<\/strong>,<\/li>\n<li>R\u00e9ponse en fr\u00e9quence : 40 Hz &#8211; 18 Khz.<\/li>\n<li>Fr\u00e9quence stable : +- 0.0005%<\/li>\n<li>Distorsion totale nuisible : &lt;0.5%<\/li>\n<li>Relation signal-bruit : &lt;103dB<\/li>\n<li>Sensibilit\u00e9 : &#8211; 105 Db<\/li>\n<li>Distance de couverture : 80 m\u00e8tres env.<\/li>\n<li>Type de pile : AA<\/li>\n<li>Tension du r\u00e9cepteur : 230 Volts<br \/> &nbsp;<\/li>\n<\/ul>\n<p><strong>Contenu Audibax Missouri 2500 Frec B<\/strong><br \/> &nbsp;<\/p>\n<\/p>\n<p><strong>Audibax Missouri 2500 Frec B<\/strong><br \/> &nbsp;<\/p>\n<p><strong>Contenu.ul> <\/p>\n<li>1 R\u00e9cepteur double avec indicateur d&rsquo;affichage<\/li>\n<li>2 pochettes de microphones \u00e0 gain r\u00e9glable avec interrupteur marche\/arr\u00eat et interrupteur Mute<\/li>\n<li>2 pochettes de microphones avec interrupteur marche\/arr\u00eat et interrupteur Mute<\/li>\n<li>2 microphones \u00e0 gain r\u00e9glable<\/li>\n<li>2 microphones de type lavalier.2 microphones de type lavalier<\/li>\n<li>2 microphones de type Madonna<\/li>\n<li>1 c\u00e2ble de sortie audio Jack \u00e0 Jack<\/li>\n<\/ul>\n<li> <\/ul>\n<li>\n<li>2 Microphones avec interrupteur marche\/arr\u00eat et interrupteur Mute<\/li>\n<\/ul>\n<li>2 Microphones avec interrupteur marche\/arr\u00eat et interrupteur Mute<\/ul>\n<p>Les microphones de type lavalier ont \u00e9t\u00e9 con\u00e7us pour \u00eatre utilis\u00e9s dans des situations d&rsquo;urgence.<\/p>\n<p>Le syst\u00e8me Audibax Missouri 2500 a de multiples applications, sc\u00e8nes, chanteurs, pr\u00e9sentations, conf\u00e9rences, cours de gymnastique, etc.<\/p>\n","protected":false},"excerpt":{"rendered":"<p>Audibax MISSOURI 2500-1 Microphone sans fil professionnel double Lavalier \/ Madona Freq. B Audibax Missouri 2500 Fr\u00e9quence B est un syst\u00e8me de microphone sans fil VHF double comprenant 2 microphones Lavalier et 2 microphones Headworn. Avec Audibax Missouri 2500 vous aurez une grande qualit\u00e9 de son et une couverture jusqu&rsquo;\u00e0 80 m\u00e8tres sans interf\u00e9rence gr\u00e2ce [&hellip;]<\/p>\n","protected":false},"featured_media":17340,"comment_status":"open","ping_status":"closed","template":"","meta":{"_acf_changed":false},"product_cat":[371,387,389],"product_tag":[],"class_list":{"0":"post-36678","1":"product","2":"type-product","3":"status-publish","4":"has-post-thumbnail","6":"product_cat-microphones-fr","7":"product_cat-microphones-sans-fil","8":"product_cat-microphones-sans-fil-casque-decoute","10":"first","11":"instock","12":"shipping-taxable","13":"product-type-simple"},"acf":[],"yoast_head":"<!-- This site is optimized with the Yoast SEO plugin v27.0 - https:\/\/yoast.com\/product\/yoast-seo-wordpress\/ -->\n<title>Missouri 2500 B Black - Audibax<\/title>\n<meta name=\"robots\" content=\"index, follow, max-snippet:-1, max-image-preview:large, max-video-preview:-1\" \/>\n<link rel=\"canonical\" href=\"https:\/\/audibax.com\/fr\/produit\/missouri-2500-b-black-2\/\" \/>\n<meta property=\"og:locale\" content=\"fr_FR\" \/>\n<meta property=\"og:type\" content=\"article\" \/>\n<meta property=\"og:title\" content=\"Missouri 2500 B Black - Audibax\" \/>\n<meta property=\"og:description\" content=\"Audibax MISSOURI 2500-1 Microphone sans fil professionnel double Lavalier \/ Madona Freq. B Audibax Missouri 2500 Fr\u00e9quence B est un syst\u00e8me de microphone sans fil VHF double comprenant 2 microphones Lavalier et 2 microphones Headworn. Avec Audibax Missouri 2500 vous aurez une grande qualit\u00e9 de son et une couverture jusqu&rsquo;\u00e0 80 m\u00e8tres sans interf\u00e9rence gr\u00e2ce [&hellip;]\" \/>\n<meta property=\"og:url\" content=\"https:\/\/audibax.com\/fr\/produit\/missouri-2500-b-black-2\/\" \/>\n<meta property=\"og:site_name\" content=\"Audibax\" \/>\n<meta property=\"article:modified_time\" content=\"2023-12-27T10:58:00+00:00\" \/>\n<meta name=\"twitter:card\" content=\"summary_large_image\" \/>\n<meta name=\"twitter:label1\" content=\"Dur\u00e9e de lecture estim\u00e9e\" \/>\n\t<meta name=\"twitter:data1\" content=\"2 minutes\" \/>\n<script type=\"application\/ld+json\" class=\"yoast-schema-graph\">{\"@context\":\"https:\/\/schema.org\",\"@graph\":[{\"@type\":\"WebPage\",\"@id\":\"https:\/\/audibax.com\/fr\/produit\/missouri-2500-b-black-2\/\",\"url\":\"https:\/\/audibax.com\/fr\/produit\/missouri-2500-b-black-2\/\",\"name\":\"Missouri 2500 B Black - Audibax\",\"isPartOf\":{\"@id\":\"https:\/\/audibax.com\/fr\/#website\"},\"primaryImageOfPage\":{\"@id\":\"https:\/\/audibax.com\/fr\/produit\/missouri-2500-b-black-2\/#primaryimage\"},\"image\":{\"@id\":\"https:\/\/audibax.com\/fr\/produit\/missouri-2500-b-black-2\/#primaryimage\"},\"thumbnailUrl\":\"https:\/\/audibax.com\/wp-content\/uploads\/2023\/12\/audibax-missouri2500-b-microfono-inalambrico.jpg\",\"datePublished\":\"2023-12-11T12:42:19+00:00\",\"dateModified\":\"2023-12-27T10:58:00+00:00\",\"breadcrumb\":{\"@id\":\"https:\/\/audibax.com\/fr\/produit\/missouri-2500-b-black-2\/#breadcrumb\"},\"inLanguage\":\"fr-FR\",\"potentialAction\":[{\"@type\":\"ReadAction\",\"target\":[\"https:\/\/audibax.com\/fr\/produit\/missouri-2500-b-black-2\/\"]}]},{\"@type\":\"ImageObject\",\"inLanguage\":\"fr-FR\",\"@id\":\"https:\/\/audibax.com\/fr\/produit\/missouri-2500-b-black-2\/#primaryimage\",\"url\":\"https:\/\/audibax.com\/wp-content\/uploads\/2023\/12\/audibax-missouri2500-b-microfono-inalambrico.jpg\",\"contentUrl\":\"https:\/\/audibax.com\/wp-content\/uploads\/2023\/12\/audibax-missouri2500-b-microfono-inalambrico.jpg\",\"width\":1000,\"height\":500},{\"@type\":\"BreadcrumbList\",\"@id\":\"https:\/\/audibax.com\/fr\/produit\/missouri-2500-b-black-2\/#breadcrumb\",\"itemListElement\":[{\"@type\":\"ListItem\",\"position\":1,\"name\":\"Portada\",\"item\":\"https:\/\/audibax.com\/fr\/\"},{\"@type\":\"ListItem\",\"position\":2,\"name\":\"Produits\",\"item\":\"https:\/\/audibax.com\/fr\/shop\/\"},{\"@type\":\"ListItem\",\"position\":3,\"name\":\"Missouri 2500 B Black\"}]},{\"@type\":\"WebSite\",\"@id\":\"https:\/\/audibax.com\/fr\/#website\",\"url\":\"https:\/\/audibax.com\/fr\/\",\"name\":\"Audibax\",\"description\":\"\",\"publisher\":{\"@id\":\"https:\/\/audibax.com\/fr\/#organization\"},\"potentialAction\":[{\"@type\":\"SearchAction\",\"target\":{\"@type\":\"EntryPoint\",\"urlTemplate\":\"https:\/\/audibax.com\/fr\/?s={search_term_string}\"},\"query-input\":{\"@type\":\"PropertyValueSpecification\",\"valueRequired\":true,\"valueName\":\"search_term_string\"}}],\"inLanguage\":\"fr-FR\"},{\"@type\":\"Organization\",\"@id\":\"https:\/\/audibax.com\/fr\/#organization\",\"name\":\"Audibax\",\"url\":\"https:\/\/audibax.com\/fr\/\",\"logo\":{\"@type\":\"ImageObject\",\"inLanguage\":\"fr-FR\",\"@id\":\"https:\/\/audibax.com\/fr\/#\/schema\/logo\/image\/\",\"url\":\"https:\/\/audibax.com\/wp-content\/uploads\/2023\/09\/logo-Audibax-BLANCO-SVG-1.svg\",\"contentUrl\":\"https:\/\/audibax.com\/wp-content\/uploads\/2023\/09\/logo-Audibax-BLANCO-SVG-1.svg\",\"caption\":\"Audibax\"},\"image\":{\"@id\":\"https:\/\/audibax.com\/fr\/#\/schema\/logo\/image\/\"}}]}<\/script>\n<!-- \/ Yoast SEO plugin. -->","yoast_head_json":{"title":"Missouri 2500 B Black - Audibax","robots":{"index":"index","follow":"follow","max-snippet":"max-snippet:-1","max-image-preview":"max-image-preview:large","max-video-preview":"max-video-preview:-1"},"canonical":"https:\/\/audibax.com\/fr\/produit\/missouri-2500-b-black-2\/","og_locale":"fr_FR","og_type":"article","og_title":"Missouri 2500 B Black - Audibax","og_description":"Audibax MISSOURI 2500-1 Microphone sans fil professionnel double Lavalier \/ Madona Freq. B Audibax Missouri 2500 Fr\u00e9quence B est un syst\u00e8me de microphone sans fil VHF double comprenant 2 microphones Lavalier et 2 microphones Headworn. Avec Audibax Missouri 2500 vous aurez une grande qualit\u00e9 de son et une couverture jusqu&rsquo;\u00e0 80 m\u00e8tres sans interf\u00e9rence gr\u00e2ce [&hellip;]","og_url":"https:\/\/audibax.com\/fr\/produit\/missouri-2500-b-black-2\/","og_site_name":"Audibax","article_modified_time":"2023-12-27T10:58:00+00:00","twitter_card":"summary_large_image","twitter_misc":{"Dur\u00e9e de lecture estim\u00e9e":"2 minutes"},"schema":{"@context":"https:\/\/schema.org","@graph":[{"@type":"WebPage","@id":"https:\/\/audibax.com\/fr\/produit\/missouri-2500-b-black-2\/","url":"https:\/\/audibax.com\/fr\/produit\/missouri-2500-b-black-2\/","name":"Missouri 2500 B Black - Audibax","isPartOf":{"@id":"https:\/\/audibax.com\/fr\/#website"},"primaryImageOfPage":{"@id":"https:\/\/audibax.com\/fr\/produit\/missouri-2500-b-black-2\/#primaryimage"},"image":{"@id":"https:\/\/audibax.com\/fr\/produit\/missouri-2500-b-black-2\/#primaryimage"},"thumbnailUrl":"https:\/\/audibax.com\/wp-content\/uploads\/2023\/12\/audibax-missouri2500-b-microfono-inalambrico.jpg","datePublished":"2023-12-11T12:42:19+00:00","dateModified":"2023-12-27T10:58:00+00:00","breadcrumb":{"@id":"https:\/\/audibax.com\/fr\/produit\/missouri-2500-b-black-2\/#breadcrumb"},"inLanguage":"fr-FR","potentialAction":[{"@type":"ReadAction","target":["https:\/\/audibax.com\/fr\/produit\/missouri-2500-b-black-2\/"]}]},{"@type":"ImageObject","inLanguage":"fr-FR","@id":"https:\/\/audibax.com\/fr\/produit\/missouri-2500-b-black-2\/#primaryimage","url":"https:\/\/audibax.com\/wp-content\/uploads\/2023\/12\/audibax-missouri2500-b-microfono-inalambrico.jpg","contentUrl":"https:\/\/audibax.com\/wp-content\/uploads\/2023\/12\/audibax-missouri2500-b-microfono-inalambrico.jpg","width":1000,"height":500},{"@type":"BreadcrumbList","@id":"https:\/\/audibax.com\/fr\/produit\/missouri-2500-b-black-2\/#breadcrumb","itemListElement":[{"@type":"ListItem","position":1,"name":"Portada","item":"https:\/\/audibax.com\/fr\/"},{"@type":"ListItem","position":2,"name":"Produits","item":"https:\/\/audibax.com\/fr\/shop\/"},{"@type":"ListItem","position":3,"name":"Missouri 2500 B Black"}]},{"@type":"WebSite","@id":"https:\/\/audibax.com\/fr\/#website","url":"https:\/\/audibax.com\/fr\/","name":"Audibax","description":"","publisher":{"@id":"https:\/\/audibax.com\/fr\/#organization"},"potentialAction":[{"@type":"SearchAction","target":{"@type":"EntryPoint","urlTemplate":"https:\/\/audibax.com\/fr\/?s={search_term_string}"},"query-input":{"@type":"PropertyValueSpecification","valueRequired":true,"valueName":"search_term_string"}}],"inLanguage":"fr-FR"},{"@type":"Organization","@id":"https:\/\/audibax.com\/fr\/#organization","name":"Audibax","url":"https:\/\/audibax.com\/fr\/","logo":{"@type":"ImageObject","inLanguage":"fr-FR","@id":"https:\/\/audibax.com\/fr\/#\/schema\/logo\/image\/","url":"https:\/\/audibax.com\/wp-content\/uploads\/2023\/09\/logo-Audibax-BLANCO-SVG-1.svg","contentUrl":"https:\/\/audibax.com\/wp-content\/uploads\/2023\/09\/logo-Audibax-BLANCO-SVG-1.svg","caption":"Audibax"},"image":{"@id":"https:\/\/audibax.com\/fr\/#\/schema\/logo\/image\/"}}]}},"_links":{"self":[{"href":"https:\/\/audibax.com\/fr\/wp-json\/wp\/v2\/product\/36678","targetHints":{"allow":["GET"]}}],"collection":[{"href":"https:\/\/audibax.com\/fr\/wp-json\/wp\/v2\/product"}],"about":[{"href":"https:\/\/audibax.com\/fr\/wp-json\/wp\/v2\/types\/product"}],"replies":[{"embeddable":true,"href":"https:\/\/audibax.com\/fr\/wp-json\/wp\/v2\/comments?post=36678"}],"wp:featuredmedia":[{"embeddable":true,"href":"https:\/\/audibax.com\/fr\/wp-json\/wp\/v2\/media\/17340"}],"wp:attachment":[{"href":"https:\/\/audibax.com\/fr\/wp-json\/wp\/v2\/media?parent=36678"}],"wp:term":[{"taxonomy":"product_cat","embeddable":true,"href":"https:\/\/audibax.com\/fr\/wp-json\/wp\/v2\/product_cat?post=36678"},{"taxonomy":"product_tag","embeddable":true,"href":"https:\/\/audibax.com\/fr\/wp-json\/wp\/v2\/product_tag?post=36678"}],"curies":[{"name":"wp","href":"https:\/\/api.w.org\/{rel}","templated":true}]}}