{"id":36675,"date":"2023-12-11T13:42:06","date_gmt":"2023-12-11T12:42:06","guid":{"rendered":"https:\/\/audibax.com\/product\/missouri-3000-black-2\/"},"modified":"2025-06-25T11:59:37","modified_gmt":"2025-06-25T09:59:37","slug":"missouri-3000-black-2","status":"publish","type":"product","link":"https:\/\/audibax.com\/fr\/produit\/missouri-3000-black-2\/","title":{"rendered":"Missouri 3000 Black"},"content":{"rendered":"<p><strong>Audibax Missouri 3000 Professional Wireless Dual Handheld \/ Headset \/ Headworn Microphone<\/strong><\/p>\n<p><strong>Audibax Missouri 3000<\/strong> est un <strong>Audibax Missouri 3000<\/strong> Syst\u00e8me de microphone \u00e0 main double sans fil VHF qui comprend <strong>1 microphone \u00e0 main et 1 micro-casque<\/strong>.Le syst\u00e8me de microphone sans fil VHF double qui comprend <strong>1 microphone \u00e0 main et 1 Lavalier de qualit\u00e9 professionnelle et un micro-casque avec micro-casque<\/strong>.<\/p>\n<p>Avec Audibax Missouri 3000, vous b\u00e9n\u00e9ficierez d&rsquo;une grande qualit\u00e9 sonore et d&rsquo;une <strong>couverture jusqu&rsquo;\u00e0 80 m\u00e8tres<\/strong> sans interf\u00e9rences gr\u00e2ce au <strong>syst\u00e8me d&rsquo;antenne \u00e0 diversit\u00e9<\/strong>.<\/p>\n<p><strong><br \/>\nEmetteurs Syst\u00e8me Audibax 3000<\/strong><\/p>\n<ul>\n<li>Les \u00e9metteurs fonctionnent avec diff\u00e9rentes fr\u00e9quences <strong>179.300 Mhz &#8211; 188,100 Mhz.<\/strong><\/li>\n<li>Ils disposent \u00e9galement d&rsquo;un interrupteur marche\/arr\u00eat et d&rsquo;une sourdine<\/li>\n<li>Ils montent une<strong>capsule de microphone Din\u00f3nica<\/strong><\/li>\n<li>Din\u00f3nica Cardioaacute;mica Cardio\u00efde<\/li>\n<li>Ils sont aliment\u00e9s par 2 piles AA qui offrent une grande autonomie d&rsquo;utilisation.<\/li>\n<\/ul>\n<p><strong>Audibax 3000 Sp\u00e9cifications techniques<\/strong><\/p>\n<ul>\n<li style=\"list-style-type: none;\">\n<ul>\n<li style=\"list-style-type: none;\">\n<ul>\n<li>Les appareils sont dot\u00e9s de 2 piles AA qui leur conf\u00e8rent une grande autonomie d&rsquo;utilisation.<strong>Syst\u00e8me de microphone \u00e0 main \/ casque VHF double<\/strong><\/li>\n<li>Indicateurs RF\/AF<\/li>\n<li><strong>1 Syst\u00e8me de microphone \u00e0 main \/ casque<\/strong><\/li>\n<li><strong>Syst\u00e8me de microphone VHF double1 microphone \u00e0 main<\/strong> avec \u00e9cran<\/li>\n<li><strong>1 pochette avec deux microphones (casque et cravate)<\/strong><\/li>\n<li>Interrupteur marche\/arr\u00eat et sourisInterrupteur marche\/arr\u00eat et interrupteur de sourdine sur le microphone<\/li>\n<li>Capsules cardio\u00efdes dynamiques<\/li>\n<li>1 R\u00e9cepteur double avec indicateur d&rsquo;affichage.<\/li>\n<li>Antennes diversifi\u00e9es pour une meilleure captation du signal<\/li>\n<li>Tensions ind\u00e9pendantes pour chaque canal<\/li>\n<li>Antennes diversifi\u00e9es pour une meilleure captation du signal<\/li>\n<li>Antennes diversifi\u00e9es pour une meilleure captation du signal<\/li>\n<li>Tensions ind\u00e9pendantes pour chaque canal<\/li>\n<li>R\u00e9cepteur diversifi\u00e9 avec indicateur d&rsquo;affichage.<\/li>\n<li>Commande \u00e0 quartz pour une stabilit\u00e9 des hautes fr\u00e9quences<\/li>\n<li>Connecteurs de sortie XLR \/ Aux (6.35mm)<\/li>\n<li>Fr\u00e9quence de fonctionnement <strong>179,300 Mhz &#8211; 188,100 Mhz<\/strong><\/li>\n<li>R\u00e9ponse en fr\u00e9quence : 40 Hz &#8211; 18 Khz.<\/li>\n<li>Fr\u00e9quence stable : +- 0.0005%<\/li>\n<li>Distorsion totale nuisible : &lt;0.5%<\/li>\n<li>Relation signal-bruit : &lt;103dB<\/li>\n<li>Sensibilit\u00e9 : &#8211; 105 Db<\/li>\n<li>Port\u00e9e : 80 m\u00e8tres env.<\/li>\n<li>Type de pile : AA<\/li>\n<li>Tension de fonctionnement du r\u00e9cepteur : 230 Volts<\/li>\n<\/ul>\n<\/li>\n<\/ul>\n<\/li>\n<\/ul>\n<p>&nbsp;<\/p>\n<p>Tension de fonctionnement du r\u00e9cepteur : 230 Volts<\/p>\n<p>.<\/p>\n","protected":false},"excerpt":{"rendered":"<p>Microphone double sans fil professionnel \u00e0 main \/ micro-casque<\/p>\n<p>Microphone double sans fil professionnel \u00e0 main \/ micro-casque<\/p>\n<p>&lt;p<\/p>\n","protected":false},"featured_media":17343,"comment_status":"open","ping_status":"closed","template":"","meta":{"_acf_changed":false},"product_cat":[371,387,702,389],"product_tag":[],"class_list":{"0":"post-36675","1":"product","2":"type-product","3":"status-publish","4":"has-post-thumbnail","6":"product_cat-microphones-fr","7":"product_cat-microphones-sans-fil","8":"product_cat-microphones-sans-fil-a-main","9":"product_cat-microphones-sans-fil-casque-decoute","11":"first","12":"instock","13":"shipping-taxable","14":"product-type-simple"},"acf":[],"yoast_head":"<!-- This site is optimized with the Yoast SEO plugin v27.0 - https:\/\/yoast.com\/product\/yoast-seo-wordpress\/ -->\n<title>Missouri 3000 Black - Audibax<\/title>\n<meta name=\"robots\" content=\"index, follow, max-snippet:-1, max-image-preview:large, max-video-preview:-1\" \/>\n<link rel=\"canonical\" href=\"https:\/\/audibax.com\/fr\/produit\/missouri-3000-black-2\/\" \/>\n<meta property=\"og:locale\" content=\"fr_FR\" \/>\n<meta property=\"og:type\" content=\"article\" \/>\n<meta property=\"og:title\" content=\"Missouri 3000 Black - Audibax\" \/>\n<meta property=\"og:description\" content=\"Microphone double sans fil professionnel \u00e0 main \/ micro-casque  Microphone double sans fil professionnel \u00e0 main \/ micro-casque  &lt;p\" \/>\n<meta property=\"og:url\" content=\"https:\/\/audibax.com\/fr\/produit\/missouri-3000-black-2\/\" \/>\n<meta property=\"og:site_name\" content=\"Audibax\" \/>\n<meta property=\"article:modified_time\" content=\"2025-06-25T09:59:37+00:00\" \/>\n<meta property=\"og:image\" content=\"https:\/\/audibax.com\/wp-content\/uploads\/2023\/12\/audibax-missouri-3000-microfono-inalambrico-mano-diadema-corbata-accesorios.jpg\" \/>\n\t<meta property=\"og:image:width\" content=\"1000\" \/>\n\t<meta property=\"og:image:height\" content=\"500\" \/>\n\t<meta property=\"og:image:type\" content=\"image\/jpeg\" \/>\n<meta name=\"twitter:card\" content=\"summary_large_image\" \/>\n<meta name=\"twitter:label1\" content=\"Dur\u00e9e de lecture estim\u00e9e\" \/>\n\t<meta name=\"twitter:data1\" content=\"2 minutes\" \/>\n<script type=\"application\/ld+json\" class=\"yoast-schema-graph\">{\"@context\":\"https:\/\/schema.org\",\"@graph\":[{\"@type\":\"WebPage\",\"@id\":\"https:\/\/audibax.com\/fr\/produit\/missouri-3000-black-2\/\",\"url\":\"https:\/\/audibax.com\/fr\/produit\/missouri-3000-black-2\/\",\"name\":\"Missouri 3000 Black - Audibax\",\"isPartOf\":{\"@id\":\"https:\/\/audibax.com\/fr\/#website\"},\"primaryImageOfPage\":{\"@id\":\"https:\/\/audibax.com\/fr\/produit\/missouri-3000-black-2\/#primaryimage\"},\"image\":{\"@id\":\"https:\/\/audibax.com\/fr\/produit\/missouri-3000-black-2\/#primaryimage\"},\"thumbnailUrl\":\"https:\/\/audibax.com\/wp-content\/uploads\/2023\/12\/audibax-missouri-3000-microfono-inalambrico-mano-diadema-corbata-accesorios.jpg\",\"datePublished\":\"2023-12-11T12:42:06+00:00\",\"dateModified\":\"2025-06-25T09:59:37+00:00\",\"breadcrumb\":{\"@id\":\"https:\/\/audibax.com\/fr\/produit\/missouri-3000-black-2\/#breadcrumb\"},\"inLanguage\":\"fr-FR\",\"potentialAction\":[{\"@type\":\"ReadAction\",\"target\":[\"https:\/\/audibax.com\/fr\/produit\/missouri-3000-black-2\/\"]}]},{\"@type\":\"ImageObject\",\"inLanguage\":\"fr-FR\",\"@id\":\"https:\/\/audibax.com\/fr\/produit\/missouri-3000-black-2\/#primaryimage\",\"url\":\"https:\/\/audibax.com\/wp-content\/uploads\/2023\/12\/audibax-missouri-3000-microfono-inalambrico-mano-diadema-corbata-accesorios.jpg\",\"contentUrl\":\"https:\/\/audibax.com\/wp-content\/uploads\/2023\/12\/audibax-missouri-3000-microfono-inalambrico-mano-diadema-corbata-accesorios.jpg\",\"width\":1000,\"height\":500},{\"@type\":\"BreadcrumbList\",\"@id\":\"https:\/\/audibax.com\/fr\/produit\/missouri-3000-black-2\/#breadcrumb\",\"itemListElement\":[{\"@type\":\"ListItem\",\"position\":1,\"name\":\"Portada\",\"item\":\"https:\/\/audibax.com\/fr\/\"},{\"@type\":\"ListItem\",\"position\":2,\"name\":\"Produits\",\"item\":\"https:\/\/audibax.com\/fr\/shop\/\"},{\"@type\":\"ListItem\",\"position\":3,\"name\":\"Missouri 3000 Black\"}]},{\"@type\":\"WebSite\",\"@id\":\"https:\/\/audibax.com\/fr\/#website\",\"url\":\"https:\/\/audibax.com\/fr\/\",\"name\":\"Audibax\",\"description\":\"\",\"publisher\":{\"@id\":\"https:\/\/audibax.com\/fr\/#organization\"},\"potentialAction\":[{\"@type\":\"SearchAction\",\"target\":{\"@type\":\"EntryPoint\",\"urlTemplate\":\"https:\/\/audibax.com\/fr\/?s={search_term_string}\"},\"query-input\":{\"@type\":\"PropertyValueSpecification\",\"valueRequired\":true,\"valueName\":\"search_term_string\"}}],\"inLanguage\":\"fr-FR\"},{\"@type\":\"Organization\",\"@id\":\"https:\/\/audibax.com\/fr\/#organization\",\"name\":\"Audibax\",\"url\":\"https:\/\/audibax.com\/fr\/\",\"logo\":{\"@type\":\"ImageObject\",\"inLanguage\":\"fr-FR\",\"@id\":\"https:\/\/audibax.com\/fr\/#\/schema\/logo\/image\/\",\"url\":\"https:\/\/audibax.com\/wp-content\/uploads\/2023\/09\/logo-Audibax-BLANCO-SVG-1.svg\",\"contentUrl\":\"https:\/\/audibax.com\/wp-content\/uploads\/2023\/09\/logo-Audibax-BLANCO-SVG-1.svg\",\"caption\":\"Audibax\"},\"image\":{\"@id\":\"https:\/\/audibax.com\/fr\/#\/schema\/logo\/image\/\"}}]}<\/script>\n<!-- \/ Yoast SEO plugin. -->","yoast_head_json":{"title":"Missouri 3000 Black - Audibax","robots":{"index":"index","follow":"follow","max-snippet":"max-snippet:-1","max-image-preview":"max-image-preview:large","max-video-preview":"max-video-preview:-1"},"canonical":"https:\/\/audibax.com\/fr\/produit\/missouri-3000-black-2\/","og_locale":"fr_FR","og_type":"article","og_title":"Missouri 3000 Black - Audibax","og_description":"Microphone double sans fil professionnel \u00e0 main \/ micro-casque  Microphone double sans fil professionnel \u00e0 main \/ micro-casque  &lt;p","og_url":"https:\/\/audibax.com\/fr\/produit\/missouri-3000-black-2\/","og_site_name":"Audibax","article_modified_time":"2025-06-25T09:59:37+00:00","og_image":[{"width":1000,"height":500,"url":"https:\/\/audibax.com\/wp-content\/uploads\/2023\/12\/audibax-missouri-3000-microfono-inalambrico-mano-diadema-corbata-accesorios.jpg","type":"image\/jpeg"}],"twitter_card":"summary_large_image","twitter_misc":{"Dur\u00e9e de lecture estim\u00e9e":"2 minutes"},"schema":{"@context":"https:\/\/schema.org","@graph":[{"@type":"WebPage","@id":"https:\/\/audibax.com\/fr\/produit\/missouri-3000-black-2\/","url":"https:\/\/audibax.com\/fr\/produit\/missouri-3000-black-2\/","name":"Missouri 3000 Black - Audibax","isPartOf":{"@id":"https:\/\/audibax.com\/fr\/#website"},"primaryImageOfPage":{"@id":"https:\/\/audibax.com\/fr\/produit\/missouri-3000-black-2\/#primaryimage"},"image":{"@id":"https:\/\/audibax.com\/fr\/produit\/missouri-3000-black-2\/#primaryimage"},"thumbnailUrl":"https:\/\/audibax.com\/wp-content\/uploads\/2023\/12\/audibax-missouri-3000-microfono-inalambrico-mano-diadema-corbata-accesorios.jpg","datePublished":"2023-12-11T12:42:06+00:00","dateModified":"2025-06-25T09:59:37+00:00","breadcrumb":{"@id":"https:\/\/audibax.com\/fr\/produit\/missouri-3000-black-2\/#breadcrumb"},"inLanguage":"fr-FR","potentialAction":[{"@type":"ReadAction","target":["https:\/\/audibax.com\/fr\/produit\/missouri-3000-black-2\/"]}]},{"@type":"ImageObject","inLanguage":"fr-FR","@id":"https:\/\/audibax.com\/fr\/produit\/missouri-3000-black-2\/#primaryimage","url":"https:\/\/audibax.com\/wp-content\/uploads\/2023\/12\/audibax-missouri-3000-microfono-inalambrico-mano-diadema-corbata-accesorios.jpg","contentUrl":"https:\/\/audibax.com\/wp-content\/uploads\/2023\/12\/audibax-missouri-3000-microfono-inalambrico-mano-diadema-corbata-accesorios.jpg","width":1000,"height":500},{"@type":"BreadcrumbList","@id":"https:\/\/audibax.com\/fr\/produit\/missouri-3000-black-2\/#breadcrumb","itemListElement":[{"@type":"ListItem","position":1,"name":"Portada","item":"https:\/\/audibax.com\/fr\/"},{"@type":"ListItem","position":2,"name":"Produits","item":"https:\/\/audibax.com\/fr\/shop\/"},{"@type":"ListItem","position":3,"name":"Missouri 3000 Black"}]},{"@type":"WebSite","@id":"https:\/\/audibax.com\/fr\/#website","url":"https:\/\/audibax.com\/fr\/","name":"Audibax","description":"","publisher":{"@id":"https:\/\/audibax.com\/fr\/#organization"},"potentialAction":[{"@type":"SearchAction","target":{"@type":"EntryPoint","urlTemplate":"https:\/\/audibax.com\/fr\/?s={search_term_string}"},"query-input":{"@type":"PropertyValueSpecification","valueRequired":true,"valueName":"search_term_string"}}],"inLanguage":"fr-FR"},{"@type":"Organization","@id":"https:\/\/audibax.com\/fr\/#organization","name":"Audibax","url":"https:\/\/audibax.com\/fr\/","logo":{"@type":"ImageObject","inLanguage":"fr-FR","@id":"https:\/\/audibax.com\/fr\/#\/schema\/logo\/image\/","url":"https:\/\/audibax.com\/wp-content\/uploads\/2023\/09\/logo-Audibax-BLANCO-SVG-1.svg","contentUrl":"https:\/\/audibax.com\/wp-content\/uploads\/2023\/09\/logo-Audibax-BLANCO-SVG-1.svg","caption":"Audibax"},"image":{"@id":"https:\/\/audibax.com\/fr\/#\/schema\/logo\/image\/"}}]}},"_links":{"self":[{"href":"https:\/\/audibax.com\/fr\/wp-json\/wp\/v2\/product\/36675","targetHints":{"allow":["GET"]}}],"collection":[{"href":"https:\/\/audibax.com\/fr\/wp-json\/wp\/v2\/product"}],"about":[{"href":"https:\/\/audibax.com\/fr\/wp-json\/wp\/v2\/types\/product"}],"replies":[{"embeddable":true,"href":"https:\/\/audibax.com\/fr\/wp-json\/wp\/v2\/comments?post=36675"}],"wp:featuredmedia":[{"embeddable":true,"href":"https:\/\/audibax.com\/fr\/wp-json\/wp\/v2\/media\/17343"}],"wp:attachment":[{"href":"https:\/\/audibax.com\/fr\/wp-json\/wp\/v2\/media?parent=36675"}],"wp:term":[{"taxonomy":"product_cat","embeddable":true,"href":"https:\/\/audibax.com\/fr\/wp-json\/wp\/v2\/product_cat?post=36675"},{"taxonomy":"product_tag","embeddable":true,"href":"https:\/\/audibax.com\/fr\/wp-json\/wp\/v2\/product_tag?post=36675"}],"curies":[{"name":"wp","href":"https:\/\/api.w.org\/{rel}","templated":true}]}}