{"id":36671,"date":"2023-12-11T13:41:56","date_gmt":"2023-12-11T12:41:56","guid":{"rendered":"https:\/\/audibax.com\/product\/sidney-1250-b-black-2\/"},"modified":"2023-12-27T11:57:55","modified_gmt":"2023-12-27T10:57:55","slug":"sidney-1250-b-black-2","status":"publish","type":"product","link":"https:\/\/audibax.com\/fr\/produit\/sidney-1250-b-black-2\/","title":{"rendered":"Sidney 1250 B Black"},"content":{"rendered":"<\/p>\n<p><strong>Microphone portable UHF \u00e0 double bande<\/strong>&nbsp;Audibax Sidney 1200 Frec. B<strong>&#038;nbsp ;( 570.3 Mhz &#8211; 640.7 Mhz )<\/strong><\/p>\n<p>Audibax&nbsp;<strong>Sidney 1200 B<\/strong>&nbsp;est un syst\u00e8me de micro&#038;oacute ;syst\u00e8me de microphone sans fil UHF double qui comprend 2 microphones \u00e0 main de qualit\u00e9 professionnelle<\/p>\n<p>Avec Sidney 1200, vous aurez un syst\u00e8me de microphone de haute qualit\u00e9 et de sonorit\u00e9 professionnelle<\/p>\n<p>Sidney 1200 B<\/strong>.Avec Sidney 1200, vous disposerez d&rsquo;une grande qualit\u00e9 sonore et d&rsquo;une couverture jusqu&rsquo;\u00e0 80 m\u00e8tres sans interf\u00e9rences gr\u00e2ce au <strong>syst\u00e8me d&rsquo;antenne \u00e0 diversit\u00e9<\/strong>&nbsp;<strong>et au fonctionnement en bande UHF.<\/strong><\/strong><\/p>\n<p>Gr\u00e2ce \u00e0 la <strong>bande UHF \u00e9mission \/ r\u00e9ception<\/strong>&nbsp;vous aurez un son propre et sans interf\u00e9rence.<\/p>\n<p>L&rsquo;\u00e9metteur portatif d\u00e9tecte lorsque la batterie est faible, l&rsquo;affichage de l&rsquo;indicateur de fr\u00e9quence change de couleur et devient rouge.<\/p>\n<p>Sans c\u00e2bles, le microphone UHF Audibax vous offre une qualit\u00e9 sonore professionnelle.<\/p>\n<p>Le r\u00e9cepteur dispose de <strong>deux sorties audio XLR sym\u00e9triques ind\u00e9pendantes<\/strong>&nbsp;pour chaque canal.<\/p>\n<p> <strong>Caract\u00e9ristiques g\u00e9n\u00e9rales Microphone UHF Audibax Sidney 1250 Frec. B<\/strong><\/strong><\/p>\n<ul>\n<li>Syst\u00e8me double de microphones \u00e0 main UHF<\/li>\n<li>Indicateurs RF\/AF<\/li>\n<li>2 microphones \u00e0 main avec affichage<\/li>\n<li>Interrupteur marche\/arr\u00eat<\/li>\n<li>Dialer avec affichage<\/li>\n<li>Dialer avec indicateurs RF\/AF<\/li>\n<li>2 microphones \u00e0 main avec affichage<\/li>\n<li>Affichage.\n<li>Interrupteur marche\/arr\u00eat du micro<\/li>\n<li>Capsule dynamique<\/strong> <strong>Cardio\u00efde<\/strong><\/strong><\/li>\n<li>1 R\u00e9cepteur double avec indicateur d&rsquo;affichage.<\/li>\n<li>Antennes diversifi\u00e9es pour une meilleure r\u00e9ception du signal<\/li>\n<li>Fr\u00e9quence de fonctionnement:<strong>570.3 Mhz &#8211; 640.7 Mhz<\/strong><\/strong><\/li>\n<li>Fr\u00e9quence stable : +- 0.0005%<\/li>\n<li>Tensions ind\u00e9pendantes pour chaque microphone<\/li>\n<li>Mode de modulation :&nbsp;<strong>UHF Dual Wireless<\/strong><\/strong><\/li>\n<li>Fr\u00e9quence de r\u00e9ponse : 40 HZ &#8211; 18 Khz<\/li>\n<li>Rapport signal\/bruit : &#038;gt ; 103 Db ( 1 Khz )<\/li>\n<li>Distorsion harmonique : &#038;lt ; 0.5 %<\/li>\n<li>Sensibilit\u00e9 : -105 Db<\/li>\n<li>Puissance de sortie RF : &#038;lt ; 10 Mw<\/li>\n<li>2 sorties audio XLR sym\u00e9triques<\/li>\n<li>1 sortie audio combin\u00e9e Jack 6,35 mm<\/li>\n<li>Port\u00e9e de couverture : 80 m\u00e8tres env.<\/li>\n<li>Dur\u00e9e de vie des piles : Environ 8 heures<\/li>\n<li>Type de pile : AA<\/li>\n<li>Tension de fonctionnement du r\u00e9cepteur : 230 Volts<\/li>\n<\/ul>\n<p>&nbsp;<\/p>\n<p><strong>Contenu de l&#8217;emballage:<\/strong><\/p>\n<ul>\n<ul>\n<li>1 R\u00e9cepteur double avec affichage de l&rsquo;indicateur.<\/li>\n<li>2 Microphones \u00e0 main avec \u00e9cran<\/li>\n<li>1 Alimentation 220 Volt pour le r\u00e9cepteur<\/li>\n<li>1 C\u00e2ble d&rsquo;alimentation pour le r\u00e9cepteur<\/li>\n<li>1 Microphone \u00e0 main avec \u00e9cran.1 C\u00e2ble de connexion Jack \u00e0 Jack,<\/li>\n<li>1 Mallette de transport en ABS pour le transport de l&rsquo;\u00e9quipement<\/li>\n<li>1 Manuel d&rsquo;utilisation.<\/li>\n<\/ul>\n<p>&nbsp;<\/p>\n<p \n\n","protected":false},"excerpt":{"rendered":"<ul>\n<li>Syst\u00e8me de microphones \u00e0 main UHF doubles<\/li>\n<li>Indicateurs RF\/AF<\/li>\n<li>2 microphones \u00e0 main avec affichage<\/li>\n<li>Microphones \u00e0 main doubles avec affichage<\/li>\n<li>Microphones \u00e0 main doubles avec affichage<\/li>\n<li>Microphones \u00e0 main doubles avec affichage<\/li>\n<li>Indicateurs RF\/AFInterrupteur marche\/arr\u00eat sur le microphone<\/li>\n<li>Capsule cardio\u00efde dynamique<\/li>\n<li>1 r\u00e9cepteur double avec indicateur d&rsquo;affichage<\/li>\n<li>Fr\u00e9quence B<\/li>\n<\/ul>\n","protected":false},"featured_media":17664,"comment_status":"open","ping_status":"closed","template":"","meta":{"_acf_changed":false},"product_cat":[371,387,702],"product_tag":[],"class_list":{"0":"post-36671","1":"product","2":"type-product","3":"status-publish","4":"has-post-thumbnail","6":"product_cat-microphones-fr","7":"product_cat-microphones-sans-fil","8":"product_cat-microphones-sans-fil-a-main","10":"first","11":"instock","12":"shipping-taxable","13":"product-type-simple"},"acf":[],"yoast_head":"<!-- This site is optimized with the Yoast SEO plugin v27.0 - https:\/\/yoast.com\/product\/yoast-seo-wordpress\/ -->\n<title>Sidney 1250 B Black - Audibax<\/title>\n<meta name=\"robots\" content=\"index, follow, max-snippet:-1, max-image-preview:large, max-video-preview:-1\" \/>\n<link rel=\"canonical\" href=\"https:\/\/audibax.com\/fr\/produit\/sidney-1250-b-black-2\/\" \/>\n<meta property=\"og:locale\" content=\"fr_FR\" \/>\n<meta property=\"og:type\" content=\"article\" \/>\n<meta property=\"og:title\" content=\"Sidney 1250 B Black - Audibax\" \/>\n<meta property=\"og:description\" content=\"Syst\u00e8me de microphones \u00e0 main UHF doubles Indicateurs RF\/AF 2 microphones \u00e0 main avec affichage Microphones \u00e0 main doubles avec affichage Microphones \u00e0 main doubles avec affichage Microphones \u00e0 main doubles avec affichage Indicateurs RF\/AFInterrupteur marche\/arr\u00eat sur le microphone Capsule cardio\u00efde dynamique 1 r\u00e9cepteur double avec indicateur d&#039;affichage Fr\u00e9quence B\" \/>\n<meta property=\"og:url\" content=\"https:\/\/audibax.com\/fr\/produit\/sidney-1250-b-black-2\/\" \/>\n<meta property=\"og:site_name\" content=\"Audibax\" \/>\n<meta property=\"article:modified_time\" content=\"2023-12-27T10:57:55+00:00\" \/>\n<meta property=\"og:image\" content=\"https:\/\/audibax.com\/wp-content\/uploads\/2023\/12\/audibax-sidney-1250-b-microfono.jpg\" \/>\n\t<meta property=\"og:image:width\" content=\"1000\" \/>\n\t<meta property=\"og:image:height\" content=\"500\" \/>\n\t<meta property=\"og:image:type\" content=\"image\/jpeg\" \/>\n<meta name=\"twitter:card\" content=\"summary_large_image\" \/>\n<meta name=\"twitter:label1\" content=\"Dur\u00e9e de lecture estim\u00e9e\" \/>\n\t<meta name=\"twitter:data1\" content=\"2 minutes\" \/>\n<script type=\"application\/ld+json\" class=\"yoast-schema-graph\">{\"@context\":\"https:\/\/schema.org\",\"@graph\":[{\"@type\":\"WebPage\",\"@id\":\"https:\/\/audibax.com\/fr\/produit\/sidney-1250-b-black-2\/\",\"url\":\"https:\/\/audibax.com\/fr\/produit\/sidney-1250-b-black-2\/\",\"name\":\"Sidney 1250 B Black - Audibax\",\"isPartOf\":{\"@id\":\"https:\/\/audibax.com\/fr\/#website\"},\"primaryImageOfPage\":{\"@id\":\"https:\/\/audibax.com\/fr\/produit\/sidney-1250-b-black-2\/#primaryimage\"},\"image\":{\"@id\":\"https:\/\/audibax.com\/fr\/produit\/sidney-1250-b-black-2\/#primaryimage\"},\"thumbnailUrl\":\"https:\/\/audibax.com\/wp-content\/uploads\/2023\/12\/audibax-sidney-1250-b-microfono.jpg\",\"datePublished\":\"2023-12-11T12:41:56+00:00\",\"dateModified\":\"2023-12-27T10:57:55+00:00\",\"breadcrumb\":{\"@id\":\"https:\/\/audibax.com\/fr\/produit\/sidney-1250-b-black-2\/#breadcrumb\"},\"inLanguage\":\"fr-FR\",\"potentialAction\":[{\"@type\":\"ReadAction\",\"target\":[\"https:\/\/audibax.com\/fr\/produit\/sidney-1250-b-black-2\/\"]}]},{\"@type\":\"ImageObject\",\"inLanguage\":\"fr-FR\",\"@id\":\"https:\/\/audibax.com\/fr\/produit\/sidney-1250-b-black-2\/#primaryimage\",\"url\":\"https:\/\/audibax.com\/wp-content\/uploads\/2023\/12\/audibax-sidney-1250-b-microfono.jpg\",\"contentUrl\":\"https:\/\/audibax.com\/wp-content\/uploads\/2023\/12\/audibax-sidney-1250-b-microfono.jpg\",\"width\":1000,\"height\":500},{\"@type\":\"BreadcrumbList\",\"@id\":\"https:\/\/audibax.com\/fr\/produit\/sidney-1250-b-black-2\/#breadcrumb\",\"itemListElement\":[{\"@type\":\"ListItem\",\"position\":1,\"name\":\"Portada\",\"item\":\"https:\/\/audibax.com\/fr\/\"},{\"@type\":\"ListItem\",\"position\":2,\"name\":\"Produits\",\"item\":\"https:\/\/audibax.com\/fr\/shop\/\"},{\"@type\":\"ListItem\",\"position\":3,\"name\":\"Sidney 1250 B Black\"}]},{\"@type\":\"WebSite\",\"@id\":\"https:\/\/audibax.com\/fr\/#website\",\"url\":\"https:\/\/audibax.com\/fr\/\",\"name\":\"Audibax\",\"description\":\"\",\"publisher\":{\"@id\":\"https:\/\/audibax.com\/fr\/#organization\"},\"potentialAction\":[{\"@type\":\"SearchAction\",\"target\":{\"@type\":\"EntryPoint\",\"urlTemplate\":\"https:\/\/audibax.com\/fr\/?s={search_term_string}\"},\"query-input\":{\"@type\":\"PropertyValueSpecification\",\"valueRequired\":true,\"valueName\":\"search_term_string\"}}],\"inLanguage\":\"fr-FR\"},{\"@type\":\"Organization\",\"@id\":\"https:\/\/audibax.com\/fr\/#organization\",\"name\":\"Audibax\",\"url\":\"https:\/\/audibax.com\/fr\/\",\"logo\":{\"@type\":\"ImageObject\",\"inLanguage\":\"fr-FR\",\"@id\":\"https:\/\/audibax.com\/fr\/#\/schema\/logo\/image\/\",\"url\":\"https:\/\/audibax.com\/wp-content\/uploads\/2023\/09\/logo-Audibax-BLANCO-SVG-1.svg\",\"contentUrl\":\"https:\/\/audibax.com\/wp-content\/uploads\/2023\/09\/logo-Audibax-BLANCO-SVG-1.svg\",\"caption\":\"Audibax\"},\"image\":{\"@id\":\"https:\/\/audibax.com\/fr\/#\/schema\/logo\/image\/\"}}]}<\/script>\n<!-- \/ Yoast SEO plugin. -->","yoast_head_json":{"title":"Sidney 1250 B Black - Audibax","robots":{"index":"index","follow":"follow","max-snippet":"max-snippet:-1","max-image-preview":"max-image-preview:large","max-video-preview":"max-video-preview:-1"},"canonical":"https:\/\/audibax.com\/fr\/produit\/sidney-1250-b-black-2\/","og_locale":"fr_FR","og_type":"article","og_title":"Sidney 1250 B Black - Audibax","og_description":"Syst\u00e8me de microphones \u00e0 main UHF doubles Indicateurs RF\/AF 2 microphones \u00e0 main avec affichage Microphones \u00e0 main doubles avec affichage Microphones \u00e0 main doubles avec affichage Microphones \u00e0 main doubles avec affichage Indicateurs RF\/AFInterrupteur marche\/arr\u00eat sur le microphone Capsule cardio\u00efde dynamique 1 r\u00e9cepteur double avec indicateur d'affichage Fr\u00e9quence B","og_url":"https:\/\/audibax.com\/fr\/produit\/sidney-1250-b-black-2\/","og_site_name":"Audibax","article_modified_time":"2023-12-27T10:57:55+00:00","og_image":[{"width":1000,"height":500,"url":"https:\/\/audibax.com\/wp-content\/uploads\/2023\/12\/audibax-sidney-1250-b-microfono.jpg","type":"image\/jpeg"}],"twitter_card":"summary_large_image","twitter_misc":{"Dur\u00e9e de lecture estim\u00e9e":"2 minutes"},"schema":{"@context":"https:\/\/schema.org","@graph":[{"@type":"WebPage","@id":"https:\/\/audibax.com\/fr\/produit\/sidney-1250-b-black-2\/","url":"https:\/\/audibax.com\/fr\/produit\/sidney-1250-b-black-2\/","name":"Sidney 1250 B Black - Audibax","isPartOf":{"@id":"https:\/\/audibax.com\/fr\/#website"},"primaryImageOfPage":{"@id":"https:\/\/audibax.com\/fr\/produit\/sidney-1250-b-black-2\/#primaryimage"},"image":{"@id":"https:\/\/audibax.com\/fr\/produit\/sidney-1250-b-black-2\/#primaryimage"},"thumbnailUrl":"https:\/\/audibax.com\/wp-content\/uploads\/2023\/12\/audibax-sidney-1250-b-microfono.jpg","datePublished":"2023-12-11T12:41:56+00:00","dateModified":"2023-12-27T10:57:55+00:00","breadcrumb":{"@id":"https:\/\/audibax.com\/fr\/produit\/sidney-1250-b-black-2\/#breadcrumb"},"inLanguage":"fr-FR","potentialAction":[{"@type":"ReadAction","target":["https:\/\/audibax.com\/fr\/produit\/sidney-1250-b-black-2\/"]}]},{"@type":"ImageObject","inLanguage":"fr-FR","@id":"https:\/\/audibax.com\/fr\/produit\/sidney-1250-b-black-2\/#primaryimage","url":"https:\/\/audibax.com\/wp-content\/uploads\/2023\/12\/audibax-sidney-1250-b-microfono.jpg","contentUrl":"https:\/\/audibax.com\/wp-content\/uploads\/2023\/12\/audibax-sidney-1250-b-microfono.jpg","width":1000,"height":500},{"@type":"BreadcrumbList","@id":"https:\/\/audibax.com\/fr\/produit\/sidney-1250-b-black-2\/#breadcrumb","itemListElement":[{"@type":"ListItem","position":1,"name":"Portada","item":"https:\/\/audibax.com\/fr\/"},{"@type":"ListItem","position":2,"name":"Produits","item":"https:\/\/audibax.com\/fr\/shop\/"},{"@type":"ListItem","position":3,"name":"Sidney 1250 B Black"}]},{"@type":"WebSite","@id":"https:\/\/audibax.com\/fr\/#website","url":"https:\/\/audibax.com\/fr\/","name":"Audibax","description":"","publisher":{"@id":"https:\/\/audibax.com\/fr\/#organization"},"potentialAction":[{"@type":"SearchAction","target":{"@type":"EntryPoint","urlTemplate":"https:\/\/audibax.com\/fr\/?s={search_term_string}"},"query-input":{"@type":"PropertyValueSpecification","valueRequired":true,"valueName":"search_term_string"}}],"inLanguage":"fr-FR"},{"@type":"Organization","@id":"https:\/\/audibax.com\/fr\/#organization","name":"Audibax","url":"https:\/\/audibax.com\/fr\/","logo":{"@type":"ImageObject","inLanguage":"fr-FR","@id":"https:\/\/audibax.com\/fr\/#\/schema\/logo\/image\/","url":"https:\/\/audibax.com\/wp-content\/uploads\/2023\/09\/logo-Audibax-BLANCO-SVG-1.svg","contentUrl":"https:\/\/audibax.com\/wp-content\/uploads\/2023\/09\/logo-Audibax-BLANCO-SVG-1.svg","caption":"Audibax"},"image":{"@id":"https:\/\/audibax.com\/fr\/#\/schema\/logo\/image\/"}}]}},"_links":{"self":[{"href":"https:\/\/audibax.com\/fr\/wp-json\/wp\/v2\/product\/36671","targetHints":{"allow":["GET"]}}],"collection":[{"href":"https:\/\/audibax.com\/fr\/wp-json\/wp\/v2\/product"}],"about":[{"href":"https:\/\/audibax.com\/fr\/wp-json\/wp\/v2\/types\/product"}],"replies":[{"embeddable":true,"href":"https:\/\/audibax.com\/fr\/wp-json\/wp\/v2\/comments?post=36671"}],"wp:featuredmedia":[{"embeddable":true,"href":"https:\/\/audibax.com\/fr\/wp-json\/wp\/v2\/media\/17664"}],"wp:attachment":[{"href":"https:\/\/audibax.com\/fr\/wp-json\/wp\/v2\/media?parent=36671"}],"wp:term":[{"taxonomy":"product_cat","embeddable":true,"href":"https:\/\/audibax.com\/fr\/wp-json\/wp\/v2\/product_cat?post=36671"},{"taxonomy":"product_tag","embeddable":true,"href":"https:\/\/audibax.com\/fr\/wp-json\/wp\/v2\/product_tag?post=36671"}],"curies":[{"name":"wp","href":"https:\/\/api.w.org\/{rel}","templated":true}]}}