{"id":36670,"date":"2023-12-11T13:41:54","date_gmt":"2023-12-11T12:41:54","guid":{"rendered":"https:\/\/audibax.com\/product\/sidney-u310-black-2\/"},"modified":"2023-12-27T11:57:53","modified_gmt":"2023-12-27T10:57:53","slug":"sidney-u310-black-2","status":"publish","type":"product","link":"https:\/\/audibax.com\/fr\/produit\/sidney-u310-black-2\/","title":{"rendered":"Sidney U310 Black"},"content":{"rendered":"<\/p>\n<p><strong>Audibax Sidney U310 Microphone \u00e0 main double UHF avec fr\u00e9quence s\u00e9lectionnable<\/strong><\/p>\n<p> <strong>Audibax Sidney U310<\/strong> est un <strong>Microphone \u00e0 main double UHF<\/strong> avec 100 canaux s\u00e9lectionnables et la possibilit\u00e9 d&rsquo;utiliser jusqu&rsquo;\u00e0 8 syst\u00e8mes en m\u00eame temps.<strong>Audibax Sidney U310<\/strong> est un <strong>microphone \u00e0 main double UHF<\/strong> avec 100 canaux s\u00e9lectionnables et la possibilit\u00e9 d&rsquo;utiliser jusqu&rsquo;\u00e0 8 syst\u00e8mes en m\u00eame temps.<\/p>\n<p>En raison de sa construction et de sa qualit\u00e9 sonore, il est parfait pour les pr\u00e9sentations, les spectacles ou les chanteurs qui recherchent un microphone professionnel \u00e0 un bon prix.<\/p>\n<p>Caract\u00e9ristiques techniques du Sidney U310:<\/p>\n<p> <span style=\"colour :#008080\"><strong>Sp\u00e9cification du r\u00e9cepteur<\/strong><\/strong><\/span><\/p>\n<p>&nbsp;<\/p>\n<ul>\n<li>Gamme de fr\u00e9quences : UHF 620 ~ 681MHz<\/li>\n<li>Rapport signal\/bruit:&#038;gt ; 100Db<\/li>\n<li>Stabilit\u00e9 de fr\u00e9quence : &#038;plusmn ; 0.03%<\/li>\n<li>Plage de r\u00e9ponse dynamique:&#038;gt ; 100dB<\/li>\n<li>Distance de travail : 50 ~ 100 m\u00e8tres<\/li>\n<li>Temp\u00e9rature de travail : -20 %u2103 %uFF5E + 50<\/li>\n<li>D\u00e9viation de fr\u00e9quence maximale : &#038;plusmn ; 15KHz<\/li>\n<li>Distorsion audio : &le;0.02%<\/li>\n<li>R\u00e9ponse en fr\u00e9quence : &#038;plusmn ; 40 Hz-16 KHz<\/li>\n<li>Courant de travail nominal : 480mA<\/li>\n<li>R\u00e9cepteur de travail CC : 12 %uFF5E 15V<\/li>\n<li>R\u00e9cepteur de travail CA : 100 %uFF5E 240V<\/li>\n<\/ul>\n<p>&nbsp;<\/p>\n<h4><strong><strong><span style=\"colour :#008080\">Sp\u00e9cification de l&rsquo;\u00e9metteur<\/span><\/strong><\/strong><\/h4>\n<\/h4>\n<p><nbsp;<\/p>\n<ul>\n<li>Gamme de fr\u00e9quences : UHF 620 ~ 681MHz<\/li>\n<li>Rapport signal\/bruit:&#038;gt ; 100Db<\/li>\n<li>Stabilit\u00e9 de fr\u00e9quence : &#038;plusmn ; 0.03%<\/li>\n<li>R\u00e9ponse dynamique:&#038;gt ; 100dB<\/li>\n<li>Distance de travail : 50 ~ 100 m\u00e8tres<\/li>\n<li>Puissance d&rsquo;\u00e9mission : 5 ~ 10mW<\/li>\n<li>D\u00e9viation de fr\u00e9quence maximale : &#038;plusmn ; 15KHz<\/li>\n<li>Distorsion audio : &le;0.02%<\/li>\n<li>R\u00e9ponse en fr\u00e9quence : &#038;plusmn ; 40 Hz-16 KHz<\/li>\n<li>Courant de travail nominal : 105mA<\/li>\n<li>Temps de fonctionnement de la batterie : 10-12 heures<\/li>\n<li>Directivit\u00e9 : prise unidirectionnelle.<\/li>\n<\/ul>\n<p>&nbsp;<\/p>\n<p><img decoding=\"async\" alt=\"\" src=\"\/crm\/documents\/fckeditor\/image\/11111\/AUDIBAX-SIDNEY-U310-micro-double-uhf.jpg\" style=\"height:426px ; width:700px\" \/><\/p>\n<\/p>\n<p>&nbsp;<\/p>\n<p>.<\/p>\n","protected":false},"excerpt":{"rendered":"<\/p>\n<p>Audibax Microphones \u00e0 main UHF doubles<\/p>\n<p>Audibax<\/p>\n","protected":false},"featured_media":17670,"comment_status":"open","ping_status":"closed","template":"","meta":{"_acf_changed":false},"product_cat":[371,387,702],"product_tag":[],"class_list":{"0":"post-36670","1":"product","2":"type-product","3":"status-publish","4":"has-post-thumbnail","6":"product_cat-microphones-fr","7":"product_cat-microphones-sans-fil","8":"product_cat-microphones-sans-fil-a-main","10":"first","11":"instock","12":"shipping-taxable","13":"product-type-simple"},"acf":[],"yoast_head":"<!-- This site is optimized with the Yoast SEO plugin v27.0 - https:\/\/yoast.com\/product\/yoast-seo-wordpress\/ -->\n<title>Sidney U310 Black - Audibax<\/title>\n<meta name=\"robots\" content=\"index, follow, max-snippet:-1, max-image-preview:large, max-video-preview:-1\" \/>\n<link rel=\"canonical\" href=\"https:\/\/audibax.com\/fr\/produit\/sidney-u310-black-2\/\" \/>\n<meta property=\"og:locale\" content=\"fr_FR\" \/>\n<meta property=\"og:type\" content=\"article\" \/>\n<meta property=\"og:title\" content=\"Sidney U310 Black - Audibax\" \/>\n<meta property=\"og:description\" content=\"Audibax Microphones \u00e0 main UHF doubles Audibax\" \/>\n<meta property=\"og:url\" content=\"https:\/\/audibax.com\/fr\/produit\/sidney-u310-black-2\/\" \/>\n<meta property=\"og:site_name\" content=\"Audibax\" \/>\n<meta property=\"article:modified_time\" content=\"2023-12-27T10:57:53+00:00\" \/>\n<meta property=\"og:image\" content=\"https:\/\/audibax.com\/wp-content\/uploads\/2023\/12\/audibax-sidney-u-310.jpg\" \/>\n\t<meta property=\"og:image:width\" content=\"1000\" \/>\n\t<meta property=\"og:image:height\" content=\"500\" \/>\n\t<meta property=\"og:image:type\" content=\"image\/jpeg\" \/>\n<meta name=\"twitter:card\" content=\"summary_large_image\" \/>\n<meta name=\"twitter:label1\" content=\"Dur\u00e9e de lecture estim\u00e9e\" \/>\n\t<meta name=\"twitter:data1\" content=\"1 minute\" \/>\n<script type=\"application\/ld+json\" class=\"yoast-schema-graph\">{\"@context\":\"https:\/\/schema.org\",\"@graph\":[{\"@type\":\"WebPage\",\"@id\":\"https:\/\/audibax.com\/fr\/produit\/sidney-u310-black-2\/\",\"url\":\"https:\/\/audibax.com\/fr\/produit\/sidney-u310-black-2\/\",\"name\":\"Sidney U310 Black - Audibax\",\"isPartOf\":{\"@id\":\"https:\/\/audibax.com\/fr\/#website\"},\"primaryImageOfPage\":{\"@id\":\"https:\/\/audibax.com\/fr\/produit\/sidney-u310-black-2\/#primaryimage\"},\"image\":{\"@id\":\"https:\/\/audibax.com\/fr\/produit\/sidney-u310-black-2\/#primaryimage\"},\"thumbnailUrl\":\"https:\/\/audibax.com\/wp-content\/uploads\/2023\/12\/audibax-sidney-u-310.jpg\",\"datePublished\":\"2023-12-11T12:41:54+00:00\",\"dateModified\":\"2023-12-27T10:57:53+00:00\",\"breadcrumb\":{\"@id\":\"https:\/\/audibax.com\/fr\/produit\/sidney-u310-black-2\/#breadcrumb\"},\"inLanguage\":\"fr-FR\",\"potentialAction\":[{\"@type\":\"ReadAction\",\"target\":[\"https:\/\/audibax.com\/fr\/produit\/sidney-u310-black-2\/\"]}]},{\"@type\":\"ImageObject\",\"inLanguage\":\"fr-FR\",\"@id\":\"https:\/\/audibax.com\/fr\/produit\/sidney-u310-black-2\/#primaryimage\",\"url\":\"https:\/\/audibax.com\/wp-content\/uploads\/2023\/12\/audibax-sidney-u-310.jpg\",\"contentUrl\":\"https:\/\/audibax.com\/wp-content\/uploads\/2023\/12\/audibax-sidney-u-310.jpg\",\"width\":1000,\"height\":500},{\"@type\":\"BreadcrumbList\",\"@id\":\"https:\/\/audibax.com\/fr\/produit\/sidney-u310-black-2\/#breadcrumb\",\"itemListElement\":[{\"@type\":\"ListItem\",\"position\":1,\"name\":\"Portada\",\"item\":\"https:\/\/audibax.com\/fr\/\"},{\"@type\":\"ListItem\",\"position\":2,\"name\":\"Produits\",\"item\":\"https:\/\/audibax.com\/fr\/shop\/\"},{\"@type\":\"ListItem\",\"position\":3,\"name\":\"Sidney U310 Black\"}]},{\"@type\":\"WebSite\",\"@id\":\"https:\/\/audibax.com\/fr\/#website\",\"url\":\"https:\/\/audibax.com\/fr\/\",\"name\":\"Audibax\",\"description\":\"\",\"publisher\":{\"@id\":\"https:\/\/audibax.com\/fr\/#organization\"},\"potentialAction\":[{\"@type\":\"SearchAction\",\"target\":{\"@type\":\"EntryPoint\",\"urlTemplate\":\"https:\/\/audibax.com\/fr\/?s={search_term_string}\"},\"query-input\":{\"@type\":\"PropertyValueSpecification\",\"valueRequired\":true,\"valueName\":\"search_term_string\"}}],\"inLanguage\":\"fr-FR\"},{\"@type\":\"Organization\",\"@id\":\"https:\/\/audibax.com\/fr\/#organization\",\"name\":\"Audibax\",\"url\":\"https:\/\/audibax.com\/fr\/\",\"logo\":{\"@type\":\"ImageObject\",\"inLanguage\":\"fr-FR\",\"@id\":\"https:\/\/audibax.com\/fr\/#\/schema\/logo\/image\/\",\"url\":\"https:\/\/audibax.com\/wp-content\/uploads\/2023\/09\/logo-Audibax-BLANCO-SVG-1.svg\",\"contentUrl\":\"https:\/\/audibax.com\/wp-content\/uploads\/2023\/09\/logo-Audibax-BLANCO-SVG-1.svg\",\"caption\":\"Audibax\"},\"image\":{\"@id\":\"https:\/\/audibax.com\/fr\/#\/schema\/logo\/image\/\"}}]}<\/script>\n<!-- \/ Yoast SEO plugin. -->","yoast_head_json":{"title":"Sidney U310 Black - Audibax","robots":{"index":"index","follow":"follow","max-snippet":"max-snippet:-1","max-image-preview":"max-image-preview:large","max-video-preview":"max-video-preview:-1"},"canonical":"https:\/\/audibax.com\/fr\/produit\/sidney-u310-black-2\/","og_locale":"fr_FR","og_type":"article","og_title":"Sidney U310 Black - Audibax","og_description":"Audibax Microphones \u00e0 main UHF doubles Audibax","og_url":"https:\/\/audibax.com\/fr\/produit\/sidney-u310-black-2\/","og_site_name":"Audibax","article_modified_time":"2023-12-27T10:57:53+00:00","og_image":[{"width":1000,"height":500,"url":"https:\/\/audibax.com\/wp-content\/uploads\/2023\/12\/audibax-sidney-u-310.jpg","type":"image\/jpeg"}],"twitter_card":"summary_large_image","twitter_misc":{"Dur\u00e9e de lecture estim\u00e9e":"1 minute"},"schema":{"@context":"https:\/\/schema.org","@graph":[{"@type":"WebPage","@id":"https:\/\/audibax.com\/fr\/produit\/sidney-u310-black-2\/","url":"https:\/\/audibax.com\/fr\/produit\/sidney-u310-black-2\/","name":"Sidney U310 Black - Audibax","isPartOf":{"@id":"https:\/\/audibax.com\/fr\/#website"},"primaryImageOfPage":{"@id":"https:\/\/audibax.com\/fr\/produit\/sidney-u310-black-2\/#primaryimage"},"image":{"@id":"https:\/\/audibax.com\/fr\/produit\/sidney-u310-black-2\/#primaryimage"},"thumbnailUrl":"https:\/\/audibax.com\/wp-content\/uploads\/2023\/12\/audibax-sidney-u-310.jpg","datePublished":"2023-12-11T12:41:54+00:00","dateModified":"2023-12-27T10:57:53+00:00","breadcrumb":{"@id":"https:\/\/audibax.com\/fr\/produit\/sidney-u310-black-2\/#breadcrumb"},"inLanguage":"fr-FR","potentialAction":[{"@type":"ReadAction","target":["https:\/\/audibax.com\/fr\/produit\/sidney-u310-black-2\/"]}]},{"@type":"ImageObject","inLanguage":"fr-FR","@id":"https:\/\/audibax.com\/fr\/produit\/sidney-u310-black-2\/#primaryimage","url":"https:\/\/audibax.com\/wp-content\/uploads\/2023\/12\/audibax-sidney-u-310.jpg","contentUrl":"https:\/\/audibax.com\/wp-content\/uploads\/2023\/12\/audibax-sidney-u-310.jpg","width":1000,"height":500},{"@type":"BreadcrumbList","@id":"https:\/\/audibax.com\/fr\/produit\/sidney-u310-black-2\/#breadcrumb","itemListElement":[{"@type":"ListItem","position":1,"name":"Portada","item":"https:\/\/audibax.com\/fr\/"},{"@type":"ListItem","position":2,"name":"Produits","item":"https:\/\/audibax.com\/fr\/shop\/"},{"@type":"ListItem","position":3,"name":"Sidney U310 Black"}]},{"@type":"WebSite","@id":"https:\/\/audibax.com\/fr\/#website","url":"https:\/\/audibax.com\/fr\/","name":"Audibax","description":"","publisher":{"@id":"https:\/\/audibax.com\/fr\/#organization"},"potentialAction":[{"@type":"SearchAction","target":{"@type":"EntryPoint","urlTemplate":"https:\/\/audibax.com\/fr\/?s={search_term_string}"},"query-input":{"@type":"PropertyValueSpecification","valueRequired":true,"valueName":"search_term_string"}}],"inLanguage":"fr-FR"},{"@type":"Organization","@id":"https:\/\/audibax.com\/fr\/#organization","name":"Audibax","url":"https:\/\/audibax.com\/fr\/","logo":{"@type":"ImageObject","inLanguage":"fr-FR","@id":"https:\/\/audibax.com\/fr\/#\/schema\/logo\/image\/","url":"https:\/\/audibax.com\/wp-content\/uploads\/2023\/09\/logo-Audibax-BLANCO-SVG-1.svg","contentUrl":"https:\/\/audibax.com\/wp-content\/uploads\/2023\/09\/logo-Audibax-BLANCO-SVG-1.svg","caption":"Audibax"},"image":{"@id":"https:\/\/audibax.com\/fr\/#\/schema\/logo\/image\/"}}]}},"_links":{"self":[{"href":"https:\/\/audibax.com\/fr\/wp-json\/wp\/v2\/product\/36670","targetHints":{"allow":["GET"]}}],"collection":[{"href":"https:\/\/audibax.com\/fr\/wp-json\/wp\/v2\/product"}],"about":[{"href":"https:\/\/audibax.com\/fr\/wp-json\/wp\/v2\/types\/product"}],"replies":[{"embeddable":true,"href":"https:\/\/audibax.com\/fr\/wp-json\/wp\/v2\/comments?post=36670"}],"wp:featuredmedia":[{"embeddable":true,"href":"https:\/\/audibax.com\/fr\/wp-json\/wp\/v2\/media\/17670"}],"wp:attachment":[{"href":"https:\/\/audibax.com\/fr\/wp-json\/wp\/v2\/media?parent=36670"}],"wp:term":[{"taxonomy":"product_cat","embeddable":true,"href":"https:\/\/audibax.com\/fr\/wp-json\/wp\/v2\/product_cat?post=36670"},{"taxonomy":"product_tag","embeddable":true,"href":"https:\/\/audibax.com\/fr\/wp-json\/wp\/v2\/product_tag?post=36670"}],"curies":[{"name":"wp","href":"https:\/\/api.w.org\/{rel}","templated":true}]}}