{"id":36658,"date":"2023-12-11T13:39:22","date_gmt":"2023-12-11T12:39:22","guid":{"rendered":"https:\/\/audibax.com\/product\/water-180-black-2\/"},"modified":"2024-10-25T17:44:26","modified_gmt":"2024-10-25T15:44:26","slug":"water-180-black-2","status":"publish","type":"product","link":"https:\/\/audibax.com\/fr\/produit\/water-180-black-2\/","title":{"rendered":"Water 180 Black"},"content":{"rendered":"<p><strong>Caract\u00e9ristiques :<\/strong><\/p>\n<ul>\n<li>Le\u00a0<strong>Audibax Water 180 RGBW\u00a0<\/strong>est un projecteur LED d&rsquo;ext\u00e9rieur \u00e9tanche qui \u00e9met une puissante source lumineuse LED aux couleurs vives et \u00e9clatantes.<\/li>\n<li>Notre <strong>Water 180 RGBW\u00a0<\/strong>Water 180 RGBW\u00a0est \u00e9quip\u00e9 de 18 lumi\u00e8res LED RGBW d&rsquo;une puissance de 10W.<\/li>\n<li>Il dispose de plusieurs programmes int\u00e9gr\u00e9s pour la gradation et les effets stroboscopiques, y compris un mode stroboscopique suiveur, qui permet \u00e0 plusieurs lumi\u00e8res de clignoter en s\u00e9quence, plut\u00f4t que toutes en m\u00eame temps.<\/li>\n<li>Il prend en charge les signaux de commande DMX-512 standard pour une utilisation dans le cadre d&rsquo;une production lumineuse plus importante, en plus des fonctions ma\u00eetre-esclave, automatique et sonore.<\/li>\n<li>Avec des vis en acier inoxydable, il est facile \u00e0 transporter gr\u00e2ce \u00e0 sa petite taille.<\/li>\n<\/ul>\n<p><strong>Sp\u00e9cifications:<\/strong><\/p>\n<ul>\n<li>Source lumineuse : 18 x 10W LED RGBW<\/li>\n<li>Canaux DMX : 4\/8 CH<\/li>\n<li>Mode de contr\u00f4le : DMX512, ma\u00eetre-esclave, AUTO, son<\/li>\n<li>Etanch\u00e9it\u00e9, utilisation en ext\u00e9rieur<\/li>\n<li>Etanch\u00e9it\u00e9 : IP65<\/li>\n<li>Pi\u00e8ces : Vis en acier inoxydable<\/li>\n<li>Taille : petite, facile \u00e0 transporter<\/li>\n<li>Dimensions : 230 mm (longueur) ; 100 mm (largeur)<\/li>\n<li>Taille : petite, facile \u00e0 transporter<\/li>\n<li>Taille : 230 mm (longueur) ; 100 mm (largeur)<\/li>\n<\/ul>\n<p>.<\/p>\n","protected":false},"excerpt":{"rendered":"<ul>\n<li>Source lumineuse : 18 x 10W LED RGBW<\/li>\n<li>Canaux DMX : 4\/8 CH<\/li>\n<li>Mode de contr\u00f4le : DMX512, ma\u00eetre-esclave, AUTO, son<\/li>\n<li>Etanch\u00e9it\u00e9 : IP65<\/li>\n<li>Mode de contr\u00f4le.<\/li>\n<\/ul>\n","protected":false},"featured_media":16383,"comment_status":"open","ping_status":"closed","template":"","meta":{"_acf_changed":false},"product_cat":[349,698,368],"product_tag":[],"class_list":{"0":"post-36658","1":"product","2":"type-product","3":"status-publish","4":"has-post-thumbnail","6":"product_cat-eclairage","7":"product_cat-exterieur","8":"product_cat-spotlights-fr","10":"first","11":"instock","12":"shipping-taxable","13":"product-type-simple"},"acf":[],"yoast_head":"<!-- This site is optimized with the Yoast SEO plugin v27.0 - https:\/\/yoast.com\/product\/yoast-seo-wordpress\/ -->\n<title>Water 180 Black - Audibax<\/title>\n<meta name=\"robots\" content=\"index, follow, max-snippet:-1, max-image-preview:large, max-video-preview:-1\" \/>\n<link rel=\"canonical\" href=\"https:\/\/audibax.com\/fr\/produit\/water-180-black-2\/\" \/>\n<meta property=\"og:locale\" content=\"fr_FR\" \/>\n<meta property=\"og:type\" content=\"article\" \/>\n<meta property=\"og:title\" content=\"Water 180 Black - Audibax\" \/>\n<meta property=\"og:description\" content=\"Source lumineuse : 18 x 10W LED RGBW  Canaux DMX : 4\/8 CH  Mode de contr\u00f4le : DMX512, ma\u00eetre-esclave, AUTO, son  Etanch\u00e9it\u00e9 : IP65  Mode de contr\u00f4le.\" \/>\n<meta property=\"og:url\" content=\"https:\/\/audibax.com\/fr\/produit\/water-180-black-2\/\" \/>\n<meta property=\"og:site_name\" content=\"Audibax\" \/>\n<meta property=\"article:modified_time\" content=\"2024-10-25T15:44:26+00:00\" \/>\n<meta property=\"og:image\" content=\"https:\/\/audibax.com\/wp-content\/uploads\/2023\/12\/Water-180-RGBW-par-led-exterior-luz-azul-oscuro.jpg\" \/>\n\t<meta property=\"og:image:width\" content=\"1000\" \/>\n\t<meta property=\"og:image:height\" content=\"500\" \/>\n\t<meta property=\"og:image:type\" content=\"image\/jpeg\" \/>\n<meta name=\"twitter:card\" content=\"summary_large_image\" \/>\n<meta name=\"twitter:label1\" content=\"Dur\u00e9e de lecture estim\u00e9e\" \/>\n\t<meta name=\"twitter:data1\" content=\"2 minutes\" \/>\n<script type=\"application\/ld+json\" class=\"yoast-schema-graph\">{\"@context\":\"https:\/\/schema.org\",\"@graph\":[{\"@type\":\"WebPage\",\"@id\":\"https:\/\/audibax.com\/fr\/produit\/water-180-black-2\/\",\"url\":\"https:\/\/audibax.com\/fr\/produit\/water-180-black-2\/\",\"name\":\"Water 180 Black - Audibax\",\"isPartOf\":{\"@id\":\"https:\/\/audibax.com\/fr\/#website\"},\"primaryImageOfPage\":{\"@id\":\"https:\/\/audibax.com\/fr\/produit\/water-180-black-2\/#primaryimage\"},\"image\":{\"@id\":\"https:\/\/audibax.com\/fr\/produit\/water-180-black-2\/#primaryimage\"},\"thumbnailUrl\":\"https:\/\/audibax.com\/wp-content\/uploads\/2023\/12\/Water-180-RGBW-par-led-exterior-luz-azul-oscuro.jpg\",\"datePublished\":\"2023-12-11T12:39:22+00:00\",\"dateModified\":\"2024-10-25T15:44:26+00:00\",\"breadcrumb\":{\"@id\":\"https:\/\/audibax.com\/fr\/produit\/water-180-black-2\/#breadcrumb\"},\"inLanguage\":\"fr-FR\",\"potentialAction\":[{\"@type\":\"ReadAction\",\"target\":[\"https:\/\/audibax.com\/fr\/produit\/water-180-black-2\/\"]}]},{\"@type\":\"ImageObject\",\"inLanguage\":\"fr-FR\",\"@id\":\"https:\/\/audibax.com\/fr\/produit\/water-180-black-2\/#primaryimage\",\"url\":\"https:\/\/audibax.com\/wp-content\/uploads\/2023\/12\/Water-180-RGBW-par-led-exterior-luz-azul-oscuro.jpg\",\"contentUrl\":\"https:\/\/audibax.com\/wp-content\/uploads\/2023\/12\/Water-180-RGBW-par-led-exterior-luz-azul-oscuro.jpg\",\"width\":1000,\"height\":500},{\"@type\":\"BreadcrumbList\",\"@id\":\"https:\/\/audibax.com\/fr\/produit\/water-180-black-2\/#breadcrumb\",\"itemListElement\":[{\"@type\":\"ListItem\",\"position\":1,\"name\":\"Portada\",\"item\":\"https:\/\/audibax.com\/fr\/\"},{\"@type\":\"ListItem\",\"position\":2,\"name\":\"Produits\",\"item\":\"https:\/\/audibax.com\/fr\/shop\/\"},{\"@type\":\"ListItem\",\"position\":3,\"name\":\"Water 180 Black\"}]},{\"@type\":\"WebSite\",\"@id\":\"https:\/\/audibax.com\/fr\/#website\",\"url\":\"https:\/\/audibax.com\/fr\/\",\"name\":\"Audibax\",\"description\":\"\",\"publisher\":{\"@id\":\"https:\/\/audibax.com\/fr\/#organization\"},\"potentialAction\":[{\"@type\":\"SearchAction\",\"target\":{\"@type\":\"EntryPoint\",\"urlTemplate\":\"https:\/\/audibax.com\/fr\/?s={search_term_string}\"},\"query-input\":{\"@type\":\"PropertyValueSpecification\",\"valueRequired\":true,\"valueName\":\"search_term_string\"}}],\"inLanguage\":\"fr-FR\"},{\"@type\":\"Organization\",\"@id\":\"https:\/\/audibax.com\/fr\/#organization\",\"name\":\"Audibax\",\"url\":\"https:\/\/audibax.com\/fr\/\",\"logo\":{\"@type\":\"ImageObject\",\"inLanguage\":\"fr-FR\",\"@id\":\"https:\/\/audibax.com\/fr\/#\/schema\/logo\/image\/\",\"url\":\"https:\/\/audibax.com\/wp-content\/uploads\/2023\/09\/logo-Audibax-BLANCO-SVG-1.svg\",\"contentUrl\":\"https:\/\/audibax.com\/wp-content\/uploads\/2023\/09\/logo-Audibax-BLANCO-SVG-1.svg\",\"caption\":\"Audibax\"},\"image\":{\"@id\":\"https:\/\/audibax.com\/fr\/#\/schema\/logo\/image\/\"}}]}<\/script>\n<!-- \/ Yoast SEO plugin. -->","yoast_head_json":{"title":"Water 180 Black - Audibax","robots":{"index":"index","follow":"follow","max-snippet":"max-snippet:-1","max-image-preview":"max-image-preview:large","max-video-preview":"max-video-preview:-1"},"canonical":"https:\/\/audibax.com\/fr\/produit\/water-180-black-2\/","og_locale":"fr_FR","og_type":"article","og_title":"Water 180 Black - Audibax","og_description":"Source lumineuse : 18 x 10W LED RGBW  Canaux DMX : 4\/8 CH  Mode de contr\u00f4le : DMX512, ma\u00eetre-esclave, AUTO, son  Etanch\u00e9it\u00e9 : IP65  Mode de contr\u00f4le.","og_url":"https:\/\/audibax.com\/fr\/produit\/water-180-black-2\/","og_site_name":"Audibax","article_modified_time":"2024-10-25T15:44:26+00:00","og_image":[{"width":1000,"height":500,"url":"https:\/\/audibax.com\/wp-content\/uploads\/2023\/12\/Water-180-RGBW-par-led-exterior-luz-azul-oscuro.jpg","type":"image\/jpeg"}],"twitter_card":"summary_large_image","twitter_misc":{"Dur\u00e9e de lecture estim\u00e9e":"2 minutes"},"schema":{"@context":"https:\/\/schema.org","@graph":[{"@type":"WebPage","@id":"https:\/\/audibax.com\/fr\/produit\/water-180-black-2\/","url":"https:\/\/audibax.com\/fr\/produit\/water-180-black-2\/","name":"Water 180 Black - Audibax","isPartOf":{"@id":"https:\/\/audibax.com\/fr\/#website"},"primaryImageOfPage":{"@id":"https:\/\/audibax.com\/fr\/produit\/water-180-black-2\/#primaryimage"},"image":{"@id":"https:\/\/audibax.com\/fr\/produit\/water-180-black-2\/#primaryimage"},"thumbnailUrl":"https:\/\/audibax.com\/wp-content\/uploads\/2023\/12\/Water-180-RGBW-par-led-exterior-luz-azul-oscuro.jpg","datePublished":"2023-12-11T12:39:22+00:00","dateModified":"2024-10-25T15:44:26+00:00","breadcrumb":{"@id":"https:\/\/audibax.com\/fr\/produit\/water-180-black-2\/#breadcrumb"},"inLanguage":"fr-FR","potentialAction":[{"@type":"ReadAction","target":["https:\/\/audibax.com\/fr\/produit\/water-180-black-2\/"]}]},{"@type":"ImageObject","inLanguage":"fr-FR","@id":"https:\/\/audibax.com\/fr\/produit\/water-180-black-2\/#primaryimage","url":"https:\/\/audibax.com\/wp-content\/uploads\/2023\/12\/Water-180-RGBW-par-led-exterior-luz-azul-oscuro.jpg","contentUrl":"https:\/\/audibax.com\/wp-content\/uploads\/2023\/12\/Water-180-RGBW-par-led-exterior-luz-azul-oscuro.jpg","width":1000,"height":500},{"@type":"BreadcrumbList","@id":"https:\/\/audibax.com\/fr\/produit\/water-180-black-2\/#breadcrumb","itemListElement":[{"@type":"ListItem","position":1,"name":"Portada","item":"https:\/\/audibax.com\/fr\/"},{"@type":"ListItem","position":2,"name":"Produits","item":"https:\/\/audibax.com\/fr\/shop\/"},{"@type":"ListItem","position":3,"name":"Water 180 Black"}]},{"@type":"WebSite","@id":"https:\/\/audibax.com\/fr\/#website","url":"https:\/\/audibax.com\/fr\/","name":"Audibax","description":"","publisher":{"@id":"https:\/\/audibax.com\/fr\/#organization"},"potentialAction":[{"@type":"SearchAction","target":{"@type":"EntryPoint","urlTemplate":"https:\/\/audibax.com\/fr\/?s={search_term_string}"},"query-input":{"@type":"PropertyValueSpecification","valueRequired":true,"valueName":"search_term_string"}}],"inLanguage":"fr-FR"},{"@type":"Organization","@id":"https:\/\/audibax.com\/fr\/#organization","name":"Audibax","url":"https:\/\/audibax.com\/fr\/","logo":{"@type":"ImageObject","inLanguage":"fr-FR","@id":"https:\/\/audibax.com\/fr\/#\/schema\/logo\/image\/","url":"https:\/\/audibax.com\/wp-content\/uploads\/2023\/09\/logo-Audibax-BLANCO-SVG-1.svg","contentUrl":"https:\/\/audibax.com\/wp-content\/uploads\/2023\/09\/logo-Audibax-BLANCO-SVG-1.svg","caption":"Audibax"},"image":{"@id":"https:\/\/audibax.com\/fr\/#\/schema\/logo\/image\/"}}]}},"_links":{"self":[{"href":"https:\/\/audibax.com\/fr\/wp-json\/wp\/v2\/product\/36658","targetHints":{"allow":["GET"]}}],"collection":[{"href":"https:\/\/audibax.com\/fr\/wp-json\/wp\/v2\/product"}],"about":[{"href":"https:\/\/audibax.com\/fr\/wp-json\/wp\/v2\/types\/product"}],"replies":[{"embeddable":true,"href":"https:\/\/audibax.com\/fr\/wp-json\/wp\/v2\/comments?post=36658"}],"wp:featuredmedia":[{"embeddable":true,"href":"https:\/\/audibax.com\/fr\/wp-json\/wp\/v2\/media\/16383"}],"wp:attachment":[{"href":"https:\/\/audibax.com\/fr\/wp-json\/wp\/v2\/media?parent=36658"}],"wp:term":[{"taxonomy":"product_cat","embeddable":true,"href":"https:\/\/audibax.com\/fr\/wp-json\/wp\/v2\/product_cat?post=36658"},{"taxonomy":"product_tag","embeddable":true,"href":"https:\/\/audibax.com\/fr\/wp-json\/wp\/v2\/product_tag?post=36658"}],"curies":[{"name":"wp","href":"https:\/\/api.w.org\/{rel}","templated":true}]}}