{"id":36651,"date":"2023-12-11T13:38:45","date_gmt":"2023-12-11T12:38:45","guid":{"rendered":"https:\/\/audibax.com\/product\/dallas-210-black-2\/"},"modified":"2024-10-25T17:18:15","modified_gmt":"2024-10-25T15:18:15","slug":"dallas-210-black-2","status":"publish","type":"product","link":"https:\/\/audibax.com\/fr\/produit\/dallas-210-black-2\/","title":{"rendered":"Dallas 210 Black"},"content":{"rendered":"<p>Audibax Dallas 210 Flat a un design tr\u00e8s plat et ergonomique. Il est dot\u00e9 d&rsquo;une ventilation silencieuse et utilise la technologie LED Cree.<\/p>\n<p>Les 21 LED 10W \u00e0 haute efficacit\u00e9 permettent d&rsquo;obtenir une large gamme de couleurs RGBW, des tons doux aux tons chauds et tr\u00e8s satur\u00e9s, avec un angle de projection de 30\u00b0 et un haut niveau d&rsquo;illumination. Le <strong>Dallas 210 Flat<\/strong> offre 1 mode DMX avec de nombreuses fonctions et programmes int\u00e9gr\u00e9s et dispose d&rsquo;un microphone int\u00e9gr\u00e9 pour l&rsquo;activation du son. Il fonctionne en mode ma\u00eetre, esclave et automatique et l&rsquo;\u00e9cran \u00e9clair\u00e9 permet des r\u00e9glages faciles avec les 4 boutons.<\/p>\n<p>Il a un bo\u00eetier noir en aluminium moul\u00e9 sous pression, avec 3 entr\u00e9es et sorties XLR pour le signal DMX. L&rsquo;Audibax <em>Dallas 210 Flat<\/em> comprend un support multifonctionnel qui offre une grande vari\u00e9t\u00e9 d&rsquo;options de montage.<\/p>\n<h2>Caract\u00e9ristiques<\/h2>\n<p>&nbsp;<\/p>\n<ul>\n<li>Ultra-lumineux 10 W LED \u00e0 haute efficacit\u00e9<\/li>\n<li>Hautement silencieux gr\u00e2ce au<\/li>\n<li>Dallas 210 Flat<\/li>\n<li>.li&gt;Tr\u00e8s silencieux gr\u00e2ce \u00e0 la ventilation r\u00e9gul\u00e9e<\/li>\n<li>Le spectre de couleurs RVBW offre un m\u00e9lange de couleurs tr\u00e8s flexible, des couleurs chaudes et satur\u00e9es aux pastels et aux pastels<\/li>\n<li>Le spectre de couleurs RVBW offre un m\u00e9lange de couleurs flexible, des couleurs chaudes et satur\u00e9es aux pastels et aux pastels<\/li>\n<li>Le spectre de couleurs RVBW offre un m\u00e9lange de couleurs flexible, des couleurs chaudes et satur\u00e9es aux pastels et aux pastels ;<\/li>\n<li>Pas de scintillement<\/li>\n<li>Connexion professionnelle avec entr\u00e9e et sortie DMX 3 broches et 5 broches via XLR<\/li>\n<li>Bo\u00eetier m\u00e9tallique<\/li>\n<li>Bo\u00eetier m\u00e9tallique<\/li>\n<li>Sans scintillement<\/li>\n<li>Entr\u00e9e et sortie DMX<\/li>\n<li>Entr\u00e9e et sortie DMX via XLR 3 broches et 5 broches ;<\/li>\n<li>Sans scintillement<\/li>\n<li>Sans scintillement<\/li>\n<li>Sans scintillement<\/li>\n<li>Sans scintillement<\/li>\n<li>.Bo\u00eetier m\u00e9tallique robuste, plat et compact<\/li>\n<\/ul>\n<p>Sp\u00e9cifications<\/p>\n<h2>Sp\u00e9cifications<\/h2>\n<p>&nbsp;<\/p>\n<ul>\n<li>Type de produit : Spot PAR avec technologie LED Cree<\/li>\n<li>Type : Flat PAR<\/li>\n<li>Couleurs : RGBW 4 en 1<\/li>\n<li>Nombre de LED : 21<\/li>\n<li>Type de LED : 10 W<\/li>\n<li>Puissance 210w<\/li>\n<li>Ouverture : 30\u00b0<\/li>\n<li>Entr\u00e9eDMX : XLR m\u00e2le 3 broches<\/li>\n<li>SortieDMX : XLR femelle 3 broches<\/li>\n<li>ModeDMX : 8 canaux<\/li>\n<li>FonctionsDMX : RGBW, stroboscope, gradateur, ma\u00eetre, son activ\u00e9, changement de couleur, gradation de couleur<\/li>\n<li>Modes automatiques : Mode esclave, changement de couleur, gradation de couleur, couleur fixe, activ\u00e9 par le son<\/li>\n<li>Contr\u00f4les : Entr\u00e9e, Haut, Bas, Mode<\/li>\n<li>Indication : \u00e9cran r\u00e9tro\u00e9clair\u00e9<\/li>\n<li>Voltage : AC90-240v, 50-60Khz<\/li>\n<li>Mat\u00e9riau du bo\u00eetier : Aluminium<\/li>\n<li>Couleur du bo\u00eetier : noir<\/li>\n<li>Consommation \u00e9lectrique : 200w<\/li>\n<li>Dimensions avec poign\u00e9e : 260 x 260 x 80<\/li>\n<\/ul>\n","protected":false},"excerpt":{"rendered":"<ul>\n<li>Type de produit : Spot PAR avec technologie LED Cree<\/li>\n<li>Type : Flat PAR<\/li>\n<li>Couleurs : RGBW 4 en 1<\/li>\n<li>Nombre de LED : 21<\/li>\n<li>Type de LED : 10 W<\/li>\n<li>Puissance 210w<\/li>\n<\/ul>\n","protected":false},"featured_media":16605,"comment_status":"open","ping_status":"closed","template":"","meta":{"_acf_changed":false},"product_cat":[368],"product_tag":[],"class_list":{"0":"post-36651","1":"product","2":"type-product","3":"status-publish","4":"has-post-thumbnail","6":"product_cat-spotlights-fr","8":"first","9":"instock","10":"shipping-taxable","11":"product-type-simple"},"acf":[],"yoast_head":"<!-- This site is optimized with the Yoast SEO plugin v27.0 - https:\/\/yoast.com\/product\/yoast-seo-wordpress\/ -->\n<title>Dallas 210 Black - Audibax<\/title>\n<meta name=\"robots\" content=\"index, follow, max-snippet:-1, max-image-preview:large, max-video-preview:-1\" \/>\n<link rel=\"canonical\" href=\"https:\/\/audibax.com\/fr\/produit\/dallas-210-black-2\/\" \/>\n<meta property=\"og:locale\" content=\"fr_FR\" \/>\n<meta property=\"og:type\" content=\"article\" \/>\n<meta property=\"og:title\" content=\"Dallas 210 Black - Audibax\" \/>\n<meta property=\"og:description\" content=\"Type de produit : Spot PAR avec technologie LED Cree  Type : Flat PAR  Couleurs : RGBW 4 en 1  Nombre de LED : 21  Type de LED : 10 W  Puissance 210w\" \/>\n<meta property=\"og:url\" content=\"https:\/\/audibax.com\/fr\/produit\/dallas-210-black-2\/\" \/>\n<meta property=\"og:site_name\" content=\"Audibax\" \/>\n<meta property=\"article:modified_time\" content=\"2024-10-25T15:18:15+00:00\" \/>\n<meta property=\"og:image\" content=\"https:\/\/audibax.com\/wp-content\/uploads\/2023\/12\/audibax_dallas_210_flat_foco_led_profesional_iluminacion.jpg\" \/>\n\t<meta property=\"og:image:width\" content=\"1000\" \/>\n\t<meta property=\"og:image:height\" content=\"500\" \/>\n\t<meta property=\"og:image:type\" content=\"image\/jpeg\" \/>\n<meta name=\"twitter:card\" content=\"summary_large_image\" \/>\n<meta name=\"twitter:label1\" content=\"Dur\u00e9e de lecture estim\u00e9e\" \/>\n\t<meta name=\"twitter:data1\" content=\"2 minutes\" \/>\n<script type=\"application\/ld+json\" class=\"yoast-schema-graph\">{\"@context\":\"https:\/\/schema.org\",\"@graph\":[{\"@type\":\"WebPage\",\"@id\":\"https:\/\/audibax.com\/fr\/produit\/dallas-210-black-2\/\",\"url\":\"https:\/\/audibax.com\/fr\/produit\/dallas-210-black-2\/\",\"name\":\"Dallas 210 Black - Audibax\",\"isPartOf\":{\"@id\":\"https:\/\/audibax.com\/fr\/#website\"},\"primaryImageOfPage\":{\"@id\":\"https:\/\/audibax.com\/fr\/produit\/dallas-210-black-2\/#primaryimage\"},\"image\":{\"@id\":\"https:\/\/audibax.com\/fr\/produit\/dallas-210-black-2\/#primaryimage\"},\"thumbnailUrl\":\"https:\/\/audibax.com\/wp-content\/uploads\/2023\/12\/audibax_dallas_210_flat_foco_led_profesional_iluminacion.jpg\",\"datePublished\":\"2023-12-11T12:38:45+00:00\",\"dateModified\":\"2024-10-25T15:18:15+00:00\",\"breadcrumb\":{\"@id\":\"https:\/\/audibax.com\/fr\/produit\/dallas-210-black-2\/#breadcrumb\"},\"inLanguage\":\"fr-FR\",\"potentialAction\":[{\"@type\":\"ReadAction\",\"target\":[\"https:\/\/audibax.com\/fr\/produit\/dallas-210-black-2\/\"]}]},{\"@type\":\"ImageObject\",\"inLanguage\":\"fr-FR\",\"@id\":\"https:\/\/audibax.com\/fr\/produit\/dallas-210-black-2\/#primaryimage\",\"url\":\"https:\/\/audibax.com\/wp-content\/uploads\/2023\/12\/audibax_dallas_210_flat_foco_led_profesional_iluminacion.jpg\",\"contentUrl\":\"https:\/\/audibax.com\/wp-content\/uploads\/2023\/12\/audibax_dallas_210_flat_foco_led_profesional_iluminacion.jpg\",\"width\":1000,\"height\":500},{\"@type\":\"BreadcrumbList\",\"@id\":\"https:\/\/audibax.com\/fr\/produit\/dallas-210-black-2\/#breadcrumb\",\"itemListElement\":[{\"@type\":\"ListItem\",\"position\":1,\"name\":\"Portada\",\"item\":\"https:\/\/audibax.com\/fr\/\"},{\"@type\":\"ListItem\",\"position\":2,\"name\":\"Produits\",\"item\":\"https:\/\/audibax.com\/fr\/shop\/\"},{\"@type\":\"ListItem\",\"position\":3,\"name\":\"Dallas 210 Black\"}]},{\"@type\":\"WebSite\",\"@id\":\"https:\/\/audibax.com\/fr\/#website\",\"url\":\"https:\/\/audibax.com\/fr\/\",\"name\":\"Audibax\",\"description\":\"\",\"publisher\":{\"@id\":\"https:\/\/audibax.com\/fr\/#organization\"},\"potentialAction\":[{\"@type\":\"SearchAction\",\"target\":{\"@type\":\"EntryPoint\",\"urlTemplate\":\"https:\/\/audibax.com\/fr\/?s={search_term_string}\"},\"query-input\":{\"@type\":\"PropertyValueSpecification\",\"valueRequired\":true,\"valueName\":\"search_term_string\"}}],\"inLanguage\":\"fr-FR\"},{\"@type\":\"Organization\",\"@id\":\"https:\/\/audibax.com\/fr\/#organization\",\"name\":\"Audibax\",\"url\":\"https:\/\/audibax.com\/fr\/\",\"logo\":{\"@type\":\"ImageObject\",\"inLanguage\":\"fr-FR\",\"@id\":\"https:\/\/audibax.com\/fr\/#\/schema\/logo\/image\/\",\"url\":\"https:\/\/audibax.com\/wp-content\/uploads\/2023\/09\/logo-Audibax-BLANCO-SVG-1.svg\",\"contentUrl\":\"https:\/\/audibax.com\/wp-content\/uploads\/2023\/09\/logo-Audibax-BLANCO-SVG-1.svg\",\"caption\":\"Audibax\"},\"image\":{\"@id\":\"https:\/\/audibax.com\/fr\/#\/schema\/logo\/image\/\"}}]}<\/script>\n<!-- \/ Yoast SEO plugin. -->","yoast_head_json":{"title":"Dallas 210 Black - Audibax","robots":{"index":"index","follow":"follow","max-snippet":"max-snippet:-1","max-image-preview":"max-image-preview:large","max-video-preview":"max-video-preview:-1"},"canonical":"https:\/\/audibax.com\/fr\/produit\/dallas-210-black-2\/","og_locale":"fr_FR","og_type":"article","og_title":"Dallas 210 Black - Audibax","og_description":"Type de produit : Spot PAR avec technologie LED Cree  Type : Flat PAR  Couleurs : RGBW 4 en 1  Nombre de LED : 21  Type de LED : 10 W  Puissance 210w","og_url":"https:\/\/audibax.com\/fr\/produit\/dallas-210-black-2\/","og_site_name":"Audibax","article_modified_time":"2024-10-25T15:18:15+00:00","og_image":[{"width":1000,"height":500,"url":"https:\/\/audibax.com\/wp-content\/uploads\/2023\/12\/audibax_dallas_210_flat_foco_led_profesional_iluminacion.jpg","type":"image\/jpeg"}],"twitter_card":"summary_large_image","twitter_misc":{"Dur\u00e9e de lecture estim\u00e9e":"2 minutes"},"schema":{"@context":"https:\/\/schema.org","@graph":[{"@type":"WebPage","@id":"https:\/\/audibax.com\/fr\/produit\/dallas-210-black-2\/","url":"https:\/\/audibax.com\/fr\/produit\/dallas-210-black-2\/","name":"Dallas 210 Black - Audibax","isPartOf":{"@id":"https:\/\/audibax.com\/fr\/#website"},"primaryImageOfPage":{"@id":"https:\/\/audibax.com\/fr\/produit\/dallas-210-black-2\/#primaryimage"},"image":{"@id":"https:\/\/audibax.com\/fr\/produit\/dallas-210-black-2\/#primaryimage"},"thumbnailUrl":"https:\/\/audibax.com\/wp-content\/uploads\/2023\/12\/audibax_dallas_210_flat_foco_led_profesional_iluminacion.jpg","datePublished":"2023-12-11T12:38:45+00:00","dateModified":"2024-10-25T15:18:15+00:00","breadcrumb":{"@id":"https:\/\/audibax.com\/fr\/produit\/dallas-210-black-2\/#breadcrumb"},"inLanguage":"fr-FR","potentialAction":[{"@type":"ReadAction","target":["https:\/\/audibax.com\/fr\/produit\/dallas-210-black-2\/"]}]},{"@type":"ImageObject","inLanguage":"fr-FR","@id":"https:\/\/audibax.com\/fr\/produit\/dallas-210-black-2\/#primaryimage","url":"https:\/\/audibax.com\/wp-content\/uploads\/2023\/12\/audibax_dallas_210_flat_foco_led_profesional_iluminacion.jpg","contentUrl":"https:\/\/audibax.com\/wp-content\/uploads\/2023\/12\/audibax_dallas_210_flat_foco_led_profesional_iluminacion.jpg","width":1000,"height":500},{"@type":"BreadcrumbList","@id":"https:\/\/audibax.com\/fr\/produit\/dallas-210-black-2\/#breadcrumb","itemListElement":[{"@type":"ListItem","position":1,"name":"Portada","item":"https:\/\/audibax.com\/fr\/"},{"@type":"ListItem","position":2,"name":"Produits","item":"https:\/\/audibax.com\/fr\/shop\/"},{"@type":"ListItem","position":3,"name":"Dallas 210 Black"}]},{"@type":"WebSite","@id":"https:\/\/audibax.com\/fr\/#website","url":"https:\/\/audibax.com\/fr\/","name":"Audibax","description":"","publisher":{"@id":"https:\/\/audibax.com\/fr\/#organization"},"potentialAction":[{"@type":"SearchAction","target":{"@type":"EntryPoint","urlTemplate":"https:\/\/audibax.com\/fr\/?s={search_term_string}"},"query-input":{"@type":"PropertyValueSpecification","valueRequired":true,"valueName":"search_term_string"}}],"inLanguage":"fr-FR"},{"@type":"Organization","@id":"https:\/\/audibax.com\/fr\/#organization","name":"Audibax","url":"https:\/\/audibax.com\/fr\/","logo":{"@type":"ImageObject","inLanguage":"fr-FR","@id":"https:\/\/audibax.com\/fr\/#\/schema\/logo\/image\/","url":"https:\/\/audibax.com\/wp-content\/uploads\/2023\/09\/logo-Audibax-BLANCO-SVG-1.svg","contentUrl":"https:\/\/audibax.com\/wp-content\/uploads\/2023\/09\/logo-Audibax-BLANCO-SVG-1.svg","caption":"Audibax"},"image":{"@id":"https:\/\/audibax.com\/fr\/#\/schema\/logo\/image\/"}}]}},"_links":{"self":[{"href":"https:\/\/audibax.com\/fr\/wp-json\/wp\/v2\/product\/36651","targetHints":{"allow":["GET"]}}],"collection":[{"href":"https:\/\/audibax.com\/fr\/wp-json\/wp\/v2\/product"}],"about":[{"href":"https:\/\/audibax.com\/fr\/wp-json\/wp\/v2\/types\/product"}],"replies":[{"embeddable":true,"href":"https:\/\/audibax.com\/fr\/wp-json\/wp\/v2\/comments?post=36651"}],"wp:featuredmedia":[{"embeddable":true,"href":"https:\/\/audibax.com\/fr\/wp-json\/wp\/v2\/media\/16605"}],"wp:attachment":[{"href":"https:\/\/audibax.com\/fr\/wp-json\/wp\/v2\/media?parent=36651"}],"wp:term":[{"taxonomy":"product_cat","embeddable":true,"href":"https:\/\/audibax.com\/fr\/wp-json\/wp\/v2\/product_cat?post=36651"},{"taxonomy":"product_tag","embeddable":true,"href":"https:\/\/audibax.com\/fr\/wp-json\/wp\/v2\/product_tag?post=36651"}],"curies":[{"name":"wp","href":"https:\/\/api.w.org\/{rel}","templated":true}]}}