{"id":36627,"date":"2023-12-11T13:36:25","date_gmt":"2023-12-11T12:36:25","guid":{"rendered":"https:\/\/audibax.com\/product\/boston-60-black-2\/"},"modified":"2024-04-18T11:09:20","modified_gmt":"2024-04-18T09:09:20","slug":"boston-60-black-2","status":"publish","type":"product","link":"https:\/\/audibax.com\/fr\/produit\/boston-60-black-2\/","title":{"rendered":"Boston 60 Black"},"content":{"rendered":"<p><strong>Audibax Boston 60 60w<\/strong><\/p>\n<p><strong>Audibax<\/strong><strong>Boston 60<\/strong><\/p>\n<p><strong>Audibax<\/strong>.<strong>Audibax Boston 60<\/strong> est une t\u00eate mobile compacte dot\u00e9e d&rsquo;une source lumineuse LED de 60W. De taille moyenne, elle se distingue par sa puissance, sa l\u00e9g\u00e8ret\u00e9 et sa polyvalence, offrant de hautes performances en cr\u00e9ant une source lumineuse personnalisable avec diff\u00e9rentes couleurs et gobos.<\/p>\n<p>Gr\u00e2ce aux mouvements rapides et aux changements de couleur, le <strong>Boston 60<\/strong> vous procurera une pure excitation lumineuse.<\/p>\n<p>Il a \u00e9galement un design tr\u00e8s simple et \u00e9l\u00e9gant, ce qui le rend id\u00e9al pour les endroits o\u00f9 l&rsquo;espace est limit\u00e9 et o\u00f9 un faible poids est une n\u00e9cessit\u00e9, comme les pubs, les clubs, les DJ mobiles ou tout autre endroit o\u00f9 vous souhaitez couvrir vos besoins en mati\u00e8re d&rsquo;\u00e9clairage.<\/p>\n<p><strong>Caract\u00e9ristiques techniques:<\/strong><\/p>\n<ul>\n<li>Dimensions :\n<ul style=\"list-style-type: circle;\">\n<li>Diam\u00e8tre : 15.5cm<\/li>\n<li>Hauteur : 23.5cm<\/li>\n<li>Profondeur : 14.5cm<\/li>\n<\/ul>\n<\/li>\n<li>Couleur de la t\u00eate : Noir<\/li>\n<li>Couleurs : 7 Couleurs + Blanc<\/li>\n<li>Voltage : AC110-220V, 50-60HZ<\/li>\n<li>Source lumineuse : 1 pcs x 60W LED<\/li>\n<li>Alimentation \u00e9lectrique : 220V<\/li>\n<li>Puissance : 60W Led Blanc<\/li>\n<li>Gobos : 7 + ouvert<\/li>\n<li>Couleur : 8 couleurs<\/li>\n<li>Canaux DMX : 9\/11 CH<\/li>\n<li>Op\u00e9ration : DMX, Auto, Son, Ma\u00eetre-esclave<\/li>\n<li>Poids net : 3.5kg<\/li>\n<\/ul>\n","protected":false},"excerpt":{"rendered":"<p><span style=\"colour: #008080;\">LED Disco Spot 60w<\/span><\/p>\n<p><span style=\"color: #008080;\">Mobile Disco Spot 60w<\/span><\/p>\n<p><span style=\"color: #008080;\">LED Disco Spot 60w<\/span><\/p>\n","protected":false},"featured_media":16875,"comment_status":"open","ping_status":"closed","template":"","meta":{"_acf_changed":false},"product_cat":[363],"product_tag":[],"class_list":{"0":"post-36627","1":"product","2":"type-product","3":"status-publish","4":"has-post-thumbnail","6":"product_cat-tete-mobile-ponctuelle","8":"first","9":"instock","10":"shipping-taxable","11":"product-type-simple"},"acf":[],"yoast_head":"<!-- This site is optimized with the Yoast SEO plugin v27.0 - https:\/\/yoast.com\/product\/yoast-seo-wordpress\/ -->\n<title>Boston 60 Black - Audibax<\/title>\n<meta name=\"robots\" content=\"index, follow, max-snippet:-1, max-image-preview:large, max-video-preview:-1\" \/>\n<link rel=\"canonical\" href=\"https:\/\/audibax.com\/fr\/produit\/boston-60-black-2\/\" \/>\n<meta property=\"og:locale\" content=\"fr_FR\" \/>\n<meta property=\"og:type\" content=\"article\" \/>\n<meta property=\"og:title\" content=\"Boston 60 Black - Audibax\" \/>\n<meta property=\"og:description\" content=\"LED Disco Spot 60w  Mobile Disco Spot 60w  LED Disco Spot 60w\" \/>\n<meta property=\"og:url\" content=\"https:\/\/audibax.com\/fr\/produit\/boston-60-black-2\/\" \/>\n<meta property=\"og:site_name\" content=\"Audibax\" \/>\n<meta property=\"article:modified_time\" content=\"2024-04-18T09:09:20+00:00\" \/>\n<meta property=\"og:image\" content=\"https:\/\/audibax.com\/wp-content\/uploads\/2023\/12\/audibax-boston60-rojo.jpg\" \/>\n\t<meta property=\"og:image:width\" content=\"1000\" \/>\n\t<meta property=\"og:image:height\" content=\"500\" \/>\n\t<meta property=\"og:image:type\" content=\"image\/jpeg\" \/>\n<meta name=\"twitter:card\" content=\"summary_large_image\" \/>\n<meta name=\"twitter:label1\" content=\"Dur\u00e9e de lecture estim\u00e9e\" \/>\n\t<meta name=\"twitter:data1\" content=\"1 minute\" \/>\n<script type=\"application\/ld+json\" class=\"yoast-schema-graph\">{\"@context\":\"https:\/\/schema.org\",\"@graph\":[{\"@type\":\"WebPage\",\"@id\":\"https:\/\/audibax.com\/fr\/produit\/boston-60-black-2\/\",\"url\":\"https:\/\/audibax.com\/fr\/produit\/boston-60-black-2\/\",\"name\":\"Boston 60 Black - Audibax\",\"isPartOf\":{\"@id\":\"https:\/\/audibax.com\/fr\/#website\"},\"primaryImageOfPage\":{\"@id\":\"https:\/\/audibax.com\/fr\/produit\/boston-60-black-2\/#primaryimage\"},\"image\":{\"@id\":\"https:\/\/audibax.com\/fr\/produit\/boston-60-black-2\/#primaryimage\"},\"thumbnailUrl\":\"https:\/\/audibax.com\/wp-content\/uploads\/2023\/12\/audibax-boston60-rojo.jpg\",\"datePublished\":\"2023-12-11T12:36:25+00:00\",\"dateModified\":\"2024-04-18T09:09:20+00:00\",\"breadcrumb\":{\"@id\":\"https:\/\/audibax.com\/fr\/produit\/boston-60-black-2\/#breadcrumb\"},\"inLanguage\":\"fr-FR\",\"potentialAction\":[{\"@type\":\"ReadAction\",\"target\":[\"https:\/\/audibax.com\/fr\/produit\/boston-60-black-2\/\"]}]},{\"@type\":\"ImageObject\",\"inLanguage\":\"fr-FR\",\"@id\":\"https:\/\/audibax.com\/fr\/produit\/boston-60-black-2\/#primaryimage\",\"url\":\"https:\/\/audibax.com\/wp-content\/uploads\/2023\/12\/audibax-boston60-rojo.jpg\",\"contentUrl\":\"https:\/\/audibax.com\/wp-content\/uploads\/2023\/12\/audibax-boston60-rojo.jpg\",\"width\":1000,\"height\":500},{\"@type\":\"BreadcrumbList\",\"@id\":\"https:\/\/audibax.com\/fr\/produit\/boston-60-black-2\/#breadcrumb\",\"itemListElement\":[{\"@type\":\"ListItem\",\"position\":1,\"name\":\"Portada\",\"item\":\"https:\/\/audibax.com\/fr\/\"},{\"@type\":\"ListItem\",\"position\":2,\"name\":\"Produits\",\"item\":\"https:\/\/audibax.com\/fr\/shop\/\"},{\"@type\":\"ListItem\",\"position\":3,\"name\":\"Boston 60 Black\"}]},{\"@type\":\"WebSite\",\"@id\":\"https:\/\/audibax.com\/fr\/#website\",\"url\":\"https:\/\/audibax.com\/fr\/\",\"name\":\"Audibax\",\"description\":\"\",\"publisher\":{\"@id\":\"https:\/\/audibax.com\/fr\/#organization\"},\"potentialAction\":[{\"@type\":\"SearchAction\",\"target\":{\"@type\":\"EntryPoint\",\"urlTemplate\":\"https:\/\/audibax.com\/fr\/?s={search_term_string}\"},\"query-input\":{\"@type\":\"PropertyValueSpecification\",\"valueRequired\":true,\"valueName\":\"search_term_string\"}}],\"inLanguage\":\"fr-FR\"},{\"@type\":\"Organization\",\"@id\":\"https:\/\/audibax.com\/fr\/#organization\",\"name\":\"Audibax\",\"url\":\"https:\/\/audibax.com\/fr\/\",\"logo\":{\"@type\":\"ImageObject\",\"inLanguage\":\"fr-FR\",\"@id\":\"https:\/\/audibax.com\/fr\/#\/schema\/logo\/image\/\",\"url\":\"https:\/\/audibax.com\/wp-content\/uploads\/2023\/09\/logo-Audibax-BLANCO-SVG-1.svg\",\"contentUrl\":\"https:\/\/audibax.com\/wp-content\/uploads\/2023\/09\/logo-Audibax-BLANCO-SVG-1.svg\",\"caption\":\"Audibax\"},\"image\":{\"@id\":\"https:\/\/audibax.com\/fr\/#\/schema\/logo\/image\/\"}}]}<\/script>\n<!-- \/ Yoast SEO plugin. -->","yoast_head_json":{"title":"Boston 60 Black - Audibax","robots":{"index":"index","follow":"follow","max-snippet":"max-snippet:-1","max-image-preview":"max-image-preview:large","max-video-preview":"max-video-preview:-1"},"canonical":"https:\/\/audibax.com\/fr\/produit\/boston-60-black-2\/","og_locale":"fr_FR","og_type":"article","og_title":"Boston 60 Black - Audibax","og_description":"LED Disco Spot 60w  Mobile Disco Spot 60w  LED Disco Spot 60w","og_url":"https:\/\/audibax.com\/fr\/produit\/boston-60-black-2\/","og_site_name":"Audibax","article_modified_time":"2024-04-18T09:09:20+00:00","og_image":[{"width":1000,"height":500,"url":"https:\/\/audibax.com\/wp-content\/uploads\/2023\/12\/audibax-boston60-rojo.jpg","type":"image\/jpeg"}],"twitter_card":"summary_large_image","twitter_misc":{"Dur\u00e9e de lecture estim\u00e9e":"1 minute"},"schema":{"@context":"https:\/\/schema.org","@graph":[{"@type":"WebPage","@id":"https:\/\/audibax.com\/fr\/produit\/boston-60-black-2\/","url":"https:\/\/audibax.com\/fr\/produit\/boston-60-black-2\/","name":"Boston 60 Black - Audibax","isPartOf":{"@id":"https:\/\/audibax.com\/fr\/#website"},"primaryImageOfPage":{"@id":"https:\/\/audibax.com\/fr\/produit\/boston-60-black-2\/#primaryimage"},"image":{"@id":"https:\/\/audibax.com\/fr\/produit\/boston-60-black-2\/#primaryimage"},"thumbnailUrl":"https:\/\/audibax.com\/wp-content\/uploads\/2023\/12\/audibax-boston60-rojo.jpg","datePublished":"2023-12-11T12:36:25+00:00","dateModified":"2024-04-18T09:09:20+00:00","breadcrumb":{"@id":"https:\/\/audibax.com\/fr\/produit\/boston-60-black-2\/#breadcrumb"},"inLanguage":"fr-FR","potentialAction":[{"@type":"ReadAction","target":["https:\/\/audibax.com\/fr\/produit\/boston-60-black-2\/"]}]},{"@type":"ImageObject","inLanguage":"fr-FR","@id":"https:\/\/audibax.com\/fr\/produit\/boston-60-black-2\/#primaryimage","url":"https:\/\/audibax.com\/wp-content\/uploads\/2023\/12\/audibax-boston60-rojo.jpg","contentUrl":"https:\/\/audibax.com\/wp-content\/uploads\/2023\/12\/audibax-boston60-rojo.jpg","width":1000,"height":500},{"@type":"BreadcrumbList","@id":"https:\/\/audibax.com\/fr\/produit\/boston-60-black-2\/#breadcrumb","itemListElement":[{"@type":"ListItem","position":1,"name":"Portada","item":"https:\/\/audibax.com\/fr\/"},{"@type":"ListItem","position":2,"name":"Produits","item":"https:\/\/audibax.com\/fr\/shop\/"},{"@type":"ListItem","position":3,"name":"Boston 60 Black"}]},{"@type":"WebSite","@id":"https:\/\/audibax.com\/fr\/#website","url":"https:\/\/audibax.com\/fr\/","name":"Audibax","description":"","publisher":{"@id":"https:\/\/audibax.com\/fr\/#organization"},"potentialAction":[{"@type":"SearchAction","target":{"@type":"EntryPoint","urlTemplate":"https:\/\/audibax.com\/fr\/?s={search_term_string}"},"query-input":{"@type":"PropertyValueSpecification","valueRequired":true,"valueName":"search_term_string"}}],"inLanguage":"fr-FR"},{"@type":"Organization","@id":"https:\/\/audibax.com\/fr\/#organization","name":"Audibax","url":"https:\/\/audibax.com\/fr\/","logo":{"@type":"ImageObject","inLanguage":"fr-FR","@id":"https:\/\/audibax.com\/fr\/#\/schema\/logo\/image\/","url":"https:\/\/audibax.com\/wp-content\/uploads\/2023\/09\/logo-Audibax-BLANCO-SVG-1.svg","contentUrl":"https:\/\/audibax.com\/wp-content\/uploads\/2023\/09\/logo-Audibax-BLANCO-SVG-1.svg","caption":"Audibax"},"image":{"@id":"https:\/\/audibax.com\/fr\/#\/schema\/logo\/image\/"}}]}},"_links":{"self":[{"href":"https:\/\/audibax.com\/fr\/wp-json\/wp\/v2\/product\/36627","targetHints":{"allow":["GET"]}}],"collection":[{"href":"https:\/\/audibax.com\/fr\/wp-json\/wp\/v2\/product"}],"about":[{"href":"https:\/\/audibax.com\/fr\/wp-json\/wp\/v2\/types\/product"}],"replies":[{"embeddable":true,"href":"https:\/\/audibax.com\/fr\/wp-json\/wp\/v2\/comments?post=36627"}],"wp:featuredmedia":[{"embeddable":true,"href":"https:\/\/audibax.com\/fr\/wp-json\/wp\/v2\/media\/16875"}],"wp:attachment":[{"href":"https:\/\/audibax.com\/fr\/wp-json\/wp\/v2\/media?parent=36627"}],"wp:term":[{"taxonomy":"product_cat","embeddable":true,"href":"https:\/\/audibax.com\/fr\/wp-json\/wp\/v2\/product_cat?post=36627"},{"taxonomy":"product_tag","embeddable":true,"href":"https:\/\/audibax.com\/fr\/wp-json\/wp\/v2\/product_tag?post=36627"}],"curies":[{"name":"wp","href":"https:\/\/api.w.org\/{rel}","templated":true}]}}