{"id":36620,"date":"2023-12-11T13:35:38","date_gmt":"2023-12-11T12:35:38","guid":{"rendered":"https:\/\/audibax.com\/product\/oregon-60-black-2\/"},"modified":"2024-10-25T15:56:46","modified_gmt":"2024-10-25T13:56:46","slug":"oregon-60-black-2","status":"publish","type":"product","link":"https:\/\/audibax.com\/fr\/produit\/oregon-60-black-2\/","title":{"rendered":"Oregon 60 Black"},"content":{"rendered":"<p><strong>Caract\u00e9ristiques<\/strong><\/p>\n<ul>\n<li style=\"list-style-type: none;\">\n<ul>\n<li style=\"list-style-type: none;\">\n<ul>\n<li>Le <strong>Audibax\u00a0Oregon 60<\/strong>.<\/li>\n<li>La <strong>Audibax 60<\/strong> est une t\u00eate mobile puissante et compacte avec laquelle vous obtiendrez le spectacle lumineux que vous recherchiez.<\/li>\n<li>Oregon 60 offre 2 fonctions professionnelles en 1. En effet, elle est \u00e9quip\u00e9e d&rsquo;une LED 60W \u00e0 haute efficacit\u00e9 qui g\u00e9n\u00e8re des m\u00e9langes RGBW, entour\u00e9e d&rsquo;un anneau de 12 lumi\u00e8res LED SMD.<\/li>\n<li>Ces deux effets peuvent \u00eatre contr\u00f4l\u00e9s ind\u00e9pendamment et vous permettent de cr\u00e9er une vari\u00e9t\u00e9 d&rsquo;effets lumineux spectaculaires, produisant une exp\u00e9rience visuelle fascinante.<\/li>\n<li>C&rsquo;est une t\u00eate mobile ultra-rapide qui g\u00e9n\u00e8re des panoramiques et des inclinaisons pr\u00e9cis et continus et poss\u00e8de un puissant moteur de zoom qui g\u00e9n\u00e8re des faisceaux de lumi\u00e8re nets et focalis\u00e9s.<\/li>\n<li>Elle est extr\u00eamement lumineuse et a une longue dur\u00e9e de vie.<\/li>\n<li>La t\u00eate mobile est refroidie par un ventilateur \u00e0 temp\u00e9rature contr\u00f4l\u00e9e, ce qui garantit un fonctionnement fiable et une longue dur\u00e9e de vie des LED.<\/li>\n<\/ul>\n<\/li>\n<\/ul>\n<\/li>\n<\/ul>\n<p>\u00a1Ne r\u00e9fl\u00e9chissez pas \u00e0 deux fois et d\u00e9couvrez une nouvelle exp\u00e9rience LED avec le nouvel Audibax Oregon 60 !<\/p>\n<p><strong>Sp\u00e9cifications<\/strong><\/p>\n<ul>\n<li style=\"list-style-type: none;\">\n<ul>\n<li style=\"list-style-type: none;\">\n<ul>\n<li>60W LED\u00a0RGBW 4 en 1<\/li>\n<li>Anneau LED : 12pcs SMD 5050 RGBW SMD LEDs<\/li>\n<li>Puissance LED : 60W COB<\/li>\n<li>Canaux DMX : 10\/13<\/li>\n<li>Mode de contr\u00f4le : DMX512, Auto, Son, Ma\u00eetre-esclave<\/li>\n<li>Axe X : 540\u00ba<\/li>\n<li>Axe Y : 270\u00ba<\/li>\n<li>Voltage : AC110-240V, 50\/60HZ<\/li>\n<li>Couleur : noir<\/li>\n<li>Mesures : 235 x 155 x 145 mm<\/li>\n<li>Poids : 2.5 Kg<\/li>\n<\/ul>\n<\/li>\n<\/ul>\n<\/li>\n<\/ul>\n","protected":false},"excerpt":{"rendered":"<ul>\n<li>T\u00eate de faisceau mobile<\/li>\n<li>RGBw 4 en 1<\/li>\n<li>60W<\/li>\n<li>60W<\/li>\n<li>12pcs SMD LED Ring<\/li>\n<li>Utilisation professionnelle<\/li>\n<\/ul>\n","protected":false},"featured_media":17481,"comment_status":"open","ping_status":"closed","template":"","meta":{"_acf_changed":false},"product_cat":[361],"product_tag":[],"class_list":{"0":"post-36620","1":"product","2":"type-product","3":"status-publish","4":"has-post-thumbnail","6":"product_cat-tetes-en-mouvement-fr","8":"first","9":"instock","10":"shipping-taxable","11":"product-type-simple"},"acf":[],"yoast_head":"<!-- This site is optimized with the Yoast SEO plugin v27.0 - https:\/\/yoast.com\/product\/yoast-seo-wordpress\/ -->\n<title>Oregon 60 Black - Audibax<\/title>\n<meta name=\"robots\" content=\"index, follow, max-snippet:-1, max-image-preview:large, max-video-preview:-1\" \/>\n<link rel=\"canonical\" href=\"https:\/\/audibax.com\/fr\/produit\/oregon-60-black-2\/\" \/>\n<meta property=\"og:locale\" content=\"fr_FR\" \/>\n<meta property=\"og:type\" content=\"article\" \/>\n<meta property=\"og:title\" content=\"Oregon 60 Black - Audibax\" \/>\n<meta property=\"og:description\" content=\"T\u00eate de faisceau mobile  RGBw 4 en 1  60W  60W  12pcs SMD LED Ring  Utilisation professionnelle\" \/>\n<meta property=\"og:url\" content=\"https:\/\/audibax.com\/fr\/produit\/oregon-60-black-2\/\" \/>\n<meta property=\"og:site_name\" content=\"Audibax\" \/>\n<meta property=\"article:modified_time\" content=\"2024-10-25T13:56:46+00:00\" \/>\n<meta property=\"og:image\" content=\"https:\/\/audibax.com\/wp-content\/uploads\/2023\/12\/audibax-oregon-60.jpg\" \/>\n\t<meta property=\"og:image:width\" content=\"1000\" \/>\n\t<meta property=\"og:image:height\" content=\"500\" \/>\n\t<meta property=\"og:image:type\" content=\"image\/jpeg\" \/>\n<meta name=\"twitter:card\" content=\"summary_large_image\" \/>\n<meta name=\"twitter:label1\" content=\"Dur\u00e9e de lecture estim\u00e9e\" \/>\n\t<meta name=\"twitter:data1\" content=\"2 minutes\" \/>\n<script type=\"application\/ld+json\" class=\"yoast-schema-graph\">{\"@context\":\"https:\/\/schema.org\",\"@graph\":[{\"@type\":\"WebPage\",\"@id\":\"https:\/\/audibax.com\/fr\/produit\/oregon-60-black-2\/\",\"url\":\"https:\/\/audibax.com\/fr\/produit\/oregon-60-black-2\/\",\"name\":\"Oregon 60 Black - Audibax\",\"isPartOf\":{\"@id\":\"https:\/\/audibax.com\/fr\/#website\"},\"primaryImageOfPage\":{\"@id\":\"https:\/\/audibax.com\/fr\/produit\/oregon-60-black-2\/#primaryimage\"},\"image\":{\"@id\":\"https:\/\/audibax.com\/fr\/produit\/oregon-60-black-2\/#primaryimage\"},\"thumbnailUrl\":\"https:\/\/audibax.com\/wp-content\/uploads\/2023\/12\/audibax-oregon-60.jpg\",\"datePublished\":\"2023-12-11T12:35:38+00:00\",\"dateModified\":\"2024-10-25T13:56:46+00:00\",\"breadcrumb\":{\"@id\":\"https:\/\/audibax.com\/fr\/produit\/oregon-60-black-2\/#breadcrumb\"},\"inLanguage\":\"fr-FR\",\"potentialAction\":[{\"@type\":\"ReadAction\",\"target\":[\"https:\/\/audibax.com\/fr\/produit\/oregon-60-black-2\/\"]}]},{\"@type\":\"ImageObject\",\"inLanguage\":\"fr-FR\",\"@id\":\"https:\/\/audibax.com\/fr\/produit\/oregon-60-black-2\/#primaryimage\",\"url\":\"https:\/\/audibax.com\/wp-content\/uploads\/2023\/12\/audibax-oregon-60.jpg\",\"contentUrl\":\"https:\/\/audibax.com\/wp-content\/uploads\/2023\/12\/audibax-oregon-60.jpg\",\"width\":1000,\"height\":500},{\"@type\":\"BreadcrumbList\",\"@id\":\"https:\/\/audibax.com\/fr\/produit\/oregon-60-black-2\/#breadcrumb\",\"itemListElement\":[{\"@type\":\"ListItem\",\"position\":1,\"name\":\"Portada\",\"item\":\"https:\/\/audibax.com\/fr\/\"},{\"@type\":\"ListItem\",\"position\":2,\"name\":\"Produits\",\"item\":\"https:\/\/audibax.com\/fr\/shop\/\"},{\"@type\":\"ListItem\",\"position\":3,\"name\":\"Oregon 60 Black\"}]},{\"@type\":\"WebSite\",\"@id\":\"https:\/\/audibax.com\/fr\/#website\",\"url\":\"https:\/\/audibax.com\/fr\/\",\"name\":\"Audibax\",\"description\":\"\",\"publisher\":{\"@id\":\"https:\/\/audibax.com\/fr\/#organization\"},\"potentialAction\":[{\"@type\":\"SearchAction\",\"target\":{\"@type\":\"EntryPoint\",\"urlTemplate\":\"https:\/\/audibax.com\/fr\/?s={search_term_string}\"},\"query-input\":{\"@type\":\"PropertyValueSpecification\",\"valueRequired\":true,\"valueName\":\"search_term_string\"}}],\"inLanguage\":\"fr-FR\"},{\"@type\":\"Organization\",\"@id\":\"https:\/\/audibax.com\/fr\/#organization\",\"name\":\"Audibax\",\"url\":\"https:\/\/audibax.com\/fr\/\",\"logo\":{\"@type\":\"ImageObject\",\"inLanguage\":\"fr-FR\",\"@id\":\"https:\/\/audibax.com\/fr\/#\/schema\/logo\/image\/\",\"url\":\"https:\/\/audibax.com\/wp-content\/uploads\/2023\/09\/logo-Audibax-BLANCO-SVG-1.svg\",\"contentUrl\":\"https:\/\/audibax.com\/wp-content\/uploads\/2023\/09\/logo-Audibax-BLANCO-SVG-1.svg\",\"caption\":\"Audibax\"},\"image\":{\"@id\":\"https:\/\/audibax.com\/fr\/#\/schema\/logo\/image\/\"}}]}<\/script>\n<!-- \/ Yoast SEO plugin. -->","yoast_head_json":{"title":"Oregon 60 Black - Audibax","robots":{"index":"index","follow":"follow","max-snippet":"max-snippet:-1","max-image-preview":"max-image-preview:large","max-video-preview":"max-video-preview:-1"},"canonical":"https:\/\/audibax.com\/fr\/produit\/oregon-60-black-2\/","og_locale":"fr_FR","og_type":"article","og_title":"Oregon 60 Black - Audibax","og_description":"T\u00eate de faisceau mobile  RGBw 4 en 1  60W  60W  12pcs SMD LED Ring  Utilisation professionnelle","og_url":"https:\/\/audibax.com\/fr\/produit\/oregon-60-black-2\/","og_site_name":"Audibax","article_modified_time":"2024-10-25T13:56:46+00:00","og_image":[{"width":1000,"height":500,"url":"https:\/\/audibax.com\/wp-content\/uploads\/2023\/12\/audibax-oregon-60.jpg","type":"image\/jpeg"}],"twitter_card":"summary_large_image","twitter_misc":{"Dur\u00e9e de lecture estim\u00e9e":"2 minutes"},"schema":{"@context":"https:\/\/schema.org","@graph":[{"@type":"WebPage","@id":"https:\/\/audibax.com\/fr\/produit\/oregon-60-black-2\/","url":"https:\/\/audibax.com\/fr\/produit\/oregon-60-black-2\/","name":"Oregon 60 Black - Audibax","isPartOf":{"@id":"https:\/\/audibax.com\/fr\/#website"},"primaryImageOfPage":{"@id":"https:\/\/audibax.com\/fr\/produit\/oregon-60-black-2\/#primaryimage"},"image":{"@id":"https:\/\/audibax.com\/fr\/produit\/oregon-60-black-2\/#primaryimage"},"thumbnailUrl":"https:\/\/audibax.com\/wp-content\/uploads\/2023\/12\/audibax-oregon-60.jpg","datePublished":"2023-12-11T12:35:38+00:00","dateModified":"2024-10-25T13:56:46+00:00","breadcrumb":{"@id":"https:\/\/audibax.com\/fr\/produit\/oregon-60-black-2\/#breadcrumb"},"inLanguage":"fr-FR","potentialAction":[{"@type":"ReadAction","target":["https:\/\/audibax.com\/fr\/produit\/oregon-60-black-2\/"]}]},{"@type":"ImageObject","inLanguage":"fr-FR","@id":"https:\/\/audibax.com\/fr\/produit\/oregon-60-black-2\/#primaryimage","url":"https:\/\/audibax.com\/wp-content\/uploads\/2023\/12\/audibax-oregon-60.jpg","contentUrl":"https:\/\/audibax.com\/wp-content\/uploads\/2023\/12\/audibax-oregon-60.jpg","width":1000,"height":500},{"@type":"BreadcrumbList","@id":"https:\/\/audibax.com\/fr\/produit\/oregon-60-black-2\/#breadcrumb","itemListElement":[{"@type":"ListItem","position":1,"name":"Portada","item":"https:\/\/audibax.com\/fr\/"},{"@type":"ListItem","position":2,"name":"Produits","item":"https:\/\/audibax.com\/fr\/shop\/"},{"@type":"ListItem","position":3,"name":"Oregon 60 Black"}]},{"@type":"WebSite","@id":"https:\/\/audibax.com\/fr\/#website","url":"https:\/\/audibax.com\/fr\/","name":"Audibax","description":"","publisher":{"@id":"https:\/\/audibax.com\/fr\/#organization"},"potentialAction":[{"@type":"SearchAction","target":{"@type":"EntryPoint","urlTemplate":"https:\/\/audibax.com\/fr\/?s={search_term_string}"},"query-input":{"@type":"PropertyValueSpecification","valueRequired":true,"valueName":"search_term_string"}}],"inLanguage":"fr-FR"},{"@type":"Organization","@id":"https:\/\/audibax.com\/fr\/#organization","name":"Audibax","url":"https:\/\/audibax.com\/fr\/","logo":{"@type":"ImageObject","inLanguage":"fr-FR","@id":"https:\/\/audibax.com\/fr\/#\/schema\/logo\/image\/","url":"https:\/\/audibax.com\/wp-content\/uploads\/2023\/09\/logo-Audibax-BLANCO-SVG-1.svg","contentUrl":"https:\/\/audibax.com\/wp-content\/uploads\/2023\/09\/logo-Audibax-BLANCO-SVG-1.svg","caption":"Audibax"},"image":{"@id":"https:\/\/audibax.com\/fr\/#\/schema\/logo\/image\/"}}]}},"_links":{"self":[{"href":"https:\/\/audibax.com\/fr\/wp-json\/wp\/v2\/product\/36620","targetHints":{"allow":["GET"]}}],"collection":[{"href":"https:\/\/audibax.com\/fr\/wp-json\/wp\/v2\/product"}],"about":[{"href":"https:\/\/audibax.com\/fr\/wp-json\/wp\/v2\/types\/product"}],"replies":[{"embeddable":true,"href":"https:\/\/audibax.com\/fr\/wp-json\/wp\/v2\/comments?post=36620"}],"wp:featuredmedia":[{"embeddable":true,"href":"https:\/\/audibax.com\/fr\/wp-json\/wp\/v2\/media\/17481"}],"wp:attachment":[{"href":"https:\/\/audibax.com\/fr\/wp-json\/wp\/v2\/media?parent=36620"}],"wp:term":[{"taxonomy":"product_cat","embeddable":true,"href":"https:\/\/audibax.com\/fr\/wp-json\/wp\/v2\/product_cat?post=36620"},{"taxonomy":"product_tag","embeddable":true,"href":"https:\/\/audibax.com\/fr\/wp-json\/wp\/v2\/product_tag?post=36620"}],"curies":[{"name":"wp","href":"https:\/\/api.w.org\/{rel}","templated":true}]}}