{"id":36619,"date":"2023-12-11T15:03:19","date_gmt":"2023-12-11T14:03:19","guid":{"rendered":"https:\/\/audibax.com\/product\/hc8200-2\/"},"modified":"2024-04-26T15:39:07","modified_gmt":"2024-04-26T13:39:07","slug":"hc8200-2","status":"publish","type":"product","link":"https:\/\/audibax.com\/fr\/produit\/hc8200-2\/","title":{"rendered":"HC8200"},"content":{"rendered":"<p>Sachet de 200 g. de consommable granul\u00e9 <strong>HC-8200<\/strong>\u00a0pour machines \u00e0 \u00e9tincelles \u00e0 froid<\/p>\n<p>Caract\u00e9ristiques<\/p>\n<ul>\n<li>Consommable granul\u00e9 Mod : HC-8200 200g. pour machines \u00e0 \u00e9tincelles<\/li>\n<li>Sacs herm\u00e9tiques anti-humidit\u00e9 de 200g.<\/li>\n<li>Mod\u00e8le de produit granul\u00e9 r\u00e9glable en hauteur de 2 \u00e0 5m.<\/li>\n<li>Moyenne autonomie en courses continues 200g. 20 minutes en hauteurs moyennes de 3m.<\/li>\n<li>Moyenne autonomie en courses courtes 200g. 900 courses.<\/li>\n<li>Stocker dans des endroits secs et sans humidit\u00e9 \u00e0 des temp\u00e9ratures moyennes de -20\u00ba\/+70&amp;ordm ;.<\/li>\n<\/ul>\n<p>Recommandations d&rsquo;utilisation :<\/p>\n<ul>\n<li style=\"list-style-type: none;\">\n<ul>\n<li>Dans les environnements de travail chauds, il est recommand\u00e9 de vider le r\u00e9servoir du produit avant et apr\u00e8s utilisation\u00a0afin d&rsquo;\u00e9viter l&rsquo;agglom\u00e9ration du produit et de pr\u00e9venir l&rsquo;obstruction de l&rsquo;appareil.<\/li>\n<li>Dans les cas particuliers d&rsquo;humidit\u00e9, il est recommand\u00e9 d&rsquo;a\u00e9rer le produit en vidant le sachet dans un r\u00e9cipient et en le secouant dans un r\u00e9cipient de type shaker.<\/li>\n<\/ul>\n<\/li>\n<\/ul>\n","protected":false},"excerpt":{"rendered":"<p>Sachet de 200 g. de consommables granul\u00e9s HC-8200 pour les mod\u00e8les g\u00e9n\u00e9riques de Sparkular.<\/p>\n<p>Sachet de 200 g. de consommables granul\u00e9s HC-8200 pour les mod\u00e8les g\u00e9n\u00e9riques de Sparkular.<\/p>\n<p>Sachet de 200 g. de consommables granul\u00e9s HC-8200 pour les mod\u00e8les g\u00e9n\u00e9riques de Sparkular.<\/p>\n<p>Sachet de 200 g. de consommables granul\u00e9s HC-8200 pour les mod\u00e8les g\u00e9n\u00e9riques de Sparkular.<\/p>\n","protected":false},"featured_media":42087,"comment_status":"open","ping_status":"closed","template":"","meta":{"_acf_changed":false},"product_cat":[357],"product_tag":[],"class_list":{"0":"post-36619","1":"product","2":"type-product","3":"status-publish","4":"has-post-thumbnail","6":"product_cat-effets-de-la-machine","8":"first","9":"instock","10":"shipping-taxable","11":"product-type-simple"},"acf":[],"yoast_head":"<!-- This site is optimized with the Yoast SEO plugin v27.0 - https:\/\/yoast.com\/product\/yoast-seo-wordpress\/ -->\n<title>HC8200 - Audibax<\/title>\n<meta name=\"robots\" content=\"index, follow, max-snippet:-1, max-image-preview:large, max-video-preview:-1\" \/>\n<link rel=\"canonical\" href=\"https:\/\/audibax.com\/fr\/produit\/hc8200-2\/\" \/>\n<meta property=\"og:locale\" content=\"fr_FR\" \/>\n<meta property=\"og:type\" content=\"article\" \/>\n<meta property=\"og:title\" content=\"HC8200 - Audibax\" \/>\n<meta property=\"og:description\" content=\"Sachet de 200 g. de consommables granul\u00e9s HC-8200 pour les mod\u00e8les g\u00e9n\u00e9riques de Sparkular.  Sachet de 200 g. de consommables granul\u00e9s HC-8200 pour les mod\u00e8les g\u00e9n\u00e9riques de Sparkular.  Sachet de 200 g. de consommables granul\u00e9s HC-8200 pour les mod\u00e8les g\u00e9n\u00e9riques de Sparkular.  Sachet de 200 g. de consommables granul\u00e9s HC-8200 pour les mod\u00e8les g\u00e9n\u00e9riques de Sparkular.\" \/>\n<meta property=\"og:url\" content=\"https:\/\/audibax.com\/fr\/produit\/hc8200-2\/\" \/>\n<meta property=\"og:site_name\" content=\"Audibax\" \/>\n<meta property=\"article:modified_time\" content=\"2024-04-26T13:39:07+00:00\" \/>\n<meta property=\"og:image\" content=\"https:\/\/audibax.com\/wp-content\/uploads\/2023\/12\/Audibax-HC-8200-Consumible-Maquina-Chispas-3.jpg\" \/>\n\t<meta property=\"og:image:width\" content=\"1500\" \/>\n\t<meta property=\"og:image:height\" content=\"1061\" \/>\n\t<meta property=\"og:image:type\" content=\"image\/jpeg\" \/>\n<meta name=\"twitter:card\" content=\"summary_large_image\" \/>\n<meta name=\"twitter:label1\" content=\"Dur\u00e9e de lecture estim\u00e9e\" \/>\n\t<meta name=\"twitter:data1\" content=\"1 minute\" \/>\n<script type=\"application\/ld+json\" class=\"yoast-schema-graph\">{\"@context\":\"https:\/\/schema.org\",\"@graph\":[{\"@type\":\"WebPage\",\"@id\":\"https:\/\/audibax.com\/fr\/produit\/hc8200-2\/\",\"url\":\"https:\/\/audibax.com\/fr\/produit\/hc8200-2\/\",\"name\":\"HC8200 - Audibax\",\"isPartOf\":{\"@id\":\"https:\/\/audibax.com\/fr\/#website\"},\"primaryImageOfPage\":{\"@id\":\"https:\/\/audibax.com\/fr\/produit\/hc8200-2\/#primaryimage\"},\"image\":{\"@id\":\"https:\/\/audibax.com\/fr\/produit\/hc8200-2\/#primaryimage\"},\"thumbnailUrl\":\"https:\/\/audibax.com\/wp-content\/uploads\/2023\/12\/Audibax-HC-8200-Consumible-Maquina-Chispas-4.jpg\",\"datePublished\":\"2023-12-11T14:03:19+00:00\",\"dateModified\":\"2024-04-26T13:39:07+00:00\",\"breadcrumb\":{\"@id\":\"https:\/\/audibax.com\/fr\/produit\/hc8200-2\/#breadcrumb\"},\"inLanguage\":\"fr-FR\",\"potentialAction\":[{\"@type\":\"ReadAction\",\"target\":[\"https:\/\/audibax.com\/fr\/produit\/hc8200-2\/\"]}]},{\"@type\":\"ImageObject\",\"inLanguage\":\"fr-FR\",\"@id\":\"https:\/\/audibax.com\/fr\/produit\/hc8200-2\/#primaryimage\",\"url\":\"https:\/\/audibax.com\/wp-content\/uploads\/2023\/12\/Audibax-HC-8200-Consumible-Maquina-Chispas-4.jpg\",\"contentUrl\":\"https:\/\/audibax.com\/wp-content\/uploads\/2023\/12\/Audibax-HC-8200-Consumible-Maquina-Chispas-4.jpg\",\"width\":1500,\"height\":1061},{\"@type\":\"BreadcrumbList\",\"@id\":\"https:\/\/audibax.com\/fr\/produit\/hc8200-2\/#breadcrumb\",\"itemListElement\":[{\"@type\":\"ListItem\",\"position\":1,\"name\":\"Portada\",\"item\":\"https:\/\/audibax.com\/fr\/\"},{\"@type\":\"ListItem\",\"position\":2,\"name\":\"Produits\",\"item\":\"https:\/\/audibax.com\/fr\/shop\/\"},{\"@type\":\"ListItem\",\"position\":3,\"name\":\"HC8200\"}]},{\"@type\":\"WebSite\",\"@id\":\"https:\/\/audibax.com\/fr\/#website\",\"url\":\"https:\/\/audibax.com\/fr\/\",\"name\":\"Audibax\",\"description\":\"\",\"publisher\":{\"@id\":\"https:\/\/audibax.com\/fr\/#organization\"},\"potentialAction\":[{\"@type\":\"SearchAction\",\"target\":{\"@type\":\"EntryPoint\",\"urlTemplate\":\"https:\/\/audibax.com\/fr\/?s={search_term_string}\"},\"query-input\":{\"@type\":\"PropertyValueSpecification\",\"valueRequired\":true,\"valueName\":\"search_term_string\"}}],\"inLanguage\":\"fr-FR\"},{\"@type\":\"Organization\",\"@id\":\"https:\/\/audibax.com\/fr\/#organization\",\"name\":\"Audibax\",\"url\":\"https:\/\/audibax.com\/fr\/\",\"logo\":{\"@type\":\"ImageObject\",\"inLanguage\":\"fr-FR\",\"@id\":\"https:\/\/audibax.com\/fr\/#\/schema\/logo\/image\/\",\"url\":\"https:\/\/audibax.com\/wp-content\/uploads\/2023\/09\/logo-Audibax-BLANCO-SVG-1.svg\",\"contentUrl\":\"https:\/\/audibax.com\/wp-content\/uploads\/2023\/09\/logo-Audibax-BLANCO-SVG-1.svg\",\"caption\":\"Audibax\"},\"image\":{\"@id\":\"https:\/\/audibax.com\/fr\/#\/schema\/logo\/image\/\"}}]}<\/script>\n<!-- \/ Yoast SEO plugin. -->","yoast_head_json":{"title":"HC8200 - Audibax","robots":{"index":"index","follow":"follow","max-snippet":"max-snippet:-1","max-image-preview":"max-image-preview:large","max-video-preview":"max-video-preview:-1"},"canonical":"https:\/\/audibax.com\/fr\/produit\/hc8200-2\/","og_locale":"fr_FR","og_type":"article","og_title":"HC8200 - Audibax","og_description":"Sachet de 200 g. de consommables granul\u00e9s HC-8200 pour les mod\u00e8les g\u00e9n\u00e9riques de Sparkular.  Sachet de 200 g. de consommables granul\u00e9s HC-8200 pour les mod\u00e8les g\u00e9n\u00e9riques de Sparkular.  Sachet de 200 g. de consommables granul\u00e9s HC-8200 pour les mod\u00e8les g\u00e9n\u00e9riques de Sparkular.  Sachet de 200 g. de consommables granul\u00e9s HC-8200 pour les mod\u00e8les g\u00e9n\u00e9riques de Sparkular.","og_url":"https:\/\/audibax.com\/fr\/produit\/hc8200-2\/","og_site_name":"Audibax","article_modified_time":"2024-04-26T13:39:07+00:00","og_image":[{"width":1500,"height":1061,"url":"https:\/\/audibax.com\/wp-content\/uploads\/2023\/12\/Audibax-HC-8200-Consumible-Maquina-Chispas-3.jpg","type":"image\/jpeg"}],"twitter_card":"summary_large_image","twitter_misc":{"Dur\u00e9e de lecture estim\u00e9e":"1 minute"},"schema":{"@context":"https:\/\/schema.org","@graph":[{"@type":"WebPage","@id":"https:\/\/audibax.com\/fr\/produit\/hc8200-2\/","url":"https:\/\/audibax.com\/fr\/produit\/hc8200-2\/","name":"HC8200 - Audibax","isPartOf":{"@id":"https:\/\/audibax.com\/fr\/#website"},"primaryImageOfPage":{"@id":"https:\/\/audibax.com\/fr\/produit\/hc8200-2\/#primaryimage"},"image":{"@id":"https:\/\/audibax.com\/fr\/produit\/hc8200-2\/#primaryimage"},"thumbnailUrl":"https:\/\/audibax.com\/wp-content\/uploads\/2023\/12\/Audibax-HC-8200-Consumible-Maquina-Chispas-4.jpg","datePublished":"2023-12-11T14:03:19+00:00","dateModified":"2024-04-26T13:39:07+00:00","breadcrumb":{"@id":"https:\/\/audibax.com\/fr\/produit\/hc8200-2\/#breadcrumb"},"inLanguage":"fr-FR","potentialAction":[{"@type":"ReadAction","target":["https:\/\/audibax.com\/fr\/produit\/hc8200-2\/"]}]},{"@type":"ImageObject","inLanguage":"fr-FR","@id":"https:\/\/audibax.com\/fr\/produit\/hc8200-2\/#primaryimage","url":"https:\/\/audibax.com\/wp-content\/uploads\/2023\/12\/Audibax-HC-8200-Consumible-Maquina-Chispas-4.jpg","contentUrl":"https:\/\/audibax.com\/wp-content\/uploads\/2023\/12\/Audibax-HC-8200-Consumible-Maquina-Chispas-4.jpg","width":1500,"height":1061},{"@type":"BreadcrumbList","@id":"https:\/\/audibax.com\/fr\/produit\/hc8200-2\/#breadcrumb","itemListElement":[{"@type":"ListItem","position":1,"name":"Portada","item":"https:\/\/audibax.com\/fr\/"},{"@type":"ListItem","position":2,"name":"Produits","item":"https:\/\/audibax.com\/fr\/shop\/"},{"@type":"ListItem","position":3,"name":"HC8200"}]},{"@type":"WebSite","@id":"https:\/\/audibax.com\/fr\/#website","url":"https:\/\/audibax.com\/fr\/","name":"Audibax","description":"","publisher":{"@id":"https:\/\/audibax.com\/fr\/#organization"},"potentialAction":[{"@type":"SearchAction","target":{"@type":"EntryPoint","urlTemplate":"https:\/\/audibax.com\/fr\/?s={search_term_string}"},"query-input":{"@type":"PropertyValueSpecification","valueRequired":true,"valueName":"search_term_string"}}],"inLanguage":"fr-FR"},{"@type":"Organization","@id":"https:\/\/audibax.com\/fr\/#organization","name":"Audibax","url":"https:\/\/audibax.com\/fr\/","logo":{"@type":"ImageObject","inLanguage":"fr-FR","@id":"https:\/\/audibax.com\/fr\/#\/schema\/logo\/image\/","url":"https:\/\/audibax.com\/wp-content\/uploads\/2023\/09\/logo-Audibax-BLANCO-SVG-1.svg","contentUrl":"https:\/\/audibax.com\/wp-content\/uploads\/2023\/09\/logo-Audibax-BLANCO-SVG-1.svg","caption":"Audibax"},"image":{"@id":"https:\/\/audibax.com\/fr\/#\/schema\/logo\/image\/"}}]}},"_links":{"self":[{"href":"https:\/\/audibax.com\/fr\/wp-json\/wp\/v2\/product\/36619","targetHints":{"allow":["GET"]}}],"collection":[{"href":"https:\/\/audibax.com\/fr\/wp-json\/wp\/v2\/product"}],"about":[{"href":"https:\/\/audibax.com\/fr\/wp-json\/wp\/v2\/types\/product"}],"replies":[{"embeddable":true,"href":"https:\/\/audibax.com\/fr\/wp-json\/wp\/v2\/comments?post=36619"}],"wp:featuredmedia":[{"embeddable":true,"href":"https:\/\/audibax.com\/fr\/wp-json\/wp\/v2\/media\/42087"}],"wp:attachment":[{"href":"https:\/\/audibax.com\/fr\/wp-json\/wp\/v2\/media?parent=36619"}],"wp:term":[{"taxonomy":"product_cat","embeddable":true,"href":"https:\/\/audibax.com\/fr\/wp-json\/wp\/v2\/product_cat?post=36619"},{"taxonomy":"product_tag","embeddable":true,"href":"https:\/\/audibax.com\/fr\/wp-json\/wp\/v2\/product_tag?post=36619"}],"curies":[{"name":"wp","href":"https:\/\/api.w.org\/{rel}","templated":true}]}}