{"id":36617,"date":"2023-12-11T15:03:12","date_gmt":"2023-12-11T14:03:12","guid":{"rendered":"https:\/\/audibax.com\/product\/haze-1200-black-2\/"},"modified":"2023-12-27T11:56:04","modified_gmt":"2023-12-27T10:56:04","slug":"haze-1200-black-2","status":"publish","type":"product","link":"https:\/\/audibax.com\/fr\/produit\/haze-1200-black-2\/","title":{"rendered":"Haze 1200 Black"},"content":{"rendered":"<\/p>\n<p><strong>Caract\u00e9ristiques<\/strong><\/strong><\/p>\n<ul>\n<li>La <strong>Audibax Haze 1200<\/strong> est une machine \u00e0 brouillard avec turbine int\u00e9gr\u00e9e ;La <strong>Audibax Haze 1200<\/strong> est une machine \u00e0 brouillard avec turbine int\u00e9gr\u00e9e, qui g\u00e9n\u00e8re un fin rideau de brouillard, ce qui en fait le choix parfait pour cr\u00e9er un effet diff\u00e9rent lors de tous vos \u00e9v\u00e9nements.<\/li>\n<li>Notre machine \u00e0 brouillard <strong>Haze 1200<\/strong> est \u00e9quip\u00e9e d&rsquo;une turbine de 1.2 L et a un temps de chauffe de 3 minutes.<\/li>\n<li>Elle fonctionne en mode DMX, auto et contr\u00f4le IR.<\/ul>\n<p><strong>Sp\u00e9cifications&nbsp;<\/strong><\/p>\n<ul>\n<li>\n<li>Puissance : 1200W<\/li>\n<li>Temps de chauffe : 3 minutes<\/li>\n<li>Capacit\u00e9 du r\u00e9servoir : 1,2 litres<\/li>\n<li>Canaux DMX : 2CH<\/li>\n<li>Mode de contr\u00f4le : DMX, AUTO, contr\u00f4le IR<\/li>\n<li>Tension : AC110-240v 50\/60HZ<\/li>\n<li>T\u00e9l\u00e9commande avec minuterie<\/li>\n<li>Fonctionne avec le liquide de la machine \u00e0 brouillard<\/li>\n<li>Couleur : Noir<\/li>\n<li>Dimensions : 535 x 210 x 230 mm<\/li>\n<li>Poids : 6,15 KG<\/li>\n<\/ul>\n","protected":false},"excerpt":{"rendered":"<ul>\n<li>Machine \u00e0 brouillard<\/li>\n<li>Puissance : 1200W<\/li>\n<li>CanauxDMX : 2CH<\/li>\n<li>T\u00e9l\u00e9commande avec minuterie<\/li>\n<\/ul>\n<\/ul>\n","protected":false},"featured_media":18363,"comment_status":"open","ping_status":"closed","template":"","meta":{"_acf_changed":false},"product_cat":[357],"product_tag":[],"class_list":{"0":"post-36617","1":"product","2":"type-product","3":"status-publish","4":"has-post-thumbnail","6":"product_cat-effets-de-la-machine","8":"first","9":"instock","10":"shipping-taxable","11":"product-type-simple"},"acf":[],"yoast_head":"<!-- This site is optimized with the Yoast SEO plugin v27.0 - https:\/\/yoast.com\/product\/yoast-seo-wordpress\/ -->\n<title>Haze 1200 Black - Audibax<\/title>\n<meta name=\"robots\" content=\"index, follow, max-snippet:-1, max-image-preview:large, max-video-preview:-1\" \/>\n<link rel=\"canonical\" href=\"https:\/\/audibax.com\/fr\/produit\/haze-1200-black-2\/\" \/>\n<meta property=\"og:locale\" content=\"fr_FR\" \/>\n<meta property=\"og:type\" content=\"article\" \/>\n<meta property=\"og:title\" content=\"Haze 1200 Black - Audibax\" \/>\n<meta property=\"og:description\" content=\"Machine \u00e0 brouillard Puissance : 1200W CanauxDMX : 2CH T\u00e9l\u00e9commande avec minuterie\" \/>\n<meta property=\"og:url\" content=\"https:\/\/audibax.com\/fr\/produit\/haze-1200-black-2\/\" \/>\n<meta property=\"og:site_name\" content=\"Audibax\" \/>\n<meta property=\"article:modified_time\" content=\"2023-12-27T10:56:04+00:00\" \/>\n<meta property=\"og:image\" content=\"https:\/\/audibax.com\/wp-content\/uploads\/2023\/12\/Haze-1200-efectos-maquina-niebla-comprar.jpg\" \/>\n\t<meta property=\"og:image:width\" content=\"1000\" \/>\n\t<meta property=\"og:image:height\" content=\"500\" \/>\n\t<meta property=\"og:image:type\" content=\"image\/jpeg\" \/>\n<meta name=\"twitter:card\" content=\"summary_large_image\" \/>\n<meta name=\"twitter:label1\" content=\"Dur\u00e9e de lecture estim\u00e9e\" \/>\n\t<meta name=\"twitter:data1\" content=\"1 minute\" \/>\n<script type=\"application\/ld+json\" class=\"yoast-schema-graph\">{\"@context\":\"https:\/\/schema.org\",\"@graph\":[{\"@type\":\"WebPage\",\"@id\":\"https:\/\/audibax.com\/fr\/produit\/haze-1200-black-2\/\",\"url\":\"https:\/\/audibax.com\/fr\/produit\/haze-1200-black-2\/\",\"name\":\"Haze 1200 Black - Audibax\",\"isPartOf\":{\"@id\":\"https:\/\/audibax.com\/fr\/#website\"},\"primaryImageOfPage\":{\"@id\":\"https:\/\/audibax.com\/fr\/produit\/haze-1200-black-2\/#primaryimage\"},\"image\":{\"@id\":\"https:\/\/audibax.com\/fr\/produit\/haze-1200-black-2\/#primaryimage\"},\"thumbnailUrl\":\"https:\/\/audibax.com\/wp-content\/uploads\/2023\/12\/Haze-1200-efectos-maquina-niebla-comprar.jpg\",\"datePublished\":\"2023-12-11T14:03:12+00:00\",\"dateModified\":\"2023-12-27T10:56:04+00:00\",\"breadcrumb\":{\"@id\":\"https:\/\/audibax.com\/fr\/produit\/haze-1200-black-2\/#breadcrumb\"},\"inLanguage\":\"fr-FR\",\"potentialAction\":[{\"@type\":\"ReadAction\",\"target\":[\"https:\/\/audibax.com\/fr\/produit\/haze-1200-black-2\/\"]}]},{\"@type\":\"ImageObject\",\"inLanguage\":\"fr-FR\",\"@id\":\"https:\/\/audibax.com\/fr\/produit\/haze-1200-black-2\/#primaryimage\",\"url\":\"https:\/\/audibax.com\/wp-content\/uploads\/2023\/12\/Haze-1200-efectos-maquina-niebla-comprar.jpg\",\"contentUrl\":\"https:\/\/audibax.com\/wp-content\/uploads\/2023\/12\/Haze-1200-efectos-maquina-niebla-comprar.jpg\",\"width\":1000,\"height\":500},{\"@type\":\"BreadcrumbList\",\"@id\":\"https:\/\/audibax.com\/fr\/produit\/haze-1200-black-2\/#breadcrumb\",\"itemListElement\":[{\"@type\":\"ListItem\",\"position\":1,\"name\":\"Portada\",\"item\":\"https:\/\/audibax.com\/fr\/\"},{\"@type\":\"ListItem\",\"position\":2,\"name\":\"Produits\",\"item\":\"https:\/\/audibax.com\/fr\/shop\/\"},{\"@type\":\"ListItem\",\"position\":3,\"name\":\"Haze 1200 Black\"}]},{\"@type\":\"WebSite\",\"@id\":\"https:\/\/audibax.com\/fr\/#website\",\"url\":\"https:\/\/audibax.com\/fr\/\",\"name\":\"Audibax\",\"description\":\"\",\"publisher\":{\"@id\":\"https:\/\/audibax.com\/fr\/#organization\"},\"potentialAction\":[{\"@type\":\"SearchAction\",\"target\":{\"@type\":\"EntryPoint\",\"urlTemplate\":\"https:\/\/audibax.com\/fr\/?s={search_term_string}\"},\"query-input\":{\"@type\":\"PropertyValueSpecification\",\"valueRequired\":true,\"valueName\":\"search_term_string\"}}],\"inLanguage\":\"fr-FR\"},{\"@type\":\"Organization\",\"@id\":\"https:\/\/audibax.com\/fr\/#organization\",\"name\":\"Audibax\",\"url\":\"https:\/\/audibax.com\/fr\/\",\"logo\":{\"@type\":\"ImageObject\",\"inLanguage\":\"fr-FR\",\"@id\":\"https:\/\/audibax.com\/fr\/#\/schema\/logo\/image\/\",\"url\":\"https:\/\/audibax.com\/wp-content\/uploads\/2023\/09\/logo-Audibax-BLANCO-SVG-1.svg\",\"contentUrl\":\"https:\/\/audibax.com\/wp-content\/uploads\/2023\/09\/logo-Audibax-BLANCO-SVG-1.svg\",\"caption\":\"Audibax\"},\"image\":{\"@id\":\"https:\/\/audibax.com\/fr\/#\/schema\/logo\/image\/\"}}]}<\/script>\n<!-- \/ Yoast SEO plugin. -->","yoast_head_json":{"title":"Haze 1200 Black - Audibax","robots":{"index":"index","follow":"follow","max-snippet":"max-snippet:-1","max-image-preview":"max-image-preview:large","max-video-preview":"max-video-preview:-1"},"canonical":"https:\/\/audibax.com\/fr\/produit\/haze-1200-black-2\/","og_locale":"fr_FR","og_type":"article","og_title":"Haze 1200 Black - Audibax","og_description":"Machine \u00e0 brouillard Puissance : 1200W CanauxDMX : 2CH T\u00e9l\u00e9commande avec minuterie","og_url":"https:\/\/audibax.com\/fr\/produit\/haze-1200-black-2\/","og_site_name":"Audibax","article_modified_time":"2023-12-27T10:56:04+00:00","og_image":[{"width":1000,"height":500,"url":"https:\/\/audibax.com\/wp-content\/uploads\/2023\/12\/Haze-1200-efectos-maquina-niebla-comprar.jpg","type":"image\/jpeg"}],"twitter_card":"summary_large_image","twitter_misc":{"Dur\u00e9e de lecture estim\u00e9e":"1 minute"},"schema":{"@context":"https:\/\/schema.org","@graph":[{"@type":"WebPage","@id":"https:\/\/audibax.com\/fr\/produit\/haze-1200-black-2\/","url":"https:\/\/audibax.com\/fr\/produit\/haze-1200-black-2\/","name":"Haze 1200 Black - Audibax","isPartOf":{"@id":"https:\/\/audibax.com\/fr\/#website"},"primaryImageOfPage":{"@id":"https:\/\/audibax.com\/fr\/produit\/haze-1200-black-2\/#primaryimage"},"image":{"@id":"https:\/\/audibax.com\/fr\/produit\/haze-1200-black-2\/#primaryimage"},"thumbnailUrl":"https:\/\/audibax.com\/wp-content\/uploads\/2023\/12\/Haze-1200-efectos-maquina-niebla-comprar.jpg","datePublished":"2023-12-11T14:03:12+00:00","dateModified":"2023-12-27T10:56:04+00:00","breadcrumb":{"@id":"https:\/\/audibax.com\/fr\/produit\/haze-1200-black-2\/#breadcrumb"},"inLanguage":"fr-FR","potentialAction":[{"@type":"ReadAction","target":["https:\/\/audibax.com\/fr\/produit\/haze-1200-black-2\/"]}]},{"@type":"ImageObject","inLanguage":"fr-FR","@id":"https:\/\/audibax.com\/fr\/produit\/haze-1200-black-2\/#primaryimage","url":"https:\/\/audibax.com\/wp-content\/uploads\/2023\/12\/Haze-1200-efectos-maquina-niebla-comprar.jpg","contentUrl":"https:\/\/audibax.com\/wp-content\/uploads\/2023\/12\/Haze-1200-efectos-maquina-niebla-comprar.jpg","width":1000,"height":500},{"@type":"BreadcrumbList","@id":"https:\/\/audibax.com\/fr\/produit\/haze-1200-black-2\/#breadcrumb","itemListElement":[{"@type":"ListItem","position":1,"name":"Portada","item":"https:\/\/audibax.com\/fr\/"},{"@type":"ListItem","position":2,"name":"Produits","item":"https:\/\/audibax.com\/fr\/shop\/"},{"@type":"ListItem","position":3,"name":"Haze 1200 Black"}]},{"@type":"WebSite","@id":"https:\/\/audibax.com\/fr\/#website","url":"https:\/\/audibax.com\/fr\/","name":"Audibax","description":"","publisher":{"@id":"https:\/\/audibax.com\/fr\/#organization"},"potentialAction":[{"@type":"SearchAction","target":{"@type":"EntryPoint","urlTemplate":"https:\/\/audibax.com\/fr\/?s={search_term_string}"},"query-input":{"@type":"PropertyValueSpecification","valueRequired":true,"valueName":"search_term_string"}}],"inLanguage":"fr-FR"},{"@type":"Organization","@id":"https:\/\/audibax.com\/fr\/#organization","name":"Audibax","url":"https:\/\/audibax.com\/fr\/","logo":{"@type":"ImageObject","inLanguage":"fr-FR","@id":"https:\/\/audibax.com\/fr\/#\/schema\/logo\/image\/","url":"https:\/\/audibax.com\/wp-content\/uploads\/2023\/09\/logo-Audibax-BLANCO-SVG-1.svg","contentUrl":"https:\/\/audibax.com\/wp-content\/uploads\/2023\/09\/logo-Audibax-BLANCO-SVG-1.svg","caption":"Audibax"},"image":{"@id":"https:\/\/audibax.com\/fr\/#\/schema\/logo\/image\/"}}]}},"_links":{"self":[{"href":"https:\/\/audibax.com\/fr\/wp-json\/wp\/v2\/product\/36617","targetHints":{"allow":["GET"]}}],"collection":[{"href":"https:\/\/audibax.com\/fr\/wp-json\/wp\/v2\/product"}],"about":[{"href":"https:\/\/audibax.com\/fr\/wp-json\/wp\/v2\/types\/product"}],"replies":[{"embeddable":true,"href":"https:\/\/audibax.com\/fr\/wp-json\/wp\/v2\/comments?post=36617"}],"wp:featuredmedia":[{"embeddable":true,"href":"https:\/\/audibax.com\/fr\/wp-json\/wp\/v2\/media\/18363"}],"wp:attachment":[{"href":"https:\/\/audibax.com\/fr\/wp-json\/wp\/v2\/media?parent=36617"}],"wp:term":[{"taxonomy":"product_cat","embeddable":true,"href":"https:\/\/audibax.com\/fr\/wp-json\/wp\/v2\/product_cat?post=36617"},{"taxonomy":"product_tag","embeddable":true,"href":"https:\/\/audibax.com\/fr\/wp-json\/wp\/v2\/product_tag?post=36617"}],"curies":[{"name":"wp","href":"https:\/\/api.w.org\/{rel}","templated":true}]}}