{"id":36616,"date":"2023-12-11T15:03:10","date_gmt":"2023-12-11T14:03:10","guid":{"rendered":"https:\/\/audibax.com\/product\/snow-600-black-2\/"},"modified":"2023-12-27T11:56:03","modified_gmt":"2023-12-27T10:56:03","slug":"snow-600-black-2","status":"publish","type":"product","link":"https:\/\/audibax.com\/fr\/produit\/snow-600-black-2\/","title":{"rendered":"Snow 600 Black"},"content":{"rendered":"<\/p>\n<p><strong>Caract\u00e9ristiques<\/strong><\/strong><\/p>\n<ul>\n<li>La <strong>Audibax Snow 600<\/strong> est une machine \u00e0 neige performante de 600W, capable de cr\u00e9er un caract\u00e8re hivernal lors de n&rsquo;importe quelle f\u00eate. Les flocons de neige artificiels tournent \u00e0 des m\u00e8tres de distance et cr\u00e9ent une atmosph\u00e8re agr\u00e9able.<\/li>\n<li>Notre machine \u00e0 neige <strong>Snow 600<\/strong> est \u00e9quip\u00e9e d&rsquo;un r\u00e9servoir d&rsquo;une capacit\u00e9 de 1L et son temps de chauffe est de 3 minutes.<\/li>\n<li>Elle est livr\u00e9e avec une t\u00e9l\u00e9commande filaire de 3 m\u00e8tres qui permet de la contr\u00f4ler, et elle est capable de travailler en permanence sans laisser pratiquement aucun r\u00e9sidu.<\/li>\n<\/ul>\n<p><strong>Sp\u00e9cifications<\/strong><\/p>\n<ul>\n<li>Machine \u00e0 neige<\/li>\n<li>Puissance : 600W<\/li>\n<li>Volume de neige par minute : 5m<sup>3<\/sup><\/sup><\/li>\n<li>Temps de chauffe : 5 minutes<\/li>\n<li>Capacit\u00e9 du r\u00e9servoir : 1 L<\/li>\n<li>Alimentation \u00e9lectrique : AC110-240v 50\/60HZ<\/li>\n<li>Utilisation constante cr\u00e9e une couche de mousse qui se dissout progressivement et ne laisse pratiquement aucun r\u00e9sidu<\/li>\n<li>Contr\u00f4le avec cordon de 3 m\u00e8tres<\/li>\n<li>Couleur : Noir<\/li>\n<li>Mesures : 340 x 205 x 187mm<\/li>\n<li>Poids : 3.7 KG<\/li>\n<\/ul>\n<p>&nbsp;<\/p>\n<p>Poids : 3.7 KG<\/li>\n<\/ul>\n<\/p>\n<p>Poids.<\/p>\n","protected":false},"excerpt":{"rendered":"<ul>\n<li>Machine \u00e0 neige<\/li>\n<li>Puissance : 600W<\/li>\n<li>Contr\u00f4le avec c\u00e2ble de 3 m\u00e8tres<\/li>\n<\/ul>\n<\/ul>\n<\/ul>\n","protected":false},"featured_media":34346,"comment_status":"open","ping_status":"closed","template":"","meta":{"_acf_changed":false},"product_cat":[357],"product_tag":[],"class_list":{"0":"post-36616","1":"product","2":"type-product","3":"status-publish","4":"has-post-thumbnail","6":"product_cat-effets-de-la-machine","8":"first","9":"instock","10":"shipping-taxable","11":"product-type-simple"},"acf":[],"yoast_head":"<!-- This site is optimized with the Yoast SEO plugin v27.0 - https:\/\/yoast.com\/product\/yoast-seo-wordpress\/ -->\n<title>Snow 600 Black - Audibax<\/title>\n<meta name=\"robots\" content=\"index, follow, max-snippet:-1, max-image-preview:large, max-video-preview:-1\" \/>\n<link rel=\"canonical\" href=\"https:\/\/audibax.com\/fr\/produit\/snow-600-black-2\/\" \/>\n<meta property=\"og:locale\" content=\"fr_FR\" \/>\n<meta property=\"og:type\" content=\"article\" \/>\n<meta property=\"og:title\" content=\"Snow 600 Black - Audibax\" \/>\n<meta property=\"og:description\" content=\"Machine \u00e0 neige Puissance : 600W Contr\u00f4le avec c\u00e2ble de 3 m\u00e8tres\" \/>\n<meta property=\"og:url\" content=\"https:\/\/audibax.com\/fr\/produit\/snow-600-black-2\/\" \/>\n<meta property=\"og:site_name\" content=\"Audibax\" \/>\n<meta property=\"article:modified_time\" content=\"2023-12-27T10:56:03+00:00\" \/>\n<meta name=\"twitter:card\" content=\"summary_large_image\" \/>\n<meta name=\"twitter:label1\" content=\"Dur\u00e9e de lecture estim\u00e9e\" \/>\n\t<meta name=\"twitter:data1\" content=\"1 minute\" \/>\n<script type=\"application\/ld+json\" class=\"yoast-schema-graph\">{\"@context\":\"https:\/\/schema.org\",\"@graph\":[{\"@type\":\"WebPage\",\"@id\":\"https:\/\/audibax.com\/fr\/produit\/snow-600-black-2\/\",\"url\":\"https:\/\/audibax.com\/fr\/produit\/snow-600-black-2\/\",\"name\":\"Snow 600 Black - Audibax\",\"isPartOf\":{\"@id\":\"https:\/\/audibax.com\/fr\/#website\"},\"primaryImageOfPage\":{\"@id\":\"https:\/\/audibax.com\/fr\/produit\/snow-600-black-2\/#primaryimage\"},\"image\":{\"@id\":\"https:\/\/audibax.com\/fr\/produit\/snow-600-black-2\/#primaryimage\"},\"thumbnailUrl\":\"https:\/\/audibax.com\/wp-content\/uploads\/2023\/12\/Snow-600-efectos-maquina-nieve-mando-control-1.jpg\",\"datePublished\":\"2023-12-11T14:03:10+00:00\",\"dateModified\":\"2023-12-27T10:56:03+00:00\",\"breadcrumb\":{\"@id\":\"https:\/\/audibax.com\/fr\/produit\/snow-600-black-2\/#breadcrumb\"},\"inLanguage\":\"fr-FR\",\"potentialAction\":[{\"@type\":\"ReadAction\",\"target\":[\"https:\/\/audibax.com\/fr\/produit\/snow-600-black-2\/\"]}]},{\"@type\":\"ImageObject\",\"inLanguage\":\"fr-FR\",\"@id\":\"https:\/\/audibax.com\/fr\/produit\/snow-600-black-2\/#primaryimage\",\"url\":\"https:\/\/audibax.com\/wp-content\/uploads\/2023\/12\/Snow-600-efectos-maquina-nieve-mando-control-1.jpg\",\"contentUrl\":\"https:\/\/audibax.com\/wp-content\/uploads\/2023\/12\/Snow-600-efectos-maquina-nieve-mando-control-1.jpg\",\"width\":1500,\"height\":954},{\"@type\":\"BreadcrumbList\",\"@id\":\"https:\/\/audibax.com\/fr\/produit\/snow-600-black-2\/#breadcrumb\",\"itemListElement\":[{\"@type\":\"ListItem\",\"position\":1,\"name\":\"Portada\",\"item\":\"https:\/\/audibax.com\/fr\/\"},{\"@type\":\"ListItem\",\"position\":2,\"name\":\"Produits\",\"item\":\"https:\/\/audibax.com\/fr\/shop\/\"},{\"@type\":\"ListItem\",\"position\":3,\"name\":\"Snow 600 Black\"}]},{\"@type\":\"WebSite\",\"@id\":\"https:\/\/audibax.com\/fr\/#website\",\"url\":\"https:\/\/audibax.com\/fr\/\",\"name\":\"Audibax\",\"description\":\"\",\"publisher\":{\"@id\":\"https:\/\/audibax.com\/fr\/#organization\"},\"potentialAction\":[{\"@type\":\"SearchAction\",\"target\":{\"@type\":\"EntryPoint\",\"urlTemplate\":\"https:\/\/audibax.com\/fr\/?s={search_term_string}\"},\"query-input\":{\"@type\":\"PropertyValueSpecification\",\"valueRequired\":true,\"valueName\":\"search_term_string\"}}],\"inLanguage\":\"fr-FR\"},{\"@type\":\"Organization\",\"@id\":\"https:\/\/audibax.com\/fr\/#organization\",\"name\":\"Audibax\",\"url\":\"https:\/\/audibax.com\/fr\/\",\"logo\":{\"@type\":\"ImageObject\",\"inLanguage\":\"fr-FR\",\"@id\":\"https:\/\/audibax.com\/fr\/#\/schema\/logo\/image\/\",\"url\":\"https:\/\/audibax.com\/wp-content\/uploads\/2023\/09\/logo-Audibax-BLANCO-SVG-1.svg\",\"contentUrl\":\"https:\/\/audibax.com\/wp-content\/uploads\/2023\/09\/logo-Audibax-BLANCO-SVG-1.svg\",\"caption\":\"Audibax\"},\"image\":{\"@id\":\"https:\/\/audibax.com\/fr\/#\/schema\/logo\/image\/\"}}]}<\/script>\n<!-- \/ Yoast SEO plugin. -->","yoast_head_json":{"title":"Snow 600 Black - Audibax","robots":{"index":"index","follow":"follow","max-snippet":"max-snippet:-1","max-image-preview":"max-image-preview:large","max-video-preview":"max-video-preview:-1"},"canonical":"https:\/\/audibax.com\/fr\/produit\/snow-600-black-2\/","og_locale":"fr_FR","og_type":"article","og_title":"Snow 600 Black - Audibax","og_description":"Machine \u00e0 neige Puissance : 600W Contr\u00f4le avec c\u00e2ble de 3 m\u00e8tres","og_url":"https:\/\/audibax.com\/fr\/produit\/snow-600-black-2\/","og_site_name":"Audibax","article_modified_time":"2023-12-27T10:56:03+00:00","twitter_card":"summary_large_image","twitter_misc":{"Dur\u00e9e de lecture estim\u00e9e":"1 minute"},"schema":{"@context":"https:\/\/schema.org","@graph":[{"@type":"WebPage","@id":"https:\/\/audibax.com\/fr\/produit\/snow-600-black-2\/","url":"https:\/\/audibax.com\/fr\/produit\/snow-600-black-2\/","name":"Snow 600 Black - Audibax","isPartOf":{"@id":"https:\/\/audibax.com\/fr\/#website"},"primaryImageOfPage":{"@id":"https:\/\/audibax.com\/fr\/produit\/snow-600-black-2\/#primaryimage"},"image":{"@id":"https:\/\/audibax.com\/fr\/produit\/snow-600-black-2\/#primaryimage"},"thumbnailUrl":"https:\/\/audibax.com\/wp-content\/uploads\/2023\/12\/Snow-600-efectos-maquina-nieve-mando-control-1.jpg","datePublished":"2023-12-11T14:03:10+00:00","dateModified":"2023-12-27T10:56:03+00:00","breadcrumb":{"@id":"https:\/\/audibax.com\/fr\/produit\/snow-600-black-2\/#breadcrumb"},"inLanguage":"fr-FR","potentialAction":[{"@type":"ReadAction","target":["https:\/\/audibax.com\/fr\/produit\/snow-600-black-2\/"]}]},{"@type":"ImageObject","inLanguage":"fr-FR","@id":"https:\/\/audibax.com\/fr\/produit\/snow-600-black-2\/#primaryimage","url":"https:\/\/audibax.com\/wp-content\/uploads\/2023\/12\/Snow-600-efectos-maquina-nieve-mando-control-1.jpg","contentUrl":"https:\/\/audibax.com\/wp-content\/uploads\/2023\/12\/Snow-600-efectos-maquina-nieve-mando-control-1.jpg","width":1500,"height":954},{"@type":"BreadcrumbList","@id":"https:\/\/audibax.com\/fr\/produit\/snow-600-black-2\/#breadcrumb","itemListElement":[{"@type":"ListItem","position":1,"name":"Portada","item":"https:\/\/audibax.com\/fr\/"},{"@type":"ListItem","position":2,"name":"Produits","item":"https:\/\/audibax.com\/fr\/shop\/"},{"@type":"ListItem","position":3,"name":"Snow 600 Black"}]},{"@type":"WebSite","@id":"https:\/\/audibax.com\/fr\/#website","url":"https:\/\/audibax.com\/fr\/","name":"Audibax","description":"","publisher":{"@id":"https:\/\/audibax.com\/fr\/#organization"},"potentialAction":[{"@type":"SearchAction","target":{"@type":"EntryPoint","urlTemplate":"https:\/\/audibax.com\/fr\/?s={search_term_string}"},"query-input":{"@type":"PropertyValueSpecification","valueRequired":true,"valueName":"search_term_string"}}],"inLanguage":"fr-FR"},{"@type":"Organization","@id":"https:\/\/audibax.com\/fr\/#organization","name":"Audibax","url":"https:\/\/audibax.com\/fr\/","logo":{"@type":"ImageObject","inLanguage":"fr-FR","@id":"https:\/\/audibax.com\/fr\/#\/schema\/logo\/image\/","url":"https:\/\/audibax.com\/wp-content\/uploads\/2023\/09\/logo-Audibax-BLANCO-SVG-1.svg","contentUrl":"https:\/\/audibax.com\/wp-content\/uploads\/2023\/09\/logo-Audibax-BLANCO-SVG-1.svg","caption":"Audibax"},"image":{"@id":"https:\/\/audibax.com\/fr\/#\/schema\/logo\/image\/"}}]}},"_links":{"self":[{"href":"https:\/\/audibax.com\/fr\/wp-json\/wp\/v2\/product\/36616","targetHints":{"allow":["GET"]}}],"collection":[{"href":"https:\/\/audibax.com\/fr\/wp-json\/wp\/v2\/product"}],"about":[{"href":"https:\/\/audibax.com\/fr\/wp-json\/wp\/v2\/types\/product"}],"replies":[{"embeddable":true,"href":"https:\/\/audibax.com\/fr\/wp-json\/wp\/v2\/comments?post=36616"}],"wp:featuredmedia":[{"embeddable":true,"href":"https:\/\/audibax.com\/fr\/wp-json\/wp\/v2\/media\/34346"}],"wp:attachment":[{"href":"https:\/\/audibax.com\/fr\/wp-json\/wp\/v2\/media?parent=36616"}],"wp:term":[{"taxonomy":"product_cat","embeddable":true,"href":"https:\/\/audibax.com\/fr\/wp-json\/wp\/v2\/product_cat?post=36616"},{"taxonomy":"product_tag","embeddable":true,"href":"https:\/\/audibax.com\/fr\/wp-json\/wp\/v2\/product_tag?post=36616"}],"curies":[{"name":"wp","href":"https:\/\/api.w.org\/{rel}","templated":true}]}}