{"id":36614,"date":"2023-12-11T13:34:44","date_gmt":"2023-12-11T12:34:44","guid":{"rendered":"https:\/\/audibax.com\/product\/smoke-900-grey-2\/"},"modified":"2024-10-14T15:40:43","modified_gmt":"2024-10-14T13:40:43","slug":"smoke-900-grey-2","status":"publish","type":"product","link":"https:\/\/audibax.com\/fr\/produit\/smoke-900-grey-2\/","title":{"rendered":"Smoke 900 Grey"},"content":{"rendered":"<ul>\n<li>Machine \u00e0 fum\u00e9e professionnelle de 900 watts<\/li>\n<li>Indicateur LED chauffage\/pr\u00eat<\/li>\n<li>Indicateur LED.R\u00e9servoir illumin\u00e9 avec LED RGB<\/li>\n<\/ul>\n<p>&nbsp;<\/p>\n<h3>Contr\u00f4le<\/h3>\n<p>&nbsp;<\/p>\n<ul>\n<li>T\u00e9l\u00e9commande avec c\u00e2ble de 3 m (inclus)<\/li>\n<li>T\u00e9l\u00e9commande sans fil (inclus)<\/li>\n<\/ul>\n<p>&lt;.p&gt;<\/p>\n<h3>Caract\u00e9ristiques techniques<\/h3>\n<p>&nbsp;<\/p>\n<ul>\n<li>Puissance : 900 W<\/li>\n<li>D\u00e9bit : 10.000 cfm (280 m3\/min)<\/li>\n<li>Capacit\u00e9 du r\u00e9servoir : 0,9 l<\/li>\n<li>Consommation de liquide : 18 ml\/min<\/li>\n<li>Temps de pr\u00e9chauffage : 4,5 min<\/li>\n<li>Tension : AC 220 ~ 240 V, 50\/60 Hz<\/li>\n<li>Dimensions : 205 x 185 x 350 mm<\/li>\n<li>Poids : 3,5 kg<\/li>\n<\/ul>\n<p>Le produit peut arriver dans un emballage correspondant au mod\u00e8le Smoke 1200 mais le mod\u00e8le \u00e0 l&rsquo;int\u00e9rieur est correct.<\/p>\n","protected":false},"excerpt":{"rendered":"<p>Machine \u00e0 fum\u00e9e professionnelle<\/p>\n<p>Machine \u00e0 fum\u00e9e professionnelle<\/p>\n<p>Machine \u00e0 fum\u00e9e<\/p>\n","protected":false},"featured_media":16710,"comment_status":"open","ping_status":"closed","template":"","meta":{"_acf_changed":false},"product_cat":[357],"product_tag":[],"class_list":{"0":"post-36614","1":"product","2":"type-product","3":"status-publish","4":"has-post-thumbnail","6":"product_cat-effets-de-la-machine","8":"first","9":"instock","10":"shipping-taxable","11":"product-type-simple"},"acf":[],"yoast_head":"<!-- This site is optimized with the Yoast SEO plugin v27.0 - https:\/\/yoast.com\/product\/yoast-seo-wordpress\/ -->\n<title>Smoke 900 Grey - Audibax<\/title>\n<meta name=\"robots\" content=\"index, follow, max-snippet:-1, max-image-preview:large, max-video-preview:-1\" \/>\n<link rel=\"canonical\" href=\"https:\/\/audibax.com\/fr\/produit\/smoke-900-grey-2\/\" \/>\n<meta property=\"og:locale\" content=\"fr_FR\" \/>\n<meta property=\"og:type\" content=\"article\" \/>\n<meta property=\"og:title\" content=\"Smoke 900 Grey - Audibax\" \/>\n<meta property=\"og:description\" content=\"Machine \u00e0 fum\u00e9e professionnelle  Machine \u00e0 fum\u00e9e professionnelle  Machine \u00e0 fum\u00e9e\" \/>\n<meta property=\"og:url\" content=\"https:\/\/audibax.com\/fr\/produit\/smoke-900-grey-2\/\" \/>\n<meta property=\"og:site_name\" content=\"Audibax\" \/>\n<meta property=\"article:modified_time\" content=\"2024-10-14T13:40:43+00:00\" \/>\n<meta property=\"og:image\" content=\"https:\/\/audibax.com\/wp-content\/uploads\/2023\/12\/audibax_smoke900.jpg\" \/>\n\t<meta property=\"og:image:width\" content=\"1500\" \/>\n\t<meta property=\"og:image:height\" content=\"919\" \/>\n\t<meta property=\"og:image:type\" content=\"image\/jpeg\" \/>\n<meta name=\"twitter:card\" content=\"summary_large_image\" \/>\n<meta name=\"twitter:label1\" content=\"Dur\u00e9e de lecture estim\u00e9e\" \/>\n\t<meta name=\"twitter:data1\" content=\"1 minute\" \/>\n<script type=\"application\/ld+json\" class=\"yoast-schema-graph\">{\"@context\":\"https:\/\/schema.org\",\"@graph\":[{\"@type\":\"WebPage\",\"@id\":\"https:\/\/audibax.com\/fr\/produit\/smoke-900-grey-2\/\",\"url\":\"https:\/\/audibax.com\/fr\/produit\/smoke-900-grey-2\/\",\"name\":\"Smoke 900 Grey - Audibax\",\"isPartOf\":{\"@id\":\"https:\/\/audibax.com\/fr\/#website\"},\"primaryImageOfPage\":{\"@id\":\"https:\/\/audibax.com\/fr\/produit\/smoke-900-grey-2\/#primaryimage\"},\"image\":{\"@id\":\"https:\/\/audibax.com\/fr\/produit\/smoke-900-grey-2\/#primaryimage\"},\"thumbnailUrl\":\"https:\/\/audibax.com\/wp-content\/uploads\/2023\/12\/audibax_smoke900.jpg\",\"datePublished\":\"2023-12-11T12:34:44+00:00\",\"dateModified\":\"2024-10-14T13:40:43+00:00\",\"breadcrumb\":{\"@id\":\"https:\/\/audibax.com\/fr\/produit\/smoke-900-grey-2\/#breadcrumb\"},\"inLanguage\":\"fr-FR\",\"potentialAction\":[{\"@type\":\"ReadAction\",\"target\":[\"https:\/\/audibax.com\/fr\/produit\/smoke-900-grey-2\/\"]}]},{\"@type\":\"ImageObject\",\"inLanguage\":\"fr-FR\",\"@id\":\"https:\/\/audibax.com\/fr\/produit\/smoke-900-grey-2\/#primaryimage\",\"url\":\"https:\/\/audibax.com\/wp-content\/uploads\/2023\/12\/audibax_smoke900.jpg\",\"contentUrl\":\"https:\/\/audibax.com\/wp-content\/uploads\/2023\/12\/audibax_smoke900.jpg\",\"width\":1500,\"height\":919},{\"@type\":\"BreadcrumbList\",\"@id\":\"https:\/\/audibax.com\/fr\/produit\/smoke-900-grey-2\/#breadcrumb\",\"itemListElement\":[{\"@type\":\"ListItem\",\"position\":1,\"name\":\"Portada\",\"item\":\"https:\/\/audibax.com\/fr\/\"},{\"@type\":\"ListItem\",\"position\":2,\"name\":\"Produits\",\"item\":\"https:\/\/audibax.com\/fr\/shop\/\"},{\"@type\":\"ListItem\",\"position\":3,\"name\":\"Smoke 900 Grey\"}]},{\"@type\":\"WebSite\",\"@id\":\"https:\/\/audibax.com\/fr\/#website\",\"url\":\"https:\/\/audibax.com\/fr\/\",\"name\":\"Audibax\",\"description\":\"\",\"publisher\":{\"@id\":\"https:\/\/audibax.com\/fr\/#organization\"},\"potentialAction\":[{\"@type\":\"SearchAction\",\"target\":{\"@type\":\"EntryPoint\",\"urlTemplate\":\"https:\/\/audibax.com\/fr\/?s={search_term_string}\"},\"query-input\":{\"@type\":\"PropertyValueSpecification\",\"valueRequired\":true,\"valueName\":\"search_term_string\"}}],\"inLanguage\":\"fr-FR\"},{\"@type\":\"Organization\",\"@id\":\"https:\/\/audibax.com\/fr\/#organization\",\"name\":\"Audibax\",\"url\":\"https:\/\/audibax.com\/fr\/\",\"logo\":{\"@type\":\"ImageObject\",\"inLanguage\":\"fr-FR\",\"@id\":\"https:\/\/audibax.com\/fr\/#\/schema\/logo\/image\/\",\"url\":\"https:\/\/audibax.com\/wp-content\/uploads\/2023\/09\/logo-Audibax-BLANCO-SVG-1.svg\",\"contentUrl\":\"https:\/\/audibax.com\/wp-content\/uploads\/2023\/09\/logo-Audibax-BLANCO-SVG-1.svg\",\"caption\":\"Audibax\"},\"image\":{\"@id\":\"https:\/\/audibax.com\/fr\/#\/schema\/logo\/image\/\"}}]}<\/script>\n<!-- \/ Yoast SEO plugin. -->","yoast_head_json":{"title":"Smoke 900 Grey - Audibax","robots":{"index":"index","follow":"follow","max-snippet":"max-snippet:-1","max-image-preview":"max-image-preview:large","max-video-preview":"max-video-preview:-1"},"canonical":"https:\/\/audibax.com\/fr\/produit\/smoke-900-grey-2\/","og_locale":"fr_FR","og_type":"article","og_title":"Smoke 900 Grey - Audibax","og_description":"Machine \u00e0 fum\u00e9e professionnelle  Machine \u00e0 fum\u00e9e professionnelle  Machine \u00e0 fum\u00e9e","og_url":"https:\/\/audibax.com\/fr\/produit\/smoke-900-grey-2\/","og_site_name":"Audibax","article_modified_time":"2024-10-14T13:40:43+00:00","og_image":[{"width":1500,"height":919,"url":"https:\/\/audibax.com\/wp-content\/uploads\/2023\/12\/audibax_smoke900.jpg","type":"image\/jpeg"}],"twitter_card":"summary_large_image","twitter_misc":{"Dur\u00e9e de lecture estim\u00e9e":"1 minute"},"schema":{"@context":"https:\/\/schema.org","@graph":[{"@type":"WebPage","@id":"https:\/\/audibax.com\/fr\/produit\/smoke-900-grey-2\/","url":"https:\/\/audibax.com\/fr\/produit\/smoke-900-grey-2\/","name":"Smoke 900 Grey - Audibax","isPartOf":{"@id":"https:\/\/audibax.com\/fr\/#website"},"primaryImageOfPage":{"@id":"https:\/\/audibax.com\/fr\/produit\/smoke-900-grey-2\/#primaryimage"},"image":{"@id":"https:\/\/audibax.com\/fr\/produit\/smoke-900-grey-2\/#primaryimage"},"thumbnailUrl":"https:\/\/audibax.com\/wp-content\/uploads\/2023\/12\/audibax_smoke900.jpg","datePublished":"2023-12-11T12:34:44+00:00","dateModified":"2024-10-14T13:40:43+00:00","breadcrumb":{"@id":"https:\/\/audibax.com\/fr\/produit\/smoke-900-grey-2\/#breadcrumb"},"inLanguage":"fr-FR","potentialAction":[{"@type":"ReadAction","target":["https:\/\/audibax.com\/fr\/produit\/smoke-900-grey-2\/"]}]},{"@type":"ImageObject","inLanguage":"fr-FR","@id":"https:\/\/audibax.com\/fr\/produit\/smoke-900-grey-2\/#primaryimage","url":"https:\/\/audibax.com\/wp-content\/uploads\/2023\/12\/audibax_smoke900.jpg","contentUrl":"https:\/\/audibax.com\/wp-content\/uploads\/2023\/12\/audibax_smoke900.jpg","width":1500,"height":919},{"@type":"BreadcrumbList","@id":"https:\/\/audibax.com\/fr\/produit\/smoke-900-grey-2\/#breadcrumb","itemListElement":[{"@type":"ListItem","position":1,"name":"Portada","item":"https:\/\/audibax.com\/fr\/"},{"@type":"ListItem","position":2,"name":"Produits","item":"https:\/\/audibax.com\/fr\/shop\/"},{"@type":"ListItem","position":3,"name":"Smoke 900 Grey"}]},{"@type":"WebSite","@id":"https:\/\/audibax.com\/fr\/#website","url":"https:\/\/audibax.com\/fr\/","name":"Audibax","description":"","publisher":{"@id":"https:\/\/audibax.com\/fr\/#organization"},"potentialAction":[{"@type":"SearchAction","target":{"@type":"EntryPoint","urlTemplate":"https:\/\/audibax.com\/fr\/?s={search_term_string}"},"query-input":{"@type":"PropertyValueSpecification","valueRequired":true,"valueName":"search_term_string"}}],"inLanguage":"fr-FR"},{"@type":"Organization","@id":"https:\/\/audibax.com\/fr\/#organization","name":"Audibax","url":"https:\/\/audibax.com\/fr\/","logo":{"@type":"ImageObject","inLanguage":"fr-FR","@id":"https:\/\/audibax.com\/fr\/#\/schema\/logo\/image\/","url":"https:\/\/audibax.com\/wp-content\/uploads\/2023\/09\/logo-Audibax-BLANCO-SVG-1.svg","contentUrl":"https:\/\/audibax.com\/wp-content\/uploads\/2023\/09\/logo-Audibax-BLANCO-SVG-1.svg","caption":"Audibax"},"image":{"@id":"https:\/\/audibax.com\/fr\/#\/schema\/logo\/image\/"}}]}},"_links":{"self":[{"href":"https:\/\/audibax.com\/fr\/wp-json\/wp\/v2\/product\/36614","targetHints":{"allow":["GET"]}}],"collection":[{"href":"https:\/\/audibax.com\/fr\/wp-json\/wp\/v2\/product"}],"about":[{"href":"https:\/\/audibax.com\/fr\/wp-json\/wp\/v2\/types\/product"}],"replies":[{"embeddable":true,"href":"https:\/\/audibax.com\/fr\/wp-json\/wp\/v2\/comments?post=36614"}],"wp:featuredmedia":[{"embeddable":true,"href":"https:\/\/audibax.com\/fr\/wp-json\/wp\/v2\/media\/16710"}],"wp:attachment":[{"href":"https:\/\/audibax.com\/fr\/wp-json\/wp\/v2\/media?parent=36614"}],"wp:term":[{"taxonomy":"product_cat","embeddable":true,"href":"https:\/\/audibax.com\/fr\/wp-json\/wp\/v2\/product_cat?post=36614"},{"taxonomy":"product_tag","embeddable":true,"href":"https:\/\/audibax.com\/fr\/wp-json\/wp\/v2\/product_tag?post=36614"}],"curies":[{"name":"wp","href":"https:\/\/api.w.org\/{rel}","templated":true}]}}