{"id":36609,"date":"2023-12-11T13:34:22","date_gmt":"2023-12-11T12:34:22","guid":{"rendered":"https:\/\/audibax.com\/product\/smoke-500-black-2\/"},"modified":"2023-12-27T11:55:45","modified_gmt":"2023-12-27T10:55:45","slug":"smoke-500-black-2","status":"publish","type":"product","link":"https:\/\/audibax.com\/fr\/produit\/smoke-500-black-2\/","title":{"rendered":"Smoke 500 Black"},"content":{"rendered":"<ul>\n<li>Machine \u00e0 fum\u00e9e professionnelle 500 W<\/li>\n<li>Inclut un liquide non dense pour le premier test. Il est recommand\u00e9 d&rsquo;acheter le liquide s\u00e9par\u00e9ment.<\/li>\n<li>T\u00e9l\u00e9commande avec c\u00e2ble de 3 m (inclus)<\/li>\n<\/ul>\n<h3>Sp\u00e9cifications techniques<\/h3>\n<ul>\n<li>Puissance : 500 W<\/li>\n<li>D\u00e9bit : 1800 cfm (50 m3\/min)<\/li>\n<li>Capacit\u00e9 du r\u00e9servoir : 250 ml<\/li>\n<li>Consommation de liquide : 8 ml\/min<\/li>\n<li>Temps de pr\u00e9chauffage : 3 min<\/li>\n<li>Tension : AC 220 ~ 240 V, 50\/60 Hz<\/li>\n<li>Dimensions : 130 x 150 x 245 mm<\/li>\n<li>Poids : 1,5 kg<\/li>\n<\/ul>\n","protected":false},"excerpt":{"rendered":"<ul>\n<li>Machine \u00e0 fum\u00e9e<\/li>\n<li>Puissance : 500W<\/li>\n<li>T\u00e9l\u00e9commande avec c\u00e2ble de 3 m\u00e8tres<\/li>\n<\/ul>\n<\/ul>\n<\/ul>\n","protected":false},"featured_media":17783,"comment_status":"open","ping_status":"closed","template":"","meta":{"_acf_changed":false},"product_cat":[357],"product_tag":[],"class_list":{"0":"post-36609","1":"product","2":"type-product","3":"status-publish","4":"has-post-thumbnail","6":"product_cat-effets-de-la-machine","8":"first","9":"instock","10":"shipping-taxable","11":"product-type-simple"},"acf":[],"yoast_head":"<!-- This site is optimized with the Yoast SEO plugin v27.0 - https:\/\/yoast.com\/product\/yoast-seo-wordpress\/ -->\n<title>Smoke 500 Black - Audibax<\/title>\n<meta name=\"robots\" content=\"index, follow, max-snippet:-1, max-image-preview:large, max-video-preview:-1\" \/>\n<link rel=\"canonical\" href=\"https:\/\/audibax.com\/fr\/produit\/smoke-500-black-2\/\" \/>\n<meta property=\"og:locale\" content=\"fr_FR\" \/>\n<meta property=\"og:type\" content=\"article\" \/>\n<meta property=\"og:title\" content=\"Smoke 500 Black - Audibax\" \/>\n<meta property=\"og:description\" content=\"Machine \u00e0 fum\u00e9e Puissance : 500W T\u00e9l\u00e9commande avec c\u00e2ble de 3 m\u00e8tres\" \/>\n<meta property=\"og:url\" content=\"https:\/\/audibax.com\/fr\/produit\/smoke-500-black-2\/\" \/>\n<meta property=\"og:site_name\" content=\"Audibax\" \/>\n<meta property=\"article:modified_time\" content=\"2023-12-27T10:55:45+00:00\" \/>\n<meta name=\"twitter:card\" content=\"summary_large_image\" \/>\n<script type=\"application\/ld+json\" class=\"yoast-schema-graph\">{\"@context\":\"https:\/\/schema.org\",\"@graph\":[{\"@type\":\"WebPage\",\"@id\":\"https:\/\/audibax.com\/fr\/produit\/smoke-500-black-2\/\",\"url\":\"https:\/\/audibax.com\/fr\/produit\/smoke-500-black-2\/\",\"name\":\"Smoke 500 Black - Audibax\",\"isPartOf\":{\"@id\":\"https:\/\/audibax.com\/fr\/#website\"},\"primaryImageOfPage\":{\"@id\":\"https:\/\/audibax.com\/fr\/produit\/smoke-500-black-2\/#primaryimage\"},\"image\":{\"@id\":\"https:\/\/audibax.com\/fr\/produit\/smoke-500-black-2\/#primaryimage\"},\"thumbnailUrl\":\"https:\/\/audibax.com\/wp-content\/uploads\/2023\/12\/audibax-smoke-500-maquina-humo-500W-negro.png\",\"datePublished\":\"2023-12-11T12:34:22+00:00\",\"dateModified\":\"2023-12-27T10:55:45+00:00\",\"breadcrumb\":{\"@id\":\"https:\/\/audibax.com\/fr\/produit\/smoke-500-black-2\/#breadcrumb\"},\"inLanguage\":\"fr-FR\",\"potentialAction\":[{\"@type\":\"ReadAction\",\"target\":[\"https:\/\/audibax.com\/fr\/produit\/smoke-500-black-2\/\"]}]},{\"@type\":\"ImageObject\",\"inLanguage\":\"fr-FR\",\"@id\":\"https:\/\/audibax.com\/fr\/produit\/smoke-500-black-2\/#primaryimage\",\"url\":\"https:\/\/audibax.com\/wp-content\/uploads\/2023\/12\/audibax-smoke-500-maquina-humo-500W-negro.png\",\"contentUrl\":\"https:\/\/audibax.com\/wp-content\/uploads\/2023\/12\/audibax-smoke-500-maquina-humo-500W-negro.png\",\"width\":1200,\"height\":1060},{\"@type\":\"BreadcrumbList\",\"@id\":\"https:\/\/audibax.com\/fr\/produit\/smoke-500-black-2\/#breadcrumb\",\"itemListElement\":[{\"@type\":\"ListItem\",\"position\":1,\"name\":\"Portada\",\"item\":\"https:\/\/audibax.com\/fr\/\"},{\"@type\":\"ListItem\",\"position\":2,\"name\":\"Produits\",\"item\":\"https:\/\/audibax.com\/fr\/shop\/\"},{\"@type\":\"ListItem\",\"position\":3,\"name\":\"Smoke 500 Black\"}]},{\"@type\":\"WebSite\",\"@id\":\"https:\/\/audibax.com\/fr\/#website\",\"url\":\"https:\/\/audibax.com\/fr\/\",\"name\":\"Audibax\",\"description\":\"\",\"publisher\":{\"@id\":\"https:\/\/audibax.com\/fr\/#organization\"},\"potentialAction\":[{\"@type\":\"SearchAction\",\"target\":{\"@type\":\"EntryPoint\",\"urlTemplate\":\"https:\/\/audibax.com\/fr\/?s={search_term_string}\"},\"query-input\":{\"@type\":\"PropertyValueSpecification\",\"valueRequired\":true,\"valueName\":\"search_term_string\"}}],\"inLanguage\":\"fr-FR\"},{\"@type\":\"Organization\",\"@id\":\"https:\/\/audibax.com\/fr\/#organization\",\"name\":\"Audibax\",\"url\":\"https:\/\/audibax.com\/fr\/\",\"logo\":{\"@type\":\"ImageObject\",\"inLanguage\":\"fr-FR\",\"@id\":\"https:\/\/audibax.com\/fr\/#\/schema\/logo\/image\/\",\"url\":\"https:\/\/audibax.com\/wp-content\/uploads\/2023\/09\/logo-Audibax-BLANCO-SVG-1.svg\",\"contentUrl\":\"https:\/\/audibax.com\/wp-content\/uploads\/2023\/09\/logo-Audibax-BLANCO-SVG-1.svg\",\"caption\":\"Audibax\"},\"image\":{\"@id\":\"https:\/\/audibax.com\/fr\/#\/schema\/logo\/image\/\"}}]}<\/script>\n<!-- \/ Yoast SEO plugin. -->","yoast_head_json":{"title":"Smoke 500 Black - Audibax","robots":{"index":"index","follow":"follow","max-snippet":"max-snippet:-1","max-image-preview":"max-image-preview:large","max-video-preview":"max-video-preview:-1"},"canonical":"https:\/\/audibax.com\/fr\/produit\/smoke-500-black-2\/","og_locale":"fr_FR","og_type":"article","og_title":"Smoke 500 Black - Audibax","og_description":"Machine \u00e0 fum\u00e9e Puissance : 500W T\u00e9l\u00e9commande avec c\u00e2ble de 3 m\u00e8tres","og_url":"https:\/\/audibax.com\/fr\/produit\/smoke-500-black-2\/","og_site_name":"Audibax","article_modified_time":"2023-12-27T10:55:45+00:00","twitter_card":"summary_large_image","schema":{"@context":"https:\/\/schema.org","@graph":[{"@type":"WebPage","@id":"https:\/\/audibax.com\/fr\/produit\/smoke-500-black-2\/","url":"https:\/\/audibax.com\/fr\/produit\/smoke-500-black-2\/","name":"Smoke 500 Black - Audibax","isPartOf":{"@id":"https:\/\/audibax.com\/fr\/#website"},"primaryImageOfPage":{"@id":"https:\/\/audibax.com\/fr\/produit\/smoke-500-black-2\/#primaryimage"},"image":{"@id":"https:\/\/audibax.com\/fr\/produit\/smoke-500-black-2\/#primaryimage"},"thumbnailUrl":"https:\/\/audibax.com\/wp-content\/uploads\/2023\/12\/audibax-smoke-500-maquina-humo-500W-negro.png","datePublished":"2023-12-11T12:34:22+00:00","dateModified":"2023-12-27T10:55:45+00:00","breadcrumb":{"@id":"https:\/\/audibax.com\/fr\/produit\/smoke-500-black-2\/#breadcrumb"},"inLanguage":"fr-FR","potentialAction":[{"@type":"ReadAction","target":["https:\/\/audibax.com\/fr\/produit\/smoke-500-black-2\/"]}]},{"@type":"ImageObject","inLanguage":"fr-FR","@id":"https:\/\/audibax.com\/fr\/produit\/smoke-500-black-2\/#primaryimage","url":"https:\/\/audibax.com\/wp-content\/uploads\/2023\/12\/audibax-smoke-500-maquina-humo-500W-negro.png","contentUrl":"https:\/\/audibax.com\/wp-content\/uploads\/2023\/12\/audibax-smoke-500-maquina-humo-500W-negro.png","width":1200,"height":1060},{"@type":"BreadcrumbList","@id":"https:\/\/audibax.com\/fr\/produit\/smoke-500-black-2\/#breadcrumb","itemListElement":[{"@type":"ListItem","position":1,"name":"Portada","item":"https:\/\/audibax.com\/fr\/"},{"@type":"ListItem","position":2,"name":"Produits","item":"https:\/\/audibax.com\/fr\/shop\/"},{"@type":"ListItem","position":3,"name":"Smoke 500 Black"}]},{"@type":"WebSite","@id":"https:\/\/audibax.com\/fr\/#website","url":"https:\/\/audibax.com\/fr\/","name":"Audibax","description":"","publisher":{"@id":"https:\/\/audibax.com\/fr\/#organization"},"potentialAction":[{"@type":"SearchAction","target":{"@type":"EntryPoint","urlTemplate":"https:\/\/audibax.com\/fr\/?s={search_term_string}"},"query-input":{"@type":"PropertyValueSpecification","valueRequired":true,"valueName":"search_term_string"}}],"inLanguage":"fr-FR"},{"@type":"Organization","@id":"https:\/\/audibax.com\/fr\/#organization","name":"Audibax","url":"https:\/\/audibax.com\/fr\/","logo":{"@type":"ImageObject","inLanguage":"fr-FR","@id":"https:\/\/audibax.com\/fr\/#\/schema\/logo\/image\/","url":"https:\/\/audibax.com\/wp-content\/uploads\/2023\/09\/logo-Audibax-BLANCO-SVG-1.svg","contentUrl":"https:\/\/audibax.com\/wp-content\/uploads\/2023\/09\/logo-Audibax-BLANCO-SVG-1.svg","caption":"Audibax"},"image":{"@id":"https:\/\/audibax.com\/fr\/#\/schema\/logo\/image\/"}}]}},"_links":{"self":[{"href":"https:\/\/audibax.com\/fr\/wp-json\/wp\/v2\/product\/36609","targetHints":{"allow":["GET"]}}],"collection":[{"href":"https:\/\/audibax.com\/fr\/wp-json\/wp\/v2\/product"}],"about":[{"href":"https:\/\/audibax.com\/fr\/wp-json\/wp\/v2\/types\/product"}],"replies":[{"embeddable":true,"href":"https:\/\/audibax.com\/fr\/wp-json\/wp\/v2\/comments?post=36609"}],"wp:featuredmedia":[{"embeddable":true,"href":"https:\/\/audibax.com\/fr\/wp-json\/wp\/v2\/media\/17783"}],"wp:attachment":[{"href":"https:\/\/audibax.com\/fr\/wp-json\/wp\/v2\/media?parent=36609"}],"wp:term":[{"taxonomy":"product_cat","embeddable":true,"href":"https:\/\/audibax.com\/fr\/wp-json\/wp\/v2\/product_cat?post=36609"},{"taxonomy":"product_tag","embeddable":true,"href":"https:\/\/audibax.com\/fr\/wp-json\/wp\/v2\/product_tag?post=36609"}],"curies":[{"name":"wp","href":"https:\/\/api.w.org\/{rel}","templated":true}]}}