{"id":36608,"date":"2023-12-11T13:34:20","date_gmt":"2023-12-11T12:34:20","guid":{"rendered":"https:\/\/audibax.com\/product\/thunder-250-black-2\/"},"modified":"2024-10-25T18:30:34","modified_gmt":"2024-10-25T16:30:34","slug":"thunder-250-black-2","status":"publish","type":"product","link":"https:\/\/audibax.com\/fr\/produit\/thunder-250-black-2\/","title":{"rendered":"Thunder 250 Black"},"content":{"rendered":"<p><strong>Caract\u00e9ristiques<\/strong><\/p>\n<ul>\n<li style=\"list-style-type: none;\">\n<ul>\n<li style=\"list-style-type: none;\">\n<ul>\n<li>La nouvelle gamme Audibax Thunder\u00a0<strong>\u00a0comprend des stroboscopes puissants dot\u00e9s d&rsquo;un puissant dispositif de mappage de pixels avec des effets RVB.L&rsquo;Audibax Thunder<\/strong>\u00a0propose des stroboscopes puissants dot\u00e9s d&rsquo;un puissant dispositif de cartographie des pixels avec des effets RVB.<\/li>\n<li>Notre stroboscope\u00a0<strong>Thunder 250 RGB<\/strong>\u00a0est \u00e9quip\u00e9 de 960 LED RGB d&rsquo;une puissance de 0.5W de puissance.<\/li>\n<li>Il dispose de la gradation, de la fr\u00e9quence stroboscopique et de la capacit\u00e9 de fonctionner en mode DMX512, auto, ma\u00eetre-esclave et commande vocale.<\/li>\n<li>A l&rsquo;arri\u00e8re, il dispose d&rsquo;une entr\u00e9e et d&rsquo;une sortie DMX512, ainsi que d&rsquo;une entr\u00e9e et d&rsquo;une sortie d&rsquo;alimentation<\/li>\n<li>Il est dot\u00e9 d&rsquo;un bo\u00eetier m\u00e9tallique noir compact.<\/li>\n<\/ul>\n<\/li>\n<\/ul>\n<\/li>\n<\/ul>\n<p><strong>Sp\u00e9cifications<\/strong><\/p>\n<ul>\n<li style=\"list-style-type: none;\">\n<ul>\n<li>Voltage : AC100~240V 50\/60HZ<\/li>\n<li>Puissance : 250W<\/li>\n<li>Source lumineuse : 960pcs 5050 c\u00e9lula SMD LED RGB<\/li>\n<li>Attenuation : 32 bits 0 ~ 100% gradation lin\u00e9aire<\/li>\n<li>Fr\u00e9quence stroboscopique : 1~30HZ<\/li>\n<li>Canal : CH03, CH09, CH24<\/li>\n<li>Mode de contr\u00f4le : DMX512, auto, ma\u00eetre-esclave, commande vocale<\/li>\n<li>Effets : pixellisable en 8 sections, effet dynamique et stroboscopique<\/li>\n<li>Avec fonction RDM.<\/li>\n<li>Mode de connexion : entr\u00e9e et sortie DMX512\/entr\u00e9e et sortie d&rsquo;alimentation.<\/li>\n<li>Evaluation IP : IP20<\/li>\n<li>Temp\u00e9rature de fonctionnement : -30 degr\u00e9s \u00e0 50 degr\u00e9s<\/li>\n<li>Apparence : m\u00e9tal, noir<\/li>\n<li>Mesures : 415 x 100 x 220 mm<\/li>\n<\/ul>\n<\/li>\n<\/ul>\n","protected":false},"excerpt":{"rendered":"<ul>\n<li>Source lumineuse : 960pcs SMD 5050 RGB SMD LED RGB<\/li>\n<li>Horse racing 8-segment + dyeing + flickering<\/li>\n<li>Canaux DMX : 3\/9\/24 CH<\/li>\n<li>Mode de contr\u00f4le : DMX512, auto, ma\u00eetre\/esclave, contr\u00f4le vocal<\/li>\n<\/ul>\n","protected":false},"featured_media":18672,"comment_status":"open","ping_status":"closed","template":"","meta":{"_acf_changed":false},"product_cat":[355],"product_tag":[],"class_list":{"0":"post-36608","1":"product","2":"type-product","3":"status-publish","4":"has-post-thumbnail","6":"product_cat-effets-de-lumiere","8":"first","9":"instock","10":"shipping-taxable","11":"product-type-simple"},"acf":[],"yoast_head":"<!-- This site is optimized with the Yoast SEO plugin v27.0 - https:\/\/yoast.com\/product\/yoast-seo-wordpress\/ -->\n<title>Thunder 250 Black - Audibax<\/title>\n<meta name=\"robots\" content=\"index, follow, max-snippet:-1, max-image-preview:large, max-video-preview:-1\" \/>\n<link rel=\"canonical\" href=\"https:\/\/audibax.com\/fr\/produit\/thunder-250-black-2\/\" \/>\n<meta property=\"og:locale\" content=\"fr_FR\" \/>\n<meta property=\"og:type\" content=\"article\" \/>\n<meta property=\"og:title\" content=\"Thunder 250 Black - Audibax\" \/>\n<meta property=\"og:description\" content=\"Source lumineuse : 960pcs SMD 5050 RGB SMD LED RGB  Horse racing 8-segment + dyeing + flickering  Canaux DMX : 3\/9\/24 CH  Mode de contr\u00f4le : DMX512, auto, ma\u00eetre\/esclave, contr\u00f4le vocal\" \/>\n<meta property=\"og:url\" content=\"https:\/\/audibax.com\/fr\/produit\/thunder-250-black-2\/\" \/>\n<meta property=\"og:site_name\" content=\"Audibax\" \/>\n<meta property=\"article:modified_time\" content=\"2024-10-25T16:30:34+00:00\" \/>\n<meta property=\"og:image\" content=\"https:\/\/audibax.com\/wp-content\/uploads\/2023\/12\/Thunder-250-RGB-par-led-exterior-efecto-rojo.jpg\" \/>\n\t<meta property=\"og:image:width\" content=\"1500\" \/>\n\t<meta property=\"og:image:height\" content=\"1206\" \/>\n\t<meta property=\"og:image:type\" content=\"image\/jpeg\" \/>\n<meta name=\"twitter:card\" content=\"summary_large_image\" \/>\n<meta name=\"twitter:label1\" content=\"Dur\u00e9e de lecture estim\u00e9e\" \/>\n\t<meta name=\"twitter:data1\" content=\"2 minutes\" \/>\n<script type=\"application\/ld+json\" class=\"yoast-schema-graph\">{\"@context\":\"https:\/\/schema.org\",\"@graph\":[{\"@type\":\"WebPage\",\"@id\":\"https:\/\/audibax.com\/fr\/produit\/thunder-250-black-2\/\",\"url\":\"https:\/\/audibax.com\/fr\/produit\/thunder-250-black-2\/\",\"name\":\"Thunder 250 Black - Audibax\",\"isPartOf\":{\"@id\":\"https:\/\/audibax.com\/fr\/#website\"},\"primaryImageOfPage\":{\"@id\":\"https:\/\/audibax.com\/fr\/produit\/thunder-250-black-2\/#primaryimage\"},\"image\":{\"@id\":\"https:\/\/audibax.com\/fr\/produit\/thunder-250-black-2\/#primaryimage\"},\"thumbnailUrl\":\"https:\/\/audibax.com\/wp-content\/uploads\/2023\/12\/Thunder-250-RGB-par-led-exterior-efecto-rojo.jpg\",\"datePublished\":\"2023-12-11T12:34:20+00:00\",\"dateModified\":\"2024-10-25T16:30:34+00:00\",\"breadcrumb\":{\"@id\":\"https:\/\/audibax.com\/fr\/produit\/thunder-250-black-2\/#breadcrumb\"},\"inLanguage\":\"fr-FR\",\"potentialAction\":[{\"@type\":\"ReadAction\",\"target\":[\"https:\/\/audibax.com\/fr\/produit\/thunder-250-black-2\/\"]}]},{\"@type\":\"ImageObject\",\"inLanguage\":\"fr-FR\",\"@id\":\"https:\/\/audibax.com\/fr\/produit\/thunder-250-black-2\/#primaryimage\",\"url\":\"https:\/\/audibax.com\/wp-content\/uploads\/2023\/12\/Thunder-250-RGB-par-led-exterior-efecto-rojo.jpg\",\"contentUrl\":\"https:\/\/audibax.com\/wp-content\/uploads\/2023\/12\/Thunder-250-RGB-par-led-exterior-efecto-rojo.jpg\",\"width\":1500,\"height\":1206},{\"@type\":\"BreadcrumbList\",\"@id\":\"https:\/\/audibax.com\/fr\/produit\/thunder-250-black-2\/#breadcrumb\",\"itemListElement\":[{\"@type\":\"ListItem\",\"position\":1,\"name\":\"Portada\",\"item\":\"https:\/\/audibax.com\/fr\/\"},{\"@type\":\"ListItem\",\"position\":2,\"name\":\"Produits\",\"item\":\"https:\/\/audibax.com\/fr\/shop\/\"},{\"@type\":\"ListItem\",\"position\":3,\"name\":\"Thunder 250 Black\"}]},{\"@type\":\"WebSite\",\"@id\":\"https:\/\/audibax.com\/fr\/#website\",\"url\":\"https:\/\/audibax.com\/fr\/\",\"name\":\"Audibax\",\"description\":\"\",\"publisher\":{\"@id\":\"https:\/\/audibax.com\/fr\/#organization\"},\"potentialAction\":[{\"@type\":\"SearchAction\",\"target\":{\"@type\":\"EntryPoint\",\"urlTemplate\":\"https:\/\/audibax.com\/fr\/?s={search_term_string}\"},\"query-input\":{\"@type\":\"PropertyValueSpecification\",\"valueRequired\":true,\"valueName\":\"search_term_string\"}}],\"inLanguage\":\"fr-FR\"},{\"@type\":\"Organization\",\"@id\":\"https:\/\/audibax.com\/fr\/#organization\",\"name\":\"Audibax\",\"url\":\"https:\/\/audibax.com\/fr\/\",\"logo\":{\"@type\":\"ImageObject\",\"inLanguage\":\"fr-FR\",\"@id\":\"https:\/\/audibax.com\/fr\/#\/schema\/logo\/image\/\",\"url\":\"https:\/\/audibax.com\/wp-content\/uploads\/2023\/09\/logo-Audibax-BLANCO-SVG-1.svg\",\"contentUrl\":\"https:\/\/audibax.com\/wp-content\/uploads\/2023\/09\/logo-Audibax-BLANCO-SVG-1.svg\",\"caption\":\"Audibax\"},\"image\":{\"@id\":\"https:\/\/audibax.com\/fr\/#\/schema\/logo\/image\/\"}}]}<\/script>\n<!-- \/ Yoast SEO plugin. -->","yoast_head_json":{"title":"Thunder 250 Black - Audibax","robots":{"index":"index","follow":"follow","max-snippet":"max-snippet:-1","max-image-preview":"max-image-preview:large","max-video-preview":"max-video-preview:-1"},"canonical":"https:\/\/audibax.com\/fr\/produit\/thunder-250-black-2\/","og_locale":"fr_FR","og_type":"article","og_title":"Thunder 250 Black - Audibax","og_description":"Source lumineuse : 960pcs SMD 5050 RGB SMD LED RGB  Horse racing 8-segment + dyeing + flickering  Canaux DMX : 3\/9\/24 CH  Mode de contr\u00f4le : DMX512, auto, ma\u00eetre\/esclave, contr\u00f4le vocal","og_url":"https:\/\/audibax.com\/fr\/produit\/thunder-250-black-2\/","og_site_name":"Audibax","article_modified_time":"2024-10-25T16:30:34+00:00","og_image":[{"width":1500,"height":1206,"url":"https:\/\/audibax.com\/wp-content\/uploads\/2023\/12\/Thunder-250-RGB-par-led-exterior-efecto-rojo.jpg","type":"image\/jpeg"}],"twitter_card":"summary_large_image","twitter_misc":{"Dur\u00e9e de lecture estim\u00e9e":"2 minutes"},"schema":{"@context":"https:\/\/schema.org","@graph":[{"@type":"WebPage","@id":"https:\/\/audibax.com\/fr\/produit\/thunder-250-black-2\/","url":"https:\/\/audibax.com\/fr\/produit\/thunder-250-black-2\/","name":"Thunder 250 Black - Audibax","isPartOf":{"@id":"https:\/\/audibax.com\/fr\/#website"},"primaryImageOfPage":{"@id":"https:\/\/audibax.com\/fr\/produit\/thunder-250-black-2\/#primaryimage"},"image":{"@id":"https:\/\/audibax.com\/fr\/produit\/thunder-250-black-2\/#primaryimage"},"thumbnailUrl":"https:\/\/audibax.com\/wp-content\/uploads\/2023\/12\/Thunder-250-RGB-par-led-exterior-efecto-rojo.jpg","datePublished":"2023-12-11T12:34:20+00:00","dateModified":"2024-10-25T16:30:34+00:00","breadcrumb":{"@id":"https:\/\/audibax.com\/fr\/produit\/thunder-250-black-2\/#breadcrumb"},"inLanguage":"fr-FR","potentialAction":[{"@type":"ReadAction","target":["https:\/\/audibax.com\/fr\/produit\/thunder-250-black-2\/"]}]},{"@type":"ImageObject","inLanguage":"fr-FR","@id":"https:\/\/audibax.com\/fr\/produit\/thunder-250-black-2\/#primaryimage","url":"https:\/\/audibax.com\/wp-content\/uploads\/2023\/12\/Thunder-250-RGB-par-led-exterior-efecto-rojo.jpg","contentUrl":"https:\/\/audibax.com\/wp-content\/uploads\/2023\/12\/Thunder-250-RGB-par-led-exterior-efecto-rojo.jpg","width":1500,"height":1206},{"@type":"BreadcrumbList","@id":"https:\/\/audibax.com\/fr\/produit\/thunder-250-black-2\/#breadcrumb","itemListElement":[{"@type":"ListItem","position":1,"name":"Portada","item":"https:\/\/audibax.com\/fr\/"},{"@type":"ListItem","position":2,"name":"Produits","item":"https:\/\/audibax.com\/fr\/shop\/"},{"@type":"ListItem","position":3,"name":"Thunder 250 Black"}]},{"@type":"WebSite","@id":"https:\/\/audibax.com\/fr\/#website","url":"https:\/\/audibax.com\/fr\/","name":"Audibax","description":"","publisher":{"@id":"https:\/\/audibax.com\/fr\/#organization"},"potentialAction":[{"@type":"SearchAction","target":{"@type":"EntryPoint","urlTemplate":"https:\/\/audibax.com\/fr\/?s={search_term_string}"},"query-input":{"@type":"PropertyValueSpecification","valueRequired":true,"valueName":"search_term_string"}}],"inLanguage":"fr-FR"},{"@type":"Organization","@id":"https:\/\/audibax.com\/fr\/#organization","name":"Audibax","url":"https:\/\/audibax.com\/fr\/","logo":{"@type":"ImageObject","inLanguage":"fr-FR","@id":"https:\/\/audibax.com\/fr\/#\/schema\/logo\/image\/","url":"https:\/\/audibax.com\/wp-content\/uploads\/2023\/09\/logo-Audibax-BLANCO-SVG-1.svg","contentUrl":"https:\/\/audibax.com\/wp-content\/uploads\/2023\/09\/logo-Audibax-BLANCO-SVG-1.svg","caption":"Audibax"},"image":{"@id":"https:\/\/audibax.com\/fr\/#\/schema\/logo\/image\/"}}]}},"_links":{"self":[{"href":"https:\/\/audibax.com\/fr\/wp-json\/wp\/v2\/product\/36608","targetHints":{"allow":["GET"]}}],"collection":[{"href":"https:\/\/audibax.com\/fr\/wp-json\/wp\/v2\/product"}],"about":[{"href":"https:\/\/audibax.com\/fr\/wp-json\/wp\/v2\/types\/product"}],"replies":[{"embeddable":true,"href":"https:\/\/audibax.com\/fr\/wp-json\/wp\/v2\/comments?post=36608"}],"wp:featuredmedia":[{"embeddable":true,"href":"https:\/\/audibax.com\/fr\/wp-json\/wp\/v2\/media\/18672"}],"wp:attachment":[{"href":"https:\/\/audibax.com\/fr\/wp-json\/wp\/v2\/media?parent=36608"}],"wp:term":[{"taxonomy":"product_cat","embeddable":true,"href":"https:\/\/audibax.com\/fr\/wp-json\/wp\/v2\/product_cat?post=36608"},{"taxonomy":"product_tag","embeddable":true,"href":"https:\/\/audibax.com\/fr\/wp-json\/wp\/v2\/product_tag?post=36608"}],"curies":[{"name":"wp","href":"https:\/\/api.w.org\/{rel}","templated":true}]}}