{"id":36606,"date":"2023-12-11T13:34:14","date_gmt":"2023-12-11T12:34:14","guid":{"rendered":"https:\/\/audibax.com\/product\/thunder-350-black-2\/"},"modified":"2023-12-27T11:55:41","modified_gmt":"2023-12-27T10:55:41","slug":"thunder-350-black-2","status":"publish","type":"product","link":"https:\/\/audibax.com\/fr\/produit\/thunder-350-black-2\/","title":{"rendered":"Thunder 350 Black"},"content":{"rendered":"<\/p>\n<p><strong>Caract\u00e9ristiques :<\/strong><\/p>\n<ul>\n<li>La nouvelle gamme <strong>Audibax Thunder<\/strong> comprend des stroboscopes puissants dot\u00e9s d&rsquo;un puissant dispositif de pixel mapping \u00e0 effet RVB.<\/li>\n<li>Notre stroboscope&nbsp;<strong>Thunder 350 RGB<\/strong> est \u00e9quip\u00e9 de 864 LED SMD RGB d&rsquo;une puissance de 0.4W, c&rsquo;est l&rsquo;un des stroboscopes les plus puissants sur le march\u00e9 aujourd&rsquo;hui.<\/li>\n<li>Le <strong>Audibax Thunder 350 RGB<\/strong> est un stroboscope qui est \u00e9galement un Blinder et un &quot;Wash&#038;quot ;, le tout inclus dans un seul produit.<\/li>\n<li>Compos\u00e9 de 18 blocs lumineux contr\u00f4l\u00e9s individuellement, il permet de r\u00e9aliser des centaines d&rsquo;effets sp\u00e9ciaux avec des couleurs diff\u00e9rentes et un angle de rayonnement de 120\u00b0.<\/li>\n<li>Il dispose de 8 modes DMX avec gradateur, fr\u00e9quence et dur\u00e9e des flashs et la possibilit\u00e9 de fonctionner en tant que ma\u00eetre, esclave ou automatique.<\/li>\n<li>Tout cela peut \u00eatre configur\u00e9 \u00e0 l&rsquo;aide des boutons situ\u00e9s \u00e0 l&rsquo;arri\u00e8re du stroboscope avec un affichage LED facile \u00e0 lire, les boutons Mode, Enter, Up et Down sont disponibles, ce qui est utilis\u00e9 pour changer les diff\u00e9rents modes de fonctionnement.<\/li>\n<li>En fonctionnement manuel, chaque bloc lumineux peut \u00eatre configur\u00e9 \u00e0 l&rsquo;aide de ces boutons.<\/li>\n<li>Le bo\u00eetier est compact et totalement ignifug\u00e9 avec une couleur noire qui comprend un support de montage universel avec un mouvement de 180&#038;ordm ;.<\/li>\n<li>Il est facile \u00e0 transporter car il n&rsquo;est pas tr\u00e8s lourd et, en outre, le support peut \u00eatre utilis\u00e9 comme une poign\u00e9e qui peut aider \u00e0 d\u00e9placer le stroboscope d&rsquo;un endroit \u00e0 l&rsquo;autre.<\/li>\n<li>A l&rsquo;arri\u00e8re, il dispose de prises XLR \u00e0 3 broches faites pour l&rsquo;entr\u00e9e et la sortie DMX, de sorte que vous pouvez connecter un pupitre de DJ et les lumi\u00e8res suivront le rythme de la musique.<\/li>\n<\/ul>\n<p><strong>Sp\u00e9cifications:<\/strong><\/p>\n<ul>\n<li>Puissance : 350W<\/li>\n<li>Source lumineuse : 864pcs 0.4W RGB 3 in 1 LED<\/li>\n<li>0-100% gradation lin\u00e9aire<\/li>\n<li>Lumi\u00e8re stroboscopique : 0-30 fois\/sec.<\/li>\n<li>Angle de rayonnement excentrique : 120 degr\u00e9s<\/li>\n<li>Canal DMX : 5\/13\/54CH<\/li>\n<li>Mode de contr\u00f4le : DMX 512\/Manuel, Ma\u00eetre &#8211; Esclave, Auto<\/li>\n<li>Effets pr\u00e9programm\u00e9s dans les effets du canal DMX<\/li>\n<li>18 blocs contr\u00f4l\u00e9s individuellement, peuvent faire des centaines de&nbsp;effets sp\u00e9ciaux<\/li>\n<li>Temp\u00e9rature de couleur : 6500-7500K<\/li>\n<li>Voltage:&nbsp;AC 100-240V,50\/60Hz<\/li>\n<li>Dur\u00e9e de vie : 50.000 heures de vie utile, faible consommation d&rsquo;\u00e9nergie<\/li>\n<li>Refroidissement : Des ventilateurs silencieux gardent les accessoires au frais<\/li>\n<li>Syst\u00e8me de ventilation efficace et silencieux, pour garder l&rsquo;\u00e9lectronique au maximum de ses performances<\/li>\n<li>Dimensions : 460 x 124 x 230 mm<\/li>\n<li>Poids : 4,3 kg<\/li>\n<\/ul>\n","protected":false},"excerpt":{"rendered":"<ul>\n<li>Source lumineuse : 864pcs 0.4W RGB 3 en 1 LED<\/li>\n<li>Angle de rayonnement excentrique : 120 degr\u00e9s<\/li>\n<li>Canal DMX : 5\/13\/54CH<\/li>\n<li>Mode de contr\u00f4le : DMX 512\/Manuel, Ma\u00eetre &#8211; Esclave, Automatique<\/li>\n<\/ul>\n<\/ul>\n","protected":false},"featured_media":18675,"comment_status":"open","ping_status":"closed","template":"","meta":{"_acf_changed":false},"product_cat":[355],"product_tag":[],"class_list":{"0":"post-36606","1":"product","2":"type-product","3":"status-publish","4":"has-post-thumbnail","6":"product_cat-effets-de-lumiere","8":"first","9":"instock","10":"shipping-taxable","11":"product-type-simple"},"acf":[],"yoast_head":"<!-- This site is optimized with the Yoast SEO plugin v27.0 - https:\/\/yoast.com\/product\/yoast-seo-wordpress\/ -->\n<title>Thunder 350 Black - Audibax<\/title>\n<meta name=\"robots\" content=\"index, follow, max-snippet:-1, max-image-preview:large, max-video-preview:-1\" \/>\n<link rel=\"canonical\" href=\"https:\/\/audibax.com\/fr\/produit\/thunder-350-black-2\/\" \/>\n<meta property=\"og:locale\" content=\"fr_FR\" \/>\n<meta property=\"og:type\" content=\"article\" \/>\n<meta property=\"og:title\" content=\"Thunder 350 Black - Audibax\" \/>\n<meta property=\"og:description\" content=\"Source lumineuse : 864pcs 0.4W RGB 3 en 1 LED Angle de rayonnement excentrique : 120 degr\u00e9s Canal DMX : 5\/13\/54CH Mode de contr\u00f4le : DMX 512\/Manuel, Ma\u00eetre - Esclave, Automatique\" \/>\n<meta property=\"og:url\" content=\"https:\/\/audibax.com\/fr\/produit\/thunder-350-black-2\/\" \/>\n<meta property=\"og:site_name\" content=\"Audibax\" \/>\n<meta property=\"article:modified_time\" content=\"2023-12-27T10:55:41+00:00\" \/>\n<meta name=\"twitter:card\" content=\"summary_large_image\" \/>\n<meta name=\"twitter:label1\" content=\"Dur\u00e9e de lecture estim\u00e9e\" \/>\n\t<meta name=\"twitter:data1\" content=\"2 minutes\" \/>\n<script type=\"application\/ld+json\" class=\"yoast-schema-graph\">{\"@context\":\"https:\/\/schema.org\",\"@graph\":[{\"@type\":\"WebPage\",\"@id\":\"https:\/\/audibax.com\/fr\/produit\/thunder-350-black-2\/\",\"url\":\"https:\/\/audibax.com\/fr\/produit\/thunder-350-black-2\/\",\"name\":\"Thunder 350 Black - Audibax\",\"isPartOf\":{\"@id\":\"https:\/\/audibax.com\/fr\/#website\"},\"primaryImageOfPage\":{\"@id\":\"https:\/\/audibax.com\/fr\/produit\/thunder-350-black-2\/#primaryimage\"},\"image\":{\"@id\":\"https:\/\/audibax.com\/fr\/produit\/thunder-350-black-2\/#primaryimage\"},\"thumbnailUrl\":\"https:\/\/audibax.com\/wp-content\/uploads\/2023\/12\/Thunder-350-RGB-efectos-varios-colores.jpg\",\"datePublished\":\"2023-12-11T12:34:14+00:00\",\"dateModified\":\"2023-12-27T10:55:41+00:00\",\"breadcrumb\":{\"@id\":\"https:\/\/audibax.com\/fr\/produit\/thunder-350-black-2\/#breadcrumb\"},\"inLanguage\":\"fr-FR\",\"potentialAction\":[{\"@type\":\"ReadAction\",\"target\":[\"https:\/\/audibax.com\/fr\/produit\/thunder-350-black-2\/\"]}]},{\"@type\":\"ImageObject\",\"inLanguage\":\"fr-FR\",\"@id\":\"https:\/\/audibax.com\/fr\/produit\/thunder-350-black-2\/#primaryimage\",\"url\":\"https:\/\/audibax.com\/wp-content\/uploads\/2023\/12\/Thunder-350-RGB-efectos-varios-colores.jpg\",\"contentUrl\":\"https:\/\/audibax.com\/wp-content\/uploads\/2023\/12\/Thunder-350-RGB-efectos-varios-colores.jpg\",\"width\":1000,\"height\":500},{\"@type\":\"BreadcrumbList\",\"@id\":\"https:\/\/audibax.com\/fr\/produit\/thunder-350-black-2\/#breadcrumb\",\"itemListElement\":[{\"@type\":\"ListItem\",\"position\":1,\"name\":\"Portada\",\"item\":\"https:\/\/audibax.com\/fr\/\"},{\"@type\":\"ListItem\",\"position\":2,\"name\":\"Produits\",\"item\":\"https:\/\/audibax.com\/fr\/shop\/\"},{\"@type\":\"ListItem\",\"position\":3,\"name\":\"Thunder 350 Black\"}]},{\"@type\":\"WebSite\",\"@id\":\"https:\/\/audibax.com\/fr\/#website\",\"url\":\"https:\/\/audibax.com\/fr\/\",\"name\":\"Audibax\",\"description\":\"\",\"publisher\":{\"@id\":\"https:\/\/audibax.com\/fr\/#organization\"},\"potentialAction\":[{\"@type\":\"SearchAction\",\"target\":{\"@type\":\"EntryPoint\",\"urlTemplate\":\"https:\/\/audibax.com\/fr\/?s={search_term_string}\"},\"query-input\":{\"@type\":\"PropertyValueSpecification\",\"valueRequired\":true,\"valueName\":\"search_term_string\"}}],\"inLanguage\":\"fr-FR\"},{\"@type\":\"Organization\",\"@id\":\"https:\/\/audibax.com\/fr\/#organization\",\"name\":\"Audibax\",\"url\":\"https:\/\/audibax.com\/fr\/\",\"logo\":{\"@type\":\"ImageObject\",\"inLanguage\":\"fr-FR\",\"@id\":\"https:\/\/audibax.com\/fr\/#\/schema\/logo\/image\/\",\"url\":\"https:\/\/audibax.com\/wp-content\/uploads\/2023\/09\/logo-Audibax-BLANCO-SVG-1.svg\",\"contentUrl\":\"https:\/\/audibax.com\/wp-content\/uploads\/2023\/09\/logo-Audibax-BLANCO-SVG-1.svg\",\"caption\":\"Audibax\"},\"image\":{\"@id\":\"https:\/\/audibax.com\/fr\/#\/schema\/logo\/image\/\"}}]}<\/script>\n<!-- \/ Yoast SEO plugin. -->","yoast_head_json":{"title":"Thunder 350 Black - Audibax","robots":{"index":"index","follow":"follow","max-snippet":"max-snippet:-1","max-image-preview":"max-image-preview:large","max-video-preview":"max-video-preview:-1"},"canonical":"https:\/\/audibax.com\/fr\/produit\/thunder-350-black-2\/","og_locale":"fr_FR","og_type":"article","og_title":"Thunder 350 Black - Audibax","og_description":"Source lumineuse : 864pcs 0.4W RGB 3 en 1 LED Angle de rayonnement excentrique : 120 degr\u00e9s Canal DMX : 5\/13\/54CH Mode de contr\u00f4le : DMX 512\/Manuel, Ma\u00eetre - Esclave, Automatique","og_url":"https:\/\/audibax.com\/fr\/produit\/thunder-350-black-2\/","og_site_name":"Audibax","article_modified_time":"2023-12-27T10:55:41+00:00","twitter_card":"summary_large_image","twitter_misc":{"Dur\u00e9e de lecture estim\u00e9e":"2 minutes"},"schema":{"@context":"https:\/\/schema.org","@graph":[{"@type":"WebPage","@id":"https:\/\/audibax.com\/fr\/produit\/thunder-350-black-2\/","url":"https:\/\/audibax.com\/fr\/produit\/thunder-350-black-2\/","name":"Thunder 350 Black - Audibax","isPartOf":{"@id":"https:\/\/audibax.com\/fr\/#website"},"primaryImageOfPage":{"@id":"https:\/\/audibax.com\/fr\/produit\/thunder-350-black-2\/#primaryimage"},"image":{"@id":"https:\/\/audibax.com\/fr\/produit\/thunder-350-black-2\/#primaryimage"},"thumbnailUrl":"https:\/\/audibax.com\/wp-content\/uploads\/2023\/12\/Thunder-350-RGB-efectos-varios-colores.jpg","datePublished":"2023-12-11T12:34:14+00:00","dateModified":"2023-12-27T10:55:41+00:00","breadcrumb":{"@id":"https:\/\/audibax.com\/fr\/produit\/thunder-350-black-2\/#breadcrumb"},"inLanguage":"fr-FR","potentialAction":[{"@type":"ReadAction","target":["https:\/\/audibax.com\/fr\/produit\/thunder-350-black-2\/"]}]},{"@type":"ImageObject","inLanguage":"fr-FR","@id":"https:\/\/audibax.com\/fr\/produit\/thunder-350-black-2\/#primaryimage","url":"https:\/\/audibax.com\/wp-content\/uploads\/2023\/12\/Thunder-350-RGB-efectos-varios-colores.jpg","contentUrl":"https:\/\/audibax.com\/wp-content\/uploads\/2023\/12\/Thunder-350-RGB-efectos-varios-colores.jpg","width":1000,"height":500},{"@type":"BreadcrumbList","@id":"https:\/\/audibax.com\/fr\/produit\/thunder-350-black-2\/#breadcrumb","itemListElement":[{"@type":"ListItem","position":1,"name":"Portada","item":"https:\/\/audibax.com\/fr\/"},{"@type":"ListItem","position":2,"name":"Produits","item":"https:\/\/audibax.com\/fr\/shop\/"},{"@type":"ListItem","position":3,"name":"Thunder 350 Black"}]},{"@type":"WebSite","@id":"https:\/\/audibax.com\/fr\/#website","url":"https:\/\/audibax.com\/fr\/","name":"Audibax","description":"","publisher":{"@id":"https:\/\/audibax.com\/fr\/#organization"},"potentialAction":[{"@type":"SearchAction","target":{"@type":"EntryPoint","urlTemplate":"https:\/\/audibax.com\/fr\/?s={search_term_string}"},"query-input":{"@type":"PropertyValueSpecification","valueRequired":true,"valueName":"search_term_string"}}],"inLanguage":"fr-FR"},{"@type":"Organization","@id":"https:\/\/audibax.com\/fr\/#organization","name":"Audibax","url":"https:\/\/audibax.com\/fr\/","logo":{"@type":"ImageObject","inLanguage":"fr-FR","@id":"https:\/\/audibax.com\/fr\/#\/schema\/logo\/image\/","url":"https:\/\/audibax.com\/wp-content\/uploads\/2023\/09\/logo-Audibax-BLANCO-SVG-1.svg","contentUrl":"https:\/\/audibax.com\/wp-content\/uploads\/2023\/09\/logo-Audibax-BLANCO-SVG-1.svg","caption":"Audibax"},"image":{"@id":"https:\/\/audibax.com\/fr\/#\/schema\/logo\/image\/"}}]}},"_links":{"self":[{"href":"https:\/\/audibax.com\/fr\/wp-json\/wp\/v2\/product\/36606","targetHints":{"allow":["GET"]}}],"collection":[{"href":"https:\/\/audibax.com\/fr\/wp-json\/wp\/v2\/product"}],"about":[{"href":"https:\/\/audibax.com\/fr\/wp-json\/wp\/v2\/types\/product"}],"replies":[{"embeddable":true,"href":"https:\/\/audibax.com\/fr\/wp-json\/wp\/v2\/comments?post=36606"}],"wp:featuredmedia":[{"embeddable":true,"href":"https:\/\/audibax.com\/fr\/wp-json\/wp\/v2\/media\/18675"}],"wp:attachment":[{"href":"https:\/\/audibax.com\/fr\/wp-json\/wp\/v2\/media?parent=36606"}],"wp:term":[{"taxonomy":"product_cat","embeddable":true,"href":"https:\/\/audibax.com\/fr\/wp-json\/wp\/v2\/product_cat?post=36606"},{"taxonomy":"product_tag","embeddable":true,"href":"https:\/\/audibax.com\/fr\/wp-json\/wp\/v2\/product_tag?post=36606"}],"curies":[{"name":"wp","href":"https:\/\/api.w.org\/{rel}","templated":true}]}}