{"id":36600,"date":"2023-12-11T15:02:12","date_gmt":"2023-12-11T14:02:12","guid":{"rendered":"https:\/\/audibax.com\/product\/bar-243-black-2\/"},"modified":"2024-07-26T11:36:21","modified_gmt":"2024-07-26T09:36:21","slug":"bar-243-black-2","status":"publish","type":"product","link":"https:\/\/audibax.com\/fr\/produit\/bar-243-black-2\/","title":{"rendered":"Bar 243 Black"},"content":{"rendered":"<p><strong>Sp\u00e9cifications<\/strong><\/p>\n<ul>\n<li>Barre de LED RVB,&amp;nbsp ; 24 led 3 W<\/li>\n<li>Puissance :\u00a080W<\/li>\n<li>Source lumineuse : 24 x 3W LED RGB 3 en 1<\/li>\n<li>Mode DMX : 2, 4, 6, 7, 7, 12, 24 CH<\/li>\n<li>Mode de contr\u00f4le : DMX512, ma\u00eetre-esclave, AUTO, son<\/li>\n<li>Contr\u00f4le des pixels : 8 sections de 3 led<\/li>\n<li>Voltage : AC90V-240V 50HZ\/60HZ<\/li>\n<li>Inclut une t\u00e9l\u00e9commande<\/li>\n<li>Construction robuste<\/li>\n<li>Installation au plafond ou au sol<\/li>\n<li>Couleur : Noir<\/li>\n<li>Dimensions : 105 x 6,5 x 8 cm<\/li>\n<\/ul>\n","protected":false},"excerpt":{"rendered":"<ul>\n<li>La Audibax Bar 243 RGB\u00a0Audibax Bar 243 RGB\u00a0est une barre lumineuse qui \u00e9met une puissante source lumineuse LED aux couleurs vives, g\u00e9n\u00e9rant des combinaisons de couleurs qui cr\u00e9ent une exp\u00e9rience d&rsquo;\u00e9clairage fantastique.<\/li>\n<li>Notre Bar 243 RGB\u00a0barre lumineuse\u00a0est compos\u00e9e de 24 lampes LED RVB 3-en-1 d&rsquo;une puissance de 3W.<\/li>\n<li>Elle fonctionne en mode DMX512, ma\u00eetre-esclave, auto et son.<\/li>\n<li>Contr\u00f4le des pixels : 8 sections de 3 LED<\/li>\n<li>Mode DMX512 : 8 sections de 3 LED<\/li>\n<\/ul>\n<p>.<\/p>\n","protected":false},"featured_media":17913,"comment_status":"open","ping_status":"closed","template":"","meta":{"_acf_changed":false},"product_cat":[353],"product_tag":[],"class_list":{"0":"post-36600","1":"product","2":"type-product","3":"status-publish","4":"has-post-thumbnail","6":"product_cat-barre-a-led","8":"first","9":"instock","10":"shipping-taxable","11":"product-type-simple"},"acf":[],"yoast_head":"<!-- This site is optimized with the Yoast SEO plugin v27.0 - https:\/\/yoast.com\/product\/yoast-seo-wordpress\/ -->\n<title>Bar 243 Black - Audibax<\/title>\n<meta name=\"robots\" content=\"index, follow, max-snippet:-1, max-image-preview:large, max-video-preview:-1\" \/>\n<link rel=\"canonical\" href=\"https:\/\/audibax.com\/fr\/produit\/bar-243-black-2\/\" \/>\n<meta property=\"og:locale\" content=\"fr_FR\" \/>\n<meta property=\"og:type\" content=\"article\" \/>\n<meta property=\"og:title\" content=\"Bar 243 Black - Audibax\" \/>\n<meta property=\"og:description\" content=\"La Audibax Bar 243 RGB\u00a0Audibax Bar 243 RGB\u00a0est une barre lumineuse qui \u00e9met une puissante source lumineuse LED aux couleurs vives, g\u00e9n\u00e9rant des combinaisons de couleurs qui cr\u00e9ent une exp\u00e9rience d&#039;\u00e9clairage fantastique.  Notre Bar 243 RGB\u00a0barre lumineuse\u00a0est compos\u00e9e de 24 lampes LED RVB 3-en-1 d&#039;une puissance de 3W.  Elle fonctionne en mode DMX512, ma\u00eetre-esclave, auto et son.  Contr\u00f4le des pixels : 8 sections de 3 LED  Mode DMX512 : 8 sections de 3 LED  .\" \/>\n<meta property=\"og:url\" content=\"https:\/\/audibax.com\/fr\/produit\/bar-243-black-2\/\" \/>\n<meta property=\"og:site_name\" content=\"Audibax\" \/>\n<meta property=\"article:modified_time\" content=\"2024-07-26T09:36:21+00:00\" \/>\n<meta property=\"og:image\" content=\"https:\/\/audibax.com\/wp-content\/uploads\/2023\/12\/Bar-243-RGB-barra-LED-pixel-to-pixel.jpg\" \/>\n\t<meta property=\"og:image:width\" content=\"1000\" \/>\n\t<meta property=\"og:image:height\" content=\"500\" \/>\n\t<meta property=\"og:image:type\" content=\"image\/jpeg\" \/>\n<meta name=\"twitter:card\" content=\"summary_large_image\" \/>\n<meta name=\"twitter:label1\" content=\"Dur\u00e9e de lecture estim\u00e9e\" \/>\n\t<meta name=\"twitter:data1\" content=\"1 minute\" \/>\n<script type=\"application\/ld+json\" class=\"yoast-schema-graph\">{\"@context\":\"https:\/\/schema.org\",\"@graph\":[{\"@type\":\"WebPage\",\"@id\":\"https:\/\/audibax.com\/fr\/produit\/bar-243-black-2\/\",\"url\":\"https:\/\/audibax.com\/fr\/produit\/bar-243-black-2\/\",\"name\":\"Bar 243 Black - Audibax\",\"isPartOf\":{\"@id\":\"https:\/\/audibax.com\/fr\/#website\"},\"primaryImageOfPage\":{\"@id\":\"https:\/\/audibax.com\/fr\/produit\/bar-243-black-2\/#primaryimage\"},\"image\":{\"@id\":\"https:\/\/audibax.com\/fr\/produit\/bar-243-black-2\/#primaryimage\"},\"thumbnailUrl\":\"https:\/\/audibax.com\/wp-content\/uploads\/2023\/12\/Bar-243-RGB-barra-LED-pixel-to-pixel.jpg\",\"datePublished\":\"2023-12-11T14:02:12+00:00\",\"dateModified\":\"2024-07-26T09:36:21+00:00\",\"breadcrumb\":{\"@id\":\"https:\/\/audibax.com\/fr\/produit\/bar-243-black-2\/#breadcrumb\"},\"inLanguage\":\"fr-FR\",\"potentialAction\":[{\"@type\":\"ReadAction\",\"target\":[\"https:\/\/audibax.com\/fr\/produit\/bar-243-black-2\/\"]}]},{\"@type\":\"ImageObject\",\"inLanguage\":\"fr-FR\",\"@id\":\"https:\/\/audibax.com\/fr\/produit\/bar-243-black-2\/#primaryimage\",\"url\":\"https:\/\/audibax.com\/wp-content\/uploads\/2023\/12\/Bar-243-RGB-barra-LED-pixel-to-pixel.jpg\",\"contentUrl\":\"https:\/\/audibax.com\/wp-content\/uploads\/2023\/12\/Bar-243-RGB-barra-LED-pixel-to-pixel.jpg\",\"width\":1000,\"height\":500},{\"@type\":\"BreadcrumbList\",\"@id\":\"https:\/\/audibax.com\/fr\/produit\/bar-243-black-2\/#breadcrumb\",\"itemListElement\":[{\"@type\":\"ListItem\",\"position\":1,\"name\":\"Portada\",\"item\":\"https:\/\/audibax.com\/fr\/\"},{\"@type\":\"ListItem\",\"position\":2,\"name\":\"Produits\",\"item\":\"https:\/\/audibax.com\/fr\/shop\/\"},{\"@type\":\"ListItem\",\"position\":3,\"name\":\"Bar 243 Black\"}]},{\"@type\":\"WebSite\",\"@id\":\"https:\/\/audibax.com\/fr\/#website\",\"url\":\"https:\/\/audibax.com\/fr\/\",\"name\":\"Audibax\",\"description\":\"\",\"publisher\":{\"@id\":\"https:\/\/audibax.com\/fr\/#organization\"},\"potentialAction\":[{\"@type\":\"SearchAction\",\"target\":{\"@type\":\"EntryPoint\",\"urlTemplate\":\"https:\/\/audibax.com\/fr\/?s={search_term_string}\"},\"query-input\":{\"@type\":\"PropertyValueSpecification\",\"valueRequired\":true,\"valueName\":\"search_term_string\"}}],\"inLanguage\":\"fr-FR\"},{\"@type\":\"Organization\",\"@id\":\"https:\/\/audibax.com\/fr\/#organization\",\"name\":\"Audibax\",\"url\":\"https:\/\/audibax.com\/fr\/\",\"logo\":{\"@type\":\"ImageObject\",\"inLanguage\":\"fr-FR\",\"@id\":\"https:\/\/audibax.com\/fr\/#\/schema\/logo\/image\/\",\"url\":\"https:\/\/audibax.com\/wp-content\/uploads\/2023\/09\/logo-Audibax-BLANCO-SVG-1.svg\",\"contentUrl\":\"https:\/\/audibax.com\/wp-content\/uploads\/2023\/09\/logo-Audibax-BLANCO-SVG-1.svg\",\"caption\":\"Audibax\"},\"image\":{\"@id\":\"https:\/\/audibax.com\/fr\/#\/schema\/logo\/image\/\"}}]}<\/script>\n<!-- \/ Yoast SEO plugin. -->","yoast_head_json":{"title":"Bar 243 Black - Audibax","robots":{"index":"index","follow":"follow","max-snippet":"max-snippet:-1","max-image-preview":"max-image-preview:large","max-video-preview":"max-video-preview:-1"},"canonical":"https:\/\/audibax.com\/fr\/produit\/bar-243-black-2\/","og_locale":"fr_FR","og_type":"article","og_title":"Bar 243 Black - Audibax","og_description":"La Audibax Bar 243 RGB\u00a0Audibax Bar 243 RGB\u00a0est une barre lumineuse qui \u00e9met une puissante source lumineuse LED aux couleurs vives, g\u00e9n\u00e9rant des combinaisons de couleurs qui cr\u00e9ent une exp\u00e9rience d'\u00e9clairage fantastique.  Notre Bar 243 RGB\u00a0barre lumineuse\u00a0est compos\u00e9e de 24 lampes LED RVB 3-en-1 d'une puissance de 3W.  Elle fonctionne en mode DMX512, ma\u00eetre-esclave, auto et son.  Contr\u00f4le des pixels : 8 sections de 3 LED  Mode DMX512 : 8 sections de 3 LED  .","og_url":"https:\/\/audibax.com\/fr\/produit\/bar-243-black-2\/","og_site_name":"Audibax","article_modified_time":"2024-07-26T09:36:21+00:00","og_image":[{"width":1000,"height":500,"url":"https:\/\/audibax.com\/wp-content\/uploads\/2023\/12\/Bar-243-RGB-barra-LED-pixel-to-pixel.jpg","type":"image\/jpeg"}],"twitter_card":"summary_large_image","twitter_misc":{"Dur\u00e9e de lecture estim\u00e9e":"1 minute"},"schema":{"@context":"https:\/\/schema.org","@graph":[{"@type":"WebPage","@id":"https:\/\/audibax.com\/fr\/produit\/bar-243-black-2\/","url":"https:\/\/audibax.com\/fr\/produit\/bar-243-black-2\/","name":"Bar 243 Black - Audibax","isPartOf":{"@id":"https:\/\/audibax.com\/fr\/#website"},"primaryImageOfPage":{"@id":"https:\/\/audibax.com\/fr\/produit\/bar-243-black-2\/#primaryimage"},"image":{"@id":"https:\/\/audibax.com\/fr\/produit\/bar-243-black-2\/#primaryimage"},"thumbnailUrl":"https:\/\/audibax.com\/wp-content\/uploads\/2023\/12\/Bar-243-RGB-barra-LED-pixel-to-pixel.jpg","datePublished":"2023-12-11T14:02:12+00:00","dateModified":"2024-07-26T09:36:21+00:00","breadcrumb":{"@id":"https:\/\/audibax.com\/fr\/produit\/bar-243-black-2\/#breadcrumb"},"inLanguage":"fr-FR","potentialAction":[{"@type":"ReadAction","target":["https:\/\/audibax.com\/fr\/produit\/bar-243-black-2\/"]}]},{"@type":"ImageObject","inLanguage":"fr-FR","@id":"https:\/\/audibax.com\/fr\/produit\/bar-243-black-2\/#primaryimage","url":"https:\/\/audibax.com\/wp-content\/uploads\/2023\/12\/Bar-243-RGB-barra-LED-pixel-to-pixel.jpg","contentUrl":"https:\/\/audibax.com\/wp-content\/uploads\/2023\/12\/Bar-243-RGB-barra-LED-pixel-to-pixel.jpg","width":1000,"height":500},{"@type":"BreadcrumbList","@id":"https:\/\/audibax.com\/fr\/produit\/bar-243-black-2\/#breadcrumb","itemListElement":[{"@type":"ListItem","position":1,"name":"Portada","item":"https:\/\/audibax.com\/fr\/"},{"@type":"ListItem","position":2,"name":"Produits","item":"https:\/\/audibax.com\/fr\/shop\/"},{"@type":"ListItem","position":3,"name":"Bar 243 Black"}]},{"@type":"WebSite","@id":"https:\/\/audibax.com\/fr\/#website","url":"https:\/\/audibax.com\/fr\/","name":"Audibax","description":"","publisher":{"@id":"https:\/\/audibax.com\/fr\/#organization"},"potentialAction":[{"@type":"SearchAction","target":{"@type":"EntryPoint","urlTemplate":"https:\/\/audibax.com\/fr\/?s={search_term_string}"},"query-input":{"@type":"PropertyValueSpecification","valueRequired":true,"valueName":"search_term_string"}}],"inLanguage":"fr-FR"},{"@type":"Organization","@id":"https:\/\/audibax.com\/fr\/#organization","name":"Audibax","url":"https:\/\/audibax.com\/fr\/","logo":{"@type":"ImageObject","inLanguage":"fr-FR","@id":"https:\/\/audibax.com\/fr\/#\/schema\/logo\/image\/","url":"https:\/\/audibax.com\/wp-content\/uploads\/2023\/09\/logo-Audibax-BLANCO-SVG-1.svg","contentUrl":"https:\/\/audibax.com\/wp-content\/uploads\/2023\/09\/logo-Audibax-BLANCO-SVG-1.svg","caption":"Audibax"},"image":{"@id":"https:\/\/audibax.com\/fr\/#\/schema\/logo\/image\/"}}]}},"_links":{"self":[{"href":"https:\/\/audibax.com\/fr\/wp-json\/wp\/v2\/product\/36600","targetHints":{"allow":["GET"]}}],"collection":[{"href":"https:\/\/audibax.com\/fr\/wp-json\/wp\/v2\/product"}],"about":[{"href":"https:\/\/audibax.com\/fr\/wp-json\/wp\/v2\/types\/product"}],"replies":[{"embeddable":true,"href":"https:\/\/audibax.com\/fr\/wp-json\/wp\/v2\/comments?post=36600"}],"wp:featuredmedia":[{"embeddable":true,"href":"https:\/\/audibax.com\/fr\/wp-json\/wp\/v2\/media\/17913"}],"wp:attachment":[{"href":"https:\/\/audibax.com\/fr\/wp-json\/wp\/v2\/media?parent=36600"}],"wp:term":[{"taxonomy":"product_cat","embeddable":true,"href":"https:\/\/audibax.com\/fr\/wp-json\/wp\/v2\/product_cat?post=36600"},{"taxonomy":"product_tag","embeddable":true,"href":"https:\/\/audibax.com\/fr\/wp-json\/wp\/v2\/product_tag?post=36600"}],"curies":[{"name":"wp","href":"https:\/\/api.w.org\/{rel}","templated":true}]}}