{"id":36599,"date":"2023-12-11T13:33:28","date_gmt":"2023-12-11T12:33:28","guid":{"rendered":"https:\/\/audibax.com\/product\/bar-252-black-2\/"},"modified":"2024-09-30T16:50:17","modified_gmt":"2024-09-30T14:50:17","slug":"bar-252-black-2","status":"publish","type":"product","link":"https:\/\/audibax.com\/fr\/produit\/bar-252-black-2\/","title":{"rendered":"Bar 252 Black"},"content":{"rendered":"<p>BAR-252\u00a0DMX 8 segments offre de nombreuses possibilit\u00e9s pour obtenir les effets souhait\u00e9s.\u00a0\u00a0\u00a0Il est id\u00e9al pour l&rsquo;\u00e9clairage couleur sur sc\u00e8ne, dans les clubs, les bars, etc. Gr\u00e2ce \u00e0 ses 8 segments fonctionnant ind\u00e9pendamment, il est possible d&rsquo;obtenir des effets excellents et vari\u00e9s. Le m\u00e9lange des couleurs RVB garantit une diversit\u00e9 de couleurs presque illimit\u00e9e. Toutes les fonctions importantes sont command\u00e9es \u00e0 partir de l&rsquo;\u00e9cran LED<\/p>\n<p>&nbsp;<\/p>\n<ul>\n<li>barre LED avec 252 LED de 10 mm + t\u00e9l\u00e9commande IR<\/li>\n<li>Les LED : 252 (84 rouges, 84 vertes, 84 bleues) LEDs de 10mm<\/li>\n<li>Angle de diffusion de 40 degr\u00e9s<\/li>\n<li>8 Segments<\/li>\n<li>Puissance : 36W<\/li>\n<li>Connexions : Entr\u00e9e et sortie DMX 3 broches, entr\u00e9e et sortie tension IEC<\/li>\n<li>Finition aluminium noir<\/li>\n<li>6 modes DMX s\u00e9lectionnables : 2. 3. 4. 7. 14. 26 canaux DMX<\/li>\n<li>Programmes int\u00e9gr\u00e9s, ind\u00e9pendants, mode DMX, musique active, couleur statique<\/li>\n<li>Microphone int\u00e9gr\u00e9<\/li>\n<li>Temp\u00e9rature de travail : Int\u00e9rieur, temp\u00e9rature : -20\u00b0C~ 45\u00b0C, humidit\u00e9 : 0% -90%<\/li>\n<li>Affichage LED pour une utilisation plus facile<\/li>\n<li>Dimensions : 101.5cm X 6cm X 6cm<\/li>\n<li>Poids : 1.69 kg<\/li>\n<li>Finition aluminium noir<\/li>\n<\/ul>\n","protected":false},"excerpt":{"rendered":"<ul>\n<li>Barre LED avec 252 LED de 10mm<\/li>\n<li>Les LED : 252 (84 rouges, 84 vertes, 84 bleues) LEDs de 10mm<\/li>\n<li>Accentage de diffusion de 40 degr\u00e9s<\/li>\n<li>8 Segments<\/li>\n<li>Puissance : 36W<\/li>\n<\/ul>\n","protected":false},"featured_media":16833,"comment_status":"open","ping_status":"closed","template":"","meta":{"_acf_changed":false},"product_cat":[353],"product_tag":[],"class_list":{"0":"post-36599","1":"product","2":"type-product","3":"status-publish","4":"has-post-thumbnail","6":"product_cat-barre-a-led","8":"first","9":"instock","10":"shipping-taxable","11":"product-type-simple"},"acf":[],"yoast_head":"<!-- This site is optimized with the Yoast SEO plugin v27.0 - https:\/\/yoast.com\/product\/yoast-seo-wordpress\/ -->\n<title>Bar 252 Black - Audibax<\/title>\n<meta name=\"robots\" content=\"index, follow, max-snippet:-1, max-image-preview:large, max-video-preview:-1\" \/>\n<link rel=\"canonical\" href=\"https:\/\/audibax.com\/fr\/produit\/bar-252-black-2\/\" \/>\n<meta property=\"og:locale\" content=\"fr_FR\" \/>\n<meta property=\"og:type\" content=\"article\" \/>\n<meta property=\"og:title\" content=\"Bar 252 Black - Audibax\" \/>\n<meta property=\"og:description\" content=\"Barre LED avec 252 LED de 10mm  Les LED : 252 (84 rouges, 84 vertes, 84 bleues) LEDs de 10mm  Accentage de diffusion de 40 degr\u00e9s  8 Segments  Puissance : 36W\" \/>\n<meta property=\"og:url\" content=\"https:\/\/audibax.com\/fr\/produit\/bar-252-black-2\/\" \/>\n<meta property=\"og:site_name\" content=\"Audibax\" \/>\n<meta property=\"article:modified_time\" content=\"2024-09-30T14:50:17+00:00\" \/>\n<meta property=\"og:image\" content=\"https:\/\/audibax.com\/wp-content\/uploads\/2023\/12\/audibax-bar-252-barra-led.jpg\" \/>\n\t<meta property=\"og:image:width\" content=\"1000\" \/>\n\t<meta property=\"og:image:height\" content=\"293\" \/>\n\t<meta property=\"og:image:type\" content=\"image\/jpeg\" \/>\n<meta name=\"twitter:card\" content=\"summary_large_image\" \/>\n<meta name=\"twitter:label1\" content=\"Dur\u00e9e de lecture estim\u00e9e\" \/>\n\t<meta name=\"twitter:data1\" content=\"1 minute\" \/>\n<script type=\"application\/ld+json\" class=\"yoast-schema-graph\">{\"@context\":\"https:\/\/schema.org\",\"@graph\":[{\"@type\":\"WebPage\",\"@id\":\"https:\/\/audibax.com\/fr\/produit\/bar-252-black-2\/\",\"url\":\"https:\/\/audibax.com\/fr\/produit\/bar-252-black-2\/\",\"name\":\"Bar 252 Black - Audibax\",\"isPartOf\":{\"@id\":\"https:\/\/audibax.com\/fr\/#website\"},\"primaryImageOfPage\":{\"@id\":\"https:\/\/audibax.com\/fr\/produit\/bar-252-black-2\/#primaryimage\"},\"image\":{\"@id\":\"https:\/\/audibax.com\/fr\/produit\/bar-252-black-2\/#primaryimage\"},\"thumbnailUrl\":\"https:\/\/audibax.com\/wp-content\/uploads\/2023\/12\/audibax-bar-252-barra-led.jpg\",\"datePublished\":\"2023-12-11T12:33:28+00:00\",\"dateModified\":\"2024-09-30T14:50:17+00:00\",\"breadcrumb\":{\"@id\":\"https:\/\/audibax.com\/fr\/produit\/bar-252-black-2\/#breadcrumb\"},\"inLanguage\":\"fr-FR\",\"potentialAction\":[{\"@type\":\"ReadAction\",\"target\":[\"https:\/\/audibax.com\/fr\/produit\/bar-252-black-2\/\"]}]},{\"@type\":\"ImageObject\",\"inLanguage\":\"fr-FR\",\"@id\":\"https:\/\/audibax.com\/fr\/produit\/bar-252-black-2\/#primaryimage\",\"url\":\"https:\/\/audibax.com\/wp-content\/uploads\/2023\/12\/audibax-bar-252-barra-led.jpg\",\"contentUrl\":\"https:\/\/audibax.com\/wp-content\/uploads\/2023\/12\/audibax-bar-252-barra-led.jpg\",\"width\":1000,\"height\":293},{\"@type\":\"BreadcrumbList\",\"@id\":\"https:\/\/audibax.com\/fr\/produit\/bar-252-black-2\/#breadcrumb\",\"itemListElement\":[{\"@type\":\"ListItem\",\"position\":1,\"name\":\"Portada\",\"item\":\"https:\/\/audibax.com\/fr\/\"},{\"@type\":\"ListItem\",\"position\":2,\"name\":\"Produits\",\"item\":\"https:\/\/audibax.com\/fr\/shop\/\"},{\"@type\":\"ListItem\",\"position\":3,\"name\":\"Bar 252 Black\"}]},{\"@type\":\"WebSite\",\"@id\":\"https:\/\/audibax.com\/fr\/#website\",\"url\":\"https:\/\/audibax.com\/fr\/\",\"name\":\"Audibax\",\"description\":\"\",\"publisher\":{\"@id\":\"https:\/\/audibax.com\/fr\/#organization\"},\"potentialAction\":[{\"@type\":\"SearchAction\",\"target\":{\"@type\":\"EntryPoint\",\"urlTemplate\":\"https:\/\/audibax.com\/fr\/?s={search_term_string}\"},\"query-input\":{\"@type\":\"PropertyValueSpecification\",\"valueRequired\":true,\"valueName\":\"search_term_string\"}}],\"inLanguage\":\"fr-FR\"},{\"@type\":\"Organization\",\"@id\":\"https:\/\/audibax.com\/fr\/#organization\",\"name\":\"Audibax\",\"url\":\"https:\/\/audibax.com\/fr\/\",\"logo\":{\"@type\":\"ImageObject\",\"inLanguage\":\"fr-FR\",\"@id\":\"https:\/\/audibax.com\/fr\/#\/schema\/logo\/image\/\",\"url\":\"https:\/\/audibax.com\/wp-content\/uploads\/2023\/09\/logo-Audibax-BLANCO-SVG-1.svg\",\"contentUrl\":\"https:\/\/audibax.com\/wp-content\/uploads\/2023\/09\/logo-Audibax-BLANCO-SVG-1.svg\",\"caption\":\"Audibax\"},\"image\":{\"@id\":\"https:\/\/audibax.com\/fr\/#\/schema\/logo\/image\/\"}}]}<\/script>\n<!-- \/ Yoast SEO plugin. -->","yoast_head_json":{"title":"Bar 252 Black - Audibax","robots":{"index":"index","follow":"follow","max-snippet":"max-snippet:-1","max-image-preview":"max-image-preview:large","max-video-preview":"max-video-preview:-1"},"canonical":"https:\/\/audibax.com\/fr\/produit\/bar-252-black-2\/","og_locale":"fr_FR","og_type":"article","og_title":"Bar 252 Black - Audibax","og_description":"Barre LED avec 252 LED de 10mm  Les LED : 252 (84 rouges, 84 vertes, 84 bleues) LEDs de 10mm  Accentage de diffusion de 40 degr\u00e9s  8 Segments  Puissance : 36W","og_url":"https:\/\/audibax.com\/fr\/produit\/bar-252-black-2\/","og_site_name":"Audibax","article_modified_time":"2024-09-30T14:50:17+00:00","og_image":[{"width":1000,"height":293,"url":"https:\/\/audibax.com\/wp-content\/uploads\/2023\/12\/audibax-bar-252-barra-led.jpg","type":"image\/jpeg"}],"twitter_card":"summary_large_image","twitter_misc":{"Dur\u00e9e de lecture estim\u00e9e":"1 minute"},"schema":{"@context":"https:\/\/schema.org","@graph":[{"@type":"WebPage","@id":"https:\/\/audibax.com\/fr\/produit\/bar-252-black-2\/","url":"https:\/\/audibax.com\/fr\/produit\/bar-252-black-2\/","name":"Bar 252 Black - Audibax","isPartOf":{"@id":"https:\/\/audibax.com\/fr\/#website"},"primaryImageOfPage":{"@id":"https:\/\/audibax.com\/fr\/produit\/bar-252-black-2\/#primaryimage"},"image":{"@id":"https:\/\/audibax.com\/fr\/produit\/bar-252-black-2\/#primaryimage"},"thumbnailUrl":"https:\/\/audibax.com\/wp-content\/uploads\/2023\/12\/audibax-bar-252-barra-led.jpg","datePublished":"2023-12-11T12:33:28+00:00","dateModified":"2024-09-30T14:50:17+00:00","breadcrumb":{"@id":"https:\/\/audibax.com\/fr\/produit\/bar-252-black-2\/#breadcrumb"},"inLanguage":"fr-FR","potentialAction":[{"@type":"ReadAction","target":["https:\/\/audibax.com\/fr\/produit\/bar-252-black-2\/"]}]},{"@type":"ImageObject","inLanguage":"fr-FR","@id":"https:\/\/audibax.com\/fr\/produit\/bar-252-black-2\/#primaryimage","url":"https:\/\/audibax.com\/wp-content\/uploads\/2023\/12\/audibax-bar-252-barra-led.jpg","contentUrl":"https:\/\/audibax.com\/wp-content\/uploads\/2023\/12\/audibax-bar-252-barra-led.jpg","width":1000,"height":293},{"@type":"BreadcrumbList","@id":"https:\/\/audibax.com\/fr\/produit\/bar-252-black-2\/#breadcrumb","itemListElement":[{"@type":"ListItem","position":1,"name":"Portada","item":"https:\/\/audibax.com\/fr\/"},{"@type":"ListItem","position":2,"name":"Produits","item":"https:\/\/audibax.com\/fr\/shop\/"},{"@type":"ListItem","position":3,"name":"Bar 252 Black"}]},{"@type":"WebSite","@id":"https:\/\/audibax.com\/fr\/#website","url":"https:\/\/audibax.com\/fr\/","name":"Audibax","description":"","publisher":{"@id":"https:\/\/audibax.com\/fr\/#organization"},"potentialAction":[{"@type":"SearchAction","target":{"@type":"EntryPoint","urlTemplate":"https:\/\/audibax.com\/fr\/?s={search_term_string}"},"query-input":{"@type":"PropertyValueSpecification","valueRequired":true,"valueName":"search_term_string"}}],"inLanguage":"fr-FR"},{"@type":"Organization","@id":"https:\/\/audibax.com\/fr\/#organization","name":"Audibax","url":"https:\/\/audibax.com\/fr\/","logo":{"@type":"ImageObject","inLanguage":"fr-FR","@id":"https:\/\/audibax.com\/fr\/#\/schema\/logo\/image\/","url":"https:\/\/audibax.com\/wp-content\/uploads\/2023\/09\/logo-Audibax-BLANCO-SVG-1.svg","contentUrl":"https:\/\/audibax.com\/wp-content\/uploads\/2023\/09\/logo-Audibax-BLANCO-SVG-1.svg","caption":"Audibax"},"image":{"@id":"https:\/\/audibax.com\/fr\/#\/schema\/logo\/image\/"}}]}},"_links":{"self":[{"href":"https:\/\/audibax.com\/fr\/wp-json\/wp\/v2\/product\/36599","targetHints":{"allow":["GET"]}}],"collection":[{"href":"https:\/\/audibax.com\/fr\/wp-json\/wp\/v2\/product"}],"about":[{"href":"https:\/\/audibax.com\/fr\/wp-json\/wp\/v2\/types\/product"}],"replies":[{"embeddable":true,"href":"https:\/\/audibax.com\/fr\/wp-json\/wp\/v2\/comments?post=36599"}],"wp:featuredmedia":[{"embeddable":true,"href":"https:\/\/audibax.com\/fr\/wp-json\/wp\/v2\/media\/16833"}],"wp:attachment":[{"href":"https:\/\/audibax.com\/fr\/wp-json\/wp\/v2\/media?parent=36599"}],"wp:term":[{"taxonomy":"product_cat","embeddable":true,"href":"https:\/\/audibax.com\/fr\/wp-json\/wp\/v2\/product_cat?post=36599"},{"taxonomy":"product_tag","embeddable":true,"href":"https:\/\/audibax.com\/fr\/wp-json\/wp\/v2\/product_tag?post=36599"}],"curies":[{"name":"wp","href":"https:\/\/api.w.org\/{rel}","templated":true}]}}