{"id":36591,"date":"2023-12-11T13:32:51","date_gmt":"2023-12-27T10:55:17","guid":{"rendered":"https:\/\/audibax.com\/product\/control-384-black-2\/"},"modified":"2024-01-05T14:15:39","modified_gmt":"2024-01-05T13:15:39","slug":"control-384-black-2","status":"publish","type":"product","link":"https:\/\/audibax.com\/fr\/produit\/control-384-black-2\/","title":{"rendered":"Control 384 Black"},"content":{"rendered":"<\/p>\n<p><strong>Caract\u00e9ristiques<\/strong><\/strong><\/p>\n<ul>\n<ul>\n<li>Le <strong>Audibax Control 384&nbsp;<\/strong>est un contr\u00f4leur DMX 512 avec 384 canaux DMX.\n<li>Notre <strong>Audibax Control 384&nbsp;<\/strong>est capable de contr\u00f4ler 24 appareils avec 16 canaux DMX chacun.<\/li>\n<li>Il a la capacit\u00e9 de pr\u00e9programmer des poursuites et des s\u00e9quences sur les faders ; en plus de contr\u00f4ler la sc\u00e8ne et le temps de poursuite.<\/li>\n<\/li>\n<li>A l&rsquo;arri\u00e8re, il a des connecteurs XLR \u00e0 3 broches avec verrouillage fait pour l&rsquo;entr\u00e9e et la sortie des donn\u00e9es.<\/li>\n<\/ul>\n<p><strong>Sp\u00e9cifications<\/strong><\/p>\n<ul>\n<li>Nombre de canaux : 384<\/li>\n<li>Contr\u00f4le : 24 appareils de 16 canaux DMX chacun<\/li>\n<li>32 banques de 8 sc\u00e8nes programmables<\/li>\n<li>6 chases de 240 sc\u00e8nes<\/li>\n<li>Contr\u00f4le du temps de sc\u00e8ne et du temps de chase<\/li>\n<li>Programmation : Chases et S\u00e9quences en Fanders<\/li>\n<li>Entr\u00e9e de donn\u00e9es : XLR m\u00e2le 3 broches avec verrouillage<\/li>\n<li>Sortie de donn\u00e9es : XLR femelle 3 broches avec verrouillage<\/li>\n<li>Plage de fonctionnement : DC 9V-12V 500Ma MIN<\/li>\n<li>Protocoles : DMX-512 USITT<\/li>\n<li>Couleur : Noir<\/li>\n<li>Dimensions : 520 x 183 x 73mm<\/li>\n<li>Poids : 3.0Kg<\/li>\n<\/ul>\n<\/ul>\n","protected":false},"excerpt":{"rendered":"<ul>\n<li>Contr\u00f4leur DMX512<\/li>\n<li>Nombre de canaux : 384<\/li>\n<li>Contr\u00f4le : 24 appareils de 16 canaux DMX chacun<\/li>\n<li>32 banques de 8 sc\u00e8nes programmables<\/li>\n<li>6 chases de 240 sc\u00e8nes<\/li>\n<\/ul>\n<p>.<\/p>\n","protected":false},"featured_media":18224,"comment_status":"open","ping_status":"closed","template":"","meta":{"_acf_changed":false},"product_cat":[404],"product_tag":[],"class_list":{"0":"post-36591","1":"product","2":"type-product","3":"status-publish","4":"has-post-thumbnail","6":"product_cat-amplificadores-de-potencia","8":"first","9":"instock","10":"shipping-taxable","11":"product-type-simple"},"acf":[],"yoast_head":"<!-- This site is optimized with the Yoast SEO plugin v27.0 - https:\/\/yoast.com\/product\/yoast-seo-wordpress\/ -->\n<title>Control 384 Black - Audibax<\/title>\n<meta name=\"robots\" content=\"index, follow, max-snippet:-1, max-image-preview:large, max-video-preview:-1\" \/>\n<link rel=\"canonical\" href=\"https:\/\/audibax.com\/fr\/produit\/control-384-black-2\/\" \/>\n<meta property=\"og:locale\" content=\"fr_FR\" \/>\n<meta property=\"og:type\" content=\"article\" \/>\n<meta property=\"og:title\" content=\"Control 384 Black - Audibax\" \/>\n<meta property=\"og:description\" content=\"Contr\u00f4leur DMX512 Nombre de canaux : 384 Contr\u00f4le : 24 appareils de 16 canaux DMX chacun 32 banques de 8 sc\u00e8nes programmables 6 chases de 240 sc\u00e8nes .\" \/>\n<meta property=\"og:url\" content=\"https:\/\/audibax.com\/fr\/produit\/control-384-black-2\/\" \/>\n<meta property=\"og:site_name\" content=\"Audibax\" \/>\n<meta property=\"article:modified_time\" content=\"2024-01-05T13:15:39+00:00\" \/>\n<meta property=\"og:image\" content=\"https:\/\/audibax.com\/wp-content\/uploads\/2023\/12\/Control-384-controlador-DMX-comprar.jpg\" \/>\n\t<meta property=\"og:image:width\" content=\"1500\" \/>\n\t<meta property=\"og:image:height\" content=\"720\" \/>\n\t<meta property=\"og:image:type\" content=\"image\/jpeg\" \/>\n<meta name=\"twitter:card\" content=\"summary_large_image\" \/>\n<meta name=\"twitter:label1\" content=\"Dur\u00e9e de lecture estim\u00e9e\" \/>\n\t<meta name=\"twitter:data1\" content=\"1 minute\" \/>\n<script type=\"application\/ld+json\" class=\"yoast-schema-graph\">{\"@context\":\"https:\/\/schema.org\",\"@graph\":[{\"@type\":\"WebPage\",\"@id\":\"https:\/\/audibax.com\/fr\/produit\/control-384-black-2\/\",\"url\":\"https:\/\/audibax.com\/fr\/produit\/control-384-black-2\/\",\"name\":\"Control 384 Black - Audibax\",\"isPartOf\":{\"@id\":\"https:\/\/audibax.com\/fr\/#website\"},\"primaryImageOfPage\":{\"@id\":\"https:\/\/audibax.com\/fr\/produit\/control-384-black-2\/#primaryimage\"},\"image\":{\"@id\":\"https:\/\/audibax.com\/fr\/produit\/control-384-black-2\/#primaryimage\"},\"thumbnailUrl\":\"https:\/\/audibax.com\/wp-content\/uploads\/2023\/12\/Control-384-controlador-DMX-comprar.jpg\",\"datePublished\":\"2023-12-27T10:55:17+00:00\",\"dateModified\":\"2024-01-05T13:15:39+00:00\",\"breadcrumb\":{\"@id\":\"https:\/\/audibax.com\/fr\/produit\/control-384-black-2\/#breadcrumb\"},\"inLanguage\":\"fr-FR\",\"potentialAction\":[{\"@type\":\"ReadAction\",\"target\":[\"https:\/\/audibax.com\/fr\/produit\/control-384-black-2\/\"]}]},{\"@type\":\"ImageObject\",\"inLanguage\":\"fr-FR\",\"@id\":\"https:\/\/audibax.com\/fr\/produit\/control-384-black-2\/#primaryimage\",\"url\":\"https:\/\/audibax.com\/wp-content\/uploads\/2023\/12\/Control-384-controlador-DMX-comprar.jpg\",\"contentUrl\":\"https:\/\/audibax.com\/wp-content\/uploads\/2023\/12\/Control-384-controlador-DMX-comprar.jpg\",\"width\":1500,\"height\":720},{\"@type\":\"BreadcrumbList\",\"@id\":\"https:\/\/audibax.com\/fr\/produit\/control-384-black-2\/#breadcrumb\",\"itemListElement\":[{\"@type\":\"ListItem\",\"position\":1,\"name\":\"Portada\",\"item\":\"https:\/\/audibax.com\/fr\/\"},{\"@type\":\"ListItem\",\"position\":2,\"name\":\"Produits\",\"item\":\"https:\/\/audibax.com\/fr\/shop\/\"},{\"@type\":\"ListItem\",\"position\":3,\"name\":\"Control 384 Black\"}]},{\"@type\":\"WebSite\",\"@id\":\"https:\/\/audibax.com\/fr\/#website\",\"url\":\"https:\/\/audibax.com\/fr\/\",\"name\":\"Audibax\",\"description\":\"\",\"publisher\":{\"@id\":\"https:\/\/audibax.com\/fr\/#organization\"},\"potentialAction\":[{\"@type\":\"SearchAction\",\"target\":{\"@type\":\"EntryPoint\",\"urlTemplate\":\"https:\/\/audibax.com\/fr\/?s={search_term_string}\"},\"query-input\":{\"@type\":\"PropertyValueSpecification\",\"valueRequired\":true,\"valueName\":\"search_term_string\"}}],\"inLanguage\":\"fr-FR\"},{\"@type\":\"Organization\",\"@id\":\"https:\/\/audibax.com\/fr\/#organization\",\"name\":\"Audibax\",\"url\":\"https:\/\/audibax.com\/fr\/\",\"logo\":{\"@type\":\"ImageObject\",\"inLanguage\":\"fr-FR\",\"@id\":\"https:\/\/audibax.com\/fr\/#\/schema\/logo\/image\/\",\"url\":\"https:\/\/audibax.com\/wp-content\/uploads\/2023\/09\/logo-Audibax-BLANCO-SVG-1.svg\",\"contentUrl\":\"https:\/\/audibax.com\/wp-content\/uploads\/2023\/09\/logo-Audibax-BLANCO-SVG-1.svg\",\"caption\":\"Audibax\"},\"image\":{\"@id\":\"https:\/\/audibax.com\/fr\/#\/schema\/logo\/image\/\"}}]}<\/script>\n<!-- \/ Yoast SEO plugin. -->","yoast_head_json":{"title":"Control 384 Black - Audibax","robots":{"index":"index","follow":"follow","max-snippet":"max-snippet:-1","max-image-preview":"max-image-preview:large","max-video-preview":"max-video-preview:-1"},"canonical":"https:\/\/audibax.com\/fr\/produit\/control-384-black-2\/","og_locale":"fr_FR","og_type":"article","og_title":"Control 384 Black - Audibax","og_description":"Contr\u00f4leur DMX512 Nombre de canaux : 384 Contr\u00f4le : 24 appareils de 16 canaux DMX chacun 32 banques de 8 sc\u00e8nes programmables 6 chases de 240 sc\u00e8nes .","og_url":"https:\/\/audibax.com\/fr\/produit\/control-384-black-2\/","og_site_name":"Audibax","article_modified_time":"2024-01-05T13:15:39+00:00","og_image":[{"width":1500,"height":720,"url":"https:\/\/audibax.com\/wp-content\/uploads\/2023\/12\/Control-384-controlador-DMX-comprar.jpg","type":"image\/jpeg"}],"twitter_card":"summary_large_image","twitter_misc":{"Dur\u00e9e de lecture estim\u00e9e":"1 minute"},"schema":{"@context":"https:\/\/schema.org","@graph":[{"@type":"WebPage","@id":"https:\/\/audibax.com\/fr\/produit\/control-384-black-2\/","url":"https:\/\/audibax.com\/fr\/produit\/control-384-black-2\/","name":"Control 384 Black - Audibax","isPartOf":{"@id":"https:\/\/audibax.com\/fr\/#website"},"primaryImageOfPage":{"@id":"https:\/\/audibax.com\/fr\/produit\/control-384-black-2\/#primaryimage"},"image":{"@id":"https:\/\/audibax.com\/fr\/produit\/control-384-black-2\/#primaryimage"},"thumbnailUrl":"https:\/\/audibax.com\/wp-content\/uploads\/2023\/12\/Control-384-controlador-DMX-comprar.jpg","datePublished":"2023-12-27T10:55:17+00:00","dateModified":"2024-01-05T13:15:39+00:00","breadcrumb":{"@id":"https:\/\/audibax.com\/fr\/produit\/control-384-black-2\/#breadcrumb"},"inLanguage":"fr-FR","potentialAction":[{"@type":"ReadAction","target":["https:\/\/audibax.com\/fr\/produit\/control-384-black-2\/"]}]},{"@type":"ImageObject","inLanguage":"fr-FR","@id":"https:\/\/audibax.com\/fr\/produit\/control-384-black-2\/#primaryimage","url":"https:\/\/audibax.com\/wp-content\/uploads\/2023\/12\/Control-384-controlador-DMX-comprar.jpg","contentUrl":"https:\/\/audibax.com\/wp-content\/uploads\/2023\/12\/Control-384-controlador-DMX-comprar.jpg","width":1500,"height":720},{"@type":"BreadcrumbList","@id":"https:\/\/audibax.com\/fr\/produit\/control-384-black-2\/#breadcrumb","itemListElement":[{"@type":"ListItem","position":1,"name":"Portada","item":"https:\/\/audibax.com\/fr\/"},{"@type":"ListItem","position":2,"name":"Produits","item":"https:\/\/audibax.com\/fr\/shop\/"},{"@type":"ListItem","position":3,"name":"Control 384 Black"}]},{"@type":"WebSite","@id":"https:\/\/audibax.com\/fr\/#website","url":"https:\/\/audibax.com\/fr\/","name":"Audibax","description":"","publisher":{"@id":"https:\/\/audibax.com\/fr\/#organization"},"potentialAction":[{"@type":"SearchAction","target":{"@type":"EntryPoint","urlTemplate":"https:\/\/audibax.com\/fr\/?s={search_term_string}"},"query-input":{"@type":"PropertyValueSpecification","valueRequired":true,"valueName":"search_term_string"}}],"inLanguage":"fr-FR"},{"@type":"Organization","@id":"https:\/\/audibax.com\/fr\/#organization","name":"Audibax","url":"https:\/\/audibax.com\/fr\/","logo":{"@type":"ImageObject","inLanguage":"fr-FR","@id":"https:\/\/audibax.com\/fr\/#\/schema\/logo\/image\/","url":"https:\/\/audibax.com\/wp-content\/uploads\/2023\/09\/logo-Audibax-BLANCO-SVG-1.svg","contentUrl":"https:\/\/audibax.com\/wp-content\/uploads\/2023\/09\/logo-Audibax-BLANCO-SVG-1.svg","caption":"Audibax"},"image":{"@id":"https:\/\/audibax.com\/fr\/#\/schema\/logo\/image\/"}}]}},"_links":{"self":[{"href":"https:\/\/audibax.com\/fr\/wp-json\/wp\/v2\/product\/36591","targetHints":{"allow":["GET"]}}],"collection":[{"href":"https:\/\/audibax.com\/fr\/wp-json\/wp\/v2\/product"}],"about":[{"href":"https:\/\/audibax.com\/fr\/wp-json\/wp\/v2\/types\/product"}],"replies":[{"embeddable":true,"href":"https:\/\/audibax.com\/fr\/wp-json\/wp\/v2\/comments?post=36591"}],"wp:featuredmedia":[{"embeddable":true,"href":"https:\/\/audibax.com\/fr\/wp-json\/wp\/v2\/media\/18224"}],"wp:attachment":[{"href":"https:\/\/audibax.com\/fr\/wp-json\/wp\/v2\/media?parent=36591"}],"wp:term":[{"taxonomy":"product_cat","embeddable":true,"href":"https:\/\/audibax.com\/fr\/wp-json\/wp\/v2\/product_cat?post=36591"},{"taxonomy":"product_tag","embeddable":true,"href":"https:\/\/audibax.com\/fr\/wp-json\/wp\/v2\/product_tag?post=36591"}],"curies":[{"name":"wp","href":"https:\/\/api.w.org\/{rel}","templated":true}]}}