{"id":36582,"date":"2023-12-11T16:34:57","date_gmt":"2023-12-11T15:34:57","guid":{"rendered":"https:\/\/audibax.com\/product\/acp-4852100sk-2\/"},"modified":"2024-07-15T15:51:09","modified_gmt":"2024-07-15T13:51:09","slug":"acp-4852100sk-2","status":"publish","type":"product","link":"https:\/\/audibax.com\/fr\/produit\/acp-4852100sk-2\/","title":{"rendered":"ACP-4852100S+K"},"content":{"rendered":"<p><strong>Audibax ACP-4852100S+K<\/strong><\/p>\n<p>L&rsquo;Audibax ACP-4852100S+K est une pince pour armature en aluminium tr\u00e8s r\u00e9sistante, avec tirette incluse pour un ajustement facile et s\u00fbr. Elle est con\u00e7ue pour fixer et soulever le mat\u00e9riel d&rsquo;\u00e9clairage, les haut-parleurs, les \u00e9crans et autres dispositifs lors d&rsquo;\u00e9v\u00e9nements en direct, de concerts, de pr\u00e9sentations ou de productions audiovisuelles. C&rsquo;est un moyen s\u00fbr et stable de monter et de suspendre des \u00e9quipements sur des structures en treillis, ce qui permet d&rsquo;optimiser l&rsquo;espace et d&rsquo;am\u00e9liorer la visibilit\u00e9 et l&rsquo;intensit\u00e9 sonore sur sc\u00e8ne. Son ancrage et sa fixation rapides et faciles gr\u00e2ce \u00e0 un \u00e9crou et un boulon \u00e0 double s\u00e9curit\u00e9, ainsi que l&rsquo;incorporation d&rsquo;une poign\u00e9e, associ\u00e9s \u00e0 ses mat\u00e9riaux de haute qualit\u00e9, en font le choix le plus fiable pour votre \u00e9quipement.<\/p>\n<ul>\n<li>T\u00dcV qualit\u00e9 certifi\u00e9e<\/li>\n<li>Mat\u00e9riau : Aluminium<\/li>\n<li>Diam\u00e8tre : 48-52 mm<\/li>\n<li>Charge de travail s\u00e9curis\u00e9e (SWL) : Jusqu&rsquo;\u00e0 100 kg<\/li>\n<li>Couleur : Argent<\/li>\n<li>Poids du produit : 0.23 kg<\/li>\n<\/ul>\n<p>*Note d&rsquo;erreur : les informations figurant sur l&#8217;emballage du produit ne correspondent pas aux mesures du produit r\u00e9el.<\/p>\n","protected":false},"excerpt":{"rendered":"<ul>\n<li>T\u00dcV qualit\u00e9 certifi\u00e9e<\/li>\n<li>Mat\u00e9riau : Aluminium<\/li>\n<li>Diam\u00e8tre : 48-52 mm<\/li>\n<li>Charge de travail s\u00e9curis\u00e9e (SWL) : Jusqu&rsquo;\u00e0 100 kg<\/li>\n<li>Couleur : Argent<\/li>\n<li>Poids du produit : 0.23 kg<\/li>\n<\/ul>\n<p>*Note d&rsquo;erreur : les informations figurant sur l&#8217;emballage du produit ne correspondent pas aux mesures du produit r\u00e9el.<\/p>\n","protected":false},"featured_media":16527,"comment_status":"open","ping_status":"closed","template":"","meta":{"_acf_changed":false},"product_cat":[614],"product_tag":[],"class_list":{"0":"post-36582","1":"product","2":"type-product","3":"status-publish","4":"has-post-thumbnail","6":"product_cat-accessoires-pour-poutrelles","8":"first","9":"instock","10":"shipping-taxable","11":"product-type-simple"},"acf":[],"yoast_head":"<!-- This site is optimized with the Yoast SEO plugin v27.0 - https:\/\/yoast.com\/product\/yoast-seo-wordpress\/ -->\n<title>ACP-4852100S+K - Audibax<\/title>\n<meta name=\"robots\" content=\"index, follow, max-snippet:-1, max-image-preview:large, max-video-preview:-1\" \/>\n<link rel=\"canonical\" href=\"https:\/\/audibax.com\/fr\/produit\/acp-4852100sk-2\/\" \/>\n<meta property=\"og:locale\" content=\"fr_FR\" \/>\n<meta property=\"og:type\" content=\"article\" \/>\n<meta property=\"og:title\" content=\"ACP-4852100S+K - Audibax\" \/>\n<meta property=\"og:description\" content=\"T\u00dcV qualit\u00e9 certifi\u00e9e  Mat\u00e9riau : Aluminium  Diam\u00e8tre : 48-52 mm  Charge de travail s\u00e9curis\u00e9e (SWL) : Jusqu&#039;\u00e0 100 kg  Couleur : Argent  Poids du produit : 0.23 kg  *Note d&#039;erreur : les informations figurant sur l&#039;emballage du produit ne correspondent pas aux mesures du produit r\u00e9el.\" \/>\n<meta property=\"og:url\" content=\"https:\/\/audibax.com\/fr\/produit\/acp-4852100sk-2\/\" \/>\n<meta property=\"og:site_name\" content=\"Audibax\" \/>\n<meta property=\"article:modified_time\" content=\"2024-07-15T13:51:09+00:00\" \/>\n<meta property=\"og:image\" content=\"https:\/\/audibax.com\/wp-content\/uploads\/2023\/12\/Audibax-ACP-4852100SK-1.jpg\" \/>\n\t<meta property=\"og:image:width\" content=\"1000\" \/>\n\t<meta property=\"og:image:height\" content=\"500\" \/>\n\t<meta property=\"og:image:type\" content=\"image\/jpeg\" \/>\n<meta name=\"twitter:card\" content=\"summary_large_image\" \/>\n<meta name=\"twitter:label1\" content=\"Dur\u00e9e de lecture estim\u00e9e\" \/>\n\t<meta name=\"twitter:data1\" content=\"1 minute\" \/>\n<script type=\"application\/ld+json\" class=\"yoast-schema-graph\">{\"@context\":\"https:\/\/schema.org\",\"@graph\":[{\"@type\":\"WebPage\",\"@id\":\"https:\/\/audibax.com\/fr\/produit\/acp-4852100sk-2\/\",\"url\":\"https:\/\/audibax.com\/fr\/produit\/acp-4852100sk-2\/\",\"name\":\"ACP-4852100S+K - Audibax\",\"isPartOf\":{\"@id\":\"https:\/\/audibax.com\/fr\/#website\"},\"primaryImageOfPage\":{\"@id\":\"https:\/\/audibax.com\/fr\/produit\/acp-4852100sk-2\/#primaryimage\"},\"image\":{\"@id\":\"https:\/\/audibax.com\/fr\/produit\/acp-4852100sk-2\/#primaryimage\"},\"thumbnailUrl\":\"https:\/\/audibax.com\/wp-content\/uploads\/2023\/12\/Audibax-ACP-4852100SK-1.jpg\",\"datePublished\":\"2023-12-11T15:34:57+00:00\",\"dateModified\":\"2024-07-15T13:51:09+00:00\",\"breadcrumb\":{\"@id\":\"https:\/\/audibax.com\/fr\/produit\/acp-4852100sk-2\/#breadcrumb\"},\"inLanguage\":\"fr-FR\",\"potentialAction\":[{\"@type\":\"ReadAction\",\"target\":[\"https:\/\/audibax.com\/fr\/produit\/acp-4852100sk-2\/\"]}]},{\"@type\":\"ImageObject\",\"inLanguage\":\"fr-FR\",\"@id\":\"https:\/\/audibax.com\/fr\/produit\/acp-4852100sk-2\/#primaryimage\",\"url\":\"https:\/\/audibax.com\/wp-content\/uploads\/2023\/12\/Audibax-ACP-4852100SK-1.jpg\",\"contentUrl\":\"https:\/\/audibax.com\/wp-content\/uploads\/2023\/12\/Audibax-ACP-4852100SK-1.jpg\",\"width\":1000,\"height\":500},{\"@type\":\"BreadcrumbList\",\"@id\":\"https:\/\/audibax.com\/fr\/produit\/acp-4852100sk-2\/#breadcrumb\",\"itemListElement\":[{\"@type\":\"ListItem\",\"position\":1,\"name\":\"Portada\",\"item\":\"https:\/\/audibax.com\/fr\/\"},{\"@type\":\"ListItem\",\"position\":2,\"name\":\"Produits\",\"item\":\"https:\/\/audibax.com\/fr\/shop\/\"},{\"@type\":\"ListItem\",\"position\":3,\"name\":\"ACP-4852100S+K\"}]},{\"@type\":\"WebSite\",\"@id\":\"https:\/\/audibax.com\/fr\/#website\",\"url\":\"https:\/\/audibax.com\/fr\/\",\"name\":\"Audibax\",\"description\":\"\",\"publisher\":{\"@id\":\"https:\/\/audibax.com\/fr\/#organization\"},\"potentialAction\":[{\"@type\":\"SearchAction\",\"target\":{\"@type\":\"EntryPoint\",\"urlTemplate\":\"https:\/\/audibax.com\/fr\/?s={search_term_string}\"},\"query-input\":{\"@type\":\"PropertyValueSpecification\",\"valueRequired\":true,\"valueName\":\"search_term_string\"}}],\"inLanguage\":\"fr-FR\"},{\"@type\":\"Organization\",\"@id\":\"https:\/\/audibax.com\/fr\/#organization\",\"name\":\"Audibax\",\"url\":\"https:\/\/audibax.com\/fr\/\",\"logo\":{\"@type\":\"ImageObject\",\"inLanguage\":\"fr-FR\",\"@id\":\"https:\/\/audibax.com\/fr\/#\/schema\/logo\/image\/\",\"url\":\"https:\/\/audibax.com\/wp-content\/uploads\/2023\/09\/logo-Audibax-BLANCO-SVG-1.svg\",\"contentUrl\":\"https:\/\/audibax.com\/wp-content\/uploads\/2023\/09\/logo-Audibax-BLANCO-SVG-1.svg\",\"caption\":\"Audibax\"},\"image\":{\"@id\":\"https:\/\/audibax.com\/fr\/#\/schema\/logo\/image\/\"}}]}<\/script>\n<!-- \/ Yoast SEO plugin. -->","yoast_head_json":{"title":"ACP-4852100S+K - Audibax","robots":{"index":"index","follow":"follow","max-snippet":"max-snippet:-1","max-image-preview":"max-image-preview:large","max-video-preview":"max-video-preview:-1"},"canonical":"https:\/\/audibax.com\/fr\/produit\/acp-4852100sk-2\/","og_locale":"fr_FR","og_type":"article","og_title":"ACP-4852100S+K - Audibax","og_description":"T\u00dcV qualit\u00e9 certifi\u00e9e  Mat\u00e9riau : Aluminium  Diam\u00e8tre : 48-52 mm  Charge de travail s\u00e9curis\u00e9e (SWL) : Jusqu'\u00e0 100 kg  Couleur : Argent  Poids du produit : 0.23 kg  *Note d'erreur : les informations figurant sur l'emballage du produit ne correspondent pas aux mesures du produit r\u00e9el.","og_url":"https:\/\/audibax.com\/fr\/produit\/acp-4852100sk-2\/","og_site_name":"Audibax","article_modified_time":"2024-07-15T13:51:09+00:00","og_image":[{"width":1000,"height":500,"url":"https:\/\/audibax.com\/wp-content\/uploads\/2023\/12\/Audibax-ACP-4852100SK-1.jpg","type":"image\/jpeg"}],"twitter_card":"summary_large_image","twitter_misc":{"Dur\u00e9e de lecture estim\u00e9e":"1 minute"},"schema":{"@context":"https:\/\/schema.org","@graph":[{"@type":"WebPage","@id":"https:\/\/audibax.com\/fr\/produit\/acp-4852100sk-2\/","url":"https:\/\/audibax.com\/fr\/produit\/acp-4852100sk-2\/","name":"ACP-4852100S+K - Audibax","isPartOf":{"@id":"https:\/\/audibax.com\/fr\/#website"},"primaryImageOfPage":{"@id":"https:\/\/audibax.com\/fr\/produit\/acp-4852100sk-2\/#primaryimage"},"image":{"@id":"https:\/\/audibax.com\/fr\/produit\/acp-4852100sk-2\/#primaryimage"},"thumbnailUrl":"https:\/\/audibax.com\/wp-content\/uploads\/2023\/12\/Audibax-ACP-4852100SK-1.jpg","datePublished":"2023-12-11T15:34:57+00:00","dateModified":"2024-07-15T13:51:09+00:00","breadcrumb":{"@id":"https:\/\/audibax.com\/fr\/produit\/acp-4852100sk-2\/#breadcrumb"},"inLanguage":"fr-FR","potentialAction":[{"@type":"ReadAction","target":["https:\/\/audibax.com\/fr\/produit\/acp-4852100sk-2\/"]}]},{"@type":"ImageObject","inLanguage":"fr-FR","@id":"https:\/\/audibax.com\/fr\/produit\/acp-4852100sk-2\/#primaryimage","url":"https:\/\/audibax.com\/wp-content\/uploads\/2023\/12\/Audibax-ACP-4852100SK-1.jpg","contentUrl":"https:\/\/audibax.com\/wp-content\/uploads\/2023\/12\/Audibax-ACP-4852100SK-1.jpg","width":1000,"height":500},{"@type":"BreadcrumbList","@id":"https:\/\/audibax.com\/fr\/produit\/acp-4852100sk-2\/#breadcrumb","itemListElement":[{"@type":"ListItem","position":1,"name":"Portada","item":"https:\/\/audibax.com\/fr\/"},{"@type":"ListItem","position":2,"name":"Produits","item":"https:\/\/audibax.com\/fr\/shop\/"},{"@type":"ListItem","position":3,"name":"ACP-4852100S+K"}]},{"@type":"WebSite","@id":"https:\/\/audibax.com\/fr\/#website","url":"https:\/\/audibax.com\/fr\/","name":"Audibax","description":"","publisher":{"@id":"https:\/\/audibax.com\/fr\/#organization"},"potentialAction":[{"@type":"SearchAction","target":{"@type":"EntryPoint","urlTemplate":"https:\/\/audibax.com\/fr\/?s={search_term_string}"},"query-input":{"@type":"PropertyValueSpecification","valueRequired":true,"valueName":"search_term_string"}}],"inLanguage":"fr-FR"},{"@type":"Organization","@id":"https:\/\/audibax.com\/fr\/#organization","name":"Audibax","url":"https:\/\/audibax.com\/fr\/","logo":{"@type":"ImageObject","inLanguage":"fr-FR","@id":"https:\/\/audibax.com\/fr\/#\/schema\/logo\/image\/","url":"https:\/\/audibax.com\/wp-content\/uploads\/2023\/09\/logo-Audibax-BLANCO-SVG-1.svg","contentUrl":"https:\/\/audibax.com\/wp-content\/uploads\/2023\/09\/logo-Audibax-BLANCO-SVG-1.svg","caption":"Audibax"},"image":{"@id":"https:\/\/audibax.com\/fr\/#\/schema\/logo\/image\/"}}]}},"_links":{"self":[{"href":"https:\/\/audibax.com\/fr\/wp-json\/wp\/v2\/product\/36582","targetHints":{"allow":["GET"]}}],"collection":[{"href":"https:\/\/audibax.com\/fr\/wp-json\/wp\/v2\/product"}],"about":[{"href":"https:\/\/audibax.com\/fr\/wp-json\/wp\/v2\/types\/product"}],"replies":[{"embeddable":true,"href":"https:\/\/audibax.com\/fr\/wp-json\/wp\/v2\/comments?post=36582"}],"wp:featuredmedia":[{"embeddable":true,"href":"https:\/\/audibax.com\/fr\/wp-json\/wp\/v2\/media\/16527"}],"wp:attachment":[{"href":"https:\/\/audibax.com\/fr\/wp-json\/wp\/v2\/media?parent=36582"}],"wp:term":[{"taxonomy":"product_cat","embeddable":true,"href":"https:\/\/audibax.com\/fr\/wp-json\/wp\/v2\/product_cat?post=36582"},{"taxonomy":"product_tag","embeddable":true,"href":"https:\/\/audibax.com\/fr\/wp-json\/wp\/v2\/product_tag?post=36582"}],"curies":[{"name":"wp","href":"https:\/\/api.w.org\/{rel}","templated":true}]}}