{"id":36577,"date":"2023-12-11T13:31:29","date_gmt":"2023-12-11T12:31:29","guid":{"rendered":"https:\/\/audibax.com\/product\/ha4000-v2-black-2\/"},"modified":"2025-09-30T17:14:46","modified_gmt":"2025-09-30T15:14:46","slug":"ha4000-v2-black-2","status":"publish","type":"product","link":"https:\/\/audibax.com\/fr\/produit\/ha4000-v2-black-2\/","title":{"rendered":"HA4000 v2 Black"},"content":{"rendered":"<\/p>\n<p><strong>Audibax HA4000 v2 Amplificateur de casque<\/strong><\/strong><\/p>\n<p>Le <strong>Audibax HA4000 v2<\/strong> est un amplificateur de casque multicanal extr\u00eamement compact et de grande puissance. Aliment\u00e9 par un adaptateur DC, il dispose de quatre amplificateurs de casque haute puissance contr\u00f4lables ind\u00e9pendamment. Il est dot\u00e9 d&rsquo;un commutateur st\u00e9r\u00e9o\/mono pour une utilisation en cas de besoin. Cet amplificateur est id\u00e9al pour tous les types de casques, car il maintient toujours la meilleure qualit\u00e9 audio, m\u00eame au volume maximum.<\/p>\n<p>&nbsp;<\/p>\n<p>Combien de fois avez-vous voulu \u00e9couter le mixage ou la lecture au casque en m\u00eame temps qu&rsquo;une autre personne, mais ce n&rsquo;\u00e9tait pas possible ? <br \/> Avec le HA4000 v2, vous avez la solution parfaite ! Il permet \u00e0 4 personnes diff\u00e9rentes d&rsquo;\u00e9couter le mix principal pendant l&rsquo;enregistrement et, de plus, chaque auditeur peut r\u00e9gler le niveau de volume \u00e0 son go\u00fbt ind\u00e9pendamment des autres casques.<\/p>\n<p><h2>Sp\u00e9cifications techniques<\/h2>\n<p>&nbsp;<\/p>\n<p>&nbsp;<\/p>\n<p>Sp\u00e9cifications techniques<\/h2>\n<p>.nbsp;<\/p>\n<ul>\n<li>Amplificateur de casque \u00e0 4 canaux<\/li>\n<li>Mesures : 6cm (profondeur) x 10.5cm (largeur) x 3.5cm (hauteur)<\/li>\n<li>Connecteur d&rsquo;entr\u00e9e : 3.5mm, RCA<\/li>\n<li>Imp\u00e9dance d&rsquo;entr\u00e9e : 1000k ohm<\/li>\n<li>Sortie maximale : +22dB<\/li>\n<li>Connecteur de sortie : 6.3mm st\u00e9r\u00e9o<\/li>\n<li>Imp\u00e9dance de sortie : min. 10ohm chaque canal<\/li>\n<li>Gain max : 20dB chaque canal<\/li>\n<li>Rapport signal\/bruit : &gt;98dB<\/li>\n<li>Alimentation : Adaptateur 12-18v DC<\/li>\n<\/ul>\n<li>Alimentation : Adaptateur 12-18v DC<\/li>\n<\/ul>\n<li>Alimentation.<br \/>\n","protected":false},"excerpt":{"rendered":"<\/p>\n<p>Amplificateur de casque \u00e0 4 canaux<\/p>\n<p>Amplificateur de casque<\/p>\n<p>Amplificateur de casque \u00e0 4 canaux<\/p>\n","protected":false},"featured_media":16467,"comment_status":"open","ping_status":"closed","template":"","meta":{"_acf_changed":false},"product_cat":[347],"product_tag":[],"class_list":{"0":"post-36577","1":"product","2":"type-product","3":"status-publish","4":"has-post-thumbnail","6":"product_cat-amplificateurs-pour-casque-decoute","8":"first","9":"instock","10":"shipping-taxable","11":"product-type-simple"},"acf":[],"yoast_head":"<!-- This site is optimized with the Yoast SEO plugin v27.0 - https:\/\/yoast.com\/product\/yoast-seo-wordpress\/ -->\n<title>HA4000 v2 Black - Audibax<\/title>\n<meta name=\"robots\" content=\"index, follow, max-snippet:-1, max-image-preview:large, max-video-preview:-1\" \/>\n<link rel=\"canonical\" href=\"https:\/\/audibax.com\/fr\/produit\/ha4000-v2-black-2\/\" \/>\n<meta property=\"og:locale\" content=\"fr_FR\" \/>\n<meta property=\"og:type\" content=\"article\" \/>\n<meta property=\"og:title\" content=\"HA4000 v2 Black - Audibax\" \/>\n<meta property=\"og:description\" content=\"Amplificateur de casque \u00e0 4 canaux Amplificateur de casque Amplificateur de casque \u00e0 4 canaux\" \/>\n<meta property=\"og:url\" content=\"https:\/\/audibax.com\/fr\/produit\/ha4000-v2-black-2\/\" \/>\n<meta property=\"og:site_name\" content=\"Audibax\" \/>\n<meta property=\"article:modified_time\" content=\"2025-09-30T15:14:46+00:00\" \/>\n<meta property=\"og:image\" content=\"https:\/\/audibax.com\/wp-content\/uploads\/2023\/12\/amplificador-auricular-ha4000-v2-audibax.png\" \/>\n\t<meta property=\"og:image:width\" content=\"1000\" \/>\n\t<meta property=\"og:image:height\" content=\"500\" \/>\n\t<meta property=\"og:image:type\" content=\"image\/png\" \/>\n<meta name=\"twitter:card\" content=\"summary_large_image\" \/>\n<meta name=\"twitter:label1\" content=\"Dur\u00e9e de lecture estim\u00e9e\" \/>\n\t<meta name=\"twitter:data1\" content=\"2 minutes\" \/>\n<script type=\"application\/ld+json\" class=\"yoast-schema-graph\">{\"@context\":\"https:\/\/schema.org\",\"@graph\":[{\"@type\":\"WebPage\",\"@id\":\"https:\/\/audibax.com\/fr\/produit\/ha4000-v2-black-2\/\",\"url\":\"https:\/\/audibax.com\/fr\/produit\/ha4000-v2-black-2\/\",\"name\":\"HA4000 v2 Black - Audibax\",\"isPartOf\":{\"@id\":\"https:\/\/audibax.com\/fr\/#website\"},\"primaryImageOfPage\":{\"@id\":\"https:\/\/audibax.com\/fr\/produit\/ha4000-v2-black-2\/#primaryimage\"},\"image\":{\"@id\":\"https:\/\/audibax.com\/fr\/produit\/ha4000-v2-black-2\/#primaryimage\"},\"thumbnailUrl\":\"https:\/\/audibax.com\/wp-content\/uploads\/2023\/12\/amplificador-auricular-ha4000-v2-audibax.png\",\"datePublished\":\"2023-12-11T12:31:29+00:00\",\"dateModified\":\"2025-09-30T15:14:46+00:00\",\"breadcrumb\":{\"@id\":\"https:\/\/audibax.com\/fr\/produit\/ha4000-v2-black-2\/#breadcrumb\"},\"inLanguage\":\"fr-FR\",\"potentialAction\":[{\"@type\":\"ReadAction\",\"target\":[\"https:\/\/audibax.com\/fr\/produit\/ha4000-v2-black-2\/\"]}]},{\"@type\":\"ImageObject\",\"inLanguage\":\"fr-FR\",\"@id\":\"https:\/\/audibax.com\/fr\/produit\/ha4000-v2-black-2\/#primaryimage\",\"url\":\"https:\/\/audibax.com\/wp-content\/uploads\/2023\/12\/amplificador-auricular-ha4000-v2-audibax.png\",\"contentUrl\":\"https:\/\/audibax.com\/wp-content\/uploads\/2023\/12\/amplificador-auricular-ha4000-v2-audibax.png\",\"width\":1000,\"height\":500},{\"@type\":\"BreadcrumbList\",\"@id\":\"https:\/\/audibax.com\/fr\/produit\/ha4000-v2-black-2\/#breadcrumb\",\"itemListElement\":[{\"@type\":\"ListItem\",\"position\":1,\"name\":\"Portada\",\"item\":\"https:\/\/audibax.com\/fr\/\"},{\"@type\":\"ListItem\",\"position\":2,\"name\":\"Produits\",\"item\":\"https:\/\/audibax.com\/fr\/shop\/\"},{\"@type\":\"ListItem\",\"position\":3,\"name\":\"HA4000 v2 Black\"}]},{\"@type\":\"WebSite\",\"@id\":\"https:\/\/audibax.com\/fr\/#website\",\"url\":\"https:\/\/audibax.com\/fr\/\",\"name\":\"Audibax\",\"description\":\"\",\"publisher\":{\"@id\":\"https:\/\/audibax.com\/fr\/#organization\"},\"potentialAction\":[{\"@type\":\"SearchAction\",\"target\":{\"@type\":\"EntryPoint\",\"urlTemplate\":\"https:\/\/audibax.com\/fr\/?s={search_term_string}\"},\"query-input\":{\"@type\":\"PropertyValueSpecification\",\"valueRequired\":true,\"valueName\":\"search_term_string\"}}],\"inLanguage\":\"fr-FR\"},{\"@type\":\"Organization\",\"@id\":\"https:\/\/audibax.com\/fr\/#organization\",\"name\":\"Audibax\",\"url\":\"https:\/\/audibax.com\/fr\/\",\"logo\":{\"@type\":\"ImageObject\",\"inLanguage\":\"fr-FR\",\"@id\":\"https:\/\/audibax.com\/fr\/#\/schema\/logo\/image\/\",\"url\":\"https:\/\/audibax.com\/wp-content\/uploads\/2023\/09\/logo-Audibax-BLANCO-SVG-1.svg\",\"contentUrl\":\"https:\/\/audibax.com\/wp-content\/uploads\/2023\/09\/logo-Audibax-BLANCO-SVG-1.svg\",\"caption\":\"Audibax\"},\"image\":{\"@id\":\"https:\/\/audibax.com\/fr\/#\/schema\/logo\/image\/\"}}]}<\/script>\n<!-- \/ Yoast SEO plugin. -->","yoast_head_json":{"title":"HA4000 v2 Black - Audibax","robots":{"index":"index","follow":"follow","max-snippet":"max-snippet:-1","max-image-preview":"max-image-preview:large","max-video-preview":"max-video-preview:-1"},"canonical":"https:\/\/audibax.com\/fr\/produit\/ha4000-v2-black-2\/","og_locale":"fr_FR","og_type":"article","og_title":"HA4000 v2 Black - Audibax","og_description":"Amplificateur de casque \u00e0 4 canaux Amplificateur de casque Amplificateur de casque \u00e0 4 canaux","og_url":"https:\/\/audibax.com\/fr\/produit\/ha4000-v2-black-2\/","og_site_name":"Audibax","article_modified_time":"2025-09-30T15:14:46+00:00","og_image":[{"width":1000,"height":500,"url":"https:\/\/audibax.com\/wp-content\/uploads\/2023\/12\/amplificador-auricular-ha4000-v2-audibax.png","type":"image\/png"}],"twitter_card":"summary_large_image","twitter_misc":{"Dur\u00e9e de lecture estim\u00e9e":"2 minutes"},"schema":{"@context":"https:\/\/schema.org","@graph":[{"@type":"WebPage","@id":"https:\/\/audibax.com\/fr\/produit\/ha4000-v2-black-2\/","url":"https:\/\/audibax.com\/fr\/produit\/ha4000-v2-black-2\/","name":"HA4000 v2 Black - Audibax","isPartOf":{"@id":"https:\/\/audibax.com\/fr\/#website"},"primaryImageOfPage":{"@id":"https:\/\/audibax.com\/fr\/produit\/ha4000-v2-black-2\/#primaryimage"},"image":{"@id":"https:\/\/audibax.com\/fr\/produit\/ha4000-v2-black-2\/#primaryimage"},"thumbnailUrl":"https:\/\/audibax.com\/wp-content\/uploads\/2023\/12\/amplificador-auricular-ha4000-v2-audibax.png","datePublished":"2023-12-11T12:31:29+00:00","dateModified":"2025-09-30T15:14:46+00:00","breadcrumb":{"@id":"https:\/\/audibax.com\/fr\/produit\/ha4000-v2-black-2\/#breadcrumb"},"inLanguage":"fr-FR","potentialAction":[{"@type":"ReadAction","target":["https:\/\/audibax.com\/fr\/produit\/ha4000-v2-black-2\/"]}]},{"@type":"ImageObject","inLanguage":"fr-FR","@id":"https:\/\/audibax.com\/fr\/produit\/ha4000-v2-black-2\/#primaryimage","url":"https:\/\/audibax.com\/wp-content\/uploads\/2023\/12\/amplificador-auricular-ha4000-v2-audibax.png","contentUrl":"https:\/\/audibax.com\/wp-content\/uploads\/2023\/12\/amplificador-auricular-ha4000-v2-audibax.png","width":1000,"height":500},{"@type":"BreadcrumbList","@id":"https:\/\/audibax.com\/fr\/produit\/ha4000-v2-black-2\/#breadcrumb","itemListElement":[{"@type":"ListItem","position":1,"name":"Portada","item":"https:\/\/audibax.com\/fr\/"},{"@type":"ListItem","position":2,"name":"Produits","item":"https:\/\/audibax.com\/fr\/shop\/"},{"@type":"ListItem","position":3,"name":"HA4000 v2 Black"}]},{"@type":"WebSite","@id":"https:\/\/audibax.com\/fr\/#website","url":"https:\/\/audibax.com\/fr\/","name":"Audibax","description":"","publisher":{"@id":"https:\/\/audibax.com\/fr\/#organization"},"potentialAction":[{"@type":"SearchAction","target":{"@type":"EntryPoint","urlTemplate":"https:\/\/audibax.com\/fr\/?s={search_term_string}"},"query-input":{"@type":"PropertyValueSpecification","valueRequired":true,"valueName":"search_term_string"}}],"inLanguage":"fr-FR"},{"@type":"Organization","@id":"https:\/\/audibax.com\/fr\/#organization","name":"Audibax","url":"https:\/\/audibax.com\/fr\/","logo":{"@type":"ImageObject","inLanguage":"fr-FR","@id":"https:\/\/audibax.com\/fr\/#\/schema\/logo\/image\/","url":"https:\/\/audibax.com\/wp-content\/uploads\/2023\/09\/logo-Audibax-BLANCO-SVG-1.svg","contentUrl":"https:\/\/audibax.com\/wp-content\/uploads\/2023\/09\/logo-Audibax-BLANCO-SVG-1.svg","caption":"Audibax"},"image":{"@id":"https:\/\/audibax.com\/fr\/#\/schema\/logo\/image\/"}}]}},"_links":{"self":[{"href":"https:\/\/audibax.com\/fr\/wp-json\/wp\/v2\/product\/36577","targetHints":{"allow":["GET"]}}],"collection":[{"href":"https:\/\/audibax.com\/fr\/wp-json\/wp\/v2\/product"}],"about":[{"href":"https:\/\/audibax.com\/fr\/wp-json\/wp\/v2\/types\/product"}],"replies":[{"embeddable":true,"href":"https:\/\/audibax.com\/fr\/wp-json\/wp\/v2\/comments?post=36577"}],"wp:featuredmedia":[{"embeddable":true,"href":"https:\/\/audibax.com\/fr\/wp-json\/wp\/v2\/media\/16467"}],"wp:attachment":[{"href":"https:\/\/audibax.com\/fr\/wp-json\/wp\/v2\/media?parent=36577"}],"wp:term":[{"taxonomy":"product_cat","embeddable":true,"href":"https:\/\/audibax.com\/fr\/wp-json\/wp\/v2\/product_cat?post=36577"},{"taxonomy":"product_tag","embeddable":true,"href":"https:\/\/audibax.com\/fr\/wp-json\/wp\/v2\/product_tag?post=36577"}],"curies":[{"name":"wp","href":"https:\/\/api.w.org\/{rel}","templated":true}]}}