{"id":36576,"date":"2023-12-11T13:31:20","date_gmt":"2023-12-11T12:31:20","guid":{"rendered":"https:\/\/audibax.com\/product\/rh10-black-2\/"},"modified":"2023-12-27T11:54:55","modified_gmt":"2023-12-27T10:54:55","slug":"rh10-black-2","status":"publish","type":"product","link":"https:\/\/audibax.com\/fr\/produit\/rh10-black-2\/","title":{"rendered":"RH10 Black"},"content":{"rendered":"<\/p>\n<p><span style=\"color:#333333 ; font-family:arial,sans-serif ; font-size:10.0pt\">Los<\/span><strong><span style=\"color:#333333 ; font-family:arial,sans-serif ; font-size:10.0pt\"> Audibax RH10 <\/span><\/strong><span style=\"color:#333333 ; font-family:arial,sans-serif ; font-size:10.0pt\">son unos auriculares de dise&ntilde;o semi-abierto ideales&nbsp;ya sea para mezclar una grabaci&oacute;n o para escuchar y disfrutar de su canci&oacute;n favorita, son c&oacute;modos y proporcionan una respuesta de frecuencia amplia y un alto rango din&aacute;mico.&nbsp;<\/span><\/p>\n<p><span style=\"color:#333333 ; font-family:arial,sans-serif ; font-size:10.0pt\"><strong><span style=\"font-family:arial,sans-serif\">Los auriculares cerrados Audibax RH10<\/span><\/strong>&nbsp;son perfectos para ello y ofrecen to lo necesario para disfrutar de una escucha c&oacute;moda : poids l\u00e9ger, deux contr\u00f4leurs de moniteur, diad\u00e8me ultra c&oacute;moda et, ce qui est le plus important, un son de haute qualit\u00e9 qui fournit tous les param\u00e8tres du son.<\/span><\/p>\n<p><span style=\"color:#333333 ; font-family:arial,sans-serif ; font-size:10.0pt\">El dise&ntilde;o de la orejera cerrada permite eliminar cualquier ruido procedente del exterior y darle la oportunidad de sumergerse por completo en la reproducci&oacute;n. Estos auriculares te aseguran un perfecto ajuste para escuchar m&uacute;sica c&oacute;modamente durante el tiempo que quiera.<\/span><\/p>\n<p><span style=\"color:#333333 ; font-family:arial,sans-serif ; font-size:10.0pt\">Les \u00e9couteurs RH10 offrent un rendu exceptionnel de haute r\u00e9solution, qu&rsquo;il s&rsquo;agisse de la production d&rsquo;instruments musicaux ou de reproductions audio, et invitent \u00e0 voyager dans le monde de la musique.<\/span><\/p>\n<p style=\"text-align:start\"><span style=\"color:#333333 ; font-family:arial,sans-serif ; font-size:10.0pt\">Le rendement, la qualit\u00e9 et le confort des auriculaires RH10 en font l&rsquo;outil id\u00e9al pour les \u00e9tudes d&rsquo;enregistrement, de mixage et d&rsquo;\u00e9coute.<\/span><\/p>\n<p><span style=\"color:#333333 ; font-family:arial,sans-serif ; font-size:10.0pt\">Sp\u00e9cificit\u00e9s RH-10 Audibax Auricular Estudio:<\/span><\/p>\n<ul>\n<li><span style=\"color:#333333 ; font-family:arial,sans-serif ; font-size:10.0pt\">Tipo : Semi-abierto<\/span><\/li>\n<li><span style=\"color:#333333 ; font-family:arial,sans-serif ; font-size:10.0pt\">Driver de neodimio de 50mm<\/span><\/li>\n<li><span style=\"color:#333333 ; font-family:arial,sans-serif ; font-size:10.0pt\">Dise&ntilde;o circumarual semi-abierto<\/span><\/li>\n<li><span style=\"color:#333333 ; font-family:arial,sans-serif ; font-size:10.0pt\">Diad\u00e8me ajustable<\/span><\/li>\n<li><span style=\"color:#333333 ; font-family:arial,sans-serif ; font-size:10.0pt\">Bolsa de transporte inclu&iacute;da<\/span><\/li>\n<li><span style=\"color:#333333 ; font-family:arial,sans-serif ; font-size:10.0pt\">Imp\u00e9dance : 32ohm&nbsp;+-&nbsp;15% \/\u00e0 1KHz<\/span><\/li>\n<li><span style=\"color:#333333 ; font-family:arial,sans-serif ; font-size:10.0pt\">Ratio de potencia del imput : 15mW<\/span><\/li>\n<li><span style=\"color:#333333 ; font-family:arial,sans-serif ; font-size:10.0pt\">M&aacute;xima potencia del imput : 30mW<\/span><\/li>\n<li><span style=\"color:#333333 ; font-family:arial,sans-serif ; font-size:10.0pt\">SPL : 98dB&nbsp;+-&nbsp;3dB \/\u00e0 1KHz<\/span><\/li>\n<li><span style=\"color:#333333 ; font-family:arial,sans-serif ; font-size:10.0pt\">Frecuencia de respuesta : 20Hz-20KHz<\/span><\/li>\n<li><span style=\"color:#333333 ; font-family:arial,sans-serif ; font-size:10.0pt\">Ratio de distorsi&oacute;n : Pas de m&aacute;s de 5% a 1KHz<\/span><\/li>\n<li><span style=\"color:#333333 ; font-family:arial,sans-serif ; font-size:10.0pt\">Conducci&oacute;n : 50mm<\/span><\/li>\n<li><span style=\"color:#333333 ; font-family:arial,sans-serif ; font-size:10.0pt\">Longitud del cable : 3m&nbsp;<\/span><\/li>\n<li><span style=\"color:#333333 ; font-family:arial,sans-serif ; font-size:10.0pt\">Enchufe : 3.5mm<\/span><\/li>\n<li><span style=\"color:#333333 ; font-family:arial,sans-serif ; font-size:10.0pt\">Incluye Adaptador a 6,3mm<\/span><\/li>\n<\/ul>\n","protected":false},"excerpt":{"rendered":"<\/p>\n<p>Auridculares profesionales para escuhcha de musica y monitoreo de mezcla.<\/p>\n<ul>\n<li><span style=\"font-family:arial,sans-serif ; font-size:10pt\">Tipo : Semi-abierto<\/span><\/li>\n<li><span style=\"font-family:arial,sans-serif ; font-size:10pt\">Driver de neodimio de 50mm<\/span><\/li>\n<li><span style=\"font-family:arial,sans-serif ; font-size :10pt\">Dise&ntilde;o circumarual semi-abierto<\/span><\/li>\n<li><span style=\"font-family:arial,sans-serif ; font-size:10pt\">Diadema ajsutable<\/span><\/li>\n<\/ul>\n","protected":false},"featured_media":17609,"comment_status":"open","ping_status":"closed","template":"","meta":{"_acf_changed":false},"product_cat":[345],"product_tag":[],"class_list":{"0":"post-36576","1":"product","2":"type-product","3":"status-publish","4":"has-post-thumbnail","6":"product_cat-casque-dj","8":"first","9":"instock","10":"shipping-taxable","11":"product-type-simple"},"acf":[],"yoast_head":"<!-- This site is optimized with the Yoast SEO plugin v27.0 - https:\/\/yoast.com\/product\/yoast-seo-wordpress\/ -->\n<title>RH10 Black - Audibax<\/title>\n<meta name=\"robots\" content=\"index, follow, max-snippet:-1, max-image-preview:large, max-video-preview:-1\" \/>\n<link rel=\"canonical\" href=\"https:\/\/audibax.com\/fr\/produit\/rh10-black-2\/\" \/>\n<meta property=\"og:locale\" content=\"fr_FR\" \/>\n<meta property=\"og:type\" content=\"article\" \/>\n<meta property=\"og:title\" content=\"RH10 Black - Audibax\" \/>\n<meta property=\"og:description\" content=\"Auridculares profesionales para escuhcha de musica y monitoreo de mezcla. Tipo : Semi-abierto Driver de neodimio de 50mm Dise&ntilde;o circumarual semi-abierto Diadema ajsutable\" \/>\n<meta property=\"og:url\" content=\"https:\/\/audibax.com\/fr\/produit\/rh10-black-2\/\" \/>\n<meta property=\"og:site_name\" content=\"Audibax\" \/>\n<meta property=\"article:modified_time\" content=\"2023-12-27T10:54:55+00:00\" \/>\n<meta name=\"twitter:card\" content=\"summary_large_image\" \/>\n<meta name=\"twitter:label1\" content=\"Dur\u00e9e de lecture estim\u00e9e\" \/>\n\t<meta name=\"twitter:data1\" content=\"1 minute\" \/>\n<script type=\"application\/ld+json\" class=\"yoast-schema-graph\">{\"@context\":\"https:\/\/schema.org\",\"@graph\":[{\"@type\":\"WebPage\",\"@id\":\"https:\/\/audibax.com\/fr\/produit\/rh10-black-2\/\",\"url\":\"https:\/\/audibax.com\/fr\/produit\/rh10-black-2\/\",\"name\":\"RH10 Black - Audibax\",\"isPartOf\":{\"@id\":\"https:\/\/audibax.com\/fr\/#website\"},\"primaryImageOfPage\":{\"@id\":\"https:\/\/audibax.com\/fr\/produit\/rh10-black-2\/#primaryimage\"},\"image\":{\"@id\":\"https:\/\/audibax.com\/fr\/produit\/rh10-black-2\/#primaryimage\"},\"thumbnailUrl\":\"https:\/\/audibax.com\/wp-content\/uploads\/2023\/12\/audibax-rh10-auriculares-studio.jpg\",\"datePublished\":\"2023-12-11T12:31:20+00:00\",\"dateModified\":\"2023-12-27T10:54:55+00:00\",\"breadcrumb\":{\"@id\":\"https:\/\/audibax.com\/fr\/produit\/rh10-black-2\/#breadcrumb\"},\"inLanguage\":\"fr-FR\",\"potentialAction\":[{\"@type\":\"ReadAction\",\"target\":[\"https:\/\/audibax.com\/fr\/produit\/rh10-black-2\/\"]}]},{\"@type\":\"ImageObject\",\"inLanguage\":\"fr-FR\",\"@id\":\"https:\/\/audibax.com\/fr\/produit\/rh10-black-2\/#primaryimage\",\"url\":\"https:\/\/audibax.com\/wp-content\/uploads\/2023\/12\/audibax-rh10-auriculares-studio.jpg\",\"contentUrl\":\"https:\/\/audibax.com\/wp-content\/uploads\/2023\/12\/audibax-rh10-auriculares-studio.jpg\",\"width\":934,\"height\":1000},{\"@type\":\"BreadcrumbList\",\"@id\":\"https:\/\/audibax.com\/fr\/produit\/rh10-black-2\/#breadcrumb\",\"itemListElement\":[{\"@type\":\"ListItem\",\"position\":1,\"name\":\"Portada\",\"item\":\"https:\/\/audibax.com\/fr\/\"},{\"@type\":\"ListItem\",\"position\":2,\"name\":\"Produits\",\"item\":\"https:\/\/audibax.com\/fr\/shop\/\"},{\"@type\":\"ListItem\",\"position\":3,\"name\":\"RH10 Black\"}]},{\"@type\":\"WebSite\",\"@id\":\"https:\/\/audibax.com\/fr\/#website\",\"url\":\"https:\/\/audibax.com\/fr\/\",\"name\":\"Audibax\",\"description\":\"\",\"publisher\":{\"@id\":\"https:\/\/audibax.com\/fr\/#organization\"},\"potentialAction\":[{\"@type\":\"SearchAction\",\"target\":{\"@type\":\"EntryPoint\",\"urlTemplate\":\"https:\/\/audibax.com\/fr\/?s={search_term_string}\"},\"query-input\":{\"@type\":\"PropertyValueSpecification\",\"valueRequired\":true,\"valueName\":\"search_term_string\"}}],\"inLanguage\":\"fr-FR\"},{\"@type\":\"Organization\",\"@id\":\"https:\/\/audibax.com\/fr\/#organization\",\"name\":\"Audibax\",\"url\":\"https:\/\/audibax.com\/fr\/\",\"logo\":{\"@type\":\"ImageObject\",\"inLanguage\":\"fr-FR\",\"@id\":\"https:\/\/audibax.com\/fr\/#\/schema\/logo\/image\/\",\"url\":\"https:\/\/audibax.com\/wp-content\/uploads\/2023\/09\/logo-Audibax-BLANCO-SVG-1.svg\",\"contentUrl\":\"https:\/\/audibax.com\/wp-content\/uploads\/2023\/09\/logo-Audibax-BLANCO-SVG-1.svg\",\"caption\":\"Audibax\"},\"image\":{\"@id\":\"https:\/\/audibax.com\/fr\/#\/schema\/logo\/image\/\"}}]}<\/script>\n<!-- \/ Yoast SEO plugin. -->","yoast_head_json":{"title":"RH10 Black - Audibax","robots":{"index":"index","follow":"follow","max-snippet":"max-snippet:-1","max-image-preview":"max-image-preview:large","max-video-preview":"max-video-preview:-1"},"canonical":"https:\/\/audibax.com\/fr\/produit\/rh10-black-2\/","og_locale":"fr_FR","og_type":"article","og_title":"RH10 Black - Audibax","og_description":"Auridculares profesionales para escuhcha de musica y monitoreo de mezcla. Tipo : Semi-abierto Driver de neodimio de 50mm Dise&ntilde;o circumarual semi-abierto Diadema ajsutable","og_url":"https:\/\/audibax.com\/fr\/produit\/rh10-black-2\/","og_site_name":"Audibax","article_modified_time":"2023-12-27T10:54:55+00:00","twitter_card":"summary_large_image","twitter_misc":{"Dur\u00e9e de lecture estim\u00e9e":"1 minute"},"schema":{"@context":"https:\/\/schema.org","@graph":[{"@type":"WebPage","@id":"https:\/\/audibax.com\/fr\/produit\/rh10-black-2\/","url":"https:\/\/audibax.com\/fr\/produit\/rh10-black-2\/","name":"RH10 Black - Audibax","isPartOf":{"@id":"https:\/\/audibax.com\/fr\/#website"},"primaryImageOfPage":{"@id":"https:\/\/audibax.com\/fr\/produit\/rh10-black-2\/#primaryimage"},"image":{"@id":"https:\/\/audibax.com\/fr\/produit\/rh10-black-2\/#primaryimage"},"thumbnailUrl":"https:\/\/audibax.com\/wp-content\/uploads\/2023\/12\/audibax-rh10-auriculares-studio.jpg","datePublished":"2023-12-11T12:31:20+00:00","dateModified":"2023-12-27T10:54:55+00:00","breadcrumb":{"@id":"https:\/\/audibax.com\/fr\/produit\/rh10-black-2\/#breadcrumb"},"inLanguage":"fr-FR","potentialAction":[{"@type":"ReadAction","target":["https:\/\/audibax.com\/fr\/produit\/rh10-black-2\/"]}]},{"@type":"ImageObject","inLanguage":"fr-FR","@id":"https:\/\/audibax.com\/fr\/produit\/rh10-black-2\/#primaryimage","url":"https:\/\/audibax.com\/wp-content\/uploads\/2023\/12\/audibax-rh10-auriculares-studio.jpg","contentUrl":"https:\/\/audibax.com\/wp-content\/uploads\/2023\/12\/audibax-rh10-auriculares-studio.jpg","width":934,"height":1000},{"@type":"BreadcrumbList","@id":"https:\/\/audibax.com\/fr\/produit\/rh10-black-2\/#breadcrumb","itemListElement":[{"@type":"ListItem","position":1,"name":"Portada","item":"https:\/\/audibax.com\/fr\/"},{"@type":"ListItem","position":2,"name":"Produits","item":"https:\/\/audibax.com\/fr\/shop\/"},{"@type":"ListItem","position":3,"name":"RH10 Black"}]},{"@type":"WebSite","@id":"https:\/\/audibax.com\/fr\/#website","url":"https:\/\/audibax.com\/fr\/","name":"Audibax","description":"","publisher":{"@id":"https:\/\/audibax.com\/fr\/#organization"},"potentialAction":[{"@type":"SearchAction","target":{"@type":"EntryPoint","urlTemplate":"https:\/\/audibax.com\/fr\/?s={search_term_string}"},"query-input":{"@type":"PropertyValueSpecification","valueRequired":true,"valueName":"search_term_string"}}],"inLanguage":"fr-FR"},{"@type":"Organization","@id":"https:\/\/audibax.com\/fr\/#organization","name":"Audibax","url":"https:\/\/audibax.com\/fr\/","logo":{"@type":"ImageObject","inLanguage":"fr-FR","@id":"https:\/\/audibax.com\/fr\/#\/schema\/logo\/image\/","url":"https:\/\/audibax.com\/wp-content\/uploads\/2023\/09\/logo-Audibax-BLANCO-SVG-1.svg","contentUrl":"https:\/\/audibax.com\/wp-content\/uploads\/2023\/09\/logo-Audibax-BLANCO-SVG-1.svg","caption":"Audibax"},"image":{"@id":"https:\/\/audibax.com\/fr\/#\/schema\/logo\/image\/"}}]}},"_links":{"self":[{"href":"https:\/\/audibax.com\/fr\/wp-json\/wp\/v2\/product\/36576","targetHints":{"allow":["GET"]}}],"collection":[{"href":"https:\/\/audibax.com\/fr\/wp-json\/wp\/v2\/product"}],"about":[{"href":"https:\/\/audibax.com\/fr\/wp-json\/wp\/v2\/types\/product"}],"replies":[{"embeddable":true,"href":"https:\/\/audibax.com\/fr\/wp-json\/wp\/v2\/comments?post=36576"}],"wp:featuredmedia":[{"embeddable":true,"href":"https:\/\/audibax.com\/fr\/wp-json\/wp\/v2\/media\/17609"}],"wp:attachment":[{"href":"https:\/\/audibax.com\/fr\/wp-json\/wp\/v2\/media?parent=36576"}],"wp:term":[{"taxonomy":"product_cat","embeddable":true,"href":"https:\/\/audibax.com\/fr\/wp-json\/wp\/v2\/product_cat?post=36576"},{"taxonomy":"product_tag","embeddable":true,"href":"https:\/\/audibax.com\/fr\/wp-json\/wp\/v2\/product_tag?post=36576"}],"curies":[{"name":"wp","href":"https:\/\/api.w.org\/{rel}","templated":true}]}}