{"id":36575,"date":"2023-12-11T13:31:18","date_gmt":"2023-12-11T12:31:18","guid":{"rendered":"https:\/\/audibax.com\/product\/rh5-black-2\/"},"modified":"2023-12-27T11:54:54","modified_gmt":"2023-12-27T10:54:54","slug":"rh5-black-2","status":"publish","type":"product","link":"https:\/\/audibax.com\/fr\/produit\/rh5-black-2\/","title":{"rendered":"RH5 Black"},"content":{"rendered":"<\/p>\n<p><strong>Audibax RH5<\/strong> Que vous soyez en train de mixer un enregistrement ou d&rsquo;\u00e9couter et de savourer votre chanson pr\u00e9f\u00e9r\u00e9e, vous voulez un casque confortable qui offre une large r\u00e9ponse en fr\u00e9quence et une plage dynamique \u00e9lev\u00e9e. <Le casque ferm\u00e9 Audibax RH-5<\/strong> est parfait pour cela et offre tout ce dont vous avez besoin pour une \u00e9coute confortable : un poids l\u00e9ger, deux haut-parleurs, un bandeau ultra-confortable et, surtout, un son de haute qualit\u00e9 qui vous offre toutes les nuances du son. La conception des oreillettes ferm\u00e9es \u00e9limine tout bruit ext\u00e9rieur et vous permet de vous immerger totalement dans la lecture. Ce casque assure un maintien parfait pour vous permettre d&rsquo;\u00e9couter confortablement de la musique aussi longtemps que vous le souhaitez. Le casque RH-5 offre des performances exceptionnelles en haute r\u00e9solution, qu&rsquo;il s&rsquo;agisse de la pratique d&rsquo;instruments de musique ou de la lecture audio, vous invitant \u00e0 voyager dans le monde de la musique.<\/p>\n<p>Performance, qualit\u00e9 et confort font du casque RH-5 le choix id\u00e9al, alors n&rsquo;h\u00e9sitez pas et plongez dans le monde de la musique avec le casque RH-5 \u00e0 un prix tr\u00e8s abordable !<\/p>\n<h2>T&eacute;c Caract\u00e9ristiques techniques<\/h2>\n<p>&nbsp;<\/p>\n<ul>\n<li>Type : Enclos<\/li>\n<li>Principales applications :&#038;nbsp ; Studio \/ Claviers \/ Pianos \/ Monitoring \/ Batterie \u00e9lectronique.<\/li>\n<li>Imp\u00e9dance : 32<span style=\"font-size:14px\">ohm<\/span>&nbsp;<span style=\"font-size :16px\">+-<\/span>&nbsp;15% \/\u00e0 1KHz<\/li>\n<li>Rapport de puissance d&rsquo;entr\u00e9e : 15mW<\/li>\n<li>Puissance d&rsquo;\u00e9mission maximale : 30mW<\/li>\n<li>SPL : 115dB<span style=\"font-size :16px\">&nbsp;+-&nbsp;<\/span>3dB \/\u00e0 1KHz<\/li>\n<li>Fr\u00e9quence de r\u00e9ponse : 20Hz-20KHz<\/li>\n<li>Rapport de distorsion : Pas plus de 5% \u00e0 1KHz<\/li>\n<li>Entra\u00eenement : 50mm<\/li>\n<li>Longueur du c\u00e2ble : 3m&nbsp;<\/li>\n<li>Fiche : 3.5mm<\/li>\n<li>Inclut un adaptateur \u00e0 6,3mm<\/li>\n<\/ul>\n<p><img decoding=\"async\" alt=\"\" src=\"\/crm\/documents\/fckeditor\/image\/MRA-3\/audibax-rh5-auriculaire.png\" style=\"height:461px ; width:500px\" \/><\/p>\n<p><img decoding=\"async\" alt=\"\" src=\"\/crm\/documents\/fckeditor\/image\/MRA-3\/rh5-audibax-auricular-professional.jpg\" style=\"height:640px ; width:675px\" \/><\/p>\n<p><img decoding=\"async\" alt=\"\" src=\"\/crm\/documents\/fckeditor\/image\/MRA-3\/rh5-audibax-auricular-professional.jpg\" style=\"height:640px ; width:675px\" \/><\/p>\n<p><strong>L&rsquo;image de l&rsquo;aubax est une image de l&rsquo;aubax et de l&rsquo;auriculaire, et non une image de l&rsquo;aubax.<\/p>\n","protected":false},"excerpt":{"rendered":"<ul>\n<li>Casque de type ferm\u00e9<\/li>\n<li>Id\u00e9al pour&#038;nbsp ; Studio \/ Claviers \/ Pianos \/ Monitoring \/ Batterie \u00e9lectronique< \/li>\n<li>Batterie \u00e9lectronique.\n<li>\n<li>Qualit\u00e9 exceptionnelle<\/li>\n<li>Pliable<\/li>\n<\/ul>\n<\/ul>\n","protected":false},"featured_media":17606,"comment_status":"open","ping_status":"closed","template":"","meta":{"_acf_changed":false},"product_cat":[345],"product_tag":[],"class_list":{"0":"post-36575","1":"product","2":"type-product","3":"status-publish","4":"has-post-thumbnail","6":"product_cat-casque-dj","8":"first","9":"instock","10":"shipping-taxable","11":"product-type-simple"},"acf":[],"yoast_head":"<!-- This site is optimized with the Yoast SEO plugin v27.0 - https:\/\/yoast.com\/product\/yoast-seo-wordpress\/ -->\n<title>RH5 Black - Audibax<\/title>\n<meta name=\"robots\" content=\"index, follow, max-snippet:-1, max-image-preview:large, max-video-preview:-1\" \/>\n<link rel=\"canonical\" href=\"https:\/\/audibax.com\/fr\/produit\/rh5-black-2\/\" \/>\n<meta property=\"og:locale\" content=\"fr_FR\" \/>\n<meta property=\"og:type\" content=\"article\" \/>\n<meta property=\"og:title\" content=\"RH5 Black - Audibax\" \/>\n<meta property=\"og:description\" content=\"Casque de type ferm\u00e9 Id\u00e9al pour&amp;nbsp ; Studio \/ Claviers \/ Pianos \/ Monitoring \/ Batterie \u00e9lectronique&lt; \/li&gt; Batterie \u00e9lectronique. Qualit\u00e9 exceptionnelle Pliable\" \/>\n<meta property=\"og:url\" content=\"https:\/\/audibax.com\/fr\/produit\/rh5-black-2\/\" \/>\n<meta property=\"og:site_name\" content=\"Audibax\" \/>\n<meta property=\"article:modified_time\" content=\"2023-12-27T10:54:54+00:00\" \/>\n<meta name=\"twitter:card\" content=\"summary_large_image\" \/>\n<script type=\"application\/ld+json\" class=\"yoast-schema-graph\">{\"@context\":\"https:\/\/schema.org\",\"@graph\":[{\"@type\":\"WebPage\",\"@id\":\"https:\/\/audibax.com\/fr\/produit\/rh5-black-2\/\",\"url\":\"https:\/\/audibax.com\/fr\/produit\/rh5-black-2\/\",\"name\":\"RH5 Black - Audibax\",\"isPartOf\":{\"@id\":\"https:\/\/audibax.com\/fr\/#website\"},\"primaryImageOfPage\":{\"@id\":\"https:\/\/audibax.com\/fr\/produit\/rh5-black-2\/#primaryimage\"},\"image\":{\"@id\":\"https:\/\/audibax.com\/fr\/produit\/rh5-black-2\/#primaryimage\"},\"thumbnailUrl\":\"https:\/\/audibax.com\/wp-content\/uploads\/2023\/12\/audibaxRH5-auricular.png\",\"datePublished\":\"2023-12-11T12:31:18+00:00\",\"dateModified\":\"2023-12-27T10:54:54+00:00\",\"breadcrumb\":{\"@id\":\"https:\/\/audibax.com\/fr\/produit\/rh5-black-2\/#breadcrumb\"},\"inLanguage\":\"fr-FR\",\"potentialAction\":[{\"@type\":\"ReadAction\",\"target\":[\"https:\/\/audibax.com\/fr\/produit\/rh5-black-2\/\"]}]},{\"@type\":\"ImageObject\",\"inLanguage\":\"fr-FR\",\"@id\":\"https:\/\/audibax.com\/fr\/produit\/rh5-black-2\/#primaryimage\",\"url\":\"https:\/\/audibax.com\/wp-content\/uploads\/2023\/12\/audibaxRH5-auricular.png\",\"contentUrl\":\"https:\/\/audibax.com\/wp-content\/uploads\/2023\/12\/audibaxRH5-auricular.png\",\"width\":3000,\"height\":2169},{\"@type\":\"BreadcrumbList\",\"@id\":\"https:\/\/audibax.com\/fr\/produit\/rh5-black-2\/#breadcrumb\",\"itemListElement\":[{\"@type\":\"ListItem\",\"position\":1,\"name\":\"Portada\",\"item\":\"https:\/\/audibax.com\/fr\/\"},{\"@type\":\"ListItem\",\"position\":2,\"name\":\"Produits\",\"item\":\"https:\/\/audibax.com\/fr\/shop\/\"},{\"@type\":\"ListItem\",\"position\":3,\"name\":\"RH5 Black\"}]},{\"@type\":\"WebSite\",\"@id\":\"https:\/\/audibax.com\/fr\/#website\",\"url\":\"https:\/\/audibax.com\/fr\/\",\"name\":\"Audibax\",\"description\":\"\",\"publisher\":{\"@id\":\"https:\/\/audibax.com\/fr\/#organization\"},\"potentialAction\":[{\"@type\":\"SearchAction\",\"target\":{\"@type\":\"EntryPoint\",\"urlTemplate\":\"https:\/\/audibax.com\/fr\/?s={search_term_string}\"},\"query-input\":{\"@type\":\"PropertyValueSpecification\",\"valueRequired\":true,\"valueName\":\"search_term_string\"}}],\"inLanguage\":\"fr-FR\"},{\"@type\":\"Organization\",\"@id\":\"https:\/\/audibax.com\/fr\/#organization\",\"name\":\"Audibax\",\"url\":\"https:\/\/audibax.com\/fr\/\",\"logo\":{\"@type\":\"ImageObject\",\"inLanguage\":\"fr-FR\",\"@id\":\"https:\/\/audibax.com\/fr\/#\/schema\/logo\/image\/\",\"url\":\"https:\/\/audibax.com\/wp-content\/uploads\/2023\/09\/logo-Audibax-BLANCO-SVG-1.svg\",\"contentUrl\":\"https:\/\/audibax.com\/wp-content\/uploads\/2023\/09\/logo-Audibax-BLANCO-SVG-1.svg\",\"caption\":\"Audibax\"},\"image\":{\"@id\":\"https:\/\/audibax.com\/fr\/#\/schema\/logo\/image\/\"}}]}<\/script>\n<!-- \/ Yoast SEO plugin. -->","yoast_head_json":{"title":"RH5 Black - Audibax","robots":{"index":"index","follow":"follow","max-snippet":"max-snippet:-1","max-image-preview":"max-image-preview:large","max-video-preview":"max-video-preview:-1"},"canonical":"https:\/\/audibax.com\/fr\/produit\/rh5-black-2\/","og_locale":"fr_FR","og_type":"article","og_title":"RH5 Black - Audibax","og_description":"Casque de type ferm\u00e9 Id\u00e9al pour&nbsp ; Studio \/ Claviers \/ Pianos \/ Monitoring \/ Batterie \u00e9lectronique< \/li> Batterie \u00e9lectronique. Qualit\u00e9 exceptionnelle Pliable","og_url":"https:\/\/audibax.com\/fr\/produit\/rh5-black-2\/","og_site_name":"Audibax","article_modified_time":"2023-12-27T10:54:54+00:00","twitter_card":"summary_large_image","schema":{"@context":"https:\/\/schema.org","@graph":[{"@type":"WebPage","@id":"https:\/\/audibax.com\/fr\/produit\/rh5-black-2\/","url":"https:\/\/audibax.com\/fr\/produit\/rh5-black-2\/","name":"RH5 Black - Audibax","isPartOf":{"@id":"https:\/\/audibax.com\/fr\/#website"},"primaryImageOfPage":{"@id":"https:\/\/audibax.com\/fr\/produit\/rh5-black-2\/#primaryimage"},"image":{"@id":"https:\/\/audibax.com\/fr\/produit\/rh5-black-2\/#primaryimage"},"thumbnailUrl":"https:\/\/audibax.com\/wp-content\/uploads\/2023\/12\/audibaxRH5-auricular.png","datePublished":"2023-12-11T12:31:18+00:00","dateModified":"2023-12-27T10:54:54+00:00","breadcrumb":{"@id":"https:\/\/audibax.com\/fr\/produit\/rh5-black-2\/#breadcrumb"},"inLanguage":"fr-FR","potentialAction":[{"@type":"ReadAction","target":["https:\/\/audibax.com\/fr\/produit\/rh5-black-2\/"]}]},{"@type":"ImageObject","inLanguage":"fr-FR","@id":"https:\/\/audibax.com\/fr\/produit\/rh5-black-2\/#primaryimage","url":"https:\/\/audibax.com\/wp-content\/uploads\/2023\/12\/audibaxRH5-auricular.png","contentUrl":"https:\/\/audibax.com\/wp-content\/uploads\/2023\/12\/audibaxRH5-auricular.png","width":3000,"height":2169},{"@type":"BreadcrumbList","@id":"https:\/\/audibax.com\/fr\/produit\/rh5-black-2\/#breadcrumb","itemListElement":[{"@type":"ListItem","position":1,"name":"Portada","item":"https:\/\/audibax.com\/fr\/"},{"@type":"ListItem","position":2,"name":"Produits","item":"https:\/\/audibax.com\/fr\/shop\/"},{"@type":"ListItem","position":3,"name":"RH5 Black"}]},{"@type":"WebSite","@id":"https:\/\/audibax.com\/fr\/#website","url":"https:\/\/audibax.com\/fr\/","name":"Audibax","description":"","publisher":{"@id":"https:\/\/audibax.com\/fr\/#organization"},"potentialAction":[{"@type":"SearchAction","target":{"@type":"EntryPoint","urlTemplate":"https:\/\/audibax.com\/fr\/?s={search_term_string}"},"query-input":{"@type":"PropertyValueSpecification","valueRequired":true,"valueName":"search_term_string"}}],"inLanguage":"fr-FR"},{"@type":"Organization","@id":"https:\/\/audibax.com\/fr\/#organization","name":"Audibax","url":"https:\/\/audibax.com\/fr\/","logo":{"@type":"ImageObject","inLanguage":"fr-FR","@id":"https:\/\/audibax.com\/fr\/#\/schema\/logo\/image\/","url":"https:\/\/audibax.com\/wp-content\/uploads\/2023\/09\/logo-Audibax-BLANCO-SVG-1.svg","contentUrl":"https:\/\/audibax.com\/wp-content\/uploads\/2023\/09\/logo-Audibax-BLANCO-SVG-1.svg","caption":"Audibax"},"image":{"@id":"https:\/\/audibax.com\/fr\/#\/schema\/logo\/image\/"}}]}},"_links":{"self":[{"href":"https:\/\/audibax.com\/fr\/wp-json\/wp\/v2\/product\/36575","targetHints":{"allow":["GET"]}}],"collection":[{"href":"https:\/\/audibax.com\/fr\/wp-json\/wp\/v2\/product"}],"about":[{"href":"https:\/\/audibax.com\/fr\/wp-json\/wp\/v2\/types\/product"}],"replies":[{"embeddable":true,"href":"https:\/\/audibax.com\/fr\/wp-json\/wp\/v2\/comments?post=36575"}],"wp:featuredmedia":[{"embeddable":true,"href":"https:\/\/audibax.com\/fr\/wp-json\/wp\/v2\/media\/17606"}],"wp:attachment":[{"href":"https:\/\/audibax.com\/fr\/wp-json\/wp\/v2\/media?parent=36575"}],"wp:term":[{"taxonomy":"product_cat","embeddable":true,"href":"https:\/\/audibax.com\/fr\/wp-json\/wp\/v2\/product_cat?post=36575"},{"taxonomy":"product_tag","embeddable":true,"href":"https:\/\/audibax.com\/fr\/wp-json\/wp\/v2\/product_tag?post=36575"}],"curies":[{"name":"wp","href":"https:\/\/api.w.org\/{rel}","templated":true}]}}