{"id":36574,"date":"2023-12-11T13:31:16","date_gmt":"2023-12-11T12:31:16","guid":{"rendered":"https:\/\/audibax.com\/product\/atlanta-case-go-black-2\/"},"modified":"2023-12-27T11:54:54","modified_gmt":"2023-12-27T10:54:54","slug":"atlanta-case-go-black-2","status":"publish","type":"product","link":"https:\/\/audibax.com\/fr\/produit\/atlanta-case-go-black-2\/","title":{"rendered":"Atlanta Case Go Black"},"content":{"rendered":"<\/p>\n<p><strong>Audibax Atlanta Case Go Speaker Case<\/strong><\/p>\n<p> <span style=\"font-size:14px\"><strong>Caract\u00e9ristiques&iacute;sticas :<\/strong><\/strong><\/span><\/p>\n<ul>\n<li>L&rsquo;<strong>Atlanta Case Go<\/strong> est le compl\u00e9ment id\u00e9al de l&rsquo;enceinte Roma 80 Go et d&rsquo;autres appareils de taille similaire. M\u00e9ticuleusement con\u00e7u pour assurer une protection et une portabilit\u00e9 maximales, cet \u00e9tui offre une combinaison parfaite de confort et de l\u00e9g\u00e8ret\u00e9 pour votre \u00e9quipement.&#038;nbsp ; &#038;nbsp ; &#038;nbsp ; &#038;nbsp ; &#038;nbsp ; &#038;nbsp ; &#038;nbsp ; &#038;nbsp ; &#038;nbsp ; &#038;nbsp ; &#038;nbsp ; &#038;nbsp ; &#038;nbsp ; &#038;nbsp ; &#038;nbsp ; &#038;nbsp ; &#038;nbsp ; &#038;nbsp ; &#038;nbsp ; &#038;nbsp ; &#038;nbsp ; &#038;nbsp ; &#038;nbsp ; &#038;nbsp ; &#038;nbsp ; &#038;nbsp ; &#038;nbsp ; &#038;nbsp ; &#038;nbsp ; &#038;nbsp ; &#038;nbsp ; &#038;nbsp ; &#038;nbsp ; &#038;nbsp ; &#038;nbsp ; &#038;nbsp ; &#038;nbsp ; &#038;nbsp ; &#038;nbsp ; &#038;nbsp ; <\/p>\n<li>Construit en polyester <strong>Oxford<\/strong> durable et de haute qualit\u00e9, avec un <strong>int\u00e9rieur en coton nacr\u00e9<\/strong> ;<\/p>\n<p>Coton perl\u00e9<\/strong>, il offre une protection optimale contre les rayures et les dommages lorsque vous voyagez ou transportez votre \u00e9quipement en toute s\u00e9curit\u00e9. <\/li>\n<li>Avec un design sophistiqu\u00e9 et fonctionnel, l&rsquo;Atlanta Case Go garantit la protection de votre enceinte et de vos autres appareils \u00e0 tout moment.<\/li>\n<\/ul>\n<p><strong>Sp\u00e9cifications:<\/strong><\/strong><\/p>\n<ul>\n<ul>\n<li>Etui de transport pour Roma 80 Go et autres mod\u00e8les de dimensions similaires.<\/li>\n<li>Compatible avec Bose S1 Pro, Audibax Roma 80 Go<\/li>\n<li>Construit en poly\u00e9thyl\u00e8ne Oxford, offrant une protection optimale.<\/li>\n<li>Int\u00e9rieur rembourr\u00e9 en coton perl\u00e9 pour prot\u00e9ger des rayures et des \u00e9raflures.<\/li>\n<li>D\u00e9guis\u00e9 pour faciliter le transport.<\/li>\n<li>Zip robuste et poign\u00e9es de transport confortables.<\/li>\n<li>Dimensions ext\u00e9rieures : 37 x 25 x 25 cm.<\/li>\n<\/ul>\n<\/ul>\n<li>Dimensions ext\u00e9rieures : 37 x 25 x 25 cm.<\/li>\n<\/ul>\n<\/ul>\n<\/ul>\n<li>Petit format : 37 x 25 x 25 cm.<\/li>\n<\/ul>\n<\/ul>\n<\/ul>\n<\/ul>\n<\/ul>\n<li>Petit format : 37 x 25 x 25 cm.<br \/>\n","protected":false},"excerpt":{"rendered":"<ul>\n<li>Etui de transport pour Roma 80 Go et autres mod\u00e8les de dimensions similaires.<\/li>\n<li>Construit en poly\u00e9thyl\u00e8ne Oxford, offrant une protection optimale.<\/li>\n<li>Int\u00e9rieur rembourr\u00e9 en coton perl\u00e9 pour prot\u00e9ger des rayures et des \u00e9raflures.<\/li>\n<li>D\u00e9guis\u00e9 pour faciliter le transport.<\/li>\n<li>Zip robuste et poign\u00e9es de transport confortables.<\/li>\n<li>Dimensions ext\u00e9rieures : 37 x 25 x 25 cm.<\/li>\n<\/ul>\n<\/ul>\n<li>Dimensions ext\u00e9rieures : 37 x 25 x 25 cm.<\/li>\n<\/ul>\n<\/ul>\n<\/ul>\n<li>Petit format : 37 x 25 x 25 cm.<\/li>\n<\/ul>\n<\/ul>\n<\/ul>\n<\/ul>\n<li>Petit format : 37 x 25 x 25 cm.<\/li>\n<\/ul>\n<\/ul>\n<\/ul>\n<li>Petit format : 37 x 25 x 25 cm.<\/ul>\n<\/ul>\n<\/ul>\n<\/ul>\n<li>Petit format : 37 x 25 x 25 cm.<br \/>\n","protected":false},"featured_media":16493,"comment_status":"open","ping_status":"closed","template":"","meta":{"_acf_changed":false},"product_cat":[341],"product_tag":[],"class_list":{"0":"post-36574","1":"product","2":"type-product","3":"status-publish","4":"has-post-thumbnail","6":"product_cat-couvercle-du-haut-parleur","8":"first","9":"instock","10":"shipping-taxable","11":"product-type-simple"},"acf":[],"yoast_head":"<!-- This site is optimized with the Yoast SEO plugin v27.0 - https:\/\/yoast.com\/product\/yoast-seo-wordpress\/ -->\n<title>Atlanta Case Go Black - Audibax<\/title>\n<meta name=\"robots\" content=\"index, follow, max-snippet:-1, max-image-preview:large, max-video-preview:-1\" \/>\n<link rel=\"canonical\" href=\"https:\/\/audibax.com\/fr\/produit\/atlanta-case-go-black-2\/\" \/>\n<meta property=\"og:locale\" content=\"fr_FR\" \/>\n<meta property=\"og:type\" content=\"article\" \/>\n<meta property=\"og:title\" content=\"Atlanta Case Go Black - Audibax\" \/>\n<meta property=\"og:description\" content=\"Etui de transport pour Roma 80 Go et autres mod\u00e8les de dimensions similaires. Construit en poly\u00e9thyl\u00e8ne Oxford, offrant une protection optimale. Int\u00e9rieur rembourr\u00e9 en coton perl\u00e9 pour prot\u00e9ger des rayures et des \u00e9raflures. D\u00e9guis\u00e9 pour faciliter le transport. Zip robuste et poign\u00e9es de transport confortables. Dimensions ext\u00e9rieures : 37 x 25 x 25 cm.  Dimensions ext\u00e9rieures : 37 x 25 x 25 cm.  Petit format : 37 x 25 x 25 cm.   Petit format : 37 x 25 x 25 cm.  Petit format : 37 x 25 x 25 cm.  Petit format : 37 x 25 x 25 cm.\" \/>\n<meta property=\"og:url\" content=\"https:\/\/audibax.com\/fr\/produit\/atlanta-case-go-black-2\/\" \/>\n<meta property=\"og:site_name\" content=\"Audibax\" \/>\n<meta property=\"article:modified_time\" content=\"2023-12-27T10:54:54+00:00\" \/>\n<meta name=\"twitter:card\" content=\"summary_large_image\" \/>\n<meta name=\"twitter:label1\" content=\"Dur\u00e9e de lecture estim\u00e9e\" \/>\n\t<meta name=\"twitter:data1\" content=\"1 minute\" \/>\n<script type=\"application\/ld+json\" class=\"yoast-schema-graph\">{\"@context\":\"https:\/\/schema.org\",\"@graph\":[{\"@type\":\"WebPage\",\"@id\":\"https:\/\/audibax.com\/fr\/produit\/atlanta-case-go-black-2\/\",\"url\":\"https:\/\/audibax.com\/fr\/produit\/atlanta-case-go-black-2\/\",\"name\":\"Atlanta Case Go Black - Audibax\",\"isPartOf\":{\"@id\":\"https:\/\/audibax.com\/fr\/#website\"},\"primaryImageOfPage\":{\"@id\":\"https:\/\/audibax.com\/fr\/produit\/atlanta-case-go-black-2\/#primaryimage\"},\"image\":{\"@id\":\"https:\/\/audibax.com\/fr\/produit\/atlanta-case-go-black-2\/#primaryimage\"},\"thumbnailUrl\":\"https:\/\/audibax.com\/wp-content\/uploads\/2023\/12\/Atlanta-Case-Go-oferta.jpg\",\"datePublished\":\"2023-12-11T12:31:16+00:00\",\"dateModified\":\"2023-12-27T10:54:54+00:00\",\"breadcrumb\":{\"@id\":\"https:\/\/audibax.com\/fr\/produit\/atlanta-case-go-black-2\/#breadcrumb\"},\"inLanguage\":\"fr-FR\",\"potentialAction\":[{\"@type\":\"ReadAction\",\"target\":[\"https:\/\/audibax.com\/fr\/produit\/atlanta-case-go-black-2\/\"]}]},{\"@type\":\"ImageObject\",\"inLanguage\":\"fr-FR\",\"@id\":\"https:\/\/audibax.com\/fr\/produit\/atlanta-case-go-black-2\/#primaryimage\",\"url\":\"https:\/\/audibax.com\/wp-content\/uploads\/2023\/12\/Atlanta-Case-Go-oferta.jpg\",\"contentUrl\":\"https:\/\/audibax.com\/wp-content\/uploads\/2023\/12\/Atlanta-Case-Go-oferta.jpg\",\"width\":920,\"height\":1500},{\"@type\":\"BreadcrumbList\",\"@id\":\"https:\/\/audibax.com\/fr\/produit\/atlanta-case-go-black-2\/#breadcrumb\",\"itemListElement\":[{\"@type\":\"ListItem\",\"position\":1,\"name\":\"Portada\",\"item\":\"https:\/\/audibax.com\/fr\/\"},{\"@type\":\"ListItem\",\"position\":2,\"name\":\"Produits\",\"item\":\"https:\/\/audibax.com\/fr\/shop\/\"},{\"@type\":\"ListItem\",\"position\":3,\"name\":\"Atlanta Case Go Black\"}]},{\"@type\":\"WebSite\",\"@id\":\"https:\/\/audibax.com\/fr\/#website\",\"url\":\"https:\/\/audibax.com\/fr\/\",\"name\":\"Audibax\",\"description\":\"\",\"publisher\":{\"@id\":\"https:\/\/audibax.com\/fr\/#organization\"},\"potentialAction\":[{\"@type\":\"SearchAction\",\"target\":{\"@type\":\"EntryPoint\",\"urlTemplate\":\"https:\/\/audibax.com\/fr\/?s={search_term_string}\"},\"query-input\":{\"@type\":\"PropertyValueSpecification\",\"valueRequired\":true,\"valueName\":\"search_term_string\"}}],\"inLanguage\":\"fr-FR\"},{\"@type\":\"Organization\",\"@id\":\"https:\/\/audibax.com\/fr\/#organization\",\"name\":\"Audibax\",\"url\":\"https:\/\/audibax.com\/fr\/\",\"logo\":{\"@type\":\"ImageObject\",\"inLanguage\":\"fr-FR\",\"@id\":\"https:\/\/audibax.com\/fr\/#\/schema\/logo\/image\/\",\"url\":\"https:\/\/audibax.com\/wp-content\/uploads\/2023\/09\/logo-Audibax-BLANCO-SVG-1.svg\",\"contentUrl\":\"https:\/\/audibax.com\/wp-content\/uploads\/2023\/09\/logo-Audibax-BLANCO-SVG-1.svg\",\"caption\":\"Audibax\"},\"image\":{\"@id\":\"https:\/\/audibax.com\/fr\/#\/schema\/logo\/image\/\"}}]}<\/script>\n<!-- \/ Yoast SEO plugin. -->","yoast_head_json":{"title":"Atlanta Case Go Black - Audibax","robots":{"index":"index","follow":"follow","max-snippet":"max-snippet:-1","max-image-preview":"max-image-preview:large","max-video-preview":"max-video-preview:-1"},"canonical":"https:\/\/audibax.com\/fr\/produit\/atlanta-case-go-black-2\/","og_locale":"fr_FR","og_type":"article","og_title":"Atlanta Case Go Black - Audibax","og_description":"Etui de transport pour Roma 80 Go et autres mod\u00e8les de dimensions similaires. Construit en poly\u00e9thyl\u00e8ne Oxford, offrant une protection optimale. Int\u00e9rieur rembourr\u00e9 en coton perl\u00e9 pour prot\u00e9ger des rayures et des \u00e9raflures. D\u00e9guis\u00e9 pour faciliter le transport. Zip robuste et poign\u00e9es de transport confortables. Dimensions ext\u00e9rieures : 37 x 25 x 25 cm.  Dimensions ext\u00e9rieures : 37 x 25 x 25 cm.  Petit format : 37 x 25 x 25 cm.   Petit format : 37 x 25 x 25 cm.  Petit format : 37 x 25 x 25 cm.  Petit format : 37 x 25 x 25 cm.","og_url":"https:\/\/audibax.com\/fr\/produit\/atlanta-case-go-black-2\/","og_site_name":"Audibax","article_modified_time":"2023-12-27T10:54:54+00:00","twitter_card":"summary_large_image","twitter_misc":{"Dur\u00e9e de lecture estim\u00e9e":"1 minute"},"schema":{"@context":"https:\/\/schema.org","@graph":[{"@type":"WebPage","@id":"https:\/\/audibax.com\/fr\/produit\/atlanta-case-go-black-2\/","url":"https:\/\/audibax.com\/fr\/produit\/atlanta-case-go-black-2\/","name":"Atlanta Case Go Black - Audibax","isPartOf":{"@id":"https:\/\/audibax.com\/fr\/#website"},"primaryImageOfPage":{"@id":"https:\/\/audibax.com\/fr\/produit\/atlanta-case-go-black-2\/#primaryimage"},"image":{"@id":"https:\/\/audibax.com\/fr\/produit\/atlanta-case-go-black-2\/#primaryimage"},"thumbnailUrl":"https:\/\/audibax.com\/wp-content\/uploads\/2023\/12\/Atlanta-Case-Go-oferta.jpg","datePublished":"2023-12-11T12:31:16+00:00","dateModified":"2023-12-27T10:54:54+00:00","breadcrumb":{"@id":"https:\/\/audibax.com\/fr\/produit\/atlanta-case-go-black-2\/#breadcrumb"},"inLanguage":"fr-FR","potentialAction":[{"@type":"ReadAction","target":["https:\/\/audibax.com\/fr\/produit\/atlanta-case-go-black-2\/"]}]},{"@type":"ImageObject","inLanguage":"fr-FR","@id":"https:\/\/audibax.com\/fr\/produit\/atlanta-case-go-black-2\/#primaryimage","url":"https:\/\/audibax.com\/wp-content\/uploads\/2023\/12\/Atlanta-Case-Go-oferta.jpg","contentUrl":"https:\/\/audibax.com\/wp-content\/uploads\/2023\/12\/Atlanta-Case-Go-oferta.jpg","width":920,"height":1500},{"@type":"BreadcrumbList","@id":"https:\/\/audibax.com\/fr\/produit\/atlanta-case-go-black-2\/#breadcrumb","itemListElement":[{"@type":"ListItem","position":1,"name":"Portada","item":"https:\/\/audibax.com\/fr\/"},{"@type":"ListItem","position":2,"name":"Produits","item":"https:\/\/audibax.com\/fr\/shop\/"},{"@type":"ListItem","position":3,"name":"Atlanta Case Go Black"}]},{"@type":"WebSite","@id":"https:\/\/audibax.com\/fr\/#website","url":"https:\/\/audibax.com\/fr\/","name":"Audibax","description":"","publisher":{"@id":"https:\/\/audibax.com\/fr\/#organization"},"potentialAction":[{"@type":"SearchAction","target":{"@type":"EntryPoint","urlTemplate":"https:\/\/audibax.com\/fr\/?s={search_term_string}"},"query-input":{"@type":"PropertyValueSpecification","valueRequired":true,"valueName":"search_term_string"}}],"inLanguage":"fr-FR"},{"@type":"Organization","@id":"https:\/\/audibax.com\/fr\/#organization","name":"Audibax","url":"https:\/\/audibax.com\/fr\/","logo":{"@type":"ImageObject","inLanguage":"fr-FR","@id":"https:\/\/audibax.com\/fr\/#\/schema\/logo\/image\/","url":"https:\/\/audibax.com\/wp-content\/uploads\/2023\/09\/logo-Audibax-BLANCO-SVG-1.svg","contentUrl":"https:\/\/audibax.com\/wp-content\/uploads\/2023\/09\/logo-Audibax-BLANCO-SVG-1.svg","caption":"Audibax"},"image":{"@id":"https:\/\/audibax.com\/fr\/#\/schema\/logo\/image\/"}}]}},"_links":{"self":[{"href":"https:\/\/audibax.com\/fr\/wp-json\/wp\/v2\/product\/36574","targetHints":{"allow":["GET"]}}],"collection":[{"href":"https:\/\/audibax.com\/fr\/wp-json\/wp\/v2\/product"}],"about":[{"href":"https:\/\/audibax.com\/fr\/wp-json\/wp\/v2\/types\/product"}],"replies":[{"embeddable":true,"href":"https:\/\/audibax.com\/fr\/wp-json\/wp\/v2\/comments?post=36574"}],"wp:featuredmedia":[{"embeddable":true,"href":"https:\/\/audibax.com\/fr\/wp-json\/wp\/v2\/media\/16493"}],"wp:attachment":[{"href":"https:\/\/audibax.com\/fr\/wp-json\/wp\/v2\/media?parent=36574"}],"wp:term":[{"taxonomy":"product_cat","embeddable":true,"href":"https:\/\/audibax.com\/fr\/wp-json\/wp\/v2\/product_cat?post=36574"},{"taxonomy":"product_tag","embeddable":true,"href":"https:\/\/audibax.com\/fr\/wp-json\/wp\/v2\/product_tag?post=36574"}],"curies":[{"name":"wp","href":"https:\/\/api.w.org\/{rel}","templated":true}]}}