{"id":36573,"date":"2023-12-11T13:31:14","date_gmt":"2023-12-11T12:31:14","guid":{"rendered":"https:\/\/audibax.com\/product\/neo-bag-12-black-2\/"},"modified":"2023-12-27T11:54:53","modified_gmt":"2023-12-27T10:54:53","slug":"neo-bag-12-black-2","status":"publish","type":"product","link":"https:\/\/audibax.com\/fr\/produit\/neo-bag-12-black-2\/","title":{"rendered":"Neo Bag 12 Black"},"content":{"rendered":"<p>Le <strong>Audibax Neo Bag 12<\/strong> est un \u00e9tui universel pour les enceintes actives et passives de 12&Prime;. Le tissu en nylon est tr\u00e8s r\u00e9sistant et imperm\u00e9able et garantit une protection optimale contre les impacts externes et les rayures ou dommages pouvant survenir pendant le transport. Il est principalement con\u00e7u pour prot\u00e9ger le haut-parleur contre les conditions m\u00e9t\u00e9orologiques telles que le vent et la pluie. L&rsquo;\u00e9tui comprend deux rabats sur les c\u00f4t\u00e9s qui permettent un meilleur acc\u00e8s \u00e0 la manipulation de l&rsquo;enceinte ainsi qu&rsquo;aux bornes de passage.<\/p>\n<p>&nbsp;<\/p>\n<h2>Sp\u00e9cifications<\/h2>\n<\/p>\n<p>&nbsp;<\/p>\n<p>Sp\u00e9cifications<\/h2>\n<p>&nbsp;<\/p>\n<p>Sp\u00e9cifications<\/h2>\n<p>. <\/p>\n<ul>\n<li>Etui pour haut-parleur<\/li>\n<li>Haut-parleur 12&rdquo;<\/li>\n<li>Couleur : Noir<\/li>\n<li>Mat\u00e9riau : Poly&#038;&eacute;st\u00e9r\u00e9o<\/li>\n<li>Etanch\u00e9it\u00e9<\/li>\n<li>Dimensions :\n<ul style=\"list-style-type:circle\">\n<li>Hauteur : 63.5cm<\/li>\n<li>Profondeur : 37cm<\/li>\n<li>Largeur avant : 42cm<\/li>\n<li>Largeur arri\u00e8re : 28cm<\/li>\n<\/ul>\n<\/li>\n<\/li>\n<\/ul>\n<\/ul>\n<\/ul>\n","protected":false},"excerpt":{"rendered":"<ul>\n<li>Etui pour haut-parleur<\/li>\n<li>Haut-parleur 12 pouces<\/li>\n<li>Couleur : Noir<\/li>\n<li>Mat\u00e9riau : Poly&#038;Steryl<\/li>\n<li>R\u00e9sistant \u00e0 l&rsquo;eau<\/li>\n<\/ul>\n<\/ul>\n","protected":false},"featured_media":17417,"comment_status":"open","ping_status":"closed","template":"","meta":{"_acf_changed":false},"product_cat":[341],"product_tag":[],"class_list":{"0":"post-36573","1":"product","2":"type-product","3":"status-publish","4":"has-post-thumbnail","6":"product_cat-couvercle-du-haut-parleur","8":"first","9":"instock","10":"shipping-taxable","11":"product-type-simple"},"acf":[],"yoast_head":"<!-- This site is optimized with the Yoast SEO plugin v27.0 - https:\/\/yoast.com\/product\/yoast-seo-wordpress\/ -->\n<title>Neo Bag 12 Black - Audibax<\/title>\n<meta name=\"robots\" content=\"index, follow, max-snippet:-1, max-image-preview:large, max-video-preview:-1\" \/>\n<link rel=\"canonical\" href=\"https:\/\/audibax.com\/fr\/produit\/neo-bag-12-black-2\/\" \/>\n<meta property=\"og:locale\" content=\"fr_FR\" \/>\n<meta property=\"og:type\" content=\"article\" \/>\n<meta property=\"og:title\" content=\"Neo Bag 12 Black - Audibax\" \/>\n<meta property=\"og:description\" content=\"Etui pour haut-parleur Haut-parleur 12 pouces Couleur : Noir Mat\u00e9riau : Poly&amp;Steryl R\u00e9sistant \u00e0 l&#039;eau\" \/>\n<meta property=\"og:url\" content=\"https:\/\/audibax.com\/fr\/produit\/neo-bag-12-black-2\/\" \/>\n<meta property=\"og:site_name\" content=\"Audibax\" \/>\n<meta property=\"article:modified_time\" content=\"2023-12-27T10:54:53+00:00\" \/>\n<meta name=\"twitter:card\" content=\"summary_large_image\" \/>\n<meta name=\"twitter:label1\" content=\"Dur\u00e9e de lecture estim\u00e9e\" \/>\n\t<meta name=\"twitter:data1\" content=\"1 minute\" \/>\n<script type=\"application\/ld+json\" class=\"yoast-schema-graph\">{\"@context\":\"https:\/\/schema.org\",\"@graph\":[{\"@type\":\"WebPage\",\"@id\":\"https:\/\/audibax.com\/fr\/produit\/neo-bag-12-black-2\/\",\"url\":\"https:\/\/audibax.com\/fr\/produit\/neo-bag-12-black-2\/\",\"name\":\"Neo Bag 12 Black - Audibax\",\"isPartOf\":{\"@id\":\"https:\/\/audibax.com\/fr\/#website\"},\"primaryImageOfPage\":{\"@id\":\"https:\/\/audibax.com\/fr\/produit\/neo-bag-12-black-2\/#primaryimage\"},\"image\":{\"@id\":\"https:\/\/audibax.com\/fr\/produit\/neo-bag-12-black-2\/#primaryimage\"},\"thumbnailUrl\":\"https:\/\/audibax.com\/wp-content\/uploads\/2023\/12\/Audibax-Neo-Bag-12-Negro-Funda-Altavoz-Comprar-MH.jpg\",\"datePublished\":\"2023-12-11T12:31:14+00:00\",\"dateModified\":\"2023-12-27T10:54:53+00:00\",\"breadcrumb\":{\"@id\":\"https:\/\/audibax.com\/fr\/produit\/neo-bag-12-black-2\/#breadcrumb\"},\"inLanguage\":\"fr-FR\",\"potentialAction\":[{\"@type\":\"ReadAction\",\"target\":[\"https:\/\/audibax.com\/fr\/produit\/neo-bag-12-black-2\/\"]}]},{\"@type\":\"ImageObject\",\"inLanguage\":\"fr-FR\",\"@id\":\"https:\/\/audibax.com\/fr\/produit\/neo-bag-12-black-2\/#primaryimage\",\"url\":\"https:\/\/audibax.com\/wp-content\/uploads\/2023\/12\/Audibax-Neo-Bag-12-Negro-Funda-Altavoz-Comprar-MH.jpg\",\"contentUrl\":\"https:\/\/audibax.com\/wp-content\/uploads\/2023\/12\/Audibax-Neo-Bag-12-Negro-Funda-Altavoz-Comprar-MH.jpg\",\"width\":1205,\"height\":1450},{\"@type\":\"BreadcrumbList\",\"@id\":\"https:\/\/audibax.com\/fr\/produit\/neo-bag-12-black-2\/#breadcrumb\",\"itemListElement\":[{\"@type\":\"ListItem\",\"position\":1,\"name\":\"Portada\",\"item\":\"https:\/\/audibax.com\/fr\/\"},{\"@type\":\"ListItem\",\"position\":2,\"name\":\"Produits\",\"item\":\"https:\/\/audibax.com\/fr\/shop\/\"},{\"@type\":\"ListItem\",\"position\":3,\"name\":\"Neo Bag 12 Black\"}]},{\"@type\":\"WebSite\",\"@id\":\"https:\/\/audibax.com\/fr\/#website\",\"url\":\"https:\/\/audibax.com\/fr\/\",\"name\":\"Audibax\",\"description\":\"\",\"publisher\":{\"@id\":\"https:\/\/audibax.com\/fr\/#organization\"},\"potentialAction\":[{\"@type\":\"SearchAction\",\"target\":{\"@type\":\"EntryPoint\",\"urlTemplate\":\"https:\/\/audibax.com\/fr\/?s={search_term_string}\"},\"query-input\":{\"@type\":\"PropertyValueSpecification\",\"valueRequired\":true,\"valueName\":\"search_term_string\"}}],\"inLanguage\":\"fr-FR\"},{\"@type\":\"Organization\",\"@id\":\"https:\/\/audibax.com\/fr\/#organization\",\"name\":\"Audibax\",\"url\":\"https:\/\/audibax.com\/fr\/\",\"logo\":{\"@type\":\"ImageObject\",\"inLanguage\":\"fr-FR\",\"@id\":\"https:\/\/audibax.com\/fr\/#\/schema\/logo\/image\/\",\"url\":\"https:\/\/audibax.com\/wp-content\/uploads\/2023\/09\/logo-Audibax-BLANCO-SVG-1.svg\",\"contentUrl\":\"https:\/\/audibax.com\/wp-content\/uploads\/2023\/09\/logo-Audibax-BLANCO-SVG-1.svg\",\"caption\":\"Audibax\"},\"image\":{\"@id\":\"https:\/\/audibax.com\/fr\/#\/schema\/logo\/image\/\"}}]}<\/script>\n<!-- \/ Yoast SEO plugin. -->","yoast_head_json":{"title":"Neo Bag 12 Black - Audibax","robots":{"index":"index","follow":"follow","max-snippet":"max-snippet:-1","max-image-preview":"max-image-preview:large","max-video-preview":"max-video-preview:-1"},"canonical":"https:\/\/audibax.com\/fr\/produit\/neo-bag-12-black-2\/","og_locale":"fr_FR","og_type":"article","og_title":"Neo Bag 12 Black - Audibax","og_description":"Etui pour haut-parleur Haut-parleur 12 pouces Couleur : Noir Mat\u00e9riau : Poly&Steryl R\u00e9sistant \u00e0 l'eau","og_url":"https:\/\/audibax.com\/fr\/produit\/neo-bag-12-black-2\/","og_site_name":"Audibax","article_modified_time":"2023-12-27T10:54:53+00:00","twitter_card":"summary_large_image","twitter_misc":{"Dur\u00e9e de lecture estim\u00e9e":"1 minute"},"schema":{"@context":"https:\/\/schema.org","@graph":[{"@type":"WebPage","@id":"https:\/\/audibax.com\/fr\/produit\/neo-bag-12-black-2\/","url":"https:\/\/audibax.com\/fr\/produit\/neo-bag-12-black-2\/","name":"Neo Bag 12 Black - Audibax","isPartOf":{"@id":"https:\/\/audibax.com\/fr\/#website"},"primaryImageOfPage":{"@id":"https:\/\/audibax.com\/fr\/produit\/neo-bag-12-black-2\/#primaryimage"},"image":{"@id":"https:\/\/audibax.com\/fr\/produit\/neo-bag-12-black-2\/#primaryimage"},"thumbnailUrl":"https:\/\/audibax.com\/wp-content\/uploads\/2023\/12\/Audibax-Neo-Bag-12-Negro-Funda-Altavoz-Comprar-MH.jpg","datePublished":"2023-12-11T12:31:14+00:00","dateModified":"2023-12-27T10:54:53+00:00","breadcrumb":{"@id":"https:\/\/audibax.com\/fr\/produit\/neo-bag-12-black-2\/#breadcrumb"},"inLanguage":"fr-FR","potentialAction":[{"@type":"ReadAction","target":["https:\/\/audibax.com\/fr\/produit\/neo-bag-12-black-2\/"]}]},{"@type":"ImageObject","inLanguage":"fr-FR","@id":"https:\/\/audibax.com\/fr\/produit\/neo-bag-12-black-2\/#primaryimage","url":"https:\/\/audibax.com\/wp-content\/uploads\/2023\/12\/Audibax-Neo-Bag-12-Negro-Funda-Altavoz-Comprar-MH.jpg","contentUrl":"https:\/\/audibax.com\/wp-content\/uploads\/2023\/12\/Audibax-Neo-Bag-12-Negro-Funda-Altavoz-Comprar-MH.jpg","width":1205,"height":1450},{"@type":"BreadcrumbList","@id":"https:\/\/audibax.com\/fr\/produit\/neo-bag-12-black-2\/#breadcrumb","itemListElement":[{"@type":"ListItem","position":1,"name":"Portada","item":"https:\/\/audibax.com\/fr\/"},{"@type":"ListItem","position":2,"name":"Produits","item":"https:\/\/audibax.com\/fr\/shop\/"},{"@type":"ListItem","position":3,"name":"Neo Bag 12 Black"}]},{"@type":"WebSite","@id":"https:\/\/audibax.com\/fr\/#website","url":"https:\/\/audibax.com\/fr\/","name":"Audibax","description":"","publisher":{"@id":"https:\/\/audibax.com\/fr\/#organization"},"potentialAction":[{"@type":"SearchAction","target":{"@type":"EntryPoint","urlTemplate":"https:\/\/audibax.com\/fr\/?s={search_term_string}"},"query-input":{"@type":"PropertyValueSpecification","valueRequired":true,"valueName":"search_term_string"}}],"inLanguage":"fr-FR"},{"@type":"Organization","@id":"https:\/\/audibax.com\/fr\/#organization","name":"Audibax","url":"https:\/\/audibax.com\/fr\/","logo":{"@type":"ImageObject","inLanguage":"fr-FR","@id":"https:\/\/audibax.com\/fr\/#\/schema\/logo\/image\/","url":"https:\/\/audibax.com\/wp-content\/uploads\/2023\/09\/logo-Audibax-BLANCO-SVG-1.svg","contentUrl":"https:\/\/audibax.com\/wp-content\/uploads\/2023\/09\/logo-Audibax-BLANCO-SVG-1.svg","caption":"Audibax"},"image":{"@id":"https:\/\/audibax.com\/fr\/#\/schema\/logo\/image\/"}}]}},"_links":{"self":[{"href":"https:\/\/audibax.com\/fr\/wp-json\/wp\/v2\/product\/36573","targetHints":{"allow":["GET"]}}],"collection":[{"href":"https:\/\/audibax.com\/fr\/wp-json\/wp\/v2\/product"}],"about":[{"href":"https:\/\/audibax.com\/fr\/wp-json\/wp\/v2\/types\/product"}],"replies":[{"embeddable":true,"href":"https:\/\/audibax.com\/fr\/wp-json\/wp\/v2\/comments?post=36573"}],"wp:featuredmedia":[{"embeddable":true,"href":"https:\/\/audibax.com\/fr\/wp-json\/wp\/v2\/media\/17417"}],"wp:attachment":[{"href":"https:\/\/audibax.com\/fr\/wp-json\/wp\/v2\/media?parent=36573"}],"wp:term":[{"taxonomy":"product_cat","embeddable":true,"href":"https:\/\/audibax.com\/fr\/wp-json\/wp\/v2\/product_cat?post=36573"},{"taxonomy":"product_tag","embeddable":true,"href":"https:\/\/audibax.com\/fr\/wp-json\/wp\/v2\/product_tag?post=36573"}],"curies":[{"name":"wp","href":"https:\/\/api.w.org\/{rel}","templated":true}]}}