{"id":36568,"date":"2023-12-11T13:30:54","date_gmt":"2023-12-11T12:30:54","guid":{"rendered":"https:\/\/audibax.com\/product\/onyx-bag-88-plus-black-2\/"},"modified":"2023-12-27T11:54:46","modified_gmt":"2023-12-27T10:54:46","slug":"onyx-bag-88-plus-black-2","status":"publish","type":"product","link":"https:\/\/audibax.com\/fr\/produit\/onyx-bag-88-plus-black-2\/","title":{"rendered":"Onyx Bag 88 Plus Black"},"content":{"rendered":"<\/p>\n<p><strong>Audibax Onyx Bag 88 Plus&nbsp;\u00c9tui pour claviers \/ pianos 88 touches<\/strong><\/p>\n<p><strong>Audibax Onyx Bag 88 Plus<\/strong> est un \u00e9tui \u00e0 clavier en tissu tr\u00e8s l\u00e9ger, durable et imperm\u00e9able.Audibax Onyx 88 Plus<\/strong> est un \u00e9tui \u00e0 clavier en tissu tr\u00e8s l\u00e9ger, durable et imperm\u00e9able qui convient \u00e0 la plupart des marques. Son design noir est simple et \u00e9l\u00e9gant. Il est dot\u00e9 d&rsquo;un rembourrage int\u00e9rieur de 5 mm pour que votre clavier soit toujours prot\u00e9g\u00e9, \u00e9vitant ainsi d&rsquo;\u00e9ventuelles rayures ou \u00e9raflures lors du transport. Il est \u00e9galement dot\u00e9 d&rsquo;un tissu imperm\u00e9able qui le prot\u00e8ge de la poussi\u00e8re, de la salet\u00e9 et de l&rsquo;humidit\u00e9, afin que vous puissiez profiter de la longue dur\u00e9e de vie de votre instrument. Cet \u00e9tui est vraiment pratique et spacieux. Il a \u00e9t\u00e9 con\u00e7u pour contenir les accessoires dont vous avez besoin lorsque vous d\u00e9placez votre clavier. Il est dot\u00e9 d&rsquo;une poche ext\u00e9rieure zipp\u00e9e qui vous permet de transporter tout ce dont vous avez besoin pour vos concerts ou vos cours en un seul endroit. Les deux poign\u00e9es sont renforc\u00e9es par un rembourrage pour un plus grand confort de transport. De plus, cet \u00e9tui est \u00e9galement \u00e9quip\u00e9 d&rsquo;une bandouli\u00e8re suppl\u00e9mentaire pour faciliter le transport de votre instrument sur de longues distances.<\/p>\n<p>Audibax Onyx 88 Plus est parfait pour les d\u00e9butants, les \u00e9tudiants et les musiciens professionnels qui veulent garder leur clavier prot\u00e9g\u00e9 et recherchent le confort lors de son transport.<\/p>\n<h3>Caract\u00e9ristiques Audibax Onyx Bag 88 Plus :<\/h3>\n<ul>\n<li>Etui pour claviers \u00e0 88 touches<\/li>\n<li>Couleur : Noir<\/li>\n<li>Mat\u00e9riau : Une bandouli\u00e8re suppl\u00e9mentaire<\/li>\n<li>Compartiment ext\u00e9rieur pour ranger les accessoires<\/li>\n<li>Dimensions :\n<ul style=\"list-style-type:disc\">\n<li>Hauteur : 41cm<\/li>\n<li>Largeur : 147cm<\/li>\n<li>Profondeur : 19cm<\/li>\n<li>Coussinet : 5mm<\/li>\n<\/ul>\n<\/li>\n<\/li>\n<\/ul>\n","protected":false},"excerpt":{"rendered":"<ul>\n<li>Couleur : Noir<\/li>\n<li>Couleur : Noir<\/li>\n<li>Mat\u00e9riau : Tissu<\/li>\n<li>R\u00e9sistant \u00e0 l&rsquo;eau<\/li>\n<li>Deux poign\u00e9es avec renfort rembourr\u00e9<\/li>\n<li>.Une bandouli\u00e8re suppl\u00e9mentaire<\/li>\n<li>Compartiment ext\u00e9rieur pour ranger les accessoires<\/li>\n<\/ul>\n<li> <\/ul>\n<li>Compartiment ext\u00e9rieur pour ranger les accessoires<\/li>\n<\/ul>\n<\/ul>\n<p>.<\/p>\n","protected":false},"featured_media":16679,"comment_status":"open","ping_status":"closed","template":"","meta":{"_acf_changed":false},"product_cat":[337],"product_tag":[],"class_list":{"0":"post-36568","1":"product","2":"type-product","3":"status-publish","4":"has-post-thumbnail","6":"product_cat-sacs-a-clavier","8":"first","9":"instock","10":"shipping-taxable","11":"product-type-simple"},"acf":[],"yoast_head":"<!-- This site is optimized with the Yoast SEO plugin v27.0 - https:\/\/yoast.com\/product\/yoast-seo-wordpress\/ -->\n<title>Onyx Bag 88 Plus Black - Audibax<\/title>\n<meta name=\"robots\" content=\"index, follow, max-snippet:-1, max-image-preview:large, max-video-preview:-1\" \/>\n<link rel=\"canonical\" href=\"https:\/\/audibax.com\/fr\/produit\/onyx-bag-88-plus-black-2\/\" \/>\n<meta property=\"og:locale\" content=\"fr_FR\" \/>\n<meta property=\"og:type\" content=\"article\" \/>\n<meta property=\"og:title\" content=\"Onyx Bag 88 Plus Black - Audibax\" \/>\n<meta property=\"og:description\" content=\"Couleur : Noir Couleur : Noir Mat\u00e9riau : Tissu R\u00e9sistant \u00e0 l&#039;eau Deux poign\u00e9es avec renfort rembourr\u00e9 .Une bandouli\u00e8re suppl\u00e9mentaire Compartiment ext\u00e9rieur pour ranger les accessoires  Compartiment ext\u00e9rieur pour ranger les accessoires .\" \/>\n<meta property=\"og:url\" content=\"https:\/\/audibax.com\/fr\/produit\/onyx-bag-88-plus-black-2\/\" \/>\n<meta property=\"og:site_name\" content=\"Audibax\" \/>\n<meta property=\"article:modified_time\" content=\"2023-12-27T10:54:46+00:00\" \/>\n<meta name=\"twitter:card\" content=\"summary_large_image\" \/>\n<meta name=\"twitter:label1\" content=\"Dur\u00e9e de lecture estim\u00e9e\" \/>\n\t<meta name=\"twitter:data1\" content=\"1 minute\" \/>\n<script type=\"application\/ld+json\" class=\"yoast-schema-graph\">{\"@context\":\"https:\/\/schema.org\",\"@graph\":[{\"@type\":\"WebPage\",\"@id\":\"https:\/\/audibax.com\/fr\/produit\/onyx-bag-88-plus-black-2\/\",\"url\":\"https:\/\/audibax.com\/fr\/produit\/onyx-bag-88-plus-black-2\/\",\"name\":\"Onyx Bag 88 Plus Black - Audibax\",\"isPartOf\":{\"@id\":\"https:\/\/audibax.com\/fr\/#website\"},\"primaryImageOfPage\":{\"@id\":\"https:\/\/audibax.com\/fr\/produit\/onyx-bag-88-plus-black-2\/#primaryimage\"},\"image\":{\"@id\":\"https:\/\/audibax.com\/fr\/produit\/onyx-bag-88-plus-black-2\/#primaryimage\"},\"thumbnailUrl\":\"https:\/\/audibax.com\/wp-content\/uploads\/2023\/12\/audibax_Onyx_Bag_88_Plus_funda_teclado_88teclas_profesional.jpg\",\"datePublished\":\"2023-12-11T12:30:54+00:00\",\"dateModified\":\"2023-12-27T10:54:46+00:00\",\"breadcrumb\":{\"@id\":\"https:\/\/audibax.com\/fr\/produit\/onyx-bag-88-plus-black-2\/#breadcrumb\"},\"inLanguage\":\"fr-FR\",\"potentialAction\":[{\"@type\":\"ReadAction\",\"target\":[\"https:\/\/audibax.com\/fr\/produit\/onyx-bag-88-plus-black-2\/\"]}]},{\"@type\":\"ImageObject\",\"inLanguage\":\"fr-FR\",\"@id\":\"https:\/\/audibax.com\/fr\/produit\/onyx-bag-88-plus-black-2\/#primaryimage\",\"url\":\"https:\/\/audibax.com\/wp-content\/uploads\/2023\/12\/audibax_Onyx_Bag_88_Plus_funda_teclado_88teclas_profesional.jpg\",\"contentUrl\":\"https:\/\/audibax.com\/wp-content\/uploads\/2023\/12\/audibax_Onyx_Bag_88_Plus_funda_teclado_88teclas_profesional.jpg\",\"width\":1500,\"height\":846},{\"@type\":\"BreadcrumbList\",\"@id\":\"https:\/\/audibax.com\/fr\/produit\/onyx-bag-88-plus-black-2\/#breadcrumb\",\"itemListElement\":[{\"@type\":\"ListItem\",\"position\":1,\"name\":\"Portada\",\"item\":\"https:\/\/audibax.com\/fr\/\"},{\"@type\":\"ListItem\",\"position\":2,\"name\":\"Produits\",\"item\":\"https:\/\/audibax.com\/fr\/shop\/\"},{\"@type\":\"ListItem\",\"position\":3,\"name\":\"Onyx Bag 88 Plus Black\"}]},{\"@type\":\"WebSite\",\"@id\":\"https:\/\/audibax.com\/fr\/#website\",\"url\":\"https:\/\/audibax.com\/fr\/\",\"name\":\"Audibax\",\"description\":\"\",\"publisher\":{\"@id\":\"https:\/\/audibax.com\/fr\/#organization\"},\"potentialAction\":[{\"@type\":\"SearchAction\",\"target\":{\"@type\":\"EntryPoint\",\"urlTemplate\":\"https:\/\/audibax.com\/fr\/?s={search_term_string}\"},\"query-input\":{\"@type\":\"PropertyValueSpecification\",\"valueRequired\":true,\"valueName\":\"search_term_string\"}}],\"inLanguage\":\"fr-FR\"},{\"@type\":\"Organization\",\"@id\":\"https:\/\/audibax.com\/fr\/#organization\",\"name\":\"Audibax\",\"url\":\"https:\/\/audibax.com\/fr\/\",\"logo\":{\"@type\":\"ImageObject\",\"inLanguage\":\"fr-FR\",\"@id\":\"https:\/\/audibax.com\/fr\/#\/schema\/logo\/image\/\",\"url\":\"https:\/\/audibax.com\/wp-content\/uploads\/2023\/09\/logo-Audibax-BLANCO-SVG-1.svg\",\"contentUrl\":\"https:\/\/audibax.com\/wp-content\/uploads\/2023\/09\/logo-Audibax-BLANCO-SVG-1.svg\",\"caption\":\"Audibax\"},\"image\":{\"@id\":\"https:\/\/audibax.com\/fr\/#\/schema\/logo\/image\/\"}}]}<\/script>\n<!-- \/ Yoast SEO plugin. -->","yoast_head_json":{"title":"Onyx Bag 88 Plus Black - Audibax","robots":{"index":"index","follow":"follow","max-snippet":"max-snippet:-1","max-image-preview":"max-image-preview:large","max-video-preview":"max-video-preview:-1"},"canonical":"https:\/\/audibax.com\/fr\/produit\/onyx-bag-88-plus-black-2\/","og_locale":"fr_FR","og_type":"article","og_title":"Onyx Bag 88 Plus Black - Audibax","og_description":"Couleur : Noir Couleur : Noir Mat\u00e9riau : Tissu R\u00e9sistant \u00e0 l'eau Deux poign\u00e9es avec renfort rembourr\u00e9 .Une bandouli\u00e8re suppl\u00e9mentaire Compartiment ext\u00e9rieur pour ranger les accessoires  Compartiment ext\u00e9rieur pour ranger les accessoires .","og_url":"https:\/\/audibax.com\/fr\/produit\/onyx-bag-88-plus-black-2\/","og_site_name":"Audibax","article_modified_time":"2023-12-27T10:54:46+00:00","twitter_card":"summary_large_image","twitter_misc":{"Dur\u00e9e de lecture estim\u00e9e":"1 minute"},"schema":{"@context":"https:\/\/schema.org","@graph":[{"@type":"WebPage","@id":"https:\/\/audibax.com\/fr\/produit\/onyx-bag-88-plus-black-2\/","url":"https:\/\/audibax.com\/fr\/produit\/onyx-bag-88-plus-black-2\/","name":"Onyx Bag 88 Plus Black - Audibax","isPartOf":{"@id":"https:\/\/audibax.com\/fr\/#website"},"primaryImageOfPage":{"@id":"https:\/\/audibax.com\/fr\/produit\/onyx-bag-88-plus-black-2\/#primaryimage"},"image":{"@id":"https:\/\/audibax.com\/fr\/produit\/onyx-bag-88-plus-black-2\/#primaryimage"},"thumbnailUrl":"https:\/\/audibax.com\/wp-content\/uploads\/2023\/12\/audibax_Onyx_Bag_88_Plus_funda_teclado_88teclas_profesional.jpg","datePublished":"2023-12-11T12:30:54+00:00","dateModified":"2023-12-27T10:54:46+00:00","breadcrumb":{"@id":"https:\/\/audibax.com\/fr\/produit\/onyx-bag-88-plus-black-2\/#breadcrumb"},"inLanguage":"fr-FR","potentialAction":[{"@type":"ReadAction","target":["https:\/\/audibax.com\/fr\/produit\/onyx-bag-88-plus-black-2\/"]}]},{"@type":"ImageObject","inLanguage":"fr-FR","@id":"https:\/\/audibax.com\/fr\/produit\/onyx-bag-88-plus-black-2\/#primaryimage","url":"https:\/\/audibax.com\/wp-content\/uploads\/2023\/12\/audibax_Onyx_Bag_88_Plus_funda_teclado_88teclas_profesional.jpg","contentUrl":"https:\/\/audibax.com\/wp-content\/uploads\/2023\/12\/audibax_Onyx_Bag_88_Plus_funda_teclado_88teclas_profesional.jpg","width":1500,"height":846},{"@type":"BreadcrumbList","@id":"https:\/\/audibax.com\/fr\/produit\/onyx-bag-88-plus-black-2\/#breadcrumb","itemListElement":[{"@type":"ListItem","position":1,"name":"Portada","item":"https:\/\/audibax.com\/fr\/"},{"@type":"ListItem","position":2,"name":"Produits","item":"https:\/\/audibax.com\/fr\/shop\/"},{"@type":"ListItem","position":3,"name":"Onyx Bag 88 Plus Black"}]},{"@type":"WebSite","@id":"https:\/\/audibax.com\/fr\/#website","url":"https:\/\/audibax.com\/fr\/","name":"Audibax","description":"","publisher":{"@id":"https:\/\/audibax.com\/fr\/#organization"},"potentialAction":[{"@type":"SearchAction","target":{"@type":"EntryPoint","urlTemplate":"https:\/\/audibax.com\/fr\/?s={search_term_string}"},"query-input":{"@type":"PropertyValueSpecification","valueRequired":true,"valueName":"search_term_string"}}],"inLanguage":"fr-FR"},{"@type":"Organization","@id":"https:\/\/audibax.com\/fr\/#organization","name":"Audibax","url":"https:\/\/audibax.com\/fr\/","logo":{"@type":"ImageObject","inLanguage":"fr-FR","@id":"https:\/\/audibax.com\/fr\/#\/schema\/logo\/image\/","url":"https:\/\/audibax.com\/wp-content\/uploads\/2023\/09\/logo-Audibax-BLANCO-SVG-1.svg","contentUrl":"https:\/\/audibax.com\/wp-content\/uploads\/2023\/09\/logo-Audibax-BLANCO-SVG-1.svg","caption":"Audibax"},"image":{"@id":"https:\/\/audibax.com\/fr\/#\/schema\/logo\/image\/"}}]}},"_links":{"self":[{"href":"https:\/\/audibax.com\/fr\/wp-json\/wp\/v2\/product\/36568","targetHints":{"allow":["GET"]}}],"collection":[{"href":"https:\/\/audibax.com\/fr\/wp-json\/wp\/v2\/product"}],"about":[{"href":"https:\/\/audibax.com\/fr\/wp-json\/wp\/v2\/types\/product"}],"replies":[{"embeddable":true,"href":"https:\/\/audibax.com\/fr\/wp-json\/wp\/v2\/comments?post=36568"}],"wp:featuredmedia":[{"embeddable":true,"href":"https:\/\/audibax.com\/fr\/wp-json\/wp\/v2\/media\/16679"}],"wp:attachment":[{"href":"https:\/\/audibax.com\/fr\/wp-json\/wp\/v2\/media?parent=36568"}],"wp:term":[{"taxonomy":"product_cat","embeddable":true,"href":"https:\/\/audibax.com\/fr\/wp-json\/wp\/v2\/product_cat?post=36568"},{"taxonomy":"product_tag","embeddable":true,"href":"https:\/\/audibax.com\/fr\/wp-json\/wp\/v2\/product_tag?post=36568"}],"curies":[{"name":"wp","href":"https:\/\/api.w.org\/{rel}","templated":true}]}}