{"id":36564,"date":"2023-12-11T13:30:42","date_gmt":"2023-12-11T12:30:42","guid":{"rendered":"https:\/\/audibax.com\/product\/onyx-pack-single-black-2\/"},"modified":"2026-03-02T09:51:29","modified_gmt":"2026-03-02T08:51:29","slug":"onyx-pack-single-black-2","status":"publish","type":"product","link":"https:\/\/audibax.com\/fr\/produit\/onyx-pack-single-black-2\/","title":{"rendered":"Onyx Pack Single Black"},"content":{"rendered":"<p><strong>Onyx Pack Single Keyboard \/ Piano Stand + Keyboard Case 61 Keys Audibax<\/strong><\/p>\n<p>Le\u00a0<strong>Onyx Pack Single d&rsquo;Audibax<\/strong><\/p>\n<p>Le\u00a0<strong>Onyx Pack Single d&rsquo;Audibax<\/strong>\u00a0comprend un support de clavier \u00e0 ciseaux professionnel et un \u00e9tui \u00e0 clavier (Onyx Bag 61)<\/p>\n<p>Stand<\/p>\n<p>Il s&rsquo;agit d&rsquo;un support de clavier \u00e0 ciseaux professionnel simple.\/strong&gt;\u00a0comprend le pied de clavier et l&rsquo;\u00e9tui de clavier (Onyx Bag 61)<\/p>\n<p>Pied<\/p>\n<p>Il s&rsquo;agit d&rsquo;un pied de clavier professionnel \u00e0 ciseaux simples. Il est dot\u00e9 d&rsquo;un syst\u00e8me de r\u00e9glage de la hauteur et d&rsquo;une conception \u00e0 double structure, ce qui garantit une excellente stabilit\u00e9. Les capuchons en caoutchouc antid\u00e9rapants sur le dessous emp\u00eachent la base du clavier de bouger pendant le fonctionnement.<\/p>\n<p>Couverture<\/p>\n<p>Il s&rsquo;agit d&rsquo;une couverture de protection pour les claviers \u00e0 61 touches qui s&rsquo;adapte \u00e0 la plupart des marques. Elle prot\u00e8ge votre clavier de tout dommage pendant le transport car elle est con\u00e7ue pour emp\u00eacher la poussi\u00e8re et l&rsquo;humidit\u00e9 d&rsquo;atteindre l&rsquo;instrument, et c&rsquo;est un \u00e9tui r\u00e9sistant \u00e0 l&rsquo;eau. Il comprend deux poches ext\u00e9rieures (une avec fermeture \u00e9clair et une avec velcro) et l&rsquo;ouverture est form\u00e9e par deux solides fermetures \u00e9clair en m\u00e9tal pour un meilleur acc\u00e8s au piano. Il s&rsquo;agit d&rsquo;une valise pratique, tr\u00e8s spacieuse et portable, facile \u00e0 transporter gr\u00e2ce \u00e0 ses deux poign\u00e9es solides et confortables. En outre, il est tr\u00e8s facile et rapide \u00e0 installer, car il peut \u00eatre pli\u00e9 et rang\u00e9 lorsqu&rsquo;il n&rsquo;est pas utilis\u00e9.<\/p>\n<p>Sp\u00e9cifications<\/p>\n<ul>\n<li>Le pack comprend un support de clavier et un \u00e9tui de clavier<\/li>\n<li>Dimensions de l&rsquo;\u00e9tui :\n<ul>\n<li>Hauteur : 12cm<\/li>\n<li>Largeur : 97cm<\/li>\n<li>Profondeur : 42cm<\/li>\n<\/ul>\n<\/li>\n<li>Dimensions du support :\n<ul>\n<li>Socle inf\u00e9rieur (support de sol) : 40cm de long x 3,5cm d&rsquo;\u00e9paisseur<\/li>\n<li>Socle sup\u00e9rieur (support de clavier) : 35.5cm de long x 3.5cm d&rsquo;\u00e9paisseur<\/li>\n<li>Dimensions des pieds : 94cm de long x 3cm de large x 1.5cm de profondeur<\/li>\n<li>Poids maximum support\u00e9:35Kg<\/li>\n<\/ul>\n<\/li>\n<\/ul>\n","protected":false},"excerpt":{"rendered":"<p>Le\u00a0<strong>Onyx Pack Single by Audibax<\/strong>\u00a0compos\u00e9 de :<\/p>\n<ul>\n<li>Support de clavier<\/li>\n<li>Etui de clavier (Onyx Bag 61)<\/li>\n<\/ul>\n<p>.<\/p>\n","protected":false},"featured_media":18516,"comment_status":"open","ping_status":"closed","template":"","meta":{"_acf_changed":false},"product_cat":[337],"product_tag":[],"class_list":{"0":"post-36564","1":"product","2":"type-product","3":"status-publish","4":"has-post-thumbnail","6":"product_cat-sacs-a-clavier","8":"first","9":"instock","10":"shipping-taxable","11":"product-type-simple"},"acf":[],"yoast_head":"<!-- This site is optimized with the Yoast SEO plugin v27.0 - https:\/\/yoast.com\/product\/yoast-seo-wordpress\/ -->\n<title>Onyx Pack Single Black - Audibax<\/title>\n<meta name=\"robots\" content=\"index, follow, max-snippet:-1, max-image-preview:large, max-video-preview:-1\" \/>\n<link rel=\"canonical\" href=\"https:\/\/audibax.com\/fr\/produit\/onyx-pack-single-black-2\/\" \/>\n<meta property=\"og:locale\" content=\"fr_FR\" \/>\n<meta property=\"og:type\" content=\"article\" \/>\n<meta property=\"og:title\" content=\"Onyx Pack Single Black - Audibax\" \/>\n<meta property=\"og:description\" content=\"Le\u00a0Onyx Pack Single by Audibax\u00a0compos\u00e9 de :   Support de clavier  Etui de clavier (Onyx Bag 61)  .\" \/>\n<meta property=\"og:url\" content=\"https:\/\/audibax.com\/fr\/produit\/onyx-pack-single-black-2\/\" \/>\n<meta property=\"og:site_name\" content=\"Audibax\" \/>\n<meta property=\"article:modified_time\" content=\"2026-03-02T08:51:29+00:00\" \/>\n<meta property=\"og:image\" content=\"https:\/\/audibax.com\/wp-content\/uploads\/2023\/12\/Ony-Pack-teclado-funda-soporte.jpg\" \/>\n\t<meta property=\"og:image:width\" content=\"1000\" \/>\n\t<meta property=\"og:image:height\" content=\"500\" \/>\n\t<meta property=\"og:image:type\" content=\"image\/jpeg\" \/>\n<meta name=\"twitter:card\" content=\"summary_large_image\" \/>\n<meta name=\"twitter:label1\" content=\"Dur\u00e9e de lecture estim\u00e9e\" \/>\n\t<meta name=\"twitter:data1\" content=\"2 minutes\" \/>\n<script type=\"application\/ld+json\" class=\"yoast-schema-graph\">{\"@context\":\"https:\/\/schema.org\",\"@graph\":[{\"@type\":\"WebPage\",\"@id\":\"https:\/\/audibax.com\/fr\/produit\/onyx-pack-single-black-2\/\",\"url\":\"https:\/\/audibax.com\/fr\/produit\/onyx-pack-single-black-2\/\",\"name\":\"Onyx Pack Single Black - Audibax\",\"isPartOf\":{\"@id\":\"https:\/\/audibax.com\/fr\/#website\"},\"primaryImageOfPage\":{\"@id\":\"https:\/\/audibax.com\/fr\/produit\/onyx-pack-single-black-2\/#primaryimage\"},\"image\":{\"@id\":\"https:\/\/audibax.com\/fr\/produit\/onyx-pack-single-black-2\/#primaryimage\"},\"thumbnailUrl\":\"https:\/\/audibax.com\/wp-content\/uploads\/2023\/12\/Ony-Pack-teclado-funda-soporte.jpg\",\"datePublished\":\"2023-12-11T12:30:42+00:00\",\"dateModified\":\"2026-03-02T08:51:29+00:00\",\"breadcrumb\":{\"@id\":\"https:\/\/audibax.com\/fr\/produit\/onyx-pack-single-black-2\/#breadcrumb\"},\"inLanguage\":\"fr-FR\",\"potentialAction\":[{\"@type\":\"ReadAction\",\"target\":[\"https:\/\/audibax.com\/fr\/produit\/onyx-pack-single-black-2\/\"]}]},{\"@type\":\"ImageObject\",\"inLanguage\":\"fr-FR\",\"@id\":\"https:\/\/audibax.com\/fr\/produit\/onyx-pack-single-black-2\/#primaryimage\",\"url\":\"https:\/\/audibax.com\/wp-content\/uploads\/2023\/12\/Ony-Pack-teclado-funda-soporte.jpg\",\"contentUrl\":\"https:\/\/audibax.com\/wp-content\/uploads\/2023\/12\/Ony-Pack-teclado-funda-soporte.jpg\",\"width\":1000,\"height\":500},{\"@type\":\"BreadcrumbList\",\"@id\":\"https:\/\/audibax.com\/fr\/produit\/onyx-pack-single-black-2\/#breadcrumb\",\"itemListElement\":[{\"@type\":\"ListItem\",\"position\":1,\"name\":\"Portada\",\"item\":\"https:\/\/audibax.com\/fr\/\"},{\"@type\":\"ListItem\",\"position\":2,\"name\":\"Produits\",\"item\":\"https:\/\/audibax.com\/fr\/shop\/\"},{\"@type\":\"ListItem\",\"position\":3,\"name\":\"Onyx Pack Single Black\"}]},{\"@type\":\"WebSite\",\"@id\":\"https:\/\/audibax.com\/fr\/#website\",\"url\":\"https:\/\/audibax.com\/fr\/\",\"name\":\"Audibax\",\"description\":\"\",\"publisher\":{\"@id\":\"https:\/\/audibax.com\/fr\/#organization\"},\"potentialAction\":[{\"@type\":\"SearchAction\",\"target\":{\"@type\":\"EntryPoint\",\"urlTemplate\":\"https:\/\/audibax.com\/fr\/?s={search_term_string}\"},\"query-input\":{\"@type\":\"PropertyValueSpecification\",\"valueRequired\":true,\"valueName\":\"search_term_string\"}}],\"inLanguage\":\"fr-FR\"},{\"@type\":\"Organization\",\"@id\":\"https:\/\/audibax.com\/fr\/#organization\",\"name\":\"Audibax\",\"url\":\"https:\/\/audibax.com\/fr\/\",\"logo\":{\"@type\":\"ImageObject\",\"inLanguage\":\"fr-FR\",\"@id\":\"https:\/\/audibax.com\/fr\/#\/schema\/logo\/image\/\",\"url\":\"https:\/\/audibax.com\/wp-content\/uploads\/2023\/09\/logo-Audibax-BLANCO-SVG-1.svg\",\"contentUrl\":\"https:\/\/audibax.com\/wp-content\/uploads\/2023\/09\/logo-Audibax-BLANCO-SVG-1.svg\",\"caption\":\"Audibax\"},\"image\":{\"@id\":\"https:\/\/audibax.com\/fr\/#\/schema\/logo\/image\/\"}}]}<\/script>\n<!-- \/ Yoast SEO plugin. -->","yoast_head_json":{"title":"Onyx Pack Single Black - Audibax","robots":{"index":"index","follow":"follow","max-snippet":"max-snippet:-1","max-image-preview":"max-image-preview:large","max-video-preview":"max-video-preview:-1"},"canonical":"https:\/\/audibax.com\/fr\/produit\/onyx-pack-single-black-2\/","og_locale":"fr_FR","og_type":"article","og_title":"Onyx Pack Single Black - Audibax","og_description":"Le\u00a0Onyx Pack Single by Audibax\u00a0compos\u00e9 de :   Support de clavier  Etui de clavier (Onyx Bag 61)  .","og_url":"https:\/\/audibax.com\/fr\/produit\/onyx-pack-single-black-2\/","og_site_name":"Audibax","article_modified_time":"2026-03-02T08:51:29+00:00","og_image":[{"width":1000,"height":500,"url":"https:\/\/audibax.com\/wp-content\/uploads\/2023\/12\/Ony-Pack-teclado-funda-soporte.jpg","type":"image\/jpeg"}],"twitter_card":"summary_large_image","twitter_misc":{"Dur\u00e9e de lecture estim\u00e9e":"2 minutes"},"schema":{"@context":"https:\/\/schema.org","@graph":[{"@type":"WebPage","@id":"https:\/\/audibax.com\/fr\/produit\/onyx-pack-single-black-2\/","url":"https:\/\/audibax.com\/fr\/produit\/onyx-pack-single-black-2\/","name":"Onyx Pack Single Black - Audibax","isPartOf":{"@id":"https:\/\/audibax.com\/fr\/#website"},"primaryImageOfPage":{"@id":"https:\/\/audibax.com\/fr\/produit\/onyx-pack-single-black-2\/#primaryimage"},"image":{"@id":"https:\/\/audibax.com\/fr\/produit\/onyx-pack-single-black-2\/#primaryimage"},"thumbnailUrl":"https:\/\/audibax.com\/wp-content\/uploads\/2023\/12\/Ony-Pack-teclado-funda-soporte.jpg","datePublished":"2023-12-11T12:30:42+00:00","dateModified":"2026-03-02T08:51:29+00:00","breadcrumb":{"@id":"https:\/\/audibax.com\/fr\/produit\/onyx-pack-single-black-2\/#breadcrumb"},"inLanguage":"fr-FR","potentialAction":[{"@type":"ReadAction","target":["https:\/\/audibax.com\/fr\/produit\/onyx-pack-single-black-2\/"]}]},{"@type":"ImageObject","inLanguage":"fr-FR","@id":"https:\/\/audibax.com\/fr\/produit\/onyx-pack-single-black-2\/#primaryimage","url":"https:\/\/audibax.com\/wp-content\/uploads\/2023\/12\/Ony-Pack-teclado-funda-soporte.jpg","contentUrl":"https:\/\/audibax.com\/wp-content\/uploads\/2023\/12\/Ony-Pack-teclado-funda-soporte.jpg","width":1000,"height":500},{"@type":"BreadcrumbList","@id":"https:\/\/audibax.com\/fr\/produit\/onyx-pack-single-black-2\/#breadcrumb","itemListElement":[{"@type":"ListItem","position":1,"name":"Portada","item":"https:\/\/audibax.com\/fr\/"},{"@type":"ListItem","position":2,"name":"Produits","item":"https:\/\/audibax.com\/fr\/shop\/"},{"@type":"ListItem","position":3,"name":"Onyx Pack Single Black"}]},{"@type":"WebSite","@id":"https:\/\/audibax.com\/fr\/#website","url":"https:\/\/audibax.com\/fr\/","name":"Audibax","description":"","publisher":{"@id":"https:\/\/audibax.com\/fr\/#organization"},"potentialAction":[{"@type":"SearchAction","target":{"@type":"EntryPoint","urlTemplate":"https:\/\/audibax.com\/fr\/?s={search_term_string}"},"query-input":{"@type":"PropertyValueSpecification","valueRequired":true,"valueName":"search_term_string"}}],"inLanguage":"fr-FR"},{"@type":"Organization","@id":"https:\/\/audibax.com\/fr\/#organization","name":"Audibax","url":"https:\/\/audibax.com\/fr\/","logo":{"@type":"ImageObject","inLanguage":"fr-FR","@id":"https:\/\/audibax.com\/fr\/#\/schema\/logo\/image\/","url":"https:\/\/audibax.com\/wp-content\/uploads\/2023\/09\/logo-Audibax-BLANCO-SVG-1.svg","contentUrl":"https:\/\/audibax.com\/wp-content\/uploads\/2023\/09\/logo-Audibax-BLANCO-SVG-1.svg","caption":"Audibax"},"image":{"@id":"https:\/\/audibax.com\/fr\/#\/schema\/logo\/image\/"}}]}},"_links":{"self":[{"href":"https:\/\/audibax.com\/fr\/wp-json\/wp\/v2\/product\/36564","targetHints":{"allow":["GET"]}}],"collection":[{"href":"https:\/\/audibax.com\/fr\/wp-json\/wp\/v2\/product"}],"about":[{"href":"https:\/\/audibax.com\/fr\/wp-json\/wp\/v2\/types\/product"}],"replies":[{"embeddable":true,"href":"https:\/\/audibax.com\/fr\/wp-json\/wp\/v2\/comments?post=36564"}],"wp:featuredmedia":[{"embeddable":true,"href":"https:\/\/audibax.com\/fr\/wp-json\/wp\/v2\/media\/18516"}],"wp:attachment":[{"href":"https:\/\/audibax.com\/fr\/wp-json\/wp\/v2\/media?parent=36564"}],"wp:term":[{"taxonomy":"product_cat","embeddable":true,"href":"https:\/\/audibax.com\/fr\/wp-json\/wp\/v2\/product_cat?post=36564"},{"taxonomy":"product_tag","embeddable":true,"href":"https:\/\/audibax.com\/fr\/wp-json\/wp\/v2\/product_tag?post=36564"}],"curies":[{"name":"wp","href":"https:\/\/api.w.org\/{rel}","templated":true}]}}