{"id":36563,"date":"2023-12-11T13:30:40","date_gmt":"2023-12-11T12:30:40","guid":{"rendered":"https:\/\/audibax.com\/product\/onyx-bag-61-black-2\/"},"modified":"2023-12-27T11:54:39","modified_gmt":"2023-12-27T10:54:39","slug":"onyx-bag-61-black-2","status":"publish","type":"product","link":"https:\/\/audibax.com\/fr\/produit\/onyx-bag-61-black-2\/","title":{"rendered":"Onyx Bag 61 Black"},"content":{"rendered":"<\/p>\n<p>L&rsquo;<strong>Onyx Bag 61 by Audibax<\/strong> est un \u00e9tui de protection pour les claviers \u00e0 61 touches qui s&rsquo;adapte \u00e0 la plupart des marques. Avec son design cool et \u00e9l\u00e9gant, il prot\u00e8ge votre clavier de tout dommage pendant le transport car il est con\u00e7u pour emp\u00eacher la poussi\u00e8re et l&rsquo;humidit\u00e9 d&rsquo;atteindre l&rsquo;instrument, et c&rsquo;est un \u00e9tui \u00e9tanche. Le nettoyage est facile et simple car il peut \u00eatre nettoy\u00e9 en utilisant seulement un chiffon humide.<\/p>\n<p>L&rsquo;Onyx Bag 61 comprend deux poches ext\u00e9rieures (l&rsquo;une avec fermeture \u00e9clair et l&rsquo;autre avec velcro) pour ranger des livres, des stylos, des blocs d&rsquo;alimentation, des piles de rechange, des c\u00e2bles, des plaques de p\u00e9dales, etc. De plus, l&rsquo;ouverture est constitu\u00e9e de deux solides fermetures \u00e9clair en m\u00e9tal pour un meilleur acc\u00e8s au piano.<\/p>\n<p>Il s&rsquo;agit d&rsquo;un \u00e9tui pratique, tr\u00e8s spacieux et portable, facile \u00e0 transporter gr\u00e2ce \u00e0 ses deux poign\u00e9es solides et confortables, ce qui permet d&#8217;emporter votre clavier avec vous \u00e0 tout moment et o\u00f9 que vous alliez. En outre, il est tr\u00e8s facile et rapide \u00e0 installer et peut \u00eatre pli\u00e9 et rang\u00e9 lorsqu&rsquo;il n&rsquo;est pas utilis\u00e9.<\/p>\n<p>Avec l&rsquo;Audibax Onyx Bag 61, gardez votre clavier propre et \u00e0 l&rsquo;abri de la poussi\u00e8re, de la salet\u00e9 ou de tout dommage ou rayure et profitez de la longue dur\u00e9e de vie de votre instrument.<\/p>\n<h3>Sp\u00e9cifications<\/h3>\n<ul>\n<li>Couleur : Noir<\/li>\n<li>Mati\u00e8re : Poly&#038;nylon<\/li>\n<li>Tampon : 5mm<\/li>\n<li>Dimensions :\n<ul style=\"list-style-type:circle\">\n<li>Hauteur : 33,5cm<\/li>\n<li>Largeur : 97cm<\/li>\n<li>Profondeur : 12cm<\/li>\n<\/ul>\n<\/ul>\n<\/li>\n<li>R\u00e9sistance \u00e0 l&rsquo;eau<\/li>\n<\/ul>\n","protected":false},"excerpt":{"rendered":"<ul>\n<li>Couleur : Noir<\/li>\n<li>Mati\u00e8re : Poly\u00e9thyl\u00e8ne<\/li>\n<li>Etanch\u00e9it\u00e9<\/li>\n<\/ul>\n<li>Couverture pour claviers 61 touches<\/li>\n<li>Couleur : Noir<\/li>\n<li>Mati\u00e8re : Poly\u00e9thyl\u00e8ne<\/li>\n<li>Etanch\u00e9it\u00e9<\/li>\n<ul>.<\/p>\n","protected":false},"featured_media":17471,"comment_status":"open","ping_status":"closed","template":"","meta":{"_acf_changed":false},"product_cat":[337],"product_tag":[],"class_list":{"0":"post-36563","1":"product","2":"type-product","3":"status-publish","4":"has-post-thumbnail","6":"product_cat-sacs-a-clavier","8":"first","9":"instock","10":"shipping-taxable","11":"product-type-simple"},"acf":[],"yoast_head":"<!-- This site is optimized with the Yoast SEO plugin v27.0 - https:\/\/yoast.com\/product\/yoast-seo-wordpress\/ -->\n<title>Onyx Bag 61 Black - Audibax<\/title>\n<meta name=\"robots\" content=\"index, follow, max-snippet:-1, max-image-preview:large, max-video-preview:-1\" \/>\n<link rel=\"canonical\" href=\"https:\/\/audibax.com\/fr\/produit\/onyx-bag-61-black-2\/\" \/>\n<meta property=\"og:locale\" content=\"fr_FR\" \/>\n<meta property=\"og:type\" content=\"article\" \/>\n<meta property=\"og:title\" content=\"Onyx Bag 61 Black - Audibax\" \/>\n<meta property=\"og:description\" content=\"Couleur : Noir Mati\u00e8re : Poly\u00e9thyl\u00e8ne Etanch\u00e9it\u00e9 Couverture pour claviers 61 touches Couleur : Noir Mati\u00e8re : Poly\u00e9thyl\u00e8ne Etanch\u00e9it\u00e9 .\" \/>\n<meta property=\"og:url\" content=\"https:\/\/audibax.com\/fr\/produit\/onyx-bag-61-black-2\/\" \/>\n<meta property=\"og:site_name\" content=\"Audibax\" \/>\n<meta property=\"article:modified_time\" content=\"2023-12-27T10:54:39+00:00\" \/>\n<meta name=\"twitter:card\" content=\"summary_large_image\" \/>\n<meta name=\"twitter:label1\" content=\"Dur\u00e9e de lecture estim\u00e9e\" \/>\n\t<meta name=\"twitter:data1\" content=\"1 minute\" \/>\n<script type=\"application\/ld+json\" class=\"yoast-schema-graph\">{\"@context\":\"https:\/\/schema.org\",\"@graph\":[{\"@type\":\"WebPage\",\"@id\":\"https:\/\/audibax.com\/fr\/produit\/onyx-bag-61-black-2\/\",\"url\":\"https:\/\/audibax.com\/fr\/produit\/onyx-bag-61-black-2\/\",\"name\":\"Onyx Bag 61 Black - Audibax\",\"isPartOf\":{\"@id\":\"https:\/\/audibax.com\/fr\/#website\"},\"primaryImageOfPage\":{\"@id\":\"https:\/\/audibax.com\/fr\/produit\/onyx-bag-61-black-2\/#primaryimage\"},\"image\":{\"@id\":\"https:\/\/audibax.com\/fr\/produit\/onyx-bag-61-black-2\/#primaryimage\"},\"thumbnailUrl\":\"https:\/\/audibax.com\/wp-content\/uploads\/2023\/12\/Audibax-Onyx-Bag-61-Bolsa-Negro-Ofertas.jpg\",\"datePublished\":\"2023-12-11T12:30:40+00:00\",\"dateModified\":\"2023-12-27T10:54:39+00:00\",\"breadcrumb\":{\"@id\":\"https:\/\/audibax.com\/fr\/produit\/onyx-bag-61-black-2\/#breadcrumb\"},\"inLanguage\":\"fr-FR\",\"potentialAction\":[{\"@type\":\"ReadAction\",\"target\":[\"https:\/\/audibax.com\/fr\/produit\/onyx-bag-61-black-2\/\"]}]},{\"@type\":\"ImageObject\",\"inLanguage\":\"fr-FR\",\"@id\":\"https:\/\/audibax.com\/fr\/produit\/onyx-bag-61-black-2\/#primaryimage\",\"url\":\"https:\/\/audibax.com\/wp-content\/uploads\/2023\/12\/Audibax-Onyx-Bag-61-Bolsa-Negro-Ofertas.jpg\",\"contentUrl\":\"https:\/\/audibax.com\/wp-content\/uploads\/2023\/12\/Audibax-Onyx-Bag-61-Bolsa-Negro-Ofertas.jpg\",\"width\":1000,\"height\":653},{\"@type\":\"BreadcrumbList\",\"@id\":\"https:\/\/audibax.com\/fr\/produit\/onyx-bag-61-black-2\/#breadcrumb\",\"itemListElement\":[{\"@type\":\"ListItem\",\"position\":1,\"name\":\"Portada\",\"item\":\"https:\/\/audibax.com\/fr\/\"},{\"@type\":\"ListItem\",\"position\":2,\"name\":\"Produits\",\"item\":\"https:\/\/audibax.com\/fr\/shop\/\"},{\"@type\":\"ListItem\",\"position\":3,\"name\":\"Onyx Bag 61 Black\"}]},{\"@type\":\"WebSite\",\"@id\":\"https:\/\/audibax.com\/fr\/#website\",\"url\":\"https:\/\/audibax.com\/fr\/\",\"name\":\"Audibax\",\"description\":\"\",\"publisher\":{\"@id\":\"https:\/\/audibax.com\/fr\/#organization\"},\"potentialAction\":[{\"@type\":\"SearchAction\",\"target\":{\"@type\":\"EntryPoint\",\"urlTemplate\":\"https:\/\/audibax.com\/fr\/?s={search_term_string}\"},\"query-input\":{\"@type\":\"PropertyValueSpecification\",\"valueRequired\":true,\"valueName\":\"search_term_string\"}}],\"inLanguage\":\"fr-FR\"},{\"@type\":\"Organization\",\"@id\":\"https:\/\/audibax.com\/fr\/#organization\",\"name\":\"Audibax\",\"url\":\"https:\/\/audibax.com\/fr\/\",\"logo\":{\"@type\":\"ImageObject\",\"inLanguage\":\"fr-FR\",\"@id\":\"https:\/\/audibax.com\/fr\/#\/schema\/logo\/image\/\",\"url\":\"https:\/\/audibax.com\/wp-content\/uploads\/2023\/09\/logo-Audibax-BLANCO-SVG-1.svg\",\"contentUrl\":\"https:\/\/audibax.com\/wp-content\/uploads\/2023\/09\/logo-Audibax-BLANCO-SVG-1.svg\",\"caption\":\"Audibax\"},\"image\":{\"@id\":\"https:\/\/audibax.com\/fr\/#\/schema\/logo\/image\/\"}}]}<\/script>\n<!-- \/ Yoast SEO plugin. -->","yoast_head_json":{"title":"Onyx Bag 61 Black - Audibax","robots":{"index":"index","follow":"follow","max-snippet":"max-snippet:-1","max-image-preview":"max-image-preview:large","max-video-preview":"max-video-preview:-1"},"canonical":"https:\/\/audibax.com\/fr\/produit\/onyx-bag-61-black-2\/","og_locale":"fr_FR","og_type":"article","og_title":"Onyx Bag 61 Black - Audibax","og_description":"Couleur : Noir Mati\u00e8re : Poly\u00e9thyl\u00e8ne Etanch\u00e9it\u00e9 Couverture pour claviers 61 touches Couleur : Noir Mati\u00e8re : Poly\u00e9thyl\u00e8ne Etanch\u00e9it\u00e9 .","og_url":"https:\/\/audibax.com\/fr\/produit\/onyx-bag-61-black-2\/","og_site_name":"Audibax","article_modified_time":"2023-12-27T10:54:39+00:00","twitter_card":"summary_large_image","twitter_misc":{"Dur\u00e9e de lecture estim\u00e9e":"1 minute"},"schema":{"@context":"https:\/\/schema.org","@graph":[{"@type":"WebPage","@id":"https:\/\/audibax.com\/fr\/produit\/onyx-bag-61-black-2\/","url":"https:\/\/audibax.com\/fr\/produit\/onyx-bag-61-black-2\/","name":"Onyx Bag 61 Black - Audibax","isPartOf":{"@id":"https:\/\/audibax.com\/fr\/#website"},"primaryImageOfPage":{"@id":"https:\/\/audibax.com\/fr\/produit\/onyx-bag-61-black-2\/#primaryimage"},"image":{"@id":"https:\/\/audibax.com\/fr\/produit\/onyx-bag-61-black-2\/#primaryimage"},"thumbnailUrl":"https:\/\/audibax.com\/wp-content\/uploads\/2023\/12\/Audibax-Onyx-Bag-61-Bolsa-Negro-Ofertas.jpg","datePublished":"2023-12-11T12:30:40+00:00","dateModified":"2023-12-27T10:54:39+00:00","breadcrumb":{"@id":"https:\/\/audibax.com\/fr\/produit\/onyx-bag-61-black-2\/#breadcrumb"},"inLanguage":"fr-FR","potentialAction":[{"@type":"ReadAction","target":["https:\/\/audibax.com\/fr\/produit\/onyx-bag-61-black-2\/"]}]},{"@type":"ImageObject","inLanguage":"fr-FR","@id":"https:\/\/audibax.com\/fr\/produit\/onyx-bag-61-black-2\/#primaryimage","url":"https:\/\/audibax.com\/wp-content\/uploads\/2023\/12\/Audibax-Onyx-Bag-61-Bolsa-Negro-Ofertas.jpg","contentUrl":"https:\/\/audibax.com\/wp-content\/uploads\/2023\/12\/Audibax-Onyx-Bag-61-Bolsa-Negro-Ofertas.jpg","width":1000,"height":653},{"@type":"BreadcrumbList","@id":"https:\/\/audibax.com\/fr\/produit\/onyx-bag-61-black-2\/#breadcrumb","itemListElement":[{"@type":"ListItem","position":1,"name":"Portada","item":"https:\/\/audibax.com\/fr\/"},{"@type":"ListItem","position":2,"name":"Produits","item":"https:\/\/audibax.com\/fr\/shop\/"},{"@type":"ListItem","position":3,"name":"Onyx Bag 61 Black"}]},{"@type":"WebSite","@id":"https:\/\/audibax.com\/fr\/#website","url":"https:\/\/audibax.com\/fr\/","name":"Audibax","description":"","publisher":{"@id":"https:\/\/audibax.com\/fr\/#organization"},"potentialAction":[{"@type":"SearchAction","target":{"@type":"EntryPoint","urlTemplate":"https:\/\/audibax.com\/fr\/?s={search_term_string}"},"query-input":{"@type":"PropertyValueSpecification","valueRequired":true,"valueName":"search_term_string"}}],"inLanguage":"fr-FR"},{"@type":"Organization","@id":"https:\/\/audibax.com\/fr\/#organization","name":"Audibax","url":"https:\/\/audibax.com\/fr\/","logo":{"@type":"ImageObject","inLanguage":"fr-FR","@id":"https:\/\/audibax.com\/fr\/#\/schema\/logo\/image\/","url":"https:\/\/audibax.com\/wp-content\/uploads\/2023\/09\/logo-Audibax-BLANCO-SVG-1.svg","contentUrl":"https:\/\/audibax.com\/wp-content\/uploads\/2023\/09\/logo-Audibax-BLANCO-SVG-1.svg","caption":"Audibax"},"image":{"@id":"https:\/\/audibax.com\/fr\/#\/schema\/logo\/image\/"}}]}},"_links":{"self":[{"href":"https:\/\/audibax.com\/fr\/wp-json\/wp\/v2\/product\/36563","targetHints":{"allow":["GET"]}}],"collection":[{"href":"https:\/\/audibax.com\/fr\/wp-json\/wp\/v2\/product"}],"about":[{"href":"https:\/\/audibax.com\/fr\/wp-json\/wp\/v2\/types\/product"}],"replies":[{"embeddable":true,"href":"https:\/\/audibax.com\/fr\/wp-json\/wp\/v2\/comments?post=36563"}],"wp:featuredmedia":[{"embeddable":true,"href":"https:\/\/audibax.com\/fr\/wp-json\/wp\/v2\/media\/17471"}],"wp:attachment":[{"href":"https:\/\/audibax.com\/fr\/wp-json\/wp\/v2\/media?parent=36563"}],"wp:term":[{"taxonomy":"product_cat","embeddable":true,"href":"https:\/\/audibax.com\/fr\/wp-json\/wp\/v2\/product_cat?post=36563"},{"taxonomy":"product_tag","embeddable":true,"href":"https:\/\/audibax.com\/fr\/wp-json\/wp\/v2\/product_tag?post=36563"}],"curies":[{"name":"wp","href":"https:\/\/api.w.org\/{rel}","templated":true}]}}