{"id":36562,"date":"2023-12-11T13:30:38","date_gmt":"2023-12-11T12:30:38","guid":{"rendered":"https:\/\/audibax.com\/product\/atlanta-case-40-black-2\/"},"modified":"2023-12-27T11:54:39","modified_gmt":"2023-12-27T10:54:39","slug":"atlanta-case-40-black-2","status":"publish","type":"product","link":"https:\/\/audibax.com\/fr\/produit\/atlanta-case-40-black-2\/","title":{"rendered":"Atlanta Case 40 Black"},"content":{"rendered":"<\/p>\n<p><strong>Audibax Atlanta Case 40<\/strong> est l&rsquo;\u00e9tui id\u00e9al pour vos casques DJ d\u00e9licats. De conception robuste, en mousse EVA moul\u00e9e DuraShock, il offre une protection maximale pour le transport ou le stockage en toute s\u00e9curit\u00e9 contre les chocs, les rayures et les \u00e9gratignures. Il est dot\u00e9 d&rsquo;un int\u00e9rieur en polaire douce, d&rsquo;une poche int\u00e9rieure pour les petits accessoires et d&rsquo;une poign\u00e9e de transport.<\/p>\n<p>La forme en D est compatible avec la plupart des mod\u00e8les de casques DJ pliables.<\/p>\n<p><strong>Caract\u00e9ristiques:&nbsp;<\/strong><\/p>\n<ul>\n<li>Mat\u00e9riau : mousse EVA moul\u00e9e DuraShock. Nylon 600D<\/li>\n<li>Coussinets : 5mm<\/li>\n<li>Compatibilit\u00e9 : &#038;nbsp ;Convient aux casques DJ pliables tels que Sennheiser HD 25, Sennheiser HD 25 PLUS, Audibax RH5, Audio Technica ATH-M50X, Audio Technica ATH-M50X-BT, Audio Technica ATH-M40X, Pioneer Dj HDJ-X5K, Pioneer Dj HDJ-X5BT-W, BEHRINGER HC 200, BEHRINGER HPX4000, BEHRINGER HPX6000, Pioneer Dj HDJ-CUE1, Pioneer Dj HDJ-CUE1BT BK ou similaire.<\/li>\n<li>Autres caract\u00e9ristiques : poche int\u00e9rieure en filet et poign\u00e9e de transport.<\/li>\n<li>Dimensions int\u00e9rieures:&nbsp;195 x 205 x 85 mm<\/li>\n<li>Dimensions ext\u00e9rieures : 200 x 210 x 210 x 97 mm<\/li>\n<li>Couleur : Noir<\/li>\n<li>Poids : 0,30 kg<\/li>\n<li>Les \u00e9couteurs ne sont pas inclus<\/li>\n<\/ul>\n","protected":false},"excerpt":{"rendered":"<ul>\n<li>Etui pliable pour casque DJ professionnel<\/li>\n<li>Conception robuste<\/li>\n<li>Couleur noire<\/li>\n<li>Dimensions int\u00e9rieures :&nbsp;195 x 205 x 85 mm<\/li>\n<li>Dimensions&nbsp;ext\u00e9rieures:&nbsp;200 x 210 x 97 mm<\/li>\n<li>Color : Black<\/li>\n<\/ul>\n<p>&nbsp;<\/p>\n<li>Color : Black<\/li>\n<\/ul>\n<p>.<\/p>\n","protected":false},"featured_media":16490,"comment_status":"open","ping_status":"closed","template":"","meta":{"_acf_changed":false},"product_cat":[335],"product_tag":[],"class_list":{"0":"post-36562","1":"product","2":"type-product","3":"status-publish","4":"has-post-thumbnail","6":"product_cat-sac-pour-casque-decoute","8":"first","9":"instock","10":"shipping-taxable","11":"product-type-simple"},"acf":[],"yoast_head":"<!-- This site is optimized with the Yoast SEO plugin v27.0 - https:\/\/yoast.com\/product\/yoast-seo-wordpress\/ -->\n<title>Atlanta Case 40 Black - Audibax<\/title>\n<meta name=\"robots\" content=\"index, follow, max-snippet:-1, max-image-preview:large, max-video-preview:-1\" \/>\n<link rel=\"canonical\" href=\"https:\/\/audibax.com\/fr\/produit\/atlanta-case-40-black-2\/\" \/>\n<meta property=\"og:locale\" content=\"fr_FR\" \/>\n<meta property=\"og:type\" content=\"article\" \/>\n<meta property=\"og:title\" content=\"Atlanta Case 40 Black - Audibax\" \/>\n<meta property=\"og:description\" content=\"Etui pliable pour casque DJ professionnel Conception robuste Couleur noire Dimensions int\u00e9rieures :&nbsp;195 x 205 x 85 mm Dimensions&nbsp;ext\u00e9rieures:&nbsp;200 x 210 x 97 mm Color : Black  &nbsp; Color : Black .\" \/>\n<meta property=\"og:url\" content=\"https:\/\/audibax.com\/fr\/produit\/atlanta-case-40-black-2\/\" \/>\n<meta property=\"og:site_name\" content=\"Audibax\" \/>\n<meta property=\"article:modified_time\" content=\"2023-12-27T10:54:39+00:00\" \/>\n<meta name=\"twitter:card\" content=\"summary_large_image\" \/>\n<meta name=\"twitter:label1\" content=\"Dur\u00e9e de lecture estim\u00e9e\" \/>\n\t<meta name=\"twitter:data1\" content=\"1 minute\" \/>\n<script type=\"application\/ld+json\" class=\"yoast-schema-graph\">{\"@context\":\"https:\/\/schema.org\",\"@graph\":[{\"@type\":\"WebPage\",\"@id\":\"https:\/\/audibax.com\/fr\/produit\/atlanta-case-40-black-2\/\",\"url\":\"https:\/\/audibax.com\/fr\/produit\/atlanta-case-40-black-2\/\",\"name\":\"Atlanta Case 40 Black - Audibax\",\"isPartOf\":{\"@id\":\"https:\/\/audibax.com\/fr\/#website\"},\"primaryImageOfPage\":{\"@id\":\"https:\/\/audibax.com\/fr\/produit\/atlanta-case-40-black-2\/#primaryimage\"},\"image\":{\"@id\":\"https:\/\/audibax.com\/fr\/produit\/atlanta-case-40-black-2\/#primaryimage\"},\"thumbnailUrl\":\"https:\/\/audibax.com\/wp-content\/uploads\/2023\/12\/Atlanta-Case-40-case-headphones.jpg\",\"datePublished\":\"2023-12-11T12:30:38+00:00\",\"dateModified\":\"2023-12-27T10:54:39+00:00\",\"breadcrumb\":{\"@id\":\"https:\/\/audibax.com\/fr\/produit\/atlanta-case-40-black-2\/#breadcrumb\"},\"inLanguage\":\"fr-FR\",\"potentialAction\":[{\"@type\":\"ReadAction\",\"target\":[\"https:\/\/audibax.com\/fr\/produit\/atlanta-case-40-black-2\/\"]}]},{\"@type\":\"ImageObject\",\"inLanguage\":\"fr-FR\",\"@id\":\"https:\/\/audibax.com\/fr\/produit\/atlanta-case-40-black-2\/#primaryimage\",\"url\":\"https:\/\/audibax.com\/wp-content\/uploads\/2023\/12\/Atlanta-Case-40-case-headphones.jpg\",\"contentUrl\":\"https:\/\/audibax.com\/wp-content\/uploads\/2023\/12\/Atlanta-Case-40-case-headphones.jpg\",\"width\":1246,\"height\":1500},{\"@type\":\"BreadcrumbList\",\"@id\":\"https:\/\/audibax.com\/fr\/produit\/atlanta-case-40-black-2\/#breadcrumb\",\"itemListElement\":[{\"@type\":\"ListItem\",\"position\":1,\"name\":\"Portada\",\"item\":\"https:\/\/audibax.com\/fr\/\"},{\"@type\":\"ListItem\",\"position\":2,\"name\":\"Produits\",\"item\":\"https:\/\/audibax.com\/fr\/shop\/\"},{\"@type\":\"ListItem\",\"position\":3,\"name\":\"Atlanta Case 40 Black\"}]},{\"@type\":\"WebSite\",\"@id\":\"https:\/\/audibax.com\/fr\/#website\",\"url\":\"https:\/\/audibax.com\/fr\/\",\"name\":\"Audibax\",\"description\":\"\",\"publisher\":{\"@id\":\"https:\/\/audibax.com\/fr\/#organization\"},\"potentialAction\":[{\"@type\":\"SearchAction\",\"target\":{\"@type\":\"EntryPoint\",\"urlTemplate\":\"https:\/\/audibax.com\/fr\/?s={search_term_string}\"},\"query-input\":{\"@type\":\"PropertyValueSpecification\",\"valueRequired\":true,\"valueName\":\"search_term_string\"}}],\"inLanguage\":\"fr-FR\"},{\"@type\":\"Organization\",\"@id\":\"https:\/\/audibax.com\/fr\/#organization\",\"name\":\"Audibax\",\"url\":\"https:\/\/audibax.com\/fr\/\",\"logo\":{\"@type\":\"ImageObject\",\"inLanguage\":\"fr-FR\",\"@id\":\"https:\/\/audibax.com\/fr\/#\/schema\/logo\/image\/\",\"url\":\"https:\/\/audibax.com\/wp-content\/uploads\/2023\/09\/logo-Audibax-BLANCO-SVG-1.svg\",\"contentUrl\":\"https:\/\/audibax.com\/wp-content\/uploads\/2023\/09\/logo-Audibax-BLANCO-SVG-1.svg\",\"caption\":\"Audibax\"},\"image\":{\"@id\":\"https:\/\/audibax.com\/fr\/#\/schema\/logo\/image\/\"}}]}<\/script>\n<!-- \/ Yoast SEO plugin. -->","yoast_head_json":{"title":"Atlanta Case 40 Black - Audibax","robots":{"index":"index","follow":"follow","max-snippet":"max-snippet:-1","max-image-preview":"max-image-preview:large","max-video-preview":"max-video-preview:-1"},"canonical":"https:\/\/audibax.com\/fr\/produit\/atlanta-case-40-black-2\/","og_locale":"fr_FR","og_type":"article","og_title":"Atlanta Case 40 Black - Audibax","og_description":"Etui pliable pour casque DJ professionnel Conception robuste Couleur noire Dimensions int\u00e9rieures :&nbsp;195 x 205 x 85 mm Dimensions&nbsp;ext\u00e9rieures:&nbsp;200 x 210 x 97 mm Color : Black  &nbsp; Color : Black .","og_url":"https:\/\/audibax.com\/fr\/produit\/atlanta-case-40-black-2\/","og_site_name":"Audibax","article_modified_time":"2023-12-27T10:54:39+00:00","twitter_card":"summary_large_image","twitter_misc":{"Dur\u00e9e de lecture estim\u00e9e":"1 minute"},"schema":{"@context":"https:\/\/schema.org","@graph":[{"@type":"WebPage","@id":"https:\/\/audibax.com\/fr\/produit\/atlanta-case-40-black-2\/","url":"https:\/\/audibax.com\/fr\/produit\/atlanta-case-40-black-2\/","name":"Atlanta Case 40 Black - Audibax","isPartOf":{"@id":"https:\/\/audibax.com\/fr\/#website"},"primaryImageOfPage":{"@id":"https:\/\/audibax.com\/fr\/produit\/atlanta-case-40-black-2\/#primaryimage"},"image":{"@id":"https:\/\/audibax.com\/fr\/produit\/atlanta-case-40-black-2\/#primaryimage"},"thumbnailUrl":"https:\/\/audibax.com\/wp-content\/uploads\/2023\/12\/Atlanta-Case-40-case-headphones.jpg","datePublished":"2023-12-11T12:30:38+00:00","dateModified":"2023-12-27T10:54:39+00:00","breadcrumb":{"@id":"https:\/\/audibax.com\/fr\/produit\/atlanta-case-40-black-2\/#breadcrumb"},"inLanguage":"fr-FR","potentialAction":[{"@type":"ReadAction","target":["https:\/\/audibax.com\/fr\/produit\/atlanta-case-40-black-2\/"]}]},{"@type":"ImageObject","inLanguage":"fr-FR","@id":"https:\/\/audibax.com\/fr\/produit\/atlanta-case-40-black-2\/#primaryimage","url":"https:\/\/audibax.com\/wp-content\/uploads\/2023\/12\/Atlanta-Case-40-case-headphones.jpg","contentUrl":"https:\/\/audibax.com\/wp-content\/uploads\/2023\/12\/Atlanta-Case-40-case-headphones.jpg","width":1246,"height":1500},{"@type":"BreadcrumbList","@id":"https:\/\/audibax.com\/fr\/produit\/atlanta-case-40-black-2\/#breadcrumb","itemListElement":[{"@type":"ListItem","position":1,"name":"Portada","item":"https:\/\/audibax.com\/fr\/"},{"@type":"ListItem","position":2,"name":"Produits","item":"https:\/\/audibax.com\/fr\/shop\/"},{"@type":"ListItem","position":3,"name":"Atlanta Case 40 Black"}]},{"@type":"WebSite","@id":"https:\/\/audibax.com\/fr\/#website","url":"https:\/\/audibax.com\/fr\/","name":"Audibax","description":"","publisher":{"@id":"https:\/\/audibax.com\/fr\/#organization"},"potentialAction":[{"@type":"SearchAction","target":{"@type":"EntryPoint","urlTemplate":"https:\/\/audibax.com\/fr\/?s={search_term_string}"},"query-input":{"@type":"PropertyValueSpecification","valueRequired":true,"valueName":"search_term_string"}}],"inLanguage":"fr-FR"},{"@type":"Organization","@id":"https:\/\/audibax.com\/fr\/#organization","name":"Audibax","url":"https:\/\/audibax.com\/fr\/","logo":{"@type":"ImageObject","inLanguage":"fr-FR","@id":"https:\/\/audibax.com\/fr\/#\/schema\/logo\/image\/","url":"https:\/\/audibax.com\/wp-content\/uploads\/2023\/09\/logo-Audibax-BLANCO-SVG-1.svg","contentUrl":"https:\/\/audibax.com\/wp-content\/uploads\/2023\/09\/logo-Audibax-BLANCO-SVG-1.svg","caption":"Audibax"},"image":{"@id":"https:\/\/audibax.com\/fr\/#\/schema\/logo\/image\/"}}]}},"_links":{"self":[{"href":"https:\/\/audibax.com\/fr\/wp-json\/wp\/v2\/product\/36562","targetHints":{"allow":["GET"]}}],"collection":[{"href":"https:\/\/audibax.com\/fr\/wp-json\/wp\/v2\/product"}],"about":[{"href":"https:\/\/audibax.com\/fr\/wp-json\/wp\/v2\/types\/product"}],"replies":[{"embeddable":true,"href":"https:\/\/audibax.com\/fr\/wp-json\/wp\/v2\/comments?post=36562"}],"wp:featuredmedia":[{"embeddable":true,"href":"https:\/\/audibax.com\/fr\/wp-json\/wp\/v2\/media\/16490"}],"wp:attachment":[{"href":"https:\/\/audibax.com\/fr\/wp-json\/wp\/v2\/media?parent=36562"}],"wp:term":[{"taxonomy":"product_cat","embeddable":true,"href":"https:\/\/audibax.com\/fr\/wp-json\/wp\/v2\/product_cat?post=36562"},{"taxonomy":"product_tag","embeddable":true,"href":"https:\/\/audibax.com\/fr\/wp-json\/wp\/v2\/product_tag?post=36562"}],"curies":[{"name":"wp","href":"https:\/\/api.w.org\/{rel}","templated":true}]}}