{"id":36560,"date":"2023-12-11T13:30:25","date_gmt":"2023-12-11T12:30:25","guid":{"rendered":"https:\/\/audibax.com\/product\/atlanta-case-30-black-2\/"},"modified":"2023-12-27T11:54:37","modified_gmt":"2023-12-27T10:54:37","slug":"atlanta-case-30-black-2","status":"publish","type":"product","link":"https:\/\/audibax.com\/fr\/produit\/atlanta-case-30-black-2\/","title":{"rendered":"Atlanta Case 30  Black"},"content":{"rendered":"<\/p>\n<p>Le <strong>Audibax Atlanta 30 Headphone<\/strong> Hardcase Small est la solution parfaite pour prot\u00e9ger vos pr\u00e9cieux \u00e9couteurs. Fabriqu\u00e9 en EVA durashock, il prot\u00e8ge votre casque des chocs accidentels, des rayures et des liquides. L\u00e9ger et compact, il est id\u00e9al pour les voyages.<\/p>\n<h3>Caract\u00e9ristiques<\/h3>\n<ul>\n<li>Couleur Noir<\/li>\n<li>Poids 0,20 kg<\/li>\n<li>Dimensions ext\u00e9rieures : 20 cm x 20 x 10<\/li>\n<li>Dimensions int\u00e9rieures : 17.5 cm x 17.5 x 9<\/li>\n<li>Mat\u00e9riau DuraShock mousse EVA moul\u00e9e<\/li>\n<li>Protection int\u00e9rieure en polaire douce<\/li>\n<li>Glissi\u00e8re \u00e0 prise rapide<\/li>\n<li>Convient \u00e0 la plupart des casques DJ<\/li>\n<li>Convient \u00e0 la plupart des casques DJ<\/li>\n<li>Casque DJ pliable<\/li>\n<li>Casque DJ pliable<\/li>\n<li>Casque DJ pliable<\/li>\n<li>Glissi\u00e8re \u00e0 prise rapide<\/li>\n<li>Convient \u00e0 la plupart des casques DJ ;Casque DJ pliable format Sennheiser HD 25, Sennheiser HD 25 PLUS, Audibax RH5, Audio Technica ATH-M50X, Audio Technica ATH-M50X-BT, Audio Technica ATH-M40X, Pioneer Dj HDJ-X5K, Pioneer Dj HDJ-X5BT-W, BEHRINGER HC 200, BEHRINGER HPX4000, BEHRINGER HPX6000, Pioneer Dj HDJ-CUE1, Pioneer Dj HDJ-CUE1BT BK ou similaire.<\/li>\n<li>Les \u00e9couteurs figurant sur l&rsquo;image ne sont pas inclus dans le produit<\/li>\n<\/ul>\n<p>&nbsp;<\/p>\n<p><img decoding=\"async\" alt=\"\" src=\"\/crm\/documents\/fckeditor\/image\/1-MRA\/headphone-case.jpg\" style=\"height:499px ; width:500px\" \/><\/p>\n<p>Cette page est disponible en anglais seulement.<\/p>\n","protected":false},"excerpt":{"rendered":"<ul>\n<li>Couleur Noir<\/li>\n<li>Poids 0,20 kg<\/li>\n<li>Dimensions ext\u00e9rieures : 20 cm x 20 x 10<\/li>\n<li>Dimensions int\u00e9rieures : 17,5 cm x 17.5 x 9<\/li>\n<li>Mat\u00e9riau : mousse EVA moul\u00e9e DuraShock<\/li>\n<li>Casque photo non inclus dans le produit<\/li>\n<\/ul>\n<li>Casque audio non inclus dans le produit<\/li>\n<\/ul>\n<\/ul>\n<\/ul>\n","protected":false},"featured_media":16808,"comment_status":"open","ping_status":"closed","template":"","meta":{"_acf_changed":false},"product_cat":[335],"product_tag":[],"class_list":{"0":"post-36560","1":"product","2":"type-product","3":"status-publish","4":"has-post-thumbnail","6":"product_cat-sac-pour-casque-decoute","8":"first","9":"instock","10":"shipping-taxable","11":"product-type-simple"},"acf":[],"yoast_head":"<!-- This site is optimized with the Yoast SEO plugin v27.0 - https:\/\/yoast.com\/product\/yoast-seo-wordpress\/ -->\n<title>Atlanta Case 30 Black - Audibax<\/title>\n<meta name=\"robots\" content=\"index, follow, max-snippet:-1, max-image-preview:large, max-video-preview:-1\" \/>\n<link rel=\"canonical\" href=\"https:\/\/audibax.com\/fr\/produit\/atlanta-case-30-black-2\/\" \/>\n<meta property=\"og:locale\" content=\"fr_FR\" \/>\n<meta property=\"og:type\" content=\"article\" \/>\n<meta property=\"og:title\" content=\"Atlanta Case 30 Black - Audibax\" \/>\n<meta property=\"og:description\" content=\"Couleur Noir Poids 0,20 kg Dimensions ext\u00e9rieures : 20 cm x 20 x 10 Dimensions int\u00e9rieures : 17,5 cm x 17.5 x 9 Mat\u00e9riau : mousse EVA moul\u00e9e DuraShock Casque photo non inclus dans le produit Casque audio non inclus dans le produit\" \/>\n<meta property=\"og:url\" content=\"https:\/\/audibax.com\/fr\/produit\/atlanta-case-30-black-2\/\" \/>\n<meta property=\"og:site_name\" content=\"Audibax\" \/>\n<meta property=\"article:modified_time\" content=\"2023-12-27T10:54:37+00:00\" \/>\n<meta name=\"twitter:card\" content=\"summary_large_image\" \/>\n<meta name=\"twitter:label1\" content=\"Dur\u00e9e de lecture estim\u00e9e\" \/>\n\t<meta name=\"twitter:data1\" content=\"1 minute\" \/>\n<script type=\"application\/ld+json\" class=\"yoast-schema-graph\">{\"@context\":\"https:\/\/schema.org\",\"@graph\":[{\"@type\":\"WebPage\",\"@id\":\"https:\/\/audibax.com\/fr\/produit\/atlanta-case-30-black-2\/\",\"url\":\"https:\/\/audibax.com\/fr\/produit\/atlanta-case-30-black-2\/\",\"name\":\"Atlanta Case 30 Black - Audibax\",\"isPartOf\":{\"@id\":\"https:\/\/audibax.com\/fr\/#website\"},\"primaryImageOfPage\":{\"@id\":\"https:\/\/audibax.com\/fr\/produit\/atlanta-case-30-black-2\/#primaryimage\"},\"image\":{\"@id\":\"https:\/\/audibax.com\/fr\/produit\/atlanta-case-30-black-2\/#primaryimage\"},\"thumbnailUrl\":\"https:\/\/audibax.com\/wp-content\/uploads\/2023\/12\/audibax-atlanta-case-30-headphone-oferta.jpg\",\"datePublished\":\"2023-12-11T12:30:25+00:00\",\"dateModified\":\"2023-12-27T10:54:37+00:00\",\"breadcrumb\":{\"@id\":\"https:\/\/audibax.com\/fr\/produit\/atlanta-case-30-black-2\/#breadcrumb\"},\"inLanguage\":\"fr-FR\",\"potentialAction\":[{\"@type\":\"ReadAction\",\"target\":[\"https:\/\/audibax.com\/fr\/produit\/atlanta-case-30-black-2\/\"]}]},{\"@type\":\"ImageObject\",\"inLanguage\":\"fr-FR\",\"@id\":\"https:\/\/audibax.com\/fr\/produit\/atlanta-case-30-black-2\/#primaryimage\",\"url\":\"https:\/\/audibax.com\/wp-content\/uploads\/2023\/12\/audibax-atlanta-case-30-headphone-oferta.jpg\",\"contentUrl\":\"https:\/\/audibax.com\/wp-content\/uploads\/2023\/12\/audibax-atlanta-case-30-headphone-oferta.jpg\",\"width\":2048,\"height\":2044},{\"@type\":\"BreadcrumbList\",\"@id\":\"https:\/\/audibax.com\/fr\/produit\/atlanta-case-30-black-2\/#breadcrumb\",\"itemListElement\":[{\"@type\":\"ListItem\",\"position\":1,\"name\":\"Portada\",\"item\":\"https:\/\/audibax.com\/fr\/\"},{\"@type\":\"ListItem\",\"position\":2,\"name\":\"Produits\",\"item\":\"https:\/\/audibax.com\/fr\/shop\/\"},{\"@type\":\"ListItem\",\"position\":3,\"name\":\"Atlanta Case 30 Black\"}]},{\"@type\":\"WebSite\",\"@id\":\"https:\/\/audibax.com\/fr\/#website\",\"url\":\"https:\/\/audibax.com\/fr\/\",\"name\":\"Audibax\",\"description\":\"\",\"publisher\":{\"@id\":\"https:\/\/audibax.com\/fr\/#organization\"},\"potentialAction\":[{\"@type\":\"SearchAction\",\"target\":{\"@type\":\"EntryPoint\",\"urlTemplate\":\"https:\/\/audibax.com\/fr\/?s={search_term_string}\"},\"query-input\":{\"@type\":\"PropertyValueSpecification\",\"valueRequired\":true,\"valueName\":\"search_term_string\"}}],\"inLanguage\":\"fr-FR\"},{\"@type\":\"Organization\",\"@id\":\"https:\/\/audibax.com\/fr\/#organization\",\"name\":\"Audibax\",\"url\":\"https:\/\/audibax.com\/fr\/\",\"logo\":{\"@type\":\"ImageObject\",\"inLanguage\":\"fr-FR\",\"@id\":\"https:\/\/audibax.com\/fr\/#\/schema\/logo\/image\/\",\"url\":\"https:\/\/audibax.com\/wp-content\/uploads\/2023\/09\/logo-Audibax-BLANCO-SVG-1.svg\",\"contentUrl\":\"https:\/\/audibax.com\/wp-content\/uploads\/2023\/09\/logo-Audibax-BLANCO-SVG-1.svg\",\"caption\":\"Audibax\"},\"image\":{\"@id\":\"https:\/\/audibax.com\/fr\/#\/schema\/logo\/image\/\"}}]}<\/script>\n<!-- \/ Yoast SEO plugin. -->","yoast_head_json":{"title":"Atlanta Case 30 Black - Audibax","robots":{"index":"index","follow":"follow","max-snippet":"max-snippet:-1","max-image-preview":"max-image-preview:large","max-video-preview":"max-video-preview:-1"},"canonical":"https:\/\/audibax.com\/fr\/produit\/atlanta-case-30-black-2\/","og_locale":"fr_FR","og_type":"article","og_title":"Atlanta Case 30 Black - Audibax","og_description":"Couleur Noir Poids 0,20 kg Dimensions ext\u00e9rieures : 20 cm x 20 x 10 Dimensions int\u00e9rieures : 17,5 cm x 17.5 x 9 Mat\u00e9riau : mousse EVA moul\u00e9e DuraShock Casque photo non inclus dans le produit Casque audio non inclus dans le produit","og_url":"https:\/\/audibax.com\/fr\/produit\/atlanta-case-30-black-2\/","og_site_name":"Audibax","article_modified_time":"2023-12-27T10:54:37+00:00","twitter_card":"summary_large_image","twitter_misc":{"Dur\u00e9e de lecture estim\u00e9e":"1 minute"},"schema":{"@context":"https:\/\/schema.org","@graph":[{"@type":"WebPage","@id":"https:\/\/audibax.com\/fr\/produit\/atlanta-case-30-black-2\/","url":"https:\/\/audibax.com\/fr\/produit\/atlanta-case-30-black-2\/","name":"Atlanta Case 30 Black - Audibax","isPartOf":{"@id":"https:\/\/audibax.com\/fr\/#website"},"primaryImageOfPage":{"@id":"https:\/\/audibax.com\/fr\/produit\/atlanta-case-30-black-2\/#primaryimage"},"image":{"@id":"https:\/\/audibax.com\/fr\/produit\/atlanta-case-30-black-2\/#primaryimage"},"thumbnailUrl":"https:\/\/audibax.com\/wp-content\/uploads\/2023\/12\/audibax-atlanta-case-30-headphone-oferta.jpg","datePublished":"2023-12-11T12:30:25+00:00","dateModified":"2023-12-27T10:54:37+00:00","breadcrumb":{"@id":"https:\/\/audibax.com\/fr\/produit\/atlanta-case-30-black-2\/#breadcrumb"},"inLanguage":"fr-FR","potentialAction":[{"@type":"ReadAction","target":["https:\/\/audibax.com\/fr\/produit\/atlanta-case-30-black-2\/"]}]},{"@type":"ImageObject","inLanguage":"fr-FR","@id":"https:\/\/audibax.com\/fr\/produit\/atlanta-case-30-black-2\/#primaryimage","url":"https:\/\/audibax.com\/wp-content\/uploads\/2023\/12\/audibax-atlanta-case-30-headphone-oferta.jpg","contentUrl":"https:\/\/audibax.com\/wp-content\/uploads\/2023\/12\/audibax-atlanta-case-30-headphone-oferta.jpg","width":2048,"height":2044},{"@type":"BreadcrumbList","@id":"https:\/\/audibax.com\/fr\/produit\/atlanta-case-30-black-2\/#breadcrumb","itemListElement":[{"@type":"ListItem","position":1,"name":"Portada","item":"https:\/\/audibax.com\/fr\/"},{"@type":"ListItem","position":2,"name":"Produits","item":"https:\/\/audibax.com\/fr\/shop\/"},{"@type":"ListItem","position":3,"name":"Atlanta Case 30 Black"}]},{"@type":"WebSite","@id":"https:\/\/audibax.com\/fr\/#website","url":"https:\/\/audibax.com\/fr\/","name":"Audibax","description":"","publisher":{"@id":"https:\/\/audibax.com\/fr\/#organization"},"potentialAction":[{"@type":"SearchAction","target":{"@type":"EntryPoint","urlTemplate":"https:\/\/audibax.com\/fr\/?s={search_term_string}"},"query-input":{"@type":"PropertyValueSpecification","valueRequired":true,"valueName":"search_term_string"}}],"inLanguage":"fr-FR"},{"@type":"Organization","@id":"https:\/\/audibax.com\/fr\/#organization","name":"Audibax","url":"https:\/\/audibax.com\/fr\/","logo":{"@type":"ImageObject","inLanguage":"fr-FR","@id":"https:\/\/audibax.com\/fr\/#\/schema\/logo\/image\/","url":"https:\/\/audibax.com\/wp-content\/uploads\/2023\/09\/logo-Audibax-BLANCO-SVG-1.svg","contentUrl":"https:\/\/audibax.com\/wp-content\/uploads\/2023\/09\/logo-Audibax-BLANCO-SVG-1.svg","caption":"Audibax"},"image":{"@id":"https:\/\/audibax.com\/fr\/#\/schema\/logo\/image\/"}}]}},"_links":{"self":[{"href":"https:\/\/audibax.com\/fr\/wp-json\/wp\/v2\/product\/36560","targetHints":{"allow":["GET"]}}],"collection":[{"href":"https:\/\/audibax.com\/fr\/wp-json\/wp\/v2\/product"}],"about":[{"href":"https:\/\/audibax.com\/fr\/wp-json\/wp\/v2\/types\/product"}],"replies":[{"embeddable":true,"href":"https:\/\/audibax.com\/fr\/wp-json\/wp\/v2\/comments?post=36560"}],"wp:featuredmedia":[{"embeddable":true,"href":"https:\/\/audibax.com\/fr\/wp-json\/wp\/v2\/media\/16808"}],"wp:attachment":[{"href":"https:\/\/audibax.com\/fr\/wp-json\/wp\/v2\/media?parent=36560"}],"wp:term":[{"taxonomy":"product_cat","embeddable":true,"href":"https:\/\/audibax.com\/fr\/wp-json\/wp\/v2\/product_cat?post=36560"},{"taxonomy":"product_tag","embeddable":true,"href":"https:\/\/audibax.com\/fr\/wp-json\/wp\/v2\/product_tag?post=36560"}],"curies":[{"name":"wp","href":"https:\/\/api.w.org\/{rel}","templated":true}]}}