{"id":36559,"date":"2023-12-11T13:30:23","date_gmt":"2023-12-11T12:30:23","guid":{"rendered":"https:\/\/audibax.com\/product\/easy-electric-black-2\/"},"modified":"2023-12-27T11:54:36","modified_gmt":"2023-12-27T10:54:36","slug":"easy-electric-black-2","status":"publish","type":"product","link":"https:\/\/audibax.com\/fr\/produit\/easy-electric-black-2\/","title":{"rendered":"Easy Electric Black"},"content":{"rendered":"<\/p>\n<p><strong>Audibax Easy Electric Guitar Case pour guitare \u00e9lectrique<\/strong><\/strong><\/p>\n<p>Le <strong>Audibax Easy Electric<\/strong><\/p>\n<p>Easy Electric<\/strong> est un \u00e9tui de guitare.<strong>Easy Electric<\/strong> est un \u00e9tui de guitare qui, gr\u00e2ce \u00e0 ses dimensions, est compatible avec la plupart des guitares \u00e9lectriques. Son design classique et l\u00e9ger en fait le choix id\u00e9al pour tout guitariste, car il permet de transporter facilement la guitare sur de longues distances. Les sangles de sac \u00e0 dos r\u00e9glables incluses permettent de le transporter facilement et confortablement. <\/p>\n<p>Il est dot\u00e9 de plusieurs poign\u00e9es en mat\u00e9riau durable qui offrent de multiples fa\u00e7ons de le porter. La valise Easy Electric dispose d&rsquo;un compartiment de rangement int\u00e9gr\u00e9 \u00e0 l&rsquo;avant de la valise qui permet de transporter facilement des partitions, des accordeurs, des p&uacute;as ou d&rsquo;autres accessoires.<\/p>\n<p>L&rsquo;Audibax Easy Electric est un must-have pour tout guitariste car il gardera votre guitare \u00e0 l&rsquo;abri des rayures et de la salet\u00e9 et le mat\u00e9riau r\u00e9sistant \u00e0 l&rsquo;eau de l&rsquo;\u00e9tui assure une plus grande protection et durabilit\u00e9.<\/p>\n<h3>Sp\u00e9cifications de l&rsquo;\u00e9tui Easy Electric:<\/h3>\n<ul>\n<li>\u00c9tui pour guitare \u00e9lectrique<\/li>\n<li>Mat\u00e9riau : Poly&eacute;ster<\/li>\n<li>Tapis : 5mm<\/li>\n<li>Couleur : Noir<\/li>\n<li>Mesures approximatives :\n<ul>\n<li>Largeur : 40cm<\/li>\n<li>Profondeur : 8cm<\/li>\n<li>Hauteur : 103cm<\/li>\n<\/ul>\n<\/li>\n<li>Poids : 0,60kg<\/li>\n<li>Un compartiment<\/li>\n<li>Sangles d&rsquo;\u00e9paule r\u00e9glables<\/li>\n<li>Mat\u00e9riel \u00e9tanche<\/li>\n<li>Mat\u00e9riel \u00e9tanche.\n<li>\n<li>Tapis en caoutchouc antid\u00e9rapant<\/li>\n<li>Le produit est vendu individuellement<\/li>\n<\/ul>\n<\/ul>\n","protected":false},"excerpt":{"rendered":"<ul>\n<li>Etui pour guitare \u00e9lectrique<\/li>\n<li>Mat\u00e9riau : Poly\u00e9thyl\u00e8ne<\/li>\n<li>Tampon : 5mm<\/li>\n<li>Couleur : Noir<\/li>\n<\/ul>\n<\/ul>\n<\/ul>\n","protected":false},"featured_media":17105,"comment_status":"open","ping_status":"closed","template":"","meta":{"_acf_changed":false},"product_cat":[333],"product_tag":[],"class_list":{"0":"post-36559","1":"product","2":"type-product","3":"status-publish","4":"has-post-thumbnail","6":"product_cat-sac-de-guitare","8":"first","9":"instock","10":"shipping-taxable","11":"product-type-simple"},"acf":[],"yoast_head":"<!-- This site is optimized with the Yoast SEO plugin v27.0 - https:\/\/yoast.com\/product\/yoast-seo-wordpress\/ -->\n<title>Easy Electric Black - Audibax<\/title>\n<meta name=\"robots\" content=\"index, follow, max-snippet:-1, max-image-preview:large, max-video-preview:-1\" \/>\n<link rel=\"canonical\" href=\"https:\/\/audibax.com\/fr\/produit\/easy-electric-black-2\/\" \/>\n<meta property=\"og:locale\" content=\"fr_FR\" \/>\n<meta property=\"og:type\" content=\"article\" \/>\n<meta property=\"og:title\" content=\"Easy Electric Black - Audibax\" \/>\n<meta property=\"og:description\" content=\"Etui pour guitare \u00e9lectrique Mat\u00e9riau : Poly\u00e9thyl\u00e8ne Tampon : 5mm Couleur : Noir\" \/>\n<meta property=\"og:url\" content=\"https:\/\/audibax.com\/fr\/produit\/easy-electric-black-2\/\" \/>\n<meta property=\"og:site_name\" content=\"Audibax\" \/>\n<meta property=\"article:modified_time\" content=\"2023-12-27T10:54:36+00:00\" \/>\n<meta name=\"twitter:card\" content=\"summary_large_image\" \/>\n<meta name=\"twitter:label1\" content=\"Dur\u00e9e de lecture estim\u00e9e\" \/>\n\t<meta name=\"twitter:data1\" content=\"1 minute\" \/>\n<script type=\"application\/ld+json\" class=\"yoast-schema-graph\">{\"@context\":\"https:\/\/schema.org\",\"@graph\":[{\"@type\":\"WebPage\",\"@id\":\"https:\/\/audibax.com\/fr\/produit\/easy-electric-black-2\/\",\"url\":\"https:\/\/audibax.com\/fr\/produit\/easy-electric-black-2\/\",\"name\":\"Easy Electric Black - Audibax\",\"isPartOf\":{\"@id\":\"https:\/\/audibax.com\/fr\/#website\"},\"primaryImageOfPage\":{\"@id\":\"https:\/\/audibax.com\/fr\/produit\/easy-electric-black-2\/#primaryimage\"},\"image\":{\"@id\":\"https:\/\/audibax.com\/fr\/produit\/easy-electric-black-2\/#primaryimage\"},\"thumbnailUrl\":\"https:\/\/audibax.com\/wp-content\/uploads\/2023\/12\/audibax-Easy-Electric-funda-guitarra-electrica-duradera-oferta.jpg\",\"datePublished\":\"2023-12-11T12:30:23+00:00\",\"dateModified\":\"2023-12-27T10:54:36+00:00\",\"breadcrumb\":{\"@id\":\"https:\/\/audibax.com\/fr\/produit\/easy-electric-black-2\/#breadcrumb\"},\"inLanguage\":\"fr-FR\",\"potentialAction\":[{\"@type\":\"ReadAction\",\"target\":[\"https:\/\/audibax.com\/fr\/produit\/easy-electric-black-2\/\"]}]},{\"@type\":\"ImageObject\",\"inLanguage\":\"fr-FR\",\"@id\":\"https:\/\/audibax.com\/fr\/produit\/easy-electric-black-2\/#primaryimage\",\"url\":\"https:\/\/audibax.com\/wp-content\/uploads\/2023\/12\/audibax-Easy-Electric-funda-guitarra-electrica-duradera-oferta.jpg\",\"contentUrl\":\"https:\/\/audibax.com\/wp-content\/uploads\/2023\/12\/audibax-Easy-Electric-funda-guitarra-electrica-duradera-oferta.jpg\",\"width\":1500,\"height\":677},{\"@type\":\"BreadcrumbList\",\"@id\":\"https:\/\/audibax.com\/fr\/produit\/easy-electric-black-2\/#breadcrumb\",\"itemListElement\":[{\"@type\":\"ListItem\",\"position\":1,\"name\":\"Portada\",\"item\":\"https:\/\/audibax.com\/fr\/\"},{\"@type\":\"ListItem\",\"position\":2,\"name\":\"Produits\",\"item\":\"https:\/\/audibax.com\/fr\/shop\/\"},{\"@type\":\"ListItem\",\"position\":3,\"name\":\"Easy Electric Black\"}]},{\"@type\":\"WebSite\",\"@id\":\"https:\/\/audibax.com\/fr\/#website\",\"url\":\"https:\/\/audibax.com\/fr\/\",\"name\":\"Audibax\",\"description\":\"\",\"publisher\":{\"@id\":\"https:\/\/audibax.com\/fr\/#organization\"},\"potentialAction\":[{\"@type\":\"SearchAction\",\"target\":{\"@type\":\"EntryPoint\",\"urlTemplate\":\"https:\/\/audibax.com\/fr\/?s={search_term_string}\"},\"query-input\":{\"@type\":\"PropertyValueSpecification\",\"valueRequired\":true,\"valueName\":\"search_term_string\"}}],\"inLanguage\":\"fr-FR\"},{\"@type\":\"Organization\",\"@id\":\"https:\/\/audibax.com\/fr\/#organization\",\"name\":\"Audibax\",\"url\":\"https:\/\/audibax.com\/fr\/\",\"logo\":{\"@type\":\"ImageObject\",\"inLanguage\":\"fr-FR\",\"@id\":\"https:\/\/audibax.com\/fr\/#\/schema\/logo\/image\/\",\"url\":\"https:\/\/audibax.com\/wp-content\/uploads\/2023\/09\/logo-Audibax-BLANCO-SVG-1.svg\",\"contentUrl\":\"https:\/\/audibax.com\/wp-content\/uploads\/2023\/09\/logo-Audibax-BLANCO-SVG-1.svg\",\"caption\":\"Audibax\"},\"image\":{\"@id\":\"https:\/\/audibax.com\/fr\/#\/schema\/logo\/image\/\"}}]}<\/script>\n<!-- \/ Yoast SEO plugin. -->","yoast_head_json":{"title":"Easy Electric Black - Audibax","robots":{"index":"index","follow":"follow","max-snippet":"max-snippet:-1","max-image-preview":"max-image-preview:large","max-video-preview":"max-video-preview:-1"},"canonical":"https:\/\/audibax.com\/fr\/produit\/easy-electric-black-2\/","og_locale":"fr_FR","og_type":"article","og_title":"Easy Electric Black - Audibax","og_description":"Etui pour guitare \u00e9lectrique Mat\u00e9riau : Poly\u00e9thyl\u00e8ne Tampon : 5mm Couleur : Noir","og_url":"https:\/\/audibax.com\/fr\/produit\/easy-electric-black-2\/","og_site_name":"Audibax","article_modified_time":"2023-12-27T10:54:36+00:00","twitter_card":"summary_large_image","twitter_misc":{"Dur\u00e9e de lecture estim\u00e9e":"1 minute"},"schema":{"@context":"https:\/\/schema.org","@graph":[{"@type":"WebPage","@id":"https:\/\/audibax.com\/fr\/produit\/easy-electric-black-2\/","url":"https:\/\/audibax.com\/fr\/produit\/easy-electric-black-2\/","name":"Easy Electric Black - Audibax","isPartOf":{"@id":"https:\/\/audibax.com\/fr\/#website"},"primaryImageOfPage":{"@id":"https:\/\/audibax.com\/fr\/produit\/easy-electric-black-2\/#primaryimage"},"image":{"@id":"https:\/\/audibax.com\/fr\/produit\/easy-electric-black-2\/#primaryimage"},"thumbnailUrl":"https:\/\/audibax.com\/wp-content\/uploads\/2023\/12\/audibax-Easy-Electric-funda-guitarra-electrica-duradera-oferta.jpg","datePublished":"2023-12-11T12:30:23+00:00","dateModified":"2023-12-27T10:54:36+00:00","breadcrumb":{"@id":"https:\/\/audibax.com\/fr\/produit\/easy-electric-black-2\/#breadcrumb"},"inLanguage":"fr-FR","potentialAction":[{"@type":"ReadAction","target":["https:\/\/audibax.com\/fr\/produit\/easy-electric-black-2\/"]}]},{"@type":"ImageObject","inLanguage":"fr-FR","@id":"https:\/\/audibax.com\/fr\/produit\/easy-electric-black-2\/#primaryimage","url":"https:\/\/audibax.com\/wp-content\/uploads\/2023\/12\/audibax-Easy-Electric-funda-guitarra-electrica-duradera-oferta.jpg","contentUrl":"https:\/\/audibax.com\/wp-content\/uploads\/2023\/12\/audibax-Easy-Electric-funda-guitarra-electrica-duradera-oferta.jpg","width":1500,"height":677},{"@type":"BreadcrumbList","@id":"https:\/\/audibax.com\/fr\/produit\/easy-electric-black-2\/#breadcrumb","itemListElement":[{"@type":"ListItem","position":1,"name":"Portada","item":"https:\/\/audibax.com\/fr\/"},{"@type":"ListItem","position":2,"name":"Produits","item":"https:\/\/audibax.com\/fr\/shop\/"},{"@type":"ListItem","position":3,"name":"Easy Electric Black"}]},{"@type":"WebSite","@id":"https:\/\/audibax.com\/fr\/#website","url":"https:\/\/audibax.com\/fr\/","name":"Audibax","description":"","publisher":{"@id":"https:\/\/audibax.com\/fr\/#organization"},"potentialAction":[{"@type":"SearchAction","target":{"@type":"EntryPoint","urlTemplate":"https:\/\/audibax.com\/fr\/?s={search_term_string}"},"query-input":{"@type":"PropertyValueSpecification","valueRequired":true,"valueName":"search_term_string"}}],"inLanguage":"fr-FR"},{"@type":"Organization","@id":"https:\/\/audibax.com\/fr\/#organization","name":"Audibax","url":"https:\/\/audibax.com\/fr\/","logo":{"@type":"ImageObject","inLanguage":"fr-FR","@id":"https:\/\/audibax.com\/fr\/#\/schema\/logo\/image\/","url":"https:\/\/audibax.com\/wp-content\/uploads\/2023\/09\/logo-Audibax-BLANCO-SVG-1.svg","contentUrl":"https:\/\/audibax.com\/wp-content\/uploads\/2023\/09\/logo-Audibax-BLANCO-SVG-1.svg","caption":"Audibax"},"image":{"@id":"https:\/\/audibax.com\/fr\/#\/schema\/logo\/image\/"}}]}},"_links":{"self":[{"href":"https:\/\/audibax.com\/fr\/wp-json\/wp\/v2\/product\/36559","targetHints":{"allow":["GET"]}}],"collection":[{"href":"https:\/\/audibax.com\/fr\/wp-json\/wp\/v2\/product"}],"about":[{"href":"https:\/\/audibax.com\/fr\/wp-json\/wp\/v2\/types\/product"}],"replies":[{"embeddable":true,"href":"https:\/\/audibax.com\/fr\/wp-json\/wp\/v2\/comments?post=36559"}],"wp:featuredmedia":[{"embeddable":true,"href":"https:\/\/audibax.com\/fr\/wp-json\/wp\/v2\/media\/17105"}],"wp:attachment":[{"href":"https:\/\/audibax.com\/fr\/wp-json\/wp\/v2\/media?parent=36559"}],"wp:term":[{"taxonomy":"product_cat","embeddable":true,"href":"https:\/\/audibax.com\/fr\/wp-json\/wp\/v2\/product_cat?post=36559"},{"taxonomy":"product_tag","embeddable":true,"href":"https:\/\/audibax.com\/fr\/wp-json\/wp\/v2\/product_tag?post=36559"}],"curies":[{"name":"wp","href":"https:\/\/api.w.org\/{rel}","templated":true}]}}