{"id":36556,"date":"2023-12-11T13:30:13","date_gmt":"2023-12-11T12:30:13","guid":{"rendered":"https:\/\/audibax.com\/product\/pro-x32-producer-black-2\/"},"modified":"2023-12-27T11:54:32","modified_gmt":"2023-12-27T10:54:32","slug":"pro-x32-producer-black-2","status":"publish","type":"product","link":"https:\/\/audibax.com\/fr\/produit\/pro-x32-producer-black-2\/","title":{"rendered":"Pro X32 Producer Black"},"content":{"rendered":"<p>Flight Case sp\u00e9cialement con\u00e7ue pour la table de mixage Behringer X32 Producer,<br \/> ou pour tout contr\u00f4leur aux mesures similaires.<\/p>\n<p>Mallette dure et robuste pour prot\u00e9ger toute m\u00e9saventure lors du transport,<br \/> elle est munie de roulettes et d&rsquo;une poign\u00e9e pour une mobilit\u00e9 ais\u00e9e sans aucun effort.<\/p>\n<p> <strong>Caract\u00e9ristiques techniques Audibax PRO-X32 PROD<\/strong><\/strong><\/p>\n<li>\n<li>Caract\u00e9ristiques Audibax PRO-X32 PROD<\/strong><\/p>\n<li>\n<li>Contractable et facile \u00e0 transporter.ul>\n<li>Contreplaqu\u00e9 bouleau 7mm<\/li>\n<li>Profil\u00e9s aluminium 25 x 25mm<\/li>\n<li>Contreplaqu\u00e9 bouleau<\/li>\n<li>Contreplaqu\u00e9 bouleau<\/li>\n<li>Contreplaqu\u00e9 bouleau.2 serrures papillon<\/li>\n<li>Roues et chariot<\/li>\n<li>Coins en acier<\/li>\n<li>4 pieds en caoutchouc<\/li>\n<li>Rell\/li>\n<li>Rembourrage en mousse de diff\u00e9rentes \u00e9paisseurs<\/li>\n<li>Couleur noire<\/li>\n<li>Poids approx : 9 kg<\/li>\n<li>Dimensions ext\u00e9rieures : 700 x 550 x 295 mm<\/li>\n<li>Dimensions int\u00e9rieures : 574 x 495 x 220 mm.<\/li>\n<\/ul>\n<p>&nbsp;<\/p>\n<p>&nbsp;<\/p>\n<\/p>\n<p>.<\/p>\n","protected":false},"excerpt":{"rendered":"<p>Flight Case sp\u00e9cialement con\u00e7ue pour la table de mixage Behringer X32 Producer, ou pour tout contr\u00f4leur aux mesures similaires. Mallette dure et robuste pour prot\u00e9ger toute m\u00e9saventure lors du transport, elle est munie de roulettes et d&rsquo;une poign\u00e9e pour une mobilit\u00e9 ais\u00e9e sans aucun effort. Caract\u00e9ristiques techniques Audibax PRO-X32 PROD Caract\u00e9ristiques Audibax PRO-X32 PROD Contractable [&hellip;]<\/p>\n","protected":false},"featured_media":34227,"comment_status":"open","ping_status":"closed","template":"","meta":{"_acf_changed":false},"product_cat":[331],"product_tag":[],"class_list":{"0":"post-36556","1":"product","2":"type-product","3":"status-publish","4":"has-post-thumbnail","6":"product_cat-dj-flightcase-fr","8":"first","9":"instock","10":"shipping-taxable","11":"product-type-simple"},"acf":[],"yoast_head":"<!-- This site is optimized with the Yoast SEO plugin v27.0 - https:\/\/yoast.com\/product\/yoast-seo-wordpress\/ -->\n<title>Pro X32 Producer Black - Audibax<\/title>\n<meta name=\"robots\" content=\"index, follow, max-snippet:-1, max-image-preview:large, max-video-preview:-1\" \/>\n<link rel=\"canonical\" href=\"https:\/\/audibax.com\/fr\/produit\/pro-x32-producer-black-2\/\" \/>\n<meta property=\"og:locale\" content=\"fr_FR\" \/>\n<meta property=\"og:type\" content=\"article\" \/>\n<meta property=\"og:title\" content=\"Pro X32 Producer Black - Audibax\" \/>\n<meta property=\"og:description\" content=\"Flight Case sp\u00e9cialement con\u00e7ue pour la table de mixage Behringer X32 Producer, ou pour tout contr\u00f4leur aux mesures similaires. Mallette dure et robuste pour prot\u00e9ger toute m\u00e9saventure lors du transport, elle est munie de roulettes et d&rsquo;une poign\u00e9e pour une mobilit\u00e9 ais\u00e9e sans aucun effort. Caract\u00e9ristiques techniques Audibax PRO-X32 PROD Caract\u00e9ristiques Audibax PRO-X32 PROD Contractable [&hellip;]\" \/>\n<meta property=\"og:url\" content=\"https:\/\/audibax.com\/fr\/produit\/pro-x32-producer-black-2\/\" \/>\n<meta property=\"og:site_name\" content=\"Audibax\" \/>\n<meta property=\"article:modified_time\" content=\"2023-12-27T10:54:32+00:00\" \/>\n<meta name=\"twitter:card\" content=\"summary_large_image\" \/>\n<meta name=\"twitter:label1\" content=\"Dur\u00e9e de lecture estim\u00e9e\" \/>\n\t<meta name=\"twitter:data1\" content=\"1 minute\" \/>\n<script type=\"application\/ld+json\" class=\"yoast-schema-graph\">{\"@context\":\"https:\/\/schema.org\",\"@graph\":[{\"@type\":\"WebPage\",\"@id\":\"https:\/\/audibax.com\/fr\/produit\/pro-x32-producer-black-2\/\",\"url\":\"https:\/\/audibax.com\/fr\/produit\/pro-x32-producer-black-2\/\",\"name\":\"Pro X32 Producer Black - Audibax\",\"isPartOf\":{\"@id\":\"https:\/\/audibax.com\/fr\/#website\"},\"primaryImageOfPage\":{\"@id\":\"https:\/\/audibax.com\/fr\/produit\/pro-x32-producer-black-2\/#primaryimage\"},\"image\":{\"@id\":\"https:\/\/audibax.com\/fr\/produit\/pro-x32-producer-black-2\/#primaryimage\"},\"thumbnailUrl\":\"https:\/\/audibax.com\/wp-content\/uploads\/2023\/12\/FLIGHTCASE-BEHRINGER-X32-PRODUCER-MALETA-RUEDAS-TROLLEY-1-scaled.jpg\",\"datePublished\":\"2023-12-11T12:30:13+00:00\",\"dateModified\":\"2023-12-27T10:54:32+00:00\",\"breadcrumb\":{\"@id\":\"https:\/\/audibax.com\/fr\/produit\/pro-x32-producer-black-2\/#breadcrumb\"},\"inLanguage\":\"fr-FR\",\"potentialAction\":[{\"@type\":\"ReadAction\",\"target\":[\"https:\/\/audibax.com\/fr\/produit\/pro-x32-producer-black-2\/\"]}]},{\"@type\":\"ImageObject\",\"inLanguage\":\"fr-FR\",\"@id\":\"https:\/\/audibax.com\/fr\/produit\/pro-x32-producer-black-2\/#primaryimage\",\"url\":\"https:\/\/audibax.com\/wp-content\/uploads\/2023\/12\/FLIGHTCASE-BEHRINGER-X32-PRODUCER-MALETA-RUEDAS-TROLLEY-1-scaled.jpg\",\"contentUrl\":\"https:\/\/audibax.com\/wp-content\/uploads\/2023\/12\/FLIGHTCASE-BEHRINGER-X32-PRODUCER-MALETA-RUEDAS-TROLLEY-1-scaled.jpg\",\"width\":2560,\"height\":1783},{\"@type\":\"BreadcrumbList\",\"@id\":\"https:\/\/audibax.com\/fr\/produit\/pro-x32-producer-black-2\/#breadcrumb\",\"itemListElement\":[{\"@type\":\"ListItem\",\"position\":1,\"name\":\"Portada\",\"item\":\"https:\/\/audibax.com\/fr\/\"},{\"@type\":\"ListItem\",\"position\":2,\"name\":\"Produits\",\"item\":\"https:\/\/audibax.com\/fr\/shop\/\"},{\"@type\":\"ListItem\",\"position\":3,\"name\":\"Pro X32 Producer Black\"}]},{\"@type\":\"WebSite\",\"@id\":\"https:\/\/audibax.com\/fr\/#website\",\"url\":\"https:\/\/audibax.com\/fr\/\",\"name\":\"Audibax\",\"description\":\"\",\"publisher\":{\"@id\":\"https:\/\/audibax.com\/fr\/#organization\"},\"potentialAction\":[{\"@type\":\"SearchAction\",\"target\":{\"@type\":\"EntryPoint\",\"urlTemplate\":\"https:\/\/audibax.com\/fr\/?s={search_term_string}\"},\"query-input\":{\"@type\":\"PropertyValueSpecification\",\"valueRequired\":true,\"valueName\":\"search_term_string\"}}],\"inLanguage\":\"fr-FR\"},{\"@type\":\"Organization\",\"@id\":\"https:\/\/audibax.com\/fr\/#organization\",\"name\":\"Audibax\",\"url\":\"https:\/\/audibax.com\/fr\/\",\"logo\":{\"@type\":\"ImageObject\",\"inLanguage\":\"fr-FR\",\"@id\":\"https:\/\/audibax.com\/fr\/#\/schema\/logo\/image\/\",\"url\":\"https:\/\/audibax.com\/wp-content\/uploads\/2023\/09\/logo-Audibax-BLANCO-SVG-1.svg\",\"contentUrl\":\"https:\/\/audibax.com\/wp-content\/uploads\/2023\/09\/logo-Audibax-BLANCO-SVG-1.svg\",\"caption\":\"Audibax\"},\"image\":{\"@id\":\"https:\/\/audibax.com\/fr\/#\/schema\/logo\/image\/\"}}]}<\/script>\n<!-- \/ Yoast SEO plugin. -->","yoast_head_json":{"title":"Pro X32 Producer Black - Audibax","robots":{"index":"index","follow":"follow","max-snippet":"max-snippet:-1","max-image-preview":"max-image-preview:large","max-video-preview":"max-video-preview:-1"},"canonical":"https:\/\/audibax.com\/fr\/produit\/pro-x32-producer-black-2\/","og_locale":"fr_FR","og_type":"article","og_title":"Pro X32 Producer Black - Audibax","og_description":"Flight Case sp\u00e9cialement con\u00e7ue pour la table de mixage Behringer X32 Producer, ou pour tout contr\u00f4leur aux mesures similaires. Mallette dure et robuste pour prot\u00e9ger toute m\u00e9saventure lors du transport, elle est munie de roulettes et d&rsquo;une poign\u00e9e pour une mobilit\u00e9 ais\u00e9e sans aucun effort. Caract\u00e9ristiques techniques Audibax PRO-X32 PROD Caract\u00e9ristiques Audibax PRO-X32 PROD Contractable [&hellip;]","og_url":"https:\/\/audibax.com\/fr\/produit\/pro-x32-producer-black-2\/","og_site_name":"Audibax","article_modified_time":"2023-12-27T10:54:32+00:00","twitter_card":"summary_large_image","twitter_misc":{"Dur\u00e9e de lecture estim\u00e9e":"1 minute"},"schema":{"@context":"https:\/\/schema.org","@graph":[{"@type":"WebPage","@id":"https:\/\/audibax.com\/fr\/produit\/pro-x32-producer-black-2\/","url":"https:\/\/audibax.com\/fr\/produit\/pro-x32-producer-black-2\/","name":"Pro X32 Producer Black - Audibax","isPartOf":{"@id":"https:\/\/audibax.com\/fr\/#website"},"primaryImageOfPage":{"@id":"https:\/\/audibax.com\/fr\/produit\/pro-x32-producer-black-2\/#primaryimage"},"image":{"@id":"https:\/\/audibax.com\/fr\/produit\/pro-x32-producer-black-2\/#primaryimage"},"thumbnailUrl":"https:\/\/audibax.com\/wp-content\/uploads\/2023\/12\/FLIGHTCASE-BEHRINGER-X32-PRODUCER-MALETA-RUEDAS-TROLLEY-1-scaled.jpg","datePublished":"2023-12-11T12:30:13+00:00","dateModified":"2023-12-27T10:54:32+00:00","breadcrumb":{"@id":"https:\/\/audibax.com\/fr\/produit\/pro-x32-producer-black-2\/#breadcrumb"},"inLanguage":"fr-FR","potentialAction":[{"@type":"ReadAction","target":["https:\/\/audibax.com\/fr\/produit\/pro-x32-producer-black-2\/"]}]},{"@type":"ImageObject","inLanguage":"fr-FR","@id":"https:\/\/audibax.com\/fr\/produit\/pro-x32-producer-black-2\/#primaryimage","url":"https:\/\/audibax.com\/wp-content\/uploads\/2023\/12\/FLIGHTCASE-BEHRINGER-X32-PRODUCER-MALETA-RUEDAS-TROLLEY-1-scaled.jpg","contentUrl":"https:\/\/audibax.com\/wp-content\/uploads\/2023\/12\/FLIGHTCASE-BEHRINGER-X32-PRODUCER-MALETA-RUEDAS-TROLLEY-1-scaled.jpg","width":2560,"height":1783},{"@type":"BreadcrumbList","@id":"https:\/\/audibax.com\/fr\/produit\/pro-x32-producer-black-2\/#breadcrumb","itemListElement":[{"@type":"ListItem","position":1,"name":"Portada","item":"https:\/\/audibax.com\/fr\/"},{"@type":"ListItem","position":2,"name":"Produits","item":"https:\/\/audibax.com\/fr\/shop\/"},{"@type":"ListItem","position":3,"name":"Pro X32 Producer Black"}]},{"@type":"WebSite","@id":"https:\/\/audibax.com\/fr\/#website","url":"https:\/\/audibax.com\/fr\/","name":"Audibax","description":"","publisher":{"@id":"https:\/\/audibax.com\/fr\/#organization"},"potentialAction":[{"@type":"SearchAction","target":{"@type":"EntryPoint","urlTemplate":"https:\/\/audibax.com\/fr\/?s={search_term_string}"},"query-input":{"@type":"PropertyValueSpecification","valueRequired":true,"valueName":"search_term_string"}}],"inLanguage":"fr-FR"},{"@type":"Organization","@id":"https:\/\/audibax.com\/fr\/#organization","name":"Audibax","url":"https:\/\/audibax.com\/fr\/","logo":{"@type":"ImageObject","inLanguage":"fr-FR","@id":"https:\/\/audibax.com\/fr\/#\/schema\/logo\/image\/","url":"https:\/\/audibax.com\/wp-content\/uploads\/2023\/09\/logo-Audibax-BLANCO-SVG-1.svg","contentUrl":"https:\/\/audibax.com\/wp-content\/uploads\/2023\/09\/logo-Audibax-BLANCO-SVG-1.svg","caption":"Audibax"},"image":{"@id":"https:\/\/audibax.com\/fr\/#\/schema\/logo\/image\/"}}]}},"_links":{"self":[{"href":"https:\/\/audibax.com\/fr\/wp-json\/wp\/v2\/product\/36556","targetHints":{"allow":["GET"]}}],"collection":[{"href":"https:\/\/audibax.com\/fr\/wp-json\/wp\/v2\/product"}],"about":[{"href":"https:\/\/audibax.com\/fr\/wp-json\/wp\/v2\/types\/product"}],"replies":[{"embeddable":true,"href":"https:\/\/audibax.com\/fr\/wp-json\/wp\/v2\/comments?post=36556"}],"wp:featuredmedia":[{"embeddable":true,"href":"https:\/\/audibax.com\/fr\/wp-json\/wp\/v2\/media\/34227"}],"wp:attachment":[{"href":"https:\/\/audibax.com\/fr\/wp-json\/wp\/v2\/media?parent=36556"}],"wp:term":[{"taxonomy":"product_cat","embeddable":true,"href":"https:\/\/audibax.com\/fr\/wp-json\/wp\/v2\/product_cat?post=36556"},{"taxonomy":"product_tag","embeddable":true,"href":"https:\/\/audibax.com\/fr\/wp-json\/wp\/v2\/product_tag?post=36556"}],"curies":[{"name":"wp","href":"https:\/\/api.w.org\/{rel}","templated":true}]}}