{"id":36553,"date":"2023-12-11T13:29:56","date_gmt":"2023-12-11T12:29:56","guid":{"rendered":"https:\/\/audibax.com\/product\/pro-x32-comp-black-2\/"},"modified":"2023-12-27T11:54:29","modified_gmt":"2023-12-27T10:54:29","slug":"pro-x32-comp-black-2","status":"publish","type":"product","link":"https:\/\/audibax.com\/fr\/produit\/pro-x32-comp-black-2\/","title":{"rendered":"Pro X32 Comp Black"},"content":{"rendered":"<p>Flight Case sp\u00e9cialement con\u00e7u pour la table de mixage Behringer X32 Compact,<br \/>ou pour tout contr\u00f4leur aux mesures similaires.<\/p>\n<p>Fabriqu\u00e9 en bois de bouleau de 7mm et renforc\u00e9 dans tous les coins, il garantit un transport<br \/>s\u00fbr \u00e0 votre Behringer X32 Compact.\/li> <\/p>\n<li>2 serrures papillon<\/li>\n<li>1 poign\u00e9e de transport<\/li>\n<li>Coins en acier<\/li>\n<li>4 pieds en caoutchouc<\/li>\n<li>1cm de mousse de rembourrage m&iacute;n.<\/li>\n<li>Finition noire<\/li>\n<li>Mesures : 665 x 641 x 205mm<\/li>\n<li>Poids approximatif : 9kg<\/li>\n<\/ul>\n<p>&nbsp;<\/p>\n<p><img decoding=\"async\" alt=\"\" src=\"\/crm\/documents\/fckeditor\/image\/FLIGHT-CASE-BEHRINGER-X32-COMPACT-suitcase-tex.jpg\" style=\"height:482px ; width:700px\" \/><\/p>\n<p>La valise de transport de l&rsquo;entreprise EHRINGER-X32-COMPACT est une valise de transport de marchandises.<\/p>\n","protected":false},"excerpt":{"rendered":"<p>Flight Case sp\u00e9cialement con\u00e7u pour la table de mixage Behringer X32 Compact,ou pour tout contr\u00f4leur aux mesures similaires. Fabriqu\u00e9 en bois de bouleau de 7mm et renforc\u00e9 dans tous les coins, il garantit un transports\u00fbr \u00e0 votre Behringer X32 Compact.\/li> 2 serrures papillon 1 poign\u00e9e de transport Coins en acier 4 pieds en caoutchouc 1cm [&hellip;]<\/p>\n","protected":false},"featured_media":18326,"comment_status":"open","ping_status":"closed","template":"","meta":{"_acf_changed":false},"product_cat":[331],"product_tag":[],"class_list":{"0":"post-36553","1":"product","2":"type-product","3":"status-publish","4":"has-post-thumbnail","6":"product_cat-dj-flightcase-fr","8":"first","9":"instock","10":"shipping-taxable","11":"product-type-simple"},"acf":[],"yoast_head":"<!-- This site is optimized with the Yoast SEO plugin v27.0 - https:\/\/yoast.com\/product\/yoast-seo-wordpress\/ -->\n<title>Pro X32 Comp Black - Audibax<\/title>\n<meta name=\"robots\" content=\"index, follow, max-snippet:-1, max-image-preview:large, max-video-preview:-1\" \/>\n<link rel=\"canonical\" href=\"https:\/\/audibax.com\/fr\/produit\/pro-x32-comp-black-2\/\" \/>\n<meta property=\"og:locale\" content=\"fr_FR\" \/>\n<meta property=\"og:type\" content=\"article\" \/>\n<meta property=\"og:title\" content=\"Pro X32 Comp Black - Audibax\" \/>\n<meta property=\"og:description\" content=\"Flight Case sp\u00e9cialement con\u00e7u pour la table de mixage Behringer X32 Compact,ou pour tout contr\u00f4leur aux mesures similaires. Fabriqu\u00e9 en bois de bouleau de 7mm et renforc\u00e9 dans tous les coins, il garantit un transports\u00fbr \u00e0 votre Behringer X32 Compact.\/li&gt; 2 serrures papillon 1 poign\u00e9e de transport Coins en acier 4 pieds en caoutchouc 1cm [&hellip;]\" \/>\n<meta property=\"og:url\" content=\"https:\/\/audibax.com\/fr\/produit\/pro-x32-comp-black-2\/\" \/>\n<meta property=\"og:site_name\" content=\"Audibax\" \/>\n<meta property=\"article:modified_time\" content=\"2023-12-27T10:54:29+00:00\" \/>\n<meta name=\"twitter:card\" content=\"summary_large_image\" \/>\n<script type=\"application\/ld+json\" class=\"yoast-schema-graph\">{\"@context\":\"https:\/\/schema.org\",\"@graph\":[{\"@type\":\"WebPage\",\"@id\":\"https:\/\/audibax.com\/fr\/produit\/pro-x32-comp-black-2\/\",\"url\":\"https:\/\/audibax.com\/fr\/produit\/pro-x32-comp-black-2\/\",\"name\":\"Pro X32 Comp Black - Audibax\",\"isPartOf\":{\"@id\":\"https:\/\/audibax.com\/fr\/#website\"},\"primaryImageOfPage\":{\"@id\":\"https:\/\/audibax.com\/fr\/produit\/pro-x32-comp-black-2\/#primaryimage\"},\"image\":{\"@id\":\"https:\/\/audibax.com\/fr\/produit\/pro-x32-comp-black-2\/#primaryimage\"},\"thumbnailUrl\":\"https:\/\/audibax.com\/wp-content\/uploads\/2023\/12\/FLIGHTCASE-BEHRINGER-X32-COMPACT-MALETA-TRANSPORTE.jpg\",\"datePublished\":\"2023-12-11T12:29:56+00:00\",\"dateModified\":\"2023-12-27T10:54:29+00:00\",\"breadcrumb\":{\"@id\":\"https:\/\/audibax.com\/fr\/produit\/pro-x32-comp-black-2\/#breadcrumb\"},\"inLanguage\":\"fr-FR\",\"potentialAction\":[{\"@type\":\"ReadAction\",\"target\":[\"https:\/\/audibax.com\/fr\/produit\/pro-x32-comp-black-2\/\"]}]},{\"@type\":\"ImageObject\",\"inLanguage\":\"fr-FR\",\"@id\":\"https:\/\/audibax.com\/fr\/produit\/pro-x32-comp-black-2\/#primaryimage\",\"url\":\"https:\/\/audibax.com\/wp-content\/uploads\/2023\/12\/FLIGHTCASE-BEHRINGER-X32-COMPACT-MALETA-TRANSPORTE.jpg\",\"contentUrl\":\"https:\/\/audibax.com\/wp-content\/uploads\/2023\/12\/FLIGHTCASE-BEHRINGER-X32-COMPACT-MALETA-TRANSPORTE.jpg\",\"width\":2048,\"height\":1463},{\"@type\":\"BreadcrumbList\",\"@id\":\"https:\/\/audibax.com\/fr\/produit\/pro-x32-comp-black-2\/#breadcrumb\",\"itemListElement\":[{\"@type\":\"ListItem\",\"position\":1,\"name\":\"Portada\",\"item\":\"https:\/\/audibax.com\/fr\/\"},{\"@type\":\"ListItem\",\"position\":2,\"name\":\"Produits\",\"item\":\"https:\/\/audibax.com\/fr\/shop\/\"},{\"@type\":\"ListItem\",\"position\":3,\"name\":\"Pro X32 Comp Black\"}]},{\"@type\":\"WebSite\",\"@id\":\"https:\/\/audibax.com\/fr\/#website\",\"url\":\"https:\/\/audibax.com\/fr\/\",\"name\":\"Audibax\",\"description\":\"\",\"publisher\":{\"@id\":\"https:\/\/audibax.com\/fr\/#organization\"},\"potentialAction\":[{\"@type\":\"SearchAction\",\"target\":{\"@type\":\"EntryPoint\",\"urlTemplate\":\"https:\/\/audibax.com\/fr\/?s={search_term_string}\"},\"query-input\":{\"@type\":\"PropertyValueSpecification\",\"valueRequired\":true,\"valueName\":\"search_term_string\"}}],\"inLanguage\":\"fr-FR\"},{\"@type\":\"Organization\",\"@id\":\"https:\/\/audibax.com\/fr\/#organization\",\"name\":\"Audibax\",\"url\":\"https:\/\/audibax.com\/fr\/\",\"logo\":{\"@type\":\"ImageObject\",\"inLanguage\":\"fr-FR\",\"@id\":\"https:\/\/audibax.com\/fr\/#\/schema\/logo\/image\/\",\"url\":\"https:\/\/audibax.com\/wp-content\/uploads\/2023\/09\/logo-Audibax-BLANCO-SVG-1.svg\",\"contentUrl\":\"https:\/\/audibax.com\/wp-content\/uploads\/2023\/09\/logo-Audibax-BLANCO-SVG-1.svg\",\"caption\":\"Audibax\"},\"image\":{\"@id\":\"https:\/\/audibax.com\/fr\/#\/schema\/logo\/image\/\"}}]}<\/script>\n<!-- \/ Yoast SEO plugin. -->","yoast_head_json":{"title":"Pro X32 Comp Black - Audibax","robots":{"index":"index","follow":"follow","max-snippet":"max-snippet:-1","max-image-preview":"max-image-preview:large","max-video-preview":"max-video-preview:-1"},"canonical":"https:\/\/audibax.com\/fr\/produit\/pro-x32-comp-black-2\/","og_locale":"fr_FR","og_type":"article","og_title":"Pro X32 Comp Black - Audibax","og_description":"Flight Case sp\u00e9cialement con\u00e7u pour la table de mixage Behringer X32 Compact,ou pour tout contr\u00f4leur aux mesures similaires. Fabriqu\u00e9 en bois de bouleau de 7mm et renforc\u00e9 dans tous les coins, il garantit un transports\u00fbr \u00e0 votre Behringer X32 Compact.\/li> 2 serrures papillon 1 poign\u00e9e de transport Coins en acier 4 pieds en caoutchouc 1cm [&hellip;]","og_url":"https:\/\/audibax.com\/fr\/produit\/pro-x32-comp-black-2\/","og_site_name":"Audibax","article_modified_time":"2023-12-27T10:54:29+00:00","twitter_card":"summary_large_image","schema":{"@context":"https:\/\/schema.org","@graph":[{"@type":"WebPage","@id":"https:\/\/audibax.com\/fr\/produit\/pro-x32-comp-black-2\/","url":"https:\/\/audibax.com\/fr\/produit\/pro-x32-comp-black-2\/","name":"Pro X32 Comp Black - Audibax","isPartOf":{"@id":"https:\/\/audibax.com\/fr\/#website"},"primaryImageOfPage":{"@id":"https:\/\/audibax.com\/fr\/produit\/pro-x32-comp-black-2\/#primaryimage"},"image":{"@id":"https:\/\/audibax.com\/fr\/produit\/pro-x32-comp-black-2\/#primaryimage"},"thumbnailUrl":"https:\/\/audibax.com\/wp-content\/uploads\/2023\/12\/FLIGHTCASE-BEHRINGER-X32-COMPACT-MALETA-TRANSPORTE.jpg","datePublished":"2023-12-11T12:29:56+00:00","dateModified":"2023-12-27T10:54:29+00:00","breadcrumb":{"@id":"https:\/\/audibax.com\/fr\/produit\/pro-x32-comp-black-2\/#breadcrumb"},"inLanguage":"fr-FR","potentialAction":[{"@type":"ReadAction","target":["https:\/\/audibax.com\/fr\/produit\/pro-x32-comp-black-2\/"]}]},{"@type":"ImageObject","inLanguage":"fr-FR","@id":"https:\/\/audibax.com\/fr\/produit\/pro-x32-comp-black-2\/#primaryimage","url":"https:\/\/audibax.com\/wp-content\/uploads\/2023\/12\/FLIGHTCASE-BEHRINGER-X32-COMPACT-MALETA-TRANSPORTE.jpg","contentUrl":"https:\/\/audibax.com\/wp-content\/uploads\/2023\/12\/FLIGHTCASE-BEHRINGER-X32-COMPACT-MALETA-TRANSPORTE.jpg","width":2048,"height":1463},{"@type":"BreadcrumbList","@id":"https:\/\/audibax.com\/fr\/produit\/pro-x32-comp-black-2\/#breadcrumb","itemListElement":[{"@type":"ListItem","position":1,"name":"Portada","item":"https:\/\/audibax.com\/fr\/"},{"@type":"ListItem","position":2,"name":"Produits","item":"https:\/\/audibax.com\/fr\/shop\/"},{"@type":"ListItem","position":3,"name":"Pro X32 Comp Black"}]},{"@type":"WebSite","@id":"https:\/\/audibax.com\/fr\/#website","url":"https:\/\/audibax.com\/fr\/","name":"Audibax","description":"","publisher":{"@id":"https:\/\/audibax.com\/fr\/#organization"},"potentialAction":[{"@type":"SearchAction","target":{"@type":"EntryPoint","urlTemplate":"https:\/\/audibax.com\/fr\/?s={search_term_string}"},"query-input":{"@type":"PropertyValueSpecification","valueRequired":true,"valueName":"search_term_string"}}],"inLanguage":"fr-FR"},{"@type":"Organization","@id":"https:\/\/audibax.com\/fr\/#organization","name":"Audibax","url":"https:\/\/audibax.com\/fr\/","logo":{"@type":"ImageObject","inLanguage":"fr-FR","@id":"https:\/\/audibax.com\/fr\/#\/schema\/logo\/image\/","url":"https:\/\/audibax.com\/wp-content\/uploads\/2023\/09\/logo-Audibax-BLANCO-SVG-1.svg","contentUrl":"https:\/\/audibax.com\/wp-content\/uploads\/2023\/09\/logo-Audibax-BLANCO-SVG-1.svg","caption":"Audibax"},"image":{"@id":"https:\/\/audibax.com\/fr\/#\/schema\/logo\/image\/"}}]}},"_links":{"self":[{"href":"https:\/\/audibax.com\/fr\/wp-json\/wp\/v2\/product\/36553","targetHints":{"allow":["GET"]}}],"collection":[{"href":"https:\/\/audibax.com\/fr\/wp-json\/wp\/v2\/product"}],"about":[{"href":"https:\/\/audibax.com\/fr\/wp-json\/wp\/v2\/types\/product"}],"replies":[{"embeddable":true,"href":"https:\/\/audibax.com\/fr\/wp-json\/wp\/v2\/comments?post=36553"}],"wp:featuredmedia":[{"embeddable":true,"href":"https:\/\/audibax.com\/fr\/wp-json\/wp\/v2\/media\/18326"}],"wp:attachment":[{"href":"https:\/\/audibax.com\/fr\/wp-json\/wp\/v2\/media?parent=36553"}],"wp:term":[{"taxonomy":"product_cat","embeddable":true,"href":"https:\/\/audibax.com\/fr\/wp-json\/wp\/v2\/product_cat?post=36553"},{"taxonomy":"product_tag","embeddable":true,"href":"https:\/\/audibax.com\/fr\/wp-json\/wp\/v2\/product_tag?post=36553"}],"curies":[{"name":"wp","href":"https:\/\/api.w.org\/{rel}","templated":true}]}}