{"id":36550,"date":"2023-12-11T13:29:51","date_gmt":"2023-12-11T12:29:51","guid":{"rendered":"https:\/\/audibax.com\/product\/atlanta-case-120-black-2\/"},"modified":"2024-06-24T14:17:07","modified_gmt":"2024-06-24T12:17:07","slug":"atlanta-case-120-black-2","status":"publish","type":"product","link":"https:\/\/audibax.com\/fr\/produit\/atlanta-case-120-black-2\/","title":{"rendered":"Atlanta Case 120"},"content":{"rendered":"<p>L&rsquo;Atlanta Case 120 d&rsquo;Audibax est une solution de transport l\u00e9g\u00e8re et compacte pour prot\u00e9ger votre contr\u00f4leur et vos petits mod\u00e8les. Fabriqu\u00e9e \u00e0 partir de mousse EVA moul\u00e9e Durashock durable et l\u00e9g\u00e8re et d&rsquo;un ext\u00e9rieur en poly\u00e9thyl\u00e8ne hydrofuge. En outre, il est \u00e9quip\u00e9 d&rsquo;un kit de mousse r\u00e9glable qui offre une protection suppl\u00e9mentaire pour tous les boutons de contr\u00f4le, les faders et les jog wheels.<\/p>\n<p>&nbsp;<\/p>\n<ul>\n<li style=\"list-style-type: none;\">\n<ul>\n<li style=\"list-style-type: none;\">\n<ul>\n<li>L\u00e9ger Durashock moul\u00e9 en mousse EVA de 5 mm et coque ext\u00e9rieure en poly\u00e9thyl\u00e8ne<\/li>\n<li>Incl. kit de mousse r\u00e9glable pour s&rsquo;adapter aux plus petits mod\u00e8les et pour prot\u00e9ger les boutons de commande, les variateurs et les molettes de d\u00e9filement<\/li>\n<li>Zip robuste et poign\u00e9es de transport confortables<\/li>\n<li>Dimensions ext\u00e9rieures : 50 x 34 x 9 cm<\/li>\n<li>Mesures int\u00e9rieures : 50 x 33 x 7 cm<\/li>\n<li>Poids : 1,0 kg<\/li>\n<li>Couleur noir<\/li>\n<\/ul>\n<\/li>\n<\/ul>\n<\/li>\n<\/ul>\n<p>&nbsp;<\/p>\n<h2>Convient \u00e0<\/h2>\n<ul>\n<li style=\"list-style-type: none;\">\n<ul>\n<li style=\"list-style-type: none;\">\n<ul>\n<li>Native Instruments Kontrol S2MK3<\/li>\n<li>Native Instruments Kontrol S2MK3<\/li>\n<li>Native Instruments Kontrol S2MK3Native Kompelte A25<\/li>\n<li>Novation Launchkey 25<\/li>\n<li>Novation Bass Station II<\/li>\n<li>Roland\u00a0System 1 Aira<\/li>\n<li>Roland DJ-202<\/li>\n<li>Roland DJ-202<\/li>\n<li>Roland DJ-202<\/li>\n<li>Akai MPK-210<\/li>\n<li>Akai MPK-210li&gt;Akai MPK-225<\/li>\n<li>Denon MC-4000<\/li>\n<li>Numark Mixdeck II<\/li>\n<li>Numark Mixdeck II<\/li>\n<li>Denon MC-4000<\/li>\n<li>Numark Mixdeck IIli&gt;American Audio VMS4<\/li>\n<li>Vestax VCI-400<\/li>\n<li>Akai MPC Renaissance<\/li>\n<li>Akai MPC Renaissance<\/li>\n<li>Gemma VCI-400<\/li>\n<li>Akai MPC Renaissance\/li&gt;<\/li>\n<li>Gemini GV 2<\/li>\n<li>Gemini Slate 4<\/li>\n<li>Gemini Slate 2<\/li>\n<li>Reloop Jockey 3 RMX<\/li>\n<\/ul>\n<\/li>\n<\/ul>\n<\/li>\n<\/ul>\n<p>&nbsp;<\/p>\n<p>Reloop Jockey 3 RMX<\/p>\n<p>Reloop Jockey 3 RMX<\/p>\n","protected":false},"excerpt":{"rendered":"<ul>\n<li>L\u00e9ger Durashock moul\u00e9 en mousse EVA de 5 mm et coque ext\u00e9rieure en poly\u00e9thyl\u00e8ne<\/li>\n<li>Incl. kit de mousse r\u00e9glable pour s&rsquo;adapter aux plus petits mod\u00e8les et pour prot\u00e9ger les boutons de commande, les variateurs et les molettes de d\u00e9filement<\/li>\n<li>Zip robuste et poign\u00e9es de transport confortables<\/li>\n<li>Dimensions ext\u00e9rieures : 53 x 35 x 35 x 8 cm<\/li>\n<li>Mesures int\u00e9rieures : 50,5 x 33 x 7 cm<\/li>\n<\/ul>\n","protected":false},"featured_media":16566,"comment_status":"open","ping_status":"closed","template":"","meta":{"_acf_changed":false},"product_cat":[329],"product_tag":[],"class_list":{"0":"post-36550","1":"product","2":"type-product","3":"status-publish","4":"has-post-thumbnail","6":"product_cat-sacs-dj","8":"first","9":"instock","10":"shipping-taxable","11":"product-type-simple"},"acf":[],"yoast_head":"<!-- This site is optimized with the Yoast SEO plugin v27.0 - https:\/\/yoast.com\/product\/yoast-seo-wordpress\/ -->\n<title>Atlanta Case 120 - Audibax<\/title>\n<meta name=\"robots\" content=\"index, follow, max-snippet:-1, max-image-preview:large, max-video-preview:-1\" \/>\n<link rel=\"canonical\" href=\"https:\/\/audibax.com\/fr\/produit\/atlanta-case-120-black-2\/\" \/>\n<meta property=\"og:locale\" content=\"fr_FR\" \/>\n<meta property=\"og:type\" content=\"article\" \/>\n<meta property=\"og:title\" content=\"Atlanta Case 120 - Audibax\" \/>\n<meta property=\"og:description\" content=\"L\u00e9ger Durashock moul\u00e9 en mousse EVA de 5 mm et coque ext\u00e9rieure en poly\u00e9thyl\u00e8ne  Incl. kit de mousse r\u00e9glable pour s&#039;adapter aux plus petits mod\u00e8les et pour prot\u00e9ger les boutons de commande, les variateurs et les molettes de d\u00e9filement  Zip robuste et poign\u00e9es de transport confortables  Dimensions ext\u00e9rieures : 53 x 35 x 35 x 8 cm  Mesures int\u00e9rieures : 50,5 x 33 x 7 cm\" \/>\n<meta property=\"og:url\" content=\"https:\/\/audibax.com\/fr\/produit\/atlanta-case-120-black-2\/\" \/>\n<meta property=\"og:site_name\" content=\"Audibax\" \/>\n<meta property=\"article:modified_time\" content=\"2024-06-24T12:17:07+00:00\" \/>\n<meta property=\"og:image\" content=\"https:\/\/audibax.com\/wp-content\/uploads\/2023\/12\/audibax_atlanta_case_120_bolsa_controlador_oferta.jpg\" \/>\n\t<meta property=\"og:image:width\" content=\"1500\" \/>\n\t<meta property=\"og:image:height\" content=\"1060\" \/>\n\t<meta property=\"og:image:type\" content=\"image\/jpeg\" \/>\n<meta name=\"twitter:card\" content=\"summary_large_image\" \/>\n<meta name=\"twitter:label1\" content=\"Dur\u00e9e de lecture estim\u00e9e\" \/>\n\t<meta name=\"twitter:data1\" content=\"2 minutes\" \/>\n<script type=\"application\/ld+json\" class=\"yoast-schema-graph\">{\"@context\":\"https:\/\/schema.org\",\"@graph\":[{\"@type\":\"WebPage\",\"@id\":\"https:\/\/audibax.com\/fr\/produit\/atlanta-case-120-black-2\/\",\"url\":\"https:\/\/audibax.com\/fr\/produit\/atlanta-case-120-black-2\/\",\"name\":\"Atlanta Case 120 - Audibax\",\"isPartOf\":{\"@id\":\"https:\/\/audibax.com\/fr\/#website\"},\"primaryImageOfPage\":{\"@id\":\"https:\/\/audibax.com\/fr\/produit\/atlanta-case-120-black-2\/#primaryimage\"},\"image\":{\"@id\":\"https:\/\/audibax.com\/fr\/produit\/atlanta-case-120-black-2\/#primaryimage\"},\"thumbnailUrl\":\"https:\/\/audibax.com\/wp-content\/uploads\/2023\/12\/audibax_atlanta_case_120_bolsa_controlador_oferta.jpg\",\"datePublished\":\"2023-12-11T12:29:51+00:00\",\"dateModified\":\"2024-06-24T12:17:07+00:00\",\"breadcrumb\":{\"@id\":\"https:\/\/audibax.com\/fr\/produit\/atlanta-case-120-black-2\/#breadcrumb\"},\"inLanguage\":\"fr-FR\",\"potentialAction\":[{\"@type\":\"ReadAction\",\"target\":[\"https:\/\/audibax.com\/fr\/produit\/atlanta-case-120-black-2\/\"]}]},{\"@type\":\"ImageObject\",\"inLanguage\":\"fr-FR\",\"@id\":\"https:\/\/audibax.com\/fr\/produit\/atlanta-case-120-black-2\/#primaryimage\",\"url\":\"https:\/\/audibax.com\/wp-content\/uploads\/2023\/12\/audibax_atlanta_case_120_bolsa_controlador_oferta.jpg\",\"contentUrl\":\"https:\/\/audibax.com\/wp-content\/uploads\/2023\/12\/audibax_atlanta_case_120_bolsa_controlador_oferta.jpg\",\"width\":1500,\"height\":1060},{\"@type\":\"BreadcrumbList\",\"@id\":\"https:\/\/audibax.com\/fr\/produit\/atlanta-case-120-black-2\/#breadcrumb\",\"itemListElement\":[{\"@type\":\"ListItem\",\"position\":1,\"name\":\"Portada\",\"item\":\"https:\/\/audibax.com\/fr\/\"},{\"@type\":\"ListItem\",\"position\":2,\"name\":\"Produits\",\"item\":\"https:\/\/audibax.com\/fr\/shop\/\"},{\"@type\":\"ListItem\",\"position\":3,\"name\":\"Atlanta Case 120\"}]},{\"@type\":\"WebSite\",\"@id\":\"https:\/\/audibax.com\/fr\/#website\",\"url\":\"https:\/\/audibax.com\/fr\/\",\"name\":\"Audibax\",\"description\":\"\",\"publisher\":{\"@id\":\"https:\/\/audibax.com\/fr\/#organization\"},\"potentialAction\":[{\"@type\":\"SearchAction\",\"target\":{\"@type\":\"EntryPoint\",\"urlTemplate\":\"https:\/\/audibax.com\/fr\/?s={search_term_string}\"},\"query-input\":{\"@type\":\"PropertyValueSpecification\",\"valueRequired\":true,\"valueName\":\"search_term_string\"}}],\"inLanguage\":\"fr-FR\"},{\"@type\":\"Organization\",\"@id\":\"https:\/\/audibax.com\/fr\/#organization\",\"name\":\"Audibax\",\"url\":\"https:\/\/audibax.com\/fr\/\",\"logo\":{\"@type\":\"ImageObject\",\"inLanguage\":\"fr-FR\",\"@id\":\"https:\/\/audibax.com\/fr\/#\/schema\/logo\/image\/\",\"url\":\"https:\/\/audibax.com\/wp-content\/uploads\/2023\/09\/logo-Audibax-BLANCO-SVG-1.svg\",\"contentUrl\":\"https:\/\/audibax.com\/wp-content\/uploads\/2023\/09\/logo-Audibax-BLANCO-SVG-1.svg\",\"caption\":\"Audibax\"},\"image\":{\"@id\":\"https:\/\/audibax.com\/fr\/#\/schema\/logo\/image\/\"}}]}<\/script>\n<!-- \/ Yoast SEO plugin. -->","yoast_head_json":{"title":"Atlanta Case 120 - Audibax","robots":{"index":"index","follow":"follow","max-snippet":"max-snippet:-1","max-image-preview":"max-image-preview:large","max-video-preview":"max-video-preview:-1"},"canonical":"https:\/\/audibax.com\/fr\/produit\/atlanta-case-120-black-2\/","og_locale":"fr_FR","og_type":"article","og_title":"Atlanta Case 120 - Audibax","og_description":"L\u00e9ger Durashock moul\u00e9 en mousse EVA de 5 mm et coque ext\u00e9rieure en poly\u00e9thyl\u00e8ne  Incl. kit de mousse r\u00e9glable pour s'adapter aux plus petits mod\u00e8les et pour prot\u00e9ger les boutons de commande, les variateurs et les molettes de d\u00e9filement  Zip robuste et poign\u00e9es de transport confortables  Dimensions ext\u00e9rieures : 53 x 35 x 35 x 8 cm  Mesures int\u00e9rieures : 50,5 x 33 x 7 cm","og_url":"https:\/\/audibax.com\/fr\/produit\/atlanta-case-120-black-2\/","og_site_name":"Audibax","article_modified_time":"2024-06-24T12:17:07+00:00","og_image":[{"width":1500,"height":1060,"url":"https:\/\/audibax.com\/wp-content\/uploads\/2023\/12\/audibax_atlanta_case_120_bolsa_controlador_oferta.jpg","type":"image\/jpeg"}],"twitter_card":"summary_large_image","twitter_misc":{"Dur\u00e9e de lecture estim\u00e9e":"2 minutes"},"schema":{"@context":"https:\/\/schema.org","@graph":[{"@type":"WebPage","@id":"https:\/\/audibax.com\/fr\/produit\/atlanta-case-120-black-2\/","url":"https:\/\/audibax.com\/fr\/produit\/atlanta-case-120-black-2\/","name":"Atlanta Case 120 - Audibax","isPartOf":{"@id":"https:\/\/audibax.com\/fr\/#website"},"primaryImageOfPage":{"@id":"https:\/\/audibax.com\/fr\/produit\/atlanta-case-120-black-2\/#primaryimage"},"image":{"@id":"https:\/\/audibax.com\/fr\/produit\/atlanta-case-120-black-2\/#primaryimage"},"thumbnailUrl":"https:\/\/audibax.com\/wp-content\/uploads\/2023\/12\/audibax_atlanta_case_120_bolsa_controlador_oferta.jpg","datePublished":"2023-12-11T12:29:51+00:00","dateModified":"2024-06-24T12:17:07+00:00","breadcrumb":{"@id":"https:\/\/audibax.com\/fr\/produit\/atlanta-case-120-black-2\/#breadcrumb"},"inLanguage":"fr-FR","potentialAction":[{"@type":"ReadAction","target":["https:\/\/audibax.com\/fr\/produit\/atlanta-case-120-black-2\/"]}]},{"@type":"ImageObject","inLanguage":"fr-FR","@id":"https:\/\/audibax.com\/fr\/produit\/atlanta-case-120-black-2\/#primaryimage","url":"https:\/\/audibax.com\/wp-content\/uploads\/2023\/12\/audibax_atlanta_case_120_bolsa_controlador_oferta.jpg","contentUrl":"https:\/\/audibax.com\/wp-content\/uploads\/2023\/12\/audibax_atlanta_case_120_bolsa_controlador_oferta.jpg","width":1500,"height":1060},{"@type":"BreadcrumbList","@id":"https:\/\/audibax.com\/fr\/produit\/atlanta-case-120-black-2\/#breadcrumb","itemListElement":[{"@type":"ListItem","position":1,"name":"Portada","item":"https:\/\/audibax.com\/fr\/"},{"@type":"ListItem","position":2,"name":"Produits","item":"https:\/\/audibax.com\/fr\/shop\/"},{"@type":"ListItem","position":3,"name":"Atlanta Case 120"}]},{"@type":"WebSite","@id":"https:\/\/audibax.com\/fr\/#website","url":"https:\/\/audibax.com\/fr\/","name":"Audibax","description":"","publisher":{"@id":"https:\/\/audibax.com\/fr\/#organization"},"potentialAction":[{"@type":"SearchAction","target":{"@type":"EntryPoint","urlTemplate":"https:\/\/audibax.com\/fr\/?s={search_term_string}"},"query-input":{"@type":"PropertyValueSpecification","valueRequired":true,"valueName":"search_term_string"}}],"inLanguage":"fr-FR"},{"@type":"Organization","@id":"https:\/\/audibax.com\/fr\/#organization","name":"Audibax","url":"https:\/\/audibax.com\/fr\/","logo":{"@type":"ImageObject","inLanguage":"fr-FR","@id":"https:\/\/audibax.com\/fr\/#\/schema\/logo\/image\/","url":"https:\/\/audibax.com\/wp-content\/uploads\/2023\/09\/logo-Audibax-BLANCO-SVG-1.svg","contentUrl":"https:\/\/audibax.com\/wp-content\/uploads\/2023\/09\/logo-Audibax-BLANCO-SVG-1.svg","caption":"Audibax"},"image":{"@id":"https:\/\/audibax.com\/fr\/#\/schema\/logo\/image\/"}}]}},"_links":{"self":[{"href":"https:\/\/audibax.com\/fr\/wp-json\/wp\/v2\/product\/36550","targetHints":{"allow":["GET"]}}],"collection":[{"href":"https:\/\/audibax.com\/fr\/wp-json\/wp\/v2\/product"}],"about":[{"href":"https:\/\/audibax.com\/fr\/wp-json\/wp\/v2\/types\/product"}],"replies":[{"embeddable":true,"href":"https:\/\/audibax.com\/fr\/wp-json\/wp\/v2\/comments?post=36550"}],"wp:featuredmedia":[{"embeddable":true,"href":"https:\/\/audibax.com\/fr\/wp-json\/wp\/v2\/media\/16566"}],"wp:attachment":[{"href":"https:\/\/audibax.com\/fr\/wp-json\/wp\/v2\/media?parent=36550"}],"wp:term":[{"taxonomy":"product_cat","embeddable":true,"href":"https:\/\/audibax.com\/fr\/wp-json\/wp\/v2\/product_cat?post=36550"},{"taxonomy":"product_tag","embeddable":true,"href":"https:\/\/audibax.com\/fr\/wp-json\/wp\/v2\/product_tag?post=36550"}],"curies":[{"name":"wp","href":"https:\/\/api.w.org\/{rel}","templated":true}]}}