{"id":36521,"date":"2023-12-11T13:28:27","date_gmt":"2023-12-11T12:28:27","guid":{"rendered":"https:\/\/audibax.com\/product\/pro-2-x-xlr-male-2-x-rca-3m-black-10101699-2\/"},"modified":"2023-12-27T11:54:10","modified_gmt":"2023-12-27T10:54:10","slug":"pro-2-x-xlr-male-2-x-rca-3m-black-10101699-2","status":"publish","type":"product","link":"https:\/\/audibax.com\/fr\/produit\/pro-2-x-xlr-male-2-x-rca-3m-black-10101699-2\/","title":{"rendered":"Pro 2 x XLR Male 2 x RCA 3m Black 10101699"},"content":{"rendered":"<\/p>\n<p><strong>C\u00e2ble Audibax Pro 2 XLR m\u00e2le vers 2 RCA 3 m\u00e8tres Noir<\/strong><\/p>\n<p>La s\u00e9rie Audibax Pro&#038;nbsp ;<strong>La s\u00e9rie Audibax Pro<\/strong><\/strong>&nbsp;offre une transmission de signal ultra-pure et pr\u00e9cise. Ces c\u00e2bles sont dot\u00e9s de connecteurs de haute qualit\u00e9 et d&rsquo;une conception \u00e0 faible capacit\u00e9, offrant des performances fiables et un son de qualit\u00e9 sup\u00e9rieure pour toutes les connexions de votre \u00e9quipement. La s\u00e9rie Pro est con\u00e7ue pour ceux qui recherchent un son de haute qualit\u00e9 et qui ne veulent pas faire de compromis sur les d\u00e9tails. Les composants suppl\u00e9mentaires de haute qualit\u00e9 assurent une reproduction sonore nette et pr\u00e9cise.<\/p>\n<p>&nbsp;<\/p>\n<h2>Caract\u00e9ristiques g\u00e9n\u00e9rales de la s\u00e9rie Pro<\/h2>\n<p>&nbsp;<\/p>\n<p>&nbsp;<\/p>\n<p>Caract\u00e9ristiques g\u00e9n\u00e9rales de la s\u00e9rie Pro<\/h2>\n<p>&nbsp;<\/p>\n<p>.<\/p>\n<li>\n<li>Connecteurs Pro Jack Mono de haute qualit\u00e9<\/li>\n<li>Connecteurs haute performance<\/li>\n<\/ul>\n<\/ul>\n<p>. <\/p>\n<h2>Caract\u00e9ristiques du c\u00e2ble<\/h2>\n<p>&nbsp;<\/p>\n<ul>\n<li>S\u00e9rie : Pro<\/li>\n<li>Type :&nbsp;2 XLR m\u00e2le vers 2 RCA<\/li>\n<li>Conception \u00e0 faible bruit avec reproduction dynamique compl\u00e8te<\/li>\n<li>C\u00e2ble \u00e0 isolation maximale.<\/li>\n<li>Connecteurs haute performance<\/li>\n<li>Diam\u00e8tre ext\u00e9rieur : 6 mm<\/li>\n<li>Rev\u00eatement en PVC tr\u00e8s durable.<\/li>\n<li>Longueur : 3 m\u00e8tres.<\/li>\n<li>Couleur : Noir<\/li>\n<\/ul>\n<p>&nbsp;<\/p>\n<h2>Caract\u00e9ristiques Connecteur A<\/h2>\n<p>&nbsp;<\/p>\n<ul>\n<ul>\n<li>Connecteur :&nbsp;2 XLR&nbsp;<\/li>\n<li>Type : M\u00e2le<\/li>\n<li>Nombre de broches : 3<\/li>\n<li>Contacts du connecteur : Plaqu\u00e9 argent<\/li>\n<li>Couleur : Gris<\/li>\n<li>Fabricant Connecteur A : Audibax<\/li>\n<li>Connecteur A S\u00e9rie : Pro<br \/> &nbsp;<\/li>\n<\/ul>\n<h2>&nbsp;<\/h2>\n<h2> <\/ul>\n<h2>Caract\u00e9ristiques Connecteur B<br \/> &nbsp;<\/h2>\n<ul>\n<li>Connecteur : 2 RCA<\/li>\n<li>Nombre de broches : 1<\/li>\n<li>Contacts du connecteur : Argent<\/li>\n<li>Couleur : Gris<\/li>\n<li>Fabricant Connecteur B : Audibax<\/li>\n<li>Connecteur B S\u00e9rie : Pro<\/li>\n<\/ul>\n<li>Connecteur B : Pro<\/li>\n<\/ul>\n","protected":false},"excerpt":{"rendered":"<ul>\n<li>S\u00e9rie : Pro<\/li>\n<li>Type : 2 XLR m\u00e2le vers 2 RCA<\/li>\n<li>Longueur : 3 m<\/li>\n<li>Couleur : Noir<\/li>\n<li>Diam\u00e8tre du c\u00e2ble : 6 mm<\/li>\n<\/ul>\n<\/ul>\n","protected":false},"featured_media":17966,"comment_status":"open","ping_status":"closed","template":"","meta":{"_acf_changed":false},"product_cat":[325],"product_tag":[],"class_list":{"0":"post-36521","1":"product","2":"type-product","3":"status-publish","4":"has-post-thumbnail","6":"product_cat-cable-xlr","8":"first","9":"instock","10":"shipping-taxable","11":"product-type-simple"},"acf":[],"yoast_head":"<!-- This site is optimized with the Yoast SEO plugin v27.0 - https:\/\/yoast.com\/product\/yoast-seo-wordpress\/ -->\n<title>Pro 2 x XLR Male 2 x RCA 3m Black 10101699 - Audibax<\/title>\n<meta name=\"robots\" content=\"index, follow, max-snippet:-1, max-image-preview:large, max-video-preview:-1\" \/>\n<link rel=\"canonical\" href=\"https:\/\/audibax.com\/fr\/produit\/pro-2-x-xlr-male-2-x-rca-3m-black-10101699-2\/\" \/>\n<meta property=\"og:locale\" content=\"fr_FR\" \/>\n<meta property=\"og:type\" content=\"article\" \/>\n<meta property=\"og:title\" content=\"Pro 2 x XLR Male 2 x RCA 3m Black 10101699 - Audibax\" \/>\n<meta property=\"og:description\" content=\"S\u00e9rie : Pro Type : 2 XLR m\u00e2le vers 2 RCA Longueur : 3 m Couleur : Noir Diam\u00e8tre du c\u00e2ble : 6 mm\" \/>\n<meta property=\"og:url\" content=\"https:\/\/audibax.com\/fr\/produit\/pro-2-x-xlr-male-2-x-rca-3m-black-10101699-2\/\" \/>\n<meta property=\"og:site_name\" content=\"Audibax\" \/>\n<meta property=\"article:modified_time\" content=\"2023-12-27T10:54:10+00:00\" \/>\n<meta name=\"twitter:card\" content=\"summary_large_image\" \/>\n<meta name=\"twitter:label1\" content=\"Dur\u00e9e de lecture estim\u00e9e\" \/>\n\t<meta name=\"twitter:data1\" content=\"1 minute\" \/>\n<script type=\"application\/ld+json\" class=\"yoast-schema-graph\">{\"@context\":\"https:\/\/schema.org\",\"@graph\":[{\"@type\":\"WebPage\",\"@id\":\"https:\/\/audibax.com\/fr\/produit\/pro-2-x-xlr-male-2-x-rca-3m-black-10101699-2\/\",\"url\":\"https:\/\/audibax.com\/fr\/produit\/pro-2-x-xlr-male-2-x-rca-3m-black-10101699-2\/\",\"name\":\"Pro 2 x XLR Male 2 x RCA 3m Black 10101699 - Audibax\",\"isPartOf\":{\"@id\":\"https:\/\/audibax.com\/fr\/#website\"},\"primaryImageOfPage\":{\"@id\":\"https:\/\/audibax.com\/fr\/produit\/pro-2-x-xlr-male-2-x-rca-3m-black-10101699-2\/#primaryimage\"},\"image\":{\"@id\":\"https:\/\/audibax.com\/fr\/produit\/pro-2-x-xlr-male-2-x-rca-3m-black-10101699-2\/#primaryimage\"},\"thumbnailUrl\":\"https:\/\/audibax.com\/wp-content\/uploads\/2023\/12\/cable-audibax-2xlr-macho-2-rca-3m-negro.png\",\"datePublished\":\"2023-12-11T12:28:27+00:00\",\"dateModified\":\"2023-12-27T10:54:10+00:00\",\"breadcrumb\":{\"@id\":\"https:\/\/audibax.com\/fr\/produit\/pro-2-x-xlr-male-2-x-rca-3m-black-10101699-2\/#breadcrumb\"},\"inLanguage\":\"fr-FR\",\"potentialAction\":[{\"@type\":\"ReadAction\",\"target\":[\"https:\/\/audibax.com\/fr\/produit\/pro-2-x-xlr-male-2-x-rca-3m-black-10101699-2\/\"]}]},{\"@type\":\"ImageObject\",\"inLanguage\":\"fr-FR\",\"@id\":\"https:\/\/audibax.com\/fr\/produit\/pro-2-x-xlr-male-2-x-rca-3m-black-10101699-2\/#primaryimage\",\"url\":\"https:\/\/audibax.com\/wp-content\/uploads\/2023\/12\/cable-audibax-2xlr-macho-2-rca-3m-negro.png\",\"contentUrl\":\"https:\/\/audibax.com\/wp-content\/uploads\/2023\/12\/cable-audibax-2xlr-macho-2-rca-3m-negro.png\",\"width\":3840,\"height\":2887},{\"@type\":\"BreadcrumbList\",\"@id\":\"https:\/\/audibax.com\/fr\/produit\/pro-2-x-xlr-male-2-x-rca-3m-black-10101699-2\/#breadcrumb\",\"itemListElement\":[{\"@type\":\"ListItem\",\"position\":1,\"name\":\"Portada\",\"item\":\"https:\/\/audibax.com\/fr\/\"},{\"@type\":\"ListItem\",\"position\":2,\"name\":\"Produits\",\"item\":\"https:\/\/audibax.com\/fr\/shop\/\"},{\"@type\":\"ListItem\",\"position\":3,\"name\":\"Pro 2 x XLR Male 2 x RCA 3m Black 10101699\"}]},{\"@type\":\"WebSite\",\"@id\":\"https:\/\/audibax.com\/fr\/#website\",\"url\":\"https:\/\/audibax.com\/fr\/\",\"name\":\"Audibax\",\"description\":\"\",\"publisher\":{\"@id\":\"https:\/\/audibax.com\/fr\/#organization\"},\"potentialAction\":[{\"@type\":\"SearchAction\",\"target\":{\"@type\":\"EntryPoint\",\"urlTemplate\":\"https:\/\/audibax.com\/fr\/?s={search_term_string}\"},\"query-input\":{\"@type\":\"PropertyValueSpecification\",\"valueRequired\":true,\"valueName\":\"search_term_string\"}}],\"inLanguage\":\"fr-FR\"},{\"@type\":\"Organization\",\"@id\":\"https:\/\/audibax.com\/fr\/#organization\",\"name\":\"Audibax\",\"url\":\"https:\/\/audibax.com\/fr\/\",\"logo\":{\"@type\":\"ImageObject\",\"inLanguage\":\"fr-FR\",\"@id\":\"https:\/\/audibax.com\/fr\/#\/schema\/logo\/image\/\",\"url\":\"https:\/\/audibax.com\/wp-content\/uploads\/2023\/09\/logo-Audibax-BLANCO-SVG-1.svg\",\"contentUrl\":\"https:\/\/audibax.com\/wp-content\/uploads\/2023\/09\/logo-Audibax-BLANCO-SVG-1.svg\",\"caption\":\"Audibax\"},\"image\":{\"@id\":\"https:\/\/audibax.com\/fr\/#\/schema\/logo\/image\/\"}}]}<\/script>\n<!-- \/ Yoast SEO plugin. -->","yoast_head_json":{"title":"Pro 2 x XLR Male 2 x RCA 3m Black 10101699 - Audibax","robots":{"index":"index","follow":"follow","max-snippet":"max-snippet:-1","max-image-preview":"max-image-preview:large","max-video-preview":"max-video-preview:-1"},"canonical":"https:\/\/audibax.com\/fr\/produit\/pro-2-x-xlr-male-2-x-rca-3m-black-10101699-2\/","og_locale":"fr_FR","og_type":"article","og_title":"Pro 2 x XLR Male 2 x RCA 3m Black 10101699 - Audibax","og_description":"S\u00e9rie : Pro Type : 2 XLR m\u00e2le vers 2 RCA Longueur : 3 m Couleur : Noir Diam\u00e8tre du c\u00e2ble : 6 mm","og_url":"https:\/\/audibax.com\/fr\/produit\/pro-2-x-xlr-male-2-x-rca-3m-black-10101699-2\/","og_site_name":"Audibax","article_modified_time":"2023-12-27T10:54:10+00:00","twitter_card":"summary_large_image","twitter_misc":{"Dur\u00e9e de lecture estim\u00e9e":"1 minute"},"schema":{"@context":"https:\/\/schema.org","@graph":[{"@type":"WebPage","@id":"https:\/\/audibax.com\/fr\/produit\/pro-2-x-xlr-male-2-x-rca-3m-black-10101699-2\/","url":"https:\/\/audibax.com\/fr\/produit\/pro-2-x-xlr-male-2-x-rca-3m-black-10101699-2\/","name":"Pro 2 x XLR Male 2 x RCA 3m Black 10101699 - Audibax","isPartOf":{"@id":"https:\/\/audibax.com\/fr\/#website"},"primaryImageOfPage":{"@id":"https:\/\/audibax.com\/fr\/produit\/pro-2-x-xlr-male-2-x-rca-3m-black-10101699-2\/#primaryimage"},"image":{"@id":"https:\/\/audibax.com\/fr\/produit\/pro-2-x-xlr-male-2-x-rca-3m-black-10101699-2\/#primaryimage"},"thumbnailUrl":"https:\/\/audibax.com\/wp-content\/uploads\/2023\/12\/cable-audibax-2xlr-macho-2-rca-3m-negro.png","datePublished":"2023-12-11T12:28:27+00:00","dateModified":"2023-12-27T10:54:10+00:00","breadcrumb":{"@id":"https:\/\/audibax.com\/fr\/produit\/pro-2-x-xlr-male-2-x-rca-3m-black-10101699-2\/#breadcrumb"},"inLanguage":"fr-FR","potentialAction":[{"@type":"ReadAction","target":["https:\/\/audibax.com\/fr\/produit\/pro-2-x-xlr-male-2-x-rca-3m-black-10101699-2\/"]}]},{"@type":"ImageObject","inLanguage":"fr-FR","@id":"https:\/\/audibax.com\/fr\/produit\/pro-2-x-xlr-male-2-x-rca-3m-black-10101699-2\/#primaryimage","url":"https:\/\/audibax.com\/wp-content\/uploads\/2023\/12\/cable-audibax-2xlr-macho-2-rca-3m-negro.png","contentUrl":"https:\/\/audibax.com\/wp-content\/uploads\/2023\/12\/cable-audibax-2xlr-macho-2-rca-3m-negro.png","width":3840,"height":2887},{"@type":"BreadcrumbList","@id":"https:\/\/audibax.com\/fr\/produit\/pro-2-x-xlr-male-2-x-rca-3m-black-10101699-2\/#breadcrumb","itemListElement":[{"@type":"ListItem","position":1,"name":"Portada","item":"https:\/\/audibax.com\/fr\/"},{"@type":"ListItem","position":2,"name":"Produits","item":"https:\/\/audibax.com\/fr\/shop\/"},{"@type":"ListItem","position":3,"name":"Pro 2 x XLR Male 2 x RCA 3m Black 10101699"}]},{"@type":"WebSite","@id":"https:\/\/audibax.com\/fr\/#website","url":"https:\/\/audibax.com\/fr\/","name":"Audibax","description":"","publisher":{"@id":"https:\/\/audibax.com\/fr\/#organization"},"potentialAction":[{"@type":"SearchAction","target":{"@type":"EntryPoint","urlTemplate":"https:\/\/audibax.com\/fr\/?s={search_term_string}"},"query-input":{"@type":"PropertyValueSpecification","valueRequired":true,"valueName":"search_term_string"}}],"inLanguage":"fr-FR"},{"@type":"Organization","@id":"https:\/\/audibax.com\/fr\/#organization","name":"Audibax","url":"https:\/\/audibax.com\/fr\/","logo":{"@type":"ImageObject","inLanguage":"fr-FR","@id":"https:\/\/audibax.com\/fr\/#\/schema\/logo\/image\/","url":"https:\/\/audibax.com\/wp-content\/uploads\/2023\/09\/logo-Audibax-BLANCO-SVG-1.svg","contentUrl":"https:\/\/audibax.com\/wp-content\/uploads\/2023\/09\/logo-Audibax-BLANCO-SVG-1.svg","caption":"Audibax"},"image":{"@id":"https:\/\/audibax.com\/fr\/#\/schema\/logo\/image\/"}}]}},"_links":{"self":[{"href":"https:\/\/audibax.com\/fr\/wp-json\/wp\/v2\/product\/36521","targetHints":{"allow":["GET"]}}],"collection":[{"href":"https:\/\/audibax.com\/fr\/wp-json\/wp\/v2\/product"}],"about":[{"href":"https:\/\/audibax.com\/fr\/wp-json\/wp\/v2\/types\/product"}],"replies":[{"embeddable":true,"href":"https:\/\/audibax.com\/fr\/wp-json\/wp\/v2\/comments?post=36521"}],"wp:featuredmedia":[{"embeddable":true,"href":"https:\/\/audibax.com\/fr\/wp-json\/wp\/v2\/media\/17966"}],"wp:attachment":[{"href":"https:\/\/audibax.com\/fr\/wp-json\/wp\/v2\/media?parent=36521"}],"wp:term":[{"taxonomy":"product_cat","embeddable":true,"href":"https:\/\/audibax.com\/fr\/wp-json\/wp\/v2\/product_cat?post=36521"},{"taxonomy":"product_tag","embeddable":true,"href":"https:\/\/audibax.com\/fr\/wp-json\/wp\/v2\/product_tag?post=36521"}],"curies":[{"name":"wp","href":"https:\/\/api.w.org\/{rel}","templated":true}]}}