{"id":36509,"date":"2023-12-11T15:00:36","date_gmt":"2023-12-11T14:00:36","guid":{"rendered":"https:\/\/audibax.com\/product\/evolution-xlr-male-xlr-female-20m-black-10154402-2\/"},"modified":"2023-12-27T11:54:01","modified_gmt":"2023-12-27T10:54:01","slug":"evolution-xlr-male-xlr-female-20m-black-10154402-2","status":"publish","type":"product","link":"https:\/\/audibax.com\/fr\/produit\/evolution-xlr-male-xlr-female-20m-black-10154402-2\/","title":{"rendered":"Evolution XLR Male XLR Female 20m Black 10154402"},"content":{"rendered":"<p><strong>Audibax Evolution C\u00e2ble XLR m\u00e2le &#8211; XLR femelle 20 m\u00e8tres Noir<\/strong><\/p>\n<p>La s\u00e9rie Audibax Evolution<\/strong><strong>&nbsp;<strong>Evolution<\/strong>&nbsp;est constitu\u00e9e d&rsquo;une paire suppl\u00e9mentaire de conducteurs OFC (cuivre sans oxyde) pour assurer une transmission de signal ultra-pure et une r\u00e9duction de bruit ultra-faible ;La s\u00e9rie Audibax Evolution est fabriqu\u00e9e avec une paire suppl\u00e9mentaire de conducteurs OFC (cuivre sans oxyde) pour assurer une transmission ultra-pure du signal et une r\u00e9duction sup\u00e9rieure du bruit. Cette configuration de qualit\u00e9 studio utilise quatre haut-parleurs pour annuler le bruit et rejeter les interf\u00e9rences RF et EM qui peuvent exister avec les syst\u00e8mes sans fil ou d&rsquo;autres appareils \u00e9lectroniques.<\/p>\n<p>La s\u00e9rie Evolution est con\u00e7ue pour tous ceux qui recherchent une excellente qualit\u00e9 sonore et ne veulent pas faire de compromis sur la qualit\u00e9. Les composants suppl\u00e9mentaires de haute qualit\u00e9 offrent la reproduction sonore la plus propre et la plus pr\u00e9cise qui soit.<\/p>\n<p>&nbsp;<\/p>\n<h2>Caract\u00e9ristiques g\u00e9n\u00e9rales de la s\u00e9rie Evolution<\/h2>\n<p>&#038;nbsp ;<\/p>\n<ul>\n<ul>\n<li>Conception \u00e0 faible bruit avec reproduction dynamique compl\u00e8te<\/li>\n<li>\n<li>Les connecteurs XLR Evolution de haute qualit\u00e9 ont \u00e9t\u00e9 con\u00e7us pour une utilisation dans les environnements les plus difficiles.Connecteurs XLR Evolution de haute qualit\u00e9<\/li>\n<li>Double blindage OFC spiral\u00e9 \u00e0 haute densit\u00e9<\/li>\n<\/ul>\n<p>&#038;.nbsp;<\/p>\n<h2>Caract\u00e9ristiques g\u00e9n\u00e9rales du c\u00e2ble<\/h2>\n<p>&nbsp;<\/p>\n<ul>\n<li>\n<li>S\u00e9rie Evolution : Evolution<\/li>\n<li>Type : XLR \/ C\u00e2ble microphone<\/li>\n<li>Longueur : 20m<\/li>\n<li>Couleur : Noir<\/li>\n<li>Diam\u00e8tre du c\u00e2ble : 7 mm<\/li>\n<li>Section du conducteur int\u00e9rieur : 0.48 mm OFC<\/li>\n<li>Double blindage h\u00e9lico\u00efdal OFC<\/li>\n<li>Enrobage PVC<\/li>\n<\/ul>\n<p>&#038;&#038;.nbsp;<\/p>\n<h2>Caract\u00e9ristiques&iacute;sticas Connecteur A<\/h2>\n<p>&nbsp;<\/p>\n<ul>\n<ul>\n<li>Connecteur : XLR<\/li>\n<li>Type : M\u00e2le<\/li>\n<li>N&uacute;m de broches : 3<\/li>\n<li>Contacts du connecteur : Plaqu\u00e9 argent<\/li>\n<li>Fabricant Connecteur A : Audibax<\/li>\n<li>Connecteur A Series : Evolution<\/li>\n<li>Couleur : Gris<\/li>\n<\/ul>\n<p>&nbsp;<\/p>\n<h2>Caract\u00e9ristiques Connecteur B<br \/> &nbsp;<\/h2>\n<ul>\n<li>Connecteur : XLR<\/li>\n<li>Type : Femelle<\/li>\n<li>Nombre de broches : 3<\/li>\n<li>Contacts du connecteur : Argent<\/li>\n<li>Fabricant Connecteur B : Audibax<\/li>\n<li>Connecteur B Series : Evolution<\/li>\n<li>Color : Grey<\/li>\n<\/ul>\n<\/ul>\n","protected":false},"excerpt":{"rendered":"<ul>\n<li>S\u00e9rie : Evolution<\/li>\n<li>Type : XLR \/ C\u00e2ble microphone<\/li>\n<li>Longueur : 20m<\/li>\n<li>Couleur : Noir<\/li>\n<li>Diam\u00e8tre du c\u00e2ble : 7 mm<\/li>\n<\/ul>\n<li>Couleur : Noir<\/li>\n<li>Diam\u00e8tre du c\u00e2ble : 7 mm<\/li>\n<\/ul>\n","protected":false},"featured_media":17162,"comment_status":"open","ping_status":"closed","template":"","meta":{"_acf_changed":false},"product_cat":[325],"product_tag":[],"class_list":{"0":"post-36509","1":"product","2":"type-product","3":"status-publish","4":"has-post-thumbnail","6":"product_cat-cable-xlr","8":"first","9":"instock","10":"shipping-taxable","11":"product-type-simple"},"acf":[],"yoast_head":"<!-- This site is optimized with the Yoast SEO plugin v27.0 - https:\/\/yoast.com\/product\/yoast-seo-wordpress\/ -->\n<title>Evolution XLR Male XLR Female 20m Black 10154402 - Audibax<\/title>\n<meta name=\"robots\" content=\"index, follow, max-snippet:-1, max-image-preview:large, max-video-preview:-1\" \/>\n<link rel=\"canonical\" href=\"https:\/\/audibax.com\/fr\/produit\/evolution-xlr-male-xlr-female-20m-black-10154402-2\/\" \/>\n<meta property=\"og:locale\" content=\"fr_FR\" \/>\n<meta property=\"og:type\" content=\"article\" \/>\n<meta property=\"og:title\" content=\"Evolution XLR Male XLR Female 20m Black 10154402 - Audibax\" \/>\n<meta property=\"og:description\" content=\"S\u00e9rie : Evolution Type : XLR \/ C\u00e2ble microphone Longueur : 20m Couleur : Noir Diam\u00e8tre du c\u00e2ble : 7 mm Couleur : Noir Diam\u00e8tre du c\u00e2ble : 7 mm\" \/>\n<meta property=\"og:url\" content=\"https:\/\/audibax.com\/fr\/produit\/evolution-xlr-male-xlr-female-20m-black-10154402-2\/\" \/>\n<meta property=\"og:site_name\" content=\"Audibax\" \/>\n<meta property=\"article:modified_time\" content=\"2023-12-27T10:54:01+00:00\" \/>\n<meta name=\"twitter:card\" content=\"summary_large_image\" \/>\n<meta name=\"twitter:label1\" content=\"Dur\u00e9e de lecture estim\u00e9e\" \/>\n\t<meta name=\"twitter:data1\" content=\"2 minutes\" \/>\n<script type=\"application\/ld+json\" class=\"yoast-schema-graph\">{\"@context\":\"https:\/\/schema.org\",\"@graph\":[{\"@type\":\"WebPage\",\"@id\":\"https:\/\/audibax.com\/fr\/produit\/evolution-xlr-male-xlr-female-20m-black-10154402-2\/\",\"url\":\"https:\/\/audibax.com\/fr\/produit\/evolution-xlr-male-xlr-female-20m-black-10154402-2\/\",\"name\":\"Evolution XLR Male XLR Female 20m Black 10154402 - Audibax\",\"isPartOf\":{\"@id\":\"https:\/\/audibax.com\/fr\/#website\"},\"primaryImageOfPage\":{\"@id\":\"https:\/\/audibax.com\/fr\/produit\/evolution-xlr-male-xlr-female-20m-black-10154402-2\/#primaryimage\"},\"image\":{\"@id\":\"https:\/\/audibax.com\/fr\/produit\/evolution-xlr-male-xlr-female-20m-black-10154402-2\/#primaryimage\"},\"thumbnailUrl\":\"https:\/\/audibax.com\/wp-content\/uploads\/2023\/12\/audibax-evolution-xlr-20m-black-comprar-1-1.jpg\",\"datePublished\":\"2023-12-11T14:00:36+00:00\",\"dateModified\":\"2023-12-27T10:54:01+00:00\",\"breadcrumb\":{\"@id\":\"https:\/\/audibax.com\/fr\/produit\/evolution-xlr-male-xlr-female-20m-black-10154402-2\/#breadcrumb\"},\"inLanguage\":\"fr-FR\",\"potentialAction\":[{\"@type\":\"ReadAction\",\"target\":[\"https:\/\/audibax.com\/fr\/produit\/evolution-xlr-male-xlr-female-20m-black-10154402-2\/\"]}]},{\"@type\":\"ImageObject\",\"inLanguage\":\"fr-FR\",\"@id\":\"https:\/\/audibax.com\/fr\/produit\/evolution-xlr-male-xlr-female-20m-black-10154402-2\/#primaryimage\",\"url\":\"https:\/\/audibax.com\/wp-content\/uploads\/2023\/12\/audibax-evolution-xlr-20m-black-comprar-1-1.jpg\",\"contentUrl\":\"https:\/\/audibax.com\/wp-content\/uploads\/2023\/12\/audibax-evolution-xlr-20m-black-comprar-1-1.jpg\",\"width\":1000,\"height\":500},{\"@type\":\"BreadcrumbList\",\"@id\":\"https:\/\/audibax.com\/fr\/produit\/evolution-xlr-male-xlr-female-20m-black-10154402-2\/#breadcrumb\",\"itemListElement\":[{\"@type\":\"ListItem\",\"position\":1,\"name\":\"Portada\",\"item\":\"https:\/\/audibax.com\/fr\/\"},{\"@type\":\"ListItem\",\"position\":2,\"name\":\"Produits\",\"item\":\"https:\/\/audibax.com\/fr\/shop\/\"},{\"@type\":\"ListItem\",\"position\":3,\"name\":\"Evolution XLR Male XLR Female 20m Black 10154402\"}]},{\"@type\":\"WebSite\",\"@id\":\"https:\/\/audibax.com\/fr\/#website\",\"url\":\"https:\/\/audibax.com\/fr\/\",\"name\":\"Audibax\",\"description\":\"\",\"publisher\":{\"@id\":\"https:\/\/audibax.com\/fr\/#organization\"},\"potentialAction\":[{\"@type\":\"SearchAction\",\"target\":{\"@type\":\"EntryPoint\",\"urlTemplate\":\"https:\/\/audibax.com\/fr\/?s={search_term_string}\"},\"query-input\":{\"@type\":\"PropertyValueSpecification\",\"valueRequired\":true,\"valueName\":\"search_term_string\"}}],\"inLanguage\":\"fr-FR\"},{\"@type\":\"Organization\",\"@id\":\"https:\/\/audibax.com\/fr\/#organization\",\"name\":\"Audibax\",\"url\":\"https:\/\/audibax.com\/fr\/\",\"logo\":{\"@type\":\"ImageObject\",\"inLanguage\":\"fr-FR\",\"@id\":\"https:\/\/audibax.com\/fr\/#\/schema\/logo\/image\/\",\"url\":\"https:\/\/audibax.com\/wp-content\/uploads\/2023\/09\/logo-Audibax-BLANCO-SVG-1.svg\",\"contentUrl\":\"https:\/\/audibax.com\/wp-content\/uploads\/2023\/09\/logo-Audibax-BLANCO-SVG-1.svg\",\"caption\":\"Audibax\"},\"image\":{\"@id\":\"https:\/\/audibax.com\/fr\/#\/schema\/logo\/image\/\"}}]}<\/script>\n<!-- \/ Yoast SEO plugin. -->","yoast_head_json":{"title":"Evolution XLR Male XLR Female 20m Black 10154402 - Audibax","robots":{"index":"index","follow":"follow","max-snippet":"max-snippet:-1","max-image-preview":"max-image-preview:large","max-video-preview":"max-video-preview:-1"},"canonical":"https:\/\/audibax.com\/fr\/produit\/evolution-xlr-male-xlr-female-20m-black-10154402-2\/","og_locale":"fr_FR","og_type":"article","og_title":"Evolution XLR Male XLR Female 20m Black 10154402 - Audibax","og_description":"S\u00e9rie : Evolution Type : XLR \/ C\u00e2ble microphone Longueur : 20m Couleur : Noir Diam\u00e8tre du c\u00e2ble : 7 mm Couleur : Noir Diam\u00e8tre du c\u00e2ble : 7 mm","og_url":"https:\/\/audibax.com\/fr\/produit\/evolution-xlr-male-xlr-female-20m-black-10154402-2\/","og_site_name":"Audibax","article_modified_time":"2023-12-27T10:54:01+00:00","twitter_card":"summary_large_image","twitter_misc":{"Dur\u00e9e de lecture estim\u00e9e":"2 minutes"},"schema":{"@context":"https:\/\/schema.org","@graph":[{"@type":"WebPage","@id":"https:\/\/audibax.com\/fr\/produit\/evolution-xlr-male-xlr-female-20m-black-10154402-2\/","url":"https:\/\/audibax.com\/fr\/produit\/evolution-xlr-male-xlr-female-20m-black-10154402-2\/","name":"Evolution XLR Male XLR Female 20m Black 10154402 - Audibax","isPartOf":{"@id":"https:\/\/audibax.com\/fr\/#website"},"primaryImageOfPage":{"@id":"https:\/\/audibax.com\/fr\/produit\/evolution-xlr-male-xlr-female-20m-black-10154402-2\/#primaryimage"},"image":{"@id":"https:\/\/audibax.com\/fr\/produit\/evolution-xlr-male-xlr-female-20m-black-10154402-2\/#primaryimage"},"thumbnailUrl":"https:\/\/audibax.com\/wp-content\/uploads\/2023\/12\/audibax-evolution-xlr-20m-black-comprar-1-1.jpg","datePublished":"2023-12-11T14:00:36+00:00","dateModified":"2023-12-27T10:54:01+00:00","breadcrumb":{"@id":"https:\/\/audibax.com\/fr\/produit\/evolution-xlr-male-xlr-female-20m-black-10154402-2\/#breadcrumb"},"inLanguage":"fr-FR","potentialAction":[{"@type":"ReadAction","target":["https:\/\/audibax.com\/fr\/produit\/evolution-xlr-male-xlr-female-20m-black-10154402-2\/"]}]},{"@type":"ImageObject","inLanguage":"fr-FR","@id":"https:\/\/audibax.com\/fr\/produit\/evolution-xlr-male-xlr-female-20m-black-10154402-2\/#primaryimage","url":"https:\/\/audibax.com\/wp-content\/uploads\/2023\/12\/audibax-evolution-xlr-20m-black-comprar-1-1.jpg","contentUrl":"https:\/\/audibax.com\/wp-content\/uploads\/2023\/12\/audibax-evolution-xlr-20m-black-comprar-1-1.jpg","width":1000,"height":500},{"@type":"BreadcrumbList","@id":"https:\/\/audibax.com\/fr\/produit\/evolution-xlr-male-xlr-female-20m-black-10154402-2\/#breadcrumb","itemListElement":[{"@type":"ListItem","position":1,"name":"Portada","item":"https:\/\/audibax.com\/fr\/"},{"@type":"ListItem","position":2,"name":"Produits","item":"https:\/\/audibax.com\/fr\/shop\/"},{"@type":"ListItem","position":3,"name":"Evolution XLR Male XLR Female 20m Black 10154402"}]},{"@type":"WebSite","@id":"https:\/\/audibax.com\/fr\/#website","url":"https:\/\/audibax.com\/fr\/","name":"Audibax","description":"","publisher":{"@id":"https:\/\/audibax.com\/fr\/#organization"},"potentialAction":[{"@type":"SearchAction","target":{"@type":"EntryPoint","urlTemplate":"https:\/\/audibax.com\/fr\/?s={search_term_string}"},"query-input":{"@type":"PropertyValueSpecification","valueRequired":true,"valueName":"search_term_string"}}],"inLanguage":"fr-FR"},{"@type":"Organization","@id":"https:\/\/audibax.com\/fr\/#organization","name":"Audibax","url":"https:\/\/audibax.com\/fr\/","logo":{"@type":"ImageObject","inLanguage":"fr-FR","@id":"https:\/\/audibax.com\/fr\/#\/schema\/logo\/image\/","url":"https:\/\/audibax.com\/wp-content\/uploads\/2023\/09\/logo-Audibax-BLANCO-SVG-1.svg","contentUrl":"https:\/\/audibax.com\/wp-content\/uploads\/2023\/09\/logo-Audibax-BLANCO-SVG-1.svg","caption":"Audibax"},"image":{"@id":"https:\/\/audibax.com\/fr\/#\/schema\/logo\/image\/"}}]}},"_links":{"self":[{"href":"https:\/\/audibax.com\/fr\/wp-json\/wp\/v2\/product\/36509","targetHints":{"allow":["GET"]}}],"collection":[{"href":"https:\/\/audibax.com\/fr\/wp-json\/wp\/v2\/product"}],"about":[{"href":"https:\/\/audibax.com\/fr\/wp-json\/wp\/v2\/types\/product"}],"replies":[{"embeddable":true,"href":"https:\/\/audibax.com\/fr\/wp-json\/wp\/v2\/comments?post=36509"}],"wp:featuredmedia":[{"embeddable":true,"href":"https:\/\/audibax.com\/fr\/wp-json\/wp\/v2\/media\/17162"}],"wp:attachment":[{"href":"https:\/\/audibax.com\/fr\/wp-json\/wp\/v2\/media?parent=36509"}],"wp:term":[{"taxonomy":"product_cat","embeddable":true,"href":"https:\/\/audibax.com\/fr\/wp-json\/wp\/v2\/product_cat?post=36509"},{"taxonomy":"product_tag","embeddable":true,"href":"https:\/\/audibax.com\/fr\/wp-json\/wp\/v2\/product_tag?post=36509"}],"curies":[{"name":"wp","href":"https:\/\/api.w.org\/{rel}","templated":true}]}}