{"id":36508,"date":"2023-12-11T13:27:51","date_gmt":"2023-12-11T12:27:51","guid":{"rendered":"https:\/\/audibax.com\/product\/silver-xlr-male-stereo-minijack-3m-black-10145069-2\/"},"modified":"2023-12-27T11:54:00","modified_gmt":"2023-12-27T10:54:00","slug":"silver-xlr-male-stereo-minijack-3m-black-10145069-2","status":"publish","type":"product","link":"https:\/\/audibax.com\/fr\/produit\/silver-xlr-male-stereo-minijack-3m-black-10145069-2\/","title":{"rendered":"Silver XLR Male Stereo Minijack 3m Black 10145069"},"content":{"rendered":"<\/p>\n<p><strong>Audibax Silver XLR Male to Minijack Stereo Cable 3 Metres Black<\/strong><\/p>\n<p>La s\u00e9rie Silver d&rsquo;Audibax<\/strong> est une gamme pour les musiciens et les professionnels du son au quotidien qui recherchent une tr\u00e8s bonne qualit\u00e9 mais \u00e0 un prix abordable.La s\u00e9rie Audibax Silver est une gamme destin\u00e9e aux musiciens et aux professionnels du son qui recherchent une tr\u00e8s bonne qualit\u00e9 \u00e0 un prix abordable. Il est \u00e9quip\u00e9 de connecteurs OFC (cuivre sans oxyde) de haute qualit\u00e9 qui assurent une transmission \u00e9lev\u00e9e du signal. Il est dot\u00e9 d&rsquo;un rev\u00eatement en PVC dur qui conf\u00e8re au c\u00e2ble une isolation maximale.<\/p>\n<h2>Caract\u00e9ristiques du c\u00e2ble<\/h2>\n<\/p>\n<ul>\n<li>S\u00e9rie : Silver<\/li>\n<li>Type :&nbsp;XLR m\u00e2le vers Minijack st\u00e9r\u00e9o<\/li>\n<li>Conception \u00e0 faible bruit avec reproduction dynamique compl\u00e8te<\/li>\n<li>C\u00e2ble \u00e0 isolation maximale.<\/li>\n<li>Connecteurs haute performance<\/li>\n<li>Diam\u00e8tre du c\u00e2ble 6 mm<\/li>\n<li>Section du conducteur 2 mm<\/li>\n<li>Rev\u00eatement PVC tr\u00e8s durable.<\/li>\n<li>Longueur : 3 m\u00e8tres<\/li>\n<li>Couleur : Noir<\/li>\n<\/ul>\n<p>&nbsp;<\/p>\n<h2>Caract\u00e9ristiques Connecteur A<\/h2>\n<p>&nbsp;<\/p>\n<ul>\n<ul>\n<li>Connecteur :&nbsp;XLR&nbsp;<\/li>\n<li>Type : M\u00e2le<\/li>\n<li>Nombre de broches : 3<\/li>\n<li>Contacts du connecteur : Argent<\/li>\n<li>Couleur : Argent<\/li>\n<li>Fabricant Connecteur A : Audibax<\/li>\n<li>Connecteur S\u00e9rie A : Argent<br \/> &nbsp;<\/li>\n<\/ul>\n<h2>&nbsp;<\/h2>\n<h2> <\/ul>\n<h2>Caract\u00e9ristiques Connecteur B<br \/> &nbsp;<\/h2>\n<ul>\n<li>Connecteur :&nbsp;Minijack&nbsp;<\/li>\n<li>Type : St\u00e9r\u00e9o<\/li>\n<li>Nombre de broches : 1<\/li>\n<li>Contacts du connecteur : Argent<\/li>\n<li>Couleur : Argent<\/li>\n<li>Fabricant Connecteur B : Audibax<\/li>\n<li>Connecteur B Series : Argent<\/li>\n<\/ul>\n<\/ul>\n<\/ul>\n","protected":false},"excerpt":{"rendered":"<ul>\n<li>S\u00e9rie : Argent<\/li>\n<li>Type :&nbsp;XLR m\u00e2le \u00e0 Minijack st\u00e9r\u00e9o<\/li>\n<li>Longueur : 3 m<\/li>\n<li>Couleur : Noir<\/li>\n<li>Diam\u00e8tre du c\u00e2ble : 6 mm<\/li>\n<\/ul>\n<li>Couleur : Noir<\/li>\n<li>Diam\u00e8tre du c\u00e2ble : 6 mm<\/li>\n<\/ul>\n","protected":false},"featured_media":17714,"comment_status":"open","ping_status":"closed","template":"","meta":{"_acf_changed":false},"product_cat":[325],"product_tag":[],"class_list":{"0":"post-36508","1":"product","2":"type-product","3":"status-publish","4":"has-post-thumbnail","6":"product_cat-cable-xlr","8":"first","9":"instock","10":"shipping-taxable","11":"product-type-simple"},"acf":[],"yoast_head":"<!-- This site is optimized with the Yoast SEO plugin v27.0 - https:\/\/yoast.com\/product\/yoast-seo-wordpress\/ -->\n<title>Silver XLR Male Stereo Minijack 3m Black 10145069 - Audibax<\/title>\n<meta name=\"robots\" content=\"index, follow, max-snippet:-1, max-image-preview:large, max-video-preview:-1\" \/>\n<link rel=\"canonical\" href=\"https:\/\/audibax.com\/fr\/produit\/silver-xlr-male-stereo-minijack-3m-black-10145069-2\/\" \/>\n<meta property=\"og:locale\" content=\"fr_FR\" \/>\n<meta property=\"og:type\" content=\"article\" \/>\n<meta property=\"og:title\" content=\"Silver XLR Male Stereo Minijack 3m Black 10145069 - Audibax\" \/>\n<meta property=\"og:description\" content=\"S\u00e9rie : Argent Type :&nbsp;XLR m\u00e2le \u00e0 Minijack st\u00e9r\u00e9o Longueur : 3 m Couleur : Noir Diam\u00e8tre du c\u00e2ble : 6 mm Couleur : Noir Diam\u00e8tre du c\u00e2ble : 6 mm\" \/>\n<meta property=\"og:url\" content=\"https:\/\/audibax.com\/fr\/produit\/silver-xlr-male-stereo-minijack-3m-black-10145069-2\/\" \/>\n<meta property=\"og:site_name\" content=\"Audibax\" \/>\n<meta property=\"article:modified_time\" content=\"2023-12-27T10:54:00+00:00\" \/>\n<meta name=\"twitter:card\" content=\"summary_large_image\" \/>\n<meta name=\"twitter:label1\" content=\"Dur\u00e9e de lecture estim\u00e9e\" \/>\n\t<meta name=\"twitter:data1\" content=\"1 minute\" \/>\n<script type=\"application\/ld+json\" class=\"yoast-schema-graph\">{\"@context\":\"https:\/\/schema.org\",\"@graph\":[{\"@type\":\"WebPage\",\"@id\":\"https:\/\/audibax.com\/fr\/produit\/silver-xlr-male-stereo-minijack-3m-black-10145069-2\/\",\"url\":\"https:\/\/audibax.com\/fr\/produit\/silver-xlr-male-stereo-minijack-3m-black-10145069-2\/\",\"name\":\"Silver XLR Male Stereo Minijack 3m Black 10145069 - Audibax\",\"isPartOf\":{\"@id\":\"https:\/\/audibax.com\/fr\/#website\"},\"primaryImageOfPage\":{\"@id\":\"https:\/\/audibax.com\/fr\/produit\/silver-xlr-male-stereo-minijack-3m-black-10145069-2\/#primaryimage\"},\"image\":{\"@id\":\"https:\/\/audibax.com\/fr\/produit\/silver-xlr-male-stereo-minijack-3m-black-10145069-2\/#primaryimage\"},\"thumbnailUrl\":\"https:\/\/audibax.com\/wp-content\/uploads\/2023\/12\/audibax-silver-cable-xlr-macho-a-minijack-stereo-3-metros-negro.png\",\"datePublished\":\"2023-12-11T12:27:51+00:00\",\"dateModified\":\"2023-12-27T10:54:00+00:00\",\"breadcrumb\":{\"@id\":\"https:\/\/audibax.com\/fr\/produit\/silver-xlr-male-stereo-minijack-3m-black-10145069-2\/#breadcrumb\"},\"inLanguage\":\"fr-FR\",\"potentialAction\":[{\"@type\":\"ReadAction\",\"target\":[\"https:\/\/audibax.com\/fr\/produit\/silver-xlr-male-stereo-minijack-3m-black-10145069-2\/\"]}]},{\"@type\":\"ImageObject\",\"inLanguage\":\"fr-FR\",\"@id\":\"https:\/\/audibax.com\/fr\/produit\/silver-xlr-male-stereo-minijack-3m-black-10145069-2\/#primaryimage\",\"url\":\"https:\/\/audibax.com\/wp-content\/uploads\/2023\/12\/audibax-silver-cable-xlr-macho-a-minijack-stereo-3-metros-negro.png\",\"contentUrl\":\"https:\/\/audibax.com\/wp-content\/uploads\/2023\/12\/audibax-silver-cable-xlr-macho-a-minijack-stereo-3-metros-negro.png\",\"width\":3840,\"height\":2887},{\"@type\":\"BreadcrumbList\",\"@id\":\"https:\/\/audibax.com\/fr\/produit\/silver-xlr-male-stereo-minijack-3m-black-10145069-2\/#breadcrumb\",\"itemListElement\":[{\"@type\":\"ListItem\",\"position\":1,\"name\":\"Portada\",\"item\":\"https:\/\/audibax.com\/fr\/\"},{\"@type\":\"ListItem\",\"position\":2,\"name\":\"Produits\",\"item\":\"https:\/\/audibax.com\/fr\/shop\/\"},{\"@type\":\"ListItem\",\"position\":3,\"name\":\"Silver XLR Male Stereo Minijack 3m Black 10145069\"}]},{\"@type\":\"WebSite\",\"@id\":\"https:\/\/audibax.com\/fr\/#website\",\"url\":\"https:\/\/audibax.com\/fr\/\",\"name\":\"Audibax\",\"description\":\"\",\"publisher\":{\"@id\":\"https:\/\/audibax.com\/fr\/#organization\"},\"potentialAction\":[{\"@type\":\"SearchAction\",\"target\":{\"@type\":\"EntryPoint\",\"urlTemplate\":\"https:\/\/audibax.com\/fr\/?s={search_term_string}\"},\"query-input\":{\"@type\":\"PropertyValueSpecification\",\"valueRequired\":true,\"valueName\":\"search_term_string\"}}],\"inLanguage\":\"fr-FR\"},{\"@type\":\"Organization\",\"@id\":\"https:\/\/audibax.com\/fr\/#organization\",\"name\":\"Audibax\",\"url\":\"https:\/\/audibax.com\/fr\/\",\"logo\":{\"@type\":\"ImageObject\",\"inLanguage\":\"fr-FR\",\"@id\":\"https:\/\/audibax.com\/fr\/#\/schema\/logo\/image\/\",\"url\":\"https:\/\/audibax.com\/wp-content\/uploads\/2023\/09\/logo-Audibax-BLANCO-SVG-1.svg\",\"contentUrl\":\"https:\/\/audibax.com\/wp-content\/uploads\/2023\/09\/logo-Audibax-BLANCO-SVG-1.svg\",\"caption\":\"Audibax\"},\"image\":{\"@id\":\"https:\/\/audibax.com\/fr\/#\/schema\/logo\/image\/\"}}]}<\/script>\n<!-- \/ Yoast SEO plugin. -->","yoast_head_json":{"title":"Silver XLR Male Stereo Minijack 3m Black 10145069 - Audibax","robots":{"index":"index","follow":"follow","max-snippet":"max-snippet:-1","max-image-preview":"max-image-preview:large","max-video-preview":"max-video-preview:-1"},"canonical":"https:\/\/audibax.com\/fr\/produit\/silver-xlr-male-stereo-minijack-3m-black-10145069-2\/","og_locale":"fr_FR","og_type":"article","og_title":"Silver XLR Male Stereo Minijack 3m Black 10145069 - Audibax","og_description":"S\u00e9rie : Argent Type :&nbsp;XLR m\u00e2le \u00e0 Minijack st\u00e9r\u00e9o Longueur : 3 m Couleur : Noir Diam\u00e8tre du c\u00e2ble : 6 mm Couleur : Noir Diam\u00e8tre du c\u00e2ble : 6 mm","og_url":"https:\/\/audibax.com\/fr\/produit\/silver-xlr-male-stereo-minijack-3m-black-10145069-2\/","og_site_name":"Audibax","article_modified_time":"2023-12-27T10:54:00+00:00","twitter_card":"summary_large_image","twitter_misc":{"Dur\u00e9e de lecture estim\u00e9e":"1 minute"},"schema":{"@context":"https:\/\/schema.org","@graph":[{"@type":"WebPage","@id":"https:\/\/audibax.com\/fr\/produit\/silver-xlr-male-stereo-minijack-3m-black-10145069-2\/","url":"https:\/\/audibax.com\/fr\/produit\/silver-xlr-male-stereo-minijack-3m-black-10145069-2\/","name":"Silver XLR Male Stereo Minijack 3m Black 10145069 - Audibax","isPartOf":{"@id":"https:\/\/audibax.com\/fr\/#website"},"primaryImageOfPage":{"@id":"https:\/\/audibax.com\/fr\/produit\/silver-xlr-male-stereo-minijack-3m-black-10145069-2\/#primaryimage"},"image":{"@id":"https:\/\/audibax.com\/fr\/produit\/silver-xlr-male-stereo-minijack-3m-black-10145069-2\/#primaryimage"},"thumbnailUrl":"https:\/\/audibax.com\/wp-content\/uploads\/2023\/12\/audibax-silver-cable-xlr-macho-a-minijack-stereo-3-metros-negro.png","datePublished":"2023-12-11T12:27:51+00:00","dateModified":"2023-12-27T10:54:00+00:00","breadcrumb":{"@id":"https:\/\/audibax.com\/fr\/produit\/silver-xlr-male-stereo-minijack-3m-black-10145069-2\/#breadcrumb"},"inLanguage":"fr-FR","potentialAction":[{"@type":"ReadAction","target":["https:\/\/audibax.com\/fr\/produit\/silver-xlr-male-stereo-minijack-3m-black-10145069-2\/"]}]},{"@type":"ImageObject","inLanguage":"fr-FR","@id":"https:\/\/audibax.com\/fr\/produit\/silver-xlr-male-stereo-minijack-3m-black-10145069-2\/#primaryimage","url":"https:\/\/audibax.com\/wp-content\/uploads\/2023\/12\/audibax-silver-cable-xlr-macho-a-minijack-stereo-3-metros-negro.png","contentUrl":"https:\/\/audibax.com\/wp-content\/uploads\/2023\/12\/audibax-silver-cable-xlr-macho-a-minijack-stereo-3-metros-negro.png","width":3840,"height":2887},{"@type":"BreadcrumbList","@id":"https:\/\/audibax.com\/fr\/produit\/silver-xlr-male-stereo-minijack-3m-black-10145069-2\/#breadcrumb","itemListElement":[{"@type":"ListItem","position":1,"name":"Portada","item":"https:\/\/audibax.com\/fr\/"},{"@type":"ListItem","position":2,"name":"Produits","item":"https:\/\/audibax.com\/fr\/shop\/"},{"@type":"ListItem","position":3,"name":"Silver XLR Male Stereo Minijack 3m Black 10145069"}]},{"@type":"WebSite","@id":"https:\/\/audibax.com\/fr\/#website","url":"https:\/\/audibax.com\/fr\/","name":"Audibax","description":"","publisher":{"@id":"https:\/\/audibax.com\/fr\/#organization"},"potentialAction":[{"@type":"SearchAction","target":{"@type":"EntryPoint","urlTemplate":"https:\/\/audibax.com\/fr\/?s={search_term_string}"},"query-input":{"@type":"PropertyValueSpecification","valueRequired":true,"valueName":"search_term_string"}}],"inLanguage":"fr-FR"},{"@type":"Organization","@id":"https:\/\/audibax.com\/fr\/#organization","name":"Audibax","url":"https:\/\/audibax.com\/fr\/","logo":{"@type":"ImageObject","inLanguage":"fr-FR","@id":"https:\/\/audibax.com\/fr\/#\/schema\/logo\/image\/","url":"https:\/\/audibax.com\/wp-content\/uploads\/2023\/09\/logo-Audibax-BLANCO-SVG-1.svg","contentUrl":"https:\/\/audibax.com\/wp-content\/uploads\/2023\/09\/logo-Audibax-BLANCO-SVG-1.svg","caption":"Audibax"},"image":{"@id":"https:\/\/audibax.com\/fr\/#\/schema\/logo\/image\/"}}]}},"_links":{"self":[{"href":"https:\/\/audibax.com\/fr\/wp-json\/wp\/v2\/product\/36508","targetHints":{"allow":["GET"]}}],"collection":[{"href":"https:\/\/audibax.com\/fr\/wp-json\/wp\/v2\/product"}],"about":[{"href":"https:\/\/audibax.com\/fr\/wp-json\/wp\/v2\/types\/product"}],"replies":[{"embeddable":true,"href":"https:\/\/audibax.com\/fr\/wp-json\/wp\/v2\/comments?post=36508"}],"wp:featuredmedia":[{"embeddable":true,"href":"https:\/\/audibax.com\/fr\/wp-json\/wp\/v2\/media\/17714"}],"wp:attachment":[{"href":"https:\/\/audibax.com\/fr\/wp-json\/wp\/v2\/media?parent=36508"}],"wp:term":[{"taxonomy":"product_cat","embeddable":true,"href":"https:\/\/audibax.com\/fr\/wp-json\/wp\/v2\/product_cat?post=36508"},{"taxonomy":"product_tag","embeddable":true,"href":"https:\/\/audibax.com\/fr\/wp-json\/wp\/v2\/product_tag?post=36508"}],"curies":[{"name":"wp","href":"https:\/\/api.w.org\/{rel}","templated":true}]}}