{"id":36501,"date":"2023-12-11T13:27:23","date_gmt":"2023-12-11T12:27:23","guid":{"rendered":"https:\/\/audibax.com\/product\/silver-black-xlr-male-xlr-female-05m-black-10154405-2\/"},"modified":"2023-12-27T11:53:56","modified_gmt":"2023-12-27T10:53:56","slug":"silver-black-xlr-male-xlr-female-05m-black-10154405-2","status":"publish","type":"product","link":"https:\/\/audibax.com\/fr\/produit\/silver-black-xlr-male-xlr-female-05m-black-10154405-2\/","title":{"rendered":"Silver Black XLR Male XLR Female 0,5m Black 10154405"},"content":{"rendered":"<\/p>\n<p><strong>Audibax Silver Black C\u00e2ble XLR m\u00e2le vers XLR femelle 50cm Noir<\/strong><\/p>\n<p>Les c\u00e2bles de la s\u00e9rie Silver Black d&rsquo;Audibax offrent d&rsquo;excellentes performances professionnelles \u00e0 un prix tr\u00e8s abordable. Le fil central est compos\u00e9 de conducteurs OFC (cuivre sans oxyde) qui assurent une transmission pure et naturelle du signal. Le blindage spiral\u00e9 dense r\u00e9duit tout bruit ind\u00e9sirable et assure une transmission audio optimale. La s\u00e9rie Silver Black est fabriqu\u00e9e dans un mat\u00e9riau tr\u00e8s flexible, ce qui fait de ces c\u00e2bles le choix id\u00e9al pour n&rsquo;importe quelle sc\u00e8ne.<\/p>\n<p>&nbsp;<\/p>\n<h2>Caract\u00e9ristiques g\u00e9n\u00e9rales de la s\u00e9rie Silver Black<\/h2>\n<\/p>\n<ul>\n<li>Conception \u00e0 faible bruit avec reproduction dynamique compl\u00e8te\n<li>\n<li>Conception \u00e0 faible bruit avec reproduction dynamique compl\u00e8te\n<li>\n<li>Conception \u00e0 faible bruit avec reproduction dynamique compl\u00e8te\n<li>\n<li>Conception \u00e0 faible bruit avec reproduction dynamique compl\u00e8te\n<li>\n<li>Conception \u00e0 faible bruit avec reproduction dynamique compl\u00e8te\n<li>\n<li>Conception \u00e0 faible bruit avec reproduction dynamique compl\u00e8te\n<li>\n<li>Conception \u00e0 faible bruit avec reproduction dynamique compl\u00e8te\n<li>\n<li>Conception \u00e0 faible bruit avec reproduction dynamique compl\u00e8te\n<li>\n<li>Conception \u00e0 faible bruit avec reproduction dynamique compl\u00e8te.Connecteurs XLR noirs argent\u00e9s de qualit\u00e9<\/li>\n<li>Dense OFC&nbsp;blindage en spirale<\/li>\n<li>\n<li>Dense OFC&nbsp;blindage en spirale<\/li>\n<\/li>\n<li>Dense OFC&nbsp;blindage en spirale<\/li>\n<li><\/li>\n<li>.\/ul><br \/>\n<h2>Caract\u00e9ristiques du c\u00e2ble<\/h2>\n<p>&nbsp;<\/p>\n<ul>\n<ul>\n<li>S\u00e9rie : Argent Noir<\/li>\n<li>Type : XLR \/ C\u00e2ble Microphone<\/li>\n<li>Longueur : 0.5m<\/li>\n<li>Couleur : Noir<\/li>\n<li>Diam\u00e8tre du c\u00e2ble : 6 mm<\/li>\n<li>Section int\u00e9rieure du conducteur : 0.24 mm OFC<\/li>\n<li>Spiral OFC Shielding<\/li>\n<li>PVC Coating<\/li>\n<\/ul>\n<\/ul>\n<ul>\n<ul>\n<ul>\n<ul>\n<li>Diam\u00e8tre du c\u00e2ble : 6 mm<\/li>\n<\/ul>\n<\/ul>\n<ul>\n<ul>\n<ul> <ulh2> Caract\u00e9ristiques Connecteur A<\/h2>\n<p>&nbsp;<\/p>\n<ul>\n<li>Connecteur : XLR<\/li>\n<li>Type : Femelle<\/li>\n<li>Nombre de broches : 3<\/li>\n<li>Contacts du connecteur : Plaqu\u00e9 or 24k<\/li>\n<li>Couleur : Noir<\/li>\n<li>Fabricant Connecteur A : Audibax<\/li>\n<li>Connecteur&nbsp;S\u00e9rie A : Argent Noir<\/li>\n<\/ul>\n<h2>Caract\u00e9ristiques&nbsp;Connecteur B<\/h2>\n<p>&nbsp;<\/p>\n<ul>\n<li>Connecteur : XLR<\/li>\n<li>Type : M\u00e2le<\/li>\n<li>Nombre de broches : 3<\/li>\n<li>Contacts du connecteur :&nbsp;Plaqu\u00e9 or 24k<\/li>\n<li>Couleur : Noir<\/li>\n<li>Fabricant Connecteur B : Audibax<\/li>\n<li>Connecteur B Series : Argent Noir<\/li>\n<\/ul>\n<\/ul>\n<\/ul>\n","protected":false},"excerpt":{"rendered":"<ul>\n<li>S\u00e9rie : Silver Black<\/li>\n<li>Type : XLR<\/li>\n<li>Longueur : 0.5m<\/li>\n<li>Couleur : Noir<\/li>\n<li>Diam\u00e8tre du c\u00e2ble : 6 mm<\/li>\n<\/ul>\n<li>Couleur : Noir<\/li>\n<li>Diam\u00e8tre du c\u00e2ble : 6 mm<\/li>\n<\/ul>\n","protected":false},"featured_media":17687,"comment_status":"open","ping_status":"closed","template":"","meta":{"_acf_changed":false},"product_cat":[325],"product_tag":[],"class_list":{"0":"post-36501","1":"product","2":"type-product","3":"status-publish","4":"has-post-thumbnail","6":"product_cat-cable-xlr","8":"first","9":"instock","10":"shipping-taxable","11":"product-type-simple"},"acf":[],"yoast_head":"<!-- This site is optimized with the Yoast SEO plugin v27.0 - https:\/\/yoast.com\/product\/yoast-seo-wordpress\/ -->\n<title>Silver Black XLR Male XLR Female 0,5m Black 10154405 - Audibax<\/title>\n<meta name=\"robots\" content=\"index, follow, max-snippet:-1, max-image-preview:large, max-video-preview:-1\" \/>\n<link rel=\"canonical\" href=\"https:\/\/audibax.com\/fr\/produit\/silver-black-xlr-male-xlr-female-05m-black-10154405-2\/\" \/>\n<meta property=\"og:locale\" content=\"fr_FR\" \/>\n<meta property=\"og:type\" content=\"article\" \/>\n<meta property=\"og:title\" content=\"Silver Black XLR Male XLR Female 0,5m Black 10154405 - Audibax\" \/>\n<meta property=\"og:description\" content=\"S\u00e9rie : Silver Black Type : XLR Longueur : 0.5m Couleur : Noir Diam\u00e8tre du c\u00e2ble : 6 mm Couleur : Noir Diam\u00e8tre du c\u00e2ble : 6 mm\" \/>\n<meta property=\"og:url\" content=\"https:\/\/audibax.com\/fr\/produit\/silver-black-xlr-male-xlr-female-05m-black-10154405-2\/\" \/>\n<meta property=\"og:site_name\" content=\"Audibax\" \/>\n<meta property=\"article:modified_time\" content=\"2023-12-27T10:53:56+00:00\" \/>\n<meta name=\"twitter:card\" content=\"summary_large_image\" \/>\n<meta name=\"twitter:label1\" content=\"Dur\u00e9e de lecture estim\u00e9e\" \/>\n\t<meta name=\"twitter:data1\" content=\"2 minutes\" \/>\n<script type=\"application\/ld+json\" class=\"yoast-schema-graph\">{\"@context\":\"https:\/\/schema.org\",\"@graph\":[{\"@type\":\"WebPage\",\"@id\":\"https:\/\/audibax.com\/fr\/produit\/silver-black-xlr-male-xlr-female-05m-black-10154405-2\/\",\"url\":\"https:\/\/audibax.com\/fr\/produit\/silver-black-xlr-male-xlr-female-05m-black-10154405-2\/\",\"name\":\"Silver Black XLR Male XLR Female 0,5m Black 10154405 - Audibax\",\"isPartOf\":{\"@id\":\"https:\/\/audibax.com\/fr\/#website\"},\"primaryImageOfPage\":{\"@id\":\"https:\/\/audibax.com\/fr\/produit\/silver-black-xlr-male-xlr-female-05m-black-10154405-2\/#primaryimage\"},\"image\":{\"@id\":\"https:\/\/audibax.com\/fr\/produit\/silver-black-xlr-male-xlr-female-05m-black-10154405-2\/#primaryimage\"},\"thumbnailUrl\":\"https:\/\/audibax.com\/wp-content\/uploads\/2023\/12\/audibax-silver-black-xlr-m-xlr-h-black.png\",\"datePublished\":\"2023-12-11T12:27:23+00:00\",\"dateModified\":\"2023-12-27T10:53:56+00:00\",\"breadcrumb\":{\"@id\":\"https:\/\/audibax.com\/fr\/produit\/silver-black-xlr-male-xlr-female-05m-black-10154405-2\/#breadcrumb\"},\"inLanguage\":\"fr-FR\",\"potentialAction\":[{\"@type\":\"ReadAction\",\"target\":[\"https:\/\/audibax.com\/fr\/produit\/silver-black-xlr-male-xlr-female-05m-black-10154405-2\/\"]}]},{\"@type\":\"ImageObject\",\"inLanguage\":\"fr-FR\",\"@id\":\"https:\/\/audibax.com\/fr\/produit\/silver-black-xlr-male-xlr-female-05m-black-10154405-2\/#primaryimage\",\"url\":\"https:\/\/audibax.com\/wp-content\/uploads\/2023\/12\/audibax-silver-black-xlr-m-xlr-h-black.png\",\"contentUrl\":\"https:\/\/audibax.com\/wp-content\/uploads\/2023\/12\/audibax-silver-black-xlr-m-xlr-h-black.png\",\"width\":3840,\"height\":2696},{\"@type\":\"BreadcrumbList\",\"@id\":\"https:\/\/audibax.com\/fr\/produit\/silver-black-xlr-male-xlr-female-05m-black-10154405-2\/#breadcrumb\",\"itemListElement\":[{\"@type\":\"ListItem\",\"position\":1,\"name\":\"Portada\",\"item\":\"https:\/\/audibax.com\/fr\/\"},{\"@type\":\"ListItem\",\"position\":2,\"name\":\"Produits\",\"item\":\"https:\/\/audibax.com\/fr\/shop\/\"},{\"@type\":\"ListItem\",\"position\":3,\"name\":\"Silver Black XLR Male XLR Female 0,5m Black 10154405\"}]},{\"@type\":\"WebSite\",\"@id\":\"https:\/\/audibax.com\/fr\/#website\",\"url\":\"https:\/\/audibax.com\/fr\/\",\"name\":\"Audibax\",\"description\":\"\",\"publisher\":{\"@id\":\"https:\/\/audibax.com\/fr\/#organization\"},\"potentialAction\":[{\"@type\":\"SearchAction\",\"target\":{\"@type\":\"EntryPoint\",\"urlTemplate\":\"https:\/\/audibax.com\/fr\/?s={search_term_string}\"},\"query-input\":{\"@type\":\"PropertyValueSpecification\",\"valueRequired\":true,\"valueName\":\"search_term_string\"}}],\"inLanguage\":\"fr-FR\"},{\"@type\":\"Organization\",\"@id\":\"https:\/\/audibax.com\/fr\/#organization\",\"name\":\"Audibax\",\"url\":\"https:\/\/audibax.com\/fr\/\",\"logo\":{\"@type\":\"ImageObject\",\"inLanguage\":\"fr-FR\",\"@id\":\"https:\/\/audibax.com\/fr\/#\/schema\/logo\/image\/\",\"url\":\"https:\/\/audibax.com\/wp-content\/uploads\/2023\/09\/logo-Audibax-BLANCO-SVG-1.svg\",\"contentUrl\":\"https:\/\/audibax.com\/wp-content\/uploads\/2023\/09\/logo-Audibax-BLANCO-SVG-1.svg\",\"caption\":\"Audibax\"},\"image\":{\"@id\":\"https:\/\/audibax.com\/fr\/#\/schema\/logo\/image\/\"}}]}<\/script>\n<!-- \/ Yoast SEO plugin. -->","yoast_head_json":{"title":"Silver Black XLR Male XLR Female 0,5m Black 10154405 - Audibax","robots":{"index":"index","follow":"follow","max-snippet":"max-snippet:-1","max-image-preview":"max-image-preview:large","max-video-preview":"max-video-preview:-1"},"canonical":"https:\/\/audibax.com\/fr\/produit\/silver-black-xlr-male-xlr-female-05m-black-10154405-2\/","og_locale":"fr_FR","og_type":"article","og_title":"Silver Black XLR Male XLR Female 0,5m Black 10154405 - Audibax","og_description":"S\u00e9rie : Silver Black Type : XLR Longueur : 0.5m Couleur : Noir Diam\u00e8tre du c\u00e2ble : 6 mm Couleur : Noir Diam\u00e8tre du c\u00e2ble : 6 mm","og_url":"https:\/\/audibax.com\/fr\/produit\/silver-black-xlr-male-xlr-female-05m-black-10154405-2\/","og_site_name":"Audibax","article_modified_time":"2023-12-27T10:53:56+00:00","twitter_card":"summary_large_image","twitter_misc":{"Dur\u00e9e de lecture estim\u00e9e":"2 minutes"},"schema":{"@context":"https:\/\/schema.org","@graph":[{"@type":"WebPage","@id":"https:\/\/audibax.com\/fr\/produit\/silver-black-xlr-male-xlr-female-05m-black-10154405-2\/","url":"https:\/\/audibax.com\/fr\/produit\/silver-black-xlr-male-xlr-female-05m-black-10154405-2\/","name":"Silver Black XLR Male XLR Female 0,5m Black 10154405 - Audibax","isPartOf":{"@id":"https:\/\/audibax.com\/fr\/#website"},"primaryImageOfPage":{"@id":"https:\/\/audibax.com\/fr\/produit\/silver-black-xlr-male-xlr-female-05m-black-10154405-2\/#primaryimage"},"image":{"@id":"https:\/\/audibax.com\/fr\/produit\/silver-black-xlr-male-xlr-female-05m-black-10154405-2\/#primaryimage"},"thumbnailUrl":"https:\/\/audibax.com\/wp-content\/uploads\/2023\/12\/audibax-silver-black-xlr-m-xlr-h-black.png","datePublished":"2023-12-11T12:27:23+00:00","dateModified":"2023-12-27T10:53:56+00:00","breadcrumb":{"@id":"https:\/\/audibax.com\/fr\/produit\/silver-black-xlr-male-xlr-female-05m-black-10154405-2\/#breadcrumb"},"inLanguage":"fr-FR","potentialAction":[{"@type":"ReadAction","target":["https:\/\/audibax.com\/fr\/produit\/silver-black-xlr-male-xlr-female-05m-black-10154405-2\/"]}]},{"@type":"ImageObject","inLanguage":"fr-FR","@id":"https:\/\/audibax.com\/fr\/produit\/silver-black-xlr-male-xlr-female-05m-black-10154405-2\/#primaryimage","url":"https:\/\/audibax.com\/wp-content\/uploads\/2023\/12\/audibax-silver-black-xlr-m-xlr-h-black.png","contentUrl":"https:\/\/audibax.com\/wp-content\/uploads\/2023\/12\/audibax-silver-black-xlr-m-xlr-h-black.png","width":3840,"height":2696},{"@type":"BreadcrumbList","@id":"https:\/\/audibax.com\/fr\/produit\/silver-black-xlr-male-xlr-female-05m-black-10154405-2\/#breadcrumb","itemListElement":[{"@type":"ListItem","position":1,"name":"Portada","item":"https:\/\/audibax.com\/fr\/"},{"@type":"ListItem","position":2,"name":"Produits","item":"https:\/\/audibax.com\/fr\/shop\/"},{"@type":"ListItem","position":3,"name":"Silver Black XLR Male XLR Female 0,5m Black 10154405"}]},{"@type":"WebSite","@id":"https:\/\/audibax.com\/fr\/#website","url":"https:\/\/audibax.com\/fr\/","name":"Audibax","description":"","publisher":{"@id":"https:\/\/audibax.com\/fr\/#organization"},"potentialAction":[{"@type":"SearchAction","target":{"@type":"EntryPoint","urlTemplate":"https:\/\/audibax.com\/fr\/?s={search_term_string}"},"query-input":{"@type":"PropertyValueSpecification","valueRequired":true,"valueName":"search_term_string"}}],"inLanguage":"fr-FR"},{"@type":"Organization","@id":"https:\/\/audibax.com\/fr\/#organization","name":"Audibax","url":"https:\/\/audibax.com\/fr\/","logo":{"@type":"ImageObject","inLanguage":"fr-FR","@id":"https:\/\/audibax.com\/fr\/#\/schema\/logo\/image\/","url":"https:\/\/audibax.com\/wp-content\/uploads\/2023\/09\/logo-Audibax-BLANCO-SVG-1.svg","contentUrl":"https:\/\/audibax.com\/wp-content\/uploads\/2023\/09\/logo-Audibax-BLANCO-SVG-1.svg","caption":"Audibax"},"image":{"@id":"https:\/\/audibax.com\/fr\/#\/schema\/logo\/image\/"}}]}},"_links":{"self":[{"href":"https:\/\/audibax.com\/fr\/wp-json\/wp\/v2\/product\/36501","targetHints":{"allow":["GET"]}}],"collection":[{"href":"https:\/\/audibax.com\/fr\/wp-json\/wp\/v2\/product"}],"about":[{"href":"https:\/\/audibax.com\/fr\/wp-json\/wp\/v2\/types\/product"}],"replies":[{"embeddable":true,"href":"https:\/\/audibax.com\/fr\/wp-json\/wp\/v2\/comments?post=36501"}],"wp:featuredmedia":[{"embeddable":true,"href":"https:\/\/audibax.com\/fr\/wp-json\/wp\/v2\/media\/17687"}],"wp:attachment":[{"href":"https:\/\/audibax.com\/fr\/wp-json\/wp\/v2\/media?parent=36501"}],"wp:term":[{"taxonomy":"product_cat","embeddable":true,"href":"https:\/\/audibax.com\/fr\/wp-json\/wp\/v2\/product_cat?post=36501"},{"taxonomy":"product_tag","embeddable":true,"href":"https:\/\/audibax.com\/fr\/wp-json\/wp\/v2\/product_tag?post=36501"}],"curies":[{"name":"wp","href":"https:\/\/api.w.org\/{rel}","templated":true}]}}