{"id":36438,"date":"2023-12-11T10:53:38","date_gmt":"2023-12-11T09:53:38","guid":{"rendered":"https:\/\/audibax.com\/product\/pro-stereo-minijack-2-x-rca-6m-black-10145144-2\/"},"modified":"2023-12-27T11:53:22","modified_gmt":"2023-12-27T10:53:22","slug":"pro-stereo-minijack-2-x-rca-6m-black-10145144-2","status":"publish","type":"product","link":"https:\/\/audibax.com\/fr\/produit\/pro-stereo-minijack-2-x-rca-6m-black-10145144-2\/","title":{"rendered":"Pro Stereo Minijack 2 x RCA 6m Black 10145144"},"content":{"rendered":"<\/p>\n<p><strong>Audibax Pro Stereo Minijack to 2 RCA Male Cable 6 Metres Black<\/strong><\/p>\n<p>La s\u00e9rie Audibax Pro&nbsp;<strong>Pro<\/strong>&nbsp;fournit une transmission de signal ultra-pr\u00e9cise et exacte.nbsp;<strong>La s\u00e9rie Audibax Pro<\/strong>&nbsp;offre une transmission de signal ultra-pure et pr\u00e9cise. Ces c\u00e2bles sont dot\u00e9s de connecteurs de haute qualit\u00e9 et d&rsquo;une conception \u00e0 faible capacit\u00e9, offrant des performances fiables et un son de qualit\u00e9 sup\u00e9rieure pour toutes les connexions de votre \u00e9quipement. Ils ont une configuration qui \u00e9limine tout bruit ind\u00e9sirable.<\/p>\n<p>La s\u00e9rie Pro est con\u00e7ue pour ceux qui recherchent une qualit\u00e9 sonore \u00e9lev\u00e9e et ne veulent pas faire de compromis sur les d\u00e9tails. Les composants suppl\u00e9mentaires de haute qualit\u00e9 assurent une reproduction sonore nette et pr\u00e9cise.<\/p>\n<p>&nbsp;<\/p>\n<h2>Caract\u00e9ristiques g\u00e9n\u00e9rales de la s\u00e9rie Pro<\/h2>\n<p>&nbsp;<\/p>\n<p>&nbsp;<\/p>\n<p>Caract\u00e9ristiques g\u00e9n\u00e9rales de la s\u00e9rie Pro<\/h2>\n<p>&nbsp;<\/p>\n<p>.<\/p>\n<li>\n<li>Connecteurs Pro Jack Mono de haute qualit\u00e9<\/li>\n<li>Connecteurs haute performance<\/li>\n<\/ul>\n<\/ul>\n<p>. <\/p>\n<h2>Caract\u00e9ristiques du c\u00e2ble<\/h2>\n<p>&nbsp;<\/p>\n<ul>\n<li>S\u00e9rie : Pro<\/li>\n<li>Type : Minijack st\u00e9r\u00e9o \/ 2 RCA m\u00e2le<\/li>\n<li>Conception \u00e0 faible bruit avec reproduction dynamique compl\u00e8te<\/li>\n<li>C\u00e2ble \u00e0 isolation maximale.<\/li>\n<li>Connecteurs haute performance<\/li>\n<li>Diam\u00e8tre ext\u00e9rieur : 5,8 mm +\/- 0,2 mm<\/li>\n<li>Surface du conducteur : 0,22 mm &sup2;<\/li>\n<li>Mat\u00e9riau du conducteur : cuivre nu, OFC<\/li>\n<li>Enrobage PVC hautement durable.<\/li>\n<li>Longueur : 6 m\u00e8tres.<\/li>\n<li>Couleur : Noir<\/li>\n<li>R\u00e9sistance du conducteur : 80 Ohm \/ km<\/li>\n<li>Capacit\u00e9 : &lt;90 pF \/ m<\/li>\n<li>Mat\u00e9riau de la gaine globale : PVC mat<\/li>\n<\/ul>\n<p>&nbsp;<\/p>\n<h2>Caract\u00e9ristiques<\/h2>\n<p>Connecteur A<\/h2>\n<p>&nbsp;<\/p>\n<ul>\n<ul>\n<li>Connecteur :&nbsp;Minijack<\/li>\n<li>Type : St\u00e9r\u00e9o<\/li>\n<li>N&uacute;s de broches : 1<\/li>\n<li>Contacts du connecteur : Argent<\/li>\n<li>Couleur : Gris<\/li>\n<li>Fabricant Connecteur A : Audibax<\/li>\n<li>Connecteur A S\u00e9rie : Pro<br \/> &nbsp;<\/li>\n<\/ul>\n<h2>&nbsp;<\/h2>\n<h2> <\/ul>\n<h2>Caract\u00e9ristiques Connecteur B<br \/> &nbsp;<\/h2>\n<ul>\n<li>Connecteur : 2 RCA<\/li>\n<li>Type : M\u00e2le<\/li>\n<li>Nombre de broches : 1<\/li>\n<li>Contacts du connecteur : Argent<\/li>\n<li>Couleur : Gris<\/li>\n<li>Fabricant Connecteur B : Audibax<\/li>\n<li>Connecteur B S\u00e9rie : Pro<\/li>\n<\/ul>\n<p>&nbsp;<\/p>\n<p>.<\/p>\n","protected":false},"excerpt":{"rendered":"<ul>\n<li>S\u00e9rie : Pro<\/li>\n<li>Type : Minijack st\u00e9r\u00e9o vers 2 RCA m\u00e2le<\/li>\n<li>Longueur : 6 m<\/li>\n<li>Couleur : Noir<\/li>\n<li>Diam\u00e8tre du c\u00e2ble : 5.8 mm<\/li>\n<\/ul>\n<\/ul>\n","protected":false},"featured_media":17573,"comment_status":"open","ping_status":"closed","template":"","meta":{"_acf_changed":false},"product_cat":[321],"product_tag":[],"class_list":{"0":"post-36438","1":"product","2":"type-product","3":"status-publish","4":"has-post-thumbnail","6":"product_cat-cable-rca","8":"first","9":"instock","10":"shipping-taxable","11":"product-type-simple"},"acf":[],"yoast_head":"<!-- This site is optimized with the Yoast SEO plugin v27.0 - https:\/\/yoast.com\/product\/yoast-seo-wordpress\/ -->\n<title>Pro Stereo Minijack 2 x RCA 6m Black 10145144 - Audibax<\/title>\n<meta name=\"robots\" content=\"index, follow, max-snippet:-1, max-image-preview:large, max-video-preview:-1\" \/>\n<link rel=\"canonical\" href=\"https:\/\/audibax.com\/fr\/produit\/pro-stereo-minijack-2-x-rca-6m-black-10145144-2\/\" \/>\n<meta property=\"og:locale\" content=\"fr_FR\" \/>\n<meta property=\"og:type\" content=\"article\" \/>\n<meta property=\"og:title\" content=\"Pro Stereo Minijack 2 x RCA 6m Black 10145144 - Audibax\" \/>\n<meta property=\"og:description\" content=\"S\u00e9rie : Pro Type : Minijack st\u00e9r\u00e9o vers 2 RCA m\u00e2le Longueur : 6 m Couleur : Noir Diam\u00e8tre du c\u00e2ble : 5.8 mm\" \/>\n<meta property=\"og:url\" content=\"https:\/\/audibax.com\/fr\/produit\/pro-stereo-minijack-2-x-rca-6m-black-10145144-2\/\" \/>\n<meta property=\"og:site_name\" content=\"Audibax\" \/>\n<meta property=\"article:modified_time\" content=\"2023-12-27T10:53:22+00:00\" \/>\n<meta name=\"twitter:card\" content=\"summary_large_image\" \/>\n<meta name=\"twitter:label1\" content=\"Dur\u00e9e de lecture estim\u00e9e\" \/>\n\t<meta name=\"twitter:data1\" content=\"2 minutes\" \/>\n<script type=\"application\/ld+json\" class=\"yoast-schema-graph\">{\"@context\":\"https:\/\/schema.org\",\"@graph\":[{\"@type\":\"WebPage\",\"@id\":\"https:\/\/audibax.com\/fr\/produit\/pro-stereo-minijack-2-x-rca-6m-black-10145144-2\/\",\"url\":\"https:\/\/audibax.com\/fr\/produit\/pro-stereo-minijack-2-x-rca-6m-black-10145144-2\/\",\"name\":\"Pro Stereo Minijack 2 x RCA 6m Black 10145144 - Audibax\",\"isPartOf\":{\"@id\":\"https:\/\/audibax.com\/fr\/#website\"},\"primaryImageOfPage\":{\"@id\":\"https:\/\/audibax.com\/fr\/produit\/pro-stereo-minijack-2-x-rca-6m-black-10145144-2\/#primaryimage\"},\"image\":{\"@id\":\"https:\/\/audibax.com\/fr\/produit\/pro-stereo-minijack-2-x-rca-6m-black-10145144-2\/#primaryimage\"},\"thumbnailUrl\":\"https:\/\/audibax.com\/wp-content\/uploads\/2023\/12\/audibax-pro-cable-minijack-stereo-a-2-rca-macho-6-negro.png\",\"datePublished\":\"2023-12-11T09:53:38+00:00\",\"dateModified\":\"2023-12-27T10:53:22+00:00\",\"breadcrumb\":{\"@id\":\"https:\/\/audibax.com\/fr\/produit\/pro-stereo-minijack-2-x-rca-6m-black-10145144-2\/#breadcrumb\"},\"inLanguage\":\"fr-FR\",\"potentialAction\":[{\"@type\":\"ReadAction\",\"target\":[\"https:\/\/audibax.com\/fr\/produit\/pro-stereo-minijack-2-x-rca-6m-black-10145144-2\/\"]}]},{\"@type\":\"ImageObject\",\"inLanguage\":\"fr-FR\",\"@id\":\"https:\/\/audibax.com\/fr\/produit\/pro-stereo-minijack-2-x-rca-6m-black-10145144-2\/#primaryimage\",\"url\":\"https:\/\/audibax.com\/wp-content\/uploads\/2023\/12\/audibax-pro-cable-minijack-stereo-a-2-rca-macho-6-negro.png\",\"contentUrl\":\"https:\/\/audibax.com\/wp-content\/uploads\/2023\/12\/audibax-pro-cable-minijack-stereo-a-2-rca-macho-6-negro.png\",\"width\":3840,\"height\":2887},{\"@type\":\"BreadcrumbList\",\"@id\":\"https:\/\/audibax.com\/fr\/produit\/pro-stereo-minijack-2-x-rca-6m-black-10145144-2\/#breadcrumb\",\"itemListElement\":[{\"@type\":\"ListItem\",\"position\":1,\"name\":\"Portada\",\"item\":\"https:\/\/audibax.com\/fr\/\"},{\"@type\":\"ListItem\",\"position\":2,\"name\":\"Produits\",\"item\":\"https:\/\/audibax.com\/fr\/shop\/\"},{\"@type\":\"ListItem\",\"position\":3,\"name\":\"Pro Stereo Minijack 2 x RCA 6m Black 10145144\"}]},{\"@type\":\"WebSite\",\"@id\":\"https:\/\/audibax.com\/fr\/#website\",\"url\":\"https:\/\/audibax.com\/fr\/\",\"name\":\"Audibax\",\"description\":\"\",\"publisher\":{\"@id\":\"https:\/\/audibax.com\/fr\/#organization\"},\"potentialAction\":[{\"@type\":\"SearchAction\",\"target\":{\"@type\":\"EntryPoint\",\"urlTemplate\":\"https:\/\/audibax.com\/fr\/?s={search_term_string}\"},\"query-input\":{\"@type\":\"PropertyValueSpecification\",\"valueRequired\":true,\"valueName\":\"search_term_string\"}}],\"inLanguage\":\"fr-FR\"},{\"@type\":\"Organization\",\"@id\":\"https:\/\/audibax.com\/fr\/#organization\",\"name\":\"Audibax\",\"url\":\"https:\/\/audibax.com\/fr\/\",\"logo\":{\"@type\":\"ImageObject\",\"inLanguage\":\"fr-FR\",\"@id\":\"https:\/\/audibax.com\/fr\/#\/schema\/logo\/image\/\",\"url\":\"https:\/\/audibax.com\/wp-content\/uploads\/2023\/09\/logo-Audibax-BLANCO-SVG-1.svg\",\"contentUrl\":\"https:\/\/audibax.com\/wp-content\/uploads\/2023\/09\/logo-Audibax-BLANCO-SVG-1.svg\",\"caption\":\"Audibax\"},\"image\":{\"@id\":\"https:\/\/audibax.com\/fr\/#\/schema\/logo\/image\/\"}}]}<\/script>\n<!-- \/ Yoast SEO plugin. -->","yoast_head_json":{"title":"Pro Stereo Minijack 2 x RCA 6m Black 10145144 - Audibax","robots":{"index":"index","follow":"follow","max-snippet":"max-snippet:-1","max-image-preview":"max-image-preview:large","max-video-preview":"max-video-preview:-1"},"canonical":"https:\/\/audibax.com\/fr\/produit\/pro-stereo-minijack-2-x-rca-6m-black-10145144-2\/","og_locale":"fr_FR","og_type":"article","og_title":"Pro Stereo Minijack 2 x RCA 6m Black 10145144 - Audibax","og_description":"S\u00e9rie : Pro Type : Minijack st\u00e9r\u00e9o vers 2 RCA m\u00e2le Longueur : 6 m Couleur : Noir Diam\u00e8tre du c\u00e2ble : 5.8 mm","og_url":"https:\/\/audibax.com\/fr\/produit\/pro-stereo-minijack-2-x-rca-6m-black-10145144-2\/","og_site_name":"Audibax","article_modified_time":"2023-12-27T10:53:22+00:00","twitter_card":"summary_large_image","twitter_misc":{"Dur\u00e9e de lecture estim\u00e9e":"2 minutes"},"schema":{"@context":"https:\/\/schema.org","@graph":[{"@type":"WebPage","@id":"https:\/\/audibax.com\/fr\/produit\/pro-stereo-minijack-2-x-rca-6m-black-10145144-2\/","url":"https:\/\/audibax.com\/fr\/produit\/pro-stereo-minijack-2-x-rca-6m-black-10145144-2\/","name":"Pro Stereo Minijack 2 x RCA 6m Black 10145144 - Audibax","isPartOf":{"@id":"https:\/\/audibax.com\/fr\/#website"},"primaryImageOfPage":{"@id":"https:\/\/audibax.com\/fr\/produit\/pro-stereo-minijack-2-x-rca-6m-black-10145144-2\/#primaryimage"},"image":{"@id":"https:\/\/audibax.com\/fr\/produit\/pro-stereo-minijack-2-x-rca-6m-black-10145144-2\/#primaryimage"},"thumbnailUrl":"https:\/\/audibax.com\/wp-content\/uploads\/2023\/12\/audibax-pro-cable-minijack-stereo-a-2-rca-macho-6-negro.png","datePublished":"2023-12-11T09:53:38+00:00","dateModified":"2023-12-27T10:53:22+00:00","breadcrumb":{"@id":"https:\/\/audibax.com\/fr\/produit\/pro-stereo-minijack-2-x-rca-6m-black-10145144-2\/#breadcrumb"},"inLanguage":"fr-FR","potentialAction":[{"@type":"ReadAction","target":["https:\/\/audibax.com\/fr\/produit\/pro-stereo-minijack-2-x-rca-6m-black-10145144-2\/"]}]},{"@type":"ImageObject","inLanguage":"fr-FR","@id":"https:\/\/audibax.com\/fr\/produit\/pro-stereo-minijack-2-x-rca-6m-black-10145144-2\/#primaryimage","url":"https:\/\/audibax.com\/wp-content\/uploads\/2023\/12\/audibax-pro-cable-minijack-stereo-a-2-rca-macho-6-negro.png","contentUrl":"https:\/\/audibax.com\/wp-content\/uploads\/2023\/12\/audibax-pro-cable-minijack-stereo-a-2-rca-macho-6-negro.png","width":3840,"height":2887},{"@type":"BreadcrumbList","@id":"https:\/\/audibax.com\/fr\/produit\/pro-stereo-minijack-2-x-rca-6m-black-10145144-2\/#breadcrumb","itemListElement":[{"@type":"ListItem","position":1,"name":"Portada","item":"https:\/\/audibax.com\/fr\/"},{"@type":"ListItem","position":2,"name":"Produits","item":"https:\/\/audibax.com\/fr\/shop\/"},{"@type":"ListItem","position":3,"name":"Pro Stereo Minijack 2 x RCA 6m Black 10145144"}]},{"@type":"WebSite","@id":"https:\/\/audibax.com\/fr\/#website","url":"https:\/\/audibax.com\/fr\/","name":"Audibax","description":"","publisher":{"@id":"https:\/\/audibax.com\/fr\/#organization"},"potentialAction":[{"@type":"SearchAction","target":{"@type":"EntryPoint","urlTemplate":"https:\/\/audibax.com\/fr\/?s={search_term_string}"},"query-input":{"@type":"PropertyValueSpecification","valueRequired":true,"valueName":"search_term_string"}}],"inLanguage":"fr-FR"},{"@type":"Organization","@id":"https:\/\/audibax.com\/fr\/#organization","name":"Audibax","url":"https:\/\/audibax.com\/fr\/","logo":{"@type":"ImageObject","inLanguage":"fr-FR","@id":"https:\/\/audibax.com\/fr\/#\/schema\/logo\/image\/","url":"https:\/\/audibax.com\/wp-content\/uploads\/2023\/09\/logo-Audibax-BLANCO-SVG-1.svg","contentUrl":"https:\/\/audibax.com\/wp-content\/uploads\/2023\/09\/logo-Audibax-BLANCO-SVG-1.svg","caption":"Audibax"},"image":{"@id":"https:\/\/audibax.com\/fr\/#\/schema\/logo\/image\/"}}]}},"_links":{"self":[{"href":"https:\/\/audibax.com\/fr\/wp-json\/wp\/v2\/product\/36438","targetHints":{"allow":["GET"]}}],"collection":[{"href":"https:\/\/audibax.com\/fr\/wp-json\/wp\/v2\/product"}],"about":[{"href":"https:\/\/audibax.com\/fr\/wp-json\/wp\/v2\/types\/product"}],"replies":[{"embeddable":true,"href":"https:\/\/audibax.com\/fr\/wp-json\/wp\/v2\/comments?post=36438"}],"wp:featuredmedia":[{"embeddable":true,"href":"https:\/\/audibax.com\/fr\/wp-json\/wp\/v2\/media\/17573"}],"wp:attachment":[{"href":"https:\/\/audibax.com\/fr\/wp-json\/wp\/v2\/media?parent=36438"}],"wp:term":[{"taxonomy":"product_cat","embeddable":true,"href":"https:\/\/audibax.com\/fr\/wp-json\/wp\/v2\/product_cat?post=36438"},{"taxonomy":"product_tag","embeddable":true,"href":"https:\/\/audibax.com\/fr\/wp-json\/wp\/v2\/product_tag?post=36438"}],"curies":[{"name":"wp","href":"https:\/\/api.w.org\/{rel}","templated":true}]}}