{"id":36434,"date":"2023-12-11T10:53:27","date_gmt":"2023-12-11T09:53:27","guid":{"rendered":"https:\/\/audibax.com\/product\/bronze-minijack-minijack-12m-black-10131909-2\/"},"modified":"2023-12-27T11:53:19","modified_gmt":"2023-12-27T10:53:19","slug":"bronze-minijack-minijack-12m-black-10131909-2","status":"publish","type":"product","link":"https:\/\/audibax.com\/fr\/produit\/bronze-minijack-minijack-12m-black-10131909-2\/","title":{"rendered":"Bronze Minijack Minijack 1,2m Black 10131909"},"content":{"rendered":"<\/p>\n<p><strong>Audibax Bronze Cable MiniJack to MiniJack 1,2 Metres Chrome<\/strong><\/p>\n<p>La s\u00e9rie de c\u00e2bles Audibax Bronze constitue la meilleure gamme qualit\u00e9-prix du march\u00e9. Elle est dot\u00e9e d&rsquo;un rev\u00eatement en PVC dur qui assure une isolation maximale du c\u00e2ble. Si vous recherchez un c\u00e2ble de bonne qualit\u00e9 au meilleur prix, cette gamme est parfaite.<\/p>\n<h2>&nbsp;<\/h2>\n<h2>Caract\u00e9ristiques du c\u00e2ble<\/h2>\n<p>&nbsp;<\/p>\n<ul>\n<li>S\u00e9rie : Bronze<\/li>\n<li>Type : Minijack st\u00e9r\u00e9o<\/li>\n<li>Conception \u00e0 faible bruit avec reproduction dynamique compl\u00e8te<\/li>\n<li>C\u00e2ble \u00e0 isolation maximale.<\/li>\n<li>Connecteurs haute performance<\/li>\n<li>Diam\u00e8tre ext\u00e9rieur : 6 mm<\/li>\n<li>Enrobage PVC hautement durable<\/li>\n<li>Longueur : 1,2 m\u00e8tre.<\/li>\n<li>Couleur : Noir<\/li>\n<\/ul>\n<p>&nbsp;<\/p>\n<h2>Caract\u00e9ristiques Connecteur A<\/h2>\n<p>&nbsp;<\/p>\n<ul>\n<ul>\n<li>Connecteur :&nbsp;Minijack<\/li>\n<li>Type : St\u00e9r\u00e9o<\/li>\n<li>Nombre de broches : 1<\/li>\n<li>Contacts du connecteur : Plaqu\u00e9 argent<\/li>\n<li>Couleur : Noir<\/li>\n<li>Fabricant Connecteur A : Audibax<\/li>\n<li>Connecteur A Series : Bronze<br \/> &nbsp;<\/li>\n<\/ul>\n<h2>&nbsp;<\/h2>\n<h2>\n<h2>Les caract\u00e9ristiques du connecteur B<br \/> &nbsp;<\/h2>\n<h2>Les caract\u00e9ristiques du connecteur CCaract\u00e9ristiques Connecteur B<br \/> &nbsp;<\/h2>\n<ul>\n<li>Connecteur : Minijack<\/li>\n<li>Type : St\u00e9r\u00e9o<\/li>\n<li>Nombre de broches : 1<\/li>\n<li>Contacts du connecteur : Argent<\/li>\n<li>Couleur : Noir<\/li>\n<li>Fabricant Connecteur B : Audibax<\/li>\n<li>Connecteur B Series : Bronze<\/li>\n<\/ul>\n<p>&nbsp;<\/p>\n","protected":false},"excerpt":{"rendered":"<ul>\n<li>S\u00e9rie : Bronze<\/li>\n<li>Type : Minijack Stereo<\/li>\n<li>Longueur : 1.2m<\/li>\n<li>Couleur : Noir<\/li>\n<li>Diam\u00e8tre ext\u00e9rieur : 6 mm<\/li>\n<\/ul>\n<\/ul>\n","protected":false},"featured_media":17324,"comment_status":"open","ping_status":"closed","template":"","meta":{"_acf_changed":false},"product_cat":[319],"product_tag":[],"class_list":{"0":"post-36434","1":"product","2":"type-product","3":"status-publish","4":"has-post-thumbnail","6":"product_cat-cable-minijack","8":"first","9":"instock","10":"shipping-taxable","11":"product-type-simple"},"acf":[],"yoast_head":"<!-- This site is optimized with the Yoast SEO plugin v27.0 - https:\/\/yoast.com\/product\/yoast-seo-wordpress\/ -->\n<title>Bronze Minijack Minijack 1,2m Black 10131909 - Audibax<\/title>\n<meta name=\"robots\" content=\"index, follow, max-snippet:-1, max-image-preview:large, max-video-preview:-1\" \/>\n<link rel=\"canonical\" href=\"https:\/\/audibax.com\/fr\/produit\/bronze-minijack-minijack-12m-black-10131909-2\/\" \/>\n<meta property=\"og:locale\" content=\"fr_FR\" \/>\n<meta property=\"og:type\" content=\"article\" \/>\n<meta property=\"og:title\" content=\"Bronze Minijack Minijack 1,2m Black 10131909 - Audibax\" \/>\n<meta property=\"og:description\" content=\"S\u00e9rie : Bronze Type : Minijack Stereo Longueur : 1.2m Couleur : Noir Diam\u00e8tre ext\u00e9rieur : 6 mm\" \/>\n<meta property=\"og:url\" content=\"https:\/\/audibax.com\/fr\/produit\/bronze-minijack-minijack-12m-black-10131909-2\/\" \/>\n<meta property=\"og:site_name\" content=\"Audibax\" \/>\n<meta property=\"article:modified_time\" content=\"2023-12-27T10:53:19+00:00\" \/>\n<meta name=\"twitter:card\" content=\"summary_large_image\" \/>\n<meta name=\"twitter:label1\" content=\"Dur\u00e9e de lecture estim\u00e9e\" \/>\n\t<meta name=\"twitter:data1\" content=\"1 minute\" \/>\n<script type=\"application\/ld+json\" class=\"yoast-schema-graph\">{\"@context\":\"https:\/\/schema.org\",\"@graph\":[{\"@type\":\"WebPage\",\"@id\":\"https:\/\/audibax.com\/fr\/produit\/bronze-minijack-minijack-12m-black-10131909-2\/\",\"url\":\"https:\/\/audibax.com\/fr\/produit\/bronze-minijack-minijack-12m-black-10131909-2\/\",\"name\":\"Bronze Minijack Minijack 1,2m Black 10131909 - Audibax\",\"isPartOf\":{\"@id\":\"https:\/\/audibax.com\/fr\/#website\"},\"primaryImageOfPage\":{\"@id\":\"https:\/\/audibax.com\/fr\/produit\/bronze-minijack-minijack-12m-black-10131909-2\/#primaryimage\"},\"image\":{\"@id\":\"https:\/\/audibax.com\/fr\/produit\/bronze-minijack-minijack-12m-black-10131909-2\/#primaryimage\"},\"thumbnailUrl\":\"https:\/\/audibax.com\/wp-content\/uploads\/2023\/12\/audibax-minijack-120cm.jpg\",\"datePublished\":\"2023-12-11T09:53:27+00:00\",\"dateModified\":\"2023-12-27T10:53:19+00:00\",\"breadcrumb\":{\"@id\":\"https:\/\/audibax.com\/fr\/produit\/bronze-minijack-minijack-12m-black-10131909-2\/#breadcrumb\"},\"inLanguage\":\"fr-FR\",\"potentialAction\":[{\"@type\":\"ReadAction\",\"target\":[\"https:\/\/audibax.com\/fr\/produit\/bronze-minijack-minijack-12m-black-10131909-2\/\"]}]},{\"@type\":\"ImageObject\",\"inLanguage\":\"fr-FR\",\"@id\":\"https:\/\/audibax.com\/fr\/produit\/bronze-minijack-minijack-12m-black-10131909-2\/#primaryimage\",\"url\":\"https:\/\/audibax.com\/wp-content\/uploads\/2023\/12\/audibax-minijack-120cm.jpg\",\"contentUrl\":\"https:\/\/audibax.com\/wp-content\/uploads\/2023\/12\/audibax-minijack-120cm.jpg\",\"width\":1772,\"height\":1622},{\"@type\":\"BreadcrumbList\",\"@id\":\"https:\/\/audibax.com\/fr\/produit\/bronze-minijack-minijack-12m-black-10131909-2\/#breadcrumb\",\"itemListElement\":[{\"@type\":\"ListItem\",\"position\":1,\"name\":\"Portada\",\"item\":\"https:\/\/audibax.com\/fr\/\"},{\"@type\":\"ListItem\",\"position\":2,\"name\":\"Produits\",\"item\":\"https:\/\/audibax.com\/fr\/shop\/\"},{\"@type\":\"ListItem\",\"position\":3,\"name\":\"Bronze Minijack Minijack 1,2m Black 10131909\"}]},{\"@type\":\"WebSite\",\"@id\":\"https:\/\/audibax.com\/fr\/#website\",\"url\":\"https:\/\/audibax.com\/fr\/\",\"name\":\"Audibax\",\"description\":\"\",\"publisher\":{\"@id\":\"https:\/\/audibax.com\/fr\/#organization\"},\"potentialAction\":[{\"@type\":\"SearchAction\",\"target\":{\"@type\":\"EntryPoint\",\"urlTemplate\":\"https:\/\/audibax.com\/fr\/?s={search_term_string}\"},\"query-input\":{\"@type\":\"PropertyValueSpecification\",\"valueRequired\":true,\"valueName\":\"search_term_string\"}}],\"inLanguage\":\"fr-FR\"},{\"@type\":\"Organization\",\"@id\":\"https:\/\/audibax.com\/fr\/#organization\",\"name\":\"Audibax\",\"url\":\"https:\/\/audibax.com\/fr\/\",\"logo\":{\"@type\":\"ImageObject\",\"inLanguage\":\"fr-FR\",\"@id\":\"https:\/\/audibax.com\/fr\/#\/schema\/logo\/image\/\",\"url\":\"https:\/\/audibax.com\/wp-content\/uploads\/2023\/09\/logo-Audibax-BLANCO-SVG-1.svg\",\"contentUrl\":\"https:\/\/audibax.com\/wp-content\/uploads\/2023\/09\/logo-Audibax-BLANCO-SVG-1.svg\",\"caption\":\"Audibax\"},\"image\":{\"@id\":\"https:\/\/audibax.com\/fr\/#\/schema\/logo\/image\/\"}}]}<\/script>\n<!-- \/ Yoast SEO plugin. -->","yoast_head_json":{"title":"Bronze Minijack Minijack 1,2m Black 10131909 - Audibax","robots":{"index":"index","follow":"follow","max-snippet":"max-snippet:-1","max-image-preview":"max-image-preview:large","max-video-preview":"max-video-preview:-1"},"canonical":"https:\/\/audibax.com\/fr\/produit\/bronze-minijack-minijack-12m-black-10131909-2\/","og_locale":"fr_FR","og_type":"article","og_title":"Bronze Minijack Minijack 1,2m Black 10131909 - Audibax","og_description":"S\u00e9rie : Bronze Type : Minijack Stereo Longueur : 1.2m Couleur : Noir Diam\u00e8tre ext\u00e9rieur : 6 mm","og_url":"https:\/\/audibax.com\/fr\/produit\/bronze-minijack-minijack-12m-black-10131909-2\/","og_site_name":"Audibax","article_modified_time":"2023-12-27T10:53:19+00:00","twitter_card":"summary_large_image","twitter_misc":{"Dur\u00e9e de lecture estim\u00e9e":"1 minute"},"schema":{"@context":"https:\/\/schema.org","@graph":[{"@type":"WebPage","@id":"https:\/\/audibax.com\/fr\/produit\/bronze-minijack-minijack-12m-black-10131909-2\/","url":"https:\/\/audibax.com\/fr\/produit\/bronze-minijack-minijack-12m-black-10131909-2\/","name":"Bronze Minijack Minijack 1,2m Black 10131909 - Audibax","isPartOf":{"@id":"https:\/\/audibax.com\/fr\/#website"},"primaryImageOfPage":{"@id":"https:\/\/audibax.com\/fr\/produit\/bronze-minijack-minijack-12m-black-10131909-2\/#primaryimage"},"image":{"@id":"https:\/\/audibax.com\/fr\/produit\/bronze-minijack-minijack-12m-black-10131909-2\/#primaryimage"},"thumbnailUrl":"https:\/\/audibax.com\/wp-content\/uploads\/2023\/12\/audibax-minijack-120cm.jpg","datePublished":"2023-12-11T09:53:27+00:00","dateModified":"2023-12-27T10:53:19+00:00","breadcrumb":{"@id":"https:\/\/audibax.com\/fr\/produit\/bronze-minijack-minijack-12m-black-10131909-2\/#breadcrumb"},"inLanguage":"fr-FR","potentialAction":[{"@type":"ReadAction","target":["https:\/\/audibax.com\/fr\/produit\/bronze-minijack-minijack-12m-black-10131909-2\/"]}]},{"@type":"ImageObject","inLanguage":"fr-FR","@id":"https:\/\/audibax.com\/fr\/produit\/bronze-minijack-minijack-12m-black-10131909-2\/#primaryimage","url":"https:\/\/audibax.com\/wp-content\/uploads\/2023\/12\/audibax-minijack-120cm.jpg","contentUrl":"https:\/\/audibax.com\/wp-content\/uploads\/2023\/12\/audibax-minijack-120cm.jpg","width":1772,"height":1622},{"@type":"BreadcrumbList","@id":"https:\/\/audibax.com\/fr\/produit\/bronze-minijack-minijack-12m-black-10131909-2\/#breadcrumb","itemListElement":[{"@type":"ListItem","position":1,"name":"Portada","item":"https:\/\/audibax.com\/fr\/"},{"@type":"ListItem","position":2,"name":"Produits","item":"https:\/\/audibax.com\/fr\/shop\/"},{"@type":"ListItem","position":3,"name":"Bronze Minijack Minijack 1,2m Black 10131909"}]},{"@type":"WebSite","@id":"https:\/\/audibax.com\/fr\/#website","url":"https:\/\/audibax.com\/fr\/","name":"Audibax","description":"","publisher":{"@id":"https:\/\/audibax.com\/fr\/#organization"},"potentialAction":[{"@type":"SearchAction","target":{"@type":"EntryPoint","urlTemplate":"https:\/\/audibax.com\/fr\/?s={search_term_string}"},"query-input":{"@type":"PropertyValueSpecification","valueRequired":true,"valueName":"search_term_string"}}],"inLanguage":"fr-FR"},{"@type":"Organization","@id":"https:\/\/audibax.com\/fr\/#organization","name":"Audibax","url":"https:\/\/audibax.com\/fr\/","logo":{"@type":"ImageObject","inLanguage":"fr-FR","@id":"https:\/\/audibax.com\/fr\/#\/schema\/logo\/image\/","url":"https:\/\/audibax.com\/wp-content\/uploads\/2023\/09\/logo-Audibax-BLANCO-SVG-1.svg","contentUrl":"https:\/\/audibax.com\/wp-content\/uploads\/2023\/09\/logo-Audibax-BLANCO-SVG-1.svg","caption":"Audibax"},"image":{"@id":"https:\/\/audibax.com\/fr\/#\/schema\/logo\/image\/"}}]}},"_links":{"self":[{"href":"https:\/\/audibax.com\/fr\/wp-json\/wp\/v2\/product\/36434","targetHints":{"allow":["GET"]}}],"collection":[{"href":"https:\/\/audibax.com\/fr\/wp-json\/wp\/v2\/product"}],"about":[{"href":"https:\/\/audibax.com\/fr\/wp-json\/wp\/v2\/types\/product"}],"replies":[{"embeddable":true,"href":"https:\/\/audibax.com\/fr\/wp-json\/wp\/v2\/comments?post=36434"}],"wp:featuredmedia":[{"embeddable":true,"href":"https:\/\/audibax.com\/fr\/wp-json\/wp\/v2\/media\/17324"}],"wp:attachment":[{"href":"https:\/\/audibax.com\/fr\/wp-json\/wp\/v2\/media?parent=36434"}],"wp:term":[{"taxonomy":"product_cat","embeddable":true,"href":"https:\/\/audibax.com\/fr\/wp-json\/wp\/v2\/product_cat?post=36434"},{"taxonomy":"product_tag","embeddable":true,"href":"https:\/\/audibax.com\/fr\/wp-json\/wp\/v2\/product_tag?post=36434"}],"curies":[{"name":"wp","href":"https:\/\/api.w.org\/{rel}","templated":true}]}}