{"id":36424,"date":"2023-12-11T10:53:04","date_gmt":"2023-12-11T09:53:04","guid":{"rendered":"https:\/\/audibax.com\/product\/silver-midi-cable-1m-black-10145136-2\/"},"modified":"2023-12-27T11:53:13","modified_gmt":"2023-12-27T10:53:13","slug":"silver-midi-cable-1m-black-10145136-2","status":"publish","type":"product","link":"https:\/\/audibax.com\/fr\/produit\/silver-midi-cable-1m-black-10145136-2\/","title":{"rendered":"Silver Midi Cable  1m Black 10145136"},"content":{"rendered":"<\/p>\n<p><strong>Audibax Silver Professional Midi Cable 1 Meter Black<\/strong><\/strong><\/p>\n<p>La s\u00e9rie Audibax Silver<\/strong>&nbsp;<strong>Silver<\/strong>&nbsp;est une gamme pour le quotidien des musiciens et professionnels du son les plus professionnels.nbsp;est une gamme destin\u00e9e \u00e0 la vie quotidienne des musiciens et des professionnels du son qui recherchent une tr\u00e8s bonne qualit\u00e9 \u00e0 un prix abordable. Il est \u00e9quip\u00e9 de connecteurs OFC (cuivre sans oxyde) de haute qualit\u00e9 qui assurent une transmission \u00e9lev\u00e9e du signal. Il est dot\u00e9 d&rsquo;un rev\u00eatement en PVC dur qui conf\u00e8re au c\u00e2ble une isolation maximale.<\/p>\n<h2>&nbsp;<\/h2>\n<h2>Caract\u00e9ristiques du c\u00e2ble<\/h2>\n<p>&nbsp;<\/p>\n<ul>\n<li>\n<li>S\u00e9rie : Silver<\/li>\n<li>Type : MIDI<\/li>\n<li>Longueur : 1m<\/li>\n<li>Couleur : Noir<\/li>\n<li>Diam\u00e8tre du c\u00e2ble : 5 mm<\/li>\n<li>Section int\u00e9rieure du conducteur : 0,11 mm<\/li>\n<li>Enrobage PVC<\/li>\n<\/ul>\n<p>&nbsp;<\/p>\n<h2>\n<\/p>\n<pCaract\u00e9ristiques Connecteur A<\/h2>\n<p>&nbsp;<\/p>\n<ul>\n<li>Connecteur : MIDI<\/li>\n<li>Nombre de broches : 5<\/li>\n<li>Contacts du connecteur : Argent<\/li>\n<li>Couleur : Noir<\/li>\n<li>Fabricant Connecteur A : Audibax<\/li>\n<li>Connecteur A Series : Argent<\/li>\n<\/ul>\n<p>&nbsp;<\/p>\n<h2>Caract\u00e9ristiques Connecteur B<\/h2>\n<p>&nbsp;<\/p>\n<ul>\n<ul>\n<li>Connecteur : MIDI<\/li>\n<li>Nombre de broches : 5<\/li>\n<li>Contacts du connecteur : Argent<\/li>\n<li>Couleur : Noir<\/li>\n<li>Fabricant Connecteur B : Audibax<\/li>\n<li>Connecteur B Series : Argent<\/li>\n<\/ul>\n<\/ul>\n<\/ul>\n","protected":false},"excerpt":{"rendered":"<ul>\n<li>S\u00e9rie : Silver<\/li>\n<li>Type : MIDI 5 PIN<\/li>\n<li>Longueur : 1m<\/li>\n<li>Couleur : Noir<\/li>\n<li>Diam\u00e8tre du c\u00e2ble : 5 mm<\/li>\n<\/ul>\n<li>Couleur : Noir<\/li>\n<li>Diam\u00e8tre du c\u00e2ble : 5 mm<\/li>\n<\/ul>\n","protected":false},"featured_media":17697,"comment_status":"open","ping_status":"closed","template":"","meta":{"_acf_changed":false},"product_cat":[318],"product_tag":[],"class_list":{"0":"post-36424","1":"product","2":"type-product","3":"status-publish","4":"has-post-thumbnail","6":"product_cat-midi-cable-fr","8":"first","9":"instock","10":"shipping-taxable","11":"product-type-simple"},"acf":[],"yoast_head":"<!-- This site is optimized with the Yoast SEO plugin v27.0 - https:\/\/yoast.com\/product\/yoast-seo-wordpress\/ -->\n<title>Silver Midi Cable 1m Black 10145136 - Audibax<\/title>\n<meta name=\"robots\" content=\"index, follow, max-snippet:-1, max-image-preview:large, max-video-preview:-1\" \/>\n<link rel=\"canonical\" href=\"https:\/\/audibax.com\/fr\/produit\/silver-midi-cable-1m-black-10145136-2\/\" \/>\n<meta property=\"og:locale\" content=\"fr_FR\" \/>\n<meta property=\"og:type\" content=\"article\" \/>\n<meta property=\"og:title\" content=\"Silver Midi Cable 1m Black 10145136 - Audibax\" \/>\n<meta property=\"og:description\" content=\"S\u00e9rie : Silver Type : MIDI 5 PIN Longueur : 1m Couleur : Noir Diam\u00e8tre du c\u00e2ble : 5 mm Couleur : Noir Diam\u00e8tre du c\u00e2ble : 5 mm\" \/>\n<meta property=\"og:url\" content=\"https:\/\/audibax.com\/fr\/produit\/silver-midi-cable-1m-black-10145136-2\/\" \/>\n<meta property=\"og:site_name\" content=\"Audibax\" \/>\n<meta property=\"article:modified_time\" content=\"2023-12-27T10:53:13+00:00\" \/>\n<meta name=\"twitter:card\" content=\"summary_large_image\" \/>\n<meta name=\"twitter:label1\" content=\"Dur\u00e9e de lecture estim\u00e9e\" \/>\n\t<meta name=\"twitter:data1\" content=\"1 minute\" \/>\n<script type=\"application\/ld+json\" class=\"yoast-schema-graph\">{\"@context\":\"https:\/\/schema.org\",\"@graph\":[{\"@type\":\"WebPage\",\"@id\":\"https:\/\/audibax.com\/fr\/produit\/silver-midi-cable-1m-black-10145136-2\/\",\"url\":\"https:\/\/audibax.com\/fr\/produit\/silver-midi-cable-1m-black-10145136-2\/\",\"name\":\"Silver Midi Cable 1m Black 10145136 - Audibax\",\"isPartOf\":{\"@id\":\"https:\/\/audibax.com\/fr\/#website\"},\"primaryImageOfPage\":{\"@id\":\"https:\/\/audibax.com\/fr\/produit\/silver-midi-cable-1m-black-10145136-2\/#primaryimage\"},\"image\":{\"@id\":\"https:\/\/audibax.com\/fr\/produit\/silver-midi-cable-1m-black-10145136-2\/#primaryimage\"},\"thumbnailUrl\":\"https:\/\/audibax.com\/wp-content\/uploads\/2023\/12\/audibax-silver-cable-midi-profesional-1-metro-negro.png\",\"datePublished\":\"2023-12-11T09:53:04+00:00\",\"dateModified\":\"2023-12-27T10:53:13+00:00\",\"breadcrumb\":{\"@id\":\"https:\/\/audibax.com\/fr\/produit\/silver-midi-cable-1m-black-10145136-2\/#breadcrumb\"},\"inLanguage\":\"fr-FR\",\"potentialAction\":[{\"@type\":\"ReadAction\",\"target\":[\"https:\/\/audibax.com\/fr\/produit\/silver-midi-cable-1m-black-10145136-2\/\"]}]},{\"@type\":\"ImageObject\",\"inLanguage\":\"fr-FR\",\"@id\":\"https:\/\/audibax.com\/fr\/produit\/silver-midi-cable-1m-black-10145136-2\/#primaryimage\",\"url\":\"https:\/\/audibax.com\/wp-content\/uploads\/2023\/12\/audibax-silver-cable-midi-profesional-1-metro-negro.png\",\"contentUrl\":\"https:\/\/audibax.com\/wp-content\/uploads\/2023\/12\/audibax-silver-cable-midi-profesional-1-metro-negro.png\",\"width\":1000,\"height\":500},{\"@type\":\"BreadcrumbList\",\"@id\":\"https:\/\/audibax.com\/fr\/produit\/silver-midi-cable-1m-black-10145136-2\/#breadcrumb\",\"itemListElement\":[{\"@type\":\"ListItem\",\"position\":1,\"name\":\"Portada\",\"item\":\"https:\/\/audibax.com\/fr\/\"},{\"@type\":\"ListItem\",\"position\":2,\"name\":\"Produits\",\"item\":\"https:\/\/audibax.com\/fr\/shop\/\"},{\"@type\":\"ListItem\",\"position\":3,\"name\":\"Silver Midi Cable 1m Black 10145136\"}]},{\"@type\":\"WebSite\",\"@id\":\"https:\/\/audibax.com\/fr\/#website\",\"url\":\"https:\/\/audibax.com\/fr\/\",\"name\":\"Audibax\",\"description\":\"\",\"publisher\":{\"@id\":\"https:\/\/audibax.com\/fr\/#organization\"},\"potentialAction\":[{\"@type\":\"SearchAction\",\"target\":{\"@type\":\"EntryPoint\",\"urlTemplate\":\"https:\/\/audibax.com\/fr\/?s={search_term_string}\"},\"query-input\":{\"@type\":\"PropertyValueSpecification\",\"valueRequired\":true,\"valueName\":\"search_term_string\"}}],\"inLanguage\":\"fr-FR\"},{\"@type\":\"Organization\",\"@id\":\"https:\/\/audibax.com\/fr\/#organization\",\"name\":\"Audibax\",\"url\":\"https:\/\/audibax.com\/fr\/\",\"logo\":{\"@type\":\"ImageObject\",\"inLanguage\":\"fr-FR\",\"@id\":\"https:\/\/audibax.com\/fr\/#\/schema\/logo\/image\/\",\"url\":\"https:\/\/audibax.com\/wp-content\/uploads\/2023\/09\/logo-Audibax-BLANCO-SVG-1.svg\",\"contentUrl\":\"https:\/\/audibax.com\/wp-content\/uploads\/2023\/09\/logo-Audibax-BLANCO-SVG-1.svg\",\"caption\":\"Audibax\"},\"image\":{\"@id\":\"https:\/\/audibax.com\/fr\/#\/schema\/logo\/image\/\"}}]}<\/script>\n<!-- \/ Yoast SEO plugin. -->","yoast_head_json":{"title":"Silver Midi Cable 1m Black 10145136 - Audibax","robots":{"index":"index","follow":"follow","max-snippet":"max-snippet:-1","max-image-preview":"max-image-preview:large","max-video-preview":"max-video-preview:-1"},"canonical":"https:\/\/audibax.com\/fr\/produit\/silver-midi-cable-1m-black-10145136-2\/","og_locale":"fr_FR","og_type":"article","og_title":"Silver Midi Cable 1m Black 10145136 - Audibax","og_description":"S\u00e9rie : Silver Type : MIDI 5 PIN Longueur : 1m Couleur : Noir Diam\u00e8tre du c\u00e2ble : 5 mm Couleur : Noir Diam\u00e8tre du c\u00e2ble : 5 mm","og_url":"https:\/\/audibax.com\/fr\/produit\/silver-midi-cable-1m-black-10145136-2\/","og_site_name":"Audibax","article_modified_time":"2023-12-27T10:53:13+00:00","twitter_card":"summary_large_image","twitter_misc":{"Dur\u00e9e de lecture estim\u00e9e":"1 minute"},"schema":{"@context":"https:\/\/schema.org","@graph":[{"@type":"WebPage","@id":"https:\/\/audibax.com\/fr\/produit\/silver-midi-cable-1m-black-10145136-2\/","url":"https:\/\/audibax.com\/fr\/produit\/silver-midi-cable-1m-black-10145136-2\/","name":"Silver Midi Cable 1m Black 10145136 - Audibax","isPartOf":{"@id":"https:\/\/audibax.com\/fr\/#website"},"primaryImageOfPage":{"@id":"https:\/\/audibax.com\/fr\/produit\/silver-midi-cable-1m-black-10145136-2\/#primaryimage"},"image":{"@id":"https:\/\/audibax.com\/fr\/produit\/silver-midi-cable-1m-black-10145136-2\/#primaryimage"},"thumbnailUrl":"https:\/\/audibax.com\/wp-content\/uploads\/2023\/12\/audibax-silver-cable-midi-profesional-1-metro-negro.png","datePublished":"2023-12-11T09:53:04+00:00","dateModified":"2023-12-27T10:53:13+00:00","breadcrumb":{"@id":"https:\/\/audibax.com\/fr\/produit\/silver-midi-cable-1m-black-10145136-2\/#breadcrumb"},"inLanguage":"fr-FR","potentialAction":[{"@type":"ReadAction","target":["https:\/\/audibax.com\/fr\/produit\/silver-midi-cable-1m-black-10145136-2\/"]}]},{"@type":"ImageObject","inLanguage":"fr-FR","@id":"https:\/\/audibax.com\/fr\/produit\/silver-midi-cable-1m-black-10145136-2\/#primaryimage","url":"https:\/\/audibax.com\/wp-content\/uploads\/2023\/12\/audibax-silver-cable-midi-profesional-1-metro-negro.png","contentUrl":"https:\/\/audibax.com\/wp-content\/uploads\/2023\/12\/audibax-silver-cable-midi-profesional-1-metro-negro.png","width":1000,"height":500},{"@type":"BreadcrumbList","@id":"https:\/\/audibax.com\/fr\/produit\/silver-midi-cable-1m-black-10145136-2\/#breadcrumb","itemListElement":[{"@type":"ListItem","position":1,"name":"Portada","item":"https:\/\/audibax.com\/fr\/"},{"@type":"ListItem","position":2,"name":"Produits","item":"https:\/\/audibax.com\/fr\/shop\/"},{"@type":"ListItem","position":3,"name":"Silver Midi Cable 1m Black 10145136"}]},{"@type":"WebSite","@id":"https:\/\/audibax.com\/fr\/#website","url":"https:\/\/audibax.com\/fr\/","name":"Audibax","description":"","publisher":{"@id":"https:\/\/audibax.com\/fr\/#organization"},"potentialAction":[{"@type":"SearchAction","target":{"@type":"EntryPoint","urlTemplate":"https:\/\/audibax.com\/fr\/?s={search_term_string}"},"query-input":{"@type":"PropertyValueSpecification","valueRequired":true,"valueName":"search_term_string"}}],"inLanguage":"fr-FR"},{"@type":"Organization","@id":"https:\/\/audibax.com\/fr\/#organization","name":"Audibax","url":"https:\/\/audibax.com\/fr\/","logo":{"@type":"ImageObject","inLanguage":"fr-FR","@id":"https:\/\/audibax.com\/fr\/#\/schema\/logo\/image\/","url":"https:\/\/audibax.com\/wp-content\/uploads\/2023\/09\/logo-Audibax-BLANCO-SVG-1.svg","contentUrl":"https:\/\/audibax.com\/wp-content\/uploads\/2023\/09\/logo-Audibax-BLANCO-SVG-1.svg","caption":"Audibax"},"image":{"@id":"https:\/\/audibax.com\/fr\/#\/schema\/logo\/image\/"}}]}},"_links":{"self":[{"href":"https:\/\/audibax.com\/fr\/wp-json\/wp\/v2\/product\/36424","targetHints":{"allow":["GET"]}}],"collection":[{"href":"https:\/\/audibax.com\/fr\/wp-json\/wp\/v2\/product"}],"about":[{"href":"https:\/\/audibax.com\/fr\/wp-json\/wp\/v2\/types\/product"}],"replies":[{"embeddable":true,"href":"https:\/\/audibax.com\/fr\/wp-json\/wp\/v2\/comments?post=36424"}],"wp:featuredmedia":[{"embeddable":true,"href":"https:\/\/audibax.com\/fr\/wp-json\/wp\/v2\/media\/17697"}],"wp:attachment":[{"href":"https:\/\/audibax.com\/fr\/wp-json\/wp\/v2\/media?parent=36424"}],"wp:term":[{"taxonomy":"product_cat","embeddable":true,"href":"https:\/\/audibax.com\/fr\/wp-json\/wp\/v2\/product_cat?post=36424"},{"taxonomy":"product_tag","embeddable":true,"href":"https:\/\/audibax.com\/fr\/wp-json\/wp\/v2\/product_tag?post=36424"}],"curies":[{"name":"wp","href":"https:\/\/api.w.org\/{rel}","templated":true}]}}