{"id":36413,"date":"2023-12-27T11:53:07","date_gmt":"2023-12-27T10:53:07","guid":{"rendered":"https:\/\/audibax.com\/product\/jack-a-jack-6-metros-special-guitar-2\/"},"modified":"2023-12-27T11:53:07","modified_gmt":"2023-12-27T10:53:07","slug":"jack-a-jack-6-metros-special-guitar-2","status":"publish","type":"product","link":"https:\/\/audibax.com\/fr\/produit\/jack-a-jack-6-metros-special-guitar-2\/","title":{"rendered":"Jack a Jack 6 Metros Special Guitar"},"content":{"rendered":"<\/p>\n<p><strong>Audibax Special Guitar Cable Jack Mono &#8211; Jack Mono 6 Metres Vintage Tweed<\/strong><\/p>\n<p>Les <strong>S\u00e9ries Audibax Special Guitar<\/strong>&nbsp;<strong>Audibax Special Guitar<\/strong>&nbsp;sont fabriqu\u00e9es avec une paire suppl\u00e9mentaire de conducteurs OFC (cuivre sans oxyde) pour fournir une transmission de signal ultra-pure et r\u00e9duire les bruits de fond ;La s\u00e9rie Audibax Special Guitar est compos\u00e9e d&rsquo;une paire suppl\u00e9mentaire de conducteurs OFC (cuivre sans oxyde) afin d&rsquo;assurer une transmission ultra-pure du signal et de r\u00e9duire au maximum le bruit de fond. Cette configuration de qualit\u00e9 studio utilise quatre haut-parleurs pour annuler le bruit et rejeter les interf\u00e9rences RF et EM qui peuvent exister avec les syst\u00e8mes sans fil ou d&rsquo;autres appareils \u00e9lectroniques.<\/p>\n<p>La gamme Special Guitar est con\u00e7ue pour tous ceux qui recherchent une excellente qualit\u00e9 sonore et ne veulent pas faire de compromis sur les d\u00e9tails de qualit\u00e9 les plus fins. Les composants suppl\u00e9mentaires de haute qualit\u00e9 offrent la reproduction sonore la plus propre et la plus pr\u00e9cise qui soit.<\/p>\n<h2>Caract\u00e9ristiques g\u00e9n\u00e9rales de la s\u00e9rie Special Guitar<\/h2>\n<\/p>\n<p>&nbsp;<\/p>\n<li>.<\/p>\n<ul>\n<li>Conception \u00e0 faible bruit avec une reproduction dynamique compl\u00e8te<\/li>\n<li>\n<li>.Connecteurs Special Guitar Jack Mono de haute qualit\u00e9<\/li>\n<li>Bouclier OFC spiral\u00e9 \u00e0 haute densit\u00e9<\/li>\n<\/ul>\n<\/ul>\n<p>. <\/p>\n<h2>Caract\u00e9ristiques des connecteurs<\/h2>\n<p>&nbsp;<\/p>\n<ul>\n<li>S\u00e9rie : Special Guitar<\/li>\n<li>Type : C\u00e2ble Jack mono<\/li>\n<li>Longueur : 6m<\/li>\n<li>Couleur : Vintage Tweed<\/li>\n<li>Diam\u00e8tre du c\u00e2ble : 7mm<\/li>\n<li>Section int\u00e9rieure du conducteur : 0.64 mm OFC<\/li>\n<li>Bouclier spiral\u00e9 OFC dense<\/li>\n<li>Enrobage PVC<\/li>\n<\/ul>\n<\/ul>\n<ul>\n<ul>\n<ul>\n<ul>\n<li>Diam\u00e8tre du c\u00e2ble : 7 mm<\/li>\n<\/ul>\n<\/ul>\n<ul> <\/ul>\n<ul>\n<ul>\n<ul>\n<ul>\n<ul>\n<ul>\n<ul>\n<ul>\n<ul>\n<ul>\n<ul>\n<ul>\n<ul>\n<ul>.h2><br \/>Caract\u00e9ristiques Connecteur A<\/h2>\n<p>&nbsp;<\/p>\n<ul>\n<li>Connecteur : Jack&nbsp;<\/li>\n<li>Type : Mono<\/li>\n<li>N&nbsp;Nombre de broches : 1<\/li>\n<li>Contacts du connecteur : Argent<\/li>\n<li>Couleur : Gris<\/li>\n<li>Fabricant Connecteur A : Audibax<\/li>\n<li>Connecteur A Series : Special Guitar<\/li>\n<\/ul>\n<h2>Caract\u00e9ristiques Connecteur B<\/h2>\n<p>&nbsp;<\/p>\n<ul>\n<li>Connecteur : Jack<\/li>\n<li>Type : Mono<\/li>\n<li>Nombre de broches : 1<\/li>\n<li>Contacts du connecteur : Argent<\/li>\n<li>Couleur : Gris<\/li>\n<li>Fabricant Connecteur B : Audibax<\/li>\n<li>Connecteur B Series : Special Guitar<\/li>\n<\/ul>\n<\/ul>\n<\/ul>\n","protected":false},"excerpt":{"rendered":"<ul>\n<li>S\u00e9rie : Special Guitar<\/li>\n<li>Type : C\u00e2ble Jack mono<\/li>\n<li>Longueur : 6m<\/li>\n<li>Couleur : Vintage Tweed<\/li>\n<li>Diam\u00e8tre du c\u00e2ble : 7 mm<\/li>\n<\/ul>\n<li>Couleur : Vintage Tweed<\/li>\n<li>Diam\u00e8tre du c\u00e2ble : 7 mm<\/li>\n<\/ul>\n","protected":false},"featured_media":17993,"comment_status":"open","ping_status":"closed","template":"","meta":{"_acf_changed":false},"product_cat":[313,243],"product_tag":[],"class_list":{"0":"post-36413","1":"product","2":"type-product","3":"status-publish","4":"has-post-thumbnail","6":"product_cat-cable-jack","7":"product_cat-uncategorized","9":"first","10":"instock","11":"shipping-taxable","12":"product-type-simple"},"acf":[],"yoast_head":"<!-- This site is optimized with the Yoast SEO plugin v27.0 - https:\/\/yoast.com\/product\/yoast-seo-wordpress\/ -->\n<title>Jack a Jack 6 Metros Special Guitar - Audibax<\/title>\n<meta name=\"robots\" content=\"index, follow, max-snippet:-1, max-image-preview:large, max-video-preview:-1\" \/>\n<link rel=\"canonical\" href=\"https:\/\/audibax.com\/fr\/produit\/jack-a-jack-6-metros-special-guitar-2\/\" \/>\n<meta property=\"og:locale\" content=\"fr_FR\" \/>\n<meta property=\"og:type\" content=\"article\" \/>\n<meta property=\"og:title\" content=\"Jack a Jack 6 Metros Special Guitar - Audibax\" \/>\n<meta property=\"og:description\" content=\"S\u00e9rie : Special Guitar Type : C\u00e2ble Jack mono Longueur : 6m Couleur : Vintage Tweed Diam\u00e8tre du c\u00e2ble : 7 mm Couleur : Vintage Tweed Diam\u00e8tre du c\u00e2ble : 7 mm\" \/>\n<meta property=\"og:url\" content=\"https:\/\/audibax.com\/fr\/produit\/jack-a-jack-6-metros-special-guitar-2\/\" \/>\n<meta property=\"og:site_name\" content=\"Audibax\" \/>\n<meta name=\"twitter:card\" content=\"summary_large_image\" \/>\n<meta name=\"twitter:label1\" content=\"Dur\u00e9e de lecture estim\u00e9e\" \/>\n\t<meta name=\"twitter:data1\" content=\"2 minutes\" \/>\n<script type=\"application\/ld+json\" class=\"yoast-schema-graph\">{\"@context\":\"https:\/\/schema.org\",\"@graph\":[{\"@type\":\"WebPage\",\"@id\":\"https:\/\/audibax.com\/fr\/produit\/jack-a-jack-6-metros-special-guitar-2\/\",\"url\":\"https:\/\/audibax.com\/fr\/produit\/jack-a-jack-6-metros-special-guitar-2\/\",\"name\":\"Jack a Jack 6 Metros Special Guitar - Audibax\",\"isPartOf\":{\"@id\":\"https:\/\/audibax.com\/fr\/#website\"},\"primaryImageOfPage\":{\"@id\":\"https:\/\/audibax.com\/fr\/produit\/jack-a-jack-6-metros-special-guitar-2\/#primaryimage\"},\"image\":{\"@id\":\"https:\/\/audibax.com\/fr\/produit\/jack-a-jack-6-metros-special-guitar-2\/#primaryimage\"},\"thumbnailUrl\":\"https:\/\/audibax.com\/wp-content\/uploads\/2023\/12\/cable-jack-a-jack-6-metros-special-guitar.jpg\",\"datePublished\":\"2023-12-27T10:53:07+00:00\",\"breadcrumb\":{\"@id\":\"https:\/\/audibax.com\/fr\/produit\/jack-a-jack-6-metros-special-guitar-2\/#breadcrumb\"},\"inLanguage\":\"fr-FR\",\"potentialAction\":[{\"@type\":\"ReadAction\",\"target\":[\"https:\/\/audibax.com\/fr\/produit\/jack-a-jack-6-metros-special-guitar-2\/\"]}]},{\"@type\":\"ImageObject\",\"inLanguage\":\"fr-FR\",\"@id\":\"https:\/\/audibax.com\/fr\/produit\/jack-a-jack-6-metros-special-guitar-2\/#primaryimage\",\"url\":\"https:\/\/audibax.com\/wp-content\/uploads\/2023\/12\/cable-jack-a-jack-6-metros-special-guitar.jpg\",\"contentUrl\":\"https:\/\/audibax.com\/wp-content\/uploads\/2023\/12\/cable-jack-a-jack-6-metros-special-guitar.jpg\",\"width\":1461,\"height\":1437},{\"@type\":\"BreadcrumbList\",\"@id\":\"https:\/\/audibax.com\/fr\/produit\/jack-a-jack-6-metros-special-guitar-2\/#breadcrumb\",\"itemListElement\":[{\"@type\":\"ListItem\",\"position\":1,\"name\":\"Portada\",\"item\":\"https:\/\/audibax.com\/fr\/\"},{\"@type\":\"ListItem\",\"position\":2,\"name\":\"Produits\",\"item\":\"https:\/\/audibax.com\/fr\/shop\/\"},{\"@type\":\"ListItem\",\"position\":3,\"name\":\"Jack a Jack 6 Metros Special Guitar\"}]},{\"@type\":\"WebSite\",\"@id\":\"https:\/\/audibax.com\/fr\/#website\",\"url\":\"https:\/\/audibax.com\/fr\/\",\"name\":\"Audibax\",\"description\":\"\",\"publisher\":{\"@id\":\"https:\/\/audibax.com\/fr\/#organization\"},\"potentialAction\":[{\"@type\":\"SearchAction\",\"target\":{\"@type\":\"EntryPoint\",\"urlTemplate\":\"https:\/\/audibax.com\/fr\/?s={search_term_string}\"},\"query-input\":{\"@type\":\"PropertyValueSpecification\",\"valueRequired\":true,\"valueName\":\"search_term_string\"}}],\"inLanguage\":\"fr-FR\"},{\"@type\":\"Organization\",\"@id\":\"https:\/\/audibax.com\/fr\/#organization\",\"name\":\"Audibax\",\"url\":\"https:\/\/audibax.com\/fr\/\",\"logo\":{\"@type\":\"ImageObject\",\"inLanguage\":\"fr-FR\",\"@id\":\"https:\/\/audibax.com\/fr\/#\/schema\/logo\/image\/\",\"url\":\"https:\/\/audibax.com\/wp-content\/uploads\/2023\/09\/logo-Audibax-BLANCO-SVG-1.svg\",\"contentUrl\":\"https:\/\/audibax.com\/wp-content\/uploads\/2023\/09\/logo-Audibax-BLANCO-SVG-1.svg\",\"caption\":\"Audibax\"},\"image\":{\"@id\":\"https:\/\/audibax.com\/fr\/#\/schema\/logo\/image\/\"}}]}<\/script>\n<!-- \/ Yoast SEO plugin. -->","yoast_head_json":{"title":"Jack a Jack 6 Metros Special Guitar - Audibax","robots":{"index":"index","follow":"follow","max-snippet":"max-snippet:-1","max-image-preview":"max-image-preview:large","max-video-preview":"max-video-preview:-1"},"canonical":"https:\/\/audibax.com\/fr\/produit\/jack-a-jack-6-metros-special-guitar-2\/","og_locale":"fr_FR","og_type":"article","og_title":"Jack a Jack 6 Metros Special Guitar - Audibax","og_description":"S\u00e9rie : Special Guitar Type : C\u00e2ble Jack mono Longueur : 6m Couleur : Vintage Tweed Diam\u00e8tre du c\u00e2ble : 7 mm Couleur : Vintage Tweed Diam\u00e8tre du c\u00e2ble : 7 mm","og_url":"https:\/\/audibax.com\/fr\/produit\/jack-a-jack-6-metros-special-guitar-2\/","og_site_name":"Audibax","twitter_card":"summary_large_image","twitter_misc":{"Dur\u00e9e de lecture estim\u00e9e":"2 minutes"},"schema":{"@context":"https:\/\/schema.org","@graph":[{"@type":"WebPage","@id":"https:\/\/audibax.com\/fr\/produit\/jack-a-jack-6-metros-special-guitar-2\/","url":"https:\/\/audibax.com\/fr\/produit\/jack-a-jack-6-metros-special-guitar-2\/","name":"Jack a Jack 6 Metros Special Guitar - Audibax","isPartOf":{"@id":"https:\/\/audibax.com\/fr\/#website"},"primaryImageOfPage":{"@id":"https:\/\/audibax.com\/fr\/produit\/jack-a-jack-6-metros-special-guitar-2\/#primaryimage"},"image":{"@id":"https:\/\/audibax.com\/fr\/produit\/jack-a-jack-6-metros-special-guitar-2\/#primaryimage"},"thumbnailUrl":"https:\/\/audibax.com\/wp-content\/uploads\/2023\/12\/cable-jack-a-jack-6-metros-special-guitar.jpg","datePublished":"2023-12-27T10:53:07+00:00","breadcrumb":{"@id":"https:\/\/audibax.com\/fr\/produit\/jack-a-jack-6-metros-special-guitar-2\/#breadcrumb"},"inLanguage":"fr-FR","potentialAction":[{"@type":"ReadAction","target":["https:\/\/audibax.com\/fr\/produit\/jack-a-jack-6-metros-special-guitar-2\/"]}]},{"@type":"ImageObject","inLanguage":"fr-FR","@id":"https:\/\/audibax.com\/fr\/produit\/jack-a-jack-6-metros-special-guitar-2\/#primaryimage","url":"https:\/\/audibax.com\/wp-content\/uploads\/2023\/12\/cable-jack-a-jack-6-metros-special-guitar.jpg","contentUrl":"https:\/\/audibax.com\/wp-content\/uploads\/2023\/12\/cable-jack-a-jack-6-metros-special-guitar.jpg","width":1461,"height":1437},{"@type":"BreadcrumbList","@id":"https:\/\/audibax.com\/fr\/produit\/jack-a-jack-6-metros-special-guitar-2\/#breadcrumb","itemListElement":[{"@type":"ListItem","position":1,"name":"Portada","item":"https:\/\/audibax.com\/fr\/"},{"@type":"ListItem","position":2,"name":"Produits","item":"https:\/\/audibax.com\/fr\/shop\/"},{"@type":"ListItem","position":3,"name":"Jack a Jack 6 Metros Special Guitar"}]},{"@type":"WebSite","@id":"https:\/\/audibax.com\/fr\/#website","url":"https:\/\/audibax.com\/fr\/","name":"Audibax","description":"","publisher":{"@id":"https:\/\/audibax.com\/fr\/#organization"},"potentialAction":[{"@type":"SearchAction","target":{"@type":"EntryPoint","urlTemplate":"https:\/\/audibax.com\/fr\/?s={search_term_string}"},"query-input":{"@type":"PropertyValueSpecification","valueRequired":true,"valueName":"search_term_string"}}],"inLanguage":"fr-FR"},{"@type":"Organization","@id":"https:\/\/audibax.com\/fr\/#organization","name":"Audibax","url":"https:\/\/audibax.com\/fr\/","logo":{"@type":"ImageObject","inLanguage":"fr-FR","@id":"https:\/\/audibax.com\/fr\/#\/schema\/logo\/image\/","url":"https:\/\/audibax.com\/wp-content\/uploads\/2023\/09\/logo-Audibax-BLANCO-SVG-1.svg","contentUrl":"https:\/\/audibax.com\/wp-content\/uploads\/2023\/09\/logo-Audibax-BLANCO-SVG-1.svg","caption":"Audibax"},"image":{"@id":"https:\/\/audibax.com\/fr\/#\/schema\/logo\/image\/"}}]}},"_links":{"self":[{"href":"https:\/\/audibax.com\/fr\/wp-json\/wp\/v2\/product\/36413","targetHints":{"allow":["GET"]}}],"collection":[{"href":"https:\/\/audibax.com\/fr\/wp-json\/wp\/v2\/product"}],"about":[{"href":"https:\/\/audibax.com\/fr\/wp-json\/wp\/v2\/types\/product"}],"replies":[{"embeddable":true,"href":"https:\/\/audibax.com\/fr\/wp-json\/wp\/v2\/comments?post=36413"}],"wp:featuredmedia":[{"embeddable":true,"href":"https:\/\/audibax.com\/fr\/wp-json\/wp\/v2\/media\/17993"}],"wp:attachment":[{"href":"https:\/\/audibax.com\/fr\/wp-json\/wp\/v2\/media?parent=36413"}],"wp:term":[{"taxonomy":"product_cat","embeddable":true,"href":"https:\/\/audibax.com\/fr\/wp-json\/wp\/v2\/product_cat?post=36413"},{"taxonomy":"product_tag","embeddable":true,"href":"https:\/\/audibax.com\/fr\/wp-json\/wp\/v2\/product_tag?post=36413"}],"curies":[{"name":"wp","href":"https:\/\/api.w.org\/{rel}","templated":true}]}}