{"id":36395,"date":"2023-12-11T10:39:34","date_gmt":"2023-12-11T09:39:34","guid":{"rendered":"https:\/\/audibax.com\/product\/gold-2-x-mono-jack-stereo-minijack-3m-black-10145081-2\/"},"modified":"2023-12-27T11:52:57","modified_gmt":"2023-12-27T10:52:57","slug":"gold-2-x-mono-jack-stereo-minijack-3m-black-10145081-2","status":"publish","type":"product","link":"https:\/\/audibax.com\/fr\/produit\/gold-2-x-mono-jack-stereo-minijack-3m-black-10145081-2\/","title":{"rendered":"Gold 2 x Mono Jack Stereo Minijack 3m Black 10145081"},"content":{"rendered":"<\/p>\n<p><strong>C\u00e2ble Audibax Gold 2 Jack Mono vers Minijack St\u00e9r\u00e9o 3 m\u00e8tres Noir<\/strong><\/p>\n<p>La s\u00e9rie <strong>Audibax Gold<\/strong><\/p>\n<p>Audibax Gold<\/strong> est une gamme de c\u00e2bles pour le quotidien des professionnels.<strong>&nbsp;est une gamme de c\u00e2bles pour la vie quotidienne des professionnels qui se distingue par son prix \u00e9conomique et sa bonne qualit\u00e9. Elle contient un rev\u00eatement en PVC r\u00e9sistant qui assure l&rsquo;isolation du c\u00e2ble.<\/p>\n<p><h2>Caract\u00e9ristiques du c\u00e2ble<\/h2>\n<p>&nbsp;<\/p>\n<ul>\n<li>S\u00e9rie : Gold<\/li>\n<li>Type :&nbsp;2 Jack Mono vers Minijack St\u00e9r\u00e9o<\/li>\n<li>Conception \u00e0 faible bruit avec reproduction dynamique compl\u00e8te<\/li>\n<li>C\u00e2ble \u00e0 isolation maximale.<\/li>\n<li>Connecteurs haute performance<\/li>\n<li>Diam\u00e8tre ext\u00e9rieur : 8 mm<\/li>\n<li>Rev\u00eatement PVC hautement durable.<\/li>\n<li>Finition dor\u00e9e<\/li>\n<li>Longueur : 3 m\u00e8tres.<\/li>\n<li>Couleur : Noir<\/li>\n<\/ul>\n<p>&nbsp;<\/p>\n<h2>Caract\u00e9ristiques Connecteur A<\/h2>\n<p>&nbsp;<\/p>\n<ul>\n<ul>\n<li>Connecteur :&nbsp;2 Jack<\/li>\n<li>Type : Mono<\/li>\n<li>Nombre de broches : 1<\/li>\n<li>Contacts du connecteur :&nbsp;Plaqu\u00e9 or 24k<\/li>\n<li>Couleur : Gris<\/li>\n<li>Fabricant Connecteur A : Audibax<\/li>\n<li>Connecteur S\u00e9rie A : Gold<br \/> &nbsp;<\/li>\n<\/ul>\n<h2>&nbsp;<\/h2>\n<h2> <\/ul>\n<h2>Caract\u00e9ristiques Connecteur B<br \/> &nbsp;<\/h2>\n<ul>\n<li>Connecteur :&nbsp;Minijack&nbsp;<\/li>\n<li>Type :&nbsp;St\u00e9r\u00e9o<\/li>\n<li>Nombre de broches : 1<\/li>\n<li>Contacts du connecteur : Plaqu\u00e9 or 24k<\/li>\n<li>Couleur : Gris<\/li>\n<li>Fabricant Connecteur B : Audibax<\/li>\n<li>Connecteur B Series : Gold<\/li>\n<\/ul>\n<\/ul>\n<\/ul>\n","protected":false},"excerpt":{"rendered":"<ul>\n<li>S\u00e9rie : Gold<\/li>\n<li>Type : 2 Jack Mono vers Minijack St\u00e9r\u00e9o<\/li>\n<li>Longueur : 3 m<\/li>\n<li>Couleur : Noir<\/li>\n<li>Diam\u00e8tre du c\u00e2ble : 8 mm<\/li>\n<\/ul>\n<li>Couleur : Noir<\/li>\n<li>Diam\u00e8tre du c\u00e2ble : 8 mm<\/li>\n<\/ul>\n","protected":false},"featured_media":17205,"comment_status":"open","ping_status":"closed","template":"","meta":{"_acf_changed":false},"product_cat":[313],"product_tag":[],"class_list":{"0":"post-36395","1":"product","2":"type-product","3":"status-publish","4":"has-post-thumbnail","6":"product_cat-cable-jack","8":"first","9":"instock","10":"shipping-taxable","11":"product-type-simple"},"acf":[],"yoast_head":"<!-- This site is optimized with the Yoast SEO plugin v27.0 - https:\/\/yoast.com\/product\/yoast-seo-wordpress\/ -->\n<title>Gold 2 x Mono Jack Stereo Minijack 3m Black 10145081 - Audibax<\/title>\n<meta name=\"robots\" content=\"index, follow, max-snippet:-1, max-image-preview:large, max-video-preview:-1\" \/>\n<link rel=\"canonical\" href=\"https:\/\/audibax.com\/fr\/produit\/gold-2-x-mono-jack-stereo-minijack-3m-black-10145081-2\/\" \/>\n<meta property=\"og:locale\" content=\"fr_FR\" \/>\n<meta property=\"og:type\" content=\"article\" \/>\n<meta property=\"og:title\" content=\"Gold 2 x Mono Jack Stereo Minijack 3m Black 10145081 - Audibax\" \/>\n<meta property=\"og:description\" content=\"S\u00e9rie : Gold Type : 2 Jack Mono vers Minijack St\u00e9r\u00e9o Longueur : 3 m Couleur : Noir Diam\u00e8tre du c\u00e2ble : 8 mm Couleur : Noir Diam\u00e8tre du c\u00e2ble : 8 mm\" \/>\n<meta property=\"og:url\" content=\"https:\/\/audibax.com\/fr\/produit\/gold-2-x-mono-jack-stereo-minijack-3m-black-10145081-2\/\" \/>\n<meta property=\"og:site_name\" content=\"Audibax\" \/>\n<meta property=\"article:modified_time\" content=\"2023-12-27T10:52:57+00:00\" \/>\n<meta property=\"og:image\" content=\"https:\/\/audibax.com\/wp-content\/uploads\/2023\/12\/audibax-gold-cable-2-x-jack-mono-a-minijack-stereo-3-metros-negro-1024x770.png\" \/>\n\t<meta property=\"og:image:width\" content=\"1024\" \/>\n\t<meta property=\"og:image:height\" content=\"770\" \/>\n\t<meta property=\"og:image:type\" content=\"image\/png\" \/>\n<meta name=\"twitter:card\" content=\"summary_large_image\" \/>\n<meta name=\"twitter:label1\" content=\"Dur\u00e9e de lecture estim\u00e9e\" \/>\n\t<meta name=\"twitter:data1\" content=\"1 minute\" \/>\n<script type=\"application\/ld+json\" class=\"yoast-schema-graph\">{\"@context\":\"https:\/\/schema.org\",\"@graph\":[{\"@type\":\"WebPage\",\"@id\":\"https:\/\/audibax.com\/fr\/produit\/gold-2-x-mono-jack-stereo-minijack-3m-black-10145081-2\/\",\"url\":\"https:\/\/audibax.com\/fr\/produit\/gold-2-x-mono-jack-stereo-minijack-3m-black-10145081-2\/\",\"name\":\"Gold 2 x Mono Jack Stereo Minijack 3m Black 10145081 - Audibax\",\"isPartOf\":{\"@id\":\"https:\/\/audibax.com\/fr\/#website\"},\"primaryImageOfPage\":{\"@id\":\"https:\/\/audibax.com\/fr\/produit\/gold-2-x-mono-jack-stereo-minijack-3m-black-10145081-2\/#primaryimage\"},\"image\":{\"@id\":\"https:\/\/audibax.com\/fr\/produit\/gold-2-x-mono-jack-stereo-minijack-3m-black-10145081-2\/#primaryimage\"},\"thumbnailUrl\":\"https:\/\/audibax.com\/wp-content\/uploads\/2023\/12\/audibax-gold-cable-2-x-jack-mono-a-minijack-stereo-3-metros-negro.png\",\"datePublished\":\"2023-12-11T09:39:34+00:00\",\"dateModified\":\"2023-12-27T10:52:57+00:00\",\"breadcrumb\":{\"@id\":\"https:\/\/audibax.com\/fr\/produit\/gold-2-x-mono-jack-stereo-minijack-3m-black-10145081-2\/#breadcrumb\"},\"inLanguage\":\"fr-FR\",\"potentialAction\":[{\"@type\":\"ReadAction\",\"target\":[\"https:\/\/audibax.com\/fr\/produit\/gold-2-x-mono-jack-stereo-minijack-3m-black-10145081-2\/\"]}]},{\"@type\":\"ImageObject\",\"inLanguage\":\"fr-FR\",\"@id\":\"https:\/\/audibax.com\/fr\/produit\/gold-2-x-mono-jack-stereo-minijack-3m-black-10145081-2\/#primaryimage\",\"url\":\"https:\/\/audibax.com\/wp-content\/uploads\/2023\/12\/audibax-gold-cable-2-x-jack-mono-a-minijack-stereo-3-metros-negro.png\",\"contentUrl\":\"https:\/\/audibax.com\/wp-content\/uploads\/2023\/12\/audibax-gold-cable-2-x-jack-mono-a-minijack-stereo-3-metros-negro.png\",\"width\":3840,\"height\":2887},{\"@type\":\"BreadcrumbList\",\"@id\":\"https:\/\/audibax.com\/fr\/produit\/gold-2-x-mono-jack-stereo-minijack-3m-black-10145081-2\/#breadcrumb\",\"itemListElement\":[{\"@type\":\"ListItem\",\"position\":1,\"name\":\"Portada\",\"item\":\"https:\/\/audibax.com\/fr\/\"},{\"@type\":\"ListItem\",\"position\":2,\"name\":\"Produits\",\"item\":\"https:\/\/audibax.com\/fr\/shop\/\"},{\"@type\":\"ListItem\",\"position\":3,\"name\":\"Gold 2 x Mono Jack Stereo Minijack 3m Black 10145081\"}]},{\"@type\":\"WebSite\",\"@id\":\"https:\/\/audibax.com\/fr\/#website\",\"url\":\"https:\/\/audibax.com\/fr\/\",\"name\":\"Audibax\",\"description\":\"\",\"publisher\":{\"@id\":\"https:\/\/audibax.com\/fr\/#organization\"},\"potentialAction\":[{\"@type\":\"SearchAction\",\"target\":{\"@type\":\"EntryPoint\",\"urlTemplate\":\"https:\/\/audibax.com\/fr\/?s={search_term_string}\"},\"query-input\":{\"@type\":\"PropertyValueSpecification\",\"valueRequired\":true,\"valueName\":\"search_term_string\"}}],\"inLanguage\":\"fr-FR\"},{\"@type\":\"Organization\",\"@id\":\"https:\/\/audibax.com\/fr\/#organization\",\"name\":\"Audibax\",\"url\":\"https:\/\/audibax.com\/fr\/\",\"logo\":{\"@type\":\"ImageObject\",\"inLanguage\":\"fr-FR\",\"@id\":\"https:\/\/audibax.com\/fr\/#\/schema\/logo\/image\/\",\"url\":\"https:\/\/audibax.com\/wp-content\/uploads\/2023\/09\/logo-Audibax-BLANCO-SVG-1.svg\",\"contentUrl\":\"https:\/\/audibax.com\/wp-content\/uploads\/2023\/09\/logo-Audibax-BLANCO-SVG-1.svg\",\"caption\":\"Audibax\"},\"image\":{\"@id\":\"https:\/\/audibax.com\/fr\/#\/schema\/logo\/image\/\"}}]}<\/script>\n<!-- \/ Yoast SEO plugin. -->","yoast_head_json":{"title":"Gold 2 x Mono Jack Stereo Minijack 3m Black 10145081 - Audibax","robots":{"index":"index","follow":"follow","max-snippet":"max-snippet:-1","max-image-preview":"max-image-preview:large","max-video-preview":"max-video-preview:-1"},"canonical":"https:\/\/audibax.com\/fr\/produit\/gold-2-x-mono-jack-stereo-minijack-3m-black-10145081-2\/","og_locale":"fr_FR","og_type":"article","og_title":"Gold 2 x Mono Jack Stereo Minijack 3m Black 10145081 - Audibax","og_description":"S\u00e9rie : Gold Type : 2 Jack Mono vers Minijack St\u00e9r\u00e9o Longueur : 3 m Couleur : Noir Diam\u00e8tre du c\u00e2ble : 8 mm Couleur : Noir Diam\u00e8tre du c\u00e2ble : 8 mm","og_url":"https:\/\/audibax.com\/fr\/produit\/gold-2-x-mono-jack-stereo-minijack-3m-black-10145081-2\/","og_site_name":"Audibax","article_modified_time":"2023-12-27T10:52:57+00:00","og_image":[{"width":1024,"height":770,"url":"https:\/\/audibax.com\/wp-content\/uploads\/2023\/12\/audibax-gold-cable-2-x-jack-mono-a-minijack-stereo-3-metros-negro-1024x770.png","type":"image\/png"}],"twitter_card":"summary_large_image","twitter_misc":{"Dur\u00e9e de lecture estim\u00e9e":"1 minute"},"schema":{"@context":"https:\/\/schema.org","@graph":[{"@type":"WebPage","@id":"https:\/\/audibax.com\/fr\/produit\/gold-2-x-mono-jack-stereo-minijack-3m-black-10145081-2\/","url":"https:\/\/audibax.com\/fr\/produit\/gold-2-x-mono-jack-stereo-minijack-3m-black-10145081-2\/","name":"Gold 2 x Mono Jack Stereo Minijack 3m Black 10145081 - Audibax","isPartOf":{"@id":"https:\/\/audibax.com\/fr\/#website"},"primaryImageOfPage":{"@id":"https:\/\/audibax.com\/fr\/produit\/gold-2-x-mono-jack-stereo-minijack-3m-black-10145081-2\/#primaryimage"},"image":{"@id":"https:\/\/audibax.com\/fr\/produit\/gold-2-x-mono-jack-stereo-minijack-3m-black-10145081-2\/#primaryimage"},"thumbnailUrl":"https:\/\/audibax.com\/wp-content\/uploads\/2023\/12\/audibax-gold-cable-2-x-jack-mono-a-minijack-stereo-3-metros-negro.png","datePublished":"2023-12-11T09:39:34+00:00","dateModified":"2023-12-27T10:52:57+00:00","breadcrumb":{"@id":"https:\/\/audibax.com\/fr\/produit\/gold-2-x-mono-jack-stereo-minijack-3m-black-10145081-2\/#breadcrumb"},"inLanguage":"fr-FR","potentialAction":[{"@type":"ReadAction","target":["https:\/\/audibax.com\/fr\/produit\/gold-2-x-mono-jack-stereo-minijack-3m-black-10145081-2\/"]}]},{"@type":"ImageObject","inLanguage":"fr-FR","@id":"https:\/\/audibax.com\/fr\/produit\/gold-2-x-mono-jack-stereo-minijack-3m-black-10145081-2\/#primaryimage","url":"https:\/\/audibax.com\/wp-content\/uploads\/2023\/12\/audibax-gold-cable-2-x-jack-mono-a-minijack-stereo-3-metros-negro.png","contentUrl":"https:\/\/audibax.com\/wp-content\/uploads\/2023\/12\/audibax-gold-cable-2-x-jack-mono-a-minijack-stereo-3-metros-negro.png","width":3840,"height":2887},{"@type":"BreadcrumbList","@id":"https:\/\/audibax.com\/fr\/produit\/gold-2-x-mono-jack-stereo-minijack-3m-black-10145081-2\/#breadcrumb","itemListElement":[{"@type":"ListItem","position":1,"name":"Portada","item":"https:\/\/audibax.com\/fr\/"},{"@type":"ListItem","position":2,"name":"Produits","item":"https:\/\/audibax.com\/fr\/shop\/"},{"@type":"ListItem","position":3,"name":"Gold 2 x Mono Jack Stereo Minijack 3m Black 10145081"}]},{"@type":"WebSite","@id":"https:\/\/audibax.com\/fr\/#website","url":"https:\/\/audibax.com\/fr\/","name":"Audibax","description":"","publisher":{"@id":"https:\/\/audibax.com\/fr\/#organization"},"potentialAction":[{"@type":"SearchAction","target":{"@type":"EntryPoint","urlTemplate":"https:\/\/audibax.com\/fr\/?s={search_term_string}"},"query-input":{"@type":"PropertyValueSpecification","valueRequired":true,"valueName":"search_term_string"}}],"inLanguage":"fr-FR"},{"@type":"Organization","@id":"https:\/\/audibax.com\/fr\/#organization","name":"Audibax","url":"https:\/\/audibax.com\/fr\/","logo":{"@type":"ImageObject","inLanguage":"fr-FR","@id":"https:\/\/audibax.com\/fr\/#\/schema\/logo\/image\/","url":"https:\/\/audibax.com\/wp-content\/uploads\/2023\/09\/logo-Audibax-BLANCO-SVG-1.svg","contentUrl":"https:\/\/audibax.com\/wp-content\/uploads\/2023\/09\/logo-Audibax-BLANCO-SVG-1.svg","caption":"Audibax"},"image":{"@id":"https:\/\/audibax.com\/fr\/#\/schema\/logo\/image\/"}}]}},"_links":{"self":[{"href":"https:\/\/audibax.com\/fr\/wp-json\/wp\/v2\/product\/36395","targetHints":{"allow":["GET"]}}],"collection":[{"href":"https:\/\/audibax.com\/fr\/wp-json\/wp\/v2\/product"}],"about":[{"href":"https:\/\/audibax.com\/fr\/wp-json\/wp\/v2\/types\/product"}],"replies":[{"embeddable":true,"href":"https:\/\/audibax.com\/fr\/wp-json\/wp\/v2\/comments?post=36395"}],"wp:featuredmedia":[{"embeddable":true,"href":"https:\/\/audibax.com\/fr\/wp-json\/wp\/v2\/media\/17205"}],"wp:attachment":[{"href":"https:\/\/audibax.com\/fr\/wp-json\/wp\/v2\/media?parent=36395"}],"wp:term":[{"taxonomy":"product_cat","embeddable":true,"href":"https:\/\/audibax.com\/fr\/wp-json\/wp\/v2\/product_cat?post=36395"},{"taxonomy":"product_tag","embeddable":true,"href":"https:\/\/audibax.com\/fr\/wp-json\/wp\/v2\/product_tag?post=36395"}],"curies":[{"name":"wp","href":"https:\/\/api.w.org\/{rel}","templated":true}]}}