{"id":36393,"date":"2023-12-11T10:39:29","date_gmt":"2023-12-11T09:39:29","guid":{"rendered":"https:\/\/audibax.com\/product\/special-guitar-mono-jack-mono-jack-3m-black-10154434-2\/"},"modified":"2023-12-27T11:52:55","modified_gmt":"2023-12-27T10:52:55","slug":"special-guitar-mono-jack-mono-jack-3m-black-10154434-2","status":"publish","type":"product","link":"https:\/\/audibax.com\/fr\/produit\/special-guitar-mono-jack-mono-jack-3m-black-10154434-2\/","title":{"rendered":"Special Guitar Mono Jack Mono Jack 3m Black 10154434"},"content":{"rendered":"<\/p>\n<p><strong>Audibax Special Guitar Mono to Mono Jack Cable 3 Metres Black<\/strong><\/p>\n<p>La s\u00e9rie <strong>Audibax Special Guitar<\/strong> est compos\u00e9e d&rsquo;une paire suppl\u00e9mentaire de conducteurs OFC (Oxygen Free Copper) afin de fournir une transmission de signal ultra-pure et de r\u00e9duire le bruit ;La s\u00e9rie Audibax Special Guitar est compos\u00e9e d&rsquo;une paire suppl\u00e9mentaire de conducteurs OFC (Oxygen Free Copper) afin d&rsquo;assurer une transmission ultra-pure du signal et de r\u00e9duire autant que possible les bruits de fond. Cette configuration de qualit\u00e9 studio utilise quatre haut-parleurs pour annuler le bruit et rejeter les interf\u00e9rences RF et EM qui peuvent exister avec les syst\u00e8mes sans fil ou d&rsquo;autres appareils \u00e9lectroniques.<\/p>\n<p>La gamme Special Guitar est con\u00e7ue pour tous ceux qui recherchent une excellente qualit\u00e9 sonore et ne veulent pas faire de compromis sur les d\u00e9tails les plus fins. Les composants suppl\u00e9mentaires de haute qualit\u00e9 offrent la reproduction sonore la plus propre et la plus pr\u00e9cise qui soit.<\/p>\n<h2>Caract\u00e9ristiques g\u00e9n\u00e9rales de la s\u00e9rie Special Guitar<\/h2>\n<\/p>\n<p>&nbsp;<\/p>\n<li>.<\/p>\n<ul>\n<li>Conception \u00e0 faible bruit avec reproduction dynamique compl\u00e8te<\/li>\n<li>\n<li>.Connecteurs Special Guitar Jack Mono de haute qualit\u00e9<\/li>\n<li>Bouclier OFC spiral\u00e9 \u00e0 haute densit\u00e9<\/li>\n<\/ul>\n<\/ul>\n<p>. <\/p>\n<h2>Caract\u00e9ristiques des connecteurs<\/h2>\n<p>&nbsp;<\/p>\n<ul>\n<li>S\u00e9rie : Special Guitar<\/li>\n<li>Type : C\u00e2ble Jack mono<\/li>\n<li>Longueur : 3m<\/li>\n<li>Couleur : Noir<\/li>\n<li>Diam\u00e8tre du c\u00e2ble : 7 mm<\/li>\n<li>Section int\u00e9rieure du conducteur : 0,64 mm OFC<\/li>\n<li>Bouclier spiral\u00e9 OFC dense<\/li>\n<li>Enrobage PVC<\/li>\n<\/ul>\n<\/ul>\n<ul>\n<ul>\n<ul>\n<ul>\n<li>Diam\u00e8tre du c\u00e2ble : 7 mm<\/li>\n<\/ul>\n<\/ul>\n<\/ul>\n<ul>\n<ul>\n<ul> <ulh2>Caract\u00e9ristiques Connecteur A<\/h2>\n<p>&nbsp;<\/p>\n<ul>\n<li>Connecteur : Jack&nbsp;<\/li>\n<li>Type : Mono<\/li>\n<li>N&nbsp;Nombre de broches : 1<\/li>\n<li>Contacts du connecteur : Plaqu\u00e9 or 24k ( extr\u00e9mit\u00e9 du jack )<\/li>\n<li>Couleur : Plaqu\u00e9 argent<\/li>\n<li>Fabricant Connecteur A : Audibax<\/li>\n<li>Connecteur A Series : Special Guitar<\/li>\n<\/ul>\n<h2>Caract\u00e9ristiques Connecteur B<\/h2>\n<p>&nbsp;<\/p>\n<ul>\n<li>Connecteur : Jack<\/li>\n<li>Type : Mono<\/li>\n<li>N&uacute;m de broches : 1<\/li>\n<li>Contacts du connecteur : Plaqu\u00e9 or 24k ( Jack Tip )<\/li>\n<li>Couleur : Plaqu\u00e9 argent<\/li>\n<li>Fabricant Connecteur B : Audibax<\/li>\n<li>Connecteur B Series : Special Guitar<\/li>\n<\/ul>\n<\/ul>\n<\/ul>\n","protected":false},"excerpt":{"rendered":"<ul>\n<li>S\u00e9rie : Special Guitar<\/li>\n<li>Type : Mono Jack \u00e0 Mono Jack<\/li>\n<li>Longueur : 3m<\/li>\n<li>Couleur : Noir<\/li>\n<li>Diam\u00e8tre du c\u00e2ble : 7 mm<\/li>\n<\/ul>\n<li>Couleur : Noir<\/li>\n<li>Diam\u00e8tre du c\u00e2ble : 7 mm<\/li>\n<\/ul>\n","protected":false},"featured_media":17811,"comment_status":"open","ping_status":"closed","template":"","meta":{"_acf_changed":false},"product_cat":[313],"product_tag":[],"class_list":{"0":"post-36393","1":"product","2":"type-product","3":"status-publish","4":"has-post-thumbnail","6":"product_cat-cable-jack","8":"first","9":"instock","10":"shipping-taxable","11":"product-type-simple"},"acf":[],"yoast_head":"<!-- This site is optimized with the Yoast SEO plugin v27.0 - https:\/\/yoast.com\/product\/yoast-seo-wordpress\/ -->\n<title>Special Guitar Mono Jack Mono Jack 3m Black 10154434 - Audibax<\/title>\n<meta name=\"robots\" content=\"index, follow, max-snippet:-1, max-image-preview:large, max-video-preview:-1\" \/>\n<link rel=\"canonical\" href=\"https:\/\/audibax.com\/fr\/produit\/special-guitar-mono-jack-mono-jack-3m-black-10154434-2\/\" \/>\n<meta property=\"og:locale\" content=\"fr_FR\" \/>\n<meta property=\"og:type\" content=\"article\" \/>\n<meta property=\"og:title\" content=\"Special Guitar Mono Jack Mono Jack 3m Black 10154434 - Audibax\" \/>\n<meta property=\"og:description\" content=\"S\u00e9rie : Special Guitar Type : Mono Jack \u00e0 Mono Jack Longueur : 3m Couleur : Noir Diam\u00e8tre du c\u00e2ble : 7 mm Couleur : Noir Diam\u00e8tre du c\u00e2ble : 7 mm\" \/>\n<meta property=\"og:url\" content=\"https:\/\/audibax.com\/fr\/produit\/special-guitar-mono-jack-mono-jack-3m-black-10154434-2\/\" \/>\n<meta property=\"og:site_name\" content=\"Audibax\" \/>\n<meta property=\"article:modified_time\" content=\"2023-12-27T10:52:55+00:00\" \/>\n<meta name=\"twitter:card\" content=\"summary_large_image\" \/>\n<meta name=\"twitter:label1\" content=\"Dur\u00e9e de lecture estim\u00e9e\" \/>\n\t<meta name=\"twitter:data1\" content=\"2 minutes\" \/>\n<script type=\"application\/ld+json\" class=\"yoast-schema-graph\">{\"@context\":\"https:\/\/schema.org\",\"@graph\":[{\"@type\":\"WebPage\",\"@id\":\"https:\/\/audibax.com\/fr\/produit\/special-guitar-mono-jack-mono-jack-3m-black-10154434-2\/\",\"url\":\"https:\/\/audibax.com\/fr\/produit\/special-guitar-mono-jack-mono-jack-3m-black-10154434-2\/\",\"name\":\"Special Guitar Mono Jack Mono Jack 3m Black 10154434 - Audibax\",\"isPartOf\":{\"@id\":\"https:\/\/audibax.com\/fr\/#website\"},\"primaryImageOfPage\":{\"@id\":\"https:\/\/audibax.com\/fr\/produit\/special-guitar-mono-jack-mono-jack-3m-black-10154434-2\/#primaryimage\"},\"image\":{\"@id\":\"https:\/\/audibax.com\/fr\/produit\/special-guitar-mono-jack-mono-jack-3m-black-10154434-2\/#primaryimage\"},\"thumbnailUrl\":\"https:\/\/audibax.com\/wp-content\/uploads\/2023\/12\/audibax-special-guitar-jack-mono-3m.jpg\",\"datePublished\":\"2023-12-11T09:39:29+00:00\",\"dateModified\":\"2023-12-27T10:52:55+00:00\",\"breadcrumb\":{\"@id\":\"https:\/\/audibax.com\/fr\/produit\/special-guitar-mono-jack-mono-jack-3m-black-10154434-2\/#breadcrumb\"},\"inLanguage\":\"fr-FR\",\"potentialAction\":[{\"@type\":\"ReadAction\",\"target\":[\"https:\/\/audibax.com\/fr\/produit\/special-guitar-mono-jack-mono-jack-3m-black-10154434-2\/\"]}]},{\"@type\":\"ImageObject\",\"inLanguage\":\"fr-FR\",\"@id\":\"https:\/\/audibax.com\/fr\/produit\/special-guitar-mono-jack-mono-jack-3m-black-10154434-2\/#primaryimage\",\"url\":\"https:\/\/audibax.com\/wp-content\/uploads\/2023\/12\/audibax-special-guitar-jack-mono-3m.jpg\",\"contentUrl\":\"https:\/\/audibax.com\/wp-content\/uploads\/2023\/12\/audibax-special-guitar-jack-mono-3m.jpg\",\"width\":1000,\"height\":500},{\"@type\":\"BreadcrumbList\",\"@id\":\"https:\/\/audibax.com\/fr\/produit\/special-guitar-mono-jack-mono-jack-3m-black-10154434-2\/#breadcrumb\",\"itemListElement\":[{\"@type\":\"ListItem\",\"position\":1,\"name\":\"Portada\",\"item\":\"https:\/\/audibax.com\/fr\/\"},{\"@type\":\"ListItem\",\"position\":2,\"name\":\"Produits\",\"item\":\"https:\/\/audibax.com\/fr\/shop\/\"},{\"@type\":\"ListItem\",\"position\":3,\"name\":\"Special Guitar Mono Jack Mono Jack 3m Black 10154434\"}]},{\"@type\":\"WebSite\",\"@id\":\"https:\/\/audibax.com\/fr\/#website\",\"url\":\"https:\/\/audibax.com\/fr\/\",\"name\":\"Audibax\",\"description\":\"\",\"publisher\":{\"@id\":\"https:\/\/audibax.com\/fr\/#organization\"},\"potentialAction\":[{\"@type\":\"SearchAction\",\"target\":{\"@type\":\"EntryPoint\",\"urlTemplate\":\"https:\/\/audibax.com\/fr\/?s={search_term_string}\"},\"query-input\":{\"@type\":\"PropertyValueSpecification\",\"valueRequired\":true,\"valueName\":\"search_term_string\"}}],\"inLanguage\":\"fr-FR\"},{\"@type\":\"Organization\",\"@id\":\"https:\/\/audibax.com\/fr\/#organization\",\"name\":\"Audibax\",\"url\":\"https:\/\/audibax.com\/fr\/\",\"logo\":{\"@type\":\"ImageObject\",\"inLanguage\":\"fr-FR\",\"@id\":\"https:\/\/audibax.com\/fr\/#\/schema\/logo\/image\/\",\"url\":\"https:\/\/audibax.com\/wp-content\/uploads\/2023\/09\/logo-Audibax-BLANCO-SVG-1.svg\",\"contentUrl\":\"https:\/\/audibax.com\/wp-content\/uploads\/2023\/09\/logo-Audibax-BLANCO-SVG-1.svg\",\"caption\":\"Audibax\"},\"image\":{\"@id\":\"https:\/\/audibax.com\/fr\/#\/schema\/logo\/image\/\"}}]}<\/script>\n<!-- \/ Yoast SEO plugin. -->","yoast_head_json":{"title":"Special Guitar Mono Jack Mono Jack 3m Black 10154434 - Audibax","robots":{"index":"index","follow":"follow","max-snippet":"max-snippet:-1","max-image-preview":"max-image-preview:large","max-video-preview":"max-video-preview:-1"},"canonical":"https:\/\/audibax.com\/fr\/produit\/special-guitar-mono-jack-mono-jack-3m-black-10154434-2\/","og_locale":"fr_FR","og_type":"article","og_title":"Special Guitar Mono Jack Mono Jack 3m Black 10154434 - Audibax","og_description":"S\u00e9rie : Special Guitar Type : Mono Jack \u00e0 Mono Jack Longueur : 3m Couleur : Noir Diam\u00e8tre du c\u00e2ble : 7 mm Couleur : Noir Diam\u00e8tre du c\u00e2ble : 7 mm","og_url":"https:\/\/audibax.com\/fr\/produit\/special-guitar-mono-jack-mono-jack-3m-black-10154434-2\/","og_site_name":"Audibax","article_modified_time":"2023-12-27T10:52:55+00:00","twitter_card":"summary_large_image","twitter_misc":{"Dur\u00e9e de lecture estim\u00e9e":"2 minutes"},"schema":{"@context":"https:\/\/schema.org","@graph":[{"@type":"WebPage","@id":"https:\/\/audibax.com\/fr\/produit\/special-guitar-mono-jack-mono-jack-3m-black-10154434-2\/","url":"https:\/\/audibax.com\/fr\/produit\/special-guitar-mono-jack-mono-jack-3m-black-10154434-2\/","name":"Special Guitar Mono Jack Mono Jack 3m Black 10154434 - Audibax","isPartOf":{"@id":"https:\/\/audibax.com\/fr\/#website"},"primaryImageOfPage":{"@id":"https:\/\/audibax.com\/fr\/produit\/special-guitar-mono-jack-mono-jack-3m-black-10154434-2\/#primaryimage"},"image":{"@id":"https:\/\/audibax.com\/fr\/produit\/special-guitar-mono-jack-mono-jack-3m-black-10154434-2\/#primaryimage"},"thumbnailUrl":"https:\/\/audibax.com\/wp-content\/uploads\/2023\/12\/audibax-special-guitar-jack-mono-3m.jpg","datePublished":"2023-12-11T09:39:29+00:00","dateModified":"2023-12-27T10:52:55+00:00","breadcrumb":{"@id":"https:\/\/audibax.com\/fr\/produit\/special-guitar-mono-jack-mono-jack-3m-black-10154434-2\/#breadcrumb"},"inLanguage":"fr-FR","potentialAction":[{"@type":"ReadAction","target":["https:\/\/audibax.com\/fr\/produit\/special-guitar-mono-jack-mono-jack-3m-black-10154434-2\/"]}]},{"@type":"ImageObject","inLanguage":"fr-FR","@id":"https:\/\/audibax.com\/fr\/produit\/special-guitar-mono-jack-mono-jack-3m-black-10154434-2\/#primaryimage","url":"https:\/\/audibax.com\/wp-content\/uploads\/2023\/12\/audibax-special-guitar-jack-mono-3m.jpg","contentUrl":"https:\/\/audibax.com\/wp-content\/uploads\/2023\/12\/audibax-special-guitar-jack-mono-3m.jpg","width":1000,"height":500},{"@type":"BreadcrumbList","@id":"https:\/\/audibax.com\/fr\/produit\/special-guitar-mono-jack-mono-jack-3m-black-10154434-2\/#breadcrumb","itemListElement":[{"@type":"ListItem","position":1,"name":"Portada","item":"https:\/\/audibax.com\/fr\/"},{"@type":"ListItem","position":2,"name":"Produits","item":"https:\/\/audibax.com\/fr\/shop\/"},{"@type":"ListItem","position":3,"name":"Special Guitar Mono Jack Mono Jack 3m Black 10154434"}]},{"@type":"WebSite","@id":"https:\/\/audibax.com\/fr\/#website","url":"https:\/\/audibax.com\/fr\/","name":"Audibax","description":"","publisher":{"@id":"https:\/\/audibax.com\/fr\/#organization"},"potentialAction":[{"@type":"SearchAction","target":{"@type":"EntryPoint","urlTemplate":"https:\/\/audibax.com\/fr\/?s={search_term_string}"},"query-input":{"@type":"PropertyValueSpecification","valueRequired":true,"valueName":"search_term_string"}}],"inLanguage":"fr-FR"},{"@type":"Organization","@id":"https:\/\/audibax.com\/fr\/#organization","name":"Audibax","url":"https:\/\/audibax.com\/fr\/","logo":{"@type":"ImageObject","inLanguage":"fr-FR","@id":"https:\/\/audibax.com\/fr\/#\/schema\/logo\/image\/","url":"https:\/\/audibax.com\/wp-content\/uploads\/2023\/09\/logo-Audibax-BLANCO-SVG-1.svg","contentUrl":"https:\/\/audibax.com\/wp-content\/uploads\/2023\/09\/logo-Audibax-BLANCO-SVG-1.svg","caption":"Audibax"},"image":{"@id":"https:\/\/audibax.com\/fr\/#\/schema\/logo\/image\/"}}]}},"_links":{"self":[{"href":"https:\/\/audibax.com\/fr\/wp-json\/wp\/v2\/product\/36393","targetHints":{"allow":["GET"]}}],"collection":[{"href":"https:\/\/audibax.com\/fr\/wp-json\/wp\/v2\/product"}],"about":[{"href":"https:\/\/audibax.com\/fr\/wp-json\/wp\/v2\/types\/product"}],"replies":[{"embeddable":true,"href":"https:\/\/audibax.com\/fr\/wp-json\/wp\/v2\/comments?post=36393"}],"wp:featuredmedia":[{"embeddable":true,"href":"https:\/\/audibax.com\/fr\/wp-json\/wp\/v2\/media\/17811"}],"wp:attachment":[{"href":"https:\/\/audibax.com\/fr\/wp-json\/wp\/v2\/media?parent=36393"}],"wp:term":[{"taxonomy":"product_cat","embeddable":true,"href":"https:\/\/audibax.com\/fr\/wp-json\/wp\/v2\/product_cat?post=36393"},{"taxonomy":"product_tag","embeddable":true,"href":"https:\/\/audibax.com\/fr\/wp-json\/wp\/v2\/product_tag?post=36393"}],"curies":[{"name":"wp","href":"https:\/\/api.w.org\/{rel}","templated":true}]}}