{"id":36378,"date":"2023-12-27T11:52:42","date_gmt":"2023-12-27T10:52:42","guid":{"rendered":"https:\/\/audibax.com\/product\/silver-black-converter-cable-5-pins-male-to-3-pins-female-10-cm-2\/"},"modified":"2023-12-27T11:52:42","modified_gmt":"2023-12-27T10:52:42","slug":"silver-black-converter-cable-5-pins-male-to-3-pins-female-10-cm-2","status":"publish","type":"product","link":"https:\/\/audibax.com\/fr\/produit\/silver-black-converter-cable-5-pins-male-to-3-pins-female-10-cm-2\/","title":{"rendered":"Silver Black Converter Cable 5 pins Male to 3 pins female 10 cm"},"content":{"rendered":"<p><span style=\"font-size :14px\"><strong>Audibax Silver Black Converter Cable 5 Pin Male to 3 Pin Female 10 cm<\/strong><\/strong><\/span><\/p>\n<p>Les c\u00e2bles de la s\u00e9rie <strong>Audibax Silver Black<\/strong> offrent d&rsquo;excellentes performances professionnelles \u00e0 un prix tr\u00e8s abordable. Le fil central est compos\u00e9 de conducteurs qui assurent une transmission pure et naturelle du signal tout en r\u00e9duisant les bruits ind\u00e9sirables. La s\u00e9rie <strong>Silver Black<\/strong> est compos\u00e9e d&rsquo;un mat\u00e9riau tr\u00e8s flexible qui fait de ces c\u00e2bles le choix id\u00e9al pour tous les sc\u00e9narios, car ils assurent une transmission optimale du signal.<\/p>\n<p><strong><span style=\"font-size :14px\">Caract\u00e9ristiques g\u00e9n\u00e9rales de la s\u00e9rie Silver Black<\/span><\/strong><\/p>\n<ul>\n<li>Conception \u00e0 faible bruit avec reproduction \u00e0 faible bruit et reproduction sonore de haute qualit\u00e9<\/strong><\/p>\n<li>S\u00e9rie Silver Black<\/span><\/strong><\/p>\n<ul>\n<li>S\u00e9rie Silver Black ;Conception \u00e0 faible bruit avec reproduction dynamique compl\u00e8te<\/li>\n<li>Connecteurs DMX Silver Black<\/li>\n<\/ul>\n<p><span style=\"font-size :14px\"><strong>Caract\u00e9ristiques du c\u00e2ble<\/strong><\/strong><\/span><\/p>\n<ul>\n<li>S\u00e9rie : Silver Black&nbsp;<\/li>\n<li>Type : Convertisseur<\/li>\n<li>Longueur : 10 cm<\/li>\n<li>Couleur : Noir<\/li>\n<li>Diam\u00e8tre du c\u00e2ble : 5,4 mm<\/li>\n<li>Section int\u00e9rieure du conducteur XLR : 0,21 mm<\/li>\n<li>Rev\u00eatement PVC<\/li>\n<\/ul>\n<p><strong><span style=\"font-size :14px\">Caract\u00e9ristiques&iacute;sticas Connecteur A<\/span><\/strong><\/strong><\/p>\n<ul>\n<li>Connecteur : DMX<\/li>\n<li>Type : M\u00e2le<\/li>\n<li>Nombre de broches : 5<\/li>\n<li>Contacts du connecteur : Plaqu\u00e9 or 24k<\/li>\n<li>Couleur : Noir<\/li>\n<li>Fabricant A Connecteur : Audibax<\/li>\n<li>Connecteur A Series : Silver Black&nbsp;<\/li>\n<\/ul>\n<p><span style=\"font-size :14px\"><strong>Caract\u00e9ristiques Connecteur B<\/strong><\/span><\/p>\n<ul>\n<li>Connecteur : DMX<\/li>\n<li>Type : Femelle<\/li>\n<li>Nombre de broches : 3<\/li>\n<li>Contacts du connecteur : plaqu\u00e9 or 24k<\/li>\n<li>Couleur : Noir<\/li>\n<li>Connecteur B Fabricant : Audibax<\/li>\n<li>Connecteur B S\u00e9rie : Argent Noir<\/li>\n<\/li>\n<\/ul>\n<\/ul>\n<\/ul>\n","protected":false},"excerpt":{"rendered":"<ul>\n<li>S\u00e9rie : Silver Black&nbsp;<\/li>\n<li>Type : Convertisseur<\/li>\n<li>Longueur : 10 cm<\/li>\n<li>Couleur : Noir<\/li>\n<li>Diam\u00e8tre du c\u00e2ble : 5,4 mm<\/li>\n<li>Section int\u00e9rieure du conducteur XLR : 0,21 mm<\/li>\n<li>Rev\u00eatement PVC<\/li>\n<\/ul>\n<\/ul>\n<\/ul>\n","protected":false},"featured_media":18605,"comment_status":"open","ping_status":"closed","template":"","meta":{"_acf_changed":false},"product_cat":[311,243],"product_tag":[],"class_list":{"0":"post-36378","1":"product","2":"type-product","3":"status-publish","4":"has-post-thumbnail","6":"product_cat-cable-dmx-fr","7":"product_cat-uncategorized","9":"first","10":"instock","11":"shipping-taxable","12":"product-type-simple"},"acf":[],"yoast_head":"<!-- This site is optimized with the Yoast SEO plugin v27.0 - https:\/\/yoast.com\/product\/yoast-seo-wordpress\/ -->\n<title>Silver Black Converter Cable 5 pins Male to 3 pins female 10 cm - Audibax<\/title>\n<meta name=\"robots\" content=\"index, follow, max-snippet:-1, max-image-preview:large, max-video-preview:-1\" \/>\n<link rel=\"canonical\" href=\"https:\/\/audibax.com\/fr\/produit\/silver-black-converter-cable-5-pins-male-to-3-pins-female-10-cm-2\/\" \/>\n<meta property=\"og:locale\" content=\"fr_FR\" \/>\n<meta property=\"og:type\" content=\"article\" \/>\n<meta property=\"og:title\" content=\"Silver Black Converter Cable 5 pins Male to 3 pins female 10 cm - Audibax\" \/>\n<meta property=\"og:description\" content=\"S\u00e9rie : Silver Black&nbsp; Type : Convertisseur Longueur : 10 cm Couleur : Noir Diam\u00e8tre du c\u00e2ble : 5,4 mm Section int\u00e9rieure du conducteur XLR : 0,21 mm Rev\u00eatement PVC\" \/>\n<meta property=\"og:url\" content=\"https:\/\/audibax.com\/fr\/produit\/silver-black-converter-cable-5-pins-male-to-3-pins-female-10-cm-2\/\" \/>\n<meta property=\"og:site_name\" content=\"Audibax\" \/>\n<meta name=\"twitter:card\" content=\"summary_large_image\" \/>\n<meta name=\"twitter:label1\" content=\"Dur\u00e9e de lecture estim\u00e9e\" \/>\n\t<meta name=\"twitter:data1\" content=\"1 minute\" \/>\n<script type=\"application\/ld+json\" class=\"yoast-schema-graph\">{\"@context\":\"https:\/\/schema.org\",\"@graph\":[{\"@type\":\"WebPage\",\"@id\":\"https:\/\/audibax.com\/fr\/produit\/silver-black-converter-cable-5-pins-male-to-3-pins-female-10-cm-2\/\",\"url\":\"https:\/\/audibax.com\/fr\/produit\/silver-black-converter-cable-5-pins-male-to-3-pins-female-10-cm-2\/\",\"name\":\"Silver Black Converter Cable 5 pins Male to 3 pins female 10 cm - Audibax\",\"isPartOf\":{\"@id\":\"https:\/\/audibax.com\/fr\/#website\"},\"primaryImageOfPage\":{\"@id\":\"https:\/\/audibax.com\/fr\/produit\/silver-black-converter-cable-5-pins-male-to-3-pins-female-10-cm-2\/#primaryimage\"},\"image\":{\"@id\":\"https:\/\/audibax.com\/fr\/produit\/silver-black-converter-cable-5-pins-male-to-3-pins-female-10-cm-2\/#primaryimage\"},\"thumbnailUrl\":\"https:\/\/audibax.com\/wp-content\/uploads\/2023\/12\/Silver-Black-Cable-Conversor-5-pins-macho-a-3-pines-hembra.jpg\",\"datePublished\":\"2023-12-27T10:52:42+00:00\",\"breadcrumb\":{\"@id\":\"https:\/\/audibax.com\/fr\/produit\/silver-black-converter-cable-5-pins-male-to-3-pins-female-10-cm-2\/#breadcrumb\"},\"inLanguage\":\"fr-FR\",\"potentialAction\":[{\"@type\":\"ReadAction\",\"target\":[\"https:\/\/audibax.com\/fr\/produit\/silver-black-converter-cable-5-pins-male-to-3-pins-female-10-cm-2\/\"]}]},{\"@type\":\"ImageObject\",\"inLanguage\":\"fr-FR\",\"@id\":\"https:\/\/audibax.com\/fr\/produit\/silver-black-converter-cable-5-pins-male-to-3-pins-female-10-cm-2\/#primaryimage\",\"url\":\"https:\/\/audibax.com\/wp-content\/uploads\/2023\/12\/Silver-Black-Cable-Conversor-5-pins-macho-a-3-pines-hembra.jpg\",\"contentUrl\":\"https:\/\/audibax.com\/wp-content\/uploads\/2023\/12\/Silver-Black-Cable-Conversor-5-pins-macho-a-3-pines-hembra.jpg\",\"width\":764,\"height\":1500},{\"@type\":\"BreadcrumbList\",\"@id\":\"https:\/\/audibax.com\/fr\/produit\/silver-black-converter-cable-5-pins-male-to-3-pins-female-10-cm-2\/#breadcrumb\",\"itemListElement\":[{\"@type\":\"ListItem\",\"position\":1,\"name\":\"Portada\",\"item\":\"https:\/\/audibax.com\/fr\/\"},{\"@type\":\"ListItem\",\"position\":2,\"name\":\"Produits\",\"item\":\"https:\/\/audibax.com\/fr\/shop\/\"},{\"@type\":\"ListItem\",\"position\":3,\"name\":\"Silver Black Converter Cable 5 pins Male to 3 pins female 10 cm\"}]},{\"@type\":\"WebSite\",\"@id\":\"https:\/\/audibax.com\/fr\/#website\",\"url\":\"https:\/\/audibax.com\/fr\/\",\"name\":\"Audibax\",\"description\":\"\",\"publisher\":{\"@id\":\"https:\/\/audibax.com\/fr\/#organization\"},\"potentialAction\":[{\"@type\":\"SearchAction\",\"target\":{\"@type\":\"EntryPoint\",\"urlTemplate\":\"https:\/\/audibax.com\/fr\/?s={search_term_string}\"},\"query-input\":{\"@type\":\"PropertyValueSpecification\",\"valueRequired\":true,\"valueName\":\"search_term_string\"}}],\"inLanguage\":\"fr-FR\"},{\"@type\":\"Organization\",\"@id\":\"https:\/\/audibax.com\/fr\/#organization\",\"name\":\"Audibax\",\"url\":\"https:\/\/audibax.com\/fr\/\",\"logo\":{\"@type\":\"ImageObject\",\"inLanguage\":\"fr-FR\",\"@id\":\"https:\/\/audibax.com\/fr\/#\/schema\/logo\/image\/\",\"url\":\"https:\/\/audibax.com\/wp-content\/uploads\/2023\/09\/logo-Audibax-BLANCO-SVG-1.svg\",\"contentUrl\":\"https:\/\/audibax.com\/wp-content\/uploads\/2023\/09\/logo-Audibax-BLANCO-SVG-1.svg\",\"caption\":\"Audibax\"},\"image\":{\"@id\":\"https:\/\/audibax.com\/fr\/#\/schema\/logo\/image\/\"}}]}<\/script>\n<!-- \/ Yoast SEO plugin. -->","yoast_head_json":{"title":"Silver Black Converter Cable 5 pins Male to 3 pins female 10 cm - Audibax","robots":{"index":"index","follow":"follow","max-snippet":"max-snippet:-1","max-image-preview":"max-image-preview:large","max-video-preview":"max-video-preview:-1"},"canonical":"https:\/\/audibax.com\/fr\/produit\/silver-black-converter-cable-5-pins-male-to-3-pins-female-10-cm-2\/","og_locale":"fr_FR","og_type":"article","og_title":"Silver Black Converter Cable 5 pins Male to 3 pins female 10 cm - Audibax","og_description":"S\u00e9rie : Silver Black&nbsp; Type : Convertisseur Longueur : 10 cm Couleur : Noir Diam\u00e8tre du c\u00e2ble : 5,4 mm Section int\u00e9rieure du conducteur XLR : 0,21 mm Rev\u00eatement PVC","og_url":"https:\/\/audibax.com\/fr\/produit\/silver-black-converter-cable-5-pins-male-to-3-pins-female-10-cm-2\/","og_site_name":"Audibax","twitter_card":"summary_large_image","twitter_misc":{"Dur\u00e9e de lecture estim\u00e9e":"1 minute"},"schema":{"@context":"https:\/\/schema.org","@graph":[{"@type":"WebPage","@id":"https:\/\/audibax.com\/fr\/produit\/silver-black-converter-cable-5-pins-male-to-3-pins-female-10-cm-2\/","url":"https:\/\/audibax.com\/fr\/produit\/silver-black-converter-cable-5-pins-male-to-3-pins-female-10-cm-2\/","name":"Silver Black Converter Cable 5 pins Male to 3 pins female 10 cm - Audibax","isPartOf":{"@id":"https:\/\/audibax.com\/fr\/#website"},"primaryImageOfPage":{"@id":"https:\/\/audibax.com\/fr\/produit\/silver-black-converter-cable-5-pins-male-to-3-pins-female-10-cm-2\/#primaryimage"},"image":{"@id":"https:\/\/audibax.com\/fr\/produit\/silver-black-converter-cable-5-pins-male-to-3-pins-female-10-cm-2\/#primaryimage"},"thumbnailUrl":"https:\/\/audibax.com\/wp-content\/uploads\/2023\/12\/Silver-Black-Cable-Conversor-5-pins-macho-a-3-pines-hembra.jpg","datePublished":"2023-12-27T10:52:42+00:00","breadcrumb":{"@id":"https:\/\/audibax.com\/fr\/produit\/silver-black-converter-cable-5-pins-male-to-3-pins-female-10-cm-2\/#breadcrumb"},"inLanguage":"fr-FR","potentialAction":[{"@type":"ReadAction","target":["https:\/\/audibax.com\/fr\/produit\/silver-black-converter-cable-5-pins-male-to-3-pins-female-10-cm-2\/"]}]},{"@type":"ImageObject","inLanguage":"fr-FR","@id":"https:\/\/audibax.com\/fr\/produit\/silver-black-converter-cable-5-pins-male-to-3-pins-female-10-cm-2\/#primaryimage","url":"https:\/\/audibax.com\/wp-content\/uploads\/2023\/12\/Silver-Black-Cable-Conversor-5-pins-macho-a-3-pines-hembra.jpg","contentUrl":"https:\/\/audibax.com\/wp-content\/uploads\/2023\/12\/Silver-Black-Cable-Conversor-5-pins-macho-a-3-pines-hembra.jpg","width":764,"height":1500},{"@type":"BreadcrumbList","@id":"https:\/\/audibax.com\/fr\/produit\/silver-black-converter-cable-5-pins-male-to-3-pins-female-10-cm-2\/#breadcrumb","itemListElement":[{"@type":"ListItem","position":1,"name":"Portada","item":"https:\/\/audibax.com\/fr\/"},{"@type":"ListItem","position":2,"name":"Produits","item":"https:\/\/audibax.com\/fr\/shop\/"},{"@type":"ListItem","position":3,"name":"Silver Black Converter Cable 5 pins Male to 3 pins female 10 cm"}]},{"@type":"WebSite","@id":"https:\/\/audibax.com\/fr\/#website","url":"https:\/\/audibax.com\/fr\/","name":"Audibax","description":"","publisher":{"@id":"https:\/\/audibax.com\/fr\/#organization"},"potentialAction":[{"@type":"SearchAction","target":{"@type":"EntryPoint","urlTemplate":"https:\/\/audibax.com\/fr\/?s={search_term_string}"},"query-input":{"@type":"PropertyValueSpecification","valueRequired":true,"valueName":"search_term_string"}}],"inLanguage":"fr-FR"},{"@type":"Organization","@id":"https:\/\/audibax.com\/fr\/#organization","name":"Audibax","url":"https:\/\/audibax.com\/fr\/","logo":{"@type":"ImageObject","inLanguage":"fr-FR","@id":"https:\/\/audibax.com\/fr\/#\/schema\/logo\/image\/","url":"https:\/\/audibax.com\/wp-content\/uploads\/2023\/09\/logo-Audibax-BLANCO-SVG-1.svg","contentUrl":"https:\/\/audibax.com\/wp-content\/uploads\/2023\/09\/logo-Audibax-BLANCO-SVG-1.svg","caption":"Audibax"},"image":{"@id":"https:\/\/audibax.com\/fr\/#\/schema\/logo\/image\/"}}]}},"_links":{"self":[{"href":"https:\/\/audibax.com\/fr\/wp-json\/wp\/v2\/product\/36378","targetHints":{"allow":["GET"]}}],"collection":[{"href":"https:\/\/audibax.com\/fr\/wp-json\/wp\/v2\/product"}],"about":[{"href":"https:\/\/audibax.com\/fr\/wp-json\/wp\/v2\/types\/product"}],"replies":[{"embeddable":true,"href":"https:\/\/audibax.com\/fr\/wp-json\/wp\/v2\/comments?post=36378"}],"wp:featuredmedia":[{"embeddable":true,"href":"https:\/\/audibax.com\/fr\/wp-json\/wp\/v2\/media\/18605"}],"wp:attachment":[{"href":"https:\/\/audibax.com\/fr\/wp-json\/wp\/v2\/media?parent=36378"}],"wp:term":[{"taxonomy":"product_cat","embeddable":true,"href":"https:\/\/audibax.com\/fr\/wp-json\/wp\/v2\/product_cat?post=36378"},{"taxonomy":"product_tag","embeddable":true,"href":"https:\/\/audibax.com\/fr\/wp-json\/wp\/v2\/product_tag?post=36378"}],"curies":[{"name":"wp","href":"https:\/\/api.w.org\/{rel}","templated":true}]}}